{"id":15071,"date":"2022-10-07T20:12:36","date_gmt":"2022-10-07T20:12:36","guid":{"rendered":"https:\/\/alprofitconsult.al\/?page_id=15071"},"modified":"2024-11-29T21:01:02","modified_gmt":"2024-11-29T21:01:02","slug":"individe","status":"publish","type":"page","link":"https:\/\/alprofitconsult.al\/en\/tatime\/individ\/kategorite\/individe\/","title":{"rendered":"Individuals"},"content":{"rendered":"<div class=\"yoast-breadcrumbs\"><span><span><a href=\"https:\/\/alprofitconsult.al\/en\/\">Home<\/a><\/span> | <span><a href=\"https:\/\/alprofitconsult.al\/en\/tatime\/\">Tax legislation<\/a><\/span> | <span><a href=\"https:\/\/alprofitconsult.al\/en\/tatime\/individ\/\">Individual<\/a><\/span> | <span><a href=\"https:\/\/alprofitconsult.al\/en\/tatime\/individ\/kategorite\/\">Categories<\/a><\/span> | <span class=\"breadcrumb_last\" aria-current=\"page\">Individuals<\/span><\/span><\/div>\n\n<h2 class=\"wp-block-post-title\">Individuals<\/h2>\n\n\n<blockquote class=\"wp-block-quote has-medium-font-size is-layout-flow wp-block-quote-is-layout-flow\" style=\"border-style:none;border-width:0px;border-radius:0px;font-style:normal;font-weight:500\">\n<p><\/p>\n<cite>The following information is valid and applicable until December 31, 2023, following the entry into force of the new Law No. <a href=\"https:\/\/alprofitconsult.al\/wp-content\/uploads\/2023\/11\/LIGJ-NR.-29-2023-PER-TATIMIN-MBI-TE-ARDHURAT-4.pdf\" target=\"_blank\" rel=\"noreferrer noopener\">29\/2023<\/a> On Income Tax. Please browse our website for more details and updated information at: <a href=\"https:\/\/alprofitconsult.al\/en\/tatime\/\" target=\"_blank\" rel=\"noreferrer noopener\">https:\/\/alprofitconsult.al\/tatime\/<\/a><\/cite><\/blockquote>\n\n\n\n<p><strong>Individual<\/strong>, konsiderohet \u00e7do person fizik jotregtar.<\/p>\n\n\n\n<p><strong>Individ tatimpagues<\/strong>, \u00ebsht\u00eb personi i cili detyrohet t\u00eb paguaj\u00eb tatime, taksa ose kontributet e sigurimeve shoq\u00ebrore dhe sh\u00ebndet\u00ebsore, si dhe agjenti i mbajtjes s\u00eb tatimit n\u00eb burim.<\/p>\n\n\n\n<p>Mbi t\u00eb ardhurat q\u00eb individ\u00ebt rezident\u00eb realizojn\u00eb me burim, brenda dhe jasht\u00eb territorit shqiptar, si dhe individ\u00ebt jorezident\u00eb me burim n\u00eb territorin shqiptar, zbatohet tatimi mbi t\u00eb ardhurat personale.<\/p>\n\n\n\n<h2 class=\"wp-block-heading\">Individ, tatimpagues rezident<\/h2>\n\n\n\n<p>Esht\u00eb personi i cili:<\/p>\n\n\n\n<ul class=\"wp-block-list\">\n<li>ka nj\u00eb vendbanim n\u00eb Republik\u00ebn e Shqip\u00ebris\u00eb, n\u00eb kuptim t\u00eb nenit 12 t\u00eb Kodit Civil;<\/li>\n\n\n\n<li>ka n\u00ebnshtet\u00ebsi shqiptare dhe \u00ebsht\u00eb funksionar diplomatik ose kryen nj\u00eb funksion t\u00eb ngjash\u00ebm, n\u00eb em\u00ebr t\u00eb Republik\u00ebs s\u00eb Shqip\u00ebris\u00eb, jasht\u00eb territorit t\u00eb saj;<\/li>\n\n\n\n<li>n\u00eb m\u00ebnyr\u00eb t\u00eb vazhdueshme ose me nd\u00ebrprerje, q\u00ebndron n\u00eb Republik\u00ebn e Shqip\u00ebris\u00eb m\u00eb tep\u00ebr se 183 dit\u00eb n\u00eb nj\u00eb periudh\u00eb prej 365 dit\u00ebsh.<\/li>\n<\/ul>\n\n\n\n<p>Regjistrimi dhe identifikimi i individit rezident, b\u00ebhet me nj\u00eb kod fiskal dhe si i till\u00eb, sh\u00ebrben Numri i Identifikimit personal n\u00eb Let\u00ebrnjoftimin e individit.<\/p>\n\n\n\n<h2 class=\"wp-block-heading\">Individ, tatimpagues jo rezident<\/h2>\n\n\n\n<p>Individi konsiderohet jorezident, kur nuk plot\u00ebson nj\u00eb nga p\u00ebrcaktimet e individit rezident shqiptar, p\u00ebrkufizuar m\u00eb lart.&nbsp;<\/p>\n\n\n\n<p>Regjistrimi dhe identifikimi i individit jorezident, b\u00ebhet me nj\u00eb kod fiskal dhe si i till\u00eb, sh\u00ebrben Numri i Identifikimit personal n\u00eb Let\u00ebrnjoftimin e individit jorezident.<\/p>\n\n\n<div class=\"gdlr-core-widget-box-shortcode\" style=\"color: #ffffff ;background-color: #000014 ;\"  ><h3 class=\"gdlr-core-widget-box-shortcode-title\" style=\"color: #ffffff ;\"  >Do you have a question?<\/h3><div class=\"gdlr-core-widget-box-shortcode-content\" ><p class=\"translation-block\">Do not hesitate to <a href=\"https:\/\/alprofitconsult.al\/en\/contact\/\" target=\"_self\">contact<\/a> us. We are a team of experts and will be happy to speak with you.<\/p>\n<\/div><\/div>","protected":false},"excerpt":{"rendered":"<p>Informacioni i m\u00ebposht\u00ebm \u00ebsht\u00eb i vlefsh\u00ebm dhe zbatohet deri m\u00eb 31 dhjetor 2023, me hyrjen n\u00eb fuqi t\u00eb Ligjit t\u00eb ri Nr. 29\/2023 p\u00ebr Tatimin mbi t\u00eb Ardhurat. Shfletoni faqen ton\u00eb p\u00ebr m\u00eb shum\u00eb detaje dhe informacione t\u00eb p\u00ebrdit\u00ebsuara https:\/\/alprofitconsult.al\/tatime\/ Individ, konsiderohet \u00e7do person fizik jotregtar. Individ tatimpagues, \u00ebsht\u00eb personi i cili detyrohet t\u00eb paguaj\u00eb [&hellip;]<\/p>","protected":false},"author":1,"featured_media":13320,"parent":15067,"menu_order":0,"comment_status":"closed","ping_status":"closed","template":"","meta":{"footnotes":""},"class_list":["post-15071","page","type-page","status-publish","has-post-thumbnail","hentry"],"yoast_head":"<!-- This site is optimized with the Yoast SEO plugin v26.5 - https:\/\/yoast.com\/wordpress\/plugins\/seo\/ -->\n<title>Individ\u00eb - AlProfit Consult<\/title>\n<meta name=\"robots\" content=\"index, follow, max-snippet:-1, max-image-preview:large, max-video-preview:-1\" \/>\n<link rel=\"canonical\" href=\"https:\/\/alprofitconsult.al\/en\/tatime\/individ\/kategorite\/individe\/\" \/>\n<meta property=\"og:locale\" content=\"en_US\" \/>\n<meta property=\"og:type\" content=\"article\" \/>\n<meta property=\"og:title\" content=\"Individ\u00eb - AlProfit Consult\" \/>\n<meta property=\"og:description\" content=\"Informacioni i m\u00ebposht\u00ebm \u00ebsht\u00eb i vlefsh\u00ebm dhe zbatohet deri m\u00eb 31 dhjetor 2023, me hyrjen n\u00eb fuqi t\u00eb Ligjit t\u00eb ri Nr. 29\/2023 p\u00ebr Tatimin mbi t\u00eb Ardhurat. Shfletoni faqen ton\u00eb p\u00ebr m\u00eb shum\u00eb detaje dhe informacione t\u00eb p\u00ebrdit\u00ebsuara https:\/\/alprofitconsult.al\/tatime\/ Individ, konsiderohet \u00e7do person fizik jotregtar. Individ tatimpagues, \u00ebsht\u00eb personi i cili detyrohet t\u00eb paguaj\u00eb [&hellip;]\" \/>\n<meta property=\"og:url\" content=\"https:\/\/alprofitconsult.al\/en\/tatime\/individ\/kategorite\/individe\/\" \/>\n<meta property=\"og:site_name\" content=\"AlProfit Consult\" \/>\n<meta property=\"article:publisher\" content=\"https:\/\/www.facebook.com\/AlProfitConsult\/\" \/>\n<meta property=\"article:modified_time\" content=\"2024-11-29T21:01:02+00:00\" \/>\n<meta property=\"og:image\" content=\"https:\/\/alprofitconsult.al\/wp-content\/uploads\/2021\/04\/assistant.jpg\" \/>\n\t<meta property=\"og:image:width\" content=\"1000\" \/>\n\t<meta property=\"og:image:height\" content=\"695\" \/>\n\t<meta property=\"og:image:type\" content=\"image\/jpeg\" \/>\n<meta name=\"twitter:card\" content=\"summary_large_image\" \/>\n<meta name=\"twitter:site\" content=\"@AlProfitConsult\" \/>\n<meta name=\"twitter:label1\" content=\"Est. reading time\" \/>\n\t<meta name=\"twitter:data1\" content=\"2 minutes\" \/>\n<script type=\"application\/ld+json\" class=\"yoast-schema-graph\">{\"@context\":\"https:\/\/schema.org\",\"@graph\":[{\"@type\":\"WebPage\",\"@id\":\"https:\/\/alprofitconsult.al\/en\/tatime\/individ\/kategorite\/individe\/\",\"url\":\"https:\/\/alprofitconsult.al\/en\/tatime\/individ\/kategorite\/individe\/\",\"name\":\"Individ\u00eb - AlProfit Consult\",\"isPartOf\":{\"@id\":\"https:\/\/alprofitconsult.al\/#website\"},\"primaryImageOfPage\":{\"@id\":\"https:\/\/alprofitconsult.al\/en\/tatime\/individ\/kategorite\/individe\/#primaryimage\"},\"image\":{\"@id\":\"https:\/\/alprofitconsult.al\/en\/tatime\/individ\/kategorite\/individe\/#primaryimage\"},\"thumbnailUrl\":\"https:\/\/alprofitconsult.al\/wp-content\/uploads\/2021\/04\/assistant.jpg\",\"datePublished\":\"2022-10-07T20:12:36+00:00\",\"dateModified\":\"2024-11-29T21:01:02+00:00\",\"breadcrumb\":{\"@id\":\"https:\/\/alprofitconsult.al\/en\/tatime\/individ\/kategorite\/individe\/#breadcrumb\"},\"inLanguage\":\"en-US\",\"potentialAction\":[{\"@type\":\"ReadAction\",\"target\":[\"https:\/\/alprofitconsult.al\/en\/tatime\/individ\/kategorite\/individe\/\"]}]},{\"@type\":\"ImageObject\",\"inLanguage\":\"en-US\",\"@id\":\"https:\/\/alprofitconsult.al\/en\/tatime\/individ\/kategorite\/individe\/#primaryimage\",\"url\":\"https:\/\/alprofitconsult.al\/wp-content\/uploads\/2021\/04\/assistant.jpg\",\"contentUrl\":\"https:\/\/alprofitconsult.al\/wp-content\/uploads\/2021\/04\/assistant.jpg\",\"width\":1000,\"height\":695},{\"@type\":\"BreadcrumbList\",\"@id\":\"https:\/\/alprofitconsult.al\/en\/tatime\/individ\/kategorite\/individe\/#breadcrumb\",\"itemListElement\":[{\"@type\":\"ListItem\",\"position\":1,\"name\":\"Kryefaqe\",\"item\":\"https:\/\/alprofitconsult.al\/\"},{\"@type\":\"ListItem\",\"position\":2,\"name\":\"Legjislacioni tatimor\",\"item\":\"https:\/\/alprofitconsult.al\/en\/tatime\/\"},{\"@type\":\"ListItem\",\"position\":3,\"name\":\"Individ\",\"item\":\"https:\/\/alprofitconsult.al\/en\/tatime\/individ\/\"},{\"@type\":\"ListItem\",\"position\":4,\"name\":\"Kategorit\u00eb\",\"item\":\"https:\/\/alprofitconsult.al\/en\/tatime\/individ\/kategorite\/\"},{\"@type\":\"ListItem\",\"position\":5,\"name\":\"Individ\u00eb\"}]},{\"@type\":\"WebSite\",\"@id\":\"https:\/\/alprofitconsult.al\/#website\",\"url\":\"https:\/\/alprofitconsult.al\/\",\"name\":\"AlProfit Consult\",\"description\":\"Zyr\u00eb Kontabiliteti\",\"publisher\":{\"@id\":\"https:\/\/alprofitconsult.al\/#organization\"},\"potentialAction\":[{\"@type\":\"SearchAction\",\"target\":{\"@type\":\"EntryPoint\",\"urlTemplate\":\"https:\/\/alprofitconsult.al\/?s={search_term_string}\"},\"query-input\":{\"@type\":\"PropertyValueSpecification\",\"valueRequired\":true,\"valueName\":\"search_term_string\"}}],\"inLanguage\":\"en-US\"},{\"@type\":\"Organization\",\"@id\":\"https:\/\/alprofitconsult.al\/#organization\",\"name\":\"Alprofit Consult\",\"url\":\"https:\/\/alprofitconsult.al\/\",\"logo\":{\"@type\":\"ImageObject\",\"inLanguage\":\"en-US\",\"@id\":\"https:\/\/alprofitconsult.al\/#\/schema\/logo\/image\/\",\"url\":\"https:\/\/alprofitconsult.al\/wp-content\/uploads\/2022\/10\/logoalprofit.png\",\"contentUrl\":\"https:\/\/alprofitconsult.al\/wp-content\/uploads\/2022\/10\/logoalprofit.png\",\"width\":529,\"height\":156,\"caption\":\"Alprofit Consult\"},\"image\":{\"@id\":\"https:\/\/alprofitconsult.al\/#\/schema\/logo\/image\/\"},\"sameAs\":[\"https:\/\/www.facebook.com\/AlProfitConsult\/\",\"https:\/\/x.com\/AlProfitConsult\",\"https:\/\/www.linkedin.com\/company\/andi-haxhillari\/\",\"https:\/\/www.pinterest.com\/AlProfitConsult\/\",\"https:\/\/www.youtube.com\/channel\/UCZ5Gfntn161Nla3g1XdRldA\",\"https:\/\/sq.wikipedia.org\/wiki\/P\u00ebrdoruesi:Andi25~sqwiki\"]}]}<\/script>\n<!-- \/ Yoast SEO plugin. -->","yoast_head_json":{"title":"Individ\u00eb - AlProfit Consult","robots":{"index":"index","follow":"follow","max-snippet":"max-snippet:-1","max-image-preview":"max-image-preview:large","max-video-preview":"max-video-preview:-1"},"canonical":"https:\/\/alprofitconsult.al\/en\/tatime\/individ\/kategorite\/individe\/","og_locale":"en_US","og_type":"article","og_title":"Individ\u00eb - AlProfit Consult","og_description":"Informacioni i m\u00ebposht\u00ebm \u00ebsht\u00eb i vlefsh\u00ebm dhe zbatohet deri m\u00eb 31 dhjetor 2023, me hyrjen n\u00eb fuqi t\u00eb Ligjit t\u00eb ri Nr. 29\/2023 p\u00ebr Tatimin mbi t\u00eb Ardhurat. Shfletoni faqen ton\u00eb p\u00ebr m\u00eb shum\u00eb detaje dhe informacione t\u00eb p\u00ebrdit\u00ebsuara https:\/\/alprofitconsult.al\/tatime\/ Individ, konsiderohet \u00e7do person fizik jotregtar. Individ tatimpagues, \u00ebsht\u00eb personi i cili detyrohet t\u00eb paguaj\u00eb [&hellip;]","og_url":"https:\/\/alprofitconsult.al\/en\/tatime\/individ\/kategorite\/individe\/","og_site_name":"AlProfit Consult","article_publisher":"https:\/\/www.facebook.com\/AlProfitConsult\/","article_modified_time":"2024-11-29T21:01:02+00:00","og_image":[{"width":1000,"height":695,"url":"https:\/\/alprofitconsult.al\/wp-content\/uploads\/2021\/04\/assistant.jpg","type":"image\/jpeg"}],"twitter_card":"summary_large_image","twitter_site":"@AlProfitConsult","twitter_misc":{"Est. reading time":"2 minutes"},"schema":{"@context":"https:\/\/schema.org","@graph":[{"@type":"WebPage","@id":"https:\/\/alprofitconsult.al\/en\/tatime\/individ\/kategorite\/individe\/","url":"https:\/\/alprofitconsult.al\/en\/tatime\/individ\/kategorite\/individe\/","name":"Individ\u00eb - AlProfit Consult","isPartOf":{"@id":"https:\/\/alprofitconsult.al\/#website"},"primaryImageOfPage":{"@id":"https:\/\/alprofitconsult.al\/en\/tatime\/individ\/kategorite\/individe\/#primaryimage"},"image":{"@id":"https:\/\/alprofitconsult.al\/en\/tatime\/individ\/kategorite\/individe\/#primaryimage"},"thumbnailUrl":"https:\/\/alprofitconsult.al\/wp-content\/uploads\/2021\/04\/assistant.jpg","datePublished":"2022-10-07T20:12:36+00:00","dateModified":"2024-11-29T21:01:02+00:00","breadcrumb":{"@id":"https:\/\/alprofitconsult.al\/en\/tatime\/individ\/kategorite\/individe\/#breadcrumb"},"inLanguage":"en-US","potentialAction":[{"@type":"ReadAction","target":["https:\/\/alprofitconsult.al\/en\/tatime\/individ\/kategorite\/individe\/"]}]},{"@type":"ImageObject","inLanguage":"en-US","@id":"https:\/\/alprofitconsult.al\/en\/tatime\/individ\/kategorite\/individe\/#primaryimage","url":"https:\/\/alprofitconsult.al\/wp-content\/uploads\/2021\/04\/assistant.jpg","contentUrl":"https:\/\/alprofitconsult.al\/wp-content\/uploads\/2021\/04\/assistant.jpg","width":1000,"height":695},{"@type":"BreadcrumbList","@id":"https:\/\/alprofitconsult.al\/en\/tatime\/individ\/kategorite\/individe\/#breadcrumb","itemListElement":[{"@type":"ListItem","position":1,"name":"Kryefaqe","item":"https:\/\/alprofitconsult.al\/"},{"@type":"ListItem","position":2,"name":"Legjislacioni tatimor","item":"https:\/\/alprofitconsult.al\/en\/tatime\/"},{"@type":"ListItem","position":3,"name":"Individ","item":"https:\/\/alprofitconsult.al\/en\/tatime\/individ\/"},{"@type":"ListItem","position":4,"name":"Kategorit\u00eb","item":"https:\/\/alprofitconsult.al\/en\/tatime\/individ\/kategorite\/"},{"@type":"ListItem","position":5,"name":"Individ\u00eb"}]},{"@type":"WebSite","@id":"https:\/\/alprofitconsult.al\/#website","url":"https:\/\/alprofitconsult.al\/","name":"AlProfit Consult","description":"Zyr\u00eb Kontabiliteti","publisher":{"@id":"https:\/\/alprofitconsult.al\/#organization"},"potentialAction":[{"@type":"SearchAction","target":{"@type":"EntryPoint","urlTemplate":"https:\/\/alprofitconsult.al\/?s={search_term_string}"},"query-input":{"@type":"PropertyValueSpecification","valueRequired":true,"valueName":"search_term_string"}}],"inLanguage":"en-US"},{"@type":"Organization","@id":"https:\/\/alprofitconsult.al\/#organization","name":"Alprofit Consult","url":"https:\/\/alprofitconsult.al\/","logo":{"@type":"ImageObject","inLanguage":"en-US","@id":"https:\/\/alprofitconsult.al\/#\/schema\/logo\/image\/","url":"https:\/\/alprofitconsult.al\/wp-content\/uploads\/2022\/10\/logoalprofit.png","contentUrl":"https:\/\/alprofitconsult.al\/wp-content\/uploads\/2022\/10\/logoalprofit.png","width":529,"height":156,"caption":"Alprofit Consult"},"image":{"@id":"https:\/\/alprofitconsult.al\/#\/schema\/logo\/image\/"},"sameAs":["https:\/\/www.facebook.com\/AlProfitConsult\/","https:\/\/x.com\/AlProfitConsult","https:\/\/www.linkedin.com\/company\/andi-haxhillari\/","https:\/\/www.pinterest.com\/AlProfitConsult\/","https:\/\/www.youtube.com\/channel\/UCZ5Gfntn161Nla3g1XdRldA","https:\/\/sq.wikipedia.org\/wiki\/P\u00ebrdoruesi:Andi25~sqwiki"]}]}},"_links":{"self":[{"href":"https:\/\/alprofitconsult.al\/en\/wp-json\/wp\/v2\/pages\/15071","targetHints":{"allow":["GET"]}}],"collection":[{"href":"https:\/\/alprofitconsult.al\/en\/wp-json\/wp\/v2\/pages"}],"about":[{"href":"https:\/\/alprofitconsult.al\/en\/wp-json\/wp\/v2\/types\/page"}],"author":[{"embeddable":true,"href":"https:\/\/alprofitconsult.al\/en\/wp-json\/wp\/v2\/users\/1"}],"replies":[{"embeddable":true,"href":"https:\/\/alprofitconsult.al\/en\/wp-json\/wp\/v2\/comments?post=15071"}],"version-history":[{"count":5,"href":"https:\/\/alprofitconsult.al\/en\/wp-json\/wp\/v2\/pages\/15071\/revisions"}],"predecessor-version":[{"id":19652,"href":"https:\/\/alprofitconsult.al\/en\/wp-json\/wp\/v2\/pages\/15071\/revisions\/19652"}],"up":[{"embeddable":true,"href":"https:\/\/alprofitconsult.al\/en\/wp-json\/wp\/v2\/pages\/15067"}],"wp:featuredmedia":[{"embeddable":true,"href":"https:\/\/alprofitconsult.al\/en\/wp-json\/wp\/v2\/media\/13320"}],"wp:attachment":[{"href":"https:\/\/alprofitconsult.al\/en\/wp-json\/wp\/v2\/media?parent=15071"}],"curies":[{"name":"wp","href":"https:\/\/api.w.org\/{rel}","templated":true}]}}