{"id":15078,"date":"2022-10-07T20:14:07","date_gmt":"2022-10-07T20:14:07","guid":{"rendered":"https:\/\/alprofitconsult.al\/?page_id=15078"},"modified":"2024-11-29T21:02:09","modified_gmt":"2024-11-29T21:02:09","slug":"fermere","status":"publish","type":"page","link":"https:\/\/alprofitconsult.al\/en\/tatime\/individ\/kategorite\/fermere\/","title":{"rendered":"Fermer\u00eb"},"content":{"rendered":"<div class=\"yoast-breadcrumbs\"><span><span><a href=\"https:\/\/alprofitconsult.al\/en\/\">Home<\/a><\/span> | <span><a href=\"https:\/\/alprofitconsult.al\/en\/tatime\/\">Tax legislation<\/a><\/span> | <span><a href=\"https:\/\/alprofitconsult.al\/en\/tatime\/individ\/\">Individual<\/a><\/span> | <span><a href=\"https:\/\/alprofitconsult.al\/en\/tatime\/individ\/kategorite\/\">Categories<\/a><\/span> | <span class=\"breadcrumb_last\" aria-current=\"page\">Fermer\u00eb<\/span><\/span><\/div>\n\n\n<p><\/p>\n\n\n\n<figure class=\"wp-block-image size-large\"><img loading=\"lazy\" decoding=\"async\" width=\"1024\" height=\"719\" src=\"https:\/\/alprofitconsult.al\/wp-content\/uploads\/2022\/10\/AlProfit-Consult-Fermeret-1024x719.jpg\" alt=\"\" class=\"wp-image-15425\" srcset=\"https:\/\/alprofitconsult.al\/wp-content\/uploads\/2022\/10\/AlProfit-Consult-Fermeret-1024x719.jpg 1024w, https:\/\/alprofitconsult.al\/wp-content\/uploads\/2022\/10\/AlProfit-Consult-Fermeret-300x211.jpg 300w, https:\/\/alprofitconsult.al\/wp-content\/uploads\/2022\/10\/AlProfit-Consult-Fermeret-150x105.jpg 150w, https:\/\/alprofitconsult.al\/wp-content\/uploads\/2022\/10\/AlProfit-Consult-Fermeret-768x539.jpg 768w, https:\/\/alprofitconsult.al\/wp-content\/uploads\/2022\/10\/AlProfit-Consult-Fermeret-1536x1078.jpg 1536w, https:\/\/alprofitconsult.al\/wp-content\/uploads\/2022\/10\/AlProfit-Consult-Fermeret.jpg 1920w\" sizes=\"auto, (max-width: 1024px) 100vw, 1024px\" \/><\/figure>\n\n\n\n<blockquote class=\"wp-block-quote is-layout-flow wp-block-quote-is-layout-flow\">\n<p><br><em>The following information is valid and applicable until December 31, 2023, following the entry into force of the new Law No. <\/em><a href=\"https:\/\/alprofitconsult.al\/wp-content\/uploads\/2023\/11\/LIGJ-NR.-29-2023-PER-TATIMIN-MBI-TE-ARDHURAT-4.pdf\" target=\"_blank\" rel=\"noreferrer noopener\">29\/2023<\/a><em> On Income Tax. Please browse our website for more details and updated information at: <\/em><a href=\"https:\/\/alprofitconsult.al\/en\/tatime\/\" target=\"_blank\" rel=\"noreferrer noopener\">https:\/\/alprofitconsult.al\/tatime\/<\/a><\/p>\n<\/blockquote>\n\n\n\n<p><strong>Fermeri<\/strong>, \u00ebsht\u00eb prodhues bujq\u00ebsor, i vet\u00ebpun\u00ebsuar, q\u00eb zhvillon aktivitetin me krahun e vet t\u00eb pun\u00ebs dhe me mjetet e pun\u00ebs q\u00eb disponon, n\u00eb veprimtarin\u00eb e prodhimit bujq\u00ebsor, pyjor dhe peshkimit.<\/p>\n\n\n\n<p>Fermer\u00ebt t\u00eb cil\u00ebt shesin prodhimet e tyre tek sip\u00ebrmarr\u00ebsit (tregtar\u00eb), jan\u00eb t\u00eb detyruar t\u00eb regjistrohen dhe t\u00eb pajisen me certifikat\u00ebn e NIPT-it.<\/p>\n\n\n\n<h3 class=\"wp-block-heading\">Registration<\/h3>\n\n\n\n<p>Aplikimi dhe pajisja me certifikat\u00ebn e NIPT-it, b\u00ebhet nga vet\u00eb fermeri, pran\u00eb Drejtoris\u00eb Rajonale Tatimore t\u00eb juridiksionit sipas ndarjes s\u00eb organizimit administrativ.<\/p>\n\n\n\n<p><strong>Dokumentacioni p\u00ebr regjistrim:<\/strong><\/p>\n\n\n\n<ul class=\"wp-block-list\">\n<li>Aplikimin p\u00ebr regjistrim sipas formularit p\u00ebrkat\u00ebs t\u00eb plot\u00ebsuar e n\u00ebnshkruar nga k\u00ebrkuesi<\/li>\n\n\n\n<li>Dokumentin origjinal t\u00eb identifikimit (let\u00ebrnjoftimit)\/ose kopje t\u00eb noterizuar t\u00eb k\u00ebtij<br>dokumenti, i cili i bashk\u00ebngjitet aplikimit p\u00ebr regjistrim.<\/li>\n\n\n\n<li>V\u00ebrtetimin origjinal l\u00ebshuar prej Drejtoris\u00eb Rajonale t\u00eb Bujq\u00ebsis\u00eb, Zhvillimit Rural dhe Administrimit t\u00eb Uj\u00ebrave, n\u00eb baz\u00eb t\u00eb t\u00eb cilit v\u00ebrtetohet aktiviteti prodhues bujq\u00ebsor i fermerit.<\/li>\n<\/ul>\n\n\n\n<p><strong>T\u00eb dh\u00ebnat e detyrueshme:<\/strong><\/p>\n\n\n\n<ul class=\"wp-block-list\">\n<li>Adresa e banimit, kontakte t\u00eb personit;<\/li>\n\n\n\n<li>Vendi i ushtrimit t\u00eb veprimtaris\u00eb, prodhuese bujq\u00ebsore;<\/li>\n\n\n\n<li>Fusha e veprimtaris\u00eb prodhuese bujq\u00ebsore, ku n\u00ebse fermeri, kryen disa veprimtari prodhuese bujq\u00ebsore, at\u00ebher\u00eb citohen disa duke filluar nga ajo, q\u00eb mban pesh\u00ebn kryesore;<\/li>\n\n\n\n<li>Specimeni i n\u00ebnshkrimit (firm\u00ebs) t\u00eb individit-fermer.<\/li>\n<\/ul>\n\n\n\n<p>Dokumentet shoq\u00ebruese t\u00eb aplikimit, duhet t\u00eb dor\u00ebzohen n\u00eb origjinal ose kopje t\u00eb njeh\u00ebsuara me origjinalin, si dhe nuk duhet t\u00eb p\u00ebrmbajn\u00eb korrigjime ose fshirje.<\/p>\n\n\n\n<h3 class=\"wp-block-heading\">Changes in Registration<\/h3>\n\n\n\n<p>Fermeri \u00ebsht\u00eb i detyruar t\u00eb deklaroj\u00eb n\u00eb Drejtorin\u00eb Rajonale Tatimore, ku \u00ebsht\u00eb pajisur me \u00e7ertifikat\u00ebn e NIPT-it, ndryshimet n\u00eb t\u00eb dh\u00ebnat e regjistruara t\u00eb tilla si:<\/p>\n\n\n\n<ul class=\"wp-block-list\">\n<li>t\u00eb dh\u00ebnat e identifikimit,<\/li>\n\n\n\n<li>vendit t\u00eb ushtrimit t\u00eb veprimtaris\u00eb prodhuese bujq\u00ebsore, p\u00ebr shkak t\u00eb tjet\u00ebrsimit t\u00eb tok\u00ebs bujq\u00ebsore<\/li>\n\n\n\n<li>apo \u00e7do ndryshim tjet\u00ebr, n\u00eb t\u00eb dh\u00ebnat e deklaruara n\u00eb momentin e regjistrimit.<\/li>\n<\/ul>\n\n\n\n<h3 class=\"wp-block-heading\">Deregistration<\/h3>\n\n\n\n<p>Fermeri \u00e7regjistrohet n\u00eb m\u00ebnyr\u00eb vullnetare n\u00ebp\u00ebrmjet aplikimit p\u00ebr \u00e7regjistrim.<\/p>\n\n\n\n<p>Aplikimi b\u00ebhet sipas formularit p\u00ebrkat\u00ebs, duke dor\u00ebzuar n\u00eb t\u00eb nj\u00ebjt\u00ebn koh\u00eb certifikat\u00ebn e NIPT- it n\u00eb Drejtorin\u00eb Rajonale Tatimore n\u00eb t\u00eb cil\u00ebn kjo certifikat\u00eb \u00ebsht\u00eb l\u00ebshuar.<\/p>\n\n\n\n<h3 class=\"wp-block-heading\">Detyrimet q\u00eb duhet t\u00eb paguajn\u00eb<\/h3>\n\n\n\n<p>Fermer\u00ebt e regjistruar n\u00eb kuptimin e dh\u00ebn\u00eb m\u00eb lart, nuk kan\u00eb asnj\u00eb p\u00ebrgjegj\u00ebsi tatimore e p\u00ebr rrjedhoj\u00eb asnj\u00eb detyrim p\u00ebr t\u00eb paguar.<\/p>\n\n\n\n<p>Source: <a href=\"https:\/\/www.tatime.gov.al\/c\/3\/12\/23\/fermere\" target=\"_blank\" rel=\"noreferrer noopener\">General Directorate of Taxes.<\/a><\/p>\n\n\n<div class=\"gdlr-core-widget-box-shortcode\" style=\"color: #ffffff ;background-color: #000014 ;\"  ><h3 class=\"gdlr-core-widget-box-shortcode-title\" style=\"color: #ffffff ;\"  >Do you have a question?<\/h3><div class=\"gdlr-core-widget-box-shortcode-content\" ><p class=\"translation-block\">Do not hesitate to <a href=\"https:\/\/alprofitconsult.al\/en\/contact\/\" target=\"_self\">contact<\/a> us. We are a team of experts and will be happy to speak with you.<\/p>\n<\/div><\/div>","protected":false},"excerpt":{"rendered":"<p>Informacioni i m\u00ebposht\u00ebm \u00ebsht\u00eb i vlefsh\u00ebm dhe zbatohet deri m\u00eb 31 dhjetor 2023, me hyrjen n\u00eb fuqi t\u00eb Ligjit t\u00eb ri Nr. 29\/2023 p\u00ebr Tatimin mbi t\u00eb Ardhurat. Shfletoni faqen ton\u00eb p\u00ebr m\u00eb shum\u00eb detaje dhe informacione t\u00eb p\u00ebrdit\u00ebsuara https:\/\/alprofitconsult.al\/tatime\/ Fermeri, \u00ebsht\u00eb prodhues bujq\u00ebsor, i vet\u00ebpun\u00ebsuar, q\u00eb zhvillon aktivitetin me krahun e vet t\u00eb pun\u00ebs [&hellip;]<\/p>","protected":false},"author":1,"featured_media":15425,"parent":15067,"menu_order":0,"comment_status":"closed","ping_status":"closed","template":"","meta":{"footnotes":""},"class_list":["post-15078","page","type-page","status-publish","has-post-thumbnail","hentry"],"yoast_head":"<!-- This site is optimized with the Yoast SEO plugin v26.5 - https:\/\/yoast.com\/wordpress\/plugins\/seo\/ -->\n<title>Fermer\u00eb - AlProfit Consult<\/title>\n<meta name=\"robots\" content=\"index, follow, max-snippet:-1, max-image-preview:large, max-video-preview:-1\" \/>\n<link rel=\"canonical\" href=\"https:\/\/alprofitconsult.al\/en\/tatime\/individ\/kategorite\/fermere\/\" \/>\n<meta property=\"og:locale\" content=\"en_US\" \/>\n<meta property=\"og:type\" content=\"article\" \/>\n<meta property=\"og:title\" content=\"Fermer\u00eb - AlProfit Consult\" \/>\n<meta property=\"og:description\" content=\"Informacioni i m\u00ebposht\u00ebm \u00ebsht\u00eb i vlefsh\u00ebm dhe zbatohet deri m\u00eb 31 dhjetor 2023, me hyrjen n\u00eb fuqi t\u00eb Ligjit t\u00eb ri Nr. 29\/2023 p\u00ebr Tatimin mbi t\u00eb Ardhurat. Shfletoni faqen ton\u00eb p\u00ebr m\u00eb shum\u00eb detaje dhe informacione t\u00eb p\u00ebrdit\u00ebsuara https:\/\/alprofitconsult.al\/tatime\/ Fermeri, \u00ebsht\u00eb prodhues bujq\u00ebsor, i vet\u00ebpun\u00ebsuar, q\u00eb zhvillon aktivitetin me krahun e vet t\u00eb pun\u00ebs [&hellip;]\" \/>\n<meta property=\"og:url\" content=\"https:\/\/alprofitconsult.al\/en\/tatime\/individ\/kategorite\/fermere\/\" \/>\n<meta property=\"og:site_name\" content=\"AlProfit Consult\" \/>\n<meta property=\"article:publisher\" content=\"https:\/\/www.facebook.com\/AlProfitConsult\/\" \/>\n<meta property=\"article:modified_time\" content=\"2024-11-29T21:02:09+00:00\" \/>\n<meta property=\"og:image\" content=\"https:\/\/alprofitconsult.al\/wp-content\/uploads\/2022\/10\/AlProfit-Consult-Fermeret.jpg\" \/>\n\t<meta property=\"og:image:width\" content=\"1920\" \/>\n\t<meta property=\"og:image:height\" content=\"1348\" \/>\n\t<meta property=\"og:image:type\" content=\"image\/jpeg\" \/>\n<meta name=\"twitter:card\" content=\"summary_large_image\" \/>\n<meta name=\"twitter:site\" content=\"@AlProfitConsult\" \/>\n<meta name=\"twitter:label1\" content=\"Est. reading time\" \/>\n\t<meta name=\"twitter:data1\" content=\"2 minutes\" \/>\n<script type=\"application\/ld+json\" class=\"yoast-schema-graph\">{\"@context\":\"https:\/\/schema.org\",\"@graph\":[{\"@type\":\"WebPage\",\"@id\":\"https:\/\/alprofitconsult.al\/en\/tatime\/individ\/kategorite\/fermere\/\",\"url\":\"https:\/\/alprofitconsult.al\/en\/tatime\/individ\/kategorite\/fermere\/\",\"name\":\"Fermer\u00eb - AlProfit Consult\",\"isPartOf\":{\"@id\":\"https:\/\/alprofitconsult.al\/#website\"},\"primaryImageOfPage\":{\"@id\":\"https:\/\/alprofitconsult.al\/en\/tatime\/individ\/kategorite\/fermere\/#primaryimage\"},\"image\":{\"@id\":\"https:\/\/alprofitconsult.al\/en\/tatime\/individ\/kategorite\/fermere\/#primaryimage\"},\"thumbnailUrl\":\"https:\/\/alprofitconsult.al\/wp-content\/uploads\/2022\/10\/AlProfit-Consult-Fermeret.jpg\",\"datePublished\":\"2022-10-07T20:14:07+00:00\",\"dateModified\":\"2024-11-29T21:02:09+00:00\",\"breadcrumb\":{\"@id\":\"https:\/\/alprofitconsult.al\/en\/tatime\/individ\/kategorite\/fermere\/#breadcrumb\"},\"inLanguage\":\"en-US\",\"potentialAction\":[{\"@type\":\"ReadAction\",\"target\":[\"https:\/\/alprofitconsult.al\/en\/tatime\/individ\/kategorite\/fermere\/\"]}]},{\"@type\":\"ImageObject\",\"inLanguage\":\"en-US\",\"@id\":\"https:\/\/alprofitconsult.al\/en\/tatime\/individ\/kategorite\/fermere\/#primaryimage\",\"url\":\"https:\/\/alprofitconsult.al\/wp-content\/uploads\/2022\/10\/AlProfit-Consult-Fermeret.jpg\",\"contentUrl\":\"https:\/\/alprofitconsult.al\/wp-content\/uploads\/2022\/10\/AlProfit-Consult-Fermeret.jpg\",\"width\":1920,\"height\":1348},{\"@type\":\"BreadcrumbList\",\"@id\":\"https:\/\/alprofitconsult.al\/en\/tatime\/individ\/kategorite\/fermere\/#breadcrumb\",\"itemListElement\":[{\"@type\":\"ListItem\",\"position\":1,\"name\":\"Kryefaqe\",\"item\":\"https:\/\/alprofitconsult.al\/\"},{\"@type\":\"ListItem\",\"position\":2,\"name\":\"Legjislacioni tatimor\",\"item\":\"https:\/\/alprofitconsult.al\/en\/tatime\/\"},{\"@type\":\"ListItem\",\"position\":3,\"name\":\"Individ\",\"item\":\"https:\/\/alprofitconsult.al\/en\/tatime\/individ\/\"},{\"@type\":\"ListItem\",\"position\":4,\"name\":\"Kategorit\u00eb\",\"item\":\"https:\/\/alprofitconsult.al\/en\/tatime\/individ\/kategorite\/\"},{\"@type\":\"ListItem\",\"position\":5,\"name\":\"Fermer\u00eb\"}]},{\"@type\":\"WebSite\",\"@id\":\"https:\/\/alprofitconsult.al\/#website\",\"url\":\"https:\/\/alprofitconsult.al\/\",\"name\":\"AlProfit Consult\",\"description\":\"Zyr\u00eb Kontabiliteti\",\"publisher\":{\"@id\":\"https:\/\/alprofitconsult.al\/#organization\"},\"potentialAction\":[{\"@type\":\"SearchAction\",\"target\":{\"@type\":\"EntryPoint\",\"urlTemplate\":\"https:\/\/alprofitconsult.al\/?s={search_term_string}\"},\"query-input\":{\"@type\":\"PropertyValueSpecification\",\"valueRequired\":true,\"valueName\":\"search_term_string\"}}],\"inLanguage\":\"en-US\"},{\"@type\":\"Organization\",\"@id\":\"https:\/\/alprofitconsult.al\/#organization\",\"name\":\"Alprofit Consult\",\"url\":\"https:\/\/alprofitconsult.al\/\",\"logo\":{\"@type\":\"ImageObject\",\"inLanguage\":\"en-US\",\"@id\":\"https:\/\/alprofitconsult.al\/#\/schema\/logo\/image\/\",\"url\":\"https:\/\/alprofitconsult.al\/wp-content\/uploads\/2022\/10\/logoalprofit.png\",\"contentUrl\":\"https:\/\/alprofitconsult.al\/wp-content\/uploads\/2022\/10\/logoalprofit.png\",\"width\":529,\"height\":156,\"caption\":\"Alprofit Consult\"},\"image\":{\"@id\":\"https:\/\/alprofitconsult.al\/#\/schema\/logo\/image\/\"},\"sameAs\":[\"https:\/\/www.facebook.com\/AlProfitConsult\/\",\"https:\/\/x.com\/AlProfitConsult\",\"https:\/\/www.linkedin.com\/company\/andi-haxhillari\/\",\"https:\/\/www.pinterest.com\/AlProfitConsult\/\",\"https:\/\/www.youtube.com\/channel\/UCZ5Gfntn161Nla3g1XdRldA\",\"https:\/\/sq.wikipedia.org\/wiki\/P\u00ebrdoruesi:Andi25~sqwiki\"]}]}<\/script>\n<!-- \/ Yoast SEO plugin. -->","yoast_head_json":{"title":"Fermer\u00eb - AlProfit Consult","robots":{"index":"index","follow":"follow","max-snippet":"max-snippet:-1","max-image-preview":"max-image-preview:large","max-video-preview":"max-video-preview:-1"},"canonical":"https:\/\/alprofitconsult.al\/en\/tatime\/individ\/kategorite\/fermere\/","og_locale":"en_US","og_type":"article","og_title":"Fermer\u00eb - AlProfit Consult","og_description":"Informacioni i m\u00ebposht\u00ebm \u00ebsht\u00eb i vlefsh\u00ebm dhe zbatohet deri m\u00eb 31 dhjetor 2023, me hyrjen n\u00eb fuqi t\u00eb Ligjit t\u00eb ri Nr. 29\/2023 p\u00ebr Tatimin mbi t\u00eb Ardhurat. Shfletoni faqen ton\u00eb p\u00ebr m\u00eb shum\u00eb detaje dhe informacione t\u00eb p\u00ebrdit\u00ebsuara https:\/\/alprofitconsult.al\/tatime\/ Fermeri, \u00ebsht\u00eb prodhues bujq\u00ebsor, i vet\u00ebpun\u00ebsuar, q\u00eb zhvillon aktivitetin me krahun e vet t\u00eb pun\u00ebs [&hellip;]","og_url":"https:\/\/alprofitconsult.al\/en\/tatime\/individ\/kategorite\/fermere\/","og_site_name":"AlProfit Consult","article_publisher":"https:\/\/www.facebook.com\/AlProfitConsult\/","article_modified_time":"2024-11-29T21:02:09+00:00","og_image":[{"width":1920,"height":1348,"url":"https:\/\/alprofitconsult.al\/wp-content\/uploads\/2022\/10\/AlProfit-Consult-Fermeret.jpg","type":"image\/jpeg"}],"twitter_card":"summary_large_image","twitter_site":"@AlProfitConsult","twitter_misc":{"Est. reading time":"2 minutes"},"schema":{"@context":"https:\/\/schema.org","@graph":[{"@type":"WebPage","@id":"https:\/\/alprofitconsult.al\/en\/tatime\/individ\/kategorite\/fermere\/","url":"https:\/\/alprofitconsult.al\/en\/tatime\/individ\/kategorite\/fermere\/","name":"Fermer\u00eb - AlProfit Consult","isPartOf":{"@id":"https:\/\/alprofitconsult.al\/#website"},"primaryImageOfPage":{"@id":"https:\/\/alprofitconsult.al\/en\/tatime\/individ\/kategorite\/fermere\/#primaryimage"},"image":{"@id":"https:\/\/alprofitconsult.al\/en\/tatime\/individ\/kategorite\/fermere\/#primaryimage"},"thumbnailUrl":"https:\/\/alprofitconsult.al\/wp-content\/uploads\/2022\/10\/AlProfit-Consult-Fermeret.jpg","datePublished":"2022-10-07T20:14:07+00:00","dateModified":"2024-11-29T21:02:09+00:00","breadcrumb":{"@id":"https:\/\/alprofitconsult.al\/en\/tatime\/individ\/kategorite\/fermere\/#breadcrumb"},"inLanguage":"en-US","potentialAction":[{"@type":"ReadAction","target":["https:\/\/alprofitconsult.al\/en\/tatime\/individ\/kategorite\/fermere\/"]}]},{"@type":"ImageObject","inLanguage":"en-US","@id":"https:\/\/alprofitconsult.al\/en\/tatime\/individ\/kategorite\/fermere\/#primaryimage","url":"https:\/\/alprofitconsult.al\/wp-content\/uploads\/2022\/10\/AlProfit-Consult-Fermeret.jpg","contentUrl":"https:\/\/alprofitconsult.al\/wp-content\/uploads\/2022\/10\/AlProfit-Consult-Fermeret.jpg","width":1920,"height":1348},{"@type":"BreadcrumbList","@id":"https:\/\/alprofitconsult.al\/en\/tatime\/individ\/kategorite\/fermere\/#breadcrumb","itemListElement":[{"@type":"ListItem","position":1,"name":"Kryefaqe","item":"https:\/\/alprofitconsult.al\/"},{"@type":"ListItem","position":2,"name":"Legjislacioni tatimor","item":"https:\/\/alprofitconsult.al\/en\/tatime\/"},{"@type":"ListItem","position":3,"name":"Individ","item":"https:\/\/alprofitconsult.al\/en\/tatime\/individ\/"},{"@type":"ListItem","position":4,"name":"Kategorit\u00eb","item":"https:\/\/alprofitconsult.al\/en\/tatime\/individ\/kategorite\/"},{"@type":"ListItem","position":5,"name":"Fermer\u00eb"}]},{"@type":"WebSite","@id":"https:\/\/alprofitconsult.al\/#website","url":"https:\/\/alprofitconsult.al\/","name":"AlProfit Consult","description":"Zyr\u00eb Kontabiliteti","publisher":{"@id":"https:\/\/alprofitconsult.al\/#organization"},"potentialAction":[{"@type":"SearchAction","target":{"@type":"EntryPoint","urlTemplate":"https:\/\/alprofitconsult.al\/?s={search_term_string}"},"query-input":{"@type":"PropertyValueSpecification","valueRequired":true,"valueName":"search_term_string"}}],"inLanguage":"en-US"},{"@type":"Organization","@id":"https:\/\/alprofitconsult.al\/#organization","name":"Alprofit Consult","url":"https:\/\/alprofitconsult.al\/","logo":{"@type":"ImageObject","inLanguage":"en-US","@id":"https:\/\/alprofitconsult.al\/#\/schema\/logo\/image\/","url":"https:\/\/alprofitconsult.al\/wp-content\/uploads\/2022\/10\/logoalprofit.png","contentUrl":"https:\/\/alprofitconsult.al\/wp-content\/uploads\/2022\/10\/logoalprofit.png","width":529,"height":156,"caption":"Alprofit Consult"},"image":{"@id":"https:\/\/alprofitconsult.al\/#\/schema\/logo\/image\/"},"sameAs":["https:\/\/www.facebook.com\/AlProfitConsult\/","https:\/\/x.com\/AlProfitConsult","https:\/\/www.linkedin.com\/company\/andi-haxhillari\/","https:\/\/www.pinterest.com\/AlProfitConsult\/","https:\/\/www.youtube.com\/channel\/UCZ5Gfntn161Nla3g1XdRldA","https:\/\/sq.wikipedia.org\/wiki\/P\u00ebrdoruesi:Andi25~sqwiki"]}]}},"_links":{"self":[{"href":"https:\/\/alprofitconsult.al\/en\/wp-json\/wp\/v2\/pages\/15078","targetHints":{"allow":["GET"]}}],"collection":[{"href":"https:\/\/alprofitconsult.al\/en\/wp-json\/wp\/v2\/pages"}],"about":[{"href":"https:\/\/alprofitconsult.al\/en\/wp-json\/wp\/v2\/types\/page"}],"author":[{"embeddable":true,"href":"https:\/\/alprofitconsult.al\/en\/wp-json\/wp\/v2\/users\/1"}],"replies":[{"embeddable":true,"href":"https:\/\/alprofitconsult.al\/en\/wp-json\/wp\/v2\/comments?post=15078"}],"version-history":[{"count":5,"href":"https:\/\/alprofitconsult.al\/en\/wp-json\/wp\/v2\/pages\/15078\/revisions"}],"predecessor-version":[{"id":19656,"href":"https:\/\/alprofitconsult.al\/en\/wp-json\/wp\/v2\/pages\/15078\/revisions\/19656"}],"up":[{"embeddable":true,"href":"https:\/\/alprofitconsult.al\/en\/wp-json\/wp\/v2\/pages\/15067"}],"wp:featuredmedia":[{"embeddable":true,"href":"https:\/\/alprofitconsult.al\/en\/wp-json\/wp\/v2\/media\/15425"}],"wp:attachment":[{"href":"https:\/\/alprofitconsult.al\/en\/wp-json\/wp\/v2\/media?parent=15078"}],"curies":[{"name":"wp","href":"https:\/\/api.w.org\/{rel}","templated":true}]}}