{"id":15081,"date":"2022-10-07T20:14:18","date_gmt":"2022-10-07T20:14:18","guid":{"rendered":"https:\/\/alprofitconsult.al\/?page_id=15081"},"modified":"2024-11-29T21:02:51","modified_gmt":"2024-11-29T21:02:51","slug":"kryefamiljare","status":"publish","type":"page","link":"https:\/\/alprofitconsult.al\/en\/tatime\/individ\/kategorite\/kryefamiljare\/","title":{"rendered":"Kryefamiljar\u00eb"},"content":{"rendered":"<div class=\"yoast-breadcrumbs\"><span><span><a href=\"https:\/\/alprofitconsult.al\/en\/\">Home<\/a><\/span> | <span><a href=\"https:\/\/alprofitconsult.al\/en\/tatime\/\">Tax legislation<\/a><\/span> | <span><a href=\"https:\/\/alprofitconsult.al\/en\/tatime\/individ\/\">Individual<\/a><\/span> | <span><a href=\"https:\/\/alprofitconsult.al\/en\/tatime\/individ\/kategorite\/\">Categories<\/a><\/span> | <span class=\"breadcrumb_last\" aria-current=\"page\">Kryefamiljar\u00eb<\/span><\/span><\/div>\n\n\n<p><\/p>\n\n\n\n<figure class=\"wp-block-image size-large\"><img loading=\"lazy\" decoding=\"async\" width=\"1024\" height=\"683\" src=\"https:\/\/alprofitconsult.al\/wp-content\/uploads\/2022\/10\/AlProfit-Consult-Kryefamiljare-1024x683.jpg\" alt=\"\" class=\"wp-image-15431\" srcset=\"https:\/\/alprofitconsult.al\/wp-content\/uploads\/2022\/10\/AlProfit-Consult-Kryefamiljare-1024x683.jpg 1024w, https:\/\/alprofitconsult.al\/wp-content\/uploads\/2022\/10\/AlProfit-Consult-Kryefamiljare-300x200.jpg 300w, https:\/\/alprofitconsult.al\/wp-content\/uploads\/2022\/10\/AlProfit-Consult-Kryefamiljare-150x100.jpg 150w, https:\/\/alprofitconsult.al\/wp-content\/uploads\/2022\/10\/AlProfit-Consult-Kryefamiljare-768x512.jpg 768w, https:\/\/alprofitconsult.al\/wp-content\/uploads\/2022\/10\/AlProfit-Consult-Kryefamiljare-1536x1024.jpg 1536w, https:\/\/alprofitconsult.al\/wp-content\/uploads\/2022\/10\/AlProfit-Consult-Kryefamiljare.jpg 1920w\" sizes=\"auto, (max-width: 1024px) 100vw, 1024px\" \/><\/figure>\n\n\n\n<figure class=\"wp-block-pullquote\"><blockquote><p><br><em>The following information is valid and applicable until December 31, 2023, following the entry into force of the new Law No. <\/em><a href=\"https:\/\/alprofitconsult.al\/wp-content\/uploads\/2023\/11\/LIGJ-NR.-29-2023-PER-TATIMIN-MBI-TE-ARDHURAT-4.pdf\" target=\"_blank\" rel=\"noreferrer noopener\">29\/2023<\/a><em> On Income Tax. Please browse our website for more details and updated information at: <\/em><a href=\"https:\/\/alprofitconsult.al\/en\/tatime\/\" target=\"_blank\" rel=\"noreferrer noopener\">https:\/\/alprofitconsult.al\/tatime\/<\/a><\/p><\/blockquote><\/figure>\n\n\n\n<p>Kryefamiljari, p\u00ebr q\u00ebllime tatimore, konsiderohet nj\u00eb person i cili pun\u00ebson individ\u00eb si pun\u00ebtor\u00eb sht\u00ebpie.<\/p>\n\n\n\n<div class=\"wp-block-group\"><div class=\"wp-block-group__inner-container is-layout-flow wp-block-group-is-layout-flow\">\n<p>Konsiderohen \u201cpun\u00ebtor\u00eb sht\u00ebpie\u201d personat q\u00eb pun\u00ebsohen nga kryefamiljari, n\u00eb pun\u00eb t\u00eb tilla si:<\/p>\n\n\n\n<figure class=\"wp-block-pullquote\"><blockquote><p>kujdestar p\u00ebr f\u00ebmij\u00ebt,<br>kuzhinier,<br>pastrues,<br>roje-administrator sht\u00ebpie,<br>asistent p\u00ebr t\u00eb moshuarit, etj.,<br>apo edhe sh\u00ebrbime t\u00eb ndryshme t\u00eb k\u00ebsaj natyre;<\/p><\/blockquote><\/figure>\n<\/div><\/div>\n\n\n\n<p>Kryefamiljari \u00ebsht\u00eb i detyruar q\u00eb t\u00eb regjistrohet pran\u00eb Drejtoris\u00eb Rajonale Tatimore, n\u00eb juridiksionin e s\u00eb cil\u00ebs ndodhet vendbanimi.<\/p>\n\n\n\n<h3 class=\"wp-block-heading\">Dokumentacioni p\u00ebr regjistrim<\/h3>\n\n\n\n<p>Kryefamiljari, q\u00eb pun\u00ebson persona si pun\u00ebtor\u00eb sht\u00ebpie, paraqet p\u00ebr regjistrim:<\/p>\n\n\n\n<ul class=\"wp-block-list\">\n<li>Written request;<\/li>\n\n\n\n<li>Fotokopje t\u00eb Kart\u00ebs s\u00eb Identitetit ose t\u00eb Pasaport\u00ebs t\u00eb kryefamiljarit;<\/li>\n\n\n\n<li>Kopje t\u00eb marr\u00ebveshjes s\u00eb pun\u00ebs s\u00eb n\u00ebnshkruar midis tij dhe t\u00eb pun\u00ebsuarit, e cila p\u00ebrve\u00e7 t\u00eb tjerave duhet t\u00eb p\u00ebrmbaj\u00eb detyrimisht :<\/li>\n\n\n\n<li>numrin e sigurimit shoq\u00ebror t\u00eb personit t\u00eb pun\u00ebsuar,<\/li>\n\n\n\n<li>koh\u00ebn e fillimit t\u00eb pun\u00ebs,<\/li>\n\n\n\n<li>koh\u00ebzgjatjen e saj \u201cme ose pa afat\u201d,<\/li>\n\n\n\n<li>pag\u00ebn mujore bruto.<\/li>\n<\/ul>\n\n\n\n<h3 class=\"wp-block-heading\">Deregistration<\/h3>\n\n\n\n<p>\u00c7regjistrimi behet me k\u00ebrkes\u00eb t\u00eb tij, pran\u00eb Drejtoris\u00eb Rajonale Tatimore, ku \u00ebsht\u00eb b\u00ebr\u00eb regjistrimi, me k\u00ebrkes\u00eb t\u00eb kryefamiljarit.<\/p>\n\n\n\n<h3 class=\"wp-block-heading\">Detyrimet q\u00eb duhen paguar<\/h3>\n\n\n\n<p>Personat e pun\u00ebsuar, q\u00eb punojn\u00eb me koh\u00eb t\u00eb plot\u00eb apo t\u00eb pjesshme pune, si pun\u00ebtor\u00eb sht\u00ebpie n\u00eb familjet e t\u00eb tjer\u00ebve, sigurohen n\u00eb m\u00ebnyr\u00eb t\u00eb detyrueshme p\u00ebr:<\/p>\n\n\n\n<ul class=\"wp-block-list\">\n<li>deg\u00ebn e pensioneve dhe<\/li>\n\n\n\n<li>p\u00ebr sigurimin e kujdesit sh\u00ebndet\u00ebsor.<\/li>\n<\/ul>\n\n\n\n<p>P\u00ebr personat q\u00eb punojn\u00eb si pun\u00ebtor\u00eb sht\u00ebpie, kryefamiljari duhet t\u00eb deklaroj\u00eb dhe t\u00eb paguaj\u00eb kontribut minimal mujor n\u00eb shum\u00ebn 3&nbsp;948 lek\u00eb, nga t\u00eb cilat:<\/p>\n\n\n\n<ul class=\"wp-block-list\">\n<li>3&nbsp;200 lek\u00eb p\u00ebr sigurime shoq\u00ebrore;<\/li>\n\n\n\n<li>748 lek\u00eb p\u00ebr sigurimin e kujdesit sh\u00ebndet\u00ebsor.<\/li>\n<\/ul>\n\n\n\n<p>Pagesa e kontributeve b\u00ebhet \u00e7do tremujor, brenda dat\u00ebs 20, t\u00eb muajit t\u00eb par\u00eb pas p\u00ebrfundimit t\u00eb \u00e7do tremujori t\u00eb vitit kalendarik, konkretisht sipas kalendarit:<\/p>\n\n\n\n<ul class=\"wp-block-list\">\n<li>20 Prill<\/li>\n\n\n\n<li>20 Korrik<\/li>\n\n\n\n<li>20 Tetor<\/li>\n\n\n\n<li>20 Janar<\/li>\n<\/ul>\n\n\n\n<p>Kontributet e sigurimeve shoq\u00ebrore dhe t\u00eb sigurimit t\u00eb kujdesit sh\u00ebndet\u00ebsor, paguhen nga kryefamiljari, n\u00eb bankat e nivelit t\u00eb dyt\u00eb.<\/p>\n\n\n\n<p>Source: <a href=\"https:\/\/www.tatime.gov.al\/c\/3\/12\/24\/kryefamiljare\" target=\"_blank\" rel=\"noreferrer noopener\">General Directorate of Taxes.<\/a><\/p>\n\n\n<div class=\"gdlr-core-widget-box-shortcode\" style=\"color: #ffffff ;background-color: #000014 ;\"  ><h3 class=\"gdlr-core-widget-box-shortcode-title\" style=\"color: #ffffff ;\"  >Do you have a question?<\/h3><div class=\"gdlr-core-widget-box-shortcode-content\" ><p class=\"translation-block\">Do not hesitate to <a href=\"https:\/\/alprofitconsult.al\/en\/contact\/\" target=\"_self\">contact<\/a> us. We are a team of experts and will be happy to speak with you.<\/p>\n<\/div><\/div>","protected":false},"excerpt":{"rendered":"<p>Informacioni i m\u00ebposht\u00ebm \u00ebsht\u00eb i vlefsh\u00ebm dhe zbatohet deri m\u00eb 31 dhjetor 2023, me hyrjen n\u00eb fuqi t\u00eb Ligjit t\u00eb ri Nr. 29\/2023 p\u00ebr Tatimin mbi t\u00eb Ardhurat. Shfletoni faqen ton\u00eb p\u00ebr m\u00eb shum\u00eb detaje dhe informacione t\u00eb p\u00ebrdit\u00ebsuara https:\/\/alprofitconsult.al\/tatime\/ Kryefamiljari, p\u00ebr q\u00ebllime tatimore, konsiderohet nj\u00eb person i cili pun\u00ebson individ\u00eb si pun\u00ebtor\u00eb sht\u00ebpie. Konsiderohen [&hellip;]<\/p>","protected":false},"author":1,"featured_media":15431,"parent":15067,"menu_order":0,"comment_status":"closed","ping_status":"closed","template":"","meta":{"footnotes":""},"class_list":["post-15081","page","type-page","status-publish","has-post-thumbnail","hentry"],"yoast_head":"<!-- This site is optimized with the Yoast SEO plugin v26.5 - https:\/\/yoast.com\/wordpress\/plugins\/seo\/ -->\n<title>Kryefamiljar\u00eb - AlProfit Consult<\/title>\n<meta name=\"robots\" content=\"index, follow, max-snippet:-1, max-image-preview:large, max-video-preview:-1\" \/>\n<link rel=\"canonical\" href=\"https:\/\/alprofitconsult.al\/en\/tatime\/individ\/kategorite\/kryefamiljare\/\" \/>\n<meta property=\"og:locale\" content=\"en_US\" \/>\n<meta property=\"og:type\" content=\"article\" \/>\n<meta property=\"og:title\" content=\"Kryefamiljar\u00eb - AlProfit Consult\" \/>\n<meta property=\"og:description\" content=\"Informacioni i m\u00ebposht\u00ebm \u00ebsht\u00eb i vlefsh\u00ebm dhe zbatohet deri m\u00eb 31 dhjetor 2023, me hyrjen n\u00eb fuqi t\u00eb Ligjit t\u00eb ri Nr. 29\/2023 p\u00ebr Tatimin mbi t\u00eb Ardhurat. Shfletoni faqen ton\u00eb p\u00ebr m\u00eb shum\u00eb detaje dhe informacione t\u00eb p\u00ebrdit\u00ebsuara https:\/\/alprofitconsult.al\/tatime\/ Kryefamiljari, p\u00ebr q\u00ebllime tatimore, konsiderohet nj\u00eb person i cili pun\u00ebson individ\u00eb si pun\u00ebtor\u00eb sht\u00ebpie. Konsiderohen [&hellip;]\" \/>\n<meta property=\"og:url\" content=\"https:\/\/alprofitconsult.al\/en\/tatime\/individ\/kategorite\/kryefamiljare\/\" \/>\n<meta property=\"og:site_name\" content=\"AlProfit Consult\" \/>\n<meta property=\"article:publisher\" content=\"https:\/\/www.facebook.com\/AlProfitConsult\/\" \/>\n<meta property=\"article:modified_time\" content=\"2024-11-29T21:02:51+00:00\" \/>\n<meta property=\"og:image\" content=\"https:\/\/alprofitconsult.al\/wp-content\/uploads\/2022\/10\/AlProfit-Consult-Kryefamiljare.jpg\" \/>\n\t<meta property=\"og:image:width\" content=\"1920\" \/>\n\t<meta property=\"og:image:height\" content=\"1280\" \/>\n\t<meta property=\"og:image:type\" content=\"image\/jpeg\" \/>\n<meta name=\"twitter:card\" content=\"summary_large_image\" \/>\n<meta name=\"twitter:site\" content=\"@AlProfitConsult\" \/>\n<meta name=\"twitter:label1\" content=\"Est. reading time\" \/>\n\t<meta name=\"twitter:data1\" content=\"2 minutes\" \/>\n<script type=\"application\/ld+json\" class=\"yoast-schema-graph\">{\"@context\":\"https:\/\/schema.org\",\"@graph\":[{\"@type\":\"WebPage\",\"@id\":\"https:\/\/alprofitconsult.al\/en\/tatime\/individ\/kategorite\/kryefamiljare\/\",\"url\":\"https:\/\/alprofitconsult.al\/en\/tatime\/individ\/kategorite\/kryefamiljare\/\",\"name\":\"Kryefamiljar\u00eb - AlProfit Consult\",\"isPartOf\":{\"@id\":\"https:\/\/alprofitconsult.al\/#website\"},\"primaryImageOfPage\":{\"@id\":\"https:\/\/alprofitconsult.al\/en\/tatime\/individ\/kategorite\/kryefamiljare\/#primaryimage\"},\"image\":{\"@id\":\"https:\/\/alprofitconsult.al\/en\/tatime\/individ\/kategorite\/kryefamiljare\/#primaryimage\"},\"thumbnailUrl\":\"https:\/\/alprofitconsult.al\/wp-content\/uploads\/2022\/10\/AlProfit-Consult-Kryefamiljare.jpg\",\"datePublished\":\"2022-10-07T20:14:18+00:00\",\"dateModified\":\"2024-11-29T21:02:51+00:00\",\"breadcrumb\":{\"@id\":\"https:\/\/alprofitconsult.al\/en\/tatime\/individ\/kategorite\/kryefamiljare\/#breadcrumb\"},\"inLanguage\":\"en-US\",\"potentialAction\":[{\"@type\":\"ReadAction\",\"target\":[\"https:\/\/alprofitconsult.al\/en\/tatime\/individ\/kategorite\/kryefamiljare\/\"]}]},{\"@type\":\"ImageObject\",\"inLanguage\":\"en-US\",\"@id\":\"https:\/\/alprofitconsult.al\/en\/tatime\/individ\/kategorite\/kryefamiljare\/#primaryimage\",\"url\":\"https:\/\/alprofitconsult.al\/wp-content\/uploads\/2022\/10\/AlProfit-Consult-Kryefamiljare.jpg\",\"contentUrl\":\"https:\/\/alprofitconsult.al\/wp-content\/uploads\/2022\/10\/AlProfit-Consult-Kryefamiljare.jpg\",\"width\":1920,\"height\":1280},{\"@type\":\"BreadcrumbList\",\"@id\":\"https:\/\/alprofitconsult.al\/en\/tatime\/individ\/kategorite\/kryefamiljare\/#breadcrumb\",\"itemListElement\":[{\"@type\":\"ListItem\",\"position\":1,\"name\":\"Kryefaqe\",\"item\":\"https:\/\/alprofitconsult.al\/\"},{\"@type\":\"ListItem\",\"position\":2,\"name\":\"Legjislacioni tatimor\",\"item\":\"https:\/\/alprofitconsult.al\/en\/tatime\/\"},{\"@type\":\"ListItem\",\"position\":3,\"name\":\"Individ\",\"item\":\"https:\/\/alprofitconsult.al\/en\/tatime\/individ\/\"},{\"@type\":\"ListItem\",\"position\":4,\"name\":\"Kategorit\u00eb\",\"item\":\"https:\/\/alprofitconsult.al\/en\/tatime\/individ\/kategorite\/\"},{\"@type\":\"ListItem\",\"position\":5,\"name\":\"Kryefamiljar\u00eb\"}]},{\"@type\":\"WebSite\",\"@id\":\"https:\/\/alprofitconsult.al\/#website\",\"url\":\"https:\/\/alprofitconsult.al\/\",\"name\":\"AlProfit Consult\",\"description\":\"Zyr\u00eb Kontabiliteti\",\"publisher\":{\"@id\":\"https:\/\/alprofitconsult.al\/#organization\"},\"potentialAction\":[{\"@type\":\"SearchAction\",\"target\":{\"@type\":\"EntryPoint\",\"urlTemplate\":\"https:\/\/alprofitconsult.al\/?s={search_term_string}\"},\"query-input\":{\"@type\":\"PropertyValueSpecification\",\"valueRequired\":true,\"valueName\":\"search_term_string\"}}],\"inLanguage\":\"en-US\"},{\"@type\":\"Organization\",\"@id\":\"https:\/\/alprofitconsult.al\/#organization\",\"name\":\"Alprofit Consult\",\"url\":\"https:\/\/alprofitconsult.al\/\",\"logo\":{\"@type\":\"ImageObject\",\"inLanguage\":\"en-US\",\"@id\":\"https:\/\/alprofitconsult.al\/#\/schema\/logo\/image\/\",\"url\":\"https:\/\/alprofitconsult.al\/wp-content\/uploads\/2022\/10\/logoalprofit.png\",\"contentUrl\":\"https:\/\/alprofitconsult.al\/wp-content\/uploads\/2022\/10\/logoalprofit.png\",\"width\":529,\"height\":156,\"caption\":\"Alprofit Consult\"},\"image\":{\"@id\":\"https:\/\/alprofitconsult.al\/#\/schema\/logo\/image\/\"},\"sameAs\":[\"https:\/\/www.facebook.com\/AlProfitConsult\/\",\"https:\/\/x.com\/AlProfitConsult\",\"https:\/\/www.linkedin.com\/company\/andi-haxhillari\/\",\"https:\/\/www.pinterest.com\/AlProfitConsult\/\",\"https:\/\/www.youtube.com\/channel\/UCZ5Gfntn161Nla3g1XdRldA\",\"https:\/\/sq.wikipedia.org\/wiki\/P\u00ebrdoruesi:Andi25~sqwiki\"]}]}<\/script>\n<!-- \/ Yoast SEO plugin. -->","yoast_head_json":{"title":"Kryefamiljar\u00eb - AlProfit Consult","robots":{"index":"index","follow":"follow","max-snippet":"max-snippet:-1","max-image-preview":"max-image-preview:large","max-video-preview":"max-video-preview:-1"},"canonical":"https:\/\/alprofitconsult.al\/en\/tatime\/individ\/kategorite\/kryefamiljare\/","og_locale":"en_US","og_type":"article","og_title":"Kryefamiljar\u00eb - AlProfit Consult","og_description":"Informacioni i m\u00ebposht\u00ebm \u00ebsht\u00eb i vlefsh\u00ebm dhe zbatohet deri m\u00eb 31 dhjetor 2023, me hyrjen n\u00eb fuqi t\u00eb Ligjit t\u00eb ri Nr. 29\/2023 p\u00ebr Tatimin mbi t\u00eb Ardhurat. Shfletoni faqen ton\u00eb p\u00ebr m\u00eb shum\u00eb detaje dhe informacione t\u00eb p\u00ebrdit\u00ebsuara https:\/\/alprofitconsult.al\/tatime\/ Kryefamiljari, p\u00ebr q\u00ebllime tatimore, konsiderohet nj\u00eb person i cili pun\u00ebson individ\u00eb si pun\u00ebtor\u00eb sht\u00ebpie. Konsiderohen [&hellip;]","og_url":"https:\/\/alprofitconsult.al\/en\/tatime\/individ\/kategorite\/kryefamiljare\/","og_site_name":"AlProfit Consult","article_publisher":"https:\/\/www.facebook.com\/AlProfitConsult\/","article_modified_time":"2024-11-29T21:02:51+00:00","og_image":[{"width":1920,"height":1280,"url":"https:\/\/alprofitconsult.al\/wp-content\/uploads\/2022\/10\/AlProfit-Consult-Kryefamiljare.jpg","type":"image\/jpeg"}],"twitter_card":"summary_large_image","twitter_site":"@AlProfitConsult","twitter_misc":{"Est. reading time":"2 minutes"},"schema":{"@context":"https:\/\/schema.org","@graph":[{"@type":"WebPage","@id":"https:\/\/alprofitconsult.al\/en\/tatime\/individ\/kategorite\/kryefamiljare\/","url":"https:\/\/alprofitconsult.al\/en\/tatime\/individ\/kategorite\/kryefamiljare\/","name":"Kryefamiljar\u00eb - AlProfit Consult","isPartOf":{"@id":"https:\/\/alprofitconsult.al\/#website"},"primaryImageOfPage":{"@id":"https:\/\/alprofitconsult.al\/en\/tatime\/individ\/kategorite\/kryefamiljare\/#primaryimage"},"image":{"@id":"https:\/\/alprofitconsult.al\/en\/tatime\/individ\/kategorite\/kryefamiljare\/#primaryimage"},"thumbnailUrl":"https:\/\/alprofitconsult.al\/wp-content\/uploads\/2022\/10\/AlProfit-Consult-Kryefamiljare.jpg","datePublished":"2022-10-07T20:14:18+00:00","dateModified":"2024-11-29T21:02:51+00:00","breadcrumb":{"@id":"https:\/\/alprofitconsult.al\/en\/tatime\/individ\/kategorite\/kryefamiljare\/#breadcrumb"},"inLanguage":"en-US","potentialAction":[{"@type":"ReadAction","target":["https:\/\/alprofitconsult.al\/en\/tatime\/individ\/kategorite\/kryefamiljare\/"]}]},{"@type":"ImageObject","inLanguage":"en-US","@id":"https:\/\/alprofitconsult.al\/en\/tatime\/individ\/kategorite\/kryefamiljare\/#primaryimage","url":"https:\/\/alprofitconsult.al\/wp-content\/uploads\/2022\/10\/AlProfit-Consult-Kryefamiljare.jpg","contentUrl":"https:\/\/alprofitconsult.al\/wp-content\/uploads\/2022\/10\/AlProfit-Consult-Kryefamiljare.jpg","width":1920,"height":1280},{"@type":"BreadcrumbList","@id":"https:\/\/alprofitconsult.al\/en\/tatime\/individ\/kategorite\/kryefamiljare\/#breadcrumb","itemListElement":[{"@type":"ListItem","position":1,"name":"Kryefaqe","item":"https:\/\/alprofitconsult.al\/"},{"@type":"ListItem","position":2,"name":"Legjislacioni tatimor","item":"https:\/\/alprofitconsult.al\/en\/tatime\/"},{"@type":"ListItem","position":3,"name":"Individ","item":"https:\/\/alprofitconsult.al\/en\/tatime\/individ\/"},{"@type":"ListItem","position":4,"name":"Kategorit\u00eb","item":"https:\/\/alprofitconsult.al\/en\/tatime\/individ\/kategorite\/"},{"@type":"ListItem","position":5,"name":"Kryefamiljar\u00eb"}]},{"@type":"WebSite","@id":"https:\/\/alprofitconsult.al\/#website","url":"https:\/\/alprofitconsult.al\/","name":"AlProfit Consult","description":"Zyr\u00eb Kontabiliteti","publisher":{"@id":"https:\/\/alprofitconsult.al\/#organization"},"potentialAction":[{"@type":"SearchAction","target":{"@type":"EntryPoint","urlTemplate":"https:\/\/alprofitconsult.al\/?s={search_term_string}"},"query-input":{"@type":"PropertyValueSpecification","valueRequired":true,"valueName":"search_term_string"}}],"inLanguage":"en-US"},{"@type":"Organization","@id":"https:\/\/alprofitconsult.al\/#organization","name":"Alprofit Consult","url":"https:\/\/alprofitconsult.al\/","logo":{"@type":"ImageObject","inLanguage":"en-US","@id":"https:\/\/alprofitconsult.al\/#\/schema\/logo\/image\/","url":"https:\/\/alprofitconsult.al\/wp-content\/uploads\/2022\/10\/logoalprofit.png","contentUrl":"https:\/\/alprofitconsult.al\/wp-content\/uploads\/2022\/10\/logoalprofit.png","width":529,"height":156,"caption":"Alprofit Consult"},"image":{"@id":"https:\/\/alprofitconsult.al\/#\/schema\/logo\/image\/"},"sameAs":["https:\/\/www.facebook.com\/AlProfitConsult\/","https:\/\/x.com\/AlProfitConsult","https:\/\/www.linkedin.com\/company\/andi-haxhillari\/","https:\/\/www.pinterest.com\/AlProfitConsult\/","https:\/\/www.youtube.com\/channel\/UCZ5Gfntn161Nla3g1XdRldA","https:\/\/sq.wikipedia.org\/wiki\/P\u00ebrdoruesi:Andi25~sqwiki"]}]}},"_links":{"self":[{"href":"https:\/\/alprofitconsult.al\/en\/wp-json\/wp\/v2\/pages\/15081","targetHints":{"allow":["GET"]}}],"collection":[{"href":"https:\/\/alprofitconsult.al\/en\/wp-json\/wp\/v2\/pages"}],"about":[{"href":"https:\/\/alprofitconsult.al\/en\/wp-json\/wp\/v2\/types\/page"}],"author":[{"embeddable":true,"href":"https:\/\/alprofitconsult.al\/en\/wp-json\/wp\/v2\/users\/1"}],"replies":[{"embeddable":true,"href":"https:\/\/alprofitconsult.al\/en\/wp-json\/wp\/v2\/comments?post=15081"}],"version-history":[{"count":5,"href":"https:\/\/alprofitconsult.al\/en\/wp-json\/wp\/v2\/pages\/15081\/revisions"}],"predecessor-version":[{"id":19660,"href":"https:\/\/alprofitconsult.al\/en\/wp-json\/wp\/v2\/pages\/15081\/revisions\/19660"}],"up":[{"embeddable":true,"href":"https:\/\/alprofitconsult.al\/en\/wp-json\/wp\/v2\/pages\/15067"}],"wp:featuredmedia":[{"embeddable":true,"href":"https:\/\/alprofitconsult.al\/en\/wp-json\/wp\/v2\/media\/15431"}],"wp:attachment":[{"href":"https:\/\/alprofitconsult.al\/en\/wp-json\/wp\/v2\/media?parent=15081"}],"curies":[{"name":"wp","href":"https:\/\/api.w.org\/{rel}","templated":true}]}}