{"id":15436,"date":"2022-10-08T18:35:39","date_gmt":"2022-10-08T18:35:39","guid":{"rendered":"https:\/\/alprofitconsult.al\/?page_id=15436"},"modified":"2024-11-29T21:04:05","modified_gmt":"2024-11-29T21:04:05","slug":"exempt-income","status":"publish","type":"page","link":"https:\/\/alprofitconsult.al\/en\/tatime\/individ\/te-ardhurat-e-tatueshme\/te-ardhura-te-perjashtuara\/","title":{"rendered":"Exempt income for individuals"},"content":{"rendered":"<div class=\"yoast-breadcrumbs\"><span><span><a href=\"https:\/\/alprofitconsult.al\/en\/\">Home<\/a><\/span> | <span><a href=\"https:\/\/alprofitconsult.al\/en\/tatime\/\">Tax legislation<\/a><\/span> | <span><a href=\"https:\/\/alprofitconsult.al\/en\/tatime\/individ\/\">Individual<\/a><\/span> | <span><a href=\"https:\/\/alprofitconsult.al\/en\/tatime\/individ\/te-ardhurat-e-tatueshme\/\">Taxable income for an individual<\/a><\/span> | <span class=\"breadcrumb_last\" aria-current=\"page\">Exempt income for individuals<\/span><\/span><\/div>\n\n\n<p><\/p>\n\n\n\n<figure class=\"wp-block-image size-large\"><img loading=\"lazy\" decoding=\"async\" width=\"1024\" height=\"683\" src=\"https:\/\/alprofitconsult.al\/wp-content\/uploads\/2022\/10\/AlProfit-Consult-Te-ardhura-te-perjashtuara-per-individet-1024x683.jpg\" alt=\"\" class=\"wp-image-15700\" srcset=\"https:\/\/alprofitconsult.al\/wp-content\/uploads\/2022\/10\/AlProfit-Consult-Te-ardhura-te-perjashtuara-per-individet-1024x683.jpg 1024w, https:\/\/alprofitconsult.al\/wp-content\/uploads\/2022\/10\/AlProfit-Consult-Te-ardhura-te-perjashtuara-per-individet-300x200.jpg 300w, https:\/\/alprofitconsult.al\/wp-content\/uploads\/2022\/10\/AlProfit-Consult-Te-ardhura-te-perjashtuara-per-individet-150x100.jpg 150w, https:\/\/alprofitconsult.al\/wp-content\/uploads\/2022\/10\/AlProfit-Consult-Te-ardhura-te-perjashtuara-per-individet-768x512.jpg 768w, https:\/\/alprofitconsult.al\/wp-content\/uploads\/2022\/10\/AlProfit-Consult-Te-ardhura-te-perjashtuara-per-individet-1536x1024.jpg 1536w, https:\/\/alprofitconsult.al\/wp-content\/uploads\/2022\/10\/AlProfit-Consult-Te-ardhura-te-perjashtuara-per-individet.jpg 1920w\" sizes=\"auto, (max-width: 1024px) 100vw, 1024px\" \/><\/figure>\n\n\n\n<figure class=\"wp-block-pullquote\"><blockquote><p><br><em>The following information is valid and applicable until December 31, 2023, following the entry into force of the new Law No. <\/em><a href=\"https:\/\/alprofitconsult.al\/wp-content\/uploads\/2023\/11\/LIGJ-NR.-29-2023-PER-TATIMIN-MBI-TE-ARDHURAT-4.pdf\" target=\"_blank\" rel=\"noreferrer noopener\">29\/2023<\/a><em> On Income Tax. Please browse our website for more details and updated information at: <\/em><a href=\"https:\/\/alprofitconsult.al\/en\/taxes\/\" target=\"_blank\" rel=\"noreferrer noopener\">https:\/\/alprofitconsult.al\/tatime\/<\/a><\/p><\/blockquote><\/figure>\n\n\n\n<p>The following income is exempt from personal income tax:<\/p>\n\n\n\n<ol class=\"wp-block-list\">\n<li>Incomes received as a result of coverage under the mandatory social security and health insurance scheme, as well as financial assistance for individuals with no income or low income.<\/li>\n\n\n\n<li>Scholarships for students and pupils.<\/li>\n\n\n\n<li>Benefits received in cases of illness or misfortune, in accordance with the provisions of the applicable legislation in force.<\/li>\n\n\n\n<li>Compensation received by landowners, including monetary or in-kind payments, in return for expropriations carried out by the state for public interest purposes.<\/li>\n\n\n\n<li>Incomes exempt under international agreements ratified by the Assembly of Albania.<\/li>\n\n\n\n<li>Incomes received as a result of financial compensation for former owners and former political prisoners.<\/li>\n\n\n\n<li>Contributions made by the employer for the life and health insurance of employees.<\/li>\n\n\n\n<li>Benefits for damages obtained through final court judgments, as well as certain reimbursements for litigation costs.<\/li>\n\n\n\n<li>Incomes received by state institutions for achievements in science, sports, and culture.<\/li>\n\n\n\n<li>The transfer of ownership rights in agricultural land from a registered farmer to a farmer or to a natural or legal person engaged in agricultural activity.<\/li>\n\n\n\n<li>Transfer of ownership rights within the gender-based relationship of husband, wife, and child, through gift and\/or waiver of property, when the property derives from the compulsory co-ownership acquired under Law No. 7501 of 19.7.1991, \u201cOn Land,\u201d as amended.<\/li>\n\n\n\n<li>Incomes derived from the transfer of ownership rights to a dwelling and\/or land within a family's blood relationship\u2014spouse, child\u2014only once per beneficiary, through gift and\/or waiver of the property.<\/li>\n\n\n\n<li>The contribution made by each member of a voluntary pension fund up to the amount specified in the law on voluntary pension funds.<\/li>\n\n\n\n<li>Return on investment, including capital gains from investments made with the pension fund's assets, during management by the management company.<\/li>\n<\/ol>\n\n\n\n<p>Source: <a href=\"https:\/\/www.tatime.gov.al\/c\/3\/11\/25\/te-ardhura-te-perjashtuara\" target=\"_blank\" rel=\"noreferrer noopener\">General Directorate of Taxes.<\/a><\/p>\n\n\n<div class=\"gdlr-core-widget-box-shortcode\" style=\"color: #ffffff ;background-color: #000014 ;\"  ><h3 class=\"gdlr-core-widget-box-shortcode-title\" style=\"color: #ffffff ;\"  >Do you have a question?<\/h3><div class=\"gdlr-core-widget-box-shortcode-content\" ><p class=\"translation-block\">Do not hesitate to <a href=\"https:\/\/alprofitconsult.al\/en\/contact\/\" target=\"_self\">contact<\/a> us. We are a team of experts and will be happy to speak with you.<\/p>\n<\/div><\/div>","protected":false},"excerpt":{"rendered":"<p>Informacioni i m\u00ebposht\u00ebm \u00ebsht\u00eb i vlefsh\u00ebm dhe zbatohet deri m\u00eb 31 dhjetor 2023, me hyrjen n\u00eb fuqi t\u00eb Ligjit t\u00eb ri Nr. 29\/2023 p\u00ebr Tatimin mbi t\u00eb Ardhurat. Shfletoni faqen ton\u00eb p\u00ebr m\u00eb shum\u00eb detaje dhe informacione t\u00eb p\u00ebrdit\u00ebsuara https:\/\/alprofitconsult.al\/tatime\/ P\u00ebrjashtohen nga tatimi mbi t\u00eb ardhurat personale t\u00eb ardhurat e posht\u00ebsh\u00ebnuara: Burimi: Drejtoria e P\u00ebrgjithshme [&hellip;]<\/p>\n","protected":false},"author":1,"featured_media":15700,"parent":15119,"menu_order":0,"comment_status":"closed","ping_status":"closed","template":"","meta":{"footnotes":""},"class_list":["post-15436","page","type-page","status-publish","has-post-thumbnail","hentry"],"yoast_head":"<!-- This site is optimized with the Yoast SEO plugin v26.5 - https:\/\/yoast.com\/wordpress\/plugins\/seo\/ -->\n<title>T\u00eb ardhura t\u00eb p\u00ebrjashtuara p\u00ebr individ\u00ebt - AlProfit Consult<\/title>\n<meta name=\"robots\" content=\"index, follow, max-snippet:-1, max-image-preview:large, max-video-preview:-1\" \/>\n<link rel=\"canonical\" href=\"https:\/\/alprofitconsult.al\/en\/taxes\/individual\/taxable-income\/exempt-income\/\" \/>\n<meta property=\"og:locale\" content=\"en_US\" \/>\n<meta property=\"og:type\" content=\"article\" \/>\n<meta property=\"og:title\" content=\"T\u00eb ardhura t\u00eb p\u00ebrjashtuara p\u00ebr individ\u00ebt - AlProfit Consult\" \/>\n<meta property=\"og:description\" content=\"Informacioni i m\u00ebposht\u00ebm \u00ebsht\u00eb i vlefsh\u00ebm dhe zbatohet deri m\u00eb 31 dhjetor 2023, me hyrjen n\u00eb fuqi t\u00eb Ligjit t\u00eb ri Nr. 29\/2023 p\u00ebr Tatimin mbi t\u00eb Ardhurat. Shfletoni faqen ton\u00eb p\u00ebr m\u00eb shum\u00eb detaje dhe informacione t\u00eb p\u00ebrdit\u00ebsuara https:\/\/alprofitconsult.al\/tatime\/ P\u00ebrjashtohen nga tatimi mbi t\u00eb ardhurat personale t\u00eb ardhurat e posht\u00ebsh\u00ebnuara: Burimi: Drejtoria e P\u00ebrgjithshme [&hellip;]\" \/>\n<meta property=\"og:url\" content=\"https:\/\/alprofitconsult.al\/en\/taxes\/individual\/taxable-income\/exempt-income\/\" \/>\n<meta property=\"og:site_name\" content=\"AlProfit Consult\" \/>\n<meta property=\"article:publisher\" content=\"https:\/\/www.facebook.com\/AlProfitConsult\/\" \/>\n<meta property=\"article:modified_time\" content=\"2024-11-29T21:04:05+00:00\" \/>\n<meta property=\"og:image\" content=\"https:\/\/alprofitconsult.al\/wp-content\/uploads\/2022\/10\/AlProfit-Consult-Te-ardhura-te-perjashtuara-per-individet.jpg\" \/>\n\t<meta property=\"og:image:width\" content=\"1920\" \/>\n\t<meta property=\"og:image:height\" content=\"1280\" \/>\n\t<meta property=\"og:image:type\" content=\"image\/jpeg\" \/>\n<meta name=\"twitter:card\" content=\"summary_large_image\" \/>\n<meta name=\"twitter:site\" content=\"@AlProfitConsult\" \/>\n<meta name=\"twitter:label1\" content=\"Est. reading time\" \/>\n\t<meta name=\"twitter:data1\" content=\"2 minutes\" \/>\n<script type=\"application\/ld+json\" class=\"yoast-schema-graph\">{\"@context\":\"https:\/\/schema.org\",\"@graph\":[{\"@type\":\"WebPage\",\"@id\":\"https:\/\/alprofitconsult.al\/en\/tatime\/individ\/te-ardhurat-e-tatueshme\/te-ardhura-te-perjashtuara\/\",\"url\":\"https:\/\/alprofitconsult.al\/en\/tatime\/individ\/te-ardhurat-e-tatueshme\/te-ardhura-te-perjashtuara\/\",\"name\":\"T\u00eb ardhura t\u00eb p\u00ebrjashtuara p\u00ebr individ\u00ebt - AlProfit Consult\",\"isPartOf\":{\"@id\":\"https:\/\/alprofitconsult.al\/#website\"},\"primaryImageOfPage\":{\"@id\":\"https:\/\/alprofitconsult.al\/en\/tatime\/individ\/te-ardhurat-e-tatueshme\/te-ardhura-te-perjashtuara\/#primaryimage\"},\"image\":{\"@id\":\"https:\/\/alprofitconsult.al\/en\/tatime\/individ\/te-ardhurat-e-tatueshme\/te-ardhura-te-perjashtuara\/#primaryimage\"},\"thumbnailUrl\":\"https:\/\/alprofitconsult.al\/wp-content\/uploads\/2022\/10\/AlProfit-Consult-Te-ardhura-te-perjashtuara-per-individet.jpg\",\"datePublished\":\"2022-10-08T18:35:39+00:00\",\"dateModified\":\"2024-11-29T21:04:05+00:00\",\"breadcrumb\":{\"@id\":\"https:\/\/alprofitconsult.al\/en\/tatime\/individ\/te-ardhurat-e-tatueshme\/te-ardhura-te-perjashtuara\/#breadcrumb\"},\"inLanguage\":\"en-US\",\"potentialAction\":[{\"@type\":\"ReadAction\",\"target\":[\"https:\/\/alprofitconsult.al\/en\/tatime\/individ\/te-ardhurat-e-tatueshme\/te-ardhura-te-perjashtuara\/\"]}]},{\"@type\":\"ImageObject\",\"inLanguage\":\"en-US\",\"@id\":\"https:\/\/alprofitconsult.al\/en\/tatime\/individ\/te-ardhurat-e-tatueshme\/te-ardhura-te-perjashtuara\/#primaryimage\",\"url\":\"https:\/\/alprofitconsult.al\/wp-content\/uploads\/2022\/10\/AlProfit-Consult-Te-ardhura-te-perjashtuara-per-individet.jpg\",\"contentUrl\":\"https:\/\/alprofitconsult.al\/wp-content\/uploads\/2022\/10\/AlProfit-Consult-Te-ardhura-te-perjashtuara-per-individet.jpg\",\"width\":1920,\"height\":1280},{\"@type\":\"BreadcrumbList\",\"@id\":\"https:\/\/alprofitconsult.al\/en\/tatime\/individ\/te-ardhurat-e-tatueshme\/te-ardhura-te-perjashtuara\/#breadcrumb\",\"itemListElement\":[{\"@type\":\"ListItem\",\"position\":1,\"name\":\"Kryefaqe\",\"item\":\"https:\/\/alprofitconsult.al\/\"},{\"@type\":\"ListItem\",\"position\":2,\"name\":\"Legjislacioni tatimor\",\"item\":\"https:\/\/alprofitconsult.al\/en\/tatime\/\"},{\"@type\":\"ListItem\",\"position\":3,\"name\":\"Individ\",\"item\":\"https:\/\/alprofitconsult.al\/en\/tatime\/individ\/\"},{\"@type\":\"ListItem\",\"position\":4,\"name\":\"T\u00eb ardhurat e tatueshme p\u00ebr individin\",\"item\":\"https:\/\/alprofitconsult.al\/en\/tatime\/individ\/te-ardhurat-e-tatueshme\/\"},{\"@type\":\"ListItem\",\"position\":5,\"name\":\"T\u00eb ardhura t\u00eb p\u00ebrjashtuara p\u00ebr individ\u00ebt\"}]},{\"@type\":\"WebSite\",\"@id\":\"https:\/\/alprofitconsult.al\/#website\",\"url\":\"https:\/\/alprofitconsult.al\/\",\"name\":\"AlProfit Consult\",\"description\":\"Zyr\u00eb Kontabiliteti\",\"publisher\":{\"@id\":\"https:\/\/alprofitconsult.al\/#organization\"},\"potentialAction\":[{\"@type\":\"SearchAction\",\"target\":{\"@type\":\"EntryPoint\",\"urlTemplate\":\"https:\/\/alprofitconsult.al\/?s={search_term_string}\"},\"query-input\":{\"@type\":\"PropertyValueSpecification\",\"valueRequired\":true,\"valueName\":\"search_term_string\"}}],\"inLanguage\":\"en-US\"},{\"@type\":\"Organization\",\"@id\":\"https:\/\/alprofitconsult.al\/#organization\",\"name\":\"Alprofit Consult\",\"url\":\"https:\/\/alprofitconsult.al\/\",\"logo\":{\"@type\":\"ImageObject\",\"inLanguage\":\"en-US\",\"@id\":\"https:\/\/alprofitconsult.al\/#\/schema\/logo\/image\/\",\"url\":\"https:\/\/alprofitconsult.al\/wp-content\/uploads\/2022\/10\/logoalprofit.png\",\"contentUrl\":\"https:\/\/alprofitconsult.al\/wp-content\/uploads\/2022\/10\/logoalprofit.png\",\"width\":529,\"height\":156,\"caption\":\"Alprofit Consult\"},\"image\":{\"@id\":\"https:\/\/alprofitconsult.al\/#\/schema\/logo\/image\/\"},\"sameAs\":[\"https:\/\/www.facebook.com\/AlProfitConsult\/\",\"https:\/\/x.com\/AlProfitConsult\",\"https:\/\/www.linkedin.com\/company\/andi-haxhillari\/\",\"https:\/\/www.pinterest.com\/AlProfitConsult\/\",\"https:\/\/www.youtube.com\/channel\/UCZ5Gfntn161Nla3g1XdRldA\",\"https:\/\/sq.wikipedia.org\/wiki\/P\u00ebrdoruesi:Andi25~sqwiki\"]}]}<\/script>\n<!-- \/ Yoast SEO plugin. -->","yoast_head_json":{"title":"Exempt income for individuals \u2013 AlProfit Consult","robots":{"index":"index","follow":"follow","max-snippet":"max-snippet:-1","max-image-preview":"max-image-preview:large","max-video-preview":"max-video-preview:-1"},"canonical":"https:\/\/alprofitconsult.al\/en\/taxes\/individual\/taxable-income\/exempt-income\/","og_locale":"en_US","og_type":"article","og_title":"T\u00eb ardhura t\u00eb p\u00ebrjashtuara p\u00ebr individ\u00ebt - AlProfit Consult","og_description":"Informacioni i m\u00ebposht\u00ebm \u00ebsht\u00eb i vlefsh\u00ebm dhe zbatohet deri m\u00eb 31 dhjetor 2023, me hyrjen n\u00eb fuqi t\u00eb Ligjit t\u00eb ri Nr. 29\/2023 p\u00ebr Tatimin mbi t\u00eb Ardhurat. Shfletoni faqen ton\u00eb p\u00ebr m\u00eb shum\u00eb detaje dhe informacione t\u00eb p\u00ebrdit\u00ebsuara https:\/\/alprofitconsult.al\/tatime\/ P\u00ebrjashtohen nga tatimi mbi t\u00eb ardhurat personale t\u00eb ardhurat e posht\u00ebsh\u00ebnuara: Burimi: Drejtoria e P\u00ebrgjithshme [&hellip;]","og_url":"https:\/\/alprofitconsult.al\/en\/taxes\/individual\/taxable-income\/exempt-income\/","og_site_name":"AlProfit Consult","article_publisher":"https:\/\/www.facebook.com\/AlProfitConsult\/","article_modified_time":"2024-11-29T21:04:05+00:00","og_image":[{"width":1920,"height":1280,"url":"https:\/\/alprofitconsult.al\/wp-content\/uploads\/2022\/10\/AlProfit-Consult-Te-ardhura-te-perjashtuara-per-individet.jpg","type":"image\/jpeg"}],"twitter_card":"summary_large_image","twitter_site":"@AlProfitConsult","twitter_misc":{"Est. reading time":"2 minutes"},"schema":{"@context":"https:\/\/schema.org","@graph":[{"@type":"WebPage","@id":"https:\/\/alprofitconsult.al\/en\/tatime\/individ\/te-ardhurat-e-tatueshme\/te-ardhura-te-perjashtuara\/","url":"https:\/\/alprofitconsult.al\/en\/tatime\/individ\/te-ardhurat-e-tatueshme\/te-ardhura-te-perjashtuara\/","name":"Exempt income for individuals \u2013 AlProfit Consult","isPartOf":{"@id":"https:\/\/alprofitconsult.al\/#website"},"primaryImageOfPage":{"@id":"https:\/\/alprofitconsult.al\/en\/tatime\/individ\/te-ardhurat-e-tatueshme\/te-ardhura-te-perjashtuara\/#primaryimage"},"image":{"@id":"https:\/\/alprofitconsult.al\/en\/tatime\/individ\/te-ardhurat-e-tatueshme\/te-ardhura-te-perjashtuara\/#primaryimage"},"thumbnailUrl":"https:\/\/alprofitconsult.al\/wp-content\/uploads\/2022\/10\/AlProfit-Consult-Te-ardhura-te-perjashtuara-per-individet.jpg","datePublished":"2022-10-08T18:35:39+00:00","dateModified":"2024-11-29T21:04:05+00:00","breadcrumb":{"@id":"https:\/\/alprofitconsult.al\/en\/tatime\/individ\/te-ardhurat-e-tatueshme\/te-ardhura-te-perjashtuara\/#breadcrumb"},"inLanguage":"en-US","potentialAction":[{"@type":"ReadAction","target":["https:\/\/alprofitconsult.al\/en\/tatime\/individ\/te-ardhurat-e-tatueshme\/te-ardhura-te-perjashtuara\/"]}]},{"@type":"ImageObject","inLanguage":"en-US","@id":"https:\/\/alprofitconsult.al\/en\/tatime\/individ\/te-ardhurat-e-tatueshme\/te-ardhura-te-perjashtuara\/#primaryimage","url":"https:\/\/alprofitconsult.al\/wp-content\/uploads\/2022\/10\/AlProfit-Consult-Te-ardhura-te-perjashtuara-per-individet.jpg","contentUrl":"https:\/\/alprofitconsult.al\/wp-content\/uploads\/2022\/10\/AlProfit-Consult-Te-ardhura-te-perjashtuara-per-individet.jpg","width":1920,"height":1280},{"@type":"BreadcrumbList","@id":"https:\/\/alprofitconsult.al\/en\/tatime\/individ\/te-ardhurat-e-tatueshme\/te-ardhura-te-perjashtuara\/#breadcrumb","itemListElement":[{"@type":"ListItem","position":1,"name":"Kryefaqe","item":"https:\/\/alprofitconsult.al\/"},{"@type":"ListItem","position":2,"name":"Legjislacioni tatimor","item":"https:\/\/alprofitconsult.al\/en\/tatime\/"},{"@type":"ListItem","position":3,"name":"Individ","item":"https:\/\/alprofitconsult.al\/en\/tatime\/individ\/"},{"@type":"ListItem","position":4,"name":"T\u00eb ardhurat e tatueshme p\u00ebr individin","item":"https:\/\/alprofitconsult.al\/en\/tatime\/individ\/te-ardhurat-e-tatueshme\/"},{"@type":"ListItem","position":5,"name":"T\u00eb ardhura t\u00eb p\u00ebrjashtuara p\u00ebr individ\u00ebt"}]},{"@type":"WebSite","@id":"https:\/\/alprofitconsult.al\/#website","url":"https:\/\/alprofitconsult.al\/","name":"AlProfit Consult","description":"Accounting Office","publisher":{"@id":"https:\/\/alprofitconsult.al\/#organization"},"potentialAction":[{"@type":"SearchAction","target":{"@type":"EntryPoint","urlTemplate":"https:\/\/alprofitconsult.al\/?s={search_term_string}"},"query-input":{"@type":"PropertyValueSpecification","valueRequired":true,"valueName":"search_term_string"}}],"inLanguage":"en-US"},{"@type":"Organization","@id":"https:\/\/alprofitconsult.al\/#organization","name":"Alprofit Consult","url":"https:\/\/alprofitconsult.al\/","logo":{"@type":"ImageObject","inLanguage":"en-US","@id":"https:\/\/alprofitconsult.al\/#\/schema\/logo\/image\/","url":"https:\/\/alprofitconsult.al\/wp-content\/uploads\/2022\/10\/logoalprofit.png","contentUrl":"https:\/\/alprofitconsult.al\/wp-content\/uploads\/2022\/10\/logoalprofit.png","width":529,"height":156,"caption":"Alprofit Consult"},"image":{"@id":"https:\/\/alprofitconsult.al\/#\/schema\/logo\/image\/"},"sameAs":["https:\/\/www.facebook.com\/AlProfitConsult\/","https:\/\/x.com\/AlProfitConsult","https:\/\/www.linkedin.com\/company\/andi-haxhillari\/","https:\/\/www.pinterest.com\/AlProfitConsult\/","https:\/\/www.youtube.com\/channel\/UCZ5Gfntn161Nla3g1XdRldA","https:\/\/sq.wikipedia.org\/wiki\/P\u00ebrdoruesi:Andi25~sqwiki"]}]}},"_links":{"self":[{"href":"https:\/\/alprofitconsult.al\/en\/wp-json\/wp\/v2\/pages\/15436","targetHints":{"allow":["GET"]}}],"collection":[{"href":"https:\/\/alprofitconsult.al\/en\/wp-json\/wp\/v2\/pages"}],"about":[{"href":"https:\/\/alprofitconsult.al\/en\/wp-json\/wp\/v2\/types\/page"}],"author":[{"embeddable":true,"href":"https:\/\/alprofitconsult.al\/en\/wp-json\/wp\/v2\/users\/1"}],"replies":[{"embeddable":true,"href":"https:\/\/alprofitconsult.al\/en\/wp-json\/wp\/v2\/comments?post=15436"}],"version-history":[{"count":5,"href":"https:\/\/alprofitconsult.al\/en\/wp-json\/wp\/v2\/pages\/15436\/revisions"}],"predecessor-version":[{"id":19666,"href":"https:\/\/alprofitconsult.al\/en\/wp-json\/wp\/v2\/pages\/15436\/revisions\/19666"}],"up":[{"embeddable":true,"href":"https:\/\/alprofitconsult.al\/en\/wp-json\/wp\/v2\/pages\/15119"}],"wp:featuredmedia":[{"embeddable":true,"href":"https:\/\/alprofitconsult.al\/en\/wp-json\/wp\/v2\/media\/15700"}],"wp:attachment":[{"href":"https:\/\/alprofitconsult.al\/en\/wp-json\/wp\/v2\/media?parent=15436"}],"curies":[{"name":"wp","href":"https:\/\/api.w.org\/{rel}","templated":true}]}}