{"id":15438,"date":"2022-10-08T18:35:39","date_gmt":"2022-10-08T18:35:39","guid":{"rendered":"https:\/\/alprofitconsult.al\/?page_id=15438"},"modified":"2024-11-29T21:04:27","modified_gmt":"2024-11-29T21:04:27","slug":"shpenzime-te-zbritshme","status":"publish","type":"page","link":"https:\/\/alprofitconsult.al\/en\/tatime\/individ\/te-ardhurat-e-tatueshme\/shpenzime-te-zbritshme\/","title":{"rendered":"Shpenzime t\u00eb zbritshme p\u00ebr individ\u00ebt"},"content":{"rendered":"<div class=\"yoast-breadcrumbs\"><span><span><a href=\"https:\/\/alprofitconsult.al\/en\/\">Home<\/a><\/span> | <span><a href=\"https:\/\/alprofitconsult.al\/en\/tatime\/\">Tax legislation<\/a><\/span> | <span><a href=\"https:\/\/alprofitconsult.al\/en\/tatime\/individ\/\">Individual<\/a><\/span> | <span><a href=\"https:\/\/alprofitconsult.al\/en\/tatime\/individ\/te-ardhurat-e-tatueshme\/\">T\u00eb ardhurat e tatueshme p\u00ebr individin<\/a><\/span> | <span class=\"breadcrumb_last\" aria-current=\"page\">Shpenzime t\u00eb zbritshme p\u00ebr individ\u00ebt<\/span><\/span><\/div>\n\n\n<p><\/p>\n\n\n\n<figure class=\"wp-block-image size-large\"><img loading=\"lazy\" decoding=\"async\" width=\"1024\" height=\"710\" src=\"https:\/\/alprofitconsult.al\/wp-content\/uploads\/2022\/10\/AlProfit-Consult-Shpenzime-te-zbritshme-per-individet-1024x710.jpg\" alt=\"\" class=\"wp-image-15706\" srcset=\"https:\/\/alprofitconsult.al\/wp-content\/uploads\/2022\/10\/AlProfit-Consult-Shpenzime-te-zbritshme-per-individet-1024x710.jpg 1024w, https:\/\/alprofitconsult.al\/wp-content\/uploads\/2022\/10\/AlProfit-Consult-Shpenzime-te-zbritshme-per-individet-300x208.jpg 300w, https:\/\/alprofitconsult.al\/wp-content\/uploads\/2022\/10\/AlProfit-Consult-Shpenzime-te-zbritshme-per-individet-150x104.jpg 150w, https:\/\/alprofitconsult.al\/wp-content\/uploads\/2022\/10\/AlProfit-Consult-Shpenzime-te-zbritshme-per-individet-768x533.jpg 768w, https:\/\/alprofitconsult.al\/wp-content\/uploads\/2022\/10\/AlProfit-Consult-Shpenzime-te-zbritshme-per-individet-1536x1066.jpg 1536w, https:\/\/alprofitconsult.al\/wp-content\/uploads\/2022\/10\/AlProfit-Consult-Shpenzime-te-zbritshme-per-individet.jpg 1920w\" sizes=\"auto, (max-width: 1024px) 100vw, 1024px\" \/><\/figure>\n\n\n\n<figure class=\"wp-block-pullquote\"><blockquote><p><br><em>The following information is valid and applicable until December 31, 2023, following the entry into force of the new Law No. <\/em><a href=\"https:\/\/alprofitconsult.al\/wp-content\/uploads\/2023\/11\/LIGJ-NR.-29-2023-PER-TATIMIN-MBI-TE-ARDHURAT-4.pdf\" target=\"_blank\" rel=\"noreferrer noopener\">29\/2023<\/a><em> On Income Tax. Please browse our website for more details and updated information at: <\/em><a href=\"https:\/\/alprofitconsult.al\/en\/tatime\/\" target=\"_blank\" rel=\"noreferrer noopener\">https:\/\/alprofitconsult.al\/tatime\/<\/a><\/p><\/blockquote><\/figure>\n\n\n\n<p>Njihen si shpenzime t\u00eb zbritshme p\u00ebr efekt t\u00eb deklarimit, shpenzimet e m\u00ebposhtme:<\/p>\n\n\n\n<p><strong>1. Shuma e interesit bankar t\u00eb kredis\u00eb s\u00eb marr\u00eb p\u00ebr shkollim:<\/strong><\/p>\n\n\n\n<p class=\"has-black-color has-text-color has-small-font-size\">p\u00ebr vete<br>p\u00ebr f\u00ebmij\u00ebt dhe<br>personat n\u00eb kujdestari.<\/p>\n\n\n\n<p><strong>2. Shpenzimet p\u00ebr mjekim:<\/strong><\/p>\n\n\n\n<p class=\"has-small-font-size\">p\u00ebr vete,<br>p\u00ebr f\u00ebmij\u00ebt dhe<br>personat n\u00eb kujdestari,<br>p\u00ebr pjes\u00ebn e pambuluar nga sigurimi i detyruesh\u00ebm sh\u00ebndet\u00ebsor, sipas p\u00ebrcaktimeve t\u00eb rregulluara me vendim t\u00eb K\u00ebshillit t\u00eb Ministrave.<\/p>\n\n\n\n<blockquote class=\"wp-block-quote is-layout-flow wp-block-quote-is-layout-flow\">\n<p><strong>P\u00ebrjashtim<\/strong>:<br>Personat jorezident\u00eb nuk p\u00ebrfitojn\u00eb nga e drejta e llogaritjes s\u00eb shpenzimeve t\u00eb zbritshme.<\/p>\n<\/blockquote>\n\n\n\n<p><strong>3. T\u00eb tjera mbi shpenzimet<\/strong><\/p>\n\n\n\n<p>Shuma e shpenzimeve t\u00eb zbritshme, nuk duhet t\u00eb jet\u00eb m\u00eb e madhe, se shuma e t\u00eb ardhurave bruto t\u00eb tatueshme vjetore.<\/p>\n\n\n\n<p>N\u00eb rast t\u00eb plot\u00ebsimit t\u00eb deklarat\u00ebs nga individi (jokryefamiljar), shpenzimet vjetore p\u00ebr mjekim, p\u00ebr pjes\u00ebn e pambuluar nga sigurimi i detyruesh\u00ebm sh\u00ebndet\u00ebsor jan\u00eb 8,532 lek\u00eb, vet\u00ebm p\u00ebr individin deklarues.<\/p>\n\n\n\n<p>N\u00eb rast t\u00eb plot\u00ebsimit t\u00eb deklarat\u00ebs nga kryefamiljari, shpenzimet vjetore p\u00ebr mjekim, p\u00ebr vete apo p\u00ebr f\u00ebmij\u00ebt dhe personat n\u00eb kujdestari, p\u00ebr pjes\u00ebn e pambuluar nga sigurimi i detyruesh\u00ebm sh\u00ebndet\u00ebsor jan\u00eb 8,532 lek\u00eb p\u00ebr secilin an\u00ebtar t\u00eb familjes, por jo m\u00eb shum\u00eb se 32,000 lek\u00eb, shuma k\u00ebto t\u00eb p\u00ebrcaktuara me vendim t\u00eb K\u00ebshillit t\u00eb Ministrave.<\/p>\n\n\n\n<p>Source: <a href=\"https:\/\/www.tatime.gov.al\/c\/3\/11\/26\/shpenzime-te-zbritshme\" target=\"_blank\" rel=\"noreferrer noopener\">General Directorate of Taxes.<\/a><\/p>\n\n\n<div class=\"gdlr-core-widget-box-shortcode\" style=\"color: #ffffff ;background-color: #000014 ;\"  ><h3 class=\"gdlr-core-widget-box-shortcode-title\" style=\"color: #ffffff ;\"  >Do you have a question?<\/h3><div class=\"gdlr-core-widget-box-shortcode-content\" ><p class=\"translation-block\">Do not hesitate to <a href=\"https:\/\/alprofitconsult.al\/en\/contact\/\" target=\"_self\">contact<\/a> us. We are a team of experts and will be happy to speak with you.<\/p>\n<\/div><\/div>","protected":false},"excerpt":{"rendered":"<p>Informacioni i m\u00ebposht\u00ebm \u00ebsht\u00eb i vlefsh\u00ebm dhe zbatohet deri m\u00eb 31 dhjetor 2023, me hyrjen n\u00eb fuqi t\u00eb Ligjit t\u00eb ri Nr. 29\/2023 p\u00ebr Tatimin mbi t\u00eb Ardhurat. Shfletoni faqen ton\u00eb p\u00ebr m\u00eb shum\u00eb detaje dhe informacione t\u00eb p\u00ebrdit\u00ebsuara https:\/\/alprofitconsult.al\/tatime\/ Njihen si shpenzime t\u00eb zbritshme p\u00ebr efekt t\u00eb deklarimit, shpenzimet e m\u00ebposhtme: 1. Shuma e [&hellip;]<\/p>","protected":false},"author":1,"featured_media":15706,"parent":15119,"menu_order":0,"comment_status":"closed","ping_status":"closed","template":"","meta":{"footnotes":""},"class_list":["post-15438","page","type-page","status-publish","has-post-thumbnail","hentry"],"yoast_head":"<!-- This site is optimized with the Yoast SEO plugin v26.5 - https:\/\/yoast.com\/wordpress\/plugins\/seo\/ -->\n<title>Shpenzime t\u00eb zbritshme p\u00ebr individ\u00ebt - AlProfit Consult<\/title>\n<meta name=\"robots\" content=\"index, follow, max-snippet:-1, max-image-preview:large, max-video-preview:-1\" \/>\n<link rel=\"canonical\" href=\"https:\/\/alprofitconsult.al\/en\/tatime\/individ\/te-ardhurat-e-tatueshme\/shpenzime-te-zbritshme\/\" \/>\n<meta property=\"og:locale\" content=\"en_US\" \/>\n<meta property=\"og:type\" content=\"article\" \/>\n<meta property=\"og:title\" content=\"Shpenzime t\u00eb zbritshme p\u00ebr individ\u00ebt - AlProfit Consult\" \/>\n<meta property=\"og:description\" content=\"Informacioni i m\u00ebposht\u00ebm \u00ebsht\u00eb i vlefsh\u00ebm dhe zbatohet deri m\u00eb 31 dhjetor 2023, me hyrjen n\u00eb fuqi t\u00eb Ligjit t\u00eb ri Nr. 29\/2023 p\u00ebr Tatimin mbi t\u00eb Ardhurat. Shfletoni faqen ton\u00eb p\u00ebr m\u00eb shum\u00eb detaje dhe informacione t\u00eb p\u00ebrdit\u00ebsuara https:\/\/alprofitconsult.al\/tatime\/ Njihen si shpenzime t\u00eb zbritshme p\u00ebr efekt t\u00eb deklarimit, shpenzimet e m\u00ebposhtme: 1. Shuma e [&hellip;]\" \/>\n<meta property=\"og:url\" content=\"https:\/\/alprofitconsult.al\/en\/tatime\/individ\/te-ardhurat-e-tatueshme\/shpenzime-te-zbritshme\/\" \/>\n<meta property=\"og:site_name\" content=\"AlProfit Consult\" \/>\n<meta property=\"article:publisher\" content=\"https:\/\/www.facebook.com\/AlProfitConsult\/\" \/>\n<meta property=\"article:modified_time\" content=\"2024-11-29T21:04:27+00:00\" \/>\n<meta property=\"og:image\" content=\"https:\/\/alprofitconsult.al\/wp-content\/uploads\/2022\/10\/AlProfit-Consult-Shpenzime-te-zbritshme-per-individet.jpg\" \/>\n\t<meta property=\"og:image:width\" content=\"1920\" \/>\n\t<meta property=\"og:image:height\" content=\"1332\" \/>\n\t<meta property=\"og:image:type\" content=\"image\/jpeg\" \/>\n<meta name=\"twitter:card\" content=\"summary_large_image\" \/>\n<meta name=\"twitter:site\" content=\"@AlProfitConsult\" \/>\n<meta name=\"twitter:label1\" content=\"Est. reading time\" \/>\n\t<meta name=\"twitter:data1\" content=\"2 minutes\" \/>\n<script type=\"application\/ld+json\" class=\"yoast-schema-graph\">{\"@context\":\"https:\/\/schema.org\",\"@graph\":[{\"@type\":\"WebPage\",\"@id\":\"https:\/\/alprofitconsult.al\/en\/tatime\/individ\/te-ardhurat-e-tatueshme\/shpenzime-te-zbritshme\/\",\"url\":\"https:\/\/alprofitconsult.al\/en\/tatime\/individ\/te-ardhurat-e-tatueshme\/shpenzime-te-zbritshme\/\",\"name\":\"Shpenzime t\u00eb zbritshme p\u00ebr individ\u00ebt - AlProfit Consult\",\"isPartOf\":{\"@id\":\"https:\/\/alprofitconsult.al\/#website\"},\"primaryImageOfPage\":{\"@id\":\"https:\/\/alprofitconsult.al\/en\/tatime\/individ\/te-ardhurat-e-tatueshme\/shpenzime-te-zbritshme\/#primaryimage\"},\"image\":{\"@id\":\"https:\/\/alprofitconsult.al\/en\/tatime\/individ\/te-ardhurat-e-tatueshme\/shpenzime-te-zbritshme\/#primaryimage\"},\"thumbnailUrl\":\"https:\/\/alprofitconsult.al\/wp-content\/uploads\/2022\/10\/AlProfit-Consult-Shpenzime-te-zbritshme-per-individet.jpg\",\"datePublished\":\"2022-10-08T18:35:39+00:00\",\"dateModified\":\"2024-11-29T21:04:27+00:00\",\"breadcrumb\":{\"@id\":\"https:\/\/alprofitconsult.al\/en\/tatime\/individ\/te-ardhurat-e-tatueshme\/shpenzime-te-zbritshme\/#breadcrumb\"},\"inLanguage\":\"en-US\",\"potentialAction\":[{\"@type\":\"ReadAction\",\"target\":[\"https:\/\/alprofitconsult.al\/en\/tatime\/individ\/te-ardhurat-e-tatueshme\/shpenzime-te-zbritshme\/\"]}]},{\"@type\":\"ImageObject\",\"inLanguage\":\"en-US\",\"@id\":\"https:\/\/alprofitconsult.al\/en\/tatime\/individ\/te-ardhurat-e-tatueshme\/shpenzime-te-zbritshme\/#primaryimage\",\"url\":\"https:\/\/alprofitconsult.al\/wp-content\/uploads\/2022\/10\/AlProfit-Consult-Shpenzime-te-zbritshme-per-individet.jpg\",\"contentUrl\":\"https:\/\/alprofitconsult.al\/wp-content\/uploads\/2022\/10\/AlProfit-Consult-Shpenzime-te-zbritshme-per-individet.jpg\",\"width\":1920,\"height\":1332},{\"@type\":\"BreadcrumbList\",\"@id\":\"https:\/\/alprofitconsult.al\/en\/tatime\/individ\/te-ardhurat-e-tatueshme\/shpenzime-te-zbritshme\/#breadcrumb\",\"itemListElement\":[{\"@type\":\"ListItem\",\"position\":1,\"name\":\"Kryefaqe\",\"item\":\"https:\/\/alprofitconsult.al\/\"},{\"@type\":\"ListItem\",\"position\":2,\"name\":\"Legjislacioni tatimor\",\"item\":\"https:\/\/alprofitconsult.al\/en\/tatime\/\"},{\"@type\":\"ListItem\",\"position\":3,\"name\":\"Individ\",\"item\":\"https:\/\/alprofitconsult.al\/en\/tatime\/individ\/\"},{\"@type\":\"ListItem\",\"position\":4,\"name\":\"T\u00eb ardhurat e tatueshme p\u00ebr individin\",\"item\":\"https:\/\/alprofitconsult.al\/en\/tatime\/individ\/te-ardhurat-e-tatueshme\/\"},{\"@type\":\"ListItem\",\"position\":5,\"name\":\"Shpenzime t\u00eb zbritshme p\u00ebr individ\u00ebt\"}]},{\"@type\":\"WebSite\",\"@id\":\"https:\/\/alprofitconsult.al\/#website\",\"url\":\"https:\/\/alprofitconsult.al\/\",\"name\":\"AlProfit Consult\",\"description\":\"Zyr\u00eb Kontabiliteti\",\"publisher\":{\"@id\":\"https:\/\/alprofitconsult.al\/#organization\"},\"potentialAction\":[{\"@type\":\"SearchAction\",\"target\":{\"@type\":\"EntryPoint\",\"urlTemplate\":\"https:\/\/alprofitconsult.al\/?s={search_term_string}\"},\"query-input\":{\"@type\":\"PropertyValueSpecification\",\"valueRequired\":true,\"valueName\":\"search_term_string\"}}],\"inLanguage\":\"en-US\"},{\"@type\":\"Organization\",\"@id\":\"https:\/\/alprofitconsult.al\/#organization\",\"name\":\"Alprofit Consult\",\"url\":\"https:\/\/alprofitconsult.al\/\",\"logo\":{\"@type\":\"ImageObject\",\"inLanguage\":\"en-US\",\"@id\":\"https:\/\/alprofitconsult.al\/#\/schema\/logo\/image\/\",\"url\":\"https:\/\/alprofitconsult.al\/wp-content\/uploads\/2022\/10\/logoalprofit.png\",\"contentUrl\":\"https:\/\/alprofitconsult.al\/wp-content\/uploads\/2022\/10\/logoalprofit.png\",\"width\":529,\"height\":156,\"caption\":\"Alprofit Consult\"},\"image\":{\"@id\":\"https:\/\/alprofitconsult.al\/#\/schema\/logo\/image\/\"},\"sameAs\":[\"https:\/\/www.facebook.com\/AlProfitConsult\/\",\"https:\/\/x.com\/AlProfitConsult\",\"https:\/\/www.linkedin.com\/company\/andi-haxhillari\/\",\"https:\/\/www.pinterest.com\/AlProfitConsult\/\",\"https:\/\/www.youtube.com\/channel\/UCZ5Gfntn161Nla3g1XdRldA\",\"https:\/\/sq.wikipedia.org\/wiki\/P\u00ebrdoruesi:Andi25~sqwiki\"]}]}<\/script>\n<!-- \/ Yoast SEO plugin. -->","yoast_head_json":{"title":"Shpenzime t\u00eb zbritshme p\u00ebr individ\u00ebt - AlProfit Consult","robots":{"index":"index","follow":"follow","max-snippet":"max-snippet:-1","max-image-preview":"max-image-preview:large","max-video-preview":"max-video-preview:-1"},"canonical":"https:\/\/alprofitconsult.al\/en\/tatime\/individ\/te-ardhurat-e-tatueshme\/shpenzime-te-zbritshme\/","og_locale":"en_US","og_type":"article","og_title":"Shpenzime t\u00eb zbritshme p\u00ebr individ\u00ebt - AlProfit Consult","og_description":"Informacioni i m\u00ebposht\u00ebm \u00ebsht\u00eb i vlefsh\u00ebm dhe zbatohet deri m\u00eb 31 dhjetor 2023, me hyrjen n\u00eb fuqi t\u00eb Ligjit t\u00eb ri Nr. 29\/2023 p\u00ebr Tatimin mbi t\u00eb Ardhurat. Shfletoni faqen ton\u00eb p\u00ebr m\u00eb shum\u00eb detaje dhe informacione t\u00eb p\u00ebrdit\u00ebsuara https:\/\/alprofitconsult.al\/tatime\/ Njihen si shpenzime t\u00eb zbritshme p\u00ebr efekt t\u00eb deklarimit, shpenzimet e m\u00ebposhtme: 1. Shuma e [&hellip;]","og_url":"https:\/\/alprofitconsult.al\/en\/tatime\/individ\/te-ardhurat-e-tatueshme\/shpenzime-te-zbritshme\/","og_site_name":"AlProfit Consult","article_publisher":"https:\/\/www.facebook.com\/AlProfitConsult\/","article_modified_time":"2024-11-29T21:04:27+00:00","og_image":[{"width":1920,"height":1332,"url":"https:\/\/alprofitconsult.al\/wp-content\/uploads\/2022\/10\/AlProfit-Consult-Shpenzime-te-zbritshme-per-individet.jpg","type":"image\/jpeg"}],"twitter_card":"summary_large_image","twitter_site":"@AlProfitConsult","twitter_misc":{"Est. reading time":"2 minutes"},"schema":{"@context":"https:\/\/schema.org","@graph":[{"@type":"WebPage","@id":"https:\/\/alprofitconsult.al\/en\/tatime\/individ\/te-ardhurat-e-tatueshme\/shpenzime-te-zbritshme\/","url":"https:\/\/alprofitconsult.al\/en\/tatime\/individ\/te-ardhurat-e-tatueshme\/shpenzime-te-zbritshme\/","name":"Shpenzime t\u00eb zbritshme p\u00ebr individ\u00ebt - AlProfit Consult","isPartOf":{"@id":"https:\/\/alprofitconsult.al\/#website"},"primaryImageOfPage":{"@id":"https:\/\/alprofitconsult.al\/en\/tatime\/individ\/te-ardhurat-e-tatueshme\/shpenzime-te-zbritshme\/#primaryimage"},"image":{"@id":"https:\/\/alprofitconsult.al\/en\/tatime\/individ\/te-ardhurat-e-tatueshme\/shpenzime-te-zbritshme\/#primaryimage"},"thumbnailUrl":"https:\/\/alprofitconsult.al\/wp-content\/uploads\/2022\/10\/AlProfit-Consult-Shpenzime-te-zbritshme-per-individet.jpg","datePublished":"2022-10-08T18:35:39+00:00","dateModified":"2024-11-29T21:04:27+00:00","breadcrumb":{"@id":"https:\/\/alprofitconsult.al\/en\/tatime\/individ\/te-ardhurat-e-tatueshme\/shpenzime-te-zbritshme\/#breadcrumb"},"inLanguage":"en-US","potentialAction":[{"@type":"ReadAction","target":["https:\/\/alprofitconsult.al\/en\/tatime\/individ\/te-ardhurat-e-tatueshme\/shpenzime-te-zbritshme\/"]}]},{"@type":"ImageObject","inLanguage":"en-US","@id":"https:\/\/alprofitconsult.al\/en\/tatime\/individ\/te-ardhurat-e-tatueshme\/shpenzime-te-zbritshme\/#primaryimage","url":"https:\/\/alprofitconsult.al\/wp-content\/uploads\/2022\/10\/AlProfit-Consult-Shpenzime-te-zbritshme-per-individet.jpg","contentUrl":"https:\/\/alprofitconsult.al\/wp-content\/uploads\/2022\/10\/AlProfit-Consult-Shpenzime-te-zbritshme-per-individet.jpg","width":1920,"height":1332},{"@type":"BreadcrumbList","@id":"https:\/\/alprofitconsult.al\/en\/tatime\/individ\/te-ardhurat-e-tatueshme\/shpenzime-te-zbritshme\/#breadcrumb","itemListElement":[{"@type":"ListItem","position":1,"name":"Kryefaqe","item":"https:\/\/alprofitconsult.al\/"},{"@type":"ListItem","position":2,"name":"Legjislacioni tatimor","item":"https:\/\/alprofitconsult.al\/en\/tatime\/"},{"@type":"ListItem","position":3,"name":"Individ","item":"https:\/\/alprofitconsult.al\/en\/tatime\/individ\/"},{"@type":"ListItem","position":4,"name":"T\u00eb ardhurat e tatueshme p\u00ebr individin","item":"https:\/\/alprofitconsult.al\/en\/tatime\/individ\/te-ardhurat-e-tatueshme\/"},{"@type":"ListItem","position":5,"name":"Shpenzime t\u00eb zbritshme p\u00ebr individ\u00ebt"}]},{"@type":"WebSite","@id":"https:\/\/alprofitconsult.al\/#website","url":"https:\/\/alprofitconsult.al\/","name":"AlProfit Consult","description":"Zyr\u00eb Kontabiliteti","publisher":{"@id":"https:\/\/alprofitconsult.al\/#organization"},"potentialAction":[{"@type":"SearchAction","target":{"@type":"EntryPoint","urlTemplate":"https:\/\/alprofitconsult.al\/?s={search_term_string}"},"query-input":{"@type":"PropertyValueSpecification","valueRequired":true,"valueName":"search_term_string"}}],"inLanguage":"en-US"},{"@type":"Organization","@id":"https:\/\/alprofitconsult.al\/#organization","name":"Alprofit Consult","url":"https:\/\/alprofitconsult.al\/","logo":{"@type":"ImageObject","inLanguage":"en-US","@id":"https:\/\/alprofitconsult.al\/#\/schema\/logo\/image\/","url":"https:\/\/alprofitconsult.al\/wp-content\/uploads\/2022\/10\/logoalprofit.png","contentUrl":"https:\/\/alprofitconsult.al\/wp-content\/uploads\/2022\/10\/logoalprofit.png","width":529,"height":156,"caption":"Alprofit Consult"},"image":{"@id":"https:\/\/alprofitconsult.al\/#\/schema\/logo\/image\/"},"sameAs":["https:\/\/www.facebook.com\/AlProfitConsult\/","https:\/\/x.com\/AlProfitConsult","https:\/\/www.linkedin.com\/company\/andi-haxhillari\/","https:\/\/www.pinterest.com\/AlProfitConsult\/","https:\/\/www.youtube.com\/channel\/UCZ5Gfntn161Nla3g1XdRldA","https:\/\/sq.wikipedia.org\/wiki\/P\u00ebrdoruesi:Andi25~sqwiki"]}]}},"_links":{"self":[{"href":"https:\/\/alprofitconsult.al\/en\/wp-json\/wp\/v2\/pages\/15438","targetHints":{"allow":["GET"]}}],"collection":[{"href":"https:\/\/alprofitconsult.al\/en\/wp-json\/wp\/v2\/pages"}],"about":[{"href":"https:\/\/alprofitconsult.al\/en\/wp-json\/wp\/v2\/types\/page"}],"author":[{"embeddable":true,"href":"https:\/\/alprofitconsult.al\/en\/wp-json\/wp\/v2\/users\/1"}],"replies":[{"embeddable":true,"href":"https:\/\/alprofitconsult.al\/en\/wp-json\/wp\/v2\/comments?post=15438"}],"version-history":[{"count":5,"href":"https:\/\/alprofitconsult.al\/en\/wp-json\/wp\/v2\/pages\/15438\/revisions"}],"predecessor-version":[{"id":19668,"href":"https:\/\/alprofitconsult.al\/en\/wp-json\/wp\/v2\/pages\/15438\/revisions\/19668"}],"up":[{"embeddable":true,"href":"https:\/\/alprofitconsult.al\/en\/wp-json\/wp\/v2\/pages\/15119"}],"wp:featuredmedia":[{"embeddable":true,"href":"https:\/\/alprofitconsult.al\/en\/wp-json\/wp\/v2\/media\/15706"}],"wp:attachment":[{"href":"https:\/\/alprofitconsult.al\/en\/wp-json\/wp\/v2\/media?parent=15438"}],"curies":[{"name":"wp","href":"https:\/\/api.w.org\/{rel}","templated":true}]}}