{"id":15439,"date":"2022-10-08T18:35:39","date_gmt":"2022-10-08T18:35:39","guid":{"rendered":"https:\/\/alprofitconsult.al\/?page_id=15439"},"modified":"2024-11-29T21:04:50","modified_gmt":"2024-11-29T21:04:50","slug":"record-keeping","status":"publish","type":"page","link":"https:\/\/alprofitconsult.al\/en\/tatime\/individ\/te-ardhurat-e-tatueshme\/mbajtja-e-dokumentacionit\/","title":{"rendered":"Maintaining documentation for individuals"},"content":{"rendered":"<div class=\"yoast-breadcrumbs\"><span><span><a href=\"https:\/\/alprofitconsult.al\/en\/\">Home<\/a><\/span> | <span><a href=\"https:\/\/alprofitconsult.al\/en\/tatime\/\">Tax legislation<\/a><\/span> | <span><a href=\"https:\/\/alprofitconsult.al\/en\/tatime\/individ\/\">Individual<\/a><\/span> | <span><a href=\"https:\/\/alprofitconsult.al\/en\/tatime\/individ\/te-ardhurat-e-tatueshme\/\">Taxable income for an individual<\/a><\/span> | <span class=\"breadcrumb_last\" aria-current=\"page\">Maintaining documentation for individuals<\/span><\/span><\/div>\n\n\n<p><\/p>\n\n\n\n<figure class=\"wp-block-image size-large\"><img loading=\"lazy\" decoding=\"async\" width=\"1024\" height=\"686\" src=\"https:\/\/alprofitconsult.al\/wp-content\/uploads\/2022\/10\/AlProfit-Consult-Mbajtja-e-dokumentacionit-per-individet-1024x686.jpg\" alt=\"\" class=\"wp-image-15714\" srcset=\"https:\/\/alprofitconsult.al\/wp-content\/uploads\/2022\/10\/AlProfit-Consult-Mbajtja-e-dokumentacionit-per-individet-1024x686.jpg 1024w, https:\/\/alprofitconsult.al\/wp-content\/uploads\/2022\/10\/AlProfit-Consult-Mbajtja-e-dokumentacionit-per-individet-300x201.jpg 300w, https:\/\/alprofitconsult.al\/wp-content\/uploads\/2022\/10\/AlProfit-Consult-Mbajtja-e-dokumentacionit-per-individet-150x100.jpg 150w, https:\/\/alprofitconsult.al\/wp-content\/uploads\/2022\/10\/AlProfit-Consult-Mbajtja-e-dokumentacionit-per-individet-768x514.jpg 768w, https:\/\/alprofitconsult.al\/wp-content\/uploads\/2022\/10\/AlProfit-Consult-Mbajtja-e-dokumentacionit-per-individet-1536x1029.jpg 1536w, https:\/\/alprofitconsult.al\/wp-content\/uploads\/2022\/10\/AlProfit-Consult-Mbajtja-e-dokumentacionit-per-individet.jpg 1920w\" sizes=\"auto, (max-width: 1024px) 100vw, 1024px\" \/><\/figure>\n\n\n\n<figure class=\"wp-block-pullquote\"><blockquote><p><br><em>The following information is valid and applicable until December 31, 2023, following the entry into force of the new Law No. <\/em><a href=\"https:\/\/alprofitconsult.al\/wp-content\/uploads\/2023\/11\/LIGJ-NR.-29-2023-PER-TATIMIN-MBI-TE-ARDHURAT-4.pdf\" target=\"_blank\" rel=\"noreferrer noopener\">29\/2023<\/a><em> On Income Tax. Please browse our website for more details and updated information at: <\/em><a href=\"https:\/\/alprofitconsult.al\/en\/taxes\/\" target=\"_blank\" rel=\"noreferrer noopener\">https:\/\/alprofitconsult.al\/tatime\/<\/a><\/p><\/blockquote><\/figure>\n\n\n\n<h2 class=\"wp-block-heading\">For income<\/h2>\n\n\n\n<p>For every income declared in the Annual Individual Income Tax Return, the taxpayer, in case of a request from the tax authority, must submit the following documentation to the latter:<\/p>\n\n\n\n<p>For gross income from wages or employment compensation, a certificate from the employer regarding annual income and withheld taxes on wages.<\/p>\n\n\n\n<p>For gross income from dividends from participation in a commercial company or from business activities, copies of the decision of the partners' or shareholders' meeting approving the financial result and profit allocation.<\/p>\n\n\n\n<p>For gross rental income, copies of the rental agreement and the document proving payment of income tax on rent;<br>for gross income and capital gains from the sale of real estate owned by the declarant, a copy of the contract and the document proving the payment of capital gains tax from the sale of real estate.<\/p>\n\n\n\n<p>For gross income from bank interest, the bank document that proves this income.<\/p>\n\n\n\n<p>For net capital gains, generated from investments in securities or real estate, copies of the investment contract and tax payment order;<br>for gross amounts won from lotteries or other gambling games, copies of the verification from the organizer of gambling games or lottery, for winning the amount of money won, and copies of the payment order from the organizer of the withholding tax, as the difference between the amount won and the amount played by the player.<\/p>\n\n\n\n<p>For gross income from intellectual property, licenses, exclusive rights, and other assets, consisting solely of rights and lacking physical form, copies of licenses\/permits and proof of withholding tax payment.<\/p>\n\n\n\n<p>For capital gains from donations, copies of supporting documents to justify the origin of income and proof of paid tax.<\/p>\n\n\n\n<p>Gross income earned outside the territory of the Republic of Albania, any supporting document justifying the origin of the income and the tax paid.<\/p>\n\n\n\n<p>For other gross income not mentioned above, any document justifying the realization of income.<\/p>\n\n\n\n<h2 class=\"wp-block-heading\">For expenses<\/h2>\n\n\n\n<p>For sums of bank interest on loans taken out for education, for oneself or for children and dependents, copies of the contract with the bank, specifying that the loan taken is for education, as well as copies of the payment orders for bank interest paid during the year.<\/p>\n\n\n\n<p>For the justification of deductible medical expenses for oneself or for children and dependents, for the portion not covered by compulsory health insurance, copies of invoices and payment orders made for medical treatment in health institutions up to the amount determined by the Decision of the Council of Ministers. <a href=\"https:\/\/alprofitconsult.al\/wp-content\/uploads\/2022\/10\/VKM-Nr.94-date-9.2.2011.pdf\" target=\"_blank\" rel=\"noreferrer noopener\">no. 94, dated 9.2.2011<\/a>.<\/p>\n\n\n\n<p>In the case of the head of household or spouse completing the declaration, a copy of the certificate of family, issued by the civil status offices in the year the declaration is completed, shall be attached to the declaration.<\/p>\n\n\n\n<figure class=\"wp-block-pullquote is-style-default\"><blockquote><p>Taxpayers' financial and accounting data and information are kept by <strong>at least 5 years<\/strong>, starting from the end of the tax year to which the documents belong.<\/p><\/blockquote><\/figure>\n\n\n\n<p>Source: <a href=\"https:\/\/www.tatime.gov.al\/c\/3\/11\/27\/mbajtja-e-dokumentacionit\" target=\"_blank\" rel=\"noreferrer noopener\">General Directorate of Taxes.<\/a><\/p>\n\n\n<div class=\"gdlr-core-widget-box-shortcode\" style=\"color: #ffffff ;background-color: #000014 ;\"  ><h3 class=\"gdlr-core-widget-box-shortcode-title\" style=\"color: #ffffff ;\"  >Do you have a question?<\/h3><div class=\"gdlr-core-widget-box-shortcode-content\" ><p class=\"translation-block\">Do not hesitate to <a href=\"https:\/\/alprofitconsult.al\/en\/contact\/\" target=\"_self\">contact<\/a> us. We are a team of experts and will be happy to speak with you.<\/p>\n<\/div><\/div>","protected":false},"excerpt":{"rendered":"<p>Informacioni i m\u00ebposht\u00ebm \u00ebsht\u00eb i vlefsh\u00ebm dhe zbatohet deri m\u00eb 31 dhjetor 2023, me hyrjen n\u00eb fuqi t\u00eb Ligjit t\u00eb ri Nr. 29\/2023 p\u00ebr Tatimin mbi t\u00eb Ardhurat. Shfletoni faqen ton\u00eb p\u00ebr m\u00eb shum\u00eb detaje dhe informacione t\u00eb p\u00ebrdit\u00ebsuara https:\/\/alprofitconsult.al\/tatime\/ P\u00ebr t\u00eb ardhurat P\u00ebr \u00e7do t\u00eb ardhur t\u00eb deklaruar n\u00eb Deklarat\u00ebn Individuale Vjetore t\u00eb t\u00eb [&hellip;]<\/p>\n","protected":false},"author":1,"featured_media":15714,"parent":15119,"menu_order":0,"comment_status":"closed","ping_status":"closed","template":"","meta":{"footnotes":""},"class_list":["post-15439","page","type-page","status-publish","has-post-thumbnail","hentry"],"yoast_head":"<!-- This site is optimized with the Yoast SEO plugin v26.5 - https:\/\/yoast.com\/wordpress\/plugins\/seo\/ -->\n<title>Mbajtja e dokumentacionit p\u00ebr individ\u00ebt - AlProfit Consult<\/title>\n<meta name=\"robots\" content=\"index, follow, max-snippet:-1, max-image-preview:large, max-video-preview:-1\" \/>\n<link rel=\"canonical\" href=\"https:\/\/alprofitconsult.al\/en\/taxes\/individual\/taxable-income\/record-keeping\/\" \/>\n<meta property=\"og:locale\" content=\"en_US\" \/>\n<meta property=\"og:type\" content=\"article\" \/>\n<meta property=\"og:title\" content=\"Mbajtja e dokumentacionit p\u00ebr individ\u00ebt - AlProfit Consult\" \/>\n<meta property=\"og:description\" content=\"Informacioni i m\u00ebposht\u00ebm \u00ebsht\u00eb i vlefsh\u00ebm dhe zbatohet deri m\u00eb 31 dhjetor 2023, me hyrjen n\u00eb fuqi t\u00eb Ligjit t\u00eb ri Nr. 29\/2023 p\u00ebr Tatimin mbi t\u00eb Ardhurat. Shfletoni faqen ton\u00eb p\u00ebr m\u00eb shum\u00eb detaje dhe informacione t\u00eb p\u00ebrdit\u00ebsuara https:\/\/alprofitconsult.al\/tatime\/ P\u00ebr t\u00eb ardhurat P\u00ebr \u00e7do t\u00eb ardhur t\u00eb deklaruar n\u00eb Deklarat\u00ebn Individuale Vjetore t\u00eb t\u00eb [&hellip;]\" \/>\n<meta property=\"og:url\" content=\"https:\/\/alprofitconsult.al\/en\/taxes\/individual\/taxable-income\/record-keeping\/\" \/>\n<meta property=\"og:site_name\" content=\"AlProfit Consult\" \/>\n<meta property=\"article:publisher\" content=\"https:\/\/www.facebook.com\/AlProfitConsult\/\" \/>\n<meta property=\"article:modified_time\" content=\"2024-11-29T21:04:50+00:00\" \/>\n<meta property=\"og:image\" content=\"https:\/\/alprofitconsult.al\/wp-content\/uploads\/2022\/10\/AlProfit-Consult-Mbajtja-e-dokumentacionit-per-individet.jpg\" \/>\n\t<meta property=\"og:image:width\" content=\"1920\" \/>\n\t<meta property=\"og:image:height\" content=\"1286\" \/>\n\t<meta property=\"og:image:type\" content=\"image\/jpeg\" \/>\n<meta name=\"twitter:card\" content=\"summary_large_image\" \/>\n<meta name=\"twitter:site\" content=\"@AlProfitConsult\" \/>\n<meta name=\"twitter:label1\" content=\"Est. reading time\" \/>\n\t<meta name=\"twitter:data1\" content=\"3 minutes\" \/>\n<script type=\"application\/ld+json\" class=\"yoast-schema-graph\">{\"@context\":\"https:\/\/schema.org\",\"@graph\":[{\"@type\":\"WebPage\",\"@id\":\"https:\/\/alprofitconsult.al\/en\/tatime\/individ\/te-ardhurat-e-tatueshme\/mbajtja-e-dokumentacionit\/\",\"url\":\"https:\/\/alprofitconsult.al\/en\/tatime\/individ\/te-ardhurat-e-tatueshme\/mbajtja-e-dokumentacionit\/\",\"name\":\"Mbajtja e dokumentacionit p\u00ebr individ\u00ebt - AlProfit Consult\",\"isPartOf\":{\"@id\":\"https:\/\/alprofitconsult.al\/#website\"},\"primaryImageOfPage\":{\"@id\":\"https:\/\/alprofitconsult.al\/en\/tatime\/individ\/te-ardhurat-e-tatueshme\/mbajtja-e-dokumentacionit\/#primaryimage\"},\"image\":{\"@id\":\"https:\/\/alprofitconsult.al\/en\/tatime\/individ\/te-ardhurat-e-tatueshme\/mbajtja-e-dokumentacionit\/#primaryimage\"},\"thumbnailUrl\":\"https:\/\/alprofitconsult.al\/wp-content\/uploads\/2022\/10\/AlProfit-Consult-Mbajtja-e-dokumentacionit-per-individet.jpg\",\"datePublished\":\"2022-10-08T18:35:39+00:00\",\"dateModified\":\"2024-11-29T21:04:50+00:00\",\"breadcrumb\":{\"@id\":\"https:\/\/alprofitconsult.al\/en\/tatime\/individ\/te-ardhurat-e-tatueshme\/mbajtja-e-dokumentacionit\/#breadcrumb\"},\"inLanguage\":\"en-US\",\"potentialAction\":[{\"@type\":\"ReadAction\",\"target\":[\"https:\/\/alprofitconsult.al\/en\/tatime\/individ\/te-ardhurat-e-tatueshme\/mbajtja-e-dokumentacionit\/\"]}]},{\"@type\":\"ImageObject\",\"inLanguage\":\"en-US\",\"@id\":\"https:\/\/alprofitconsult.al\/en\/tatime\/individ\/te-ardhurat-e-tatueshme\/mbajtja-e-dokumentacionit\/#primaryimage\",\"url\":\"https:\/\/alprofitconsult.al\/wp-content\/uploads\/2022\/10\/AlProfit-Consult-Mbajtja-e-dokumentacionit-per-individet.jpg\",\"contentUrl\":\"https:\/\/alprofitconsult.al\/wp-content\/uploads\/2022\/10\/AlProfit-Consult-Mbajtja-e-dokumentacionit-per-individet.jpg\",\"width\":1920,\"height\":1286},{\"@type\":\"BreadcrumbList\",\"@id\":\"https:\/\/alprofitconsult.al\/en\/tatime\/individ\/te-ardhurat-e-tatueshme\/mbajtja-e-dokumentacionit\/#breadcrumb\",\"itemListElement\":[{\"@type\":\"ListItem\",\"position\":1,\"name\":\"Kryefaqe\",\"item\":\"https:\/\/alprofitconsult.al\/\"},{\"@type\":\"ListItem\",\"position\":2,\"name\":\"Legjislacioni tatimor\",\"item\":\"https:\/\/alprofitconsult.al\/en\/tatime\/\"},{\"@type\":\"ListItem\",\"position\":3,\"name\":\"Individ\",\"item\":\"https:\/\/alprofitconsult.al\/en\/tatime\/individ\/\"},{\"@type\":\"ListItem\",\"position\":4,\"name\":\"T\u00eb ardhurat e tatueshme p\u00ebr individin\",\"item\":\"https:\/\/alprofitconsult.al\/en\/tatime\/individ\/te-ardhurat-e-tatueshme\/\"},{\"@type\":\"ListItem\",\"position\":5,\"name\":\"Mbajtja e dokumentacionit p\u00ebr individ\u00ebt\"}]},{\"@type\":\"WebSite\",\"@id\":\"https:\/\/alprofitconsult.al\/#website\",\"url\":\"https:\/\/alprofitconsult.al\/\",\"name\":\"AlProfit Consult\",\"description\":\"Zyr\u00eb Kontabiliteti\",\"publisher\":{\"@id\":\"https:\/\/alprofitconsult.al\/#organization\"},\"potentialAction\":[{\"@type\":\"SearchAction\",\"target\":{\"@type\":\"EntryPoint\",\"urlTemplate\":\"https:\/\/alprofitconsult.al\/?s={search_term_string}\"},\"query-input\":{\"@type\":\"PropertyValueSpecification\",\"valueRequired\":true,\"valueName\":\"search_term_string\"}}],\"inLanguage\":\"en-US\"},{\"@type\":\"Organization\",\"@id\":\"https:\/\/alprofitconsult.al\/#organization\",\"name\":\"Alprofit Consult\",\"url\":\"https:\/\/alprofitconsult.al\/\",\"logo\":{\"@type\":\"ImageObject\",\"inLanguage\":\"en-US\",\"@id\":\"https:\/\/alprofitconsult.al\/#\/schema\/logo\/image\/\",\"url\":\"https:\/\/alprofitconsult.al\/wp-content\/uploads\/2022\/10\/logoalprofit.png\",\"contentUrl\":\"https:\/\/alprofitconsult.al\/wp-content\/uploads\/2022\/10\/logoalprofit.png\",\"width\":529,\"height\":156,\"caption\":\"Alprofit Consult\"},\"image\":{\"@id\":\"https:\/\/alprofitconsult.al\/#\/schema\/logo\/image\/\"},\"sameAs\":[\"https:\/\/www.facebook.com\/AlProfitConsult\/\",\"https:\/\/x.com\/AlProfitConsult\",\"https:\/\/www.linkedin.com\/company\/andi-haxhillari\/\",\"https:\/\/www.pinterest.com\/AlProfitConsult\/\",\"https:\/\/www.youtube.com\/channel\/UCZ5Gfntn161Nla3g1XdRldA\",\"https:\/\/sq.wikipedia.org\/wiki\/P\u00ebrdoruesi:Andi25~sqwiki\"]}]}<\/script>\n<!-- \/ Yoast SEO plugin. -->","yoast_head_json":{"title":"Maintaining Documentation for Individuals - AlProfit Consult","robots":{"index":"index","follow":"follow","max-snippet":"max-snippet:-1","max-image-preview":"max-image-preview:large","max-video-preview":"max-video-preview:-1"},"canonical":"https:\/\/alprofitconsult.al\/en\/taxes\/individual\/taxable-income\/record-keeping\/","og_locale":"en_US","og_type":"article","og_title":"Mbajtja e dokumentacionit p\u00ebr individ\u00ebt - AlProfit Consult","og_description":"Informacioni i m\u00ebposht\u00ebm \u00ebsht\u00eb i vlefsh\u00ebm dhe zbatohet deri m\u00eb 31 dhjetor 2023, me hyrjen n\u00eb fuqi t\u00eb Ligjit t\u00eb ri Nr. 29\/2023 p\u00ebr Tatimin mbi t\u00eb Ardhurat. Shfletoni faqen ton\u00eb p\u00ebr m\u00eb shum\u00eb detaje dhe informacione t\u00eb p\u00ebrdit\u00ebsuara https:\/\/alprofitconsult.al\/tatime\/ P\u00ebr t\u00eb ardhurat P\u00ebr \u00e7do t\u00eb ardhur t\u00eb deklaruar n\u00eb Deklarat\u00ebn Individuale Vjetore t\u00eb t\u00eb [&hellip;]","og_url":"https:\/\/alprofitconsult.al\/en\/taxes\/individual\/taxable-income\/record-keeping\/","og_site_name":"AlProfit Consult","article_publisher":"https:\/\/www.facebook.com\/AlProfitConsult\/","article_modified_time":"2024-11-29T21:04:50+00:00","og_image":[{"width":1920,"height":1286,"url":"https:\/\/alprofitconsult.al\/wp-content\/uploads\/2022\/10\/AlProfit-Consult-Mbajtja-e-dokumentacionit-per-individet.jpg","type":"image\/jpeg"}],"twitter_card":"summary_large_image","twitter_site":"@AlProfitConsult","twitter_misc":{"Est. reading time":"3 minutes"},"schema":{"@context":"https:\/\/schema.org","@graph":[{"@type":"WebPage","@id":"https:\/\/alprofitconsult.al\/en\/tatime\/individ\/te-ardhurat-e-tatueshme\/mbajtja-e-dokumentacionit\/","url":"https:\/\/alprofitconsult.al\/en\/tatime\/individ\/te-ardhurat-e-tatueshme\/mbajtja-e-dokumentacionit\/","name":"Maintaining Documentation for Individuals - AlProfit Consult","isPartOf":{"@id":"https:\/\/alprofitconsult.al\/#website"},"primaryImageOfPage":{"@id":"https:\/\/alprofitconsult.al\/en\/tatime\/individ\/te-ardhurat-e-tatueshme\/mbajtja-e-dokumentacionit\/#primaryimage"},"image":{"@id":"https:\/\/alprofitconsult.al\/en\/tatime\/individ\/te-ardhurat-e-tatueshme\/mbajtja-e-dokumentacionit\/#primaryimage"},"thumbnailUrl":"https:\/\/alprofitconsult.al\/wp-content\/uploads\/2022\/10\/AlProfit-Consult-Mbajtja-e-dokumentacionit-per-individet.jpg","datePublished":"2022-10-08T18:35:39+00:00","dateModified":"2024-11-29T21:04:50+00:00","breadcrumb":{"@id":"https:\/\/alprofitconsult.al\/en\/tatime\/individ\/te-ardhurat-e-tatueshme\/mbajtja-e-dokumentacionit\/#breadcrumb"},"inLanguage":"en-US","potentialAction":[{"@type":"ReadAction","target":["https:\/\/alprofitconsult.al\/en\/tatime\/individ\/te-ardhurat-e-tatueshme\/mbajtja-e-dokumentacionit\/"]}]},{"@type":"ImageObject","inLanguage":"en-US","@id":"https:\/\/alprofitconsult.al\/en\/tatime\/individ\/te-ardhurat-e-tatueshme\/mbajtja-e-dokumentacionit\/#primaryimage","url":"https:\/\/alprofitconsult.al\/wp-content\/uploads\/2022\/10\/AlProfit-Consult-Mbajtja-e-dokumentacionit-per-individet.jpg","contentUrl":"https:\/\/alprofitconsult.al\/wp-content\/uploads\/2022\/10\/AlProfit-Consult-Mbajtja-e-dokumentacionit-per-individet.jpg","width":1920,"height":1286},{"@type":"BreadcrumbList","@id":"https:\/\/alprofitconsult.al\/en\/tatime\/individ\/te-ardhurat-e-tatueshme\/mbajtja-e-dokumentacionit\/#breadcrumb","itemListElement":[{"@type":"ListItem","position":1,"name":"Kryefaqe","item":"https:\/\/alprofitconsult.al\/"},{"@type":"ListItem","position":2,"name":"Legjislacioni tatimor","item":"https:\/\/alprofitconsult.al\/en\/tatime\/"},{"@type":"ListItem","position":3,"name":"Individ","item":"https:\/\/alprofitconsult.al\/en\/tatime\/individ\/"},{"@type":"ListItem","position":4,"name":"T\u00eb ardhurat e tatueshme p\u00ebr individin","item":"https:\/\/alprofitconsult.al\/en\/tatime\/individ\/te-ardhurat-e-tatueshme\/"},{"@type":"ListItem","position":5,"name":"Mbajtja e dokumentacionit p\u00ebr individ\u00ebt"}]},{"@type":"WebSite","@id":"https:\/\/alprofitconsult.al\/#website","url":"https:\/\/alprofitconsult.al\/","name":"AlProfit Consult","description":"Accounting Office","publisher":{"@id":"https:\/\/alprofitconsult.al\/#organization"},"potentialAction":[{"@type":"SearchAction","target":{"@type":"EntryPoint","urlTemplate":"https:\/\/alprofitconsult.al\/?s={search_term_string}"},"query-input":{"@type":"PropertyValueSpecification","valueRequired":true,"valueName":"search_term_string"}}],"inLanguage":"en-US"},{"@type":"Organization","@id":"https:\/\/alprofitconsult.al\/#organization","name":"Alprofit Consult","url":"https:\/\/alprofitconsult.al\/","logo":{"@type":"ImageObject","inLanguage":"en-US","@id":"https:\/\/alprofitconsult.al\/#\/schema\/logo\/image\/","url":"https:\/\/alprofitconsult.al\/wp-content\/uploads\/2022\/10\/logoalprofit.png","contentUrl":"https:\/\/alprofitconsult.al\/wp-content\/uploads\/2022\/10\/logoalprofit.png","width":529,"height":156,"caption":"Alprofit Consult"},"image":{"@id":"https:\/\/alprofitconsult.al\/#\/schema\/logo\/image\/"},"sameAs":["https:\/\/www.facebook.com\/AlProfitConsult\/","https:\/\/x.com\/AlProfitConsult","https:\/\/www.linkedin.com\/company\/andi-haxhillari\/","https:\/\/www.pinterest.com\/AlProfitConsult\/","https:\/\/www.youtube.com\/channel\/UCZ5Gfntn161Nla3g1XdRldA","https:\/\/sq.wikipedia.org\/wiki\/P\u00ebrdoruesi:Andi25~sqwiki"]}]}},"_links":{"self":[{"href":"https:\/\/alprofitconsult.al\/en\/wp-json\/wp\/v2\/pages\/15439","targetHints":{"allow":["GET"]}}],"collection":[{"href":"https:\/\/alprofitconsult.al\/en\/wp-json\/wp\/v2\/pages"}],"about":[{"href":"https:\/\/alprofitconsult.al\/en\/wp-json\/wp\/v2\/types\/page"}],"author":[{"embeddable":true,"href":"https:\/\/alprofitconsult.al\/en\/wp-json\/wp\/v2\/users\/1"}],"replies":[{"embeddable":true,"href":"https:\/\/alprofitconsult.al\/en\/wp-json\/wp\/v2\/comments?post=15439"}],"version-history":[{"count":5,"href":"https:\/\/alprofitconsult.al\/en\/wp-json\/wp\/v2\/pages\/15439\/revisions"}],"predecessor-version":[{"id":19670,"href":"https:\/\/alprofitconsult.al\/en\/wp-json\/wp\/v2\/pages\/15439\/revisions\/19670"}],"up":[{"embeddable":true,"href":"https:\/\/alprofitconsult.al\/en\/wp-json\/wp\/v2\/pages\/15119"}],"wp:featuredmedia":[{"embeddable":true,"href":"https:\/\/alprofitconsult.al\/en\/wp-json\/wp\/v2\/media\/15714"}],"wp:attachment":[{"href":"https:\/\/alprofitconsult.al\/en\/wp-json\/wp\/v2\/media?parent=15439"}],"curies":[{"name":"wp","href":"https:\/\/api.w.org\/{rel}","templated":true}]}}