{"id":15441,"date":"2022-10-08T18:35:41","date_gmt":"2022-10-08T18:35:41","guid":{"rendered":"https:\/\/alprofitconsult.al\/?page_id=15441"},"modified":"2024-11-29T21:06:27","modified_gmt":"2024-11-29T21:06:27","slug":"statement","status":"publish","type":"page","link":"https:\/\/alprofitconsult.al\/en\/tatime\/individ\/deklarimi-dhe-pagesa\/deklarimi\/","title":{"rendered":"Filing the annual individual income tax return"},"content":{"rendered":"<div class=\"yoast-breadcrumbs\"><span><span><a href=\"https:\/\/alprofitconsult.al\/en\/\">Home<\/a><\/span> | <span><a href=\"https:\/\/alprofitconsult.al\/en\/tatime\/\">Tax legislation<\/a><\/span> | <span><a href=\"https:\/\/alprofitconsult.al\/en\/tatime\/individ\/\">Individual<\/a><\/span> | <span><a href=\"https:\/\/alprofitconsult.al\/en\/tatime\/individ\/deklarimi-dhe-pagesa\/\">Declaration and payment for individuals<\/a><\/span> | <span class=\"breadcrumb_last\" aria-current=\"page\">Filing the annual individual income tax return<\/span><\/span><\/div>\n\n\n<p><\/p>\n\n\n\n<figure class=\"wp-block-image size-large\"><img loading=\"lazy\" decoding=\"async\" width=\"1024\" height=\"683\" src=\"https:\/\/alprofitconsult.al\/wp-content\/uploads\/2022\/10\/AlProfit-Consult-DIVA-1024x683.jpg\" alt=\"\" class=\"wp-image-15724\" srcset=\"https:\/\/alprofitconsult.al\/wp-content\/uploads\/2022\/10\/AlProfit-Consult-DIVA-1024x683.jpg 1024w, https:\/\/alprofitconsult.al\/wp-content\/uploads\/2022\/10\/AlProfit-Consult-DIVA-300x200.jpg 300w, https:\/\/alprofitconsult.al\/wp-content\/uploads\/2022\/10\/AlProfit-Consult-DIVA-150x100.jpg 150w, https:\/\/alprofitconsult.al\/wp-content\/uploads\/2022\/10\/AlProfit-Consult-DIVA-768x512.jpg 768w, https:\/\/alprofitconsult.al\/wp-content\/uploads\/2022\/10\/AlProfit-Consult-DIVA-1536x1024.jpg 1536w, https:\/\/alprofitconsult.al\/wp-content\/uploads\/2022\/10\/AlProfit-Consult-DIVA.jpg 1920w\" sizes=\"auto, (max-width: 1024px) 100vw, 1024px\" \/><\/figure>\n\n\n\n<figure class=\"wp-block-pullquote\"><blockquote><p><br><em>The following information is valid and applicable until December 31, 2023, following the entry into force of the new Law No. <\/em><a href=\"https:\/\/alprofitconsult.al\/wp-content\/uploads\/2023\/11\/LIGJ-NR.-29-2023-PER-TATIMIN-MBI-TE-ARDHURAT-4.pdf\" target=\"_blank\" rel=\"noreferrer noopener\">29\/2023<\/a><em> On Income Tax. Please browse our website for more details and updated information at: <\/em><a href=\"https:\/\/alprofitconsult.al\/en\/taxes\/\" target=\"_blank\" rel=\"noreferrer noopener\">https:\/\/alprofitconsult.al\/tatime\/<\/a><\/p><\/blockquote><\/figure>\n\n\n\n<p>Personal income tax is calculated on the income of individuals who are legally obligated to declare it.<\/p>\n\n\n\n<h2 class=\"wp-block-heading\">Mandatory declaration<\/h2>\n\n\n\n<p>Resident individuals who earn taxable income within and outside the territory of the Republic of Albania, submit the annual income tax return to the central tax administration.<\/p>\n\n\n\n<p>Resident individuals are obligated to complete and submit the Annual Individual Income Declaration if they earn gross annual income from all sources (within and outside the Republic of Albania) exceeding the total amount of 2,000,000 (two million) ALL.<\/p>\n\n\n\n<p>If resident individuals earn annual gross income from all sources, both within and outside Albania, of less than 2 million lek, they are not required to complete and submit the Annual Individual Income Tax Return. This exemption does not apply to individuals who are employed by more than one employer, regardless of whether their total annual gross income is below 2,000,000 (two million) lek. These individuals declare on their annual income statement, in a single amount, all income from employment, calculate the total amount of payroll tax liability, deduct, where applicable, the tax withheld by the employer, and determine the amount of tax liability to be paid to the state budget.<\/p>\n\n\n\n<p>Non-resident individuals who earn taxable income sourced in the Republic of Albania file their annual income tax return with the central tax administration.<\/p>\n\n\n\n<p>Non-residents must complete and submit the Individual Annual Income Declaration if they earn total annual gross income from sources in the Republic of Albania exceeding 2,000,000 (two million) ALL.<\/p>\n\n\n\n<p>Non-resident individuals who earn annual gross income sourced within the territory of the Republic of Albania in an amount less than 2,000,000 (two million) ALL are not obligated to complete and submit the Annual Individual Income Tax Return. This exemption does not apply to individuals employed by more than one employer, regardless of whether their total annual gross income is below 2,000,000 (two million) ALL. These individuals declare in their annual income tax return, as a single sum, all income earned from employment, calculate the total tax liability on wages, deduct, where applicable, the tax withheld by the employer, and determine the amount of tax liability to be paid to the state budget.<\/p>\n\n\n\n<h2 class=\"wp-block-heading\">Exemption from declaration<\/h2>\n\n\n\n<p>All individuals whose total gross annual income from all sources is less than 2,000,000 (two million) ALL are exempt from the obligation to complete and submit the Individual Annual Income Declaration.<\/p>\n\n\n\n<h2 class=\"wp-block-heading\">Optional declaration<\/h2>\n\n\n\n<p>The annual income declaration may also be filed by any individual who, although not legally required to do so, wishes to benefit from it. from the deductible expenses scheme provided for in this law, when that individual meets the conditions for benefiting from the expense deduction.<br>In this case, the sum of gross annual income, from all sources, must not exceed 1,050,000 (one million and fifty thousand) lek\u00eb per year (indexed annually).<\/p>\n\n\n\n<p>Source: <a href=\"https:\/\/www.tatime.gov.al\/c\/3\/10\/15\/deklarimi\" target=\"_blank\" rel=\"noreferrer noopener\">General Directorate of Taxes<\/a>.<\/p>\n\n\n<div class=\"gdlr-core-widget-box-shortcode\" style=\"color: #ffffff ;background-color: #000014 ;\"  ><h3 class=\"gdlr-core-widget-box-shortcode-title\" style=\"color: #ffffff ;\"  >Do you have a question?<\/h3><div class=\"gdlr-core-widget-box-shortcode-content\" ><p class=\"translation-block\">Do not hesitate to <a href=\"https:\/\/alprofitconsult.al\/en\/contact\/\" target=\"_self\">contact<\/a> us. We are a team of experts and will be happy to speak with you.<\/p>\n<\/div><\/div>","protected":false},"excerpt":{"rendered":"<p>Informacioni i m\u00ebposht\u00ebm \u00ebsht\u00eb i vlefsh\u00ebm dhe zbatohet deri m\u00eb 31 dhjetor 2023, me hyrjen n\u00eb fuqi t\u00eb Ligjit t\u00eb ri Nr. 29\/2023 p\u00ebr Tatimin mbi t\u00eb Ardhurat. Shfletoni faqen ton\u00eb p\u00ebr m\u00eb shum\u00eb detaje dhe informacione t\u00eb p\u00ebrdit\u00ebsuara https:\/\/alprofitconsult.al\/tatime\/ Tatimi mbi t\u00eb ardhurat personale, llogaritet mbi t\u00eb ardhurat e individ\u00ebve, t\u00eb cil\u00ebt jan\u00eb t\u00eb [&hellip;]<\/p>\n","protected":false},"author":1,"featured_media":15724,"parent":15440,"menu_order":0,"comment_status":"closed","ping_status":"closed","template":"","meta":{"footnotes":""},"class_list":["post-15441","page","type-page","status-publish","has-post-thumbnail","hentry"],"yoast_head":"<!-- This site is optimized with the Yoast SEO plugin v26.5 - https:\/\/yoast.com\/wordpress\/plugins\/seo\/ -->\n<title>Plot\u00ebsimi i deklarat\u00ebs individuale vjetore t\u00eb ardhurave - AlProfit Consult<\/title>\n<meta name=\"robots\" content=\"index, follow, max-snippet:-1, max-image-preview:large, max-video-preview:-1\" \/>\n<link rel=\"canonical\" href=\"https:\/\/alprofitconsult.al\/en\/taxes\/individual\/declaration-and-payment\/statement\/\" \/>\n<meta property=\"og:locale\" content=\"en_US\" \/>\n<meta property=\"og:type\" content=\"article\" \/>\n<meta property=\"og:title\" content=\"Plot\u00ebsimi i deklarat\u00ebs individuale vjetore t\u00eb ardhurave - AlProfit Consult\" \/>\n<meta property=\"og:description\" content=\"Informacioni i m\u00ebposht\u00ebm \u00ebsht\u00eb i vlefsh\u00ebm dhe zbatohet deri m\u00eb 31 dhjetor 2023, me hyrjen n\u00eb fuqi t\u00eb Ligjit t\u00eb ri Nr. 29\/2023 p\u00ebr Tatimin mbi t\u00eb Ardhurat. Shfletoni faqen ton\u00eb p\u00ebr m\u00eb shum\u00eb detaje dhe informacione t\u00eb p\u00ebrdit\u00ebsuara https:\/\/alprofitconsult.al\/tatime\/ Tatimi mbi t\u00eb ardhurat personale, llogaritet mbi t\u00eb ardhurat e individ\u00ebve, t\u00eb cil\u00ebt jan\u00eb t\u00eb [&hellip;]\" \/>\n<meta property=\"og:url\" content=\"https:\/\/alprofitconsult.al\/en\/taxes\/individual\/declaration-and-payment\/statement\/\" \/>\n<meta property=\"og:site_name\" content=\"AlProfit Consult\" \/>\n<meta property=\"article:publisher\" content=\"https:\/\/www.facebook.com\/AlProfitConsult\/\" \/>\n<meta property=\"article:modified_time\" content=\"2024-11-29T21:06:27+00:00\" \/>\n<meta property=\"og:image\" content=\"https:\/\/alprofitconsult.al\/wp-content\/uploads\/2022\/10\/AlProfit-Consult-DIVA.jpg\" \/>\n\t<meta property=\"og:image:width\" content=\"1920\" \/>\n\t<meta property=\"og:image:height\" content=\"1280\" \/>\n\t<meta property=\"og:image:type\" content=\"image\/jpeg\" \/>\n<meta name=\"twitter:card\" content=\"summary_large_image\" \/>\n<meta name=\"twitter:site\" content=\"@AlProfitConsult\" \/>\n<meta name=\"twitter:label1\" content=\"Est. reading time\" \/>\n\t<meta name=\"twitter:data1\" content=\"3 minutes\" \/>\n<script type=\"application\/ld+json\" class=\"yoast-schema-graph\">{\"@context\":\"https:\/\/schema.org\",\"@graph\":[{\"@type\":\"WebPage\",\"@id\":\"https:\/\/alprofitconsult.al\/en\/tatime\/individ\/deklarimi-dhe-pagesa\/deklarimi\/\",\"url\":\"https:\/\/alprofitconsult.al\/en\/tatime\/individ\/deklarimi-dhe-pagesa\/deklarimi\/\",\"name\":\"Plot\u00ebsimi i deklarat\u00ebs individuale vjetore t\u00eb ardhurave - AlProfit Consult\",\"isPartOf\":{\"@id\":\"https:\/\/alprofitconsult.al\/#website\"},\"primaryImageOfPage\":{\"@id\":\"https:\/\/alprofitconsult.al\/en\/tatime\/individ\/deklarimi-dhe-pagesa\/deklarimi\/#primaryimage\"},\"image\":{\"@id\":\"https:\/\/alprofitconsult.al\/en\/tatime\/individ\/deklarimi-dhe-pagesa\/deklarimi\/#primaryimage\"},\"thumbnailUrl\":\"https:\/\/alprofitconsult.al\/wp-content\/uploads\/2022\/10\/AlProfit-Consult-DIVA.jpg\",\"datePublished\":\"2022-10-08T18:35:41+00:00\",\"dateModified\":\"2024-11-29T21:06:27+00:00\",\"breadcrumb\":{\"@id\":\"https:\/\/alprofitconsult.al\/en\/tatime\/individ\/deklarimi-dhe-pagesa\/deklarimi\/#breadcrumb\"},\"inLanguage\":\"en-US\",\"potentialAction\":[{\"@type\":\"ReadAction\",\"target\":[\"https:\/\/alprofitconsult.al\/en\/tatime\/individ\/deklarimi-dhe-pagesa\/deklarimi\/\"]}]},{\"@type\":\"ImageObject\",\"inLanguage\":\"en-US\",\"@id\":\"https:\/\/alprofitconsult.al\/en\/tatime\/individ\/deklarimi-dhe-pagesa\/deklarimi\/#primaryimage\",\"url\":\"https:\/\/alprofitconsult.al\/wp-content\/uploads\/2022\/10\/AlProfit-Consult-DIVA.jpg\",\"contentUrl\":\"https:\/\/alprofitconsult.al\/wp-content\/uploads\/2022\/10\/AlProfit-Consult-DIVA.jpg\",\"width\":1920,\"height\":1280},{\"@type\":\"BreadcrumbList\",\"@id\":\"https:\/\/alprofitconsult.al\/en\/tatime\/individ\/deklarimi-dhe-pagesa\/deklarimi\/#breadcrumb\",\"itemListElement\":[{\"@type\":\"ListItem\",\"position\":1,\"name\":\"Kryefaqe\",\"item\":\"https:\/\/alprofitconsult.al\/\"},{\"@type\":\"ListItem\",\"position\":2,\"name\":\"Legjislacioni tatimor\",\"item\":\"https:\/\/alprofitconsult.al\/en\/tatime\/\"},{\"@type\":\"ListItem\",\"position\":3,\"name\":\"Individ\",\"item\":\"https:\/\/alprofitconsult.al\/en\/tatime\/individ\/\"},{\"@type\":\"ListItem\",\"position\":4,\"name\":\"Deklarimi dhe pagesa per individ\u00ebt\",\"item\":\"https:\/\/alprofitconsult.al\/en\/tatime\/individ\/deklarimi-dhe-pagesa\/\"},{\"@type\":\"ListItem\",\"position\":5,\"name\":\"Plot\u00ebsimi i deklarat\u00ebs individuale vjetore t\u00eb ardhurave\"}]},{\"@type\":\"WebSite\",\"@id\":\"https:\/\/alprofitconsult.al\/#website\",\"url\":\"https:\/\/alprofitconsult.al\/\",\"name\":\"AlProfit Consult\",\"description\":\"Zyr\u00eb Kontabiliteti\",\"publisher\":{\"@id\":\"https:\/\/alprofitconsult.al\/#organization\"},\"potentialAction\":[{\"@type\":\"SearchAction\",\"target\":{\"@type\":\"EntryPoint\",\"urlTemplate\":\"https:\/\/alprofitconsult.al\/?s={search_term_string}\"},\"query-input\":{\"@type\":\"PropertyValueSpecification\",\"valueRequired\":true,\"valueName\":\"search_term_string\"}}],\"inLanguage\":\"en-US\"},{\"@type\":\"Organization\",\"@id\":\"https:\/\/alprofitconsult.al\/#organization\",\"name\":\"Alprofit Consult\",\"url\":\"https:\/\/alprofitconsult.al\/\",\"logo\":{\"@type\":\"ImageObject\",\"inLanguage\":\"en-US\",\"@id\":\"https:\/\/alprofitconsult.al\/#\/schema\/logo\/image\/\",\"url\":\"https:\/\/alprofitconsult.al\/wp-content\/uploads\/2022\/10\/logoalprofit.png\",\"contentUrl\":\"https:\/\/alprofitconsult.al\/wp-content\/uploads\/2022\/10\/logoalprofit.png\",\"width\":529,\"height\":156,\"caption\":\"Alprofit Consult\"},\"image\":{\"@id\":\"https:\/\/alprofitconsult.al\/#\/schema\/logo\/image\/\"},\"sameAs\":[\"https:\/\/www.facebook.com\/AlProfitConsult\/\",\"https:\/\/x.com\/AlProfitConsult\",\"https:\/\/www.linkedin.com\/company\/andi-haxhillari\/\",\"https:\/\/www.pinterest.com\/AlProfitConsult\/\",\"https:\/\/www.youtube.com\/channel\/UCZ5Gfntn161Nla3g1XdRldA\",\"https:\/\/sq.wikipedia.org\/wiki\/P\u00ebrdoruesi:Andi25~sqwiki\"]}]}<\/script>\n<!-- \/ Yoast SEO plugin. -->","yoast_head_json":{"title":"Completion of the Annual Individual Income Tax Return - AlProfit Consult","robots":{"index":"index","follow":"follow","max-snippet":"max-snippet:-1","max-image-preview":"max-image-preview:large","max-video-preview":"max-video-preview:-1"},"canonical":"https:\/\/alprofitconsult.al\/en\/taxes\/individual\/declaration-and-payment\/statement\/","og_locale":"en_US","og_type":"article","og_title":"Plot\u00ebsimi i deklarat\u00ebs individuale vjetore t\u00eb ardhurave - AlProfit Consult","og_description":"Informacioni i m\u00ebposht\u00ebm \u00ebsht\u00eb i vlefsh\u00ebm dhe zbatohet deri m\u00eb 31 dhjetor 2023, me hyrjen n\u00eb fuqi t\u00eb Ligjit t\u00eb ri Nr. 29\/2023 p\u00ebr Tatimin mbi t\u00eb Ardhurat. Shfletoni faqen ton\u00eb p\u00ebr m\u00eb shum\u00eb detaje dhe informacione t\u00eb p\u00ebrdit\u00ebsuara https:\/\/alprofitconsult.al\/tatime\/ Tatimi mbi t\u00eb ardhurat personale, llogaritet mbi t\u00eb ardhurat e individ\u00ebve, t\u00eb cil\u00ebt jan\u00eb t\u00eb [&hellip;]","og_url":"https:\/\/alprofitconsult.al\/en\/taxes\/individual\/declaration-and-payment\/statement\/","og_site_name":"AlProfit Consult","article_publisher":"https:\/\/www.facebook.com\/AlProfitConsult\/","article_modified_time":"2024-11-29T21:06:27+00:00","og_image":[{"width":1920,"height":1280,"url":"https:\/\/alprofitconsult.al\/wp-content\/uploads\/2022\/10\/AlProfit-Consult-DIVA.jpg","type":"image\/jpeg"}],"twitter_card":"summary_large_image","twitter_site":"@AlProfitConsult","twitter_misc":{"Est. reading time":"3 minutes"},"schema":{"@context":"https:\/\/schema.org","@graph":[{"@type":"WebPage","@id":"https:\/\/alprofitconsult.al\/en\/tatime\/individ\/deklarimi-dhe-pagesa\/deklarimi\/","url":"https:\/\/alprofitconsult.al\/en\/tatime\/individ\/deklarimi-dhe-pagesa\/deklarimi\/","name":"Completion of the Annual Individual Income Tax Return - AlProfit Consult","isPartOf":{"@id":"https:\/\/alprofitconsult.al\/#website"},"primaryImageOfPage":{"@id":"https:\/\/alprofitconsult.al\/en\/tatime\/individ\/deklarimi-dhe-pagesa\/deklarimi\/#primaryimage"},"image":{"@id":"https:\/\/alprofitconsult.al\/en\/tatime\/individ\/deklarimi-dhe-pagesa\/deklarimi\/#primaryimage"},"thumbnailUrl":"https:\/\/alprofitconsult.al\/wp-content\/uploads\/2022\/10\/AlProfit-Consult-DIVA.jpg","datePublished":"2022-10-08T18:35:41+00:00","dateModified":"2024-11-29T21:06:27+00:00","breadcrumb":{"@id":"https:\/\/alprofitconsult.al\/en\/tatime\/individ\/deklarimi-dhe-pagesa\/deklarimi\/#breadcrumb"},"inLanguage":"en-US","potentialAction":[{"@type":"ReadAction","target":["https:\/\/alprofitconsult.al\/en\/tatime\/individ\/deklarimi-dhe-pagesa\/deklarimi\/"]}]},{"@type":"ImageObject","inLanguage":"en-US","@id":"https:\/\/alprofitconsult.al\/en\/tatime\/individ\/deklarimi-dhe-pagesa\/deklarimi\/#primaryimage","url":"https:\/\/alprofitconsult.al\/wp-content\/uploads\/2022\/10\/AlProfit-Consult-DIVA.jpg","contentUrl":"https:\/\/alprofitconsult.al\/wp-content\/uploads\/2022\/10\/AlProfit-Consult-DIVA.jpg","width":1920,"height":1280},{"@type":"BreadcrumbList","@id":"https:\/\/alprofitconsult.al\/en\/tatime\/individ\/deklarimi-dhe-pagesa\/deklarimi\/#breadcrumb","itemListElement":[{"@type":"ListItem","position":1,"name":"Kryefaqe","item":"https:\/\/alprofitconsult.al\/"},{"@type":"ListItem","position":2,"name":"Legjislacioni tatimor","item":"https:\/\/alprofitconsult.al\/en\/tatime\/"},{"@type":"ListItem","position":3,"name":"Individ","item":"https:\/\/alprofitconsult.al\/en\/tatime\/individ\/"},{"@type":"ListItem","position":4,"name":"Deklarimi dhe pagesa per individ\u00ebt","item":"https:\/\/alprofitconsult.al\/en\/tatime\/individ\/deklarimi-dhe-pagesa\/"},{"@type":"ListItem","position":5,"name":"Plot\u00ebsimi i deklarat\u00ebs individuale vjetore t\u00eb ardhurave"}]},{"@type":"WebSite","@id":"https:\/\/alprofitconsult.al\/#website","url":"https:\/\/alprofitconsult.al\/","name":"AlProfit Consult","description":"Accounting Office","publisher":{"@id":"https:\/\/alprofitconsult.al\/#organization"},"potentialAction":[{"@type":"SearchAction","target":{"@type":"EntryPoint","urlTemplate":"https:\/\/alprofitconsult.al\/?s={search_term_string}"},"query-input":{"@type":"PropertyValueSpecification","valueRequired":true,"valueName":"search_term_string"}}],"inLanguage":"en-US"},{"@type":"Organization","@id":"https:\/\/alprofitconsult.al\/#organization","name":"Alprofit Consult","url":"https:\/\/alprofitconsult.al\/","logo":{"@type":"ImageObject","inLanguage":"en-US","@id":"https:\/\/alprofitconsult.al\/#\/schema\/logo\/image\/","url":"https:\/\/alprofitconsult.al\/wp-content\/uploads\/2022\/10\/logoalprofit.png","contentUrl":"https:\/\/alprofitconsult.al\/wp-content\/uploads\/2022\/10\/logoalprofit.png","width":529,"height":156,"caption":"Alprofit Consult"},"image":{"@id":"https:\/\/alprofitconsult.al\/#\/schema\/logo\/image\/"},"sameAs":["https:\/\/www.facebook.com\/AlProfitConsult\/","https:\/\/x.com\/AlProfitConsult","https:\/\/www.linkedin.com\/company\/andi-haxhillari\/","https:\/\/www.pinterest.com\/AlProfitConsult\/","https:\/\/www.youtube.com\/channel\/UCZ5Gfntn161Nla3g1XdRldA","https:\/\/sq.wikipedia.org\/wiki\/P\u00ebrdoruesi:Andi25~sqwiki"]}]}},"_links":{"self":[{"href":"https:\/\/alprofitconsult.al\/en\/wp-json\/wp\/v2\/pages\/15441","targetHints":{"allow":["GET"]}}],"collection":[{"href":"https:\/\/alprofitconsult.al\/en\/wp-json\/wp\/v2\/pages"}],"about":[{"href":"https:\/\/alprofitconsult.al\/en\/wp-json\/wp\/v2\/types\/page"}],"author":[{"embeddable":true,"href":"https:\/\/alprofitconsult.al\/en\/wp-json\/wp\/v2\/users\/1"}],"replies":[{"embeddable":true,"href":"https:\/\/alprofitconsult.al\/en\/wp-json\/wp\/v2\/comments?post=15441"}],"version-history":[{"count":5,"href":"https:\/\/alprofitconsult.al\/en\/wp-json\/wp\/v2\/pages\/15441\/revisions"}],"predecessor-version":[{"id":19674,"href":"https:\/\/alprofitconsult.al\/en\/wp-json\/wp\/v2\/pages\/15441\/revisions\/19674"}],"up":[{"embeddable":true,"href":"https:\/\/alprofitconsult.al\/en\/wp-json\/wp\/v2\/pages\/15440"}],"wp:featuredmedia":[{"embeddable":true,"href":"https:\/\/alprofitconsult.al\/en\/wp-json\/wp\/v2\/media\/15724"}],"wp:attachment":[{"href":"https:\/\/alprofitconsult.al\/en\/wp-json\/wp\/v2\/media?parent=15441"}],"curies":[{"name":"wp","href":"https:\/\/api.w.org\/{rel}","templated":true}]}}