{"id":15443,"date":"2022-10-08T18:35:41","date_gmt":"2022-10-08T18:35:41","guid":{"rendered":"https:\/\/alprofitconsult.al\/?page_id=15443"},"modified":"2024-11-29T21:06:49","modified_gmt":"2024-11-29T21:06:49","slug":"pagesa-e-tatimit","status":"publish","type":"page","link":"https:\/\/alprofitconsult.al\/en\/tatime\/individ\/deklarimi-dhe-pagesa\/pagesa-e-tatimit\/","title":{"rendered":"Pagesa e tatimit p\u00ebr individ\u00ebt"},"content":{"rendered":"<div class=\"yoast-breadcrumbs\"><span><span><a href=\"https:\/\/alprofitconsult.al\/en\/\">Home<\/a><\/span> | <span><a href=\"https:\/\/alprofitconsult.al\/en\/tatime\/\">Tax legislation<\/a><\/span> | <span><a href=\"https:\/\/alprofitconsult.al\/en\/tatime\/individ\/\">Individual<\/a><\/span> | <span><a href=\"https:\/\/alprofitconsult.al\/en\/tatime\/individ\/deklarimi-dhe-pagesa\/\">Deklarimi dhe pagesa per individ\u00ebt<\/a><\/span> | <span class=\"breadcrumb_last\" aria-current=\"page\">Pagesa e tatimit p\u00ebr individ\u00ebt<\/span><\/span><\/div>\n\n\n<p><\/p>\n\n\n\n<figure class=\"wp-block-image size-large\"><img loading=\"lazy\" decoding=\"async\" width=\"1024\" height=\"683\" src=\"https:\/\/alprofitconsult.al\/wp-content\/uploads\/2022\/10\/AlProfit-Consult-Pagesa-e-tatimit-per-individet-1024x683.jpg\" alt=\"\" class=\"wp-image-15736\" srcset=\"https:\/\/alprofitconsult.al\/wp-content\/uploads\/2022\/10\/AlProfit-Consult-Pagesa-e-tatimit-per-individet-1024x683.jpg 1024w, https:\/\/alprofitconsult.al\/wp-content\/uploads\/2022\/10\/AlProfit-Consult-Pagesa-e-tatimit-per-individet-300x200.jpg 300w, https:\/\/alprofitconsult.al\/wp-content\/uploads\/2022\/10\/AlProfit-Consult-Pagesa-e-tatimit-per-individet-150x100.jpg 150w, https:\/\/alprofitconsult.al\/wp-content\/uploads\/2022\/10\/AlProfit-Consult-Pagesa-e-tatimit-per-individet-768x512.jpg 768w, https:\/\/alprofitconsult.al\/wp-content\/uploads\/2022\/10\/AlProfit-Consult-Pagesa-e-tatimit-per-individet-1536x1025.jpg 1536w, https:\/\/alprofitconsult.al\/wp-content\/uploads\/2022\/10\/AlProfit-Consult-Pagesa-e-tatimit-per-individet.jpg 1920w\" sizes=\"auto, (max-width: 1024px) 100vw, 1024px\" \/><\/figure>\n\n\n\n<figure class=\"wp-block-pullquote\"><blockquote><p><br><em>The following information is valid and applicable until December 31, 2023, following the entry into force of the new Law No. <\/em><a href=\"https:\/\/alprofitconsult.al\/wp-content\/uploads\/2023\/11\/LIGJ-NR.-29-2023-PER-TATIMIN-MBI-TE-ARDHURAT-4.pdf\" target=\"_blank\" rel=\"noreferrer noopener\">29\/2023<\/a><em> On Income Tax. Please browse our website for more details and updated information at: <\/em><a href=\"https:\/\/alprofitconsult.al\/en\/tatime\/\" target=\"_blank\" rel=\"noreferrer noopener\">https:\/\/alprofitconsult.al\/tatime\/<\/a><\/p><\/blockquote><\/figure>\n\n\n\n<h2 class=\"wp-block-heading\">Tax Rates<\/h2>\n\n\n\n<p>Diferenca nd\u00ebrmjet totalit t\u00eb t\u00eb ardhurave bruto, me shpenzimet e zbritshme dhe t\u00eb ardhurat nga pun\u00ebsimi, p\u00ebrb\u00ebn t\u00eb ardhur\u00ebn e tatueshme t\u00eb individit, e cila tatohet me shkall\u00ebn tatimore prej 15%.<\/p>\n\n\n\n<p>Mbi k\u00ebt\u00eb baz\u00eb, me shkall\u00ebn tatimore prej 15%, p\u00ebrcaktohet shuma e tatimit t\u00eb llogaritur p\u00ebr t\u00eb gjitha llojet e t\u00eb ardhurave t\u00eb tatueshme, pa p\u00ebrfshir\u00eb tatimin e llogaritur, p\u00ebr t\u00eb ardhurat e tatueshme nga pun\u00ebsimi<\/p>\n\n\n\n<p>T\u00eb ardhurat nga marr\u00ebdh\u00ebniet e pun\u00ebsimit, tatohen sipas tabel\u00ebs s\u00eb m\u00ebposhtme:<\/p>\n\n\n\n<figure class=\"wp-block-image size-large\"><img loading=\"lazy\" decoding=\"async\" width=\"1024\" height=\"284\" src=\"https:\/\/alprofitconsult.al\/wp-content\/uploads\/2022\/07\/image-1-1024x284.png\" alt=\"\" class=\"wp-image-14270\" srcset=\"https:\/\/alprofitconsult.al\/wp-content\/uploads\/2022\/07\/image-1-1024x284.png 1024w, https:\/\/alprofitconsult.al\/wp-content\/uploads\/2022\/07\/image-1-300x83.png 300w, https:\/\/alprofitconsult.al\/wp-content\/uploads\/2022\/07\/image-1-150x42.png 150w, https:\/\/alprofitconsult.al\/wp-content\/uploads\/2022\/07\/image-1-768x213.png 768w, https:\/\/alprofitconsult.al\/wp-content\/uploads\/2022\/07\/image-1.png 1208w\" sizes=\"auto, (max-width: 1024px) 100vw, 1024px\" \/><figcaption class=\"wp-element-caption\">P\u00ebrdit\u00ebsimi i fundit: 09 Tetor 2022<\/figcaption><\/figure>\n\n\n\n<p>\u00c7do pun\u00ebdh\u00ebn\u00ebs, q\u00eb paguan nj\u00eb pag\u00eb a shp\u00ebrblim t\u00eb parashikuar, \u00ebsht\u00eb i detyruar t\u00eb llogaris\u00eb dhe t\u00eb mbaj\u00eb n\u00eb burim tatimin mbi t\u00eb ardhurat personale (t\u00eb ardhurat nga pun\u00ebsimi).<\/p>\n\n\n\n<p>Shum\u00ebs s\u00eb tatimit, t\u00eb llogaritur i shtohet tatimi i llogaritur mbi pag\u00ebn dhe i zbriten, tatimet e paguara gjat\u00eb periudh\u00ebs tatimore, t\u00eb dokumentuara nga mbajt\u00ebsi n\u00eb burim i k\u00ebtyre tatimeve.<\/p>\n\n\n\n<p>Lexo edhe udh\u00ebzime mbi m\u00ebnyr\u00ebn e plot\u00ebsimit t\u00eb formularit t\u00eb deklarat\u00ebs individuale vjetore <a href=\"https:\/\/alprofitconsult.al\/en\/tatime\/individ\/deklarimi-dhe-pagesa\/formulari-i-deklarimit\/\" target=\"_blank\" rel=\"noreferrer noopener\">https:\/\/alprofitconsult.al\/tatime\/individ\/deklarimi-dhe-pagesa\/formulari-i-deklarimit\/ <\/a><\/p>\n\n\n\n<h2 class=\"wp-block-heading\">Afati i pages\u00ebs s\u00eb tatimit<\/h2>\n\n\n\n<p>N\u00ebse nga plot\u00ebsimi i deklarat\u00ebs vjetore rezulton se individi tatimpagues duhet:<\/p>\n\n\n\n<ul class=\"wp-block-list\">\n<li>t\u00eb paguaj\u00eb tatim, bazuar n\u00eb rubrik\u00ebn \u201cTotali p\u00ebr t\u2019u paguar\u201d, t\u00eb deklarat\u00ebs individuale vjetore t\u00eb t\u00eb ardhurave,<\/li>\n\n\n\n<li>individi dor\u00ebzon n\u00eb bank\u00eb formularin \u201cUrdh\u00ebrpages\u00eb e tatimit mbi t\u00eb ardhurat individuale\u201d.<\/li>\n<\/ul>\n\n\n\n<figure class=\"wp-block-pullquote is-style-default\"><blockquote><p><br>Kujdes:<br>Pagesa e tatimit kryhet jo m\u00eb von\u00eb se data 30 prill.<\/p><\/blockquote><\/figure>\n\n\n\n<p>Source: <a href=\"https:\/\/www.tatime.gov.al\/c\/3\/10\/28\/pagesa-e-tatimit\" target=\"_blank\" rel=\"noreferrer noopener\">General Directorate of Taxes.<\/a><\/p>\n\n\n<div class=\"gdlr-core-widget-box-shortcode\" style=\"color: #ffffff ;background-color: #000014 ;\"  ><h3 class=\"gdlr-core-widget-box-shortcode-title\" style=\"color: #ffffff ;\"  >Do you have a question?<\/h3><div class=\"gdlr-core-widget-box-shortcode-content\" ><p class=\"translation-block\">Do not hesitate to <a href=\"https:\/\/alprofitconsult.al\/en\/contact\/\" target=\"_self\">contact<\/a> us. We are a team of experts and will be happy to speak with you.<\/p>\n<\/div><\/div>","protected":false},"excerpt":{"rendered":"<p>Informacioni i m\u00ebposht\u00ebm \u00ebsht\u00eb i vlefsh\u00ebm dhe zbatohet deri m\u00eb 31 dhjetor 2023, me hyrjen n\u00eb fuqi t\u00eb Ligjit t\u00eb ri Nr. 29\/2023 p\u00ebr Tatimin mbi t\u00eb Ardhurat. Shfletoni faqen ton\u00eb p\u00ebr m\u00eb shum\u00eb detaje dhe informacione t\u00eb p\u00ebrdit\u00ebsuara https:\/\/alprofitconsult.al\/tatime\/ Shkalla tatimore Diferenca nd\u00ebrmjet totalit t\u00eb t\u00eb ardhurave bruto, me shpenzimet e zbritshme dhe t\u00eb [&hellip;]<\/p>","protected":false},"author":1,"featured_media":15736,"parent":15440,"menu_order":0,"comment_status":"closed","ping_status":"closed","template":"","meta":{"footnotes":""},"class_list":["post-15443","page","type-page","status-publish","has-post-thumbnail","hentry"],"yoast_head":"<!-- This site is optimized with the Yoast SEO plugin v26.5 - https:\/\/yoast.com\/wordpress\/plugins\/seo\/ -->\n<title>Pagesa e tatimit p\u00ebr individ\u00ebt - AlProfit Consult<\/title>\n<meta name=\"robots\" content=\"index, follow, max-snippet:-1, max-image-preview:large, max-video-preview:-1\" \/>\n<link rel=\"canonical\" href=\"https:\/\/alprofitconsult.al\/en\/tatime\/individ\/deklarimi-dhe-pagesa\/pagesa-e-tatimit\/\" \/>\n<meta property=\"og:locale\" content=\"en_US\" \/>\n<meta property=\"og:type\" content=\"article\" \/>\n<meta property=\"og:title\" content=\"Pagesa e tatimit p\u00ebr individ\u00ebt - AlProfit Consult\" \/>\n<meta property=\"og:description\" content=\"Informacioni i m\u00ebposht\u00ebm \u00ebsht\u00eb i vlefsh\u00ebm dhe zbatohet deri m\u00eb 31 dhjetor 2023, me hyrjen n\u00eb fuqi t\u00eb Ligjit t\u00eb ri Nr. 29\/2023 p\u00ebr Tatimin mbi t\u00eb Ardhurat. Shfletoni faqen ton\u00eb p\u00ebr m\u00eb shum\u00eb detaje dhe informacione t\u00eb p\u00ebrdit\u00ebsuara https:\/\/alprofitconsult.al\/tatime\/ Shkalla tatimore Diferenca nd\u00ebrmjet totalit t\u00eb t\u00eb ardhurave bruto, me shpenzimet e zbritshme dhe t\u00eb [&hellip;]\" \/>\n<meta property=\"og:url\" content=\"https:\/\/alprofitconsult.al\/en\/tatime\/individ\/deklarimi-dhe-pagesa\/pagesa-e-tatimit\/\" \/>\n<meta property=\"og:site_name\" content=\"AlProfit Consult\" \/>\n<meta property=\"article:publisher\" content=\"https:\/\/www.facebook.com\/AlProfitConsult\/\" \/>\n<meta property=\"article:modified_time\" content=\"2024-11-29T21:06:49+00:00\" \/>\n<meta property=\"og:image\" content=\"https:\/\/alprofitconsult.al\/wp-content\/uploads\/2022\/10\/AlProfit-Consult-Pagesa-e-tatimit-per-individet.jpg\" \/>\n\t<meta property=\"og:image:width\" content=\"1920\" \/>\n\t<meta property=\"og:image:height\" content=\"1281\" \/>\n\t<meta property=\"og:image:type\" content=\"image\/jpeg\" \/>\n<meta name=\"twitter:card\" content=\"summary_large_image\" \/>\n<meta name=\"twitter:site\" content=\"@AlProfitConsult\" \/>\n<meta name=\"twitter:label1\" content=\"Est. reading time\" \/>\n\t<meta name=\"twitter:data1\" content=\"2 minutes\" \/>\n<script type=\"application\/ld+json\" class=\"yoast-schema-graph\">{\"@context\":\"https:\/\/schema.org\",\"@graph\":[{\"@type\":\"WebPage\",\"@id\":\"https:\/\/alprofitconsult.al\/en\/tatime\/individ\/deklarimi-dhe-pagesa\/pagesa-e-tatimit\/\",\"url\":\"https:\/\/alprofitconsult.al\/en\/tatime\/individ\/deklarimi-dhe-pagesa\/pagesa-e-tatimit\/\",\"name\":\"Pagesa e tatimit p\u00ebr individ\u00ebt - AlProfit Consult\",\"isPartOf\":{\"@id\":\"https:\/\/alprofitconsult.al\/#website\"},\"primaryImageOfPage\":{\"@id\":\"https:\/\/alprofitconsult.al\/en\/tatime\/individ\/deklarimi-dhe-pagesa\/pagesa-e-tatimit\/#primaryimage\"},\"image\":{\"@id\":\"https:\/\/alprofitconsult.al\/en\/tatime\/individ\/deklarimi-dhe-pagesa\/pagesa-e-tatimit\/#primaryimage\"},\"thumbnailUrl\":\"https:\/\/alprofitconsult.al\/wp-content\/uploads\/2022\/10\/AlProfit-Consult-Pagesa-e-tatimit-per-individet.jpg\",\"datePublished\":\"2022-10-08T18:35:41+00:00\",\"dateModified\":\"2024-11-29T21:06:49+00:00\",\"breadcrumb\":{\"@id\":\"https:\/\/alprofitconsult.al\/en\/tatime\/individ\/deklarimi-dhe-pagesa\/pagesa-e-tatimit\/#breadcrumb\"},\"inLanguage\":\"en-US\",\"potentialAction\":[{\"@type\":\"ReadAction\",\"target\":[\"https:\/\/alprofitconsult.al\/en\/tatime\/individ\/deklarimi-dhe-pagesa\/pagesa-e-tatimit\/\"]}]},{\"@type\":\"ImageObject\",\"inLanguage\":\"en-US\",\"@id\":\"https:\/\/alprofitconsult.al\/en\/tatime\/individ\/deklarimi-dhe-pagesa\/pagesa-e-tatimit\/#primaryimage\",\"url\":\"https:\/\/alprofitconsult.al\/wp-content\/uploads\/2022\/10\/AlProfit-Consult-Pagesa-e-tatimit-per-individet.jpg\",\"contentUrl\":\"https:\/\/alprofitconsult.al\/wp-content\/uploads\/2022\/10\/AlProfit-Consult-Pagesa-e-tatimit-per-individet.jpg\",\"width\":1920,\"height\":1281},{\"@type\":\"BreadcrumbList\",\"@id\":\"https:\/\/alprofitconsult.al\/en\/tatime\/individ\/deklarimi-dhe-pagesa\/pagesa-e-tatimit\/#breadcrumb\",\"itemListElement\":[{\"@type\":\"ListItem\",\"position\":1,\"name\":\"Kryefaqe\",\"item\":\"https:\/\/alprofitconsult.al\/\"},{\"@type\":\"ListItem\",\"position\":2,\"name\":\"Legjislacioni tatimor\",\"item\":\"https:\/\/alprofitconsult.al\/en\/tatime\/\"},{\"@type\":\"ListItem\",\"position\":3,\"name\":\"Individ\",\"item\":\"https:\/\/alprofitconsult.al\/en\/tatime\/individ\/\"},{\"@type\":\"ListItem\",\"position\":4,\"name\":\"Deklarimi dhe pagesa per individ\u00ebt\",\"item\":\"https:\/\/alprofitconsult.al\/en\/tatime\/individ\/deklarimi-dhe-pagesa\/\"},{\"@type\":\"ListItem\",\"position\":5,\"name\":\"Pagesa e tatimit p\u00ebr individ\u00ebt\"}]},{\"@type\":\"WebSite\",\"@id\":\"https:\/\/alprofitconsult.al\/#website\",\"url\":\"https:\/\/alprofitconsult.al\/\",\"name\":\"AlProfit Consult\",\"description\":\"Zyr\u00eb Kontabiliteti\",\"publisher\":{\"@id\":\"https:\/\/alprofitconsult.al\/#organization\"},\"potentialAction\":[{\"@type\":\"SearchAction\",\"target\":{\"@type\":\"EntryPoint\",\"urlTemplate\":\"https:\/\/alprofitconsult.al\/?s={search_term_string}\"},\"query-input\":{\"@type\":\"PropertyValueSpecification\",\"valueRequired\":true,\"valueName\":\"search_term_string\"}}],\"inLanguage\":\"en-US\"},{\"@type\":\"Organization\",\"@id\":\"https:\/\/alprofitconsult.al\/#organization\",\"name\":\"Alprofit Consult\",\"url\":\"https:\/\/alprofitconsult.al\/\",\"logo\":{\"@type\":\"ImageObject\",\"inLanguage\":\"en-US\",\"@id\":\"https:\/\/alprofitconsult.al\/#\/schema\/logo\/image\/\",\"url\":\"https:\/\/alprofitconsult.al\/wp-content\/uploads\/2022\/10\/logoalprofit.png\",\"contentUrl\":\"https:\/\/alprofitconsult.al\/wp-content\/uploads\/2022\/10\/logoalprofit.png\",\"width\":529,\"height\":156,\"caption\":\"Alprofit Consult\"},\"image\":{\"@id\":\"https:\/\/alprofitconsult.al\/#\/schema\/logo\/image\/\"},\"sameAs\":[\"https:\/\/www.facebook.com\/AlProfitConsult\/\",\"https:\/\/x.com\/AlProfitConsult\",\"https:\/\/www.linkedin.com\/company\/andi-haxhillari\/\",\"https:\/\/www.pinterest.com\/AlProfitConsult\/\",\"https:\/\/www.youtube.com\/channel\/UCZ5Gfntn161Nla3g1XdRldA\",\"https:\/\/sq.wikipedia.org\/wiki\/P\u00ebrdoruesi:Andi25~sqwiki\"]}]}<\/script>\n<!-- \/ Yoast SEO plugin. -->","yoast_head_json":{"title":"Pagesa e tatimit p\u00ebr individ\u00ebt - AlProfit Consult","robots":{"index":"index","follow":"follow","max-snippet":"max-snippet:-1","max-image-preview":"max-image-preview:large","max-video-preview":"max-video-preview:-1"},"canonical":"https:\/\/alprofitconsult.al\/en\/tatime\/individ\/deklarimi-dhe-pagesa\/pagesa-e-tatimit\/","og_locale":"en_US","og_type":"article","og_title":"Pagesa e tatimit p\u00ebr individ\u00ebt - AlProfit Consult","og_description":"Informacioni i m\u00ebposht\u00ebm \u00ebsht\u00eb i vlefsh\u00ebm dhe zbatohet deri m\u00eb 31 dhjetor 2023, me hyrjen n\u00eb fuqi t\u00eb Ligjit t\u00eb ri Nr. 29\/2023 p\u00ebr Tatimin mbi t\u00eb Ardhurat. Shfletoni faqen ton\u00eb p\u00ebr m\u00eb shum\u00eb detaje dhe informacione t\u00eb p\u00ebrdit\u00ebsuara https:\/\/alprofitconsult.al\/tatime\/ Shkalla tatimore Diferenca nd\u00ebrmjet totalit t\u00eb t\u00eb ardhurave bruto, me shpenzimet e zbritshme dhe t\u00eb [&hellip;]","og_url":"https:\/\/alprofitconsult.al\/en\/tatime\/individ\/deklarimi-dhe-pagesa\/pagesa-e-tatimit\/","og_site_name":"AlProfit Consult","article_publisher":"https:\/\/www.facebook.com\/AlProfitConsult\/","article_modified_time":"2024-11-29T21:06:49+00:00","og_image":[{"width":1920,"height":1281,"url":"https:\/\/alprofitconsult.al\/wp-content\/uploads\/2022\/10\/AlProfit-Consult-Pagesa-e-tatimit-per-individet.jpg","type":"image\/jpeg"}],"twitter_card":"summary_large_image","twitter_site":"@AlProfitConsult","twitter_misc":{"Est. reading time":"2 minutes"},"schema":{"@context":"https:\/\/schema.org","@graph":[{"@type":"WebPage","@id":"https:\/\/alprofitconsult.al\/en\/tatime\/individ\/deklarimi-dhe-pagesa\/pagesa-e-tatimit\/","url":"https:\/\/alprofitconsult.al\/en\/tatime\/individ\/deklarimi-dhe-pagesa\/pagesa-e-tatimit\/","name":"Pagesa e tatimit p\u00ebr individ\u00ebt - AlProfit Consult","isPartOf":{"@id":"https:\/\/alprofitconsult.al\/#website"},"primaryImageOfPage":{"@id":"https:\/\/alprofitconsult.al\/en\/tatime\/individ\/deklarimi-dhe-pagesa\/pagesa-e-tatimit\/#primaryimage"},"image":{"@id":"https:\/\/alprofitconsult.al\/en\/tatime\/individ\/deklarimi-dhe-pagesa\/pagesa-e-tatimit\/#primaryimage"},"thumbnailUrl":"https:\/\/alprofitconsult.al\/wp-content\/uploads\/2022\/10\/AlProfit-Consult-Pagesa-e-tatimit-per-individet.jpg","datePublished":"2022-10-08T18:35:41+00:00","dateModified":"2024-11-29T21:06:49+00:00","breadcrumb":{"@id":"https:\/\/alprofitconsult.al\/en\/tatime\/individ\/deklarimi-dhe-pagesa\/pagesa-e-tatimit\/#breadcrumb"},"inLanguage":"en-US","potentialAction":[{"@type":"ReadAction","target":["https:\/\/alprofitconsult.al\/en\/tatime\/individ\/deklarimi-dhe-pagesa\/pagesa-e-tatimit\/"]}]},{"@type":"ImageObject","inLanguage":"en-US","@id":"https:\/\/alprofitconsult.al\/en\/tatime\/individ\/deklarimi-dhe-pagesa\/pagesa-e-tatimit\/#primaryimage","url":"https:\/\/alprofitconsult.al\/wp-content\/uploads\/2022\/10\/AlProfit-Consult-Pagesa-e-tatimit-per-individet.jpg","contentUrl":"https:\/\/alprofitconsult.al\/wp-content\/uploads\/2022\/10\/AlProfit-Consult-Pagesa-e-tatimit-per-individet.jpg","width":1920,"height":1281},{"@type":"BreadcrumbList","@id":"https:\/\/alprofitconsult.al\/en\/tatime\/individ\/deklarimi-dhe-pagesa\/pagesa-e-tatimit\/#breadcrumb","itemListElement":[{"@type":"ListItem","position":1,"name":"Kryefaqe","item":"https:\/\/alprofitconsult.al\/"},{"@type":"ListItem","position":2,"name":"Legjislacioni tatimor","item":"https:\/\/alprofitconsult.al\/en\/tatime\/"},{"@type":"ListItem","position":3,"name":"Individ","item":"https:\/\/alprofitconsult.al\/en\/tatime\/individ\/"},{"@type":"ListItem","position":4,"name":"Deklarimi dhe pagesa per individ\u00ebt","item":"https:\/\/alprofitconsult.al\/en\/tatime\/individ\/deklarimi-dhe-pagesa\/"},{"@type":"ListItem","position":5,"name":"Pagesa e tatimit p\u00ebr individ\u00ebt"}]},{"@type":"WebSite","@id":"https:\/\/alprofitconsult.al\/#website","url":"https:\/\/alprofitconsult.al\/","name":"AlProfit Consult","description":"Zyr\u00eb Kontabiliteti","publisher":{"@id":"https:\/\/alprofitconsult.al\/#organization"},"potentialAction":[{"@type":"SearchAction","target":{"@type":"EntryPoint","urlTemplate":"https:\/\/alprofitconsult.al\/?s={search_term_string}"},"query-input":{"@type":"PropertyValueSpecification","valueRequired":true,"valueName":"search_term_string"}}],"inLanguage":"en-US"},{"@type":"Organization","@id":"https:\/\/alprofitconsult.al\/#organization","name":"Alprofit Consult","url":"https:\/\/alprofitconsult.al\/","logo":{"@type":"ImageObject","inLanguage":"en-US","@id":"https:\/\/alprofitconsult.al\/#\/schema\/logo\/image\/","url":"https:\/\/alprofitconsult.al\/wp-content\/uploads\/2022\/10\/logoalprofit.png","contentUrl":"https:\/\/alprofitconsult.al\/wp-content\/uploads\/2022\/10\/logoalprofit.png","width":529,"height":156,"caption":"Alprofit Consult"},"image":{"@id":"https:\/\/alprofitconsult.al\/#\/schema\/logo\/image\/"},"sameAs":["https:\/\/www.facebook.com\/AlProfitConsult\/","https:\/\/x.com\/AlProfitConsult","https:\/\/www.linkedin.com\/company\/andi-haxhillari\/","https:\/\/www.pinterest.com\/AlProfitConsult\/","https:\/\/www.youtube.com\/channel\/UCZ5Gfntn161Nla3g1XdRldA","https:\/\/sq.wikipedia.org\/wiki\/P\u00ebrdoruesi:Andi25~sqwiki"]}]}},"_links":{"self":[{"href":"https:\/\/alprofitconsult.al\/en\/wp-json\/wp\/v2\/pages\/15443","targetHints":{"allow":["GET"]}}],"collection":[{"href":"https:\/\/alprofitconsult.al\/en\/wp-json\/wp\/v2\/pages"}],"about":[{"href":"https:\/\/alprofitconsult.al\/en\/wp-json\/wp\/v2\/types\/page"}],"author":[{"embeddable":true,"href":"https:\/\/alprofitconsult.al\/en\/wp-json\/wp\/v2\/users\/1"}],"replies":[{"embeddable":true,"href":"https:\/\/alprofitconsult.al\/en\/wp-json\/wp\/v2\/comments?post=15443"}],"version-history":[{"count":5,"href":"https:\/\/alprofitconsult.al\/en\/wp-json\/wp\/v2\/pages\/15443\/revisions"}],"predecessor-version":[{"id":19676,"href":"https:\/\/alprofitconsult.al\/en\/wp-json\/wp\/v2\/pages\/15443\/revisions\/19676"}],"up":[{"embeddable":true,"href":"https:\/\/alprofitconsult.al\/en\/wp-json\/wp\/v2\/pages\/15440"}],"wp:featuredmedia":[{"embeddable":true,"href":"https:\/\/alprofitconsult.al\/en\/wp-json\/wp\/v2\/media\/15736"}],"wp:attachment":[{"href":"https:\/\/alprofitconsult.al\/en\/wp-json\/wp\/v2\/media?parent=15443"}],"curies":[{"name":"wp","href":"https:\/\/api.w.org\/{rel}","templated":true}]}}