{"id":15445,"date":"2022-10-08T18:35:42","date_gmt":"2022-10-08T18:35:42","guid":{"rendered":"https:\/\/alprofitconsult.al\/?page_id=15445"},"modified":"2024-11-29T21:07:42","modified_gmt":"2024-11-29T21:07:42","slug":"kthimi-i-tatimit-te-paguar-teper","status":"publish","type":"page","link":"https:\/\/alprofitconsult.al\/en\/tatime\/individ\/deklarimi-dhe-pagesa\/kthimi-i-tatimit-te-paguar-teper\/","title":{"rendered":"Kthimi i tatimit t\u00eb paguar tep\u00ebr p\u00ebr individ\u00ebt"},"content":{"rendered":"<div class=\"yoast-breadcrumbs\"><span><span><a href=\"https:\/\/alprofitconsult.al\/en\/\">Home<\/a><\/span> | <span><a href=\"https:\/\/alprofitconsult.al\/en\/tatime\/\">Tax legislation<\/a><\/span> | <span><a href=\"https:\/\/alprofitconsult.al\/en\/tatime\/individ\/\">Individual<\/a><\/span> | <span><a href=\"https:\/\/alprofitconsult.al\/en\/tatime\/individ\/deklarimi-dhe-pagesa\/\">Deklarimi dhe pagesa per individ\u00ebt<\/a><\/span> | <span class=\"breadcrumb_last\" aria-current=\"page\">Kthimi i tatimit t\u00eb paguar tep\u00ebr p\u00ebr individ\u00ebt<\/span><\/span><\/div>\n\n\n<p><\/p>\n\n\n\n<figure class=\"wp-block-image size-large\"><img loading=\"lazy\" decoding=\"async\" width=\"1024\" height=\"683\" src=\"https:\/\/alprofitconsult.al\/wp-content\/uploads\/2022\/10\/AlProfit-Consult-Kthimi-i-tatimit-te-paguar-teper-per-individet-1024x683.jpg\" alt=\"\" class=\"wp-image-15745\" srcset=\"https:\/\/alprofitconsult.al\/wp-content\/uploads\/2022\/10\/AlProfit-Consult-Kthimi-i-tatimit-te-paguar-teper-per-individet-1024x683.jpg 1024w, https:\/\/alprofitconsult.al\/wp-content\/uploads\/2022\/10\/AlProfit-Consult-Kthimi-i-tatimit-te-paguar-teper-per-individet-300x200.jpg 300w, https:\/\/alprofitconsult.al\/wp-content\/uploads\/2022\/10\/AlProfit-Consult-Kthimi-i-tatimit-te-paguar-teper-per-individet-150x100.jpg 150w, https:\/\/alprofitconsult.al\/wp-content\/uploads\/2022\/10\/AlProfit-Consult-Kthimi-i-tatimit-te-paguar-teper-per-individet-768x512.jpg 768w, https:\/\/alprofitconsult.al\/wp-content\/uploads\/2022\/10\/AlProfit-Consult-Kthimi-i-tatimit-te-paguar-teper-per-individet-1536x1024.jpg 1536w, https:\/\/alprofitconsult.al\/wp-content\/uploads\/2022\/10\/AlProfit-Consult-Kthimi-i-tatimit-te-paguar-teper-per-individet.jpg 1920w\" sizes=\"auto, (max-width: 1024px) 100vw, 1024px\" \/><\/figure>\n\n\n\n<figure class=\"wp-block-pullquote\"><blockquote><p><br><em>The following information is valid and applicable until December 31, 2023, following the entry into force of the new Law No. <\/em><a href=\"https:\/\/alprofitconsult.al\/wp-content\/uploads\/2023\/11\/LIGJ-NR.-29-2023-PER-TATIMIN-MBI-TE-ARDHURAT-4.pdf\" target=\"_blank\" rel=\"noreferrer noopener\">29\/2023<\/a><em> On Income Tax. Please browse our website for more details and updated information at: <\/em><a href=\"https:\/\/alprofitconsult.al\/en\/tatime\/\" target=\"_blank\" rel=\"noreferrer noopener\">https:\/\/alprofitconsult.al\/tatime\/<\/a><\/p><\/blockquote><\/figure>\n\n\n\n<p class=\"is-style-default\"><br>N\u00ebse nga plot\u00ebsimi i Deklarat\u00ebs Individuale Vjetore t\u00eb t\u00eb Ardhurave, rezulton diferenc\u00eb negative, pra nga sa rezulton nga llogaritja sipas deklarat\u00ebs, individi tatimpagues ka nj\u00eb tepric\u00eb t\u00eb tatimeve si rezultat i llogaritjes s\u00eb shpenzimeve t\u00eb zbritshme, drejtoria rajonale tatimore duhet t\u2019i kthej\u00eb me k\u00ebrkes\u00ebn e tij, shum\u00ebn e tatimeve t\u00eb paguara me tep\u00ebr.<\/p>\n\n\n\n<p>K\u00ebrkesa e tatimpaguesit p\u00ebr kthim t\u00eb shum\u00ebs s\u00eb paguar tep\u00ebr, duhet t\u00eb dor\u00ebzohet pran\u00eb organit tatimor, brenda 30 dit\u00ebve nga data e dor\u00ebzimit t\u00eb Deklarat\u00ebs Individuale Vjetore t\u00eb t\u00eb Ardhurave dhe duhet t\u00eb shoq\u00ebrohet, me kopje t\u00eb t\u00eb gjith\u00eb dokumentacionit justifikues t\u00eb t\u00eb ardhurave dhe shpenzimeve t\u00eb zbritshme.<\/p>\n\n\n\n<p>Individi tatimpagues, k\u00ebrkes\u00ebn p\u00ebr kthim t\u00eb shum\u00ebs, s\u00eb bashku me dokumentacionin justifikues, e paraqit dorazi pran\u00eb organit tatimor, duke u pajisur me nj\u00eb num\u00ebr protokolli t\u00eb dor\u00ebzimit t\u00eb tyre.<\/p>\n\n\n\n<p>Individi duhet t\u00eb jap\u00eb me sakt\u00ebsi numrin e llogaris\u00eb s\u00eb tij bankare n\u00eb t\u00eb cil\u00ebn do t\u00eb b\u00ebhet rimbursimi i tatimit t\u00eb paguar tep\u00ebr. P\u00ebrgjegj\u00ebsia p\u00ebr sakt\u00ebsin\u00eb e numrit t\u00eb llogaris\u00eb bankare \u00ebsht\u00eb e individit deklarues.<\/p>\n\n\n\n<p>Pasi, drejtoria rajonale tatimore v\u00ebrteton sakt\u00ebsin\u00eb e t\u00eb dh\u00ebnave dhe nga verifikimi i tyre apo kontrolli del se informacioni i dh\u00ebn\u00eb n\u00eb deklarat\u00eb \u00ebsht\u00eb i sakt\u00eb, drejtoria rajonale tatimore procedon :<\/p>\n\n\n\n<ul class=\"wp-block-list\">\n<li>me urdh\u00ebr rimbursimi t\u00eb shum\u00ebs s\u00eb tatimeve t\u00eb paguara tep\u00ebr, n\u00eb llogarin\u00eb bankare t\u00eb tatimpaguesit.<\/li>\n\n\n\n<li>me k\u00ebrkes\u00ebn me shkrim t\u00eb deklaruesit, shuma e paguar tep\u00ebr mund t\u00eb p\u00ebrllogaritet edhe si pages\u00eb e kryer p\u00ebr vitin tatimor vijues.<\/li>\n<\/ul>\n\n\n\n<blockquote class=\"wp-block-quote is-layout-flow wp-block-quote-is-layout-flow\">\n<p>Kreditimi i shumave t\u00eb p\u00ebrfituara nga skema e shpenzimeve t\u00eb zbritshme, kryhet brenda dat\u00ebs 30 shtator t\u00eb vitit q\u00eb pason periudh\u00ebn tatimore, p\u00ebr t\u00eb cil\u00ebn \u00ebsht\u00eb hartuar deklarata.<\/p>\n<\/blockquote>\n\n\n\n<p>Source: <a href=\"https:\/\/www.tatime.gov.al\/c\/3\/10\/30\/kthimi-i-tatimit-te-paguar-teper\" target=\"_blank\" rel=\"noreferrer noopener\">General Directorate of Taxes.<\/a><\/p>\n\n\n<div class=\"gdlr-core-widget-box-shortcode\" style=\"color: #ffffff ;background-color: #000014 ;\"  ><h3 class=\"gdlr-core-widget-box-shortcode-title\" style=\"color: #ffffff ;\"  >Do you have a question?<\/h3><div class=\"gdlr-core-widget-box-shortcode-content\" ><p class=\"translation-block\">Do not hesitate to <a href=\"https:\/\/alprofitconsult.al\/en\/contact\/\" target=\"_self\">contact<\/a> us. We are a team of experts and will be happy to speak with you.<\/p>\n<\/div><\/div>","protected":false},"excerpt":{"rendered":"<p>Informacioni i m\u00ebposht\u00ebm \u00ebsht\u00eb i vlefsh\u00ebm dhe zbatohet deri m\u00eb 31 dhjetor 2023, me hyrjen n\u00eb fuqi t\u00eb Ligjit t\u00eb ri Nr. 29\/2023 p\u00ebr Tatimin mbi t\u00eb Ardhurat. Shfletoni faqen ton\u00eb p\u00ebr m\u00eb shum\u00eb detaje dhe informacione t\u00eb p\u00ebrdit\u00ebsuara https:\/\/alprofitconsult.al\/tatime\/ N\u00ebse nga plot\u00ebsimi i Deklarat\u00ebs Individuale Vjetore t\u00eb t\u00eb Ardhurave, rezulton diferenc\u00eb negative, pra nga [&hellip;]<\/p>","protected":false},"author":1,"featured_media":15745,"parent":15440,"menu_order":0,"comment_status":"closed","ping_status":"closed","template":"","meta":{"footnotes":""},"class_list":["post-15445","page","type-page","status-publish","has-post-thumbnail","hentry"],"yoast_head":"<!-- This site is optimized with the Yoast SEO plugin v26.5 - https:\/\/yoast.com\/wordpress\/plugins\/seo\/ -->\n<title>Kthimi i tatimit t\u00eb paguar tep\u00ebr p\u00ebr individ\u00ebt - AlProfit Consult<\/title>\n<meta name=\"robots\" content=\"index, follow, max-snippet:-1, max-image-preview:large, max-video-preview:-1\" \/>\n<link rel=\"canonical\" href=\"https:\/\/alprofitconsult.al\/en\/tatime\/individ\/deklarimi-dhe-pagesa\/kthimi-i-tatimit-te-paguar-teper\/\" \/>\n<meta property=\"og:locale\" content=\"en_US\" \/>\n<meta property=\"og:type\" content=\"article\" \/>\n<meta property=\"og:title\" content=\"Kthimi i tatimit t\u00eb paguar tep\u00ebr p\u00ebr individ\u00ebt - AlProfit Consult\" \/>\n<meta property=\"og:description\" content=\"Informacioni i m\u00ebposht\u00ebm \u00ebsht\u00eb i vlefsh\u00ebm dhe zbatohet deri m\u00eb 31 dhjetor 2023, me hyrjen n\u00eb fuqi t\u00eb Ligjit t\u00eb ri Nr. 29\/2023 p\u00ebr Tatimin mbi t\u00eb Ardhurat. Shfletoni faqen ton\u00eb p\u00ebr m\u00eb shum\u00eb detaje dhe informacione t\u00eb p\u00ebrdit\u00ebsuara https:\/\/alprofitconsult.al\/tatime\/ N\u00ebse nga plot\u00ebsimi i Deklarat\u00ebs Individuale Vjetore t\u00eb t\u00eb Ardhurave, rezulton diferenc\u00eb negative, pra nga [&hellip;]\" \/>\n<meta property=\"og:url\" content=\"https:\/\/alprofitconsult.al\/en\/tatime\/individ\/deklarimi-dhe-pagesa\/kthimi-i-tatimit-te-paguar-teper\/\" \/>\n<meta property=\"og:site_name\" content=\"AlProfit Consult\" \/>\n<meta property=\"article:publisher\" content=\"https:\/\/www.facebook.com\/AlProfitConsult\/\" \/>\n<meta property=\"article:modified_time\" content=\"2024-11-29T21:07:42+00:00\" \/>\n<meta property=\"og:image\" content=\"https:\/\/alprofitconsult.al\/wp-content\/uploads\/2022\/10\/AlProfit-Consult-Kthimi-i-tatimit-te-paguar-teper-per-individet.jpg\" \/>\n\t<meta property=\"og:image:width\" content=\"1920\" \/>\n\t<meta property=\"og:image:height\" content=\"1280\" \/>\n\t<meta property=\"og:image:type\" content=\"image\/jpeg\" \/>\n<meta name=\"twitter:card\" content=\"summary_large_image\" \/>\n<meta name=\"twitter:site\" content=\"@AlProfitConsult\" \/>\n<meta name=\"twitter:label1\" content=\"Est. reading time\" \/>\n\t<meta name=\"twitter:data1\" content=\"2 minutes\" \/>\n<script type=\"application\/ld+json\" class=\"yoast-schema-graph\">{\"@context\":\"https:\/\/schema.org\",\"@graph\":[{\"@type\":\"WebPage\",\"@id\":\"https:\/\/alprofitconsult.al\/en\/tatime\/individ\/deklarimi-dhe-pagesa\/kthimi-i-tatimit-te-paguar-teper\/\",\"url\":\"https:\/\/alprofitconsult.al\/en\/tatime\/individ\/deklarimi-dhe-pagesa\/kthimi-i-tatimit-te-paguar-teper\/\",\"name\":\"Kthimi i tatimit t\u00eb paguar tep\u00ebr p\u00ebr individ\u00ebt - AlProfit Consult\",\"isPartOf\":{\"@id\":\"https:\/\/alprofitconsult.al\/#website\"},\"primaryImageOfPage\":{\"@id\":\"https:\/\/alprofitconsult.al\/en\/tatime\/individ\/deklarimi-dhe-pagesa\/kthimi-i-tatimit-te-paguar-teper\/#primaryimage\"},\"image\":{\"@id\":\"https:\/\/alprofitconsult.al\/en\/tatime\/individ\/deklarimi-dhe-pagesa\/kthimi-i-tatimit-te-paguar-teper\/#primaryimage\"},\"thumbnailUrl\":\"https:\/\/alprofitconsult.al\/wp-content\/uploads\/2022\/10\/AlProfit-Consult-Kthimi-i-tatimit-te-paguar-teper-per-individet.jpg\",\"datePublished\":\"2022-10-08T18:35:42+00:00\",\"dateModified\":\"2024-11-29T21:07:42+00:00\",\"breadcrumb\":{\"@id\":\"https:\/\/alprofitconsult.al\/en\/tatime\/individ\/deklarimi-dhe-pagesa\/kthimi-i-tatimit-te-paguar-teper\/#breadcrumb\"},\"inLanguage\":\"en-US\",\"potentialAction\":[{\"@type\":\"ReadAction\",\"target\":[\"https:\/\/alprofitconsult.al\/en\/tatime\/individ\/deklarimi-dhe-pagesa\/kthimi-i-tatimit-te-paguar-teper\/\"]}]},{\"@type\":\"ImageObject\",\"inLanguage\":\"en-US\",\"@id\":\"https:\/\/alprofitconsult.al\/en\/tatime\/individ\/deklarimi-dhe-pagesa\/kthimi-i-tatimit-te-paguar-teper\/#primaryimage\",\"url\":\"https:\/\/alprofitconsult.al\/wp-content\/uploads\/2022\/10\/AlProfit-Consult-Kthimi-i-tatimit-te-paguar-teper-per-individet.jpg\",\"contentUrl\":\"https:\/\/alprofitconsult.al\/wp-content\/uploads\/2022\/10\/AlProfit-Consult-Kthimi-i-tatimit-te-paguar-teper-per-individet.jpg\",\"width\":1920,\"height\":1280},{\"@type\":\"BreadcrumbList\",\"@id\":\"https:\/\/alprofitconsult.al\/en\/tatime\/individ\/deklarimi-dhe-pagesa\/kthimi-i-tatimit-te-paguar-teper\/#breadcrumb\",\"itemListElement\":[{\"@type\":\"ListItem\",\"position\":1,\"name\":\"Kryefaqe\",\"item\":\"https:\/\/alprofitconsult.al\/\"},{\"@type\":\"ListItem\",\"position\":2,\"name\":\"Legjislacioni tatimor\",\"item\":\"https:\/\/alprofitconsult.al\/en\/tatime\/\"},{\"@type\":\"ListItem\",\"position\":3,\"name\":\"Individ\",\"item\":\"https:\/\/alprofitconsult.al\/en\/tatime\/individ\/\"},{\"@type\":\"ListItem\",\"position\":4,\"name\":\"Deklarimi dhe pagesa per individ\u00ebt\",\"item\":\"https:\/\/alprofitconsult.al\/en\/tatime\/individ\/deklarimi-dhe-pagesa\/\"},{\"@type\":\"ListItem\",\"position\":5,\"name\":\"Kthimi i tatimit t\u00eb paguar tep\u00ebr p\u00ebr individ\u00ebt\"}]},{\"@type\":\"WebSite\",\"@id\":\"https:\/\/alprofitconsult.al\/#website\",\"url\":\"https:\/\/alprofitconsult.al\/\",\"name\":\"AlProfit Consult\",\"description\":\"Zyr\u00eb Kontabiliteti\",\"publisher\":{\"@id\":\"https:\/\/alprofitconsult.al\/#organization\"},\"potentialAction\":[{\"@type\":\"SearchAction\",\"target\":{\"@type\":\"EntryPoint\",\"urlTemplate\":\"https:\/\/alprofitconsult.al\/?s={search_term_string}\"},\"query-input\":{\"@type\":\"PropertyValueSpecification\",\"valueRequired\":true,\"valueName\":\"search_term_string\"}}],\"inLanguage\":\"en-US\"},{\"@type\":\"Organization\",\"@id\":\"https:\/\/alprofitconsult.al\/#organization\",\"name\":\"Alprofit Consult\",\"url\":\"https:\/\/alprofitconsult.al\/\",\"logo\":{\"@type\":\"ImageObject\",\"inLanguage\":\"en-US\",\"@id\":\"https:\/\/alprofitconsult.al\/#\/schema\/logo\/image\/\",\"url\":\"https:\/\/alprofitconsult.al\/wp-content\/uploads\/2022\/10\/logoalprofit.png\",\"contentUrl\":\"https:\/\/alprofitconsult.al\/wp-content\/uploads\/2022\/10\/logoalprofit.png\",\"width\":529,\"height\":156,\"caption\":\"Alprofit Consult\"},\"image\":{\"@id\":\"https:\/\/alprofitconsult.al\/#\/schema\/logo\/image\/\"},\"sameAs\":[\"https:\/\/www.facebook.com\/AlProfitConsult\/\",\"https:\/\/x.com\/AlProfitConsult\",\"https:\/\/www.linkedin.com\/company\/andi-haxhillari\/\",\"https:\/\/www.pinterest.com\/AlProfitConsult\/\",\"https:\/\/www.youtube.com\/channel\/UCZ5Gfntn161Nla3g1XdRldA\",\"https:\/\/sq.wikipedia.org\/wiki\/P\u00ebrdoruesi:Andi25~sqwiki\"]}]}<\/script>\n<!-- \/ Yoast SEO plugin. -->","yoast_head_json":{"title":"Kthimi i tatimit t\u00eb paguar tep\u00ebr p\u00ebr individ\u00ebt - AlProfit Consult","robots":{"index":"index","follow":"follow","max-snippet":"max-snippet:-1","max-image-preview":"max-image-preview:large","max-video-preview":"max-video-preview:-1"},"canonical":"https:\/\/alprofitconsult.al\/en\/tatime\/individ\/deklarimi-dhe-pagesa\/kthimi-i-tatimit-te-paguar-teper\/","og_locale":"en_US","og_type":"article","og_title":"Kthimi i tatimit t\u00eb paguar tep\u00ebr p\u00ebr individ\u00ebt - AlProfit Consult","og_description":"Informacioni i m\u00ebposht\u00ebm \u00ebsht\u00eb i vlefsh\u00ebm dhe zbatohet deri m\u00eb 31 dhjetor 2023, me hyrjen n\u00eb fuqi t\u00eb Ligjit t\u00eb ri Nr. 29\/2023 p\u00ebr Tatimin mbi t\u00eb Ardhurat. Shfletoni faqen ton\u00eb p\u00ebr m\u00eb shum\u00eb detaje dhe informacione t\u00eb p\u00ebrdit\u00ebsuara https:\/\/alprofitconsult.al\/tatime\/ N\u00ebse nga plot\u00ebsimi i Deklarat\u00ebs Individuale Vjetore t\u00eb t\u00eb Ardhurave, rezulton diferenc\u00eb negative, pra nga [&hellip;]","og_url":"https:\/\/alprofitconsult.al\/en\/tatime\/individ\/deklarimi-dhe-pagesa\/kthimi-i-tatimit-te-paguar-teper\/","og_site_name":"AlProfit Consult","article_publisher":"https:\/\/www.facebook.com\/AlProfitConsult\/","article_modified_time":"2024-11-29T21:07:42+00:00","og_image":[{"width":1920,"height":1280,"url":"https:\/\/alprofitconsult.al\/wp-content\/uploads\/2022\/10\/AlProfit-Consult-Kthimi-i-tatimit-te-paguar-teper-per-individet.jpg","type":"image\/jpeg"}],"twitter_card":"summary_large_image","twitter_site":"@AlProfitConsult","twitter_misc":{"Est. reading time":"2 minutes"},"schema":{"@context":"https:\/\/schema.org","@graph":[{"@type":"WebPage","@id":"https:\/\/alprofitconsult.al\/en\/tatime\/individ\/deklarimi-dhe-pagesa\/kthimi-i-tatimit-te-paguar-teper\/","url":"https:\/\/alprofitconsult.al\/en\/tatime\/individ\/deklarimi-dhe-pagesa\/kthimi-i-tatimit-te-paguar-teper\/","name":"Kthimi i tatimit t\u00eb paguar tep\u00ebr p\u00ebr individ\u00ebt - AlProfit Consult","isPartOf":{"@id":"https:\/\/alprofitconsult.al\/#website"},"primaryImageOfPage":{"@id":"https:\/\/alprofitconsult.al\/en\/tatime\/individ\/deklarimi-dhe-pagesa\/kthimi-i-tatimit-te-paguar-teper\/#primaryimage"},"image":{"@id":"https:\/\/alprofitconsult.al\/en\/tatime\/individ\/deklarimi-dhe-pagesa\/kthimi-i-tatimit-te-paguar-teper\/#primaryimage"},"thumbnailUrl":"https:\/\/alprofitconsult.al\/wp-content\/uploads\/2022\/10\/AlProfit-Consult-Kthimi-i-tatimit-te-paguar-teper-per-individet.jpg","datePublished":"2022-10-08T18:35:42+00:00","dateModified":"2024-11-29T21:07:42+00:00","breadcrumb":{"@id":"https:\/\/alprofitconsult.al\/en\/tatime\/individ\/deklarimi-dhe-pagesa\/kthimi-i-tatimit-te-paguar-teper\/#breadcrumb"},"inLanguage":"en-US","potentialAction":[{"@type":"ReadAction","target":["https:\/\/alprofitconsult.al\/en\/tatime\/individ\/deklarimi-dhe-pagesa\/kthimi-i-tatimit-te-paguar-teper\/"]}]},{"@type":"ImageObject","inLanguage":"en-US","@id":"https:\/\/alprofitconsult.al\/en\/tatime\/individ\/deklarimi-dhe-pagesa\/kthimi-i-tatimit-te-paguar-teper\/#primaryimage","url":"https:\/\/alprofitconsult.al\/wp-content\/uploads\/2022\/10\/AlProfit-Consult-Kthimi-i-tatimit-te-paguar-teper-per-individet.jpg","contentUrl":"https:\/\/alprofitconsult.al\/wp-content\/uploads\/2022\/10\/AlProfit-Consult-Kthimi-i-tatimit-te-paguar-teper-per-individet.jpg","width":1920,"height":1280},{"@type":"BreadcrumbList","@id":"https:\/\/alprofitconsult.al\/en\/tatime\/individ\/deklarimi-dhe-pagesa\/kthimi-i-tatimit-te-paguar-teper\/#breadcrumb","itemListElement":[{"@type":"ListItem","position":1,"name":"Kryefaqe","item":"https:\/\/alprofitconsult.al\/"},{"@type":"ListItem","position":2,"name":"Legjislacioni tatimor","item":"https:\/\/alprofitconsult.al\/en\/tatime\/"},{"@type":"ListItem","position":3,"name":"Individ","item":"https:\/\/alprofitconsult.al\/en\/tatime\/individ\/"},{"@type":"ListItem","position":4,"name":"Deklarimi dhe pagesa per individ\u00ebt","item":"https:\/\/alprofitconsult.al\/en\/tatime\/individ\/deklarimi-dhe-pagesa\/"},{"@type":"ListItem","position":5,"name":"Kthimi i tatimit t\u00eb paguar tep\u00ebr p\u00ebr individ\u00ebt"}]},{"@type":"WebSite","@id":"https:\/\/alprofitconsult.al\/#website","url":"https:\/\/alprofitconsult.al\/","name":"AlProfit Consult","description":"Zyr\u00eb Kontabiliteti","publisher":{"@id":"https:\/\/alprofitconsult.al\/#organization"},"potentialAction":[{"@type":"SearchAction","target":{"@type":"EntryPoint","urlTemplate":"https:\/\/alprofitconsult.al\/?s={search_term_string}"},"query-input":{"@type":"PropertyValueSpecification","valueRequired":true,"valueName":"search_term_string"}}],"inLanguage":"en-US"},{"@type":"Organization","@id":"https:\/\/alprofitconsult.al\/#organization","name":"Alprofit Consult","url":"https:\/\/alprofitconsult.al\/","logo":{"@type":"ImageObject","inLanguage":"en-US","@id":"https:\/\/alprofitconsult.al\/#\/schema\/logo\/image\/","url":"https:\/\/alprofitconsult.al\/wp-content\/uploads\/2022\/10\/logoalprofit.png","contentUrl":"https:\/\/alprofitconsult.al\/wp-content\/uploads\/2022\/10\/logoalprofit.png","width":529,"height":156,"caption":"Alprofit Consult"},"image":{"@id":"https:\/\/alprofitconsult.al\/#\/schema\/logo\/image\/"},"sameAs":["https:\/\/www.facebook.com\/AlProfitConsult\/","https:\/\/x.com\/AlProfitConsult","https:\/\/www.linkedin.com\/company\/andi-haxhillari\/","https:\/\/www.pinterest.com\/AlProfitConsult\/","https:\/\/www.youtube.com\/channel\/UCZ5Gfntn161Nla3g1XdRldA","https:\/\/sq.wikipedia.org\/wiki\/P\u00ebrdoruesi:Andi25~sqwiki"]}]}},"_links":{"self":[{"href":"https:\/\/alprofitconsult.al\/en\/wp-json\/wp\/v2\/pages\/15445","targetHints":{"allow":["GET"]}}],"collection":[{"href":"https:\/\/alprofitconsult.al\/en\/wp-json\/wp\/v2\/pages"}],"about":[{"href":"https:\/\/alprofitconsult.al\/en\/wp-json\/wp\/v2\/types\/page"}],"author":[{"embeddable":true,"href":"https:\/\/alprofitconsult.al\/en\/wp-json\/wp\/v2\/users\/1"}],"replies":[{"embeddable":true,"href":"https:\/\/alprofitconsult.al\/en\/wp-json\/wp\/v2\/comments?post=15445"}],"version-history":[{"count":5,"href":"https:\/\/alprofitconsult.al\/en\/wp-json\/wp\/v2\/pages\/15445\/revisions"}],"predecessor-version":[{"id":19680,"href":"https:\/\/alprofitconsult.al\/en\/wp-json\/wp\/v2\/pages\/15445\/revisions\/19680"}],"up":[{"embeddable":true,"href":"https:\/\/alprofitconsult.al\/en\/wp-json\/wp\/v2\/pages\/15440"}],"wp:featuredmedia":[{"embeddable":true,"href":"https:\/\/alprofitconsult.al\/en\/wp-json\/wp\/v2\/media\/15745"}],"wp:attachment":[{"href":"https:\/\/alprofitconsult.al\/en\/wp-json\/wp\/v2\/media?parent=15445"}],"curies":[{"name":"wp","href":"https:\/\/api.w.org\/{rel}","templated":true}]}}