{"id":15449,"date":"2022-10-08T18:35:43","date_gmt":"2022-10-08T18:35:43","guid":{"rendered":"https:\/\/alprofitconsult.al\/?page_id=15449"},"modified":"2022-10-22T11:11:04","modified_gmt":"2022-10-22T11:11:04","slug":"kuptimi-i-taksimit-te-dyfishte","status":"publish","type":"page","link":"https:\/\/alprofitconsult.al\/en\/tatime\/individ\/taksimi-i-dyfishte\/kuptimi-i-taksimit-te-dyfishte\/","title":{"rendered":"Understanding Double Taxation for Individuals"},"content":{"rendered":"<div class=\"yoast-breadcrumbs\"><span><span><a href=\"https:\/\/alprofitconsult.al\/en\/\">Home<\/a><\/span> | <span><a href=\"https:\/\/alprofitconsult.al\/en\/tatime\/\">Tax legislation<\/a><\/span> | <span><a href=\"https:\/\/alprofitconsult.al\/en\/tatime\/individ\/\">Individual<\/a><\/span> | <span><a href=\"https:\/\/alprofitconsult.al\/en\/?page_id=15448\">Private: Double taxation<\/a><\/span> | <span class=\"breadcrumb_last\" aria-current=\"page\">Understanding Double Taxation for Individuals<\/span><\/span><\/div>\n\n\n<p><\/p>\n\n\n\n<figure class=\"wp-block-image size-large\"><img loading=\"lazy\" decoding=\"async\" width=\"1024\" height=\"768\" src=\"https:\/\/alprofitconsult.al\/wp-content\/uploads\/2022\/10\/AlProfit-Consult-Kuptimi-i-taksimit-te-dyfishte-per-individet-1024x768.jpg\" alt=\"\" class=\"wp-image-15786\" srcset=\"https:\/\/alprofitconsult.al\/wp-content\/uploads\/2022\/10\/AlProfit-Consult-Kuptimi-i-taksimit-te-dyfishte-per-individet-1024x768.jpg 1024w, https:\/\/alprofitconsult.al\/wp-content\/uploads\/2022\/10\/AlProfit-Consult-Kuptimi-i-taksimit-te-dyfishte-per-individet-300x225.jpg 300w, https:\/\/alprofitconsult.al\/wp-content\/uploads\/2022\/10\/AlProfit-Consult-Kuptimi-i-taksimit-te-dyfishte-per-individet-150x113.jpg 150w, https:\/\/alprofitconsult.al\/wp-content\/uploads\/2022\/10\/AlProfit-Consult-Kuptimi-i-taksimit-te-dyfishte-per-individet-768x576.jpg 768w, https:\/\/alprofitconsult.al\/wp-content\/uploads\/2022\/10\/AlProfit-Consult-Kuptimi-i-taksimit-te-dyfishte-per-individet-1536x1152.jpg 1536w, https:\/\/alprofitconsult.al\/wp-content\/uploads\/2022\/10\/AlProfit-Consult-Kuptimi-i-taksimit-te-dyfishte-per-individet.jpg 1920w\" sizes=\"auto, (max-width: 1024px) 100vw, 1024px\" \/><\/figure>\n\n\n\n<h4 class=\"wp-block-heading\">Income tax applies to both resident and non-resident individuals.<\/h4>\n\n\n\n<blockquote class=\"wp-block-quote is-layout-flow wp-block-quote-is-layout-flow\"><p>Resident individuals are subject to the obligation for personal income tax during the tax period, for all sources of income realized on a worldwide scale, so in Albania and everywhere else, <\/p><cite>The principle of residency<\/cite><\/blockquote>\n\n\n\n<p>When a resident individual, secures income from sources outside the Albanian territory, the personal income tax, payable by that resident, related to these income, is reduced (credited) by that amount of foreign tax paid on those income.The amount of foreign tax payable must be verified with an authentic document.<\/p>\n\n\n\n<p>The reduction of personal income tax must not exceed the tax payable on income from the foreign source, in case these income are realized in the Republic of Albania.<\/p>\n\n\n\n<p>The reduction of tax, is calculated in a separate way, related to every foreign country, from which the income were benefited.<\/p>\n\n\n\n<blockquote class=\"wp-block-quote is-layout-flow wp-block-quote-is-layout-flow\"><p>Non-resident individuals are subject to the obligation for personal income tax during the tax period, for sources of income, realized in the territory of the Republic of Albania, <\/p><cite>The principle of source<\/cite><\/blockquote>\n\n\n\n<h4 class=\"wp-block-heading\">Taxation of income of residents benefited outside the territory of the Republic of Albania.<\/h4>\n\n\n\n<p>If you are a resident but benefit income with a source outside the Republic of Albania you will pay the tax in the Republic of Albania, for the worldwide income realized based on the provisions of the law \u201cOn income tax\u201d, as amended.<br>If you benefit passive income (dividends, interests, royalties) outside the Republic of Albania and benefit from tax agreements in force, the amount of tax paid outside will be that defined in the tax agreement.<br>The amount of foreign tax, verified with the relevant document, will be deducted from the tax payable in Albania, in accordance with the legal provisions in force.<\/p>\n\n\n\n<h4 class=\"wp-block-heading\">Elimination of double taxation for residents.<\/h4>\n\n\n\n<p>If you are a resident and benefit income outside the Republic of Albania you must be equipped with the Confirmation of Residence (Certificate of Residence), issued by the Albanian Tax Administration.<\/p>\n\n\n\n<p>The confirmation of residence serves the taxpayer to verify that they pay taxes for global income in Albania, so that the tax organ of the foreign state where they realized the income can make the application of the Agreement, applying, as the case may be, the reduced rate or by not taxing those income.<\/p>\n\n\n\n<p>Source: <a href=\"https:\/\/www.tatime.gov.al\/c\/3\/13\/32\/kuptimi-i-taksimit-te-dyfishte\" target=\"_blank\" rel=\"noreferrer noopener\">General Directorate of Taxes.<\/a><\/p>\n\n\n<div class=\"gdlr-core-widget-box-shortcode\" style=\"color: #ffffff ;background-color: #000014 ;\"  ><h3 class=\"gdlr-core-widget-box-shortcode-title\" style=\"color: #ffffff ;\"  >Do you have a question?<\/h3><div class=\"gdlr-core-widget-box-shortcode-content\" ><p class=\"translation-block\">Do not hesitate to <a href=\"https:\/\/alprofitconsult.al\/en\/contact\/\" target=\"_self\">contact<\/a> us. We are a team of experts and will be happy to speak with you.<\/p>\n<\/div><\/div>","protected":false},"excerpt":{"rendered":"<p>Tatimi mbi t\u00eb ardhurat zbatohet si p\u00ebr individ\u00ebt rezident\u00eb edhe ato jorezident\u00eb. Individ\u00ebt rezident\u00eb i n\u00ebnshtrohen detyrimit p\u00ebr tatimin mbi t\u00eb ardhurat personale gjat\u00eb periudh\u00ebs tatimore, p\u00ebr t\u00eb gjitha burimet e t\u00eb ardhurave t\u00eb realizuara n\u00eb shkall\u00eb bot\u00ebrore, pra n\u00eb Shqip\u00ebri dhe kudo gjetk\u00eb, Parimi i rezidenc\u00ebs Kur nj\u00eb individ rezident, siguron nga burime jasht\u00eb [&hellip;]<\/p>","protected":false},"author":1,"featured_media":15786,"parent":15448,"menu_order":0,"comment_status":"closed","ping_status":"closed","template":"","meta":{"footnotes":""},"class_list":["post-15449","page","type-page","status-publish","has-post-thumbnail","hentry"],"yoast_head":"<!-- This site is optimized with the Yoast SEO plugin v26.5 - https:\/\/yoast.com\/wordpress\/plugins\/seo\/ -->\n<title>Kuptimi i taksimit t\u00eb dyfisht\u00eb p\u00ebr individ\u00ebt - AlProfit Consult<\/title>\n<meta name=\"robots\" content=\"index, follow, max-snippet:-1, max-image-preview:large, max-video-preview:-1\" \/>\n<link rel=\"canonical\" href=\"https:\/\/alprofitconsult.al\/en\/tatime\/individ\/taksimi-i-dyfishte\/kuptimi-i-taksimit-te-dyfishte\/\" \/>\n<meta property=\"og:locale\" content=\"en_US\" \/>\n<meta property=\"og:type\" content=\"article\" \/>\n<meta property=\"og:title\" content=\"Kuptimi i taksimit t\u00eb dyfisht\u00eb p\u00ebr individ\u00ebt - AlProfit Consult\" \/>\n<meta property=\"og:description\" content=\"Tatimi mbi t\u00eb ardhurat zbatohet si p\u00ebr individ\u00ebt rezident\u00eb edhe ato jorezident\u00eb. Individ\u00ebt rezident\u00eb i n\u00ebnshtrohen detyrimit p\u00ebr tatimin mbi t\u00eb ardhurat personale gjat\u00eb periudh\u00ebs tatimore, p\u00ebr t\u00eb gjitha burimet e t\u00eb ardhurave t\u00eb realizuara n\u00eb shkall\u00eb bot\u00ebrore, pra n\u00eb Shqip\u00ebri dhe kudo gjetk\u00eb, Parimi i rezidenc\u00ebs Kur nj\u00eb individ rezident, siguron nga burime jasht\u00eb [&hellip;]\" \/>\n<meta property=\"og:url\" content=\"https:\/\/alprofitconsult.al\/en\/tatime\/individ\/taksimi-i-dyfishte\/kuptimi-i-taksimit-te-dyfishte\/\" \/>\n<meta property=\"og:site_name\" content=\"AlProfit Consult\" \/>\n<meta property=\"article:publisher\" content=\"https:\/\/www.facebook.com\/AlProfitConsult\/\" \/>\n<meta property=\"article:modified_time\" content=\"2022-10-22T11:11:04+00:00\" \/>\n<meta property=\"og:image\" content=\"https:\/\/alprofitconsult.al\/wp-content\/uploads\/2022\/10\/AlProfit-Consult-Kuptimi-i-taksimit-te-dyfishte-per-individet.jpg\" \/>\n\t<meta property=\"og:image:width\" content=\"1920\" \/>\n\t<meta property=\"og:image:height\" content=\"1440\" \/>\n\t<meta property=\"og:image:type\" content=\"image\/jpeg\" \/>\n<meta name=\"twitter:card\" content=\"summary_large_image\" \/>\n<meta name=\"twitter:site\" content=\"@AlProfitConsult\" \/>\n<meta name=\"twitter:label1\" content=\"Est. reading time\" \/>\n\t<meta name=\"twitter:data1\" content=\"3 minutes\" \/>\n<script type=\"application\/ld+json\" class=\"yoast-schema-graph\">{\"@context\":\"https:\/\/schema.org\",\"@graph\":[{\"@type\":\"WebPage\",\"@id\":\"https:\/\/alprofitconsult.al\/en\/tatime\/individ\/taksimi-i-dyfishte\/kuptimi-i-taksimit-te-dyfishte\/\",\"url\":\"https:\/\/alprofitconsult.al\/en\/tatime\/individ\/taksimi-i-dyfishte\/kuptimi-i-taksimit-te-dyfishte\/\",\"name\":\"Kuptimi i taksimit t\u00eb dyfisht\u00eb p\u00ebr individ\u00ebt - AlProfit Consult\",\"isPartOf\":{\"@id\":\"https:\/\/alprofitconsult.al\/#website\"},\"primaryImageOfPage\":{\"@id\":\"https:\/\/alprofitconsult.al\/en\/tatime\/individ\/taksimi-i-dyfishte\/kuptimi-i-taksimit-te-dyfishte\/#primaryimage\"},\"image\":{\"@id\":\"https:\/\/alprofitconsult.al\/en\/tatime\/individ\/taksimi-i-dyfishte\/kuptimi-i-taksimit-te-dyfishte\/#primaryimage\"},\"thumbnailUrl\":\"https:\/\/alprofitconsult.al\/wp-content\/uploads\/2022\/10\/AlProfit-Consult-Kuptimi-i-taksimit-te-dyfishte-per-individet.jpg\",\"datePublished\":\"2022-10-08T18:35:43+00:00\",\"dateModified\":\"2022-10-22T11:11:04+00:00\",\"breadcrumb\":{\"@id\":\"https:\/\/alprofitconsult.al\/en\/tatime\/individ\/taksimi-i-dyfishte\/kuptimi-i-taksimit-te-dyfishte\/#breadcrumb\"},\"inLanguage\":\"en-US\",\"potentialAction\":[{\"@type\":\"ReadAction\",\"target\":[\"https:\/\/alprofitconsult.al\/en\/tatime\/individ\/taksimi-i-dyfishte\/kuptimi-i-taksimit-te-dyfishte\/\"]}]},{\"@type\":\"ImageObject\",\"inLanguage\":\"en-US\",\"@id\":\"https:\/\/alprofitconsult.al\/en\/tatime\/individ\/taksimi-i-dyfishte\/kuptimi-i-taksimit-te-dyfishte\/#primaryimage\",\"url\":\"https:\/\/alprofitconsult.al\/wp-content\/uploads\/2022\/10\/AlProfit-Consult-Kuptimi-i-taksimit-te-dyfishte-per-individet.jpg\",\"contentUrl\":\"https:\/\/alprofitconsult.al\/wp-content\/uploads\/2022\/10\/AlProfit-Consult-Kuptimi-i-taksimit-te-dyfishte-per-individet.jpg\",\"width\":1920,\"height\":1440},{\"@type\":\"BreadcrumbList\",\"@id\":\"https:\/\/alprofitconsult.al\/en\/tatime\/individ\/taksimi-i-dyfishte\/kuptimi-i-taksimit-te-dyfishte\/#breadcrumb\",\"itemListElement\":[{\"@type\":\"ListItem\",\"position\":1,\"name\":\"Kryefaqe\",\"item\":\"https:\/\/alprofitconsult.al\/\"},{\"@type\":\"ListItem\",\"position\":2,\"name\":\"Legjislacioni tatimor\",\"item\":\"https:\/\/alprofitconsult.al\/en\/tatime\/\"},{\"@type\":\"ListItem\",\"position\":3,\"name\":\"Individ\",\"item\":\"https:\/\/alprofitconsult.al\/en\/tatime\/individ\/\"},{\"@type\":\"ListItem\",\"position\":4,\"name\":\"Private: Taksimi i dyfisht\u00eb\",\"item\":\"https:\/\/alprofitconsult.al\/en\/?page_id=15448\"},{\"@type\":\"ListItem\",\"position\":5,\"name\":\"Kuptimi i taksimit t\u00eb dyfisht\u00eb p\u00ebr individ\u00ebt\"}]},{\"@type\":\"WebSite\",\"@id\":\"https:\/\/alprofitconsult.al\/#website\",\"url\":\"https:\/\/alprofitconsult.al\/\",\"name\":\"AlProfit Consult\",\"description\":\"Zyr\u00eb Kontabiliteti\",\"publisher\":{\"@id\":\"https:\/\/alprofitconsult.al\/#organization\"},\"potentialAction\":[{\"@type\":\"SearchAction\",\"target\":{\"@type\":\"EntryPoint\",\"urlTemplate\":\"https:\/\/alprofitconsult.al\/?s={search_term_string}\"},\"query-input\":{\"@type\":\"PropertyValueSpecification\",\"valueRequired\":true,\"valueName\":\"search_term_string\"}}],\"inLanguage\":\"en-US\"},{\"@type\":\"Organization\",\"@id\":\"https:\/\/alprofitconsult.al\/#organization\",\"name\":\"Alprofit Consult\",\"url\":\"https:\/\/alprofitconsult.al\/\",\"logo\":{\"@type\":\"ImageObject\",\"inLanguage\":\"en-US\",\"@id\":\"https:\/\/alprofitconsult.al\/#\/schema\/logo\/image\/\",\"url\":\"https:\/\/alprofitconsult.al\/wp-content\/uploads\/2022\/10\/logoalprofit.png\",\"contentUrl\":\"https:\/\/alprofitconsult.al\/wp-content\/uploads\/2022\/10\/logoalprofit.png\",\"width\":529,\"height\":156,\"caption\":\"Alprofit Consult\"},\"image\":{\"@id\":\"https:\/\/alprofitconsult.al\/#\/schema\/logo\/image\/\"},\"sameAs\":[\"https:\/\/www.facebook.com\/AlProfitConsult\/\",\"https:\/\/x.com\/AlProfitConsult\",\"https:\/\/www.linkedin.com\/company\/andi-haxhillari\/\",\"https:\/\/www.pinterest.com\/AlProfitConsult\/\",\"https:\/\/www.youtube.com\/channel\/UCZ5Gfntn161Nla3g1XdRldA\",\"https:\/\/sq.wikipedia.org\/wiki\/P\u00ebrdoruesi:Andi25~sqwiki\"]}]}<\/script>\n<!-- \/ Yoast SEO plugin. -->","yoast_head_json":{"title":"Kuptimi i taksimit t\u00eb dyfisht\u00eb p\u00ebr individ\u00ebt - AlProfit Consult","robots":{"index":"index","follow":"follow","max-snippet":"max-snippet:-1","max-image-preview":"max-image-preview:large","max-video-preview":"max-video-preview:-1"},"canonical":"https:\/\/alprofitconsult.al\/en\/tatime\/individ\/taksimi-i-dyfishte\/kuptimi-i-taksimit-te-dyfishte\/","og_locale":"en_US","og_type":"article","og_title":"Kuptimi i taksimit t\u00eb dyfisht\u00eb p\u00ebr individ\u00ebt - AlProfit Consult","og_description":"Tatimi mbi t\u00eb ardhurat zbatohet si p\u00ebr individ\u00ebt rezident\u00eb edhe ato jorezident\u00eb. Individ\u00ebt rezident\u00eb i n\u00ebnshtrohen detyrimit p\u00ebr tatimin mbi t\u00eb ardhurat personale gjat\u00eb periudh\u00ebs tatimore, p\u00ebr t\u00eb gjitha burimet e t\u00eb ardhurave t\u00eb realizuara n\u00eb shkall\u00eb bot\u00ebrore, pra n\u00eb Shqip\u00ebri dhe kudo gjetk\u00eb, Parimi i rezidenc\u00ebs Kur nj\u00eb individ rezident, siguron nga burime jasht\u00eb [&hellip;]","og_url":"https:\/\/alprofitconsult.al\/en\/tatime\/individ\/taksimi-i-dyfishte\/kuptimi-i-taksimit-te-dyfishte\/","og_site_name":"AlProfit Consult","article_publisher":"https:\/\/www.facebook.com\/AlProfitConsult\/","article_modified_time":"2022-10-22T11:11:04+00:00","og_image":[{"width":1920,"height":1440,"url":"https:\/\/alprofitconsult.al\/wp-content\/uploads\/2022\/10\/AlProfit-Consult-Kuptimi-i-taksimit-te-dyfishte-per-individet.jpg","type":"image\/jpeg"}],"twitter_card":"summary_large_image","twitter_site":"@AlProfitConsult","twitter_misc":{"Est. reading time":"3 minutes"},"schema":{"@context":"https:\/\/schema.org","@graph":[{"@type":"WebPage","@id":"https:\/\/alprofitconsult.al\/en\/tatime\/individ\/taksimi-i-dyfishte\/kuptimi-i-taksimit-te-dyfishte\/","url":"https:\/\/alprofitconsult.al\/en\/tatime\/individ\/taksimi-i-dyfishte\/kuptimi-i-taksimit-te-dyfishte\/","name":"Kuptimi i taksimit t\u00eb dyfisht\u00eb p\u00ebr individ\u00ebt - AlProfit Consult","isPartOf":{"@id":"https:\/\/alprofitconsult.al\/#website"},"primaryImageOfPage":{"@id":"https:\/\/alprofitconsult.al\/en\/tatime\/individ\/taksimi-i-dyfishte\/kuptimi-i-taksimit-te-dyfishte\/#primaryimage"},"image":{"@id":"https:\/\/alprofitconsult.al\/en\/tatime\/individ\/taksimi-i-dyfishte\/kuptimi-i-taksimit-te-dyfishte\/#primaryimage"},"thumbnailUrl":"https:\/\/alprofitconsult.al\/wp-content\/uploads\/2022\/10\/AlProfit-Consult-Kuptimi-i-taksimit-te-dyfishte-per-individet.jpg","datePublished":"2022-10-08T18:35:43+00:00","dateModified":"2022-10-22T11:11:04+00:00","breadcrumb":{"@id":"https:\/\/alprofitconsult.al\/en\/tatime\/individ\/taksimi-i-dyfishte\/kuptimi-i-taksimit-te-dyfishte\/#breadcrumb"},"inLanguage":"en-US","potentialAction":[{"@type":"ReadAction","target":["https:\/\/alprofitconsult.al\/en\/tatime\/individ\/taksimi-i-dyfishte\/kuptimi-i-taksimit-te-dyfishte\/"]}]},{"@type":"ImageObject","inLanguage":"en-US","@id":"https:\/\/alprofitconsult.al\/en\/tatime\/individ\/taksimi-i-dyfishte\/kuptimi-i-taksimit-te-dyfishte\/#primaryimage","url":"https:\/\/alprofitconsult.al\/wp-content\/uploads\/2022\/10\/AlProfit-Consult-Kuptimi-i-taksimit-te-dyfishte-per-individet.jpg","contentUrl":"https:\/\/alprofitconsult.al\/wp-content\/uploads\/2022\/10\/AlProfit-Consult-Kuptimi-i-taksimit-te-dyfishte-per-individet.jpg","width":1920,"height":1440},{"@type":"BreadcrumbList","@id":"https:\/\/alprofitconsult.al\/en\/tatime\/individ\/taksimi-i-dyfishte\/kuptimi-i-taksimit-te-dyfishte\/#breadcrumb","itemListElement":[{"@type":"ListItem","position":1,"name":"Kryefaqe","item":"https:\/\/alprofitconsult.al\/"},{"@type":"ListItem","position":2,"name":"Legjislacioni tatimor","item":"https:\/\/alprofitconsult.al\/en\/tatime\/"},{"@type":"ListItem","position":3,"name":"Individ","item":"https:\/\/alprofitconsult.al\/en\/tatime\/individ\/"},{"@type":"ListItem","position":4,"name":"Private: Taksimi i dyfisht\u00eb","item":"https:\/\/alprofitconsult.al\/en\/?page_id=15448"},{"@type":"ListItem","position":5,"name":"Kuptimi i taksimit t\u00eb dyfisht\u00eb p\u00ebr individ\u00ebt"}]},{"@type":"WebSite","@id":"https:\/\/alprofitconsult.al\/#website","url":"https:\/\/alprofitconsult.al\/","name":"AlProfit Consult","description":"Zyr\u00eb Kontabiliteti","publisher":{"@id":"https:\/\/alprofitconsult.al\/#organization"},"potentialAction":[{"@type":"SearchAction","target":{"@type":"EntryPoint","urlTemplate":"https:\/\/alprofitconsult.al\/?s={search_term_string}"},"query-input":{"@type":"PropertyValueSpecification","valueRequired":true,"valueName":"search_term_string"}}],"inLanguage":"en-US"},{"@type":"Organization","@id":"https:\/\/alprofitconsult.al\/#organization","name":"Alprofit Consult","url":"https:\/\/alprofitconsult.al\/","logo":{"@type":"ImageObject","inLanguage":"en-US","@id":"https:\/\/alprofitconsult.al\/#\/schema\/logo\/image\/","url":"https:\/\/alprofitconsult.al\/wp-content\/uploads\/2022\/10\/logoalprofit.png","contentUrl":"https:\/\/alprofitconsult.al\/wp-content\/uploads\/2022\/10\/logoalprofit.png","width":529,"height":156,"caption":"Alprofit Consult"},"image":{"@id":"https:\/\/alprofitconsult.al\/#\/schema\/logo\/image\/"},"sameAs":["https:\/\/www.facebook.com\/AlProfitConsult\/","https:\/\/x.com\/AlProfitConsult","https:\/\/www.linkedin.com\/company\/andi-haxhillari\/","https:\/\/www.pinterest.com\/AlProfitConsult\/","https:\/\/www.youtube.com\/channel\/UCZ5Gfntn161Nla3g1XdRldA","https:\/\/sq.wikipedia.org\/wiki\/P\u00ebrdoruesi:Andi25~sqwiki"]}]}},"_links":{"self":[{"href":"https:\/\/alprofitconsult.al\/en\/wp-json\/wp\/v2\/pages\/15449","targetHints":{"allow":["GET"]}}],"collection":[{"href":"https:\/\/alprofitconsult.al\/en\/wp-json\/wp\/v2\/pages"}],"about":[{"href":"https:\/\/alprofitconsult.al\/en\/wp-json\/wp\/v2\/types\/page"}],"author":[{"embeddable":true,"href":"https:\/\/alprofitconsult.al\/en\/wp-json\/wp\/v2\/users\/1"}],"replies":[{"embeddable":true,"href":"https:\/\/alprofitconsult.al\/en\/wp-json\/wp\/v2\/comments?post=15449"}],"version-history":[{"count":5,"href":"https:\/\/alprofitconsult.al\/en\/wp-json\/wp\/v2\/pages\/15449\/revisions"}],"predecessor-version":[{"id":17093,"href":"https:\/\/alprofitconsult.al\/en\/wp-json\/wp\/v2\/pages\/15449\/revisions\/17093"}],"up":[{"embeddable":true,"href":"https:\/\/alprofitconsult.al\/en\/wp-json\/wp\/v2\/pages\/15448"}],"wp:featuredmedia":[{"embeddable":true,"href":"https:\/\/alprofitconsult.al\/en\/wp-json\/wp\/v2\/media\/15786"}],"wp:attachment":[{"href":"https:\/\/alprofitconsult.al\/en\/wp-json\/wp\/v2\/media?parent=15449"}],"curies":[{"name":"wp","href":"https:\/\/api.w.org\/{rel}","templated":true}]}}