{"id":15450,"date":"2022-10-08T18:35:44","date_gmt":"2022-10-08T18:35:44","guid":{"rendered":"https:\/\/alprofitconsult.al\/?page_id=15450"},"modified":"2022-10-22T11:11:24","modified_gmt":"2022-10-22T11:11:24","slug":"disa-raste-nga-praktika","status":"publish","type":"page","link":"https:\/\/alprofitconsult.al\/en\/tatime\/individ\/taksimi-i-dyfishte\/disa-raste-nga-praktika\/","title":{"rendered":"Practical Cases: Double Taxation for Foreign Individuals in Albania"},"content":{"rendered":"<div class=\"yoast-breadcrumbs\"><span><span><a href=\"https:\/\/alprofitconsult.al\/en\/\">Home<\/a><\/span> | <span><a href=\"https:\/\/alprofitconsult.al\/en\/tatime\/\">Tax legislation<\/a><\/span> | <span><a href=\"https:\/\/alprofitconsult.al\/en\/tatime\/individ\/\">Individual<\/a><\/span> | <span><a href=\"https:\/\/alprofitconsult.al\/en\/?page_id=15448\">Private: Double taxation<\/a><\/span> | <span class=\"breadcrumb_last\" aria-current=\"page\">Practical Cases: Double Taxation for Foreign Individuals in Albania<\/span><\/span><\/div>\n\n\n<p><\/p>\n\n\n\n<figure class=\"wp-block-image size-large\"><img loading=\"lazy\" decoding=\"async\" width=\"1024\" height=\"706\" src=\"https:\/\/alprofitconsult.al\/wp-content\/uploads\/2022\/10\/AlProfit-Consult-Disa-raste-nga-praktika-te-huajit-1024x706.jpg\" alt=\"\" class=\"wp-image-15797\" srcset=\"https:\/\/alprofitconsult.al\/wp-content\/uploads\/2022\/10\/AlProfit-Consult-Disa-raste-nga-praktika-te-huajit-1024x706.jpg 1024w, https:\/\/alprofitconsult.al\/wp-content\/uploads\/2022\/10\/AlProfit-Consult-Disa-raste-nga-praktika-te-huajit-300x207.jpg 300w, https:\/\/alprofitconsult.al\/wp-content\/uploads\/2022\/10\/AlProfit-Consult-Disa-raste-nga-praktika-te-huajit-150x103.jpg 150w, https:\/\/alprofitconsult.al\/wp-content\/uploads\/2022\/10\/AlProfit-Consult-Disa-raste-nga-praktika-te-huajit-768x530.jpg 768w, https:\/\/alprofitconsult.al\/wp-content\/uploads\/2022\/10\/AlProfit-Consult-Disa-raste-nga-praktika-te-huajit-1536x1059.jpg 1536w, https:\/\/alprofitconsult.al\/wp-content\/uploads\/2022\/10\/AlProfit-Consult-Disa-raste-nga-praktika-te-huajit.jpg 1920w\" sizes=\"auto, (max-width: 1024px) 100vw, 1024px\" \/><\/figure>\n\n\n\n<h4 class=\"wp-block-heading\">Taxation of Passive Income Sourced in Albania for Non-Residents<\/h4>\n\n\n\n<p>If you are a foreign national earning passive income sourced within the Republic of Albania (such as dividends, interest, or royalties), you are liable to pay tax in Albania.<\/p>\n\n\n\n<p>If you qualify for benefits under an existing Double Taxation Treaty, the tax rate applied in Albania will be the one specified in that specific agreement.<\/p>\n\n\n\n<h4 class=\"wp-block-heading\">Foreign Nationals Working in Albania<\/h4>\n\n\n\n<p>If you are a foreign national working in Albania, your tax liability depends on your duration of stay: whether it is temporary or continuous.<\/p>\n\n\n\n<p>If your stay is temporary and you remain in Albania for less than 183 days within a calendar year, you will be considered a non-resident for tax purposes in Albania. Furthermore, if your employer is a non-resident and your remuneration is not derived from a permanent establishment or a fixed base that the employer maintains in Albania, your employment income will be taxed only in your country of residence.<\/p>\n\n\n\n<p>The above conditions must be met simultaneously. If any of these conditions are not fulfilled, your employment income will be subject to taxation in Albania.<\/p>\n\n\n\n<blockquote class=\"wp-block-quote is-layout-flow wp-block-quote-is-layout-flow\"><p>N\u00ebse q\u00ebndroni m\u00eb shum\u00eb se m\u00eb shume 183 dit\u00eb brenda nj\u00eb viti do t\u00eb jeni rezident p\u00ebr q\u00ebllime tatimore n\u00eb Shqip\u00ebri.<\/p><\/blockquote>\n\n\n\n<h4 class=\"wp-block-heading\">Foreign Nationals Studying in Albania<\/h4>\n\n\n\n<p>If you are a student or attending training\/qualification courses in Albania, your income will not be taxable in Albania, provided the source of that income is outside the territory of the Republic of Albania.<\/p>\n\n\n\n<h4 class=\"wp-block-heading\">Foreigners Owning Real Estate in Albania<\/h4>\n\n\n\n<p>If you are a foreign national and own real estate in Albania, any income derived from that property\u2014whether through direct use, rental, or any other form of exploitation\u2014will be taxable in Albania.<\/p>\n\n\n\n<p>Source: <a href=\"https:\/\/www.tatime.gov.al\/c\/3\/13\/33\/disa-raste-nga-praktika\" target=\"_blank\" rel=\"noreferrer noopener\">General Directorate of Taxes.<\/a><\/p>\n\n\n<div class=\"gdlr-core-widget-box-shortcode\" style=\"color: #ffffff ;background-color: #000014 ;\"  ><h3 class=\"gdlr-core-widget-box-shortcode-title\" style=\"color: #ffffff ;\"  >Do you have a question?<\/h3><div class=\"gdlr-core-widget-box-shortcode-content\" ><p class=\"translation-block\">Do not hesitate to <a href=\"https:\/\/alprofitconsult.al\/en\/contact\/\" target=\"_self\">contact<\/a> us. We are a team of experts and will be happy to speak with you.<\/p>\n<\/div><\/div>","protected":false},"excerpt":{"rendered":"<p>Taksimi i t\u00eb ardhurave pasive me burim n\u00eb Shqip\u00ebri t\u00eb p\u00ebrfituara nga jorezident\u00ebt N\u00ebse je i huaj por p\u00ebrfiton t\u00eb ardhura pasive me burim nga Republika e Shqip\u00ebris\u00eb (t\u00eb ardhura nga divident\u00ebt, interesat, honoraret) do t\u00eb paguani tatimin n\u00eb Republik\u00ebn e Shqip\u00ebris\u00eb. N\u00ebse p\u00ebrfitoni nga marr\u00ebveshjet tatimore n\u00eb fuqi, masa e tatimit t\u00eb paguar n\u00eb [&hellip;]<\/p>","protected":false},"author":1,"featured_media":15797,"parent":15448,"menu_order":0,"comment_status":"closed","ping_status":"closed","template":"","meta":{"footnotes":""},"class_list":["post-15450","page","type-page","status-publish","has-post-thumbnail","hentry"],"yoast_head":"<!-- This site is optimized with the Yoast SEO plugin v26.5 - https:\/\/yoast.com\/wordpress\/plugins\/seo\/ -->\n<title>Disa raste nga praktika p\u00ebr taksimin e dyfisht\u00eb t\u00eb individ\u00ebve t\u00eb huaj n\u00eb Shqip\u00ebri - AlProfit Consult<\/title>\n<meta name=\"robots\" content=\"index, follow, max-snippet:-1, max-image-preview:large, max-video-preview:-1\" \/>\n<link rel=\"canonical\" href=\"https:\/\/alprofitconsult.al\/en\/tatime\/individ\/taksimi-i-dyfishte\/disa-raste-nga-praktika\/\" \/>\n<meta property=\"og:locale\" content=\"en_US\" \/>\n<meta property=\"og:type\" content=\"article\" \/>\n<meta property=\"og:title\" content=\"Disa raste nga praktika p\u00ebr taksimin e dyfisht\u00eb t\u00eb individ\u00ebve t\u00eb huaj n\u00eb Shqip\u00ebri - AlProfit Consult\" \/>\n<meta property=\"og:description\" content=\"Taksimi i t\u00eb ardhurave pasive me burim n\u00eb Shqip\u00ebri t\u00eb p\u00ebrfituara nga jorezident\u00ebt N\u00ebse je i huaj por p\u00ebrfiton t\u00eb ardhura pasive me burim nga Republika e Shqip\u00ebris\u00eb (t\u00eb ardhura nga divident\u00ebt, interesat, honoraret) do t\u00eb paguani tatimin n\u00eb Republik\u00ebn e Shqip\u00ebris\u00eb. N\u00ebse p\u00ebrfitoni nga marr\u00ebveshjet tatimore n\u00eb fuqi, masa e tatimit t\u00eb paguar n\u00eb [&hellip;]\" \/>\n<meta property=\"og:url\" content=\"https:\/\/alprofitconsult.al\/en\/tatime\/individ\/taksimi-i-dyfishte\/disa-raste-nga-praktika\/\" \/>\n<meta property=\"og:site_name\" content=\"AlProfit Consult\" \/>\n<meta property=\"article:publisher\" content=\"https:\/\/www.facebook.com\/AlProfitConsult\/\" \/>\n<meta property=\"article:modified_time\" content=\"2022-10-22T11:11:24+00:00\" \/>\n<meta property=\"og:image\" content=\"https:\/\/alprofitconsult.al\/wp-content\/uploads\/2022\/10\/AlProfit-Consult-Disa-raste-nga-praktika-te-huajit.jpg\" \/>\n\t<meta property=\"og:image:width\" content=\"1920\" \/>\n\t<meta property=\"og:image:height\" content=\"1324\" \/>\n\t<meta property=\"og:image:type\" content=\"image\/jpeg\" \/>\n<meta name=\"twitter:card\" content=\"summary_large_image\" \/>\n<meta name=\"twitter:site\" content=\"@AlProfitConsult\" \/>\n<meta name=\"twitter:label1\" content=\"Est. reading time\" \/>\n\t<meta name=\"twitter:data1\" content=\"2 minutes\" \/>\n<script type=\"application\/ld+json\" class=\"yoast-schema-graph\">{\"@context\":\"https:\/\/schema.org\",\"@graph\":[{\"@type\":\"WebPage\",\"@id\":\"https:\/\/alprofitconsult.al\/en\/tatime\/individ\/taksimi-i-dyfishte\/disa-raste-nga-praktika\/\",\"url\":\"https:\/\/alprofitconsult.al\/en\/tatime\/individ\/taksimi-i-dyfishte\/disa-raste-nga-praktika\/\",\"name\":\"Disa raste nga praktika p\u00ebr taksimin e dyfisht\u00eb t\u00eb individ\u00ebve t\u00eb huaj n\u00eb Shqip\u00ebri - AlProfit Consult\",\"isPartOf\":{\"@id\":\"https:\/\/alprofitconsult.al\/#website\"},\"primaryImageOfPage\":{\"@id\":\"https:\/\/alprofitconsult.al\/en\/tatime\/individ\/taksimi-i-dyfishte\/disa-raste-nga-praktika\/#primaryimage\"},\"image\":{\"@id\":\"https:\/\/alprofitconsult.al\/en\/tatime\/individ\/taksimi-i-dyfishte\/disa-raste-nga-praktika\/#primaryimage\"},\"thumbnailUrl\":\"https:\/\/alprofitconsult.al\/wp-content\/uploads\/2022\/10\/AlProfit-Consult-Disa-raste-nga-praktika-te-huajit.jpg\",\"datePublished\":\"2022-10-08T18:35:44+00:00\",\"dateModified\":\"2022-10-22T11:11:24+00:00\",\"breadcrumb\":{\"@id\":\"https:\/\/alprofitconsult.al\/en\/tatime\/individ\/taksimi-i-dyfishte\/disa-raste-nga-praktika\/#breadcrumb\"},\"inLanguage\":\"en-US\",\"potentialAction\":[{\"@type\":\"ReadAction\",\"target\":[\"https:\/\/alprofitconsult.al\/en\/tatime\/individ\/taksimi-i-dyfishte\/disa-raste-nga-praktika\/\"]}]},{\"@type\":\"ImageObject\",\"inLanguage\":\"en-US\",\"@id\":\"https:\/\/alprofitconsult.al\/en\/tatime\/individ\/taksimi-i-dyfishte\/disa-raste-nga-praktika\/#primaryimage\",\"url\":\"https:\/\/alprofitconsult.al\/wp-content\/uploads\/2022\/10\/AlProfit-Consult-Disa-raste-nga-praktika-te-huajit.jpg\",\"contentUrl\":\"https:\/\/alprofitconsult.al\/wp-content\/uploads\/2022\/10\/AlProfit-Consult-Disa-raste-nga-praktika-te-huajit.jpg\",\"width\":1920,\"height\":1324},{\"@type\":\"BreadcrumbList\",\"@id\":\"https:\/\/alprofitconsult.al\/en\/tatime\/individ\/taksimi-i-dyfishte\/disa-raste-nga-praktika\/#breadcrumb\",\"itemListElement\":[{\"@type\":\"ListItem\",\"position\":1,\"name\":\"Kryefaqe\",\"item\":\"https:\/\/alprofitconsult.al\/\"},{\"@type\":\"ListItem\",\"position\":2,\"name\":\"Legjislacioni tatimor\",\"item\":\"https:\/\/alprofitconsult.al\/en\/tatime\/\"},{\"@type\":\"ListItem\",\"position\":3,\"name\":\"Individ\",\"item\":\"https:\/\/alprofitconsult.al\/en\/tatime\/individ\/\"},{\"@type\":\"ListItem\",\"position\":4,\"name\":\"Private: Taksimi i dyfisht\u00eb\",\"item\":\"https:\/\/alprofitconsult.al\/en\/?page_id=15448\"},{\"@type\":\"ListItem\",\"position\":5,\"name\":\"Disa raste nga praktika p\u00ebr taksimin e dyfisht\u00eb t\u00eb individ\u00ebve t\u00eb huaj n\u00eb Shqip\u00ebri\"}]},{\"@type\":\"WebSite\",\"@id\":\"https:\/\/alprofitconsult.al\/#website\",\"url\":\"https:\/\/alprofitconsult.al\/\",\"name\":\"AlProfit Consult\",\"description\":\"Zyr\u00eb Kontabiliteti\",\"publisher\":{\"@id\":\"https:\/\/alprofitconsult.al\/#organization\"},\"potentialAction\":[{\"@type\":\"SearchAction\",\"target\":{\"@type\":\"EntryPoint\",\"urlTemplate\":\"https:\/\/alprofitconsult.al\/?s={search_term_string}\"},\"query-input\":{\"@type\":\"PropertyValueSpecification\",\"valueRequired\":true,\"valueName\":\"search_term_string\"}}],\"inLanguage\":\"en-US\"},{\"@type\":\"Organization\",\"@id\":\"https:\/\/alprofitconsult.al\/#organization\",\"name\":\"Alprofit Consult\",\"url\":\"https:\/\/alprofitconsult.al\/\",\"logo\":{\"@type\":\"ImageObject\",\"inLanguage\":\"en-US\",\"@id\":\"https:\/\/alprofitconsult.al\/#\/schema\/logo\/image\/\",\"url\":\"https:\/\/alprofitconsult.al\/wp-content\/uploads\/2022\/10\/logoalprofit.png\",\"contentUrl\":\"https:\/\/alprofitconsult.al\/wp-content\/uploads\/2022\/10\/logoalprofit.png\",\"width\":529,\"height\":156,\"caption\":\"Alprofit Consult\"},\"image\":{\"@id\":\"https:\/\/alprofitconsult.al\/#\/schema\/logo\/image\/\"},\"sameAs\":[\"https:\/\/www.facebook.com\/AlProfitConsult\/\",\"https:\/\/x.com\/AlProfitConsult\",\"https:\/\/www.linkedin.com\/company\/andi-haxhillari\/\",\"https:\/\/www.pinterest.com\/AlProfitConsult\/\",\"https:\/\/www.youtube.com\/channel\/UCZ5Gfntn161Nla3g1XdRldA\",\"https:\/\/sq.wikipedia.org\/wiki\/P\u00ebrdoruesi:Andi25~sqwiki\"]}]}<\/script>\n<!-- \/ Yoast SEO plugin. -->","yoast_head_json":{"title":"Disa raste nga praktika p\u00ebr taksimin e dyfisht\u00eb t\u00eb individ\u00ebve t\u00eb huaj n\u00eb Shqip\u00ebri - AlProfit Consult","robots":{"index":"index","follow":"follow","max-snippet":"max-snippet:-1","max-image-preview":"max-image-preview:large","max-video-preview":"max-video-preview:-1"},"canonical":"https:\/\/alprofitconsult.al\/en\/tatime\/individ\/taksimi-i-dyfishte\/disa-raste-nga-praktika\/","og_locale":"en_US","og_type":"article","og_title":"Disa raste nga praktika p\u00ebr taksimin e dyfisht\u00eb t\u00eb individ\u00ebve t\u00eb huaj n\u00eb Shqip\u00ebri - AlProfit Consult","og_description":"Taksimi i t\u00eb ardhurave pasive me burim n\u00eb Shqip\u00ebri t\u00eb p\u00ebrfituara nga jorezident\u00ebt N\u00ebse je i huaj por p\u00ebrfiton t\u00eb ardhura pasive me burim nga Republika e Shqip\u00ebris\u00eb (t\u00eb ardhura nga divident\u00ebt, interesat, honoraret) do t\u00eb paguani tatimin n\u00eb Republik\u00ebn e Shqip\u00ebris\u00eb. N\u00ebse p\u00ebrfitoni nga marr\u00ebveshjet tatimore n\u00eb fuqi, masa e tatimit t\u00eb paguar n\u00eb [&hellip;]","og_url":"https:\/\/alprofitconsult.al\/en\/tatime\/individ\/taksimi-i-dyfishte\/disa-raste-nga-praktika\/","og_site_name":"AlProfit Consult","article_publisher":"https:\/\/www.facebook.com\/AlProfitConsult\/","article_modified_time":"2022-10-22T11:11:24+00:00","og_image":[{"width":1920,"height":1324,"url":"https:\/\/alprofitconsult.al\/wp-content\/uploads\/2022\/10\/AlProfit-Consult-Disa-raste-nga-praktika-te-huajit.jpg","type":"image\/jpeg"}],"twitter_card":"summary_large_image","twitter_site":"@AlProfitConsult","twitter_misc":{"Est. reading time":"2 minutes"},"schema":{"@context":"https:\/\/schema.org","@graph":[{"@type":"WebPage","@id":"https:\/\/alprofitconsult.al\/en\/tatime\/individ\/taksimi-i-dyfishte\/disa-raste-nga-praktika\/","url":"https:\/\/alprofitconsult.al\/en\/tatime\/individ\/taksimi-i-dyfishte\/disa-raste-nga-praktika\/","name":"Disa raste nga praktika p\u00ebr taksimin e dyfisht\u00eb t\u00eb individ\u00ebve t\u00eb huaj n\u00eb Shqip\u00ebri - AlProfit Consult","isPartOf":{"@id":"https:\/\/alprofitconsult.al\/#website"},"primaryImageOfPage":{"@id":"https:\/\/alprofitconsult.al\/en\/tatime\/individ\/taksimi-i-dyfishte\/disa-raste-nga-praktika\/#primaryimage"},"image":{"@id":"https:\/\/alprofitconsult.al\/en\/tatime\/individ\/taksimi-i-dyfishte\/disa-raste-nga-praktika\/#primaryimage"},"thumbnailUrl":"https:\/\/alprofitconsult.al\/wp-content\/uploads\/2022\/10\/AlProfit-Consult-Disa-raste-nga-praktika-te-huajit.jpg","datePublished":"2022-10-08T18:35:44+00:00","dateModified":"2022-10-22T11:11:24+00:00","breadcrumb":{"@id":"https:\/\/alprofitconsult.al\/en\/tatime\/individ\/taksimi-i-dyfishte\/disa-raste-nga-praktika\/#breadcrumb"},"inLanguage":"en-US","potentialAction":[{"@type":"ReadAction","target":["https:\/\/alprofitconsult.al\/en\/tatime\/individ\/taksimi-i-dyfishte\/disa-raste-nga-praktika\/"]}]},{"@type":"ImageObject","inLanguage":"en-US","@id":"https:\/\/alprofitconsult.al\/en\/tatime\/individ\/taksimi-i-dyfishte\/disa-raste-nga-praktika\/#primaryimage","url":"https:\/\/alprofitconsult.al\/wp-content\/uploads\/2022\/10\/AlProfit-Consult-Disa-raste-nga-praktika-te-huajit.jpg","contentUrl":"https:\/\/alprofitconsult.al\/wp-content\/uploads\/2022\/10\/AlProfit-Consult-Disa-raste-nga-praktika-te-huajit.jpg","width":1920,"height":1324},{"@type":"BreadcrumbList","@id":"https:\/\/alprofitconsult.al\/en\/tatime\/individ\/taksimi-i-dyfishte\/disa-raste-nga-praktika\/#breadcrumb","itemListElement":[{"@type":"ListItem","position":1,"name":"Kryefaqe","item":"https:\/\/alprofitconsult.al\/"},{"@type":"ListItem","position":2,"name":"Legjislacioni tatimor","item":"https:\/\/alprofitconsult.al\/en\/tatime\/"},{"@type":"ListItem","position":3,"name":"Individ","item":"https:\/\/alprofitconsult.al\/en\/tatime\/individ\/"},{"@type":"ListItem","position":4,"name":"Private: Taksimi i dyfisht\u00eb","item":"https:\/\/alprofitconsult.al\/en\/?page_id=15448"},{"@type":"ListItem","position":5,"name":"Disa raste nga praktika p\u00ebr taksimin e dyfisht\u00eb t\u00eb individ\u00ebve t\u00eb huaj n\u00eb Shqip\u00ebri"}]},{"@type":"WebSite","@id":"https:\/\/alprofitconsult.al\/#website","url":"https:\/\/alprofitconsult.al\/","name":"AlProfit Consult","description":"Zyr\u00eb Kontabiliteti","publisher":{"@id":"https:\/\/alprofitconsult.al\/#organization"},"potentialAction":[{"@type":"SearchAction","target":{"@type":"EntryPoint","urlTemplate":"https:\/\/alprofitconsult.al\/?s={search_term_string}"},"query-input":{"@type":"PropertyValueSpecification","valueRequired":true,"valueName":"search_term_string"}}],"inLanguage":"en-US"},{"@type":"Organization","@id":"https:\/\/alprofitconsult.al\/#organization","name":"Alprofit Consult","url":"https:\/\/alprofitconsult.al\/","logo":{"@type":"ImageObject","inLanguage":"en-US","@id":"https:\/\/alprofitconsult.al\/#\/schema\/logo\/image\/","url":"https:\/\/alprofitconsult.al\/wp-content\/uploads\/2022\/10\/logoalprofit.png","contentUrl":"https:\/\/alprofitconsult.al\/wp-content\/uploads\/2022\/10\/logoalprofit.png","width":529,"height":156,"caption":"Alprofit Consult"},"image":{"@id":"https:\/\/alprofitconsult.al\/#\/schema\/logo\/image\/"},"sameAs":["https:\/\/www.facebook.com\/AlProfitConsult\/","https:\/\/x.com\/AlProfitConsult","https:\/\/www.linkedin.com\/company\/andi-haxhillari\/","https:\/\/www.pinterest.com\/AlProfitConsult\/","https:\/\/www.youtube.com\/channel\/UCZ5Gfntn161Nla3g1XdRldA","https:\/\/sq.wikipedia.org\/wiki\/P\u00ebrdoruesi:Andi25~sqwiki"]}]}},"_links":{"self":[{"href":"https:\/\/alprofitconsult.al\/en\/wp-json\/wp\/v2\/pages\/15450","targetHints":{"allow":["GET"]}}],"collection":[{"href":"https:\/\/alprofitconsult.al\/en\/wp-json\/wp\/v2\/pages"}],"about":[{"href":"https:\/\/alprofitconsult.al\/en\/wp-json\/wp\/v2\/types\/page"}],"author":[{"embeddable":true,"href":"https:\/\/alprofitconsult.al\/en\/wp-json\/wp\/v2\/users\/1"}],"replies":[{"embeddable":true,"href":"https:\/\/alprofitconsult.al\/en\/wp-json\/wp\/v2\/comments?post=15450"}],"version-history":[{"count":5,"href":"https:\/\/alprofitconsult.al\/en\/wp-json\/wp\/v2\/pages\/15450\/revisions"}],"predecessor-version":[{"id":17094,"href":"https:\/\/alprofitconsult.al\/en\/wp-json\/wp\/v2\/pages\/15450\/revisions\/17094"}],"up":[{"embeddable":true,"href":"https:\/\/alprofitconsult.al\/en\/wp-json\/wp\/v2\/pages\/15448"}],"wp:featuredmedia":[{"embeddable":true,"href":"https:\/\/alprofitconsult.al\/en\/wp-json\/wp\/v2\/media\/15797"}],"wp:attachment":[{"href":"https:\/\/alprofitconsult.al\/en\/wp-json\/wp\/v2\/media?parent=15450"}],"curies":[{"name":"wp","href":"https:\/\/api.w.org\/{rel}","templated":true}]}}