{"id":15456,"date":"2022-10-08T18:35:46","date_gmt":"2022-10-08T18:35:46","guid":{"rendered":"https:\/\/alprofitconsult.al\/?page_id=15456"},"modified":"2024-11-30T19:39:02","modified_gmt":"2024-11-30T19:39:02","slug":"price-transfer","status":"publish","type":"page","link":"https:\/\/alprofitconsult.al\/en\/tatime\/sipermarres\/te-veprosh-si-nje-biznes\/transferimi-i-cmimit\/","title":{"rendered":"Price Transfer"},"content":{"rendered":"<div class=\"yoast-breadcrumbs\"><span><span><a href=\"https:\/\/alprofitconsult.al\/en\/\">Home<\/a><\/span> | <span><a href=\"https:\/\/alprofitconsult.al\/en\/tatime\/\">Tax legislation<\/a><\/span> | <span><a href=\"https:\/\/alprofitconsult.al\/en\/tatime\/sipermarres\/\">Entrepreneur<\/a><\/span> | <span><a href=\"https:\/\/alprofitconsult.al\/en\/tatime\/sipermarres\/te-veprosh-si-nje-biznes\/\">Act as a business<\/a><\/span> | <span class=\"breadcrumb_last\" aria-current=\"page\">Price Transfer<\/span><\/span><\/div>\n\n\n<p><\/p>\n\n\n\n<figure class=\"wp-block-image size-large\"><img loading=\"lazy\" decoding=\"async\" width=\"1024\" height=\"676\" src=\"https:\/\/alprofitconsult.al\/wp-content\/uploads\/2022\/10\/AlProfit-Consult-Transferimi-i-Cmimit-1024x676.jpg\" alt=\"\" class=\"wp-image-15874\" srcset=\"https:\/\/alprofitconsult.al\/wp-content\/uploads\/2022\/10\/AlProfit-Consult-Transferimi-i-Cmimit-1024x676.jpg 1024w, https:\/\/alprofitconsult.al\/wp-content\/uploads\/2022\/10\/AlProfit-Consult-Transferimi-i-Cmimit-300x198.jpg 300w, https:\/\/alprofitconsult.al\/wp-content\/uploads\/2022\/10\/AlProfit-Consult-Transferimi-i-Cmimit-150x99.jpg 150w, https:\/\/alprofitconsult.al\/wp-content\/uploads\/2022\/10\/AlProfit-Consult-Transferimi-i-Cmimit-768x507.jpg 768w, https:\/\/alprofitconsult.al\/wp-content\/uploads\/2022\/10\/AlProfit-Consult-Transferimi-i-Cmimit-1536x1014.jpg 1536w, https:\/\/alprofitconsult.al\/wp-content\/uploads\/2022\/10\/AlProfit-Consult-Transferimi-i-Cmimit.jpg 1920w\" sizes=\"auto, (max-width: 1024px) 100vw, 1024px\" \/><\/figure>\n\n\n\n<p><\/p>\n\n\n\n<h3 class=\"wp-block-heading\"><strong>What is Transfer Pricing?<\/strong><\/h3>\n\n\n\n<p><strong>Transfer Pricing<\/strong> refers to the setting of prices for transactions between related parties, which may be companies that share ownership or control. For example, if a company in Albania purchases goods from its parent company abroad, the price of these goods must align with the price that would be applied in the market between independent parties.<\/p>\n\n\n\n<h4 class=\"wp-block-heading\"><strong>The Arm\u2019s Length Principle<\/strong><\/h4>\n\n\n\n<p>This principle requires that the prices and conditions of controlled transactions be similar to those that would be established between independent parties. This avoids price manipulation that could lead to tax avoidance.<\/p>\n\n\n\n<h4 class=\"wp-block-heading\"><strong>Controlled Transactions<\/strong><\/h4>\n\n\n\n<p>Controlled transactions are economic relationships between related parties and may include:<\/p>\n\n\n\n<ul class=\"wp-block-list\">\n<li>The sale of goods or services.<\/li>\n\n\n\n<li>The transfer of intangible assets such as trademarks or patents.<\/li>\n\n\n\n<li>Financial arrangements, including lending or interest payments.<\/li>\n<\/ul>\n\n\n\n<h3 class=\"wp-block-heading\"><strong>Transfer Pricing Methods<\/strong><\/h3>\n\n\n\n<p>To evaluate whether a transaction complies with the arm's length principle, five main methods are used. The choice of method is based on the nature of the transaction and the available information:<\/p>\n\n\n\n<ol class=\"wp-block-list\">\n<li><strong>Comparable Uncontrolled Price (CUP) Method<\/strong>: Compares the prices of controlled transactions with market prices for similar transactions.<\/li>\n\n\n\n<li><strong>Resale Price Method<\/strong>: Analyzes the resale price of a product by subtracting an appropriate profit margin.<\/li>\n\n\n\n<li><strong>\u201cCost Plus\u201d Method<\/strong>: Adds a profit markup on top of the cost of production or service.<\/li>\n\n\n\n<li><strong>Transactional Net Margin Method (TNMM:<\/strong>: Analyzes the net profit of a transaction for a specific period.<\/li>\n\n\n\n<li><strong>Profit Split Method<\/strong>: The division of profit is made based on the functions and risks undertaken by each party.<\/li>\n<\/ol>\n\n\n\n<p>These methods help tax authorities and taxpayers ensure that transfer prices are reasonable and comply with market conditions.<\/p>\n\n\n\n<h3 class=\"wp-block-heading\"><strong>Advance Pricing Agreements (APA)<\/strong><\/h3>\n\n\n\n<h4 class=\"wp-block-heading\"><strong>What is an APA?<\/strong><\/h4>\n\n\n\n<p>An Advance Pricing Agreement (APA) is a prior agreement between a taxpayer and the tax administration that determines the methodology for calculating transfer prices for future transactions.<\/p>\n\n\n\n<h4 class=\"wp-block-heading\"><strong>Types of APAs<\/strong><\/h4>\n\n\n\n<ul class=\"wp-block-list\">\n<li><strong>Unilateral<\/strong>: Limited to the agreement between the taxpayer and the Albanian tax authorities.<\/li>\n\n\n\n<li><strong>Bilateral or Multilateral<\/strong>: Involves international tax authorities as well, ensuring compliance in more than one jurisdiction.<\/li>\n<\/ul>\n\n\n\n<h4 class=\"wp-block-heading\"><strong>Benefits of APAs<\/strong><\/h4>\n\n\n\n<ul class=\"wp-block-list\">\n<li>Legal certainty for the period of validity.<\/li>\n\n\n\n<li>Eliminates the risk of future tax adjustments.<\/li>\n\n\n\n<li>Reduces disputes between taxpayers and the tax administration.<\/li>\n<\/ul>\n\n\n\n<p>Taxpayers seeking to enter into an APA must submit an official request and supporting documentation that justifies the proposed prices.<\/p>\n\n\n\n<h3 class=\"wp-block-heading\"><strong>Documentation and Reporting<\/strong><\/h3>\n\n\n\n<h4 class=\"wp-block-heading\"><strong>Why is documentation important?<\/strong><\/h4>\n\n\n\n<p>Documentation helps taxpayers justify transaction prices and prove compliance with the arm\u2019s length principle. It is mandatory for taxpayers who conduct controlled transactions exceeding 50 million ALL per year.<\/p>\n\n\n\n<h4 class=\"wp-block-heading\"><strong>What should the documentation contain?<\/strong><\/h4>\n\n\n\n<ul class=\"wp-block-list\">\n<li>Detailed description of the transactions and their terms.<\/li>\n\n\n\n<li>Methods used to determine the prices.<\/li>\n\n\n\n<li>Comparative analysis with similar transactions in the market.<\/li>\n\n\n\n<li>Justification for the chosen method.<\/li>\n<\/ul>\n\n\n\n<h4 class=\"wp-block-heading\"><strong>Annual Reporting<\/strong><\/h4>\n\n\n\n<p>Taxpayers who meet the criteria must submit an annual notification to the tax administration detailing their controlled transactions.<\/p>\n\n\n\n<h3 class=\"wp-block-heading\"><strong>Audit and Adjustments by Tax Authorities.1 How is an audit conducted?<\/strong><\/h3>\n\n\n\n<p>The tax administration has the right to audit reported transactions to ensure compliance with the arm\u2019s length principle. In the event of non-compliance, the administration may perform adjustments.<\/p>\n\n\n\n<h4 class=\"wp-block-heading\"><strong>Corresponding Adjustments<\/strong><\/h4>\n\n\n\n<p>In the case of international agreements for the avoidance of double taxation, corresponding adjustments are applied to ensure that taxpayers are not unfairly penalized.<\/p>\n\n\n<div class=\"gdlr-core-widget-box-shortcode\" style=\"color: #ffffff ;background-color: #000014 ;\"  ><h3 class=\"gdlr-core-widget-box-shortcode-title\" style=\"color: #ffffff ;\"  >Do you have a question?<\/h3><div class=\"gdlr-core-widget-box-shortcode-content\" ><p class=\"translation-block\">Do not hesitate to <a href=\"https:\/\/alprofitconsult.al\/en\/contact\/\" target=\"_self\">contact<\/a> us. We are a team of experts and will be happy to speak with you.<\/p>\n<\/div><\/div>","protected":false},"excerpt":{"rendered":"<p>\u00c7far\u00eb \u00ebsht\u00eb Transferimi i \u00c7mimit? Transferimi i \u00e7mimit i referohet p\u00ebrcaktimit t\u00eb \u00e7mimeve p\u00ebr transaksionet nd\u00ebrmjet pal\u00ebve t\u00eb lidhura, q\u00eb mund t\u00eb jen\u00eb shoq\u00ebri q\u00eb ndajn\u00eb pron\u00ebsin\u00eb apo kontrollin. P\u00ebr shembull, n\u00ebse nj\u00eb kompani n\u00eb Shqip\u00ebri blen mallra nga kompania m\u00ebm\u00eb jasht\u00eb vendit, \u00e7mimi i k\u00ebtyre mallrave duhet t\u00eb p\u00ebrputhet me \u00e7mimin q\u00eb do t\u00eb [&hellip;]<\/p>\n","protected":false},"author":1,"featured_media":15874,"parent":15453,"menu_order":0,"comment_status":"open","ping_status":"closed","template":"","meta":{"footnotes":""},"class_list":["post-15456","page","type-page","status-publish","has-post-thumbnail","hentry"],"yoast_head":"<!-- This site is optimized with the Yoast SEO plugin v26.5 - https:\/\/yoast.com\/wordpress\/plugins\/seo\/ -->\n<title>Transferimi i \u00c7mimit - AlProfit Consult<\/title>\n<meta name=\"robots\" content=\"index, follow, max-snippet:-1, max-image-preview:large, max-video-preview:-1\" \/>\n<link rel=\"canonical\" href=\"https:\/\/alprofitconsult.al\/en\/taxes\/contractor\/you-are-acting-like-a-business\/price-transfer\/\" \/>\n<meta property=\"og:locale\" content=\"en_US\" \/>\n<meta property=\"og:type\" content=\"article\" \/>\n<meta property=\"og:title\" content=\"Transferimi i \u00c7mimit - AlProfit Consult\" \/>\n<meta property=\"og:description\" content=\"\u00c7far\u00eb \u00ebsht\u00eb Transferimi i \u00c7mimit? Transferimi i \u00e7mimit i referohet p\u00ebrcaktimit t\u00eb \u00e7mimeve p\u00ebr transaksionet nd\u00ebrmjet pal\u00ebve t\u00eb lidhura, q\u00eb mund t\u00eb jen\u00eb shoq\u00ebri q\u00eb ndajn\u00eb pron\u00ebsin\u00eb apo kontrollin. P\u00ebr shembull, n\u00ebse nj\u00eb kompani n\u00eb Shqip\u00ebri blen mallra nga kompania m\u00ebm\u00eb jasht\u00eb vendit, \u00e7mimi i k\u00ebtyre mallrave duhet t\u00eb p\u00ebrputhet me \u00e7mimin q\u00eb do t\u00eb [&hellip;]\" \/>\n<meta property=\"og:url\" content=\"https:\/\/alprofitconsult.al\/en\/taxes\/contractor\/you-are-acting-like-a-business\/price-transfer\/\" \/>\n<meta property=\"og:site_name\" content=\"AlProfit Consult\" \/>\n<meta property=\"article:publisher\" content=\"https:\/\/www.facebook.com\/AlProfitConsult\/\" \/>\n<meta property=\"article:modified_time\" content=\"2024-11-30T19:39:02+00:00\" \/>\n<meta property=\"og:image\" content=\"https:\/\/alprofitconsult.al\/wp-content\/uploads\/2022\/10\/AlProfit-Consult-Transferimi-i-Cmimit.jpg\" \/>\n\t<meta property=\"og:image:width\" content=\"1920\" \/>\n\t<meta property=\"og:image:height\" content=\"1268\" \/>\n\t<meta property=\"og:image:type\" content=\"image\/jpeg\" \/>\n<meta name=\"twitter:card\" content=\"summary_large_image\" \/>\n<meta name=\"twitter:site\" content=\"@AlProfitConsult\" \/>\n<meta name=\"twitter:label1\" content=\"Est. reading time\" \/>\n\t<meta name=\"twitter:data1\" content=\"2 minutes\" \/>\n<script type=\"application\/ld+json\" class=\"yoast-schema-graph\">{\"@context\":\"https:\/\/schema.org\",\"@graph\":[{\"@type\":\"WebPage\",\"@id\":\"https:\/\/alprofitconsult.al\/en\/tatime\/sipermarres\/te-veprosh-si-nje-biznes\/transferimi-i-cmimit\/\",\"url\":\"https:\/\/alprofitconsult.al\/en\/tatime\/sipermarres\/te-veprosh-si-nje-biznes\/transferimi-i-cmimit\/\",\"name\":\"Transferimi i \u00c7mimit - AlProfit Consult\",\"isPartOf\":{\"@id\":\"https:\/\/alprofitconsult.al\/#website\"},\"primaryImageOfPage\":{\"@id\":\"https:\/\/alprofitconsult.al\/en\/tatime\/sipermarres\/te-veprosh-si-nje-biznes\/transferimi-i-cmimit\/#primaryimage\"},\"image\":{\"@id\":\"https:\/\/alprofitconsult.al\/en\/tatime\/sipermarres\/te-veprosh-si-nje-biznes\/transferimi-i-cmimit\/#primaryimage\"},\"thumbnailUrl\":\"https:\/\/alprofitconsult.al\/wp-content\/uploads\/2022\/10\/AlProfit-Consult-Transferimi-i-Cmimit.jpg\",\"datePublished\":\"2022-10-08T18:35:46+00:00\",\"dateModified\":\"2024-11-30T19:39:02+00:00\",\"breadcrumb\":{\"@id\":\"https:\/\/alprofitconsult.al\/en\/tatime\/sipermarres\/te-veprosh-si-nje-biznes\/transferimi-i-cmimit\/#breadcrumb\"},\"inLanguage\":\"en-US\",\"potentialAction\":[{\"@type\":\"ReadAction\",\"target\":[\"https:\/\/alprofitconsult.al\/en\/tatime\/sipermarres\/te-veprosh-si-nje-biznes\/transferimi-i-cmimit\/\"]}]},{\"@type\":\"ImageObject\",\"inLanguage\":\"en-US\",\"@id\":\"https:\/\/alprofitconsult.al\/en\/tatime\/sipermarres\/te-veprosh-si-nje-biznes\/transferimi-i-cmimit\/#primaryimage\",\"url\":\"https:\/\/alprofitconsult.al\/wp-content\/uploads\/2022\/10\/AlProfit-Consult-Transferimi-i-Cmimit.jpg\",\"contentUrl\":\"https:\/\/alprofitconsult.al\/wp-content\/uploads\/2022\/10\/AlProfit-Consult-Transferimi-i-Cmimit.jpg\",\"width\":1920,\"height\":1268},{\"@type\":\"BreadcrumbList\",\"@id\":\"https:\/\/alprofitconsult.al\/en\/tatime\/sipermarres\/te-veprosh-si-nje-biznes\/transferimi-i-cmimit\/#breadcrumb\",\"itemListElement\":[{\"@type\":\"ListItem\",\"position\":1,\"name\":\"Kryefaqe\",\"item\":\"https:\/\/alprofitconsult.al\/\"},{\"@type\":\"ListItem\",\"position\":2,\"name\":\"Legjislacioni tatimor\",\"item\":\"https:\/\/alprofitconsult.al\/en\/tatime\/\"},{\"@type\":\"ListItem\",\"position\":3,\"name\":\"Sip\u00ebrmarr\u00ebs\",\"item\":\"https:\/\/alprofitconsult.al\/en\/tatime\/sipermarres\/\"},{\"@type\":\"ListItem\",\"position\":4,\"name\":\"T\u00eb veprosh si nj\u00eb biznes\",\"item\":\"https:\/\/alprofitconsult.al\/en\/tatime\/sipermarres\/te-veprosh-si-nje-biznes\/\"},{\"@type\":\"ListItem\",\"position\":5,\"name\":\"Transferimi i \u00c7mimit\"}]},{\"@type\":\"WebSite\",\"@id\":\"https:\/\/alprofitconsult.al\/#website\",\"url\":\"https:\/\/alprofitconsult.al\/\",\"name\":\"AlProfit Consult\",\"description\":\"Zyr\u00eb Kontabiliteti\",\"publisher\":{\"@id\":\"https:\/\/alprofitconsult.al\/#organization\"},\"potentialAction\":[{\"@type\":\"SearchAction\",\"target\":{\"@type\":\"EntryPoint\",\"urlTemplate\":\"https:\/\/alprofitconsult.al\/?s={search_term_string}\"},\"query-input\":{\"@type\":\"PropertyValueSpecification\",\"valueRequired\":true,\"valueName\":\"search_term_string\"}}],\"inLanguage\":\"en-US\"},{\"@type\":\"Organization\",\"@id\":\"https:\/\/alprofitconsult.al\/#organization\",\"name\":\"Alprofit Consult\",\"url\":\"https:\/\/alprofitconsult.al\/\",\"logo\":{\"@type\":\"ImageObject\",\"inLanguage\":\"en-US\",\"@id\":\"https:\/\/alprofitconsult.al\/#\/schema\/logo\/image\/\",\"url\":\"https:\/\/alprofitconsult.al\/wp-content\/uploads\/2022\/10\/logoalprofit.png\",\"contentUrl\":\"https:\/\/alprofitconsult.al\/wp-content\/uploads\/2022\/10\/logoalprofit.png\",\"width\":529,\"height\":156,\"caption\":\"Alprofit Consult\"},\"image\":{\"@id\":\"https:\/\/alprofitconsult.al\/#\/schema\/logo\/image\/\"},\"sameAs\":[\"https:\/\/www.facebook.com\/AlProfitConsult\/\",\"https:\/\/x.com\/AlProfitConsult\",\"https:\/\/www.linkedin.com\/company\/andi-haxhillari\/\",\"https:\/\/www.pinterest.com\/AlProfitConsult\/\",\"https:\/\/www.youtube.com\/channel\/UCZ5Gfntn161Nla3g1XdRldA\",\"https:\/\/sq.wikipedia.org\/wiki\/P\u00ebrdoruesi:Andi25~sqwiki\"]}]}<\/script>\n<!-- \/ Yoast SEO plugin. -->","yoast_head_json":{"title":"Price Transfer - AlProfit Consult","robots":{"index":"index","follow":"follow","max-snippet":"max-snippet:-1","max-image-preview":"max-image-preview:large","max-video-preview":"max-video-preview:-1"},"canonical":"https:\/\/alprofitconsult.al\/en\/taxes\/contractor\/you-are-acting-like-a-business\/price-transfer\/","og_locale":"en_US","og_type":"article","og_title":"Transferimi i \u00c7mimit - AlProfit Consult","og_description":"\u00c7far\u00eb \u00ebsht\u00eb Transferimi i \u00c7mimit? Transferimi i \u00e7mimit i referohet p\u00ebrcaktimit t\u00eb \u00e7mimeve p\u00ebr transaksionet nd\u00ebrmjet pal\u00ebve t\u00eb lidhura, q\u00eb mund t\u00eb jen\u00eb shoq\u00ebri q\u00eb ndajn\u00eb pron\u00ebsin\u00eb apo kontrollin. P\u00ebr shembull, n\u00ebse nj\u00eb kompani n\u00eb Shqip\u00ebri blen mallra nga kompania m\u00ebm\u00eb jasht\u00eb vendit, \u00e7mimi i k\u00ebtyre mallrave duhet t\u00eb p\u00ebrputhet me \u00e7mimin q\u00eb do t\u00eb [&hellip;]","og_url":"https:\/\/alprofitconsult.al\/en\/taxes\/contractor\/you-are-acting-like-a-business\/price-transfer\/","og_site_name":"AlProfit Consult","article_publisher":"https:\/\/www.facebook.com\/AlProfitConsult\/","article_modified_time":"2024-11-30T19:39:02+00:00","og_image":[{"width":1920,"height":1268,"url":"https:\/\/alprofitconsult.al\/wp-content\/uploads\/2022\/10\/AlProfit-Consult-Transferimi-i-Cmimit.jpg","type":"image\/jpeg"}],"twitter_card":"summary_large_image","twitter_site":"@AlProfitConsult","twitter_misc":{"Est. reading time":"2 minutes"},"schema":{"@context":"https:\/\/schema.org","@graph":[{"@type":"WebPage","@id":"https:\/\/alprofitconsult.al\/en\/tatime\/sipermarres\/te-veprosh-si-nje-biznes\/transferimi-i-cmimit\/","url":"https:\/\/alprofitconsult.al\/en\/tatime\/sipermarres\/te-veprosh-si-nje-biznes\/transferimi-i-cmimit\/","name":"Price Transfer - AlProfit Consult","isPartOf":{"@id":"https:\/\/alprofitconsult.al\/#website"},"primaryImageOfPage":{"@id":"https:\/\/alprofitconsult.al\/en\/tatime\/sipermarres\/te-veprosh-si-nje-biznes\/transferimi-i-cmimit\/#primaryimage"},"image":{"@id":"https:\/\/alprofitconsult.al\/en\/tatime\/sipermarres\/te-veprosh-si-nje-biznes\/transferimi-i-cmimit\/#primaryimage"},"thumbnailUrl":"https:\/\/alprofitconsult.al\/wp-content\/uploads\/2022\/10\/AlProfit-Consult-Transferimi-i-Cmimit.jpg","datePublished":"2022-10-08T18:35:46+00:00","dateModified":"2024-11-30T19:39:02+00:00","breadcrumb":{"@id":"https:\/\/alprofitconsult.al\/en\/tatime\/sipermarres\/te-veprosh-si-nje-biznes\/transferimi-i-cmimit\/#breadcrumb"},"inLanguage":"en-US","potentialAction":[{"@type":"ReadAction","target":["https:\/\/alprofitconsult.al\/en\/tatime\/sipermarres\/te-veprosh-si-nje-biznes\/transferimi-i-cmimit\/"]}]},{"@type":"ImageObject","inLanguage":"en-US","@id":"https:\/\/alprofitconsult.al\/en\/tatime\/sipermarres\/te-veprosh-si-nje-biznes\/transferimi-i-cmimit\/#primaryimage","url":"https:\/\/alprofitconsult.al\/wp-content\/uploads\/2022\/10\/AlProfit-Consult-Transferimi-i-Cmimit.jpg","contentUrl":"https:\/\/alprofitconsult.al\/wp-content\/uploads\/2022\/10\/AlProfit-Consult-Transferimi-i-Cmimit.jpg","width":1920,"height":1268},{"@type":"BreadcrumbList","@id":"https:\/\/alprofitconsult.al\/en\/tatime\/sipermarres\/te-veprosh-si-nje-biznes\/transferimi-i-cmimit\/#breadcrumb","itemListElement":[{"@type":"ListItem","position":1,"name":"Kryefaqe","item":"https:\/\/alprofitconsult.al\/"},{"@type":"ListItem","position":2,"name":"Legjislacioni tatimor","item":"https:\/\/alprofitconsult.al\/en\/tatime\/"},{"@type":"ListItem","position":3,"name":"Sip\u00ebrmarr\u00ebs","item":"https:\/\/alprofitconsult.al\/en\/tatime\/sipermarres\/"},{"@type":"ListItem","position":4,"name":"T\u00eb veprosh si nj\u00eb biznes","item":"https:\/\/alprofitconsult.al\/en\/tatime\/sipermarres\/te-veprosh-si-nje-biznes\/"},{"@type":"ListItem","position":5,"name":"Transferimi i \u00c7mimit"}]},{"@type":"WebSite","@id":"https:\/\/alprofitconsult.al\/#website","url":"https:\/\/alprofitconsult.al\/","name":"AlProfit Consult","description":"Accounting Office","publisher":{"@id":"https:\/\/alprofitconsult.al\/#organization"},"potentialAction":[{"@type":"SearchAction","target":{"@type":"EntryPoint","urlTemplate":"https:\/\/alprofitconsult.al\/?s={search_term_string}"},"query-input":{"@type":"PropertyValueSpecification","valueRequired":true,"valueName":"search_term_string"}}],"inLanguage":"en-US"},{"@type":"Organization","@id":"https:\/\/alprofitconsult.al\/#organization","name":"Alprofit Consult","url":"https:\/\/alprofitconsult.al\/","logo":{"@type":"ImageObject","inLanguage":"en-US","@id":"https:\/\/alprofitconsult.al\/#\/schema\/logo\/image\/","url":"https:\/\/alprofitconsult.al\/wp-content\/uploads\/2022\/10\/logoalprofit.png","contentUrl":"https:\/\/alprofitconsult.al\/wp-content\/uploads\/2022\/10\/logoalprofit.png","width":529,"height":156,"caption":"Alprofit Consult"},"image":{"@id":"https:\/\/alprofitconsult.al\/#\/schema\/logo\/image\/"},"sameAs":["https:\/\/www.facebook.com\/AlProfitConsult\/","https:\/\/x.com\/AlProfitConsult","https:\/\/www.linkedin.com\/company\/andi-haxhillari\/","https:\/\/www.pinterest.com\/AlProfitConsult\/","https:\/\/www.youtube.com\/channel\/UCZ5Gfntn161Nla3g1XdRldA","https:\/\/sq.wikipedia.org\/wiki\/P\u00ebrdoruesi:Andi25~sqwiki"]}]}},"_links":{"self":[{"href":"https:\/\/alprofitconsult.al\/en\/wp-json\/wp\/v2\/pages\/15456","targetHints":{"allow":["GET"]}}],"collection":[{"href":"https:\/\/alprofitconsult.al\/en\/wp-json\/wp\/v2\/pages"}],"about":[{"href":"https:\/\/alprofitconsult.al\/en\/wp-json\/wp\/v2\/types\/page"}],"author":[{"embeddable":true,"href":"https:\/\/alprofitconsult.al\/en\/wp-json\/wp\/v2\/users\/1"}],"replies":[{"embeddable":true,"href":"https:\/\/alprofitconsult.al\/en\/wp-json\/wp\/v2\/comments?post=15456"}],"version-history":[{"count":4,"href":"https:\/\/alprofitconsult.al\/en\/wp-json\/wp\/v2\/pages\/15456\/revisions"}],"predecessor-version":[{"id":19934,"href":"https:\/\/alprofitconsult.al\/en\/wp-json\/wp\/v2\/pages\/15456\/revisions\/19934"}],"up":[{"embeddable":true,"href":"https:\/\/alprofitconsult.al\/en\/wp-json\/wp\/v2\/pages\/15453"}],"wp:featuredmedia":[{"embeddable":true,"href":"https:\/\/alprofitconsult.al\/en\/wp-json\/wp\/v2\/media\/15874"}],"wp:attachment":[{"href":"https:\/\/alprofitconsult.al\/en\/wp-json\/wp\/v2\/media?parent=15456"}],"curies":[{"name":"wp","href":"https:\/\/api.w.org\/{rel}","templated":true}]}}