{"id":15457,"date":"2022-10-08T18:35:46","date_gmt":"2022-10-08T18:35:46","guid":{"rendered":"https:\/\/alprofitconsult.al\/?page_id=15457"},"modified":"2024-11-29T23:48:58","modified_gmt":"2024-11-29T23:48:58","slug":"simplified-business-profit-tax","status":"publish","type":"page","link":"https:\/\/alprofitconsult.al\/en\/tatime\/sipermarres\/te-veprosh-si-nje-biznes\/tatimi-i-thjeshtuar-mbi-fitimin-e-biznesit-te-vogel\/","title":{"rendered":"Simplified tax on small business profit"},"content":{"rendered":"<div class=\"yoast-breadcrumbs\"><span><span><a href=\"https:\/\/alprofitconsult.al\/en\/\">Home Page<\/a><\/span> | <span><a href=\"https:\/\/alprofitconsult.al\/en\/tatime\/\">Tax legislation<\/a><\/span> | <span><a href=\"https:\/\/alprofitconsult.al\/en\/tatime\/sipermarres\/\">Entrepreneur<\/a><\/span> | <span><a href=\"https:\/\/alprofitconsult.al\/en\/tatime\/sipermarres\/te-veprosh-si-nje-biznes\/\">Act as a business<\/a><\/span> | <span class=\"breadcrumb_last\" aria-current=\"page\">Simplified tax on small business profit<\/span><\/span><\/div>\n\n\n<p><\/p>\n\n\n\n<figure class=\"wp-block-image size-large\"><img loading=\"lazy\" decoding=\"async\" width=\"1024\" height=\"683\" src=\"https:\/\/alprofitconsult.al\/wp-content\/uploads\/2022\/10\/AlProfit-Consult-Tatimi-i-thjeshtuar-mbi-fitimin-e-biznesit-te-vogel-1024x683.jpg\" alt=\"\" class=\"wp-image-15877\" srcset=\"https:\/\/alprofitconsult.al\/wp-content\/uploads\/2022\/10\/AlProfit-Consult-Tatimi-i-thjeshtuar-mbi-fitimin-e-biznesit-te-vogel-1024x683.jpg 1024w, https:\/\/alprofitconsult.al\/wp-content\/uploads\/2022\/10\/AlProfit-Consult-Tatimi-i-thjeshtuar-mbi-fitimin-e-biznesit-te-vogel-300x200.jpg 300w, https:\/\/alprofitconsult.al\/wp-content\/uploads\/2022\/10\/AlProfit-Consult-Tatimi-i-thjeshtuar-mbi-fitimin-e-biznesit-te-vogel-150x100.jpg 150w, https:\/\/alprofitconsult.al\/wp-content\/uploads\/2022\/10\/AlProfit-Consult-Tatimi-i-thjeshtuar-mbi-fitimin-e-biznesit-te-vogel-768x512.jpg 768w, https:\/\/alprofitconsult.al\/wp-content\/uploads\/2022\/10\/AlProfit-Consult-Tatimi-i-thjeshtuar-mbi-fitimin-e-biznesit-te-vogel-1536x1024.jpg 1536w, https:\/\/alprofitconsult.al\/wp-content\/uploads\/2022\/10\/AlProfit-Consult-Tatimi-i-thjeshtuar-mbi-fitimin-e-biznesit-te-vogel.jpg 1920w\" sizes=\"auto, (max-width: 1024px) 100vw, 1024px\" \/><\/figure>\n\n\n\n<blockquote class=\"wp-block-quote is-layout-flow wp-block-quote-is-layout-flow\">\n<p>The following information is valid and applicable until December 31, 2023, following the entry into force of the new Law No. <a href=\"https:\/\/alprofitconsult.al\/wp-content\/uploads\/2023\/11\/LIGJ-NR.-29-2023-PER-TATIMIN-MBI-TE-ARDHURAT-4.pdf\" target=\"_blank\" rel=\"noreferrer noopener\">29\/2023<\/a> On Income Tax. Please browse our website for more details and updated information at: <a href=\"https:\/\/alprofitconsult.al\/en\/taxes\/\" target=\"_blank\" rel=\"noreferrer noopener\">https:\/\/alprofitconsult.al\/tatime\/<\/a><\/p>\n<\/blockquote>\n\n\n\n<p>Every taxpayer who carries out a business with an annual turnover less than or equal to 8,000,000 (eight million) ALL is subject to the obligation to pay simplified profit tax for small businesses.<\/p>\n\n\n\n<h2 class=\"wp-block-heading\">Taxable Income<\/h2>\n\n\n\n<p>Total revenue from small business activity means any type of revenue earned during the tax period and includes, but is not limited to:<\/p>\n\n\n\n<ul class=\"wp-block-list\">\n<li>revenue generated from the supply of goods and services,<\/li>\n\n\n\n<li>income from participations,<\/li>\n\n\n\n<li>interest income,<\/li>\n\n\n\n<li>income from the use of movable and immovable property, etc.<\/li>\n<\/ul>\n\n\n\n<p>Taxable income or taxable profit is the difference between total revenues realized during the tax period and recognized expenses.<\/p>\n\n\n\n<blockquote class=\"wp-block-quote is-layout-flow wp-block-quote-is-layout-flow\">\n<p>Clarification:<\/p>\n\n\n\n<p>Deductible expenses are those incurred for profit, security, and profit retention purposes, to the extent that these expenses are proven and documented by the taxpayer, and when they are subject to limitations specified by this law.<\/p>\n<\/blockquote>\n\n\n\n<p>Unknown expenditures are those defined in Article 13 of the Law <a href=\"https:\/\/alprofitconsult.al\/wp-content\/uploads\/2022\/01\/Ligj-Nr-9632-date-30.10.2006-Per-sistemin-e-taksave-vendore-i-ndryshuar.pdf\" target=\"_blank\" rel=\"noreferrer noopener\">No. 9632, dated October 30, 2006 \u201cOn the local tax system\u201d<\/a>, unchanged<\/p>\n\n\n\n<h2 class=\"wp-block-heading\">Tax Rates<\/h2>\n\n\n\n<p>The applicable tax rate on taxable profit, for taxpayers subject to simplified tax on small business profits, with an annual turnover from 0 (zero) to 8 (eight) million lek\u00eb, is 0%. <\/p>\n\n\n\n<h2 class=\"wp-block-heading\">Documentation Managemen<\/h2>\n\n\n\n<p>For every sale made, they are obligated:<\/p>\n\n\n\n<ul class=\"wp-block-list\">\n<li>Issue a simplified tax invoice to each taxable buyer who receives the supply.<\/li>\n\n\n\n<li>For every individual final consumer buyer, it is mandatory to issue an invoice from the fiscal device.<\/li>\n\n\n\n<li>Other documents approved in other legal or regulatory acts (e.g., passenger transport tickets, tax certificates).<\/li>\n<\/ul>\n\n\n\n<p>Every purchase they make must be justified with a VAT invoice, when the purchase is made from persons registered as VAT taxpayers or a simplified tax invoice when the purchase is made from persons registered as taxpayers of simplified profit tax and who are not VAT taxpayers.<\/p>\n\n\n\n<p>Taxpayers are required to keep:<\/p>\n\n\n\n<ol class=\"wp-block-list\">\n<li>sales book, where they chronologically record every sale made with a simple tax invoice as well as the total daily sales made with tax coupons;<\/li>\n\n\n\n<li>the purchase book, where they record chronologically every purchase made with a tax invoice, with VAT, with a simple tax invoice;<\/li>\n\n\n\n<li>expenditure and income book;<\/li>\n\n\n\n<li>business activity report.<\/li>\n<\/ol>\n\n\n\n<blockquote class=\"wp-block-quote is-layout-flow wp-block-quote-is-layout-flow\">\n<p><br>Clarification<br>For taxpayers who are subjects of simplified business profit tax and are registered for VAT, the sales and purchase ledgers kept for VAT purposes also serve for simplified business profit tax purposes.<\/p>\n<\/blockquote>\n\n\n\n<h2 class=\"wp-block-heading\">Declaration<\/h2>\n\n\n\n<p>Every taxpayer subject to the simplified tax on small business profits is required to file the annual tax return by February 10 of the year following the tax period, detailing the total income, deductible expenses, taxable profit, tax payable, as well as any other details specified by the Minister of Finance's directive for completing and submitting the annual tax return.<\/p>\n\n\n\n<p>Source: <a href=\"https:\/\/www.tatime.gov.al\/c\/4\/96\/109\/tatimi-i-thjeshtuar-mbi-fitimin-e-biznesit-te-vogel\" target=\"_blank\" rel=\"noreferrer noopener\">General Directorate of Taxes.<\/a><\/p>\n\n\n<div class=\"gdlr-core-widget-box-shortcode\" style=\"color: #ffffff ;background-color: #000014 ;\"  ><h3 class=\"gdlr-core-widget-box-shortcode-title\" style=\"color: #ffffff ;\"  >Do you have a question?<\/h3><div class=\"gdlr-core-widget-box-shortcode-content\" ><p class=\"translation-block\">Do not hesitate to <a href=\"https:\/\/alprofitconsult.al\/en\/contact\/\" target=\"_self\">contact<\/a> us. We are a team of experts and will be happy to speak with you.<\/p>\n<\/div><\/div>","protected":false},"excerpt":{"rendered":"<p>Informacioni i m\u00ebposht\u00ebm \u00ebsht\u00eb i vlefsh\u00ebm dhe zbatohet deri m\u00eb 31 dhjetor 2023, me hyrjen n\u00eb fuqi t\u00eb Ligjit t\u00eb ri Nr. 29\/2023 p\u00ebr Tatimin mbi t\u00eb Ardhurat. Shfletoni faqen ton\u00eb p\u00ebr m\u00eb shum\u00eb detaje dhe informacione t\u00eb p\u00ebrdit\u00ebsuara https:\/\/alprofitconsult.al\/tatime\/ \u00c7do tatimpagues, i cili kryen nj\u00eb biznes, me an\u00eb t\u00eb t\u00eb cilit realizohet gjat\u00eb vitit [&hellip;]<\/p>\n","protected":false},"author":1,"featured_media":15877,"parent":15453,"menu_order":0,"comment_status":"open","ping_status":"closed","template":"","meta":{"footnotes":""},"class_list":["post-15457","page","type-page","status-publish","has-post-thumbnail","hentry"],"yoast_head":"<!-- This site is optimized with the Yoast SEO Premium plugin v27.6 (Yoast SEO v27.6) - https:\/\/yoast.com\/product\/yoast-seo-premium-wordpress\/ -->\n<title>Tatimi i thjeshtuar mbi fitimin e biznesit t\u00eb vog\u00ebl - AlProfit Consult<\/title>\n<meta name=\"robots\" content=\"index, follow, max-snippet:-1, max-image-preview:large, max-video-preview:-1\" \/>\n<link rel=\"canonical\" href=\"https:\/\/alprofitconsult.al\/en\/taxes\/contractor\/you-are-acting-like-a-business\/simplified-business-profit-tax\/\" \/>\n<meta property=\"og:locale\" content=\"en_US\" \/>\n<meta property=\"og:type\" content=\"article\" \/>\n<meta property=\"og:title\" content=\"Tatimi i thjeshtuar mbi fitimin e biznesit t\u00eb vog\u00ebl\" \/>\n<meta property=\"og:description\" content=\"Informacioni i m\u00ebposht\u00ebm \u00ebsht\u00eb i vlefsh\u00ebm dhe zbatohet deri m\u00eb 31 dhjetor 2023, me hyrjen n\u00eb fuqi t\u00eb Ligjit t\u00eb ri Nr. 29\/2023 p\u00ebr Tatimin mbi t\u00eb Ardhurat. Shfletoni faqen ton\u00eb p\u00ebr m\u00eb shum\u00eb detaje dhe informacione t\u00eb p\u00ebrdit\u00ebsuara https:\/\/alprofitconsult.al\/tatime\/ \u00c7do tatimpagues, i cili kryen nj\u00eb biznes, me an\u00eb t\u00eb t\u00eb cilit realizohet gjat\u00eb vitit [&hellip;]\" \/>\n<meta property=\"og:url\" content=\"https:\/\/alprofitconsult.al\/en\/taxes\/contractor\/you-are-acting-like-a-business\/simplified-business-profit-tax\/\" \/>\n<meta property=\"og:site_name\" content=\"AlProfit Consult\" \/>\n<meta property=\"article:publisher\" content=\"https:\/\/www.facebook.com\/AlProfitConsult\/\" \/>\n<meta property=\"article:modified_time\" content=\"2024-11-29T23:48:58+00:00\" \/>\n<meta property=\"og:image\" content=\"https:\/\/alprofitconsult.al\/wp-content\/uploads\/2022\/10\/AlProfit-Consult-Tatimi-i-thjeshtuar-mbi-fitimin-e-biznesit-te-vogel.jpg\" \/>\n\t<meta property=\"og:image:width\" content=\"1920\" \/>\n\t<meta property=\"og:image:height\" content=\"1280\" \/>\n\t<meta property=\"og:image:type\" content=\"image\/jpeg\" \/>\n<meta name=\"twitter:card\" content=\"summary_large_image\" \/>\n<meta name=\"twitter:site\" content=\"@AlProfitConsult\" \/>\n<meta name=\"twitter:label1\" content=\"Est. reading time\" \/>\n\t<meta name=\"twitter:data1\" content=\"3 minutes\" \/>\n<script type=\"application\/ld+json\" class=\"yoast-schema-graph\">{\"@context\":\"https:\\\/\\\/schema.org\",\"@graph\":[{\"@type\":\"WebPage\",\"@id\":\"https:\\\/\\\/alprofitconsult.al\\\/en\\\/tatime\\\/sipermarres\\\/te-veprosh-si-nje-biznes\\\/tatimi-i-thjeshtuar-mbi-fitimin-e-biznesit-te-vogel\\\/\",\"url\":\"https:\\\/\\\/alprofitconsult.al\\\/en\\\/tatime\\\/sipermarres\\\/te-veprosh-si-nje-biznes\\\/tatimi-i-thjeshtuar-mbi-fitimin-e-biznesit-te-vogel\\\/\",\"name\":\"Tatimi i thjeshtuar mbi fitimin e biznesit t\u00eb vog\u00ebl - AlProfit Consult\",\"isPartOf\":{\"@id\":\"https:\\\/\\\/alprofitconsult.al\\\/#website\"},\"primaryImageOfPage\":{\"@id\":\"https:\\\/\\\/alprofitconsult.al\\\/en\\\/tatime\\\/sipermarres\\\/te-veprosh-si-nje-biznes\\\/tatimi-i-thjeshtuar-mbi-fitimin-e-biznesit-te-vogel\\\/#primaryimage\"},\"image\":{\"@id\":\"https:\\\/\\\/alprofitconsult.al\\\/en\\\/tatime\\\/sipermarres\\\/te-veprosh-si-nje-biznes\\\/tatimi-i-thjeshtuar-mbi-fitimin-e-biznesit-te-vogel\\\/#primaryimage\"},\"thumbnailUrl\":\"https:\\\/\\\/alprofitconsult.al\\\/wp-content\\\/uploads\\\/2022\\\/10\\\/AlProfit-Consult-Tatimi-i-thjeshtuar-mbi-fitimin-e-biznesit-te-vogel.jpg\",\"datePublished\":\"2022-10-08T18:35:46+00:00\",\"dateModified\":\"2024-11-29T23:48:58+00:00\",\"breadcrumb\":{\"@id\":\"https:\\\/\\\/alprofitconsult.al\\\/en\\\/tatime\\\/sipermarres\\\/te-veprosh-si-nje-biznes\\\/tatimi-i-thjeshtuar-mbi-fitimin-e-biznesit-te-vogel\\\/#breadcrumb\"},\"inLanguage\":\"en-US\",\"potentialAction\":[{\"@type\":\"ReadAction\",\"target\":[\"https:\\\/\\\/alprofitconsult.al\\\/en\\\/tatime\\\/sipermarres\\\/te-veprosh-si-nje-biznes\\\/tatimi-i-thjeshtuar-mbi-fitimin-e-biznesit-te-vogel\\\/\"]}]},{\"@type\":\"ImageObject\",\"inLanguage\":\"en-US\",\"@id\":\"https:\\\/\\\/alprofitconsult.al\\\/en\\\/tatime\\\/sipermarres\\\/te-veprosh-si-nje-biznes\\\/tatimi-i-thjeshtuar-mbi-fitimin-e-biznesit-te-vogel\\\/#primaryimage\",\"url\":\"https:\\\/\\\/alprofitconsult.al\\\/wp-content\\\/uploads\\\/2022\\\/10\\\/AlProfit-Consult-Tatimi-i-thjeshtuar-mbi-fitimin-e-biznesit-te-vogel.jpg\",\"contentUrl\":\"https:\\\/\\\/alprofitconsult.al\\\/wp-content\\\/uploads\\\/2022\\\/10\\\/AlProfit-Consult-Tatimi-i-thjeshtuar-mbi-fitimin-e-biznesit-te-vogel.jpg\",\"width\":1920,\"height\":1280},{\"@type\":\"BreadcrumbList\",\"@id\":\"https:\\\/\\\/alprofitconsult.al\\\/en\\\/tatime\\\/sipermarres\\\/te-veprosh-si-nje-biznes\\\/tatimi-i-thjeshtuar-mbi-fitimin-e-biznesit-te-vogel\\\/#breadcrumb\",\"itemListElement\":[{\"@type\":\"ListItem\",\"position\":1,\"name\":\"Kryefaqe\",\"item\":\"https:\\\/\\\/alprofitconsult.al\\\/\"},{\"@type\":\"ListItem\",\"position\":2,\"name\":\"Legjislacioni tatimor\",\"item\":\"https:\\\/\\\/alprofitconsult.al\\\/en\\\/tatime\\\/\"},{\"@type\":\"ListItem\",\"position\":3,\"name\":\"Sip\u00ebrmarr\u00ebs\",\"item\":\"https:\\\/\\\/alprofitconsult.al\\\/en\\\/tatime\\\/sipermarres\\\/\"},{\"@type\":\"ListItem\",\"position\":4,\"name\":\"T\u00eb veprosh si nj\u00eb biznes\",\"item\":\"https:\\\/\\\/alprofitconsult.al\\\/en\\\/tatime\\\/sipermarres\\\/te-veprosh-si-nje-biznes\\\/\"},{\"@type\":\"ListItem\",\"position\":5,\"name\":\"Tatimi i thjeshtuar mbi fitimin e biznesit t\u00eb vog\u00ebl\"}]},{\"@type\":\"WebSite\",\"@id\":\"https:\\\/\\\/alprofitconsult.al\\\/#website\",\"url\":\"https:\\\/\\\/alprofitconsult.al\\\/\",\"name\":\"AlProfit Consult\",\"description\":\"Zyr\u00eb Kontabiliteti\",\"publisher\":{\"@id\":\"https:\\\/\\\/alprofitconsult.al\\\/#organization\"},\"potentialAction\":[{\"@type\":\"SearchAction\",\"target\":{\"@type\":\"EntryPoint\",\"urlTemplate\":\"https:\\\/\\\/alprofitconsult.al\\\/?s={search_term_string}\"},\"query-input\":{\"@type\":\"PropertyValueSpecification\",\"valueRequired\":true,\"valueName\":\"search_term_string\"}}],\"inLanguage\":\"en-US\"},{\"@type\":[\"Organization\",\"Place\"],\"@id\":\"https:\\\/\\\/alprofitconsult.al\\\/#organization\",\"name\":\"Alprofit Consult\",\"url\":\"https:\\\/\\\/alprofitconsult.al\\\/\",\"logo\":{\"@id\":\"https:\\\/\\\/alprofitconsult.al\\\/en\\\/tatime\\\/sipermarres\\\/te-veprosh-si-nje-biznes\\\/tatimi-i-thjeshtuar-mbi-fitimin-e-biznesit-te-vogel\\\/#local-main-organization-logo\"},\"image\":{\"@id\":\"https:\\\/\\\/alprofitconsult.al\\\/en\\\/tatime\\\/sipermarres\\\/te-veprosh-si-nje-biznes\\\/tatimi-i-thjeshtuar-mbi-fitimin-e-biznesit-te-vogel\\\/#local-main-organization-logo\"},\"sameAs\":[\"https:\\\/\\\/www.facebook.com\\\/AlProfitConsult\\\/\",\"https:\\\/\\\/x.com\\\/AlProfitConsult\",\"https:\\\/\\\/www.linkedin.com\\\/company\\\/andi-haxhillari\\\/\",\"https:\\\/\\\/www.pinterest.com\\\/AlProfitConsult\\\/\",\"https:\\\/\\\/www.youtube.com\\\/channel\\\/UCZ5Gfntn161Nla3g1XdRldA\",\"https:\\\/\\\/sq.wikipedia.org\\\/wiki\\\/P\u00ebrdoruesi:Andi25~sqwiki\"],\"telephone\":[],\"openingHoursSpecification\":[{\"@type\":\"OpeningHoursSpecification\",\"dayOfWeek\":[\"Monday\",\"Tuesday\",\"Wednesday\",\"Thursday\",\"Friday\",\"Saturday\",\"Sunday\"],\"opens\":\"09:00\",\"closes\":\"17:00\"}]},{\"@type\":\"ImageObject\",\"inLanguage\":\"en-US\",\"@id\":\"https:\\\/\\\/alprofitconsult.al\\\/en\\\/tatime\\\/sipermarres\\\/te-veprosh-si-nje-biznes\\\/tatimi-i-thjeshtuar-mbi-fitimin-e-biznesit-te-vogel\\\/#local-main-organization-logo\",\"url\":\"https:\\\/\\\/alprofitconsult.al\\\/wp-content\\\/uploads\\\/2022\\\/10\\\/logoalprofit.png\",\"contentUrl\":\"https:\\\/\\\/alprofitconsult.al\\\/wp-content\\\/uploads\\\/2022\\\/10\\\/logoalprofit.png\",\"width\":529,\"height\":156,\"caption\":\"Alprofit Consult\"}]}<\/script>\n<!-- \/ Yoast SEO Premium plugin. -->","yoast_head_json":{"title":"Simplified business profit tax - AlProfit Consult","robots":{"index":"index","follow":"follow","max-snippet":"max-snippet:-1","max-image-preview":"max-image-preview:large","max-video-preview":"max-video-preview:-1"},"canonical":"https:\/\/alprofitconsult.al\/en\/taxes\/contractor\/you-are-acting-like-a-business\/simplified-business-profit-tax\/","og_locale":"en_US","og_type":"article","og_title":"Tatimi i thjeshtuar mbi fitimin e biznesit t\u00eb vog\u00ebl","og_description":"Informacioni i m\u00ebposht\u00ebm \u00ebsht\u00eb i vlefsh\u00ebm dhe zbatohet deri m\u00eb 31 dhjetor 2023, me hyrjen n\u00eb fuqi t\u00eb Ligjit t\u00eb ri Nr. 29\/2023 p\u00ebr Tatimin mbi t\u00eb Ardhurat. Shfletoni faqen ton\u00eb p\u00ebr m\u00eb shum\u00eb detaje dhe informacione t\u00eb p\u00ebrdit\u00ebsuara https:\/\/alprofitconsult.al\/tatime\/ \u00c7do tatimpagues, i cili kryen nj\u00eb biznes, me an\u00eb t\u00eb t\u00eb cilit realizohet gjat\u00eb vitit [&hellip;]","og_url":"https:\/\/alprofitconsult.al\/en\/taxes\/contractor\/you-are-acting-like-a-business\/simplified-business-profit-tax\/","og_site_name":"AlProfit Consult","article_publisher":"https:\/\/www.facebook.com\/AlProfitConsult\/","article_modified_time":"2024-11-29T23:48:58+00:00","og_image":[{"width":1920,"height":1280,"url":"https:\/\/alprofitconsult.al\/wp-content\/uploads\/2022\/10\/AlProfit-Consult-Tatimi-i-thjeshtuar-mbi-fitimin-e-biznesit-te-vogel.jpg","type":"image\/jpeg"}],"twitter_card":"summary_large_image","twitter_site":"@AlProfitConsult","twitter_misc":{"Est. reading time":"3 minutes"},"schema":{"@context":"https:\/\/schema.org","@graph":[{"@type":"WebPage","@id":"https:\/\/alprofitconsult.al\/en\/tatime\/sipermarres\/te-veprosh-si-nje-biznes\/tatimi-i-thjeshtuar-mbi-fitimin-e-biznesit-te-vogel\/","url":"https:\/\/alprofitconsult.al\/en\/tatime\/sipermarres\/te-veprosh-si-nje-biznes\/tatimi-i-thjeshtuar-mbi-fitimin-e-biznesit-te-vogel\/","name":"Simplified business profit tax - AlProfit Consult","isPartOf":{"@id":"https:\/\/alprofitconsult.al\/#website"},"primaryImageOfPage":{"@id":"https:\/\/alprofitconsult.al\/en\/tatime\/sipermarres\/te-veprosh-si-nje-biznes\/tatimi-i-thjeshtuar-mbi-fitimin-e-biznesit-te-vogel\/#primaryimage"},"image":{"@id":"https:\/\/alprofitconsult.al\/en\/tatime\/sipermarres\/te-veprosh-si-nje-biznes\/tatimi-i-thjeshtuar-mbi-fitimin-e-biznesit-te-vogel\/#primaryimage"},"thumbnailUrl":"https:\/\/alprofitconsult.al\/wp-content\/uploads\/2022\/10\/AlProfit-Consult-Tatimi-i-thjeshtuar-mbi-fitimin-e-biznesit-te-vogel.jpg","datePublished":"2022-10-08T18:35:46+00:00","dateModified":"2024-11-29T23:48:58+00:00","breadcrumb":{"@id":"https:\/\/alprofitconsult.al\/en\/tatime\/sipermarres\/te-veprosh-si-nje-biznes\/tatimi-i-thjeshtuar-mbi-fitimin-e-biznesit-te-vogel\/#breadcrumb"},"inLanguage":"en-US","potentialAction":[{"@type":"ReadAction","target":["https:\/\/alprofitconsult.al\/en\/tatime\/sipermarres\/te-veprosh-si-nje-biznes\/tatimi-i-thjeshtuar-mbi-fitimin-e-biznesit-te-vogel\/"]}]},{"@type":"ImageObject","inLanguage":"en-US","@id":"https:\/\/alprofitconsult.al\/en\/tatime\/sipermarres\/te-veprosh-si-nje-biznes\/tatimi-i-thjeshtuar-mbi-fitimin-e-biznesit-te-vogel\/#primaryimage","url":"https:\/\/alprofitconsult.al\/wp-content\/uploads\/2022\/10\/AlProfit-Consult-Tatimi-i-thjeshtuar-mbi-fitimin-e-biznesit-te-vogel.jpg","contentUrl":"https:\/\/alprofitconsult.al\/wp-content\/uploads\/2022\/10\/AlProfit-Consult-Tatimi-i-thjeshtuar-mbi-fitimin-e-biznesit-te-vogel.jpg","width":1920,"height":1280},{"@type":"BreadcrumbList","@id":"https:\/\/alprofitconsult.al\/en\/tatime\/sipermarres\/te-veprosh-si-nje-biznes\/tatimi-i-thjeshtuar-mbi-fitimin-e-biznesit-te-vogel\/#breadcrumb","itemListElement":[{"@type":"ListItem","position":1,"name":"Kryefaqe","item":"https:\/\/alprofitconsult.al\/"},{"@type":"ListItem","position":2,"name":"Legjislacioni tatimor","item":"https:\/\/alprofitconsult.al\/en\/tatime\/"},{"@type":"ListItem","position":3,"name":"Sip\u00ebrmarr\u00ebs","item":"https:\/\/alprofitconsult.al\/en\/tatime\/sipermarres\/"},{"@type":"ListItem","position":4,"name":"T\u00eb veprosh si nj\u00eb biznes","item":"https:\/\/alprofitconsult.al\/en\/tatime\/sipermarres\/te-veprosh-si-nje-biznes\/"},{"@type":"ListItem","position":5,"name":"Tatimi i thjeshtuar mbi fitimin e biznesit t\u00eb vog\u00ebl"}]},{"@type":"WebSite","@id":"https:\/\/alprofitconsult.al\/#website","url":"https:\/\/alprofitconsult.al\/","name":"AlProfit Consult","description":"Accounting Office","publisher":{"@id":"https:\/\/alprofitconsult.al\/#organization"},"potentialAction":[{"@type":"SearchAction","target":{"@type":"EntryPoint","urlTemplate":"https:\/\/alprofitconsult.al\/?s={search_term_string}"},"query-input":{"@type":"PropertyValueSpecification","valueRequired":true,"valueName":"search_term_string"}}],"inLanguage":"en-US"},{"@type":["Organization","Place"],"@id":"https:\/\/alprofitconsult.al\/#organization","name":"Alprofit Consult","url":"https:\/\/alprofitconsult.al\/","logo":{"@id":"https:\/\/alprofitconsult.al\/en\/tatime\/sipermarres\/te-veprosh-si-nje-biznes\/tatimi-i-thjeshtuar-mbi-fitimin-e-biznesit-te-vogel\/#local-main-organization-logo"},"image":{"@id":"https:\/\/alprofitconsult.al\/en\/tatime\/sipermarres\/te-veprosh-si-nje-biznes\/tatimi-i-thjeshtuar-mbi-fitimin-e-biznesit-te-vogel\/#local-main-organization-logo"},"sameAs":["https:\/\/www.facebook.com\/AlProfitConsult\/","https:\/\/x.com\/AlProfitConsult","https:\/\/www.linkedin.com\/company\/andi-haxhillari\/","https:\/\/www.pinterest.com\/AlProfitConsult\/","https:\/\/www.youtube.com\/channel\/UCZ5Gfntn161Nla3g1XdRldA","https:\/\/sq.wikipedia.org\/wiki\/P\u00ebrdoruesi:Andi25~sqwiki"],"telephone":[],"openingHoursSpecification":[{"@type":"OpeningHoursSpecification","dayOfWeek":["Monday","Tuesday","Wednesday","Thursday","Friday","Saturday","Sunday"],"opens":"09:00","closes":"17:00"}]},{"@type":"ImageObject","inLanguage":"en-US","@id":"https:\/\/alprofitconsult.al\/en\/tatime\/sipermarres\/te-veprosh-si-nje-biznes\/tatimi-i-thjeshtuar-mbi-fitimin-e-biznesit-te-vogel\/#local-main-organization-logo","url":"https:\/\/alprofitconsult.al\/wp-content\/uploads\/2022\/10\/logoalprofit.png","contentUrl":"https:\/\/alprofitconsult.al\/wp-content\/uploads\/2022\/10\/logoalprofit.png","width":529,"height":156,"caption":"Alprofit Consult"}]}},"_links":{"self":[{"href":"https:\/\/alprofitconsult.al\/en\/wp-json\/wp\/v2\/pages\/15457","targetHints":{"allow":["GET"]}}],"collection":[{"href":"https:\/\/alprofitconsult.al\/en\/wp-json\/wp\/v2\/pages"}],"about":[{"href":"https:\/\/alprofitconsult.al\/en\/wp-json\/wp\/v2\/types\/page"}],"author":[{"embeddable":true,"href":"https:\/\/alprofitconsult.al\/en\/wp-json\/wp\/v2\/users\/1"}],"replies":[{"embeddable":true,"href":"https:\/\/alprofitconsult.al\/en\/wp-json\/wp\/v2\/comments?post=15457"}],"version-history":[{"count":5,"href":"https:\/\/alprofitconsult.al\/en\/wp-json\/wp\/v2\/pages\/15457\/revisions"}],"predecessor-version":[{"id":19849,"href":"https:\/\/alprofitconsult.al\/en\/wp-json\/wp\/v2\/pages\/15457\/revisions\/19849"}],"up":[{"embeddable":true,"href":"https:\/\/alprofitconsult.al\/en\/wp-json\/wp\/v2\/pages\/15453"}],"wp:featuredmedia":[{"embeddable":true,"href":"https:\/\/alprofitconsult.al\/en\/wp-json\/wp\/v2\/media\/15877"}],"wp:attachment":[{"href":"https:\/\/alprofitconsult.al\/en\/wp-json\/wp\/v2\/media?parent=15457"}],"curies":[{"name":"WordPress","href":"https:\/\/api.w.org\/{rel}","templated":true}]}}