{"id":15461,"date":"2022-10-08T18:35:47","date_gmt":"2022-10-08T18:35:47","guid":{"rendered":"https:\/\/alprofitconsult.al\/?page_id=15461"},"modified":"2022-10-11T22:57:33","modified_gmt":"2022-10-11T22:57:33","slug":"taksa-kombetare","status":"publish","type":"page","link":"https:\/\/alprofitconsult.al\/en\/tatime\/sipermarres\/te-veprosh-si-nje-biznes\/taksa-kombetare\/","title":{"rendered":"Taksa komb\u00ebtare"},"content":{"rendered":"<figure class=\"wp-block-image size-large\"><img loading=\"lazy\" decoding=\"async\" width=\"1024\" height=\"692\" src=\"https:\/\/alprofitconsult.al\/wp-content\/uploads\/2022\/10\/AlProfit-Consult-Taksa-kombetare-1024x692.jpg\" alt=\"\" class=\"wp-image-15926\" srcset=\"https:\/\/alprofitconsult.al\/wp-content\/uploads\/2022\/10\/AlProfit-Consult-Taksa-kombetare-1024x692.jpg 1024w, https:\/\/alprofitconsult.al\/wp-content\/uploads\/2022\/10\/AlProfit-Consult-Taksa-kombetare-300x203.jpg 300w, https:\/\/alprofitconsult.al\/wp-content\/uploads\/2022\/10\/AlProfit-Consult-Taksa-kombetare-150x101.jpg 150w, https:\/\/alprofitconsult.al\/wp-content\/uploads\/2022\/10\/AlProfit-Consult-Taksa-kombetare-768x519.jpg 768w, https:\/\/alprofitconsult.al\/wp-content\/uploads\/2022\/10\/AlProfit-Consult-Taksa-kombetare-1536x1038.jpg 1536w, https:\/\/alprofitconsult.al\/wp-content\/uploads\/2022\/10\/AlProfit-Consult-Taksa-kombetare.jpg 1920w\" sizes=\"auto, (max-width: 1024px) 100vw, 1024px\" \/><\/figure>\n\n\n\n<p>P\u00ebrcaktimi i llojeve t\u00eb taksave dhe tarifave komb\u00ebtare q\u00eb zbatohen n\u00eb Republik\u00ebn e Shqip\u00ebris\u00eb, niveli i taksave komb\u00ebtare, procedurat e llogaritjes, t\u00eb ark\u00ebtimit dhe transferimit n\u00eb Buxhetin e Shtetit ose n\u00eb buxhetin e nj\u00ebsive t\u00eb qeverisjes vendore t\u00eb taksave dhe tarifave komb\u00ebtare, si dhe detyrimet q\u00eb kan\u00eb agjent\u00ebt e taksave dhe tarifave komb\u00ebtare, b\u00ebhen me Ligjin <a href=\"https:\/\/alprofitconsult.al\/wp-content\/uploads\/2022\/10\/LIGJ-Nr.-9975-Dt-28.7.2008-Per-Taksat-Kombetare-i-ndryshuar.pdf\" target=\"_blank\" rel=\"noreferrer noopener\">Nr. 9975, dat\u00eb 28.7.2008 <\/a>\u201cP\u00ebr Taksat Komb\u00ebtare n\u00eb Republik\u00ebn e Shqip\u00ebris\u00eb\u201d, i ndryshuar.<\/p>\n\n\n\n<blockquote class=\"wp-block-quote is-layout-flow wp-block-quote-is-layout-flow\"><p>\u201cTaks\u00eb\u201d \u00ebsht\u00eb pagesa e detyrueshme dhe e pakthyeshme n\u00eb Buxhetin e Shtetit q\u00eb paguhet nga \u00e7do person apo n\u00ebp\u00ebrmjet nj\u00eb agjenti q\u00eb ushtron nj\u00eb t\u00eb drejt\u00eb publike apo p\u00ebrfiton nj\u00eb sh\u00ebrbim publik n\u00eb territorin e Republik\u00ebs s\u00eb Shqip\u00ebris\u00eb.<\/p><\/blockquote>\n\n\n\n<blockquote class=\"wp-block-quote is-layout-flow wp-block-quote-is-layout-flow\"><p>\u201cTarif\u00eb\u201d \u00ebsht\u00eb nj\u00eb pages\u00eb, q\u00eb nj\u00eb individ, person fizik apo juridik, b\u00ebn drejtp\u00ebrdrejt apo n\u00ebp\u00ebrmjet nj\u00eb agjenti tek administrata tatimore q\u00ebndrore. Pagesa b\u00ebhet n\u00eb shk\u00ebmbim t\u00eb nj\u00eb sh\u00ebrbimi specifik t\u00eb marr\u00eb, t\u00eb mir\u00eb publike specifike t\u00eb p\u00ebrdorur apo t\u00eb drejt\u00eb t\u00eb dh\u00ebn\u00eb.<\/p><\/blockquote>\n\n\n\n<p>Taksat komb\u00ebtare jan\u00eb:<\/p>\n\n\n\n<ol class=\"wp-block-list\"><li><a href=\"https:\/\/financa.gov.al\/taksa-portuale\/\" target=\"_blank\" rel=\"noreferrer noopener\">Taksa portuale;<\/a><\/li><li><a href=\"https:\/\/dogana.gov.al\/d\/182\/248\/0\/235\/taksa-te-tjera\" target=\"_blank\" rel=\"noreferrer noopener\">Taksa e qarkullimit p\u00ebr benzin\u00ebn;<\/a><\/li><li><a href=\"https:\/\/www.dpshtrr.al\/llogarit-taksen-online\" target=\"_blank\" rel=\"noreferrer noopener\">Taksa e mjeteve t\u00eb p\u00ebrdorura t\u00eb transportit;<\/a><\/li><li><a href=\"https:\/\/financa.gov.al\/renta-minerale\/\" target=\"_blank\" rel=\"noreferrer noopener\">Taksa e rent\u00ebs minerare;<\/a><\/li><li><a href=\"https:\/\/financa.gov.al\/taksa-e-akteve-dhe-e-pulles\/\" target=\"_blank\" rel=\"noreferrer noopener\">Taksa e akteve dhe e pull\u00ebs;<\/a><\/li><li><a href=\"https:\/\/financa.gov.al\/taksa-e-karbonit-per-benzinen-naften-dhe-gazoilin\/\" target=\"_blank\" rel=\"noreferrer noopener\">Taksa e karbonit p\u00ebr benzin\u00ebn;<\/a><\/li><li><a href=\"https:\/\/financa.gov.al\/taksat-vjetore-per-ushtrimin-e-aktivitetit-te-peshkimit\/\" target=\"_blank\" rel=\"noreferrer noopener\">Taksa e ushtrimit t\u00eb veprimtaris\u00eb s\u00eb peshkimit;<\/a><\/li><li><a href=\"https:\/\/financa.gov.al\/taksat-per-ambalazhet-plastike-dhe-ambalazhet-e-qelqit\/\" target=\"_blank\" rel=\"noreferrer noopener\">Taksa e ambalazheve;<\/a><\/li><li>Taksa mbi t\u00eb drejt\u00ebn e p\u00ebrdorimit t\u00eb truallit shtet\u00ebror n\u00eb p\u00ebrdorim;<\/li><li>Taksa mbi primet e shkruara, me p\u00ebrjashtim t\u00eb primeve t\u00eb sigurimit p\u00ebr produktet e jet\u00ebs, sh\u00ebndetit n\u00eb udh\u00ebtim dhe kartonit jeshil;<\/li><li>Taks\u00eb regjistrimi fillestar dhe taks\u00eb e p\u00ebrvitshme p\u00ebr automjetet luksoze.<\/li><\/ol>\n\n\n\n<p>Sipas llojit t\u00eb taksave komb\u00ebtare, agjent\u00ebt q\u00eb ngarkohen me vjeljen e tyre jan\u00eb si m\u00eb posht\u00eb.<\/p>\n\n\n\n<p>P\u00ebr taksat portuale, kapiteneria e porteve, e cila i vjel k\u00ebto taksa drejtp\u00ebrdrejt ose n\u00ebp\u00ebrmjet agjencive detare, shtet\u00ebrore apo private;<\/p>\n\n\n\n<p>Ngarkohen Drejtoria e P\u00ebrgjithshme e Doganave, n\u00ebp\u00ebrmjet deg\u00ebve t\u00eb doganave n\u00eb rrethe, p\u00ebr taks\u00ebn e qarkullimit p\u00ebr benzin\u00ebn dhe gazoilin e importuar, si dhe Drejtoria e P\u00ebrgjithshme e Tatimeve, n\u00ebp\u00ebrmjet deg\u00ebve t\u00eb saj, p\u00ebr benzin\u00ebn dhe gazoilin e prodhuar n\u00eb vend;<\/p>\n\n\n\n<p>P\u00ebr taks\u00ebn vjetore t\u00eb mjeteve t\u00eb p\u00ebrdorura ngarkohet Drejtoria e P\u00ebrgjithshme e Sh\u00ebrbimeve t\u00eb Transportit Rrugor;<\/p>\n\n\n\n<p>P\u00ebr taks\u00ebn e rent\u00ebs minerare, organet doganore e tatimore;<\/p>\n\n\n\n<p>P\u00ebr taks\u00ebn e akteve dhe t\u00eb pull\u00ebs, zyrat e gjendjes civile;<\/p>\n\n\n\n<p>Ngarkohen Drejtoria e P\u00ebrgjithshme e Doganave, n\u00ebp\u00ebrmjet deg\u00ebve t\u00eb doganave n\u00eb rrethe, p\u00ebr taks\u00ebn e karbonit p\u00ebr benzin\u00ebn, gazoilin, qymyrin, vajgurin, solarin, mazutin dhe koksin e naft\u00ebs e importuar, si dhe Drejtoria e P\u00ebrgjithshme e Tatimeve, n\u00ebp\u00ebrmjet deg\u00ebve t\u00eb saj, p\u00ebr benzin\u00ebn, gazoilin, qymyrin, vajgurin, solarin, mazutin dhe koksin e naft\u00ebs t\u00eb prodhuar n\u00eb vend, n\u00eb baz\u00eb t\u00eb sasive t\u00eb prodhimit;<\/p>\n\n\n\n<p>P\u00ebr taks\u00ebn e ushtrimit t\u00eb veprimtaris\u00eb s\u00eb peshkimit ngarkohet Drejtoria e Politikave t\u00eb Peshkimit dhe deg\u00ebt e saj n\u00eb rrethe;<\/p>\n\n\n\n<p>P\u00ebr taks\u00ebn e ambalazheve nj\u00ebp\u00ebrdorimshme t\u00eb plastik\u00ebs dhe qelqit ngarkohen:<\/p>\n\n\n\n<p>Drejtoria e P\u00ebrgjithshme e Doganave, n\u00ebp\u00ebrmjet deg\u00ebve t\u00eb saj doganore, p\u00ebr vjeljen e k\u00ebsaj takse n\u00eb import;<\/p>\n\n\n\n<p>Drejtoria e P\u00ebrgjithshme e Tatimeve, n\u00ebp\u00ebrmjet drejtorive t\u00eb saj rajonale, p\u00ebr vjeljen e k\u00ebsaj takse p\u00ebr prodhimin vendas;<\/p>\n\n\n\n<p>Drejtoria e P\u00ebrgjithshme e Tatimeve, n\u00ebp\u00ebrmjet drejtorive t\u00eb saj rajonale, ngarkohet me mbledhjen e taks\u00ebs mbi t\u00eb drejt\u00ebn e p\u00ebrdorimit t\u00eb truallit shtet\u00ebror.<\/p>\n\n\n\n<p>Shoq\u00ebrit\u00eb e sigurimit t\u00eb licencuara nga Autoriteti i Mbik\u00ebqyrjes Financiare (AMF) ngarkohen me mbledhjen e taks\u00ebs mbi primet e shkruara.<\/p>\n\n\n\n<p>P\u00ebr taks\u00ebn e regjistrimit fillestar dhe taks\u00ebn e p\u00ebrvitshme p\u00ebr automjetet luksoze ngarkohet Drejtoria e P\u00ebrgjithshme e Sh\u00ebrbimeve t\u00eb Transportit Rrugor.<\/p>\n\n\n\n<p>Source: <a href=\"https:\/\/www.tatime.gov.al\/c\/4\/96\/113\/taksa-kombetare\" target=\"_blank\" rel=\"noreferrer noopener\">General Directorate of Taxes.<\/a><\/p>\n\n\n<div class=\"gdlr-core-widget-box-shortcode\" style=\"color: #ffffff ;background-color: #000014 ;\"  ><h3 class=\"gdlr-core-widget-box-shortcode-title\" style=\"color: #ffffff ;\"  >Do you have a question?<\/h3><div class=\"gdlr-core-widget-box-shortcode-content\" ><p class=\"translation-block\">Do not hesitate to <a href=\"https:\/\/alprofitconsult.al\/en\/contact\/\" target=\"_self\">contact<\/a> us. We are a team of experts and will be happy to speak with you.<\/p>\n<\/div><\/div>","protected":false},"excerpt":{"rendered":"<p>P\u00ebrcaktimi i llojeve t\u00eb taksave dhe tarifave komb\u00ebtare q\u00eb zbatohen n\u00eb Republik\u00ebn e Shqip\u00ebris\u00eb, niveli i taksave komb\u00ebtare, procedurat e llogaritjes, t\u00eb ark\u00ebtimit dhe transferimit n\u00eb Buxhetin e Shtetit ose n\u00eb buxhetin e nj\u00ebsive t\u00eb qeverisjes vendore t\u00eb taksave dhe tarifave komb\u00ebtare, si dhe detyrimet q\u00eb kan\u00eb agjent\u00ebt e taksave dhe tarifave komb\u00ebtare, b\u00ebhen me [&hellip;]<\/p>","protected":false},"author":1,"featured_media":15926,"parent":15453,"menu_order":0,"comment_status":"open","ping_status":"closed","template":"","meta":{"footnotes":""},"class_list":["post-15461","page","type-page","status-publish","has-post-thumbnail","hentry"],"yoast_head":"<!-- This site is optimized with the Yoast SEO plugin v26.5 - https:\/\/yoast.com\/wordpress\/plugins\/seo\/ -->\n<title>Taksa komb\u00ebtare - AlProfit Consult<\/title>\n<meta name=\"robots\" content=\"index, follow, max-snippet:-1, max-image-preview:large, max-video-preview:-1\" \/>\n<link rel=\"canonical\" href=\"https:\/\/alprofitconsult.al\/en\/tatime\/sipermarres\/te-veprosh-si-nje-biznes\/taksa-kombetare\/\" \/>\n<meta property=\"og:locale\" content=\"en_US\" \/>\n<meta property=\"og:type\" content=\"article\" \/>\n<meta property=\"og:title\" content=\"Taksa komb\u00ebtare - AlProfit Consult\" \/>\n<meta property=\"og:description\" content=\"P\u00ebrcaktimi i llojeve t\u00eb taksave dhe tarifave komb\u00ebtare q\u00eb zbatohen n\u00eb Republik\u00ebn e Shqip\u00ebris\u00eb, niveli i taksave komb\u00ebtare, procedurat e llogaritjes, t\u00eb ark\u00ebtimit dhe transferimit n\u00eb Buxhetin e Shtetit ose n\u00eb buxhetin e nj\u00ebsive t\u00eb qeverisjes vendore t\u00eb taksave dhe tarifave komb\u00ebtare, si dhe detyrimet q\u00eb kan\u00eb agjent\u00ebt e taksave dhe tarifave komb\u00ebtare, b\u00ebhen me [&hellip;]\" \/>\n<meta property=\"og:url\" content=\"https:\/\/alprofitconsult.al\/en\/tatime\/sipermarres\/te-veprosh-si-nje-biznes\/taksa-kombetare\/\" \/>\n<meta property=\"og:site_name\" content=\"AlProfit Consult\" \/>\n<meta property=\"article:publisher\" content=\"https:\/\/www.facebook.com\/AlProfitConsult\/\" \/>\n<meta property=\"article:modified_time\" content=\"2022-10-11T22:57:33+00:00\" \/>\n<meta property=\"og:image\" content=\"https:\/\/alprofitconsult.al\/wp-content\/uploads\/2022\/10\/AlProfit-Consult-Taksa-kombetare.jpg\" \/>\n\t<meta property=\"og:image:width\" content=\"1920\" \/>\n\t<meta property=\"og:image:height\" content=\"1297\" \/>\n\t<meta property=\"og:image:type\" content=\"image\/jpeg\" \/>\n<meta name=\"twitter:card\" content=\"summary_large_image\" \/>\n<meta name=\"twitter:site\" content=\"@AlProfitConsult\" \/>\n<meta name=\"twitter:label1\" content=\"Est. reading time\" \/>\n\t<meta name=\"twitter:data1\" content=\"3 minutes\" \/>\n<script type=\"application\/ld+json\" class=\"yoast-schema-graph\">{\"@context\":\"https:\/\/schema.org\",\"@graph\":[{\"@type\":\"WebPage\",\"@id\":\"https:\/\/alprofitconsult.al\/en\/tatime\/sipermarres\/te-veprosh-si-nje-biznes\/taksa-kombetare\/\",\"url\":\"https:\/\/alprofitconsult.al\/en\/tatime\/sipermarres\/te-veprosh-si-nje-biznes\/taksa-kombetare\/\",\"name\":\"Taksa komb\u00ebtare - AlProfit Consult\",\"isPartOf\":{\"@id\":\"https:\/\/alprofitconsult.al\/#website\"},\"primaryImageOfPage\":{\"@id\":\"https:\/\/alprofitconsult.al\/en\/tatime\/sipermarres\/te-veprosh-si-nje-biznes\/taksa-kombetare\/#primaryimage\"},\"image\":{\"@id\":\"https:\/\/alprofitconsult.al\/en\/tatime\/sipermarres\/te-veprosh-si-nje-biznes\/taksa-kombetare\/#primaryimage\"},\"thumbnailUrl\":\"https:\/\/alprofitconsult.al\/wp-content\/uploads\/2022\/10\/AlProfit-Consult-Taksa-kombetare.jpg\",\"datePublished\":\"2022-10-08T18:35:47+00:00\",\"dateModified\":\"2022-10-11T22:57:33+00:00\",\"breadcrumb\":{\"@id\":\"https:\/\/alprofitconsult.al\/en\/tatime\/sipermarres\/te-veprosh-si-nje-biznes\/taksa-kombetare\/#breadcrumb\"},\"inLanguage\":\"en-US\",\"potentialAction\":[{\"@type\":\"ReadAction\",\"target\":[\"https:\/\/alprofitconsult.al\/en\/tatime\/sipermarres\/te-veprosh-si-nje-biznes\/taksa-kombetare\/\"]}]},{\"@type\":\"ImageObject\",\"inLanguage\":\"en-US\",\"@id\":\"https:\/\/alprofitconsult.al\/en\/tatime\/sipermarres\/te-veprosh-si-nje-biznes\/taksa-kombetare\/#primaryimage\",\"url\":\"https:\/\/alprofitconsult.al\/wp-content\/uploads\/2022\/10\/AlProfit-Consult-Taksa-kombetare.jpg\",\"contentUrl\":\"https:\/\/alprofitconsult.al\/wp-content\/uploads\/2022\/10\/AlProfit-Consult-Taksa-kombetare.jpg\",\"width\":1920,\"height\":1297},{\"@type\":\"BreadcrumbList\",\"@id\":\"https:\/\/alprofitconsult.al\/en\/tatime\/sipermarres\/te-veprosh-si-nje-biznes\/taksa-kombetare\/#breadcrumb\",\"itemListElement\":[{\"@type\":\"ListItem\",\"position\":1,\"name\":\"Kryefaqe\",\"item\":\"https:\/\/alprofitconsult.al\/\"},{\"@type\":\"ListItem\",\"position\":2,\"name\":\"Legjislacioni tatimor\",\"item\":\"https:\/\/alprofitconsult.al\/en\/tatime\/\"},{\"@type\":\"ListItem\",\"position\":3,\"name\":\"Sip\u00ebrmarr\u00ebs\",\"item\":\"https:\/\/alprofitconsult.al\/en\/tatime\/sipermarres\/\"},{\"@type\":\"ListItem\",\"position\":4,\"name\":\"T\u00eb veprosh si nj\u00eb biznes\",\"item\":\"https:\/\/alprofitconsult.al\/en\/tatime\/sipermarres\/te-veprosh-si-nje-biznes\/\"},{\"@type\":\"ListItem\",\"position\":5,\"name\":\"Taksa komb\u00ebtare\"}]},{\"@type\":\"WebSite\",\"@id\":\"https:\/\/alprofitconsult.al\/#website\",\"url\":\"https:\/\/alprofitconsult.al\/\",\"name\":\"AlProfit Consult\",\"description\":\"Zyr\u00eb Kontabiliteti\",\"publisher\":{\"@id\":\"https:\/\/alprofitconsult.al\/#organization\"},\"potentialAction\":[{\"@type\":\"SearchAction\",\"target\":{\"@type\":\"EntryPoint\",\"urlTemplate\":\"https:\/\/alprofitconsult.al\/?s={search_term_string}\"},\"query-input\":{\"@type\":\"PropertyValueSpecification\",\"valueRequired\":true,\"valueName\":\"search_term_string\"}}],\"inLanguage\":\"en-US\"},{\"@type\":\"Organization\",\"@id\":\"https:\/\/alprofitconsult.al\/#organization\",\"name\":\"Alprofit Consult\",\"url\":\"https:\/\/alprofitconsult.al\/\",\"logo\":{\"@type\":\"ImageObject\",\"inLanguage\":\"en-US\",\"@id\":\"https:\/\/alprofitconsult.al\/#\/schema\/logo\/image\/\",\"url\":\"https:\/\/alprofitconsult.al\/wp-content\/uploads\/2022\/10\/logoalprofit.png\",\"contentUrl\":\"https:\/\/alprofitconsult.al\/wp-content\/uploads\/2022\/10\/logoalprofit.png\",\"width\":529,\"height\":156,\"caption\":\"Alprofit Consult\"},\"image\":{\"@id\":\"https:\/\/alprofitconsult.al\/#\/schema\/logo\/image\/\"},\"sameAs\":[\"https:\/\/www.facebook.com\/AlProfitConsult\/\",\"https:\/\/x.com\/AlProfitConsult\",\"https:\/\/www.linkedin.com\/company\/andi-haxhillari\/\",\"https:\/\/www.pinterest.com\/AlProfitConsult\/\",\"https:\/\/www.youtube.com\/channel\/UCZ5Gfntn161Nla3g1XdRldA\",\"https:\/\/sq.wikipedia.org\/wiki\/P\u00ebrdoruesi:Andi25~sqwiki\"]}]}<\/script>\n<!-- \/ Yoast SEO plugin. -->","yoast_head_json":{"title":"Taksa komb\u00ebtare - AlProfit Consult","robots":{"index":"index","follow":"follow","max-snippet":"max-snippet:-1","max-image-preview":"max-image-preview:large","max-video-preview":"max-video-preview:-1"},"canonical":"https:\/\/alprofitconsult.al\/en\/tatime\/sipermarres\/te-veprosh-si-nje-biznes\/taksa-kombetare\/","og_locale":"en_US","og_type":"article","og_title":"Taksa komb\u00ebtare - AlProfit Consult","og_description":"P\u00ebrcaktimi i llojeve t\u00eb taksave dhe tarifave komb\u00ebtare q\u00eb zbatohen n\u00eb Republik\u00ebn e Shqip\u00ebris\u00eb, niveli i taksave komb\u00ebtare, procedurat e llogaritjes, t\u00eb ark\u00ebtimit dhe transferimit n\u00eb Buxhetin e Shtetit ose n\u00eb buxhetin e nj\u00ebsive t\u00eb qeverisjes vendore t\u00eb taksave dhe tarifave komb\u00ebtare, si dhe detyrimet q\u00eb kan\u00eb agjent\u00ebt e taksave dhe tarifave komb\u00ebtare, b\u00ebhen me [&hellip;]","og_url":"https:\/\/alprofitconsult.al\/en\/tatime\/sipermarres\/te-veprosh-si-nje-biznes\/taksa-kombetare\/","og_site_name":"AlProfit Consult","article_publisher":"https:\/\/www.facebook.com\/AlProfitConsult\/","article_modified_time":"2022-10-11T22:57:33+00:00","og_image":[{"width":1920,"height":1297,"url":"https:\/\/alprofitconsult.al\/wp-content\/uploads\/2022\/10\/AlProfit-Consult-Taksa-kombetare.jpg","type":"image\/jpeg"}],"twitter_card":"summary_large_image","twitter_site":"@AlProfitConsult","twitter_misc":{"Est. reading time":"3 minutes"},"schema":{"@context":"https:\/\/schema.org","@graph":[{"@type":"WebPage","@id":"https:\/\/alprofitconsult.al\/en\/tatime\/sipermarres\/te-veprosh-si-nje-biznes\/taksa-kombetare\/","url":"https:\/\/alprofitconsult.al\/en\/tatime\/sipermarres\/te-veprosh-si-nje-biznes\/taksa-kombetare\/","name":"Taksa komb\u00ebtare - AlProfit Consult","isPartOf":{"@id":"https:\/\/alprofitconsult.al\/#website"},"primaryImageOfPage":{"@id":"https:\/\/alprofitconsult.al\/en\/tatime\/sipermarres\/te-veprosh-si-nje-biznes\/taksa-kombetare\/#primaryimage"},"image":{"@id":"https:\/\/alprofitconsult.al\/en\/tatime\/sipermarres\/te-veprosh-si-nje-biznes\/taksa-kombetare\/#primaryimage"},"thumbnailUrl":"https:\/\/alprofitconsult.al\/wp-content\/uploads\/2022\/10\/AlProfit-Consult-Taksa-kombetare.jpg","datePublished":"2022-10-08T18:35:47+00:00","dateModified":"2022-10-11T22:57:33+00:00","breadcrumb":{"@id":"https:\/\/alprofitconsult.al\/en\/tatime\/sipermarres\/te-veprosh-si-nje-biznes\/taksa-kombetare\/#breadcrumb"},"inLanguage":"en-US","potentialAction":[{"@type":"ReadAction","target":["https:\/\/alprofitconsult.al\/en\/tatime\/sipermarres\/te-veprosh-si-nje-biznes\/taksa-kombetare\/"]}]},{"@type":"ImageObject","inLanguage":"en-US","@id":"https:\/\/alprofitconsult.al\/en\/tatime\/sipermarres\/te-veprosh-si-nje-biznes\/taksa-kombetare\/#primaryimage","url":"https:\/\/alprofitconsult.al\/wp-content\/uploads\/2022\/10\/AlProfit-Consult-Taksa-kombetare.jpg","contentUrl":"https:\/\/alprofitconsult.al\/wp-content\/uploads\/2022\/10\/AlProfit-Consult-Taksa-kombetare.jpg","width":1920,"height":1297},{"@type":"BreadcrumbList","@id":"https:\/\/alprofitconsult.al\/en\/tatime\/sipermarres\/te-veprosh-si-nje-biznes\/taksa-kombetare\/#breadcrumb","itemListElement":[{"@type":"ListItem","position":1,"name":"Kryefaqe","item":"https:\/\/alprofitconsult.al\/"},{"@type":"ListItem","position":2,"name":"Legjislacioni tatimor","item":"https:\/\/alprofitconsult.al\/en\/tatime\/"},{"@type":"ListItem","position":3,"name":"Sip\u00ebrmarr\u00ebs","item":"https:\/\/alprofitconsult.al\/en\/tatime\/sipermarres\/"},{"@type":"ListItem","position":4,"name":"T\u00eb veprosh si nj\u00eb biznes","item":"https:\/\/alprofitconsult.al\/en\/tatime\/sipermarres\/te-veprosh-si-nje-biznes\/"},{"@type":"ListItem","position":5,"name":"Taksa komb\u00ebtare"}]},{"@type":"WebSite","@id":"https:\/\/alprofitconsult.al\/#website","url":"https:\/\/alprofitconsult.al\/","name":"AlProfit Consult","description":"Zyr\u00eb Kontabiliteti","publisher":{"@id":"https:\/\/alprofitconsult.al\/#organization"},"potentialAction":[{"@type":"SearchAction","target":{"@type":"EntryPoint","urlTemplate":"https:\/\/alprofitconsult.al\/?s={search_term_string}"},"query-input":{"@type":"PropertyValueSpecification","valueRequired":true,"valueName":"search_term_string"}}],"inLanguage":"en-US"},{"@type":"Organization","@id":"https:\/\/alprofitconsult.al\/#organization","name":"Alprofit Consult","url":"https:\/\/alprofitconsult.al\/","logo":{"@type":"ImageObject","inLanguage":"en-US","@id":"https:\/\/alprofitconsult.al\/#\/schema\/logo\/image\/","url":"https:\/\/alprofitconsult.al\/wp-content\/uploads\/2022\/10\/logoalprofit.png","contentUrl":"https:\/\/alprofitconsult.al\/wp-content\/uploads\/2022\/10\/logoalprofit.png","width":529,"height":156,"caption":"Alprofit Consult"},"image":{"@id":"https:\/\/alprofitconsult.al\/#\/schema\/logo\/image\/"},"sameAs":["https:\/\/www.facebook.com\/AlProfitConsult\/","https:\/\/x.com\/AlProfitConsult","https:\/\/www.linkedin.com\/company\/andi-haxhillari\/","https:\/\/www.pinterest.com\/AlProfitConsult\/","https:\/\/www.youtube.com\/channel\/UCZ5Gfntn161Nla3g1XdRldA","https:\/\/sq.wikipedia.org\/wiki\/P\u00ebrdoruesi:Andi25~sqwiki"]}]}},"_links":{"self":[{"href":"https:\/\/alprofitconsult.al\/en\/wp-json\/wp\/v2\/pages\/15461","targetHints":{"allow":["GET"]}}],"collection":[{"href":"https:\/\/alprofitconsult.al\/en\/wp-json\/wp\/v2\/pages"}],"about":[{"href":"https:\/\/alprofitconsult.al\/en\/wp-json\/wp\/v2\/types\/page"}],"author":[{"embeddable":true,"href":"https:\/\/alprofitconsult.al\/en\/wp-json\/wp\/v2\/users\/1"}],"replies":[{"embeddable":true,"href":"https:\/\/alprofitconsult.al\/en\/wp-json\/wp\/v2\/comments?post=15461"}],"version-history":[{"count":2,"href":"https:\/\/alprofitconsult.al\/en\/wp-json\/wp\/v2\/pages\/15461\/revisions"}],"predecessor-version":[{"id":15927,"href":"https:\/\/alprofitconsult.al\/en\/wp-json\/wp\/v2\/pages\/15461\/revisions\/15927"}],"up":[{"embeddable":true,"href":"https:\/\/alprofitconsult.al\/en\/wp-json\/wp\/v2\/pages\/15453"}],"wp:featuredmedia":[{"embeddable":true,"href":"https:\/\/alprofitconsult.al\/en\/wp-json\/wp\/v2\/media\/15926"}],"wp:attachment":[{"href":"https:\/\/alprofitconsult.al\/en\/wp-json\/wp\/v2\/media?parent=15461"}],"curies":[{"name":"wp","href":"https:\/\/api.w.org\/{rel}","templated":true}]}}