{"id":15466,"date":"2022-10-08T18:35:49","date_gmt":"2022-10-08T18:35:49","guid":{"rendered":"https:\/\/alprofitconsult.al\/?page_id=15466"},"modified":"2022-10-22T11:17:32","modified_gmt":"2022-10-22T11:17:32","slug":"taxpayer-financial-difficulties-entrepreneurs","status":"publish","type":"page","link":"https:\/\/alprofitconsult.al\/en\/tatime\/sipermarres\/deklarimi-dhe-pagesa-2\/veshtiresite-financiare-te-tatimpaguesve-sipermarres\/","title":{"rendered":"Financial Distress"},"content":{"rendered":"<div class=\"yoast-breadcrumbs\"><span><span><a href=\"https:\/\/alprofitconsult.al\/en\/\">Home<\/a><\/span> | <span><a href=\"https:\/\/alprofitconsult.al\/en\/tatime\/\">Tax legislation<\/a><\/span> | <span><a href=\"https:\/\/alprofitconsult.al\/en\/tatime\/sipermarres\/\">Entrepreneur<\/a><\/span> | <span><a href=\"https:\/\/alprofitconsult.al\/en\/tatime\/sipermarres\/deklarimi-dhe-pagesa-2\/\">Declaration and Payment for Businesses<\/a><\/span> | <span class=\"breadcrumb_last\" aria-current=\"page\">Financial Distress<\/span><\/span><\/div>\n\n\n<p><\/p>\n\n\n\n<figure class=\"wp-block-image size-large\"><img loading=\"lazy\" decoding=\"async\" width=\"1024\" height=\"683\" src=\"https:\/\/alprofitconsult.al\/wp-content\/uploads\/2022\/10\/AlProfit-Consult-Veshtiresite-financiare-te-tatimpaguesve-sipermarres-1024x683.jpg\" alt=\"\" class=\"wp-image-15951\" srcset=\"https:\/\/alprofitconsult.al\/wp-content\/uploads\/2022\/10\/AlProfit-Consult-Veshtiresite-financiare-te-tatimpaguesve-sipermarres-1024x683.jpg 1024w, https:\/\/alprofitconsult.al\/wp-content\/uploads\/2022\/10\/AlProfit-Consult-Veshtiresite-financiare-te-tatimpaguesve-sipermarres-300x200.jpg 300w, https:\/\/alprofitconsult.al\/wp-content\/uploads\/2022\/10\/AlProfit-Consult-Veshtiresite-financiare-te-tatimpaguesve-sipermarres-150x100.jpg 150w, https:\/\/alprofitconsult.al\/wp-content\/uploads\/2022\/10\/AlProfit-Consult-Veshtiresite-financiare-te-tatimpaguesve-sipermarres-768x512.jpg 768w, https:\/\/alprofitconsult.al\/wp-content\/uploads\/2022\/10\/AlProfit-Consult-Veshtiresite-financiare-te-tatimpaguesve-sipermarres-1536x1025.jpg 1536w, https:\/\/alprofitconsult.al\/wp-content\/uploads\/2022\/10\/AlProfit-Consult-Veshtiresite-financiare-te-tatimpaguesve-sipermarres.jpg 1920w\" sizes=\"auto, (max-width: 1024px) 100vw, 1024px\" \/><\/figure>\n\n\n\n<p>The solvency of enterprises may be limited for a variety of reasons, including temporary commercial issues as well as changes in the economic sector or beyond. The Tax Administration will review taxpayer cases individually, analyzing and including every influencing factor in the taxpayer\u2019s history, as well as providing more detail for each type of unpaid tax. <\/p>\n\n\n\n<blockquote class=\"wp-block-quote is-layout-flow wp-block-quote-is-layout-flow\"><p>When a financial circumstance prevents a taxpayer from paying tax liabilities on time, they may be allowed to enter into an installment payment agreement at any time. <\/p><\/blockquote>\n\n\n\n<p>Simultaneously, the taxpayer must prove that they are in a state of financial inability to pay the tax liability in full and demonstrate that, despite the financial circumstances, they are able to fulfill the agreement. <\/p>\n\n\n\n<p>The tax administration cannot enter into an installment payment agreement if the auction procedure for the sale of confiscated assets for that outstanding tax liability has already commenced. <\/p>\n\n\n\n<p>The request must be made in writing and addressed to the director of the regional directorate or the head of a similar unit in the regional directorate where the taxpayer is registered.<\/p>\n\n\n\n<p>The request must be made within 15 days from the date the assessment notice is considered received. The installment payment agreement is made in writing, within 10 calendar days from the date of submission of the request, and is signed by the taxpayer and the director of the regional directorate or the head of a similar unit. <\/p>\n\n\n\n<figure class=\"wp-block-pullquote\"><blockquote><p>To sign an installment payment agreement, the taxpayer is obliged to immediately pay at least 20% of the value of the liability for which the agreement is being made.<\/p><\/blockquote><\/figure>\n\n\n\n<p>The installment payment agreement is concluded for a period starting from the date of signing until the end of the next calendar year following the moment the agreement is drafted. Upon signing an installment payment agreement for a tax liability, late payment interest (overdue interest) continues to be paid on the tax liability, but late payment penalties are not calculated.<\/p>\n\n\n\n<p>The director of the regional tax directorate, when the taxable person's request is unsubstantiated and unjustified by the circumstances, may refuse the request for an installment payment agreement or may require a bank guarantee before entering into such an agreement.<\/p>\n\n\n\n<p>The guarantee must be provided by one of the banks of which the taxable person requesting the installment payment is a client. In this case, the bank issuing the guarantee becomes the guarantor for the taxable person's liability.<\/p>\n\n\n\n<p>Once the taxable person presents the document of this guarantee, the director of the regional tax directorate may agree to sign the installment payment agreement for the unpaid tax liabilities.<\/p>\n\n\n\n<p>The installment payment agreement may be terminated by the tax administration at the earliest moment the taxable person fails to comply with it regarding the regularity of payments, as well as when they fail to pay other tax liabilities arising during the period covered by the agreement.<\/p>\n\n\n\n<p>In this case, the taxable person is obliged to pay all unpaid tax liabilities covered by this agreement within 30 calendar days from the date of receiving the decision to terminate the agreement. If these liabilities are not paid, the tax administration shall collect the debts in accordance with the legal provisions.<\/p>\n\n\n\n<p>Source: <a href=\"https:\/\/www.tatime.gov.al\/c\/4\/106\/120\/veshtiresite-financiare\" target=\"_blank\" rel=\"noreferrer noopener\">General Directorate of Taxes.<\/a><\/p>\n\n\n<div class=\"gdlr-core-widget-box-shortcode\" style=\"color: #ffffff ;background-color: #000014 ;\"  ><h3 class=\"gdlr-core-widget-box-shortcode-title\" style=\"color: #ffffff ;\"  >Do you have a question?<\/h3><div class=\"gdlr-core-widget-box-shortcode-content\" ><p class=\"translation-block\">Do not hesitate to <a href=\"https:\/\/alprofitconsult.al\/en\/contact\/\" target=\"_self\">contact<\/a> us. We are a team of experts and will be happy to speak with you.<\/p>\n<\/div><\/div>","protected":false},"excerpt":{"rendered":"<p>Aft\u00ebsia paguese n\u00eb rastin e sip\u00ebrmarrjeve mund t\u00eb kufizohet p\u00ebr nj\u00eb s\u00ebr\u00eb arsyesh, duke p\u00ebrfshir\u00eb probleme t\u00eb p\u00ebrkohshme tregtare si dhe ndryshimet n\u00eb sektorin ekonomik apo m\u00eb gjer\u00eb. Administrata Tatimore do t\u00eb shqyrtoj\u00eb rastet e tatimpaguesve ve\u00e7 e ve\u00e7, duke analizuar dhe p\u00ebrfshir\u00eb \u00e7do faktor ndikues n\u00eb historikun e tatimpaguesit, si dhe m\u00eb n\u00eb detaj [&hellip;]<\/p>\n","protected":false},"author":1,"featured_media":15951,"parent":15463,"menu_order":0,"comment_status":"open","ping_status":"closed","template":"","meta":{"footnotes":""},"class_list":["post-15466","page","type-page","status-publish","has-post-thumbnail","hentry"],"yoast_head":"<!-- This site is optimized with the Yoast SEO plugin v26.5 - https:\/\/yoast.com\/wordpress\/plugins\/seo\/ -->\n<title>V\u00ebshtir\u00ebsit\u00eb financiare - AlProfit Consult<\/title>\n<meta name=\"robots\" content=\"index, follow, max-snippet:-1, max-image-preview:large, max-video-preview:-1\" \/>\n<link rel=\"canonical\" href=\"https:\/\/alprofitconsult.al\/en\/taxes\/contractor\/declaration-and-payment-2\/taxpayer-financial-difficulties-entrepreneurs\/\" \/>\n<meta property=\"og:locale\" content=\"en_US\" \/>\n<meta property=\"og:type\" content=\"article\" \/>\n<meta property=\"og:title\" content=\"V\u00ebshtir\u00ebsit\u00eb financiare - AlProfit Consult\" \/>\n<meta property=\"og:description\" content=\"Aft\u00ebsia paguese n\u00eb rastin e sip\u00ebrmarrjeve mund t\u00eb kufizohet p\u00ebr nj\u00eb s\u00ebr\u00eb arsyesh, duke p\u00ebrfshir\u00eb probleme t\u00eb p\u00ebrkohshme tregtare si dhe ndryshimet n\u00eb sektorin ekonomik apo m\u00eb gjer\u00eb. Administrata Tatimore do t\u00eb shqyrtoj\u00eb rastet e tatimpaguesve ve\u00e7 e ve\u00e7, duke analizuar dhe p\u00ebrfshir\u00eb \u00e7do faktor ndikues n\u00eb historikun e tatimpaguesit, si dhe m\u00eb n\u00eb detaj [&hellip;]\" \/>\n<meta property=\"og:url\" content=\"https:\/\/alprofitconsult.al\/en\/taxes\/contractor\/declaration-and-payment-2\/taxpayer-financial-difficulties-entrepreneurs\/\" \/>\n<meta property=\"og:site_name\" content=\"AlProfit Consult\" \/>\n<meta property=\"article:publisher\" content=\"https:\/\/www.facebook.com\/AlProfitConsult\/\" \/>\n<meta property=\"article:modified_time\" content=\"2022-10-22T11:17:32+00:00\" \/>\n<meta property=\"og:image\" content=\"https:\/\/alprofitconsult.al\/wp-content\/uploads\/2022\/10\/AlProfit-Consult-Veshtiresite-financiare-te-tatimpaguesve-sipermarres.jpg\" \/>\n\t<meta property=\"og:image:width\" content=\"1920\" \/>\n\t<meta property=\"og:image:height\" content=\"1281\" \/>\n\t<meta property=\"og:image:type\" content=\"image\/jpeg\" \/>\n<meta name=\"twitter:card\" content=\"summary_large_image\" \/>\n<meta name=\"twitter:site\" content=\"@AlProfitConsult\" \/>\n<meta name=\"twitter:label1\" content=\"Est. reading time\" \/>\n\t<meta name=\"twitter:data1\" content=\"3 minutes\" \/>\n<script type=\"application\/ld+json\" class=\"yoast-schema-graph\">{\"@context\":\"https:\/\/schema.org\",\"@graph\":[{\"@type\":\"WebPage\",\"@id\":\"https:\/\/alprofitconsult.al\/en\/tatime\/sipermarres\/deklarimi-dhe-pagesa-2\/veshtiresite-financiare-te-tatimpaguesve-sipermarres\/\",\"url\":\"https:\/\/alprofitconsult.al\/en\/tatime\/sipermarres\/deklarimi-dhe-pagesa-2\/veshtiresite-financiare-te-tatimpaguesve-sipermarres\/\",\"name\":\"V\u00ebshtir\u00ebsit\u00eb financiare - AlProfit Consult\",\"isPartOf\":{\"@id\":\"https:\/\/alprofitconsult.al\/#website\"},\"primaryImageOfPage\":{\"@id\":\"https:\/\/alprofitconsult.al\/en\/tatime\/sipermarres\/deklarimi-dhe-pagesa-2\/veshtiresite-financiare-te-tatimpaguesve-sipermarres\/#primaryimage\"},\"image\":{\"@id\":\"https:\/\/alprofitconsult.al\/en\/tatime\/sipermarres\/deklarimi-dhe-pagesa-2\/veshtiresite-financiare-te-tatimpaguesve-sipermarres\/#primaryimage\"},\"thumbnailUrl\":\"https:\/\/alprofitconsult.al\/wp-content\/uploads\/2022\/10\/AlProfit-Consult-Veshtiresite-financiare-te-tatimpaguesve-sipermarres.jpg\",\"datePublished\":\"2022-10-08T18:35:49+00:00\",\"dateModified\":\"2022-10-22T11:17:32+00:00\",\"breadcrumb\":{\"@id\":\"https:\/\/alprofitconsult.al\/en\/tatime\/sipermarres\/deklarimi-dhe-pagesa-2\/veshtiresite-financiare-te-tatimpaguesve-sipermarres\/#breadcrumb\"},\"inLanguage\":\"en-US\",\"potentialAction\":[{\"@type\":\"ReadAction\",\"target\":[\"https:\/\/alprofitconsult.al\/en\/tatime\/sipermarres\/deklarimi-dhe-pagesa-2\/veshtiresite-financiare-te-tatimpaguesve-sipermarres\/\"]}]},{\"@type\":\"ImageObject\",\"inLanguage\":\"en-US\",\"@id\":\"https:\/\/alprofitconsult.al\/en\/tatime\/sipermarres\/deklarimi-dhe-pagesa-2\/veshtiresite-financiare-te-tatimpaguesve-sipermarres\/#primaryimage\",\"url\":\"https:\/\/alprofitconsult.al\/wp-content\/uploads\/2022\/10\/AlProfit-Consult-Veshtiresite-financiare-te-tatimpaguesve-sipermarres.jpg\",\"contentUrl\":\"https:\/\/alprofitconsult.al\/wp-content\/uploads\/2022\/10\/AlProfit-Consult-Veshtiresite-financiare-te-tatimpaguesve-sipermarres.jpg\",\"width\":1920,\"height\":1281},{\"@type\":\"BreadcrumbList\",\"@id\":\"https:\/\/alprofitconsult.al\/en\/tatime\/sipermarres\/deklarimi-dhe-pagesa-2\/veshtiresite-financiare-te-tatimpaguesve-sipermarres\/#breadcrumb\",\"itemListElement\":[{\"@type\":\"ListItem\",\"position\":1,\"name\":\"Kryefaqe\",\"item\":\"https:\/\/alprofitconsult.al\/\"},{\"@type\":\"ListItem\",\"position\":2,\"name\":\"Legjislacioni tatimor\",\"item\":\"https:\/\/alprofitconsult.al\/en\/tatime\/\"},{\"@type\":\"ListItem\",\"position\":3,\"name\":\"Sip\u00ebrmarr\u00ebs\",\"item\":\"https:\/\/alprofitconsult.al\/en\/tatime\/sipermarres\/\"},{\"@type\":\"ListItem\",\"position\":4,\"name\":\"Deklarimi dhe pagesa p\u00ebr bizneset\",\"item\":\"https:\/\/alprofitconsult.al\/en\/tatime\/sipermarres\/deklarimi-dhe-pagesa-2\/\"},{\"@type\":\"ListItem\",\"position\":5,\"name\":\"V\u00ebshtir\u00ebsit\u00eb financiare\"}]},{\"@type\":\"WebSite\",\"@id\":\"https:\/\/alprofitconsult.al\/#website\",\"url\":\"https:\/\/alprofitconsult.al\/\",\"name\":\"AlProfit Consult\",\"description\":\"Zyr\u00eb Kontabiliteti\",\"publisher\":{\"@id\":\"https:\/\/alprofitconsult.al\/#organization\"},\"potentialAction\":[{\"@type\":\"SearchAction\",\"target\":{\"@type\":\"EntryPoint\",\"urlTemplate\":\"https:\/\/alprofitconsult.al\/?s={search_term_string}\"},\"query-input\":{\"@type\":\"PropertyValueSpecification\",\"valueRequired\":true,\"valueName\":\"search_term_string\"}}],\"inLanguage\":\"en-US\"},{\"@type\":\"Organization\",\"@id\":\"https:\/\/alprofitconsult.al\/#organization\",\"name\":\"Alprofit Consult\",\"url\":\"https:\/\/alprofitconsult.al\/\",\"logo\":{\"@type\":\"ImageObject\",\"inLanguage\":\"en-US\",\"@id\":\"https:\/\/alprofitconsult.al\/#\/schema\/logo\/image\/\",\"url\":\"https:\/\/alprofitconsult.al\/wp-content\/uploads\/2022\/10\/logoalprofit.png\",\"contentUrl\":\"https:\/\/alprofitconsult.al\/wp-content\/uploads\/2022\/10\/logoalprofit.png\",\"width\":529,\"height\":156,\"caption\":\"Alprofit Consult\"},\"image\":{\"@id\":\"https:\/\/alprofitconsult.al\/#\/schema\/logo\/image\/\"},\"sameAs\":[\"https:\/\/www.facebook.com\/AlProfitConsult\/\",\"https:\/\/x.com\/AlProfitConsult\",\"https:\/\/www.linkedin.com\/company\/andi-haxhillari\/\",\"https:\/\/www.pinterest.com\/AlProfitConsult\/\",\"https:\/\/www.youtube.com\/channel\/UCZ5Gfntn161Nla3g1XdRldA\",\"https:\/\/sq.wikipedia.org\/wiki\/P\u00ebrdoruesi:Andi25~sqwiki\"]}]}<\/script>\n<!-- \/ Yoast SEO plugin. -->","yoast_head_json":{"title":"Financial Difficulties - AlProfit Consult","robots":{"index":"index","follow":"follow","max-snippet":"max-snippet:-1","max-image-preview":"max-image-preview:large","max-video-preview":"max-video-preview:-1"},"canonical":"https:\/\/alprofitconsult.al\/en\/taxes\/contractor\/declaration-and-payment-2\/taxpayer-financial-difficulties-entrepreneurs\/","og_locale":"en_US","og_type":"article","og_title":"V\u00ebshtir\u00ebsit\u00eb financiare - AlProfit Consult","og_description":"Aft\u00ebsia paguese n\u00eb rastin e sip\u00ebrmarrjeve mund t\u00eb kufizohet p\u00ebr nj\u00eb s\u00ebr\u00eb arsyesh, duke p\u00ebrfshir\u00eb probleme t\u00eb p\u00ebrkohshme tregtare si dhe ndryshimet n\u00eb sektorin ekonomik apo m\u00eb gjer\u00eb. Administrata Tatimore do t\u00eb shqyrtoj\u00eb rastet e tatimpaguesve ve\u00e7 e ve\u00e7, duke analizuar dhe p\u00ebrfshir\u00eb \u00e7do faktor ndikues n\u00eb historikun e tatimpaguesit, si dhe m\u00eb n\u00eb detaj [&hellip;]","og_url":"https:\/\/alprofitconsult.al\/en\/taxes\/contractor\/declaration-and-payment-2\/taxpayer-financial-difficulties-entrepreneurs\/","og_site_name":"AlProfit Consult","article_publisher":"https:\/\/www.facebook.com\/AlProfitConsult\/","article_modified_time":"2022-10-22T11:17:32+00:00","og_image":[{"width":1920,"height":1281,"url":"https:\/\/alprofitconsult.al\/wp-content\/uploads\/2022\/10\/AlProfit-Consult-Veshtiresite-financiare-te-tatimpaguesve-sipermarres.jpg","type":"image\/jpeg"}],"twitter_card":"summary_large_image","twitter_site":"@AlProfitConsult","twitter_misc":{"Est. reading time":"3 minutes"},"schema":{"@context":"https:\/\/schema.org","@graph":[{"@type":"WebPage","@id":"https:\/\/alprofitconsult.al\/en\/tatime\/sipermarres\/deklarimi-dhe-pagesa-2\/veshtiresite-financiare-te-tatimpaguesve-sipermarres\/","url":"https:\/\/alprofitconsult.al\/en\/tatime\/sipermarres\/deklarimi-dhe-pagesa-2\/veshtiresite-financiare-te-tatimpaguesve-sipermarres\/","name":"Financial Difficulties - AlProfit Consult","isPartOf":{"@id":"https:\/\/alprofitconsult.al\/#website"},"primaryImageOfPage":{"@id":"https:\/\/alprofitconsult.al\/en\/tatime\/sipermarres\/deklarimi-dhe-pagesa-2\/veshtiresite-financiare-te-tatimpaguesve-sipermarres\/#primaryimage"},"image":{"@id":"https:\/\/alprofitconsult.al\/en\/tatime\/sipermarres\/deklarimi-dhe-pagesa-2\/veshtiresite-financiare-te-tatimpaguesve-sipermarres\/#primaryimage"},"thumbnailUrl":"https:\/\/alprofitconsult.al\/wp-content\/uploads\/2022\/10\/AlProfit-Consult-Veshtiresite-financiare-te-tatimpaguesve-sipermarres.jpg","datePublished":"2022-10-08T18:35:49+00:00","dateModified":"2022-10-22T11:17:32+00:00","breadcrumb":{"@id":"https:\/\/alprofitconsult.al\/en\/tatime\/sipermarres\/deklarimi-dhe-pagesa-2\/veshtiresite-financiare-te-tatimpaguesve-sipermarres\/#breadcrumb"},"inLanguage":"en-US","potentialAction":[{"@type":"ReadAction","target":["https:\/\/alprofitconsult.al\/en\/tatime\/sipermarres\/deklarimi-dhe-pagesa-2\/veshtiresite-financiare-te-tatimpaguesve-sipermarres\/"]}]},{"@type":"ImageObject","inLanguage":"en-US","@id":"https:\/\/alprofitconsult.al\/en\/tatime\/sipermarres\/deklarimi-dhe-pagesa-2\/veshtiresite-financiare-te-tatimpaguesve-sipermarres\/#primaryimage","url":"https:\/\/alprofitconsult.al\/wp-content\/uploads\/2022\/10\/AlProfit-Consult-Veshtiresite-financiare-te-tatimpaguesve-sipermarres.jpg","contentUrl":"https:\/\/alprofitconsult.al\/wp-content\/uploads\/2022\/10\/AlProfit-Consult-Veshtiresite-financiare-te-tatimpaguesve-sipermarres.jpg","width":1920,"height":1281},{"@type":"BreadcrumbList","@id":"https:\/\/alprofitconsult.al\/en\/tatime\/sipermarres\/deklarimi-dhe-pagesa-2\/veshtiresite-financiare-te-tatimpaguesve-sipermarres\/#breadcrumb","itemListElement":[{"@type":"ListItem","position":1,"name":"Kryefaqe","item":"https:\/\/alprofitconsult.al\/"},{"@type":"ListItem","position":2,"name":"Legjislacioni tatimor","item":"https:\/\/alprofitconsult.al\/en\/tatime\/"},{"@type":"ListItem","position":3,"name":"Sip\u00ebrmarr\u00ebs","item":"https:\/\/alprofitconsult.al\/en\/tatime\/sipermarres\/"},{"@type":"ListItem","position":4,"name":"Deklarimi dhe pagesa p\u00ebr bizneset","item":"https:\/\/alprofitconsult.al\/en\/tatime\/sipermarres\/deklarimi-dhe-pagesa-2\/"},{"@type":"ListItem","position":5,"name":"V\u00ebshtir\u00ebsit\u00eb financiare"}]},{"@type":"WebSite","@id":"https:\/\/alprofitconsult.al\/#website","url":"https:\/\/alprofitconsult.al\/","name":"AlProfit Consult","description":"Accounting Office","publisher":{"@id":"https:\/\/alprofitconsult.al\/#organization"},"potentialAction":[{"@type":"SearchAction","target":{"@type":"EntryPoint","urlTemplate":"https:\/\/alprofitconsult.al\/?s={search_term_string}"},"query-input":{"@type":"PropertyValueSpecification","valueRequired":true,"valueName":"search_term_string"}}],"inLanguage":"en-US"},{"@type":"Organization","@id":"https:\/\/alprofitconsult.al\/#organization","name":"Alprofit Consult","url":"https:\/\/alprofitconsult.al\/","logo":{"@type":"ImageObject","inLanguage":"en-US","@id":"https:\/\/alprofitconsult.al\/#\/schema\/logo\/image\/","url":"https:\/\/alprofitconsult.al\/wp-content\/uploads\/2022\/10\/logoalprofit.png","contentUrl":"https:\/\/alprofitconsult.al\/wp-content\/uploads\/2022\/10\/logoalprofit.png","width":529,"height":156,"caption":"Alprofit Consult"},"image":{"@id":"https:\/\/alprofitconsult.al\/#\/schema\/logo\/image\/"},"sameAs":["https:\/\/www.facebook.com\/AlProfitConsult\/","https:\/\/x.com\/AlProfitConsult","https:\/\/www.linkedin.com\/company\/andi-haxhillari\/","https:\/\/www.pinterest.com\/AlProfitConsult\/","https:\/\/www.youtube.com\/channel\/UCZ5Gfntn161Nla3g1XdRldA","https:\/\/sq.wikipedia.org\/wiki\/P\u00ebrdoruesi:Andi25~sqwiki"]}]}},"_links":{"self":[{"href":"https:\/\/alprofitconsult.al\/en\/wp-json\/wp\/v2\/pages\/15466","targetHints":{"allow":["GET"]}}],"collection":[{"href":"https:\/\/alprofitconsult.al\/en\/wp-json\/wp\/v2\/pages"}],"about":[{"href":"https:\/\/alprofitconsult.al\/en\/wp-json\/wp\/v2\/types\/page"}],"author":[{"embeddable":true,"href":"https:\/\/alprofitconsult.al\/en\/wp-json\/wp\/v2\/users\/1"}],"replies":[{"embeddable":true,"href":"https:\/\/alprofitconsult.al\/en\/wp-json\/wp\/v2\/comments?post=15466"}],"version-history":[{"count":5,"href":"https:\/\/alprofitconsult.al\/en\/wp-json\/wp\/v2\/pages\/15466\/revisions"}],"predecessor-version":[{"id":17105,"href":"https:\/\/alprofitconsult.al\/en\/wp-json\/wp\/v2\/pages\/15466\/revisions\/17105"}],"up":[{"embeddable":true,"href":"https:\/\/alprofitconsult.al\/en\/wp-json\/wp\/v2\/pages\/15463"}],"wp:featuredmedia":[{"embeddable":true,"href":"https:\/\/alprofitconsult.al\/en\/wp-json\/wp\/v2\/media\/15951"}],"wp:attachment":[{"href":"https:\/\/alprofitconsult.al\/en\/wp-json\/wp\/v2\/media?parent=15466"}],"curies":[{"name":"wp","href":"https:\/\/api.w.org\/{rel}","templated":true}]}}