{"id":15468,"date":"2022-10-08T18:35:49","date_gmt":"2022-10-08T18:35:49","guid":{"rendered":"https:\/\/alprofitconsult.al\/?page_id=15468"},"modified":"2022-10-22T11:18:12","modified_gmt":"2022-10-22T11:18:12","slug":"reimbursement","status":"publish","type":"page","link":"https:\/\/alprofitconsult.al\/en\/tatime\/sipermarres\/deklarimi-dhe-pagesa-2\/rimbursimi\/","title":{"rendered":"Refund"},"content":{"rendered":"<div class=\"yoast-breadcrumbs\"><span><span><a href=\"https:\/\/alprofitconsult.al\/en\/\">Home<\/a><\/span> | <span><a href=\"https:\/\/alprofitconsult.al\/en\/tatime\/\">Tax legislation<\/a><\/span> | <span><a href=\"https:\/\/alprofitconsult.al\/en\/tatime\/sipermarres\/\">Entrepreneur<\/a><\/span> | <span><a href=\"https:\/\/alprofitconsult.al\/en\/tatime\/sipermarres\/deklarimi-dhe-pagesa-2\/\">Declaration and Payment for Businesses<\/a><\/span> | <span class=\"breadcrumb_last\" aria-current=\"page\">Refund<\/span><\/span><\/div>\n\n\n<p><\/p>\n\n\n\n<figure class=\"wp-block-image size-large\"><img loading=\"lazy\" decoding=\"async\" width=\"1024\" height=\"576\" src=\"https:\/\/alprofitconsult.al\/wp-content\/uploads\/2022\/10\/AlProfit-Consult-Rimbursimi-1024x576.jpg\" alt=\"\" class=\"wp-image-15957\" srcset=\"https:\/\/alprofitconsult.al\/wp-content\/uploads\/2022\/10\/AlProfit-Consult-Rimbursimi-1024x576.jpg 1024w, https:\/\/alprofitconsult.al\/wp-content\/uploads\/2022\/10\/AlProfit-Consult-Rimbursimi-300x169.jpg 300w, https:\/\/alprofitconsult.al\/wp-content\/uploads\/2022\/10\/AlProfit-Consult-Rimbursimi-150x84.jpg 150w, https:\/\/alprofitconsult.al\/wp-content\/uploads\/2022\/10\/AlProfit-Consult-Rimbursimi-768x432.jpg 768w, https:\/\/alprofitconsult.al\/wp-content\/uploads\/2022\/10\/AlProfit-Consult-Rimbursimi-1536x864.jpg 1536w, https:\/\/alprofitconsult.al\/wp-content\/uploads\/2022\/10\/AlProfit-Consult-Rimbursimi.jpg 1920w\" sizes=\"auto, (max-width: 1024px) 100vw, 1024px\" \/><\/figure>\n\n\n\n<p>Taxable persons registered for VAT who have a credit balance exceeding 400,000 ALL are entitled to submit a request for a VAT refund to the VAT Reimbursement Directorate at the General Directorate of Taxes. <\/p>\n\n\n\n<p>The request must be submitted using the approved form, \"Request for VAT Refund\". This can be completed:\n\nOnline via the official portal.\n\nOfficially (in person\/hard copy) at the VAT Reimbursement Directorate at the General Directorate of Taxes.<\/p>\n\n\n\n<p>The VAT Reimbursement Directorate, in cooperation with the Regional Tax Directorate where the taxpayer is registered, will verify the taxpayer's status and approve the credit balance as refundable. <\/p>\n\n\n\n<p>If the refund request is fully or partially rejected following an audit, the taxable person will be notified by the Regional Tax Directorate. This notification is issued via a Tax Assessment Notice, in accordance with Law <a href=\"https:\/\/alprofitconsult.al\/wp-content\/uploads\/2020\/09\/Ligj-Nr.9920-dat\u00eb-19.05.2008-P\u00ebr-pro\u00e7edurat-tatimore-n\u00eb-Republik\u00ebn-e-Shqip\u00ebris\u00eb-i-ndryshuar.pdf\" target=\"_blank\" rel=\"noreferrer noopener\">No. 9920, dated May 19, 2008<\/a>, \"On Tax Procedures in the Republic of Albania.\"<\/p>\n\n\n\n<p>The taxpayer's right to request a refund of a credit balance expires 5 years after the submission date of the tax return, as specified in the relevant tax legislation.<\/p>\n\n\n\n<p class=\"has-drop-cap\">A.VAT Refunds for Non-Exporting Taxpayers <\/p>\n\n\n\n<blockquote class=\"wp-block-quote is-layout-flow wp-block-quote-is-layout-flow\"><p>Legal Criteria for Eligibility:\nTo qualify for a refund, non-exporting taxpayers must maintain a deductible VAT credit balance exceeding 400,000 ALL, carried forward for three consecutive tax periods.<\/p><\/blockquote>\n\n\n\n<p>VAT refunds are processed through the Treasury System within 60 days from the date the request is submitted. This process follows the regulations established by the Instruction of the Minister of Finance.\n\nAll refund requests are subject to the standard refund procedure, which includes a mandatory Refund Risk Analysis.<\/p>\n\n\n\n<p class=\"has-drop-cap\">B.Refunds for Exporting Taxpayers <\/p>\n\n\n\n<blockquote class=\"wp-block-quote is-layout-flow wp-block-quote-is-layout-flow\"><p>(Legal criteria to be met: Deductible VAT exceeding 400,000 ALL)<\/p><\/blockquote>\n\n\n\n<ol class=\"wp-block-list\"><li>Exporting taxpayers or taxable persons re-exporting non-Albanian goods under the Inward Processing Regime are eligible for automatic reimbursement within 30 days, provided they meet the following conditions:<\/li><\/ol>\n\n\n\n<ul class=\"wp-block-list\"><li>Export Volume: The value of exports in the requested period(s) exceeds 70% of total sales.<\/li><li>Activity Duration: Have been active in exporting for more than 1 year.<\/li><li>Documentation: Provide the Customs Export Declaration as proof, issued according to Albanian customs legislation.<\/li><li>Compliance: Have no outstanding social and health insurance contribution debts.<\/li><\/ul>\n\n\n\n<p>Taxpayers classified as \"Zero-Risk\" are eligible for automatic reimbursement within 30 days from the date the VAT refund request is submitted.<\/p>\n\n\n\n<ol class=\"wp-block-list\" start=\"2\"><li>Exporting taxpayers whose export value, carried out during the tax period(s) for which the refund is requested, accounts for more than 50% up to 70% of the total value of sales, including exports, shall be reimbursed within 30 days from the date of submission of the VAT refund request, subject to a prior risk analysis procedure. The risk analysis may result in the taxpayer having to undergo a tax audit process. However, the entire procedure, including the audit, shall be completed within 30 days from the date of submission of the request. Otherwise, within the 30-day deadline from the date of submission of the refund request, the VAT refund is carried out through the Treasury system.<\/li><li>All other taxable persons who carry out exports, but are not classified in points 1 and 2 above, shall be reimbursed within 60 days from the date of submission of the request for refund, subject to the risk analysis procedure.<\/li><\/ol>\n\n\n\n<p>In case of non-reimbursement of the approved amount for refund, the taxable person has the right to non-payment of other tax liabilities in the amount of the VAT claimed for refund.<\/p>\n\n\n\n<p>If a refund, which should have been carried out by the tax administration, is not performed within the above-mentioned deadlines, the tax administration shall pay late interest on the overpaid amount, as follows:<\/p>\n\n\n\n<ul class=\"wp-block-list\"><li>When an overpaid amount is credited against another tax liability, the late interest is paid starting from the date of the overpayment until the payment deadline of the tax against which the credit is made;<\/li><li>When an overpaid amount is reimbursed, the late interest is paid for the period from 30 days after the overpayment is made until the reimbursement is carried out.<\/li><\/ul>\n\n\n\n<p>Source: <a href=\"https:\/\/www.tatime.gov.al\/c\/4\/106\/123\/rimbursimi\" target=\"_blank\" rel=\"noreferrer noopener\">General Directorate of Taxes.<\/a><\/p>\n\n\n<div class=\"gdlr-core-widget-box-shortcode\" style=\"color: #ffffff ;background-color: #000014 ;\"  ><h3 class=\"gdlr-core-widget-box-shortcode-title\" style=\"color: #ffffff ;\"  >Do you have a question?<\/h3><div class=\"gdlr-core-widget-box-shortcode-content\" ><p class=\"translation-block\">Do not hesitate to <a href=\"https:\/\/alprofitconsult.al\/en\/contact\/\" target=\"_self\">contact<\/a> us. We are a team of experts and will be happy to speak with you.<\/p>\n<\/div><\/div>","protected":false},"excerpt":{"rendered":"<p>Personat e tatuesh\u00ebm, t\u00eb regjistruar p\u00ebr TVSH-n\u00eb, q\u00eb rezultojn\u00eb me tepric\u00eb kreditore mbi 400.000 mij\u00eb lek\u00eb, kan\u00eb t\u00eb drejt\u00eb t\u00eb paraqesin k\u00ebrkes\u00ebn p\u00ebr rimbursimin e TVSH-s\u00eb pran\u00eb Drejtoris\u00eb s\u00eb Rimbursimit t\u00eb TVSH-s\u00eb n\u00eb Drejtorin\u00eb e P\u00ebrgjithshme t\u00eb Tatimeve. Kjo k\u00ebrkes\u00eb paraqitet sipas formularit t\u00eb miratuar \u201cK\u00ebrkes\u00eb p\u00ebr rimbursimin e TVSH-s\u00eb\u201d (online si dhe zyrtarisht pran\u00eb [&hellip;]<\/p>\n","protected":false},"author":1,"featured_media":15957,"parent":15463,"menu_order":0,"comment_status":"closed","ping_status":"closed","template":"","meta":{"footnotes":""},"class_list":["post-15468","page","type-page","status-publish","has-post-thumbnail","hentry"],"yoast_head":"<!-- This site is optimized with the Yoast SEO plugin v26.5 - https:\/\/yoast.com\/wordpress\/plugins\/seo\/ -->\n<title>Rimbursimi - AlProfit Consult<\/title>\n<meta name=\"robots\" content=\"index, follow, max-snippet:-1, max-image-preview:large, max-video-preview:-1\" \/>\n<link rel=\"canonical\" href=\"https:\/\/alprofitconsult.al\/en\/taxes\/contractor\/declaration-and-payment-2\/reimbursement\/\" \/>\n<meta property=\"og:locale\" content=\"en_US\" \/>\n<meta property=\"og:type\" content=\"article\" \/>\n<meta property=\"og:title\" content=\"Rimbursimi - AlProfit Consult\" \/>\n<meta property=\"og:description\" content=\"Personat e tatuesh\u00ebm, t\u00eb regjistruar p\u00ebr TVSH-n\u00eb, q\u00eb rezultojn\u00eb me tepric\u00eb kreditore mbi 400.000 mij\u00eb lek\u00eb, kan\u00eb t\u00eb drejt\u00eb t\u00eb paraqesin k\u00ebrkes\u00ebn p\u00ebr rimbursimin e TVSH-s\u00eb pran\u00eb Drejtoris\u00eb s\u00eb Rimbursimit t\u00eb TVSH-s\u00eb n\u00eb Drejtorin\u00eb e P\u00ebrgjithshme t\u00eb Tatimeve. Kjo k\u00ebrkes\u00eb paraqitet sipas formularit t\u00eb miratuar \u201cK\u00ebrkes\u00eb p\u00ebr rimbursimin e TVSH-s\u00eb\u201d (online si dhe zyrtarisht pran\u00eb [&hellip;]\" \/>\n<meta property=\"og:url\" content=\"https:\/\/alprofitconsult.al\/en\/taxes\/contractor\/declaration-and-payment-2\/reimbursement\/\" \/>\n<meta property=\"og:site_name\" content=\"AlProfit Consult\" \/>\n<meta property=\"article:publisher\" content=\"https:\/\/www.facebook.com\/AlProfitConsult\/\" \/>\n<meta property=\"article:modified_time\" content=\"2022-10-22T11:18:12+00:00\" \/>\n<meta property=\"og:image\" content=\"https:\/\/alprofitconsult.al\/wp-content\/uploads\/2022\/10\/AlProfit-Consult-Rimbursimi.jpg\" \/>\n\t<meta property=\"og:image:width\" content=\"1920\" \/>\n\t<meta property=\"og:image:height\" content=\"1080\" \/>\n\t<meta property=\"og:image:type\" content=\"image\/jpeg\" \/>\n<meta name=\"twitter:card\" content=\"summary_large_image\" \/>\n<meta name=\"twitter:site\" content=\"@AlProfitConsult\" \/>\n<meta name=\"twitter:label1\" content=\"Est. reading time\" \/>\n\t<meta name=\"twitter:data1\" content=\"4 minutes\" \/>\n<script type=\"application\/ld+json\" class=\"yoast-schema-graph\">{\"@context\":\"https:\/\/schema.org\",\"@graph\":[{\"@type\":\"WebPage\",\"@id\":\"https:\/\/alprofitconsult.al\/en\/tatime\/sipermarres\/deklarimi-dhe-pagesa-2\/rimbursimi\/\",\"url\":\"https:\/\/alprofitconsult.al\/en\/tatime\/sipermarres\/deklarimi-dhe-pagesa-2\/rimbursimi\/\",\"name\":\"Rimbursimi - AlProfit Consult\",\"isPartOf\":{\"@id\":\"https:\/\/alprofitconsult.al\/#website\"},\"primaryImageOfPage\":{\"@id\":\"https:\/\/alprofitconsult.al\/en\/tatime\/sipermarres\/deklarimi-dhe-pagesa-2\/rimbursimi\/#primaryimage\"},\"image\":{\"@id\":\"https:\/\/alprofitconsult.al\/en\/tatime\/sipermarres\/deklarimi-dhe-pagesa-2\/rimbursimi\/#primaryimage\"},\"thumbnailUrl\":\"https:\/\/alprofitconsult.al\/wp-content\/uploads\/2022\/10\/AlProfit-Consult-Rimbursimi.jpg\",\"datePublished\":\"2022-10-08T18:35:49+00:00\",\"dateModified\":\"2022-10-22T11:18:12+00:00\",\"breadcrumb\":{\"@id\":\"https:\/\/alprofitconsult.al\/en\/tatime\/sipermarres\/deklarimi-dhe-pagesa-2\/rimbursimi\/#breadcrumb\"},\"inLanguage\":\"en-US\",\"potentialAction\":[{\"@type\":\"ReadAction\",\"target\":[\"https:\/\/alprofitconsult.al\/en\/tatime\/sipermarres\/deklarimi-dhe-pagesa-2\/rimbursimi\/\"]}]},{\"@type\":\"ImageObject\",\"inLanguage\":\"en-US\",\"@id\":\"https:\/\/alprofitconsult.al\/en\/tatime\/sipermarres\/deklarimi-dhe-pagesa-2\/rimbursimi\/#primaryimage\",\"url\":\"https:\/\/alprofitconsult.al\/wp-content\/uploads\/2022\/10\/AlProfit-Consult-Rimbursimi.jpg\",\"contentUrl\":\"https:\/\/alprofitconsult.al\/wp-content\/uploads\/2022\/10\/AlProfit-Consult-Rimbursimi.jpg\",\"width\":1920,\"height\":1080},{\"@type\":\"BreadcrumbList\",\"@id\":\"https:\/\/alprofitconsult.al\/en\/tatime\/sipermarres\/deklarimi-dhe-pagesa-2\/rimbursimi\/#breadcrumb\",\"itemListElement\":[{\"@type\":\"ListItem\",\"position\":1,\"name\":\"Kryefaqe\",\"item\":\"https:\/\/alprofitconsult.al\/\"},{\"@type\":\"ListItem\",\"position\":2,\"name\":\"Legjislacioni tatimor\",\"item\":\"https:\/\/alprofitconsult.al\/en\/tatime\/\"},{\"@type\":\"ListItem\",\"position\":3,\"name\":\"Sip\u00ebrmarr\u00ebs\",\"item\":\"https:\/\/alprofitconsult.al\/en\/tatime\/sipermarres\/\"},{\"@type\":\"ListItem\",\"position\":4,\"name\":\"Deklarimi dhe pagesa p\u00ebr bizneset\",\"item\":\"https:\/\/alprofitconsult.al\/en\/tatime\/sipermarres\/deklarimi-dhe-pagesa-2\/\"},{\"@type\":\"ListItem\",\"position\":5,\"name\":\"Rimbursimi\"}]},{\"@type\":\"WebSite\",\"@id\":\"https:\/\/alprofitconsult.al\/#website\",\"url\":\"https:\/\/alprofitconsult.al\/\",\"name\":\"AlProfit Consult\",\"description\":\"Zyr\u00eb Kontabiliteti\",\"publisher\":{\"@id\":\"https:\/\/alprofitconsult.al\/#organization\"},\"potentialAction\":[{\"@type\":\"SearchAction\",\"target\":{\"@type\":\"EntryPoint\",\"urlTemplate\":\"https:\/\/alprofitconsult.al\/?s={search_term_string}\"},\"query-input\":{\"@type\":\"PropertyValueSpecification\",\"valueRequired\":true,\"valueName\":\"search_term_string\"}}],\"inLanguage\":\"en-US\"},{\"@type\":\"Organization\",\"@id\":\"https:\/\/alprofitconsult.al\/#organization\",\"name\":\"Alprofit Consult\",\"url\":\"https:\/\/alprofitconsult.al\/\",\"logo\":{\"@type\":\"ImageObject\",\"inLanguage\":\"en-US\",\"@id\":\"https:\/\/alprofitconsult.al\/#\/schema\/logo\/image\/\",\"url\":\"https:\/\/alprofitconsult.al\/wp-content\/uploads\/2022\/10\/logoalprofit.png\",\"contentUrl\":\"https:\/\/alprofitconsult.al\/wp-content\/uploads\/2022\/10\/logoalprofit.png\",\"width\":529,\"height\":156,\"caption\":\"Alprofit Consult\"},\"image\":{\"@id\":\"https:\/\/alprofitconsult.al\/#\/schema\/logo\/image\/\"},\"sameAs\":[\"https:\/\/www.facebook.com\/AlProfitConsult\/\",\"https:\/\/x.com\/AlProfitConsult\",\"https:\/\/www.linkedin.com\/company\/andi-haxhillari\/\",\"https:\/\/www.pinterest.com\/AlProfitConsult\/\",\"https:\/\/www.youtube.com\/channel\/UCZ5Gfntn161Nla3g1XdRldA\",\"https:\/\/sq.wikipedia.org\/wiki\/P\u00ebrdoruesi:Andi25~sqwiki\"]}]}<\/script>\n<!-- \/ Yoast SEO plugin. -->","yoast_head_json":{"title":"Reimbursement - AlProfit Consult","robots":{"index":"index","follow":"follow","max-snippet":"max-snippet:-1","max-image-preview":"max-image-preview:large","max-video-preview":"max-video-preview:-1"},"canonical":"https:\/\/alprofitconsult.al\/en\/taxes\/contractor\/declaration-and-payment-2\/reimbursement\/","og_locale":"en_US","og_type":"article","og_title":"Rimbursimi - AlProfit Consult","og_description":"Personat e tatuesh\u00ebm, t\u00eb regjistruar p\u00ebr TVSH-n\u00eb, q\u00eb rezultojn\u00eb me tepric\u00eb kreditore mbi 400.000 mij\u00eb lek\u00eb, kan\u00eb t\u00eb drejt\u00eb t\u00eb paraqesin k\u00ebrkes\u00ebn p\u00ebr rimbursimin e TVSH-s\u00eb pran\u00eb Drejtoris\u00eb s\u00eb Rimbursimit t\u00eb TVSH-s\u00eb n\u00eb Drejtorin\u00eb e P\u00ebrgjithshme t\u00eb Tatimeve. Kjo k\u00ebrkes\u00eb paraqitet sipas formularit t\u00eb miratuar \u201cK\u00ebrkes\u00eb p\u00ebr rimbursimin e TVSH-s\u00eb\u201d (online si dhe zyrtarisht pran\u00eb [&hellip;]","og_url":"https:\/\/alprofitconsult.al\/en\/taxes\/contractor\/declaration-and-payment-2\/reimbursement\/","og_site_name":"AlProfit Consult","article_publisher":"https:\/\/www.facebook.com\/AlProfitConsult\/","article_modified_time":"2022-10-22T11:18:12+00:00","og_image":[{"width":1920,"height":1080,"url":"https:\/\/alprofitconsult.al\/wp-content\/uploads\/2022\/10\/AlProfit-Consult-Rimbursimi.jpg","type":"image\/jpeg"}],"twitter_card":"summary_large_image","twitter_site":"@AlProfitConsult","twitter_misc":{"Est. reading time":"4 minutes"},"schema":{"@context":"https:\/\/schema.org","@graph":[{"@type":"WebPage","@id":"https:\/\/alprofitconsult.al\/en\/tatime\/sipermarres\/deklarimi-dhe-pagesa-2\/rimbursimi\/","url":"https:\/\/alprofitconsult.al\/en\/tatime\/sipermarres\/deklarimi-dhe-pagesa-2\/rimbursimi\/","name":"Reimbursement - AlProfit Consult","isPartOf":{"@id":"https:\/\/alprofitconsult.al\/#website"},"primaryImageOfPage":{"@id":"https:\/\/alprofitconsult.al\/en\/tatime\/sipermarres\/deklarimi-dhe-pagesa-2\/rimbursimi\/#primaryimage"},"image":{"@id":"https:\/\/alprofitconsult.al\/en\/tatime\/sipermarres\/deklarimi-dhe-pagesa-2\/rimbursimi\/#primaryimage"},"thumbnailUrl":"https:\/\/alprofitconsult.al\/wp-content\/uploads\/2022\/10\/AlProfit-Consult-Rimbursimi.jpg","datePublished":"2022-10-08T18:35:49+00:00","dateModified":"2022-10-22T11:18:12+00:00","breadcrumb":{"@id":"https:\/\/alprofitconsult.al\/en\/tatime\/sipermarres\/deklarimi-dhe-pagesa-2\/rimbursimi\/#breadcrumb"},"inLanguage":"en-US","potentialAction":[{"@type":"ReadAction","target":["https:\/\/alprofitconsult.al\/en\/tatime\/sipermarres\/deklarimi-dhe-pagesa-2\/rimbursimi\/"]}]},{"@type":"ImageObject","inLanguage":"en-US","@id":"https:\/\/alprofitconsult.al\/en\/tatime\/sipermarres\/deklarimi-dhe-pagesa-2\/rimbursimi\/#primaryimage","url":"https:\/\/alprofitconsult.al\/wp-content\/uploads\/2022\/10\/AlProfit-Consult-Rimbursimi.jpg","contentUrl":"https:\/\/alprofitconsult.al\/wp-content\/uploads\/2022\/10\/AlProfit-Consult-Rimbursimi.jpg","width":1920,"height":1080},{"@type":"BreadcrumbList","@id":"https:\/\/alprofitconsult.al\/en\/tatime\/sipermarres\/deklarimi-dhe-pagesa-2\/rimbursimi\/#breadcrumb","itemListElement":[{"@type":"ListItem","position":1,"name":"Kryefaqe","item":"https:\/\/alprofitconsult.al\/"},{"@type":"ListItem","position":2,"name":"Legjislacioni tatimor","item":"https:\/\/alprofitconsult.al\/en\/tatime\/"},{"@type":"ListItem","position":3,"name":"Sip\u00ebrmarr\u00ebs","item":"https:\/\/alprofitconsult.al\/en\/tatime\/sipermarres\/"},{"@type":"ListItem","position":4,"name":"Deklarimi dhe pagesa p\u00ebr bizneset","item":"https:\/\/alprofitconsult.al\/en\/tatime\/sipermarres\/deklarimi-dhe-pagesa-2\/"},{"@type":"ListItem","position":5,"name":"Rimbursimi"}]},{"@type":"WebSite","@id":"https:\/\/alprofitconsult.al\/#website","url":"https:\/\/alprofitconsult.al\/","name":"AlProfit Consult","description":"Accounting Office","publisher":{"@id":"https:\/\/alprofitconsult.al\/#organization"},"potentialAction":[{"@type":"SearchAction","target":{"@type":"EntryPoint","urlTemplate":"https:\/\/alprofitconsult.al\/?s={search_term_string}"},"query-input":{"@type":"PropertyValueSpecification","valueRequired":true,"valueName":"search_term_string"}}],"inLanguage":"en-US"},{"@type":"Organization","@id":"https:\/\/alprofitconsult.al\/#organization","name":"Alprofit Consult","url":"https:\/\/alprofitconsult.al\/","logo":{"@type":"ImageObject","inLanguage":"en-US","@id":"https:\/\/alprofitconsult.al\/#\/schema\/logo\/image\/","url":"https:\/\/alprofitconsult.al\/wp-content\/uploads\/2022\/10\/logoalprofit.png","contentUrl":"https:\/\/alprofitconsult.al\/wp-content\/uploads\/2022\/10\/logoalprofit.png","width":529,"height":156,"caption":"Alprofit Consult"},"image":{"@id":"https:\/\/alprofitconsult.al\/#\/schema\/logo\/image\/"},"sameAs":["https:\/\/www.facebook.com\/AlProfitConsult\/","https:\/\/x.com\/AlProfitConsult","https:\/\/www.linkedin.com\/company\/andi-haxhillari\/","https:\/\/www.pinterest.com\/AlProfitConsult\/","https:\/\/www.youtube.com\/channel\/UCZ5Gfntn161Nla3g1XdRldA","https:\/\/sq.wikipedia.org\/wiki\/P\u00ebrdoruesi:Andi25~sqwiki"]}]}},"_links":{"self":[{"href":"https:\/\/alprofitconsult.al\/en\/wp-json\/wp\/v2\/pages\/15468","targetHints":{"allow":["GET"]}}],"collection":[{"href":"https:\/\/alprofitconsult.al\/en\/wp-json\/wp\/v2\/pages"}],"about":[{"href":"https:\/\/alprofitconsult.al\/en\/wp-json\/wp\/v2\/types\/page"}],"author":[{"embeddable":true,"href":"https:\/\/alprofitconsult.al\/en\/wp-json\/wp\/v2\/users\/1"}],"replies":[{"embeddable":true,"href":"https:\/\/alprofitconsult.al\/en\/wp-json\/wp\/v2\/comments?post=15468"}],"version-history":[{"count":5,"href":"https:\/\/alprofitconsult.al\/en\/wp-json\/wp\/v2\/pages\/15468\/revisions"}],"predecessor-version":[{"id":17107,"href":"https:\/\/alprofitconsult.al\/en\/wp-json\/wp\/v2\/pages\/15468\/revisions\/17107"}],"up":[{"embeddable":true,"href":"https:\/\/alprofitconsult.al\/en\/wp-json\/wp\/v2\/pages\/15463"}],"wp:featuredmedia":[{"embeddable":true,"href":"https:\/\/alprofitconsult.al\/en\/wp-json\/wp\/v2\/media\/15957"}],"wp:attachment":[{"href":"https:\/\/alprofitconsult.al\/en\/wp-json\/wp\/v2\/media?parent=15468"}],"curies":[{"name":"wp","href":"https:\/\/api.w.org\/{rel}","templated":true}]}}