{"id":16017,"date":"2022-10-13T14:16:36","date_gmt":"2022-10-13T14:16:36","guid":{"rendered":"https:\/\/alprofitconsult.al\/?page_id=16017"},"modified":"2024-11-30T21:04:41","modified_gmt":"2024-11-30T21:04:41","slug":"registration","status":"publish","type":"page","link":"https:\/\/alprofitconsult.al\/en\/tatime\/organizata-jofitimprurese\/cikli-i-jetes-ojf\/regjistrimi\/","title":{"rendered":"Registration of NPOs and Similar Organizations"},"content":{"rendered":"<div class=\"yoast-breadcrumbs\"><span><span><a href=\"https:\/\/alprofitconsult.al\/en\/\">Home<\/a><\/span> | <span><a href=\"https:\/\/alprofitconsult.al\/en\/tatime\/\">Tax legislation<\/a><\/span> | <span><a href=\"https:\/\/alprofitconsult.al\/en\/tatime\/organizata-jofitimprurese\/\">Non-Profit Organization and Public Entities<\/a><\/span> | <span><a href=\"https:\/\/alprofitconsult.al\/en\/tatime\/organizata-jofitimprurese\/cikli-i-jetes-ojf\/\">Life Cycle: Non-Profit Organizations<\/a><\/span> | <span class=\"breadcrumb_last\" aria-current=\"page\">Registration of NPOs and Similar Organizations<\/span><\/span><\/div>\n\n\n<p><\/p>\n\n\n\n<figure class=\"wp-block-image size-large\"><img loading=\"lazy\" decoding=\"async\" width=\"1024\" height=\"683\" src=\"https:\/\/alprofitconsult.al\/wp-content\/uploads\/2022\/10\/AlProfit-Consult-Regjistrimi-OJF-1024x683.jpg\" alt=\"\" class=\"wp-image-16921\" srcset=\"https:\/\/alprofitconsult.al\/wp-content\/uploads\/2022\/10\/AlProfit-Consult-Regjistrimi-OJF-1024x683.jpg 1024w, https:\/\/alprofitconsult.al\/wp-content\/uploads\/2022\/10\/AlProfit-Consult-Regjistrimi-OJF-300x200.jpg 300w, https:\/\/alprofitconsult.al\/wp-content\/uploads\/2022\/10\/AlProfit-Consult-Regjistrimi-OJF-150x100.jpg 150w, https:\/\/alprofitconsult.al\/wp-content\/uploads\/2022\/10\/AlProfit-Consult-Regjistrimi-OJF-768x512.jpg 768w, https:\/\/alprofitconsult.al\/wp-content\/uploads\/2022\/10\/AlProfit-Consult-Regjistrimi-OJF-1536x1024.jpg 1536w, https:\/\/alprofitconsult.al\/wp-content\/uploads\/2022\/10\/AlProfit-Consult-Regjistrimi-OJF.jpg 1920w\" sizes=\"auto, (max-width: 1024px) 100vw, 1024px\" \/><\/figure>\n\n\n\n<p><\/p>\n\n\n\n<p>Non-profit organizations are registered with the tax administration after having previously completed their registration in accordance with the relevant legislation (Establishment, Court Registration, and Special Licenses if required).<\/p>\n\n\n\n<p>According to Instruction <a href=\"https:\/\/www.tatime.gov.al\/shkarko.php?id=9953\" target=\"_blank\" rel=\"noreferrer noopener\">No. 24, dated 02.09.2008<\/a> , \u201cOn Tax Procedures in the Republic of Albania,\u201d the documentation required for registration with the tax administration is as follows:<\/p>\n\n\n\n<ul class=\"wp-block-list\">\n<li>The Court Decision, the Statute, and the notarized Act of Establishment;<\/li>\n\n\n\n<li>A photocopy of the ID Card or Passport of the administrator or legal representative;<\/li>\n\n\n\n<li>Data regarding the ownership of the headquarters (lease agreement or ownership title);<\/li>\n\n\n\n<li>Authorization for the person assigned to perform the registration (if done via authorization);<\/li>\n\n\n\n<li>The completed registration form.<\/li>\n<\/ul>\n\n\n\n<p>Upon receiving the NIPT certificate (Unique Identification Number), the entity is also provided with a password to be used for online declarations.<\/p>\n\n\n\n<p>In cases where a taxpayer is found to be operating without being registered with the tax authorities, they shall be penalized by the tax administration according to the provisions of Law <a href=\"https:\/\/alprofitconsult.al\/wp-content\/uploads\/2022\/10\/Ligj-Nr.9920-date-19.05.2008-Per-procedurat-tatimore-ne-Republiken-e-Shqiperise-i-ndryshuar-4.pdf\" target=\"_blank\" rel=\"noreferrer noopener\">No. 9920, dated 19.05.2008<\/a> , \u201cOn Tax Procedures in the Republic of Albania,\u201d as amended.<\/p>\n\n\n\n<h2 class=\"wp-block-heading\">Changes in Registration<\/h2>\n\n\n\n<p><strong>Changes executed via Court Decision include:<\/strong><\/p>\n\n\n\n<ul class=\"wp-block-list\">\n<li>Registered office address (Headquarters);<\/li>\n\n\n\n<li>Leadership (Board\/Administrator);<\/li>\n\n\n\n<li>Entity Name;<\/li>\n\n\n\n<li>Legal Form.<\/li>\n<\/ul>\n\n\n\n<p><br><strong>Changes executed through the Tax Administration include:<\/strong><\/p>\n\n\n\n<ul class=\"wp-block-list\">\n<li>Reflecting the changes made via Court Decision;<\/li>\n\n\n\n<li>Opening\/closing secondary addresses and issuing the respective certificates;<\/li>\n\n\n\n<li>Modifying tax responsibilities (adding\/removing).<\/li>\n<\/ul>\n\n\n\n<p>Note: When a taxpayer fails to update their data within 15 days from the date of the change (headquarters, administrator, type of activity, etc.), they shall be penalized by the Tax Administration according to the provisions of Law <a href=\"https:\/\/alprofitconsult.al\/wp-content\/uploads\/2022\/10\/Ligj-Nr.9920-date-19.05.2008-Per-procedurat-tatimore-ne-Republiken-e-Shqiperise-i-ndryshuar-4.pdf\" target=\"_blank\" rel=\"noreferrer noopener\">No. 9920, dated 19.05.2008 <\/a>, \u201cOn Tax Procedures in the Republic of Albania.\u201d<\/p>\n\n\n\n<h2 class=\"wp-block-heading\">Registration of Public Entities\n(Central and local, as well as project implementation units)<\/h2>\n\n\n\n<p>Public Entities are registered with the tax administration after a decision on their creation has been made, in accordance with the relevant legislation.<\/p>\n\n\n\n<p>The documentation required for registration with the Tax Administration, pursuant to Instruction <a href=\"https:\/\/www.tatime.gov.al\/shkarko.php?id=9953\" target=\"_blank\" rel=\"noreferrer noopener\">No. 24, dated 02.09.2008<\/a> , \u201cOn Tax Procedures in the Republic of Albania,\u201d is as follows:<\/p>\n\n\n\n<ul class=\"wp-block-list\">\n<li>Written request;<\/li>\n\n\n\n<li>Legal basis of establishment;<\/li>\n\n\n\n<li>Appointment document of the administrator or legal representative, along with a photocopy of their ID Card or Passport;<\/li>\n\n\n\n<li>Authorization for the person assigned to perform the registration;<\/li>\n\n\n\n<li>The completed registration form.<\/li>\n\n\n\n<li>Data regarding the ownership of the headquarters (lease agreement or ownership title);<\/li>\n<\/ul>\n\n\n\n<p>Upon receiving the NIPT certificate (Unique Identification Number), the entity is also provided with a password to be used for online declarations.<\/p>\n\n\n\n<h2 class=\"wp-block-heading\">Changes in Registration<\/h2>\n\n\n\n<p>Changes executed via decisions or sub-legal acts include:<\/p>\n\n\n\n<ul class=\"wp-block-list\">\n<li>Registered office address (Headquarters);<\/li>\n\n\n\n<li>Leadership (Board\/Administrator);<\/li>\n\n\n\n<li>Entity Name;<\/li>\n<\/ul>\n\n\n\n<p>Changes executed through the Tax Administration include:<\/p>\n\n\n\n<ul class=\"wp-block-list\">\n<li>Reflecting the changes made via the aforementioned decisions;<\/li>\n\n\n\n<li>Opening\/closing secondary addresses and issuing the respective certificates;<\/li>\n\n\n\n<li>Modifying tax responsibilities (adding\/removing).<\/li>\n<\/ul>\n\n\n\n<blockquote class=\"wp-block-quote is-layout-flow wp-block-quote-is-layout-flow\">\n<p>Failure to update data (address, administrator, activity type, etc.) will result in penalties by the Tax Administration as per Law <a href=\"https:\/\/alprofitconsult.al\/wp-content\/uploads\/2022\/10\/Ligj-Nr.9920-date-19.05.2008-Per-procedurat-tatimore-ne-Republiken-e-Shqiperise-i-ndryshuar-4.pdf\" target=\"_blank\" rel=\"noreferrer noopener\">No. 9920, dated 19.05.2008<\/a> , \u201cOn Tax Procedures in the Republic of Albania,\u201d as amended.<\/p>\n<\/blockquote>\n\n\n\n<p>The registration of non-profit organizations, foundations, special project implementation units, national or local public entities, political organizations, religious, humanitarian, charitable, scientific, or educational organizations, and other similar entities, can also be performed online via the e-Albania electronic services portal. <\/p>\n\n\n\n<p>In this case, the completed application and the relevant documentation shall be submitted electronically through the tax electronic system, addressed to the respective Regional Tax Directorate (DRT). The directorate will review the registration application and decide on its approval or rejection, as applicable.<\/p>\n\n\n\n<p>Supporting Documents:<\/p>\n\n\n\n<div class=\"wp-block-file\"><a id=\"wp-block-file--media-7f4df860-9049-4976-8550-0637a64d8f5f\" href=\"https:\/\/alprofitconsult.al\/wp-content\/uploads\/2022\/10\/Ligj-Nr.9920-date-19.05.2008-Per-procedurat-tatimore-ne-Republiken-e-Shqiperise-i-ndryshuar-5.pdf\">Law No. 9920, dated 19.05.2008, \"On Tax Procedures in the Republic of Albania,\" as amended<\/a><a href=\"https:\/\/alprofitconsult.al\/wp-content\/uploads\/2022\/10\/Ligj-Nr.9920-date-19.05.2008-Per-procedurat-tatimore-ne-Republiken-e-Shqiperise-i-ndryshuar-5.pdf\" class=\"wp-block-file__button wp-element-button\" download aria-describedby=\"wp-block-file--media-7f4df860-9049-4976-8550-0637a64d8f5f\">Download<\/a><\/div>\n\n\n\n<div class=\"wp-block-file\"><a id=\"wp-block-file--media-1341355b-1a28-415f-b634-af695fdf1f1b\" href=\"https:\/\/alprofitconsult.al\/wp-content\/uploads\/2022\/10\/Formulari-i-regjistrimit-2.pdf\">Registration Form<\/a><a href=\"https:\/\/alprofitconsult.al\/wp-content\/uploads\/2022\/10\/Formulari-i-regjistrimit-2.pdf\" class=\"wp-block-file__button wp-element-button\" download aria-describedby=\"wp-block-file--media-1341355b-1a28-415f-b634-af695fdf1f1b\">Download<\/a><\/div>\n\n\n\n<div class=\"wp-block-file\"><a id=\"wp-block-file--media-3ce6c22a-81a6-4e76-b9cb-9daadcf96736\" href=\"https:\/\/alprofitconsult.al\/wp-content\/uploads\/2022\/10\/Formulari-i-ndryshimeve-2.pdf\">Changes\/Amendments Form<\/a><a href=\"https:\/\/alprofitconsult.al\/wp-content\/uploads\/2022\/10\/Formulari-i-ndryshimeve-2.pdf\" class=\"wp-block-file__button wp-element-button\" download aria-describedby=\"wp-block-file--media-3ce6c22a-81a6-4e76-b9cb-9daadcf96736\">Download<\/a><\/div>\n\n\n\n<p>Source: <a href=\"https:\/\/www.tatime.gov.al\/c\/5\/77\/86\/regjistrimi\" target=\"_blank\" rel=\"noreferrer noopener\">General Directorate of Taxes.<\/a><\/p>\n\n\n<div class=\"gdlr-core-widget-box-shortcode\" style=\"color: #ffffff ;background-color: #000014 ;\"  ><h3 class=\"gdlr-core-widget-box-shortcode-title\" style=\"color: #ffffff ;\"  >Do you have a question?<\/h3><div class=\"gdlr-core-widget-box-shortcode-content\" ><p class=\"translation-block\">Do not hesitate to <a href=\"https:\/\/alprofitconsult.al\/en\/contact\/\" target=\"_self\">contact<\/a> us. We are a team of experts and will be happy to speak with you.<\/p>\n<\/div><\/div>","protected":false},"excerpt":{"rendered":"<p>Organizatat jofitimprur\u00ebse regjistrohen n\u00eb administrat\u00ebn tatimore, pasi kan\u00eb kryer m\u00eb par\u00eb regjistrimin, n\u00eb p\u00ebrputhje me legjislacionin e fush\u00ebs. (Themelimi, Regjistrimi n\u00eb Gjykat\u00eb, Licenca t\u00eb posa\u00e7me n\u00ebse nevojitet) Dokumentacioni q\u00eb paraqitet p\u00ebr regjistrim n\u00eb administrat\u00ebn tatimore sipas udh\u00ebzimit Nr. 24, dat\u00eb 02.09.2008 &#8220;P\u00ebr Procedurat Tatimore n\u00eb Republik\u00ebn e Shqip\u00ebris\u00eb&#8221;, \u00ebsht\u00eb si m\u00eb posht\u00eb: Pas marrjes s\u00eb [&hellip;]<\/p>\n","protected":false},"author":1,"featured_media":16921,"parent":16016,"menu_order":0,"comment_status":"closed","ping_status":"closed","template":"","meta":{"footnotes":""},"class_list":["post-16017","page","type-page","status-publish","has-post-thumbnail","hentry"],"yoast_head":"<!-- This site is optimized with the Yoast SEO plugin v26.5 - https:\/\/yoast.com\/wordpress\/plugins\/seo\/ -->\n<title>Regjistrimi i OJF-ve dhe organizmave t\u00eb ngjashme - AlProfit Consult<\/title>\n<meta name=\"robots\" content=\"index, follow, max-snippet:-1, max-image-preview:large, max-video-preview:-1\" \/>\n<link rel=\"canonical\" href=\"https:\/\/alprofitconsult.al\/en\/taxes\/non-profit-organization\/life-cycle\/registration\/\" \/>\n<meta property=\"og:locale\" content=\"en_US\" \/>\n<meta property=\"og:type\" content=\"article\" \/>\n<meta property=\"og:title\" content=\"Regjistrimi i OJF-ve dhe organizmave t\u00eb ngjashme - AlProfit Consult\" \/>\n<meta property=\"og:description\" content=\"Organizatat jofitimprur\u00ebse regjistrohen n\u00eb administrat\u00ebn tatimore, pasi kan\u00eb kryer m\u00eb par\u00eb regjistrimin, n\u00eb p\u00ebrputhje me legjislacionin e fush\u00ebs. (Themelimi, Regjistrimi n\u00eb Gjykat\u00eb, Licenca t\u00eb posa\u00e7me n\u00ebse nevojitet) Dokumentacioni q\u00eb paraqitet p\u00ebr regjistrim n\u00eb administrat\u00ebn tatimore sipas udh\u00ebzimit Nr. 24, dat\u00eb 02.09.2008 &#8220;P\u00ebr Procedurat Tatimore n\u00eb Republik\u00ebn e Shqip\u00ebris\u00eb&#8221;, \u00ebsht\u00eb si m\u00eb posht\u00eb: Pas marrjes s\u00eb [&hellip;]\" \/>\n<meta property=\"og:url\" content=\"https:\/\/alprofitconsult.al\/en\/taxes\/non-profit-organization\/life-cycle\/registration\/\" \/>\n<meta property=\"og:site_name\" content=\"AlProfit Consult\" \/>\n<meta property=\"article:publisher\" content=\"https:\/\/www.facebook.com\/AlProfitConsult\/\" \/>\n<meta property=\"article:modified_time\" content=\"2024-11-30T21:04:41+00:00\" \/>\n<meta property=\"og:image\" content=\"https:\/\/alprofitconsult.al\/wp-content\/uploads\/2022\/10\/AlProfit-Consult-Regjistrimi-OJF.jpg\" \/>\n\t<meta property=\"og:image:width\" content=\"1920\" \/>\n\t<meta property=\"og:image:height\" content=\"1280\" \/>\n\t<meta property=\"og:image:type\" content=\"image\/jpeg\" \/>\n<meta name=\"twitter:card\" content=\"summary_large_image\" \/>\n<meta name=\"twitter:site\" content=\"@AlProfitConsult\" \/>\n<meta name=\"twitter:label1\" content=\"Est. reading time\" \/>\n\t<meta name=\"twitter:data1\" content=\"3 minutes\" \/>\n<script type=\"application\/ld+json\" class=\"yoast-schema-graph\">{\"@context\":\"https:\/\/schema.org\",\"@graph\":[{\"@type\":\"WebPage\",\"@id\":\"https:\/\/alprofitconsult.al\/en\/tatime\/organizata-jofitimprurese\/cikli-i-jetes-ojf\/regjistrimi\/\",\"url\":\"https:\/\/alprofitconsult.al\/en\/tatime\/organizata-jofitimprurese\/cikli-i-jetes-ojf\/regjistrimi\/\",\"name\":\"Regjistrimi i OJF-ve dhe organizmave t\u00eb ngjashme - AlProfit Consult\",\"isPartOf\":{\"@id\":\"https:\/\/alprofitconsult.al\/#website\"},\"primaryImageOfPage\":{\"@id\":\"https:\/\/alprofitconsult.al\/en\/tatime\/organizata-jofitimprurese\/cikli-i-jetes-ojf\/regjistrimi\/#primaryimage\"},\"image\":{\"@id\":\"https:\/\/alprofitconsult.al\/en\/tatime\/organizata-jofitimprurese\/cikli-i-jetes-ojf\/regjistrimi\/#primaryimage\"},\"thumbnailUrl\":\"https:\/\/alprofitconsult.al\/wp-content\/uploads\/2022\/10\/AlProfit-Consult-Regjistrimi-OJF.jpg\",\"datePublished\":\"2022-10-13T14:16:36+00:00\",\"dateModified\":\"2024-11-30T21:04:41+00:00\",\"breadcrumb\":{\"@id\":\"https:\/\/alprofitconsult.al\/en\/tatime\/organizata-jofitimprurese\/cikli-i-jetes-ojf\/regjistrimi\/#breadcrumb\"},\"inLanguage\":\"en-US\",\"potentialAction\":[{\"@type\":\"ReadAction\",\"target\":[\"https:\/\/alprofitconsult.al\/en\/tatime\/organizata-jofitimprurese\/cikli-i-jetes-ojf\/regjistrimi\/\"]}]},{\"@type\":\"ImageObject\",\"inLanguage\":\"en-US\",\"@id\":\"https:\/\/alprofitconsult.al\/en\/tatime\/organizata-jofitimprurese\/cikli-i-jetes-ojf\/regjistrimi\/#primaryimage\",\"url\":\"https:\/\/alprofitconsult.al\/wp-content\/uploads\/2022\/10\/AlProfit-Consult-Regjistrimi-OJF.jpg\",\"contentUrl\":\"https:\/\/alprofitconsult.al\/wp-content\/uploads\/2022\/10\/AlProfit-Consult-Regjistrimi-OJF.jpg\",\"width\":1920,\"height\":1280},{\"@type\":\"BreadcrumbList\",\"@id\":\"https:\/\/alprofitconsult.al\/en\/tatime\/organizata-jofitimprurese\/cikli-i-jetes-ojf\/regjistrimi\/#breadcrumb\",\"itemListElement\":[{\"@type\":\"ListItem\",\"position\":1,\"name\":\"Kryefaqe\",\"item\":\"https:\/\/alprofitconsult.al\/\"},{\"@type\":\"ListItem\",\"position\":2,\"name\":\"Legjislacioni tatimor\",\"item\":\"https:\/\/alprofitconsult.al\/en\/tatime\/\"},{\"@type\":\"ListItem\",\"position\":3,\"name\":\"Organizat\u00eb Jofitimprur\u00ebse dhe Ente Publike\",\"item\":\"https:\/\/alprofitconsult.al\/en\/tatime\/organizata-jofitimprurese\/\"},{\"@type\":\"ListItem\",\"position\":4,\"name\":\"Cikli i jet\u00ebs: Organizatat Jofitimprur\u00ebse\",\"item\":\"https:\/\/alprofitconsult.al\/en\/tatime\/organizata-jofitimprurese\/cikli-i-jetes-ojf\/\"},{\"@type\":\"ListItem\",\"position\":5,\"name\":\"Regjistrimi i OJF-ve dhe organizmave t\u00eb ngjashme\"}]},{\"@type\":\"WebSite\",\"@id\":\"https:\/\/alprofitconsult.al\/#website\",\"url\":\"https:\/\/alprofitconsult.al\/\",\"name\":\"AlProfit Consult\",\"description\":\"Zyr\u00eb Kontabiliteti\",\"publisher\":{\"@id\":\"https:\/\/alprofitconsult.al\/#organization\"},\"potentialAction\":[{\"@type\":\"SearchAction\",\"target\":{\"@type\":\"EntryPoint\",\"urlTemplate\":\"https:\/\/alprofitconsult.al\/?s={search_term_string}\"},\"query-input\":{\"@type\":\"PropertyValueSpecification\",\"valueRequired\":true,\"valueName\":\"search_term_string\"}}],\"inLanguage\":\"en-US\"},{\"@type\":\"Organization\",\"@id\":\"https:\/\/alprofitconsult.al\/#organization\",\"name\":\"Alprofit Consult\",\"url\":\"https:\/\/alprofitconsult.al\/\",\"logo\":{\"@type\":\"ImageObject\",\"inLanguage\":\"en-US\",\"@id\":\"https:\/\/alprofitconsult.al\/#\/schema\/logo\/image\/\",\"url\":\"https:\/\/alprofitconsult.al\/wp-content\/uploads\/2022\/10\/logoalprofit.png\",\"contentUrl\":\"https:\/\/alprofitconsult.al\/wp-content\/uploads\/2022\/10\/logoalprofit.png\",\"width\":529,\"height\":156,\"caption\":\"Alprofit Consult\"},\"image\":{\"@id\":\"https:\/\/alprofitconsult.al\/#\/schema\/logo\/image\/\"},\"sameAs\":[\"https:\/\/www.facebook.com\/AlProfitConsult\/\",\"https:\/\/x.com\/AlProfitConsult\",\"https:\/\/www.linkedin.com\/company\/andi-haxhillari\/\",\"https:\/\/www.pinterest.com\/AlProfitConsult\/\",\"https:\/\/www.youtube.com\/channel\/UCZ5Gfntn161Nla3g1XdRldA\",\"https:\/\/sq.wikipedia.org\/wiki\/P\u00ebrdoruesi:Andi25~sqwiki\"]}]}<\/script>\n<!-- \/ Yoast SEO plugin. -->","yoast_head_json":{"title":"Registration of NGOs and Similar Organizations - AlProfit Consult","robots":{"index":"index","follow":"follow","max-snippet":"max-snippet:-1","max-image-preview":"max-image-preview:large","max-video-preview":"max-video-preview:-1"},"canonical":"https:\/\/alprofitconsult.al\/en\/taxes\/non-profit-organization\/life-cycle\/registration\/","og_locale":"en_US","og_type":"article","og_title":"Regjistrimi i OJF-ve dhe organizmave t\u00eb ngjashme - AlProfit Consult","og_description":"Organizatat jofitimprur\u00ebse regjistrohen n\u00eb administrat\u00ebn tatimore, pasi kan\u00eb kryer m\u00eb par\u00eb regjistrimin, n\u00eb p\u00ebrputhje me legjislacionin e fush\u00ebs. (Themelimi, Regjistrimi n\u00eb Gjykat\u00eb, Licenca t\u00eb posa\u00e7me n\u00ebse nevojitet) Dokumentacioni q\u00eb paraqitet p\u00ebr regjistrim n\u00eb administrat\u00ebn tatimore sipas udh\u00ebzimit Nr. 24, dat\u00eb 02.09.2008 &#8220;P\u00ebr Procedurat Tatimore n\u00eb Republik\u00ebn e Shqip\u00ebris\u00eb&#8221;, \u00ebsht\u00eb si m\u00eb posht\u00eb: Pas marrjes s\u00eb [&hellip;]","og_url":"https:\/\/alprofitconsult.al\/en\/taxes\/non-profit-organization\/life-cycle\/registration\/","og_site_name":"AlProfit Consult","article_publisher":"https:\/\/www.facebook.com\/AlProfitConsult\/","article_modified_time":"2024-11-30T21:04:41+00:00","og_image":[{"width":1920,"height":1280,"url":"https:\/\/alprofitconsult.al\/wp-content\/uploads\/2022\/10\/AlProfit-Consult-Regjistrimi-OJF.jpg","type":"image\/jpeg"}],"twitter_card":"summary_large_image","twitter_site":"@AlProfitConsult","twitter_misc":{"Est. reading time":"3 minutes"},"schema":{"@context":"https:\/\/schema.org","@graph":[{"@type":"WebPage","@id":"https:\/\/alprofitconsult.al\/en\/tatime\/organizata-jofitimprurese\/cikli-i-jetes-ojf\/regjistrimi\/","url":"https:\/\/alprofitconsult.al\/en\/tatime\/organizata-jofitimprurese\/cikli-i-jetes-ojf\/regjistrimi\/","name":"Registration of NGOs and Similar Organizations - AlProfit Consult","isPartOf":{"@id":"https:\/\/alprofitconsult.al\/#website"},"primaryImageOfPage":{"@id":"https:\/\/alprofitconsult.al\/en\/tatime\/organizata-jofitimprurese\/cikli-i-jetes-ojf\/regjistrimi\/#primaryimage"},"image":{"@id":"https:\/\/alprofitconsult.al\/en\/tatime\/organizata-jofitimprurese\/cikli-i-jetes-ojf\/regjistrimi\/#primaryimage"},"thumbnailUrl":"https:\/\/alprofitconsult.al\/wp-content\/uploads\/2022\/10\/AlProfit-Consult-Regjistrimi-OJF.jpg","datePublished":"2022-10-13T14:16:36+00:00","dateModified":"2024-11-30T21:04:41+00:00","breadcrumb":{"@id":"https:\/\/alprofitconsult.al\/en\/tatime\/organizata-jofitimprurese\/cikli-i-jetes-ojf\/regjistrimi\/#breadcrumb"},"inLanguage":"en-US","potentialAction":[{"@type":"ReadAction","target":["https:\/\/alprofitconsult.al\/en\/tatime\/organizata-jofitimprurese\/cikli-i-jetes-ojf\/regjistrimi\/"]}]},{"@type":"ImageObject","inLanguage":"en-US","@id":"https:\/\/alprofitconsult.al\/en\/tatime\/organizata-jofitimprurese\/cikli-i-jetes-ojf\/regjistrimi\/#primaryimage","url":"https:\/\/alprofitconsult.al\/wp-content\/uploads\/2022\/10\/AlProfit-Consult-Regjistrimi-OJF.jpg","contentUrl":"https:\/\/alprofitconsult.al\/wp-content\/uploads\/2022\/10\/AlProfit-Consult-Regjistrimi-OJF.jpg","width":1920,"height":1280},{"@type":"BreadcrumbList","@id":"https:\/\/alprofitconsult.al\/en\/tatime\/organizata-jofitimprurese\/cikli-i-jetes-ojf\/regjistrimi\/#breadcrumb","itemListElement":[{"@type":"ListItem","position":1,"name":"Kryefaqe","item":"https:\/\/alprofitconsult.al\/"},{"@type":"ListItem","position":2,"name":"Legjislacioni tatimor","item":"https:\/\/alprofitconsult.al\/en\/tatime\/"},{"@type":"ListItem","position":3,"name":"Organizat\u00eb Jofitimprur\u00ebse dhe Ente Publike","item":"https:\/\/alprofitconsult.al\/en\/tatime\/organizata-jofitimprurese\/"},{"@type":"ListItem","position":4,"name":"Cikli i jet\u00ebs: Organizatat Jofitimprur\u00ebse","item":"https:\/\/alprofitconsult.al\/en\/tatime\/organizata-jofitimprurese\/cikli-i-jetes-ojf\/"},{"@type":"ListItem","position":5,"name":"Regjistrimi i OJF-ve dhe organizmave t\u00eb ngjashme"}]},{"@type":"WebSite","@id":"https:\/\/alprofitconsult.al\/#website","url":"https:\/\/alprofitconsult.al\/","name":"AlProfit Consult","description":"Accounting Office","publisher":{"@id":"https:\/\/alprofitconsult.al\/#organization"},"potentialAction":[{"@type":"SearchAction","target":{"@type":"EntryPoint","urlTemplate":"https:\/\/alprofitconsult.al\/?s={search_term_string}"},"query-input":{"@type":"PropertyValueSpecification","valueRequired":true,"valueName":"search_term_string"}}],"inLanguage":"en-US"},{"@type":"Organization","@id":"https:\/\/alprofitconsult.al\/#organization","name":"Alprofit Consult","url":"https:\/\/alprofitconsult.al\/","logo":{"@type":"ImageObject","inLanguage":"en-US","@id":"https:\/\/alprofitconsult.al\/#\/schema\/logo\/image\/","url":"https:\/\/alprofitconsult.al\/wp-content\/uploads\/2022\/10\/logoalprofit.png","contentUrl":"https:\/\/alprofitconsult.al\/wp-content\/uploads\/2022\/10\/logoalprofit.png","width":529,"height":156,"caption":"Alprofit Consult"},"image":{"@id":"https:\/\/alprofitconsult.al\/#\/schema\/logo\/image\/"},"sameAs":["https:\/\/www.facebook.com\/AlProfitConsult\/","https:\/\/x.com\/AlProfitConsult","https:\/\/www.linkedin.com\/company\/andi-haxhillari\/","https:\/\/www.pinterest.com\/AlProfitConsult\/","https:\/\/www.youtube.com\/channel\/UCZ5Gfntn161Nla3g1XdRldA","https:\/\/sq.wikipedia.org\/wiki\/P\u00ebrdoruesi:Andi25~sqwiki"]}]}},"_links":{"self":[{"href":"https:\/\/alprofitconsult.al\/en\/wp-json\/wp\/v2\/pages\/16017","targetHints":{"allow":["GET"]}}],"collection":[{"href":"https:\/\/alprofitconsult.al\/en\/wp-json\/wp\/v2\/pages"}],"about":[{"href":"https:\/\/alprofitconsult.al\/en\/wp-json\/wp\/v2\/types\/page"}],"author":[{"embeddable":true,"href":"https:\/\/alprofitconsult.al\/en\/wp-json\/wp\/v2\/users\/1"}],"replies":[{"embeddable":true,"href":"https:\/\/alprofitconsult.al\/en\/wp-json\/wp\/v2\/comments?post=16017"}],"version-history":[{"count":5,"href":"https:\/\/alprofitconsult.al\/en\/wp-json\/wp\/v2\/pages\/16017\/revisions"}],"predecessor-version":[{"id":20005,"href":"https:\/\/alprofitconsult.al\/en\/wp-json\/wp\/v2\/pages\/16017\/revisions\/20005"}],"up":[{"embeddable":true,"href":"https:\/\/alprofitconsult.al\/en\/wp-json\/wp\/v2\/pages\/16016"}],"wp:featuredmedia":[{"embeddable":true,"href":"https:\/\/alprofitconsult.al\/en\/wp-json\/wp\/v2\/media\/16921"}],"wp:attachment":[{"href":"https:\/\/alprofitconsult.al\/en\/wp-json\/wp\/v2\/media?parent=16017"}],"curies":[{"name":"wp","href":"https:\/\/api.w.org\/{rel}","templated":true}]}}