{"id":16021,"date":"2022-10-13T14:16:37","date_gmt":"2022-10-13T14:16:37","guid":{"rendered":"https:\/\/alprofitconsult.al\/?page_id=16021"},"modified":"2022-10-22T11:22:10","modified_gmt":"2022-10-22T11:22:10","slug":"annual-information","status":"publish","type":"page","link":"https:\/\/alprofitconsult.al\/en\/tatime\/organizata-jofitimprurese\/deklarimi-dhe-pagesa\/informacioni-vjetor\/","title":{"rendered":"Annual Information"},"content":{"rendered":"<div class=\"yoast-breadcrumbs\"><span><span><a href=\"https:\/\/alprofitconsult.al\/en\/\">Home<\/a><\/span> | <span><a href=\"https:\/\/alprofitconsult.al\/en\/tatime\/\">Tax legislation<\/a><\/span> | <span><a href=\"https:\/\/alprofitconsult.al\/en\/tatime\/organizata-jofitimprurese\/\">Non-Profit Organization and Public Entities<\/a><\/span> | <span><a href=\"https:\/\/alprofitconsult.al\/en\/tatime\/organizata-jofitimprurese\/deklarimi-dhe-pagesa\/\">Declaration and Payment: Non-Profit Organizations<\/a><\/span> | <span class=\"breadcrumb_last\" aria-current=\"page\">Annual Information<\/span><\/span><\/div>\n\n\n<p><\/p>\n\n\n\n<figure class=\"wp-block-image size-large\"><img loading=\"lazy\" decoding=\"async\" width=\"1024\" height=\"625\" src=\"https:\/\/alprofitconsult.al\/wp-content\/uploads\/2022\/10\/AlProfit-Consult-Informacioni-vjetor-OJF-1024x625.jpg\" alt=\"\" class=\"wp-image-16931\" srcset=\"https:\/\/alprofitconsult.al\/wp-content\/uploads\/2022\/10\/AlProfit-Consult-Informacioni-vjetor-OJF-1024x625.jpg 1024w, https:\/\/alprofitconsult.al\/wp-content\/uploads\/2022\/10\/AlProfit-Consult-Informacioni-vjetor-OJF-300x183.jpg 300w, https:\/\/alprofitconsult.al\/wp-content\/uploads\/2022\/10\/AlProfit-Consult-Informacioni-vjetor-OJF-150x92.jpg 150w, https:\/\/alprofitconsult.al\/wp-content\/uploads\/2022\/10\/AlProfit-Consult-Informacioni-vjetor-OJF-768x469.jpg 768w, https:\/\/alprofitconsult.al\/wp-content\/uploads\/2022\/10\/AlProfit-Consult-Informacioni-vjetor-OJF-1536x938.jpg 1536w, https:\/\/alprofitconsult.al\/wp-content\/uploads\/2022\/10\/AlProfit-Consult-Informacioni-vjetor-OJF.jpg 1920w\" sizes=\"auto, (max-width: 1024px) 100vw, 1024px\" \/><\/figure>\n\n\n\n<h2 class=\"wp-block-heading\">General Information<\/h2>\n\n\n\n<p>Non-profit organizations (NPOs) and Public Entities\/State-Owned Enterprises, regardless of the generally non-profit nature of their activities, are obliged to maintain accounts and report their information according to the legislation in force.<\/p>\n\n\n\n<p>This information is subject to self-declaration and is particularly important when it derives from the profit-making activities of a non-profit organization.<\/p>\n\n\n\n<p>In this case, the Non-Profit Organization, in its capacity as a taxpayer, must self-declare its income, the amount of tax liability, or the contribution, without waiting for an assessment, notice, or request from the Tax Administration, and must pay the tax to the account of the tax authorities.<\/p>\n\n\n\n<p>The information included in the annual taxable income declaration contains data for the purpose of calculating taxable income (financial statements):<\/p>\n\n\n\n<ul class=\"wp-block-list\"><li>The Balance Sheet is one of the financial statements that shows the financial position (assets, liabilities, and equity) of a reporting entity on a specific date.<\/li><li>The Income and Expenditure Statement is another financial statement that shows the economic performance (income, expenses, and profit\/loss) of a reporting entity during an accounting period.<\/li><li>The Cash Flow Statement shows the flow of cash (cash receipts and payments and its equivalents) of a reporting entity during an accounting period.<\/li><\/ul>\n\n\n\n<p>The request for information is extensive and includes every possible and necessary detail to conduct a tax assessment of the taxpayer, which serves in calculating the taxable income for tax purposes.<\/p>\n\n\n\n<h2 class=\"wp-block-heading\">Importance of Reporting Accuracy<\/h2>\n\n\n\n<p>Due to the very important role that the reported information has for the taxpayer, which also brings effects for third parties, it is important that all annual information is reported accurately and on time.<\/p>\n\n\n\n<blockquote class=\"wp-block-quote is-layout-flow wp-block-quote-is-layout-flow\"><p>Even if NPOs and Public Entities are, in principle, exempt from profit tax, according to Law <a href=\"https:\/\/alprofitconsult.al\/wp-content\/uploads\/2020\/03\/LIGJ-nr-8438-date-28.12.1998-Per-tatimin-mbi-te-ardhurat-i-ndryshuar-1.pdf\" target=\"_blank\" rel=\"noreferrer noopener\">No. 8438, dated 28.12.1998 <\/a>, \u201cOn Income Tax\u201d \u2013 as amended, Article 18 stipulates:<\/p><p>Their obligation to submit the tax declaration and the annual balance sheet to the tax authorities, following the same procedures as taxpayers subject to Corporate Profit Tax.<\/p><p>The deadline for submitting the Profit Tax declaration is March 31st of the following year, along with the financial statements that constitute the balance sheet.<\/p><\/blockquote>\n\n\n\n<p>Source: <a href=\"https:\/\/www.tatime.gov.al\/c\/5\/76\/81\/informacioni-vjetor\" target=\"_blank\" rel=\"noreferrer noopener\">General Directorate of Taxes.<\/a><\/p>\n\n\n<div class=\"gdlr-core-widget-box-shortcode\" style=\"color: #ffffff ;background-color: #000014 ;\"  ><h3 class=\"gdlr-core-widget-box-shortcode-title\" style=\"color: #ffffff ;\"  >Do you have a question?<\/h3><div class=\"gdlr-core-widget-box-shortcode-content\" ><p class=\"translation-block\">Do not hesitate to <a href=\"https:\/\/alprofitconsult.al\/en\/contact\/\" target=\"_self\">contact<\/a> us. We are a team of experts and will be happy to speak with you.<\/p>\n<\/div><\/div>","protected":false},"excerpt":{"rendered":"<p>Informacion i p\u00ebrgjithsh\u00ebm Organizatat jofitimprur\u00ebse (OJF) dhe Entet Publike\/Nd\u00ebrmarrjet Shtet\u00ebrore, pavar\u00ebsisht natyr\u00ebs jofitimprur\u00ebse p\u00ebrgjith\u00ebsisht t\u00eb aktivitetit t\u00eb tyre, kan\u00eb p\u00ebr detyrim mbajtjen e llogarive dhe raportimin e informacioneve t\u00eb tyre sipas legjislacionit n\u00eb fuqi. K\u00ebto informacione jan\u00eb objekt i vet\u00ebdeklarimit, jan\u00eb t\u00eb r\u00ebnd\u00ebsishme sidomos kur rrjedhin nga nj\u00eb aktivitet fitimprur\u00ebs i nj\u00eb organizate fitimprur\u00ebse. N\u00eb [&hellip;]<\/p>\n","protected":false},"author":1,"featured_media":16931,"parent":16020,"menu_order":0,"comment_status":"closed","ping_status":"closed","template":"","meta":{"footnotes":""},"class_list":["post-16021","page","type-page","status-publish","has-post-thumbnail","hentry"],"yoast_head":"<!-- This site is optimized with the Yoast SEO plugin v26.5 - https:\/\/yoast.com\/wordpress\/plugins\/seo\/ -->\n<title>Informacioni vjetor - AlProfit Consult<\/title>\n<meta name=\"robots\" content=\"index, follow, max-snippet:-1, max-image-preview:large, max-video-preview:-1\" \/>\n<link rel=\"canonical\" href=\"https:\/\/alprofitconsult.al\/en\/taxes\/non-profit-organization\/declaration-and-payment\/annual-information\/\" \/>\n<meta property=\"og:locale\" content=\"en_US\" \/>\n<meta property=\"og:type\" content=\"article\" \/>\n<meta property=\"og:title\" content=\"Informacioni vjetor - AlProfit Consult\" \/>\n<meta property=\"og:description\" content=\"Informacion i p\u00ebrgjithsh\u00ebm Organizatat jofitimprur\u00ebse (OJF) dhe Entet Publike\/Nd\u00ebrmarrjet Shtet\u00ebrore, pavar\u00ebsisht natyr\u00ebs jofitimprur\u00ebse p\u00ebrgjith\u00ebsisht t\u00eb aktivitetit t\u00eb tyre, kan\u00eb p\u00ebr detyrim mbajtjen e llogarive dhe raportimin e informacioneve t\u00eb tyre sipas legjislacionit n\u00eb fuqi. K\u00ebto informacione jan\u00eb objekt i vet\u00ebdeklarimit, jan\u00eb t\u00eb r\u00ebnd\u00ebsishme sidomos kur rrjedhin nga nj\u00eb aktivitet fitimprur\u00ebs i nj\u00eb organizate fitimprur\u00ebse. N\u00eb [&hellip;]\" \/>\n<meta property=\"og:url\" content=\"https:\/\/alprofitconsult.al\/en\/taxes\/non-profit-organization\/declaration-and-payment\/annual-information\/\" \/>\n<meta property=\"og:site_name\" content=\"AlProfit Consult\" \/>\n<meta property=\"article:publisher\" content=\"https:\/\/www.facebook.com\/AlProfitConsult\/\" \/>\n<meta property=\"article:modified_time\" content=\"2022-10-22T11:22:10+00:00\" \/>\n<meta property=\"og:image\" content=\"https:\/\/alprofitconsult.al\/wp-content\/uploads\/2022\/10\/AlProfit-Consult-Informacioni-vjetor-OJF.jpg\" \/>\n\t<meta property=\"og:image:width\" content=\"1920\" \/>\n\t<meta property=\"og:image:height\" content=\"1172\" \/>\n\t<meta property=\"og:image:type\" content=\"image\/jpeg\" \/>\n<meta name=\"twitter:card\" content=\"summary_large_image\" \/>\n<meta name=\"twitter:site\" content=\"@AlProfitConsult\" \/>\n<meta name=\"twitter:label1\" content=\"Est. reading time\" \/>\n\t<meta name=\"twitter:data1\" content=\"2 minutes\" \/>\n<script type=\"application\/ld+json\" class=\"yoast-schema-graph\">{\"@context\":\"https:\/\/schema.org\",\"@graph\":[{\"@type\":\"WebPage\",\"@id\":\"https:\/\/alprofitconsult.al\/en\/tatime\/organizata-jofitimprurese\/deklarimi-dhe-pagesa\/informacioni-vjetor\/\",\"url\":\"https:\/\/alprofitconsult.al\/en\/tatime\/organizata-jofitimprurese\/deklarimi-dhe-pagesa\/informacioni-vjetor\/\",\"name\":\"Informacioni vjetor - AlProfit Consult\",\"isPartOf\":{\"@id\":\"https:\/\/alprofitconsult.al\/#website\"},\"primaryImageOfPage\":{\"@id\":\"https:\/\/alprofitconsult.al\/en\/tatime\/organizata-jofitimprurese\/deklarimi-dhe-pagesa\/informacioni-vjetor\/#primaryimage\"},\"image\":{\"@id\":\"https:\/\/alprofitconsult.al\/en\/tatime\/organizata-jofitimprurese\/deklarimi-dhe-pagesa\/informacioni-vjetor\/#primaryimage\"},\"thumbnailUrl\":\"https:\/\/alprofitconsult.al\/wp-content\/uploads\/2022\/10\/AlProfit-Consult-Informacioni-vjetor-OJF.jpg\",\"datePublished\":\"2022-10-13T14:16:37+00:00\",\"dateModified\":\"2022-10-22T11:22:10+00:00\",\"breadcrumb\":{\"@id\":\"https:\/\/alprofitconsult.al\/en\/tatime\/organizata-jofitimprurese\/deklarimi-dhe-pagesa\/informacioni-vjetor\/#breadcrumb\"},\"inLanguage\":\"en-US\",\"potentialAction\":[{\"@type\":\"ReadAction\",\"target\":[\"https:\/\/alprofitconsult.al\/en\/tatime\/organizata-jofitimprurese\/deklarimi-dhe-pagesa\/informacioni-vjetor\/\"]}]},{\"@type\":\"ImageObject\",\"inLanguage\":\"en-US\",\"@id\":\"https:\/\/alprofitconsult.al\/en\/tatime\/organizata-jofitimprurese\/deklarimi-dhe-pagesa\/informacioni-vjetor\/#primaryimage\",\"url\":\"https:\/\/alprofitconsult.al\/wp-content\/uploads\/2022\/10\/AlProfit-Consult-Informacioni-vjetor-OJF.jpg\",\"contentUrl\":\"https:\/\/alprofitconsult.al\/wp-content\/uploads\/2022\/10\/AlProfit-Consult-Informacioni-vjetor-OJF.jpg\",\"width\":1920,\"height\":1172},{\"@type\":\"BreadcrumbList\",\"@id\":\"https:\/\/alprofitconsult.al\/en\/tatime\/organizata-jofitimprurese\/deklarimi-dhe-pagesa\/informacioni-vjetor\/#breadcrumb\",\"itemListElement\":[{\"@type\":\"ListItem\",\"position\":1,\"name\":\"Kryefaqe\",\"item\":\"https:\/\/alprofitconsult.al\/\"},{\"@type\":\"ListItem\",\"position\":2,\"name\":\"Legjislacioni tatimor\",\"item\":\"https:\/\/alprofitconsult.al\/en\/tatime\/\"},{\"@type\":\"ListItem\",\"position\":3,\"name\":\"Organizat\u00eb Jofitimprur\u00ebse dhe Ente Publike\",\"item\":\"https:\/\/alprofitconsult.al\/en\/tatime\/organizata-jofitimprurese\/\"},{\"@type\":\"ListItem\",\"position\":4,\"name\":\"Deklarimi dhe pagesa: Organizatat Jofitimprur\u00ebse\",\"item\":\"https:\/\/alprofitconsult.al\/en\/tatime\/organizata-jofitimprurese\/deklarimi-dhe-pagesa\/\"},{\"@type\":\"ListItem\",\"position\":5,\"name\":\"Informacioni vjetor\"}]},{\"@type\":\"WebSite\",\"@id\":\"https:\/\/alprofitconsult.al\/#website\",\"url\":\"https:\/\/alprofitconsult.al\/\",\"name\":\"AlProfit Consult\",\"description\":\"Zyr\u00eb Kontabiliteti\",\"publisher\":{\"@id\":\"https:\/\/alprofitconsult.al\/#organization\"},\"potentialAction\":[{\"@type\":\"SearchAction\",\"target\":{\"@type\":\"EntryPoint\",\"urlTemplate\":\"https:\/\/alprofitconsult.al\/?s={search_term_string}\"},\"query-input\":{\"@type\":\"PropertyValueSpecification\",\"valueRequired\":true,\"valueName\":\"search_term_string\"}}],\"inLanguage\":\"en-US\"},{\"@type\":\"Organization\",\"@id\":\"https:\/\/alprofitconsult.al\/#organization\",\"name\":\"Alprofit Consult\",\"url\":\"https:\/\/alprofitconsult.al\/\",\"logo\":{\"@type\":\"ImageObject\",\"inLanguage\":\"en-US\",\"@id\":\"https:\/\/alprofitconsult.al\/#\/schema\/logo\/image\/\",\"url\":\"https:\/\/alprofitconsult.al\/wp-content\/uploads\/2022\/10\/logoalprofit.png\",\"contentUrl\":\"https:\/\/alprofitconsult.al\/wp-content\/uploads\/2022\/10\/logoalprofit.png\",\"width\":529,\"height\":156,\"caption\":\"Alprofit Consult\"},\"image\":{\"@id\":\"https:\/\/alprofitconsult.al\/#\/schema\/logo\/image\/\"},\"sameAs\":[\"https:\/\/www.facebook.com\/AlProfitConsult\/\",\"https:\/\/x.com\/AlProfitConsult\",\"https:\/\/www.linkedin.com\/company\/andi-haxhillari\/\",\"https:\/\/www.pinterest.com\/AlProfitConsult\/\",\"https:\/\/www.youtube.com\/channel\/UCZ5Gfntn161Nla3g1XdRldA\",\"https:\/\/sq.wikipedia.org\/wiki\/P\u00ebrdoruesi:Andi25~sqwiki\"]}]}<\/script>\n<!-- \/ Yoast SEO plugin. -->","yoast_head_json":{"title":"Annual Information - AlProfit Consult","robots":{"index":"index","follow":"follow","max-snippet":"max-snippet:-1","max-image-preview":"max-image-preview:large","max-video-preview":"max-video-preview:-1"},"canonical":"https:\/\/alprofitconsult.al\/en\/taxes\/non-profit-organization\/declaration-and-payment\/annual-information\/","og_locale":"en_US","og_type":"article","og_title":"Informacioni vjetor - AlProfit Consult","og_description":"Informacion i p\u00ebrgjithsh\u00ebm Organizatat jofitimprur\u00ebse (OJF) dhe Entet Publike\/Nd\u00ebrmarrjet Shtet\u00ebrore, pavar\u00ebsisht natyr\u00ebs jofitimprur\u00ebse p\u00ebrgjith\u00ebsisht t\u00eb aktivitetit t\u00eb tyre, kan\u00eb p\u00ebr detyrim mbajtjen e llogarive dhe raportimin e informacioneve t\u00eb tyre sipas legjislacionit n\u00eb fuqi. K\u00ebto informacione jan\u00eb objekt i vet\u00ebdeklarimit, jan\u00eb t\u00eb r\u00ebnd\u00ebsishme sidomos kur rrjedhin nga nj\u00eb aktivitet fitimprur\u00ebs i nj\u00eb organizate fitimprur\u00ebse. N\u00eb [&hellip;]","og_url":"https:\/\/alprofitconsult.al\/en\/taxes\/non-profit-organization\/declaration-and-payment\/annual-information\/","og_site_name":"AlProfit Consult","article_publisher":"https:\/\/www.facebook.com\/AlProfitConsult\/","article_modified_time":"2022-10-22T11:22:10+00:00","og_image":[{"width":1920,"height":1172,"url":"https:\/\/alprofitconsult.al\/wp-content\/uploads\/2022\/10\/AlProfit-Consult-Informacioni-vjetor-OJF.jpg","type":"image\/jpeg"}],"twitter_card":"summary_large_image","twitter_site":"@AlProfitConsult","twitter_misc":{"Est. reading time":"2 minutes"},"schema":{"@context":"https:\/\/schema.org","@graph":[{"@type":"WebPage","@id":"https:\/\/alprofitconsult.al\/en\/tatime\/organizata-jofitimprurese\/deklarimi-dhe-pagesa\/informacioni-vjetor\/","url":"https:\/\/alprofitconsult.al\/en\/tatime\/organizata-jofitimprurese\/deklarimi-dhe-pagesa\/informacioni-vjetor\/","name":"Annual Information - AlProfit Consult","isPartOf":{"@id":"https:\/\/alprofitconsult.al\/#website"},"primaryImageOfPage":{"@id":"https:\/\/alprofitconsult.al\/en\/tatime\/organizata-jofitimprurese\/deklarimi-dhe-pagesa\/informacioni-vjetor\/#primaryimage"},"image":{"@id":"https:\/\/alprofitconsult.al\/en\/tatime\/organizata-jofitimprurese\/deklarimi-dhe-pagesa\/informacioni-vjetor\/#primaryimage"},"thumbnailUrl":"https:\/\/alprofitconsult.al\/wp-content\/uploads\/2022\/10\/AlProfit-Consult-Informacioni-vjetor-OJF.jpg","datePublished":"2022-10-13T14:16:37+00:00","dateModified":"2022-10-22T11:22:10+00:00","breadcrumb":{"@id":"https:\/\/alprofitconsult.al\/en\/tatime\/organizata-jofitimprurese\/deklarimi-dhe-pagesa\/informacioni-vjetor\/#breadcrumb"},"inLanguage":"en-US","potentialAction":[{"@type":"ReadAction","target":["https:\/\/alprofitconsult.al\/en\/tatime\/organizata-jofitimprurese\/deklarimi-dhe-pagesa\/informacioni-vjetor\/"]}]},{"@type":"ImageObject","inLanguage":"en-US","@id":"https:\/\/alprofitconsult.al\/en\/tatime\/organizata-jofitimprurese\/deklarimi-dhe-pagesa\/informacioni-vjetor\/#primaryimage","url":"https:\/\/alprofitconsult.al\/wp-content\/uploads\/2022\/10\/AlProfit-Consult-Informacioni-vjetor-OJF.jpg","contentUrl":"https:\/\/alprofitconsult.al\/wp-content\/uploads\/2022\/10\/AlProfit-Consult-Informacioni-vjetor-OJF.jpg","width":1920,"height":1172},{"@type":"BreadcrumbList","@id":"https:\/\/alprofitconsult.al\/en\/tatime\/organizata-jofitimprurese\/deklarimi-dhe-pagesa\/informacioni-vjetor\/#breadcrumb","itemListElement":[{"@type":"ListItem","position":1,"name":"Kryefaqe","item":"https:\/\/alprofitconsult.al\/"},{"@type":"ListItem","position":2,"name":"Legjislacioni tatimor","item":"https:\/\/alprofitconsult.al\/en\/tatime\/"},{"@type":"ListItem","position":3,"name":"Organizat\u00eb Jofitimprur\u00ebse dhe Ente Publike","item":"https:\/\/alprofitconsult.al\/en\/tatime\/organizata-jofitimprurese\/"},{"@type":"ListItem","position":4,"name":"Deklarimi dhe pagesa: Organizatat Jofitimprur\u00ebse","item":"https:\/\/alprofitconsult.al\/en\/tatime\/organizata-jofitimprurese\/deklarimi-dhe-pagesa\/"},{"@type":"ListItem","position":5,"name":"Informacioni vjetor"}]},{"@type":"WebSite","@id":"https:\/\/alprofitconsult.al\/#website","url":"https:\/\/alprofitconsult.al\/","name":"AlProfit Consult","description":"Accounting Office","publisher":{"@id":"https:\/\/alprofitconsult.al\/#organization"},"potentialAction":[{"@type":"SearchAction","target":{"@type":"EntryPoint","urlTemplate":"https:\/\/alprofitconsult.al\/?s={search_term_string}"},"query-input":{"@type":"PropertyValueSpecification","valueRequired":true,"valueName":"search_term_string"}}],"inLanguage":"en-US"},{"@type":"Organization","@id":"https:\/\/alprofitconsult.al\/#organization","name":"Alprofit Consult","url":"https:\/\/alprofitconsult.al\/","logo":{"@type":"ImageObject","inLanguage":"en-US","@id":"https:\/\/alprofitconsult.al\/#\/schema\/logo\/image\/","url":"https:\/\/alprofitconsult.al\/wp-content\/uploads\/2022\/10\/logoalprofit.png","contentUrl":"https:\/\/alprofitconsult.al\/wp-content\/uploads\/2022\/10\/logoalprofit.png","width":529,"height":156,"caption":"Alprofit Consult"},"image":{"@id":"https:\/\/alprofitconsult.al\/#\/schema\/logo\/image\/"},"sameAs":["https:\/\/www.facebook.com\/AlProfitConsult\/","https:\/\/x.com\/AlProfitConsult","https:\/\/www.linkedin.com\/company\/andi-haxhillari\/","https:\/\/www.pinterest.com\/AlProfitConsult\/","https:\/\/www.youtube.com\/channel\/UCZ5Gfntn161Nla3g1XdRldA","https:\/\/sq.wikipedia.org\/wiki\/P\u00ebrdoruesi:Andi25~sqwiki"]}]}},"_links":{"self":[{"href":"https:\/\/alprofitconsult.al\/en\/wp-json\/wp\/v2\/pages\/16021","targetHints":{"allow":["GET"]}}],"collection":[{"href":"https:\/\/alprofitconsult.al\/en\/wp-json\/wp\/v2\/pages"}],"about":[{"href":"https:\/\/alprofitconsult.al\/en\/wp-json\/wp\/v2\/types\/page"}],"author":[{"embeddable":true,"href":"https:\/\/alprofitconsult.al\/en\/wp-json\/wp\/v2\/users\/1"}],"replies":[{"embeddable":true,"href":"https:\/\/alprofitconsult.al\/en\/wp-json\/wp\/v2\/comments?post=16021"}],"version-history":[{"count":5,"href":"https:\/\/alprofitconsult.al\/en\/wp-json\/wp\/v2\/pages\/16021\/revisions"}],"predecessor-version":[{"id":17118,"href":"https:\/\/alprofitconsult.al\/en\/wp-json\/wp\/v2\/pages\/16021\/revisions\/17118"}],"up":[{"embeddable":true,"href":"https:\/\/alprofitconsult.al\/en\/wp-json\/wp\/v2\/pages\/16020"}],"wp:featuredmedia":[{"embeddable":true,"href":"https:\/\/alprofitconsult.al\/en\/wp-json\/wp\/v2\/media\/16931"}],"wp:attachment":[{"href":"https:\/\/alprofitconsult.al\/en\/wp-json\/wp\/v2\/media?parent=16021"}],"curies":[{"name":"wp","href":"https:\/\/api.w.org\/{rel}","templated":true}]}}