{"id":16023,"date":"2022-10-13T14:16:37","date_gmt":"2022-10-13T14:16:37","guid":{"rendered":"https:\/\/alprofitconsult.al\/?page_id=16023"},"modified":"2022-10-22T11:22:43","modified_gmt":"2022-10-22T11:22:43","slug":"declaration-and-tax-payments","status":"publish","type":"page","link":"https:\/\/alprofitconsult.al\/en\/tatime\/organizata-jofitimprurese\/deklarimi-dhe-pagesa\/deklarimi-dhe-pagesat-e-tatimeve\/","title":{"rendered":"Tax Declaration and Payments"},"content":{"rendered":"<div class=\"yoast-breadcrumbs\"><span><span><a href=\"https:\/\/alprofitconsult.al\/en\/\">Home<\/a><\/span> | <span><a href=\"https:\/\/alprofitconsult.al\/en\/tatime\/\">Tax legislation<\/a><\/span> | <span><a href=\"https:\/\/alprofitconsult.al\/en\/tatime\/organizata-jofitimprurese\/\">Non-Profit Organization and Public Entities<\/a><\/span> | <span><a href=\"https:\/\/alprofitconsult.al\/en\/tatime\/organizata-jofitimprurese\/deklarimi-dhe-pagesa\/\">Declaration and Payment: Non-Profit Organizations<\/a><\/span> | <span class=\"breadcrumb_last\" aria-current=\"page\">Tax Declaration and Payments<\/span><\/span><\/div>\n\n\n<p><\/p>\n\n\n\n<figure class=\"wp-block-image size-large\"><img loading=\"lazy\" decoding=\"async\" width=\"1024\" height=\"693\" src=\"https:\/\/alprofitconsult.al\/wp-content\/uploads\/2022\/10\/AlProfit-Consult-Deklarimi-dhe-pagesat-e-tatimeve-OJF-1024x693.jpg\" alt=\"\" class=\"wp-image-16940\" srcset=\"https:\/\/alprofitconsult.al\/wp-content\/uploads\/2022\/10\/AlProfit-Consult-Deklarimi-dhe-pagesat-e-tatimeve-OJF-1024x693.jpg 1024w, https:\/\/alprofitconsult.al\/wp-content\/uploads\/2022\/10\/AlProfit-Consult-Deklarimi-dhe-pagesat-e-tatimeve-OJF-300x203.jpg 300w, https:\/\/alprofitconsult.al\/wp-content\/uploads\/2022\/10\/AlProfit-Consult-Deklarimi-dhe-pagesat-e-tatimeve-OJF-150x102.jpg 150w, https:\/\/alprofitconsult.al\/wp-content\/uploads\/2022\/10\/AlProfit-Consult-Deklarimi-dhe-pagesat-e-tatimeve-OJF-768x520.jpg 768w, https:\/\/alprofitconsult.al\/wp-content\/uploads\/2022\/10\/AlProfit-Consult-Deklarimi-dhe-pagesat-e-tatimeve-OJF-1536x1040.jpg 1536w, https:\/\/alprofitconsult.al\/wp-content\/uploads\/2022\/10\/AlProfit-Consult-Deklarimi-dhe-pagesat-e-tatimeve-OJF.jpg 1920w\" sizes=\"auto, (max-width: 1024px) 100vw, 1024px\" \/><\/figure>\n\n\n\n<h2 class=\"wp-block-heading\">For Non-Profit Organizations (NPOs)<\/h2>\n\n\n\n<p>The submission of tax declarations is conducted exclusively in electronic format.<\/p>\n\n\n\n<p>To obtain a password or reset it (if forgotten), the entity must visit the taxpayer service counters at the relevant Regional Tax Directorate (DRT) or change it online via e-filing or e-Albania, using the service: \"Reset password for registered taxpayers.\"<\/p>\n\n\n\n<p>The NPO taxpayer submits declarations only for the tax types for which it is liable.<\/p>\n\n\n\n<p>The types of declarations and their submission deadlines are:<\/p>\n\n\n\n<p>i) E-SIG 027: This form is used for the initial declaration of employees after registration, for hiring, and for terminations. After initial registration, every taxpayer must declare the administrator and employees by electronically submitting form E-SIG 027.<\/p>\n\n\n\n<blockquote class=\"wp-block-quote is-layout-flow wp-block-quote-is-layout-flow\"><p>\u25a0 First-time submission (start of activity): No later than 48 hours from the date of registration with the tax authorities.<br>\u25a0 Subsequent submission of E-SIG 027 (hiring or termination): At least 1 calendar day before hiring and no later than 10 days from the employee's termination date.<br>\u25a0E-SIG 025 is the taxpayer's payroll: This form is used to declare three types of taxes: Social Security, Health Insurance, and Employment Income Tax for employees.<\/p><\/blockquote>\n\n\n\n<blockquote class=\"wp-block-quote is-layout-flow wp-block-quote-is-layout-flow\"><p><br>In the case of NPOs, the payroll is submitted monthly.<br>Submission of E-SIG 025: From the 1st to the 20th of the following month.<\/p><\/blockquote>\n\n\n\n<p>i) VAT Declaration and Payment Form (if the NPO is registered for this tax responsibility). It is completed monthly after the sales and purchase books have been updated for all sales and purchases conducted during the tax period (calendar month). Submission of the VAT declaration \u2013 from the 1st to the 14th of the following month.<\/p>\n\n\n\n<p>iii) Profit Tax Declaration (if the NPO is registered for this tax responsibility). The annual profit tax declaration must be submitted by March 31st of the following year.<\/p>\n\n\n\n<p>iv) Withholding Tax Declaration (if the NPO is registered for this tax responsibility). This is used to declare tax withheld at the source for payments made. Submission of the withholding tax declaration \u2013 from the 1st to the 20th of the month following the month in which the payment was made.<\/p>\n\n\n\n<p>Failure to comply with the legal deadlines for the declaration and payment of taxes for which the entity is liable generates penalties as defined by Law <a href=\"https:\/\/alprofitconsult.al\/wp-content\/uploads\/2022\/10\/Ligj-Nr.9920-date-19.05.2008-Per-procedurat-tatimore-ne-Republiken-e-Shqiperise-i-ndryshuar-4.pdf\" target=\"_blank\" rel=\"noreferrer noopener\">No. 9920, dated 19.05.2008<\/a> \"On Tax Procedures in the Republic of Albania\".<\/p>\n\n\n\n<h2 class=\"wp-block-heading\">For Public Entities<\/h2>\n\n\n\n<p>The submission of tax declarations is conducted exclusively in electronic format. To obtain or reset a password, the entity must visit the taxpayer service counters at the relevant Regional Tax Directorate (DRT) or change it online via e-filing or e-Albania, using the service:<a href=\"https:\/\/e-albania.al\/eAlbaniaServices\/UseService.aspx?service_code=13776\" target=\"_blank\" rel=\"noreferrer noopener\">\"Reset password for registered taxpayers.\"<\/a>\u201d.<\/p>\n\n\n\n<p>The entity submits declarations only for the tax types for which it is liable. The types of declarations and their submission deadlines are:<\/p>\n\n\n\n<p>The types of declarations and their submission deadlines are:<\/p>\n\n\n\n<p>A. E-SIG 027 is the form used for the declaration of employees for the first time after registration, as well as for hirings and terminations. After the initial registration, every taxpayer must declare the administrator and employees by electronically submitting form E-SIG 027.<\/p>\n\n\n\n<blockquote class=\"wp-block-quote is-layout-flow wp-block-quote-is-layout-flow\"><p>\u25a0First-time submission of E-SIG 027 (commencement of activity): No later than 48 hours from the date of registration with the tax authorities.<br>\u25a0 Subsequent submission of E-SIG 027 (hiring or termination): No later than 24 hours from the hiring date and no later than 10 days from the employee's termination date.<br>\u25a0B. E-SIG 025 is the taxpayer's payroll. This form is used to declare three types of tax obligations:<br>Social Security Contributions;<br>Health Insurance Contributions;<br>Employment Income Tax for employees.<\/p><\/blockquote>\n\n\n\n<blockquote class=\"wp-block-quote is-layout-flow wp-block-quote-is-layout-flow\"><p>In the case of Public Entities, the payroll is submitted monthly.<br>Submission of E-SIG 025: From the 1st to the 20th of the following month.<\/p><\/blockquote>\n\n\n\n<p>B. Withholding Tax Declaration (If the taxpayer is registered for this tax responsibility)\nThis declaration serves for reporting tax withheld at the source for payments made.<\/p>\n\n\n\n<p>\u25a0Submission of the withholding tax declaration: From the 1st to the 20th of the month following the month in which the payment was made.<\/p>\n\n\n\n<p>Failure to comply with the legal deadlines for the declaration and payment of taxes for which the entity is liable generates penalties as defined by Law <a href=\"https:\/\/alprofitconsult.al\/wp-content\/uploads\/2022\/10\/Ligj-Nr.9920-date-19.05.2008-Per-procedurat-tatimore-ne-Republiken-e-Shqiperise-i-ndryshuar-4.pdf\" target=\"_blank\" rel=\"noreferrer noopener\">No. 9920, dated 19.05.2008<\/a> , \u201cOn Tax Procedures in the Republic of Albania,\u201d as amended.<\/p>\n\n\n\n<h2 class=\"wp-block-heading\">Payments and Deadlines (For NPOs and Public Entities)<\/h2>\n\n\n\n<p>After electronic declaration via e-filing, for the tax types for which they are liable, the taxpayer (if active) must make the payment for the declared tax obligations.<\/p>\n\n\n\n<ul class=\"wp-block-list\"><li>Payment Process: Payments are made by generating payment orders immediately after the declaration.<\/li><li>Payment Channels: Taxpayers can pay tax liabilities electronically through banks or other authorized financial institutions that have entered into agreements with the tax administration to accept these payments.<\/li><li>Deadlines: Payment deadlines are the same as the declaration deadlines.<\/li><li>Weekends and Holidays: When the final deadline for tax payment falls on a non-working day, the payment date shall be the first working day following the holiday.<\/li><li>Currency: All tax payments must be performed in Albanian Lek (ALL).<\/li><\/ul>\n\n\n\n<p>Failure to pay tax liabilities within the deadline is penalized according to the provisions of Law <a href=\"https:\/\/alprofitconsult.al\/wp-content\/uploads\/2022\/10\/Ligj-Nr.9920-date-19.05.2008-Per-procedurat-tatimore-ne-Republiken-e-Shqiperise-i-ndryshuar-4.pdf\" target=\"_blank\" rel=\"noreferrer noopener\">No. 9920, dated 19.05.2008<\/a> \"On Tax Procedures in the Republic of Albania\".<\/p>\n\n\n\n<p>Source: <a href=\"https:\/\/www.tatime.gov.al\/c\/5\/76\/83\/deklarimi-dhe-pagesat-e-tatimeve\" target=\"_blank\" rel=\"noreferrer noopener\">General Directorate of Taxes.<\/a><\/p>\n\n\n<div class=\"gdlr-core-widget-box-shortcode\" style=\"color: #ffffff ;background-color: #000014 ;\"  ><h3 class=\"gdlr-core-widget-box-shortcode-title\" style=\"color: #ffffff ;\"  >Do you have a question?<\/h3><div class=\"gdlr-core-widget-box-shortcode-content\" ><p class=\"translation-block\">Do not hesitate to <a href=\"https:\/\/alprofitconsult.al\/en\/contact\/\" target=\"_self\">contact<\/a> us. We are a team of experts and will be happy to speak with you.<\/p>\n<\/div><\/div>","protected":false},"excerpt":{"rendered":"<p>P\u00ebr Organizatat Jofitimprur\u00ebse Dor\u00ebzimi i deklaratave tatimore b\u00ebhet vet\u00ebm n\u00eb m\u00ebnyr\u00eb elektronike. P\u00ebr pajisjen me fjal\u00ebkalim, si dhe p\u00ebr rivendosje t\u00eb tij (n\u00eb rast harrese) subjekti duhet t\u2019i drejtohet sporteleve t\u00eb sh\u00ebrbimit t\u00eb tatimpaguesve pran\u00eb DRT-s\u00eb s\u00eb juridiksionit, ose mund ta ndryshoj\u00eb online n\u00ebp\u00ebrmjet e-filing ose e-albania.duke p\u00ebrdorur sh\u00ebrbimin \u201cRivendosje fjal\u00ebkalimi p\u00ebr tatimpagues t\u00eb regjistruar\u201d. [&hellip;]<\/p>\n","protected":false},"author":1,"featured_media":16940,"parent":16020,"menu_order":0,"comment_status":"closed","ping_status":"closed","template":"","meta":{"footnotes":""},"class_list":["post-16023","page","type-page","status-publish","has-post-thumbnail","hentry"],"yoast_head":"<!-- This site is optimized with the Yoast SEO plugin v26.5 - https:\/\/yoast.com\/wordpress\/plugins\/seo\/ -->\n<title>Deklarimi dhe pagesat e tatimeve - AlProfit Consult<\/title>\n<meta name=\"robots\" content=\"index, follow, max-snippet:-1, max-image-preview:large, max-video-preview:-1\" \/>\n<link rel=\"canonical\" href=\"https:\/\/alprofitconsult.al\/en\/taxes\/non-profit-organization\/declaration-and-payment\/declaration-and-tax-payments\/\" \/>\n<meta property=\"og:locale\" content=\"en_US\" \/>\n<meta property=\"og:type\" content=\"article\" \/>\n<meta property=\"og:title\" content=\"Deklarimi dhe pagesat e tatimeve - AlProfit Consult\" \/>\n<meta property=\"og:description\" content=\"P\u00ebr Organizatat Jofitimprur\u00ebse Dor\u00ebzimi i deklaratave tatimore b\u00ebhet vet\u00ebm n\u00eb m\u00ebnyr\u00eb elektronike. P\u00ebr pajisjen me fjal\u00ebkalim, si dhe p\u00ebr rivendosje t\u00eb tij (n\u00eb rast harrese) subjekti duhet t\u2019i drejtohet sporteleve t\u00eb sh\u00ebrbimit t\u00eb tatimpaguesve pran\u00eb DRT-s\u00eb s\u00eb juridiksionit, ose mund ta ndryshoj\u00eb online n\u00ebp\u00ebrmjet e-filing ose e-albania.duke p\u00ebrdorur sh\u00ebrbimin \u201cRivendosje fjal\u00ebkalimi p\u00ebr tatimpagues t\u00eb regjistruar\u201d. [&hellip;]\" \/>\n<meta property=\"og:url\" content=\"https:\/\/alprofitconsult.al\/en\/taxes\/non-profit-organization\/declaration-and-payment\/declaration-and-tax-payments\/\" \/>\n<meta property=\"og:site_name\" content=\"AlProfit Consult\" \/>\n<meta property=\"article:publisher\" content=\"https:\/\/www.facebook.com\/AlProfitConsult\/\" \/>\n<meta property=\"article:modified_time\" content=\"2022-10-22T11:22:43+00:00\" \/>\n<meta property=\"og:image\" content=\"https:\/\/alprofitconsult.al\/wp-content\/uploads\/2022\/10\/AlProfit-Consult-Deklarimi-dhe-pagesat-e-tatimeve-OJF.jpg\" \/>\n\t<meta property=\"og:image:width\" content=\"1920\" \/>\n\t<meta property=\"og:image:height\" content=\"1300\" \/>\n\t<meta property=\"og:image:type\" content=\"image\/jpeg\" \/>\n<meta name=\"twitter:card\" content=\"summary_large_image\" \/>\n<meta name=\"twitter:site\" content=\"@AlProfitConsult\" \/>\n<meta name=\"twitter:label1\" content=\"Est. reading time\" \/>\n\t<meta name=\"twitter:data1\" content=\"5 minutes\" \/>\n<script type=\"application\/ld+json\" class=\"yoast-schema-graph\">{\"@context\":\"https:\/\/schema.org\",\"@graph\":[{\"@type\":\"WebPage\",\"@id\":\"https:\/\/alprofitconsult.al\/en\/tatime\/organizata-jofitimprurese\/deklarimi-dhe-pagesa\/deklarimi-dhe-pagesat-e-tatimeve\/\",\"url\":\"https:\/\/alprofitconsult.al\/en\/tatime\/organizata-jofitimprurese\/deklarimi-dhe-pagesa\/deklarimi-dhe-pagesat-e-tatimeve\/\",\"name\":\"Deklarimi dhe pagesat e tatimeve - AlProfit Consult\",\"isPartOf\":{\"@id\":\"https:\/\/alprofitconsult.al\/#website\"},\"primaryImageOfPage\":{\"@id\":\"https:\/\/alprofitconsult.al\/en\/tatime\/organizata-jofitimprurese\/deklarimi-dhe-pagesa\/deklarimi-dhe-pagesat-e-tatimeve\/#primaryimage\"},\"image\":{\"@id\":\"https:\/\/alprofitconsult.al\/en\/tatime\/organizata-jofitimprurese\/deklarimi-dhe-pagesa\/deklarimi-dhe-pagesat-e-tatimeve\/#primaryimage\"},\"thumbnailUrl\":\"https:\/\/alprofitconsult.al\/wp-content\/uploads\/2022\/10\/AlProfit-Consult-Deklarimi-dhe-pagesat-e-tatimeve-OJF.jpg\",\"datePublished\":\"2022-10-13T14:16:37+00:00\",\"dateModified\":\"2022-10-22T11:22:43+00:00\",\"breadcrumb\":{\"@id\":\"https:\/\/alprofitconsult.al\/en\/tatime\/organizata-jofitimprurese\/deklarimi-dhe-pagesa\/deklarimi-dhe-pagesat-e-tatimeve\/#breadcrumb\"},\"inLanguage\":\"en-US\",\"potentialAction\":[{\"@type\":\"ReadAction\",\"target\":[\"https:\/\/alprofitconsult.al\/en\/tatime\/organizata-jofitimprurese\/deklarimi-dhe-pagesa\/deklarimi-dhe-pagesat-e-tatimeve\/\"]}]},{\"@type\":\"ImageObject\",\"inLanguage\":\"en-US\",\"@id\":\"https:\/\/alprofitconsult.al\/en\/tatime\/organizata-jofitimprurese\/deklarimi-dhe-pagesa\/deklarimi-dhe-pagesat-e-tatimeve\/#primaryimage\",\"url\":\"https:\/\/alprofitconsult.al\/wp-content\/uploads\/2022\/10\/AlProfit-Consult-Deklarimi-dhe-pagesat-e-tatimeve-OJF.jpg\",\"contentUrl\":\"https:\/\/alprofitconsult.al\/wp-content\/uploads\/2022\/10\/AlProfit-Consult-Deklarimi-dhe-pagesat-e-tatimeve-OJF.jpg\",\"width\":1920,\"height\":1300},{\"@type\":\"BreadcrumbList\",\"@id\":\"https:\/\/alprofitconsult.al\/en\/tatime\/organizata-jofitimprurese\/deklarimi-dhe-pagesa\/deklarimi-dhe-pagesat-e-tatimeve\/#breadcrumb\",\"itemListElement\":[{\"@type\":\"ListItem\",\"position\":1,\"name\":\"Kryefaqe\",\"item\":\"https:\/\/alprofitconsult.al\/\"},{\"@type\":\"ListItem\",\"position\":2,\"name\":\"Legjislacioni tatimor\",\"item\":\"https:\/\/alprofitconsult.al\/en\/tatime\/\"},{\"@type\":\"ListItem\",\"position\":3,\"name\":\"Organizat\u00eb Jofitimprur\u00ebse dhe Ente Publike\",\"item\":\"https:\/\/alprofitconsult.al\/en\/tatime\/organizata-jofitimprurese\/\"},{\"@type\":\"ListItem\",\"position\":4,\"name\":\"Deklarimi dhe pagesa: Organizatat Jofitimprur\u00ebse\",\"item\":\"https:\/\/alprofitconsult.al\/en\/tatime\/organizata-jofitimprurese\/deklarimi-dhe-pagesa\/\"},{\"@type\":\"ListItem\",\"position\":5,\"name\":\"Deklarimi dhe pagesat e tatimeve\"}]},{\"@type\":\"WebSite\",\"@id\":\"https:\/\/alprofitconsult.al\/#website\",\"url\":\"https:\/\/alprofitconsult.al\/\",\"name\":\"AlProfit Consult\",\"description\":\"Zyr\u00eb Kontabiliteti\",\"publisher\":{\"@id\":\"https:\/\/alprofitconsult.al\/#organization\"},\"potentialAction\":[{\"@type\":\"SearchAction\",\"target\":{\"@type\":\"EntryPoint\",\"urlTemplate\":\"https:\/\/alprofitconsult.al\/?s={search_term_string}\"},\"query-input\":{\"@type\":\"PropertyValueSpecification\",\"valueRequired\":true,\"valueName\":\"search_term_string\"}}],\"inLanguage\":\"en-US\"},{\"@type\":\"Organization\",\"@id\":\"https:\/\/alprofitconsult.al\/#organization\",\"name\":\"Alprofit Consult\",\"url\":\"https:\/\/alprofitconsult.al\/\",\"logo\":{\"@type\":\"ImageObject\",\"inLanguage\":\"en-US\",\"@id\":\"https:\/\/alprofitconsult.al\/#\/schema\/logo\/image\/\",\"url\":\"https:\/\/alprofitconsult.al\/wp-content\/uploads\/2022\/10\/logoalprofit.png\",\"contentUrl\":\"https:\/\/alprofitconsult.al\/wp-content\/uploads\/2022\/10\/logoalprofit.png\",\"width\":529,\"height\":156,\"caption\":\"Alprofit Consult\"},\"image\":{\"@id\":\"https:\/\/alprofitconsult.al\/#\/schema\/logo\/image\/\"},\"sameAs\":[\"https:\/\/www.facebook.com\/AlProfitConsult\/\",\"https:\/\/x.com\/AlProfitConsult\",\"https:\/\/www.linkedin.com\/company\/andi-haxhillari\/\",\"https:\/\/www.pinterest.com\/AlProfitConsult\/\",\"https:\/\/www.youtube.com\/channel\/UCZ5Gfntn161Nla3g1XdRldA\",\"https:\/\/sq.wikipedia.org\/wiki\/P\u00ebrdoruesi:Andi25~sqwiki\"]}]}<\/script>\n<!-- \/ Yoast SEO plugin. -->","yoast_head_json":{"title":"Tax declaration and payments - AlProfit Consult","robots":{"index":"index","follow":"follow","max-snippet":"max-snippet:-1","max-image-preview":"max-image-preview:large","max-video-preview":"max-video-preview:-1"},"canonical":"https:\/\/alprofitconsult.al\/en\/taxes\/non-profit-organization\/declaration-and-payment\/declaration-and-tax-payments\/","og_locale":"en_US","og_type":"article","og_title":"Deklarimi dhe pagesat e tatimeve - AlProfit Consult","og_description":"P\u00ebr Organizatat Jofitimprur\u00ebse Dor\u00ebzimi i deklaratave tatimore b\u00ebhet vet\u00ebm n\u00eb m\u00ebnyr\u00eb elektronike. P\u00ebr pajisjen me fjal\u00ebkalim, si dhe p\u00ebr rivendosje t\u00eb tij (n\u00eb rast harrese) subjekti duhet t\u2019i drejtohet sporteleve t\u00eb sh\u00ebrbimit t\u00eb tatimpaguesve pran\u00eb DRT-s\u00eb s\u00eb juridiksionit, ose mund ta ndryshoj\u00eb online n\u00ebp\u00ebrmjet e-filing ose e-albania.duke p\u00ebrdorur sh\u00ebrbimin \u201cRivendosje fjal\u00ebkalimi p\u00ebr tatimpagues t\u00eb regjistruar\u201d. [&hellip;]","og_url":"https:\/\/alprofitconsult.al\/en\/taxes\/non-profit-organization\/declaration-and-payment\/declaration-and-tax-payments\/","og_site_name":"AlProfit Consult","article_publisher":"https:\/\/www.facebook.com\/AlProfitConsult\/","article_modified_time":"2022-10-22T11:22:43+00:00","og_image":[{"width":1920,"height":1300,"url":"https:\/\/alprofitconsult.al\/wp-content\/uploads\/2022\/10\/AlProfit-Consult-Deklarimi-dhe-pagesat-e-tatimeve-OJF.jpg","type":"image\/jpeg"}],"twitter_card":"summary_large_image","twitter_site":"@AlProfitConsult","twitter_misc":{"Est. reading time":"5 minutes"},"schema":{"@context":"https:\/\/schema.org","@graph":[{"@type":"WebPage","@id":"https:\/\/alprofitconsult.al\/en\/tatime\/organizata-jofitimprurese\/deklarimi-dhe-pagesa\/deklarimi-dhe-pagesat-e-tatimeve\/","url":"https:\/\/alprofitconsult.al\/en\/tatime\/organizata-jofitimprurese\/deklarimi-dhe-pagesa\/deklarimi-dhe-pagesat-e-tatimeve\/","name":"Tax declaration and payments - AlProfit Consult","isPartOf":{"@id":"https:\/\/alprofitconsult.al\/#website"},"primaryImageOfPage":{"@id":"https:\/\/alprofitconsult.al\/en\/tatime\/organizata-jofitimprurese\/deklarimi-dhe-pagesa\/deklarimi-dhe-pagesat-e-tatimeve\/#primaryimage"},"image":{"@id":"https:\/\/alprofitconsult.al\/en\/tatime\/organizata-jofitimprurese\/deklarimi-dhe-pagesa\/deklarimi-dhe-pagesat-e-tatimeve\/#primaryimage"},"thumbnailUrl":"https:\/\/alprofitconsult.al\/wp-content\/uploads\/2022\/10\/AlProfit-Consult-Deklarimi-dhe-pagesat-e-tatimeve-OJF.jpg","datePublished":"2022-10-13T14:16:37+00:00","dateModified":"2022-10-22T11:22:43+00:00","breadcrumb":{"@id":"https:\/\/alprofitconsult.al\/en\/tatime\/organizata-jofitimprurese\/deklarimi-dhe-pagesa\/deklarimi-dhe-pagesat-e-tatimeve\/#breadcrumb"},"inLanguage":"en-US","potentialAction":[{"@type":"ReadAction","target":["https:\/\/alprofitconsult.al\/en\/tatime\/organizata-jofitimprurese\/deklarimi-dhe-pagesa\/deklarimi-dhe-pagesat-e-tatimeve\/"]}]},{"@type":"ImageObject","inLanguage":"en-US","@id":"https:\/\/alprofitconsult.al\/en\/tatime\/organizata-jofitimprurese\/deklarimi-dhe-pagesa\/deklarimi-dhe-pagesat-e-tatimeve\/#primaryimage","url":"https:\/\/alprofitconsult.al\/wp-content\/uploads\/2022\/10\/AlProfit-Consult-Deklarimi-dhe-pagesat-e-tatimeve-OJF.jpg","contentUrl":"https:\/\/alprofitconsult.al\/wp-content\/uploads\/2022\/10\/AlProfit-Consult-Deklarimi-dhe-pagesat-e-tatimeve-OJF.jpg","width":1920,"height":1300},{"@type":"BreadcrumbList","@id":"https:\/\/alprofitconsult.al\/en\/tatime\/organizata-jofitimprurese\/deklarimi-dhe-pagesa\/deklarimi-dhe-pagesat-e-tatimeve\/#breadcrumb","itemListElement":[{"@type":"ListItem","position":1,"name":"Kryefaqe","item":"https:\/\/alprofitconsult.al\/"},{"@type":"ListItem","position":2,"name":"Legjislacioni tatimor","item":"https:\/\/alprofitconsult.al\/en\/tatime\/"},{"@type":"ListItem","position":3,"name":"Organizat\u00eb Jofitimprur\u00ebse dhe Ente Publike","item":"https:\/\/alprofitconsult.al\/en\/tatime\/organizata-jofitimprurese\/"},{"@type":"ListItem","position":4,"name":"Deklarimi dhe pagesa: Organizatat Jofitimprur\u00ebse","item":"https:\/\/alprofitconsult.al\/en\/tatime\/organizata-jofitimprurese\/deklarimi-dhe-pagesa\/"},{"@type":"ListItem","position":5,"name":"Deklarimi dhe pagesat e tatimeve"}]},{"@type":"WebSite","@id":"https:\/\/alprofitconsult.al\/#website","url":"https:\/\/alprofitconsult.al\/","name":"AlProfit Consult","description":"Accounting Office","publisher":{"@id":"https:\/\/alprofitconsult.al\/#organization"},"potentialAction":[{"@type":"SearchAction","target":{"@type":"EntryPoint","urlTemplate":"https:\/\/alprofitconsult.al\/?s={search_term_string}"},"query-input":{"@type":"PropertyValueSpecification","valueRequired":true,"valueName":"search_term_string"}}],"inLanguage":"en-US"},{"@type":"Organization","@id":"https:\/\/alprofitconsult.al\/#organization","name":"Alprofit Consult","url":"https:\/\/alprofitconsult.al\/","logo":{"@type":"ImageObject","inLanguage":"en-US","@id":"https:\/\/alprofitconsult.al\/#\/schema\/logo\/image\/","url":"https:\/\/alprofitconsult.al\/wp-content\/uploads\/2022\/10\/logoalprofit.png","contentUrl":"https:\/\/alprofitconsult.al\/wp-content\/uploads\/2022\/10\/logoalprofit.png","width":529,"height":156,"caption":"Alprofit Consult"},"image":{"@id":"https:\/\/alprofitconsult.al\/#\/schema\/logo\/image\/"},"sameAs":["https:\/\/www.facebook.com\/AlProfitConsult\/","https:\/\/x.com\/AlProfitConsult","https:\/\/www.linkedin.com\/company\/andi-haxhillari\/","https:\/\/www.pinterest.com\/AlProfitConsult\/","https:\/\/www.youtube.com\/channel\/UCZ5Gfntn161Nla3g1XdRldA","https:\/\/sq.wikipedia.org\/wiki\/P\u00ebrdoruesi:Andi25~sqwiki"]}]}},"_links":{"self":[{"href":"https:\/\/alprofitconsult.al\/en\/wp-json\/wp\/v2\/pages\/16023","targetHints":{"allow":["GET"]}}],"collection":[{"href":"https:\/\/alprofitconsult.al\/en\/wp-json\/wp\/v2\/pages"}],"about":[{"href":"https:\/\/alprofitconsult.al\/en\/wp-json\/wp\/v2\/types\/page"}],"author":[{"embeddable":true,"href":"https:\/\/alprofitconsult.al\/en\/wp-json\/wp\/v2\/users\/1"}],"replies":[{"embeddable":true,"href":"https:\/\/alprofitconsult.al\/en\/wp-json\/wp\/v2\/comments?post=16023"}],"version-history":[{"count":3,"href":"https:\/\/alprofitconsult.al\/en\/wp-json\/wp\/v2\/pages\/16023\/revisions"}],"predecessor-version":[{"id":17120,"href":"https:\/\/alprofitconsult.al\/en\/wp-json\/wp\/v2\/pages\/16023\/revisions\/17120"}],"up":[{"embeddable":true,"href":"https:\/\/alprofitconsult.al\/en\/wp-json\/wp\/v2\/pages\/16020"}],"wp:featuredmedia":[{"embeddable":true,"href":"https:\/\/alprofitconsult.al\/en\/wp-json\/wp\/v2\/media\/16940"}],"wp:attachment":[{"href":"https:\/\/alprofitconsult.al\/en\/wp-json\/wp\/v2\/media?parent=16023"}],"curies":[{"name":"wp","href":"https:\/\/api.w.org\/{rel}","templated":true}]}}