{"id":16024,"date":"2022-10-13T14:16:38","date_gmt":"2022-10-13T14:16:38","guid":{"rendered":"https:\/\/alprofitconsult.al\/?page_id=16024"},"modified":"2024-11-30T19:57:18","modified_gmt":"2024-11-30T19:57:18","slug":"taxpayer-financial-statements-ofis-and-public-institutions","status":"publish","type":"page","link":"https:\/\/alprofitconsult.al\/en\/tatime\/organizata-jofitimprurese\/deklarimi-dhe-pagesa\/veshtiresite-financiare-te-tatimpaguesve-ojf-dhe-ente-publike\/","title":{"rendered":"Financial Difficulties of NPO and Public Entity Taxpayers"},"content":{"rendered":"<div class=\"yoast-breadcrumbs\"><span><span><a href=\"https:\/\/alprofitconsult.al\/en\/\">Home<\/a><\/span> | <span><a href=\"https:\/\/alprofitconsult.al\/en\/tatime\/\">Tax legislation<\/a><\/span> | <span><a href=\"https:\/\/alprofitconsult.al\/en\/tatime\/organizata-jofitimprurese\/\">Non-Profit Organization and Public Entities<\/a><\/span> | <span><a href=\"https:\/\/alprofitconsult.al\/en\/tatime\/organizata-jofitimprurese\/deklarimi-dhe-pagesa\/\">Declaration and Payment: Non-Profit Organizations<\/a><\/span> | <span class=\"breadcrumb_last\" aria-current=\"page\">Financial Difficulties of NPO and Public Entity Taxpayers<\/span><\/span><\/div>\n\n\n<p><\/p>\n\n\n\n<figure class=\"wp-block-image size-large\"><img loading=\"lazy\" decoding=\"async\" width=\"1024\" height=\"683\" src=\"https:\/\/alprofitconsult.al\/wp-content\/uploads\/2022\/10\/AlProfit-Consult-Veshtiresite-financiare-te-tatimpaguesve-OJF-dhe-Ente-Publike-1024x683.jpg\" alt=\"\" class=\"wp-image-16943\" srcset=\"https:\/\/alprofitconsult.al\/wp-content\/uploads\/2022\/10\/AlProfit-Consult-Veshtiresite-financiare-te-tatimpaguesve-OJF-dhe-Ente-Publike-1024x683.jpg 1024w, https:\/\/alprofitconsult.al\/wp-content\/uploads\/2022\/10\/AlProfit-Consult-Veshtiresite-financiare-te-tatimpaguesve-OJF-dhe-Ente-Publike-300x200.jpg 300w, https:\/\/alprofitconsult.al\/wp-content\/uploads\/2022\/10\/AlProfit-Consult-Veshtiresite-financiare-te-tatimpaguesve-OJF-dhe-Ente-Publike-150x100.jpg 150w, https:\/\/alprofitconsult.al\/wp-content\/uploads\/2022\/10\/AlProfit-Consult-Veshtiresite-financiare-te-tatimpaguesve-OJF-dhe-Ente-Publike-768x512.jpg 768w, https:\/\/alprofitconsult.al\/wp-content\/uploads\/2022\/10\/AlProfit-Consult-Veshtiresite-financiare-te-tatimpaguesve-OJF-dhe-Ente-Publike-1536x1025.jpg 1536w, https:\/\/alprofitconsult.al\/wp-content\/uploads\/2022\/10\/AlProfit-Consult-Veshtiresite-financiare-te-tatimpaguesve-OJF-dhe-Ente-Publike.jpg 1920w\" sizes=\"auto, (max-width: 1024px) 100vw, 1024px\" \/><\/figure>\n\n\n\n<p><\/p>\n\n\n\n<p>The Tax Administration will examine taxpayer cases individually, analyzing and including every influencing factor, the history of the NPO or Public Entity taxpayer, and providing a detailed review for each type of unpaid tax.<\/p>\n\n\n\n<blockquote class=\"wp-block-quote is-layout-flow wp-block-quote-is-layout-flow\">\n<p>When financial circumstances prevent an entity from paying tax liabilities on time, it may be permitted to enter into an installment payment agreement at any time. <\/p>\n<\/blockquote>\n\n\n\n<p>Simultaneously, the taxpayer must prove that they are in a state of financial inability to pay the tax liability in full and demonstrate that, despite the financial circumstances, they are able to fulfill the agreement.<\/p>\n\n\n\n<p>The tax administration cannot enter into an installment payment agreement if the auction procedure for the sale of confiscated assets for that outstanding tax liability has already commenced.<\/p>\n\n\n\n<ul class=\"wp-block-list\">\n<li>The request must be made in writing and addressed to the director of the regional directorate or the head of a similar unit in the regional directorate where the taxpayer is registered.<\/li>\n\n\n\n<li>The request must be made within 15 days from the date the assessment notice is considered received. The installment payment agreement is made in writing, within 10 calendar days from the date of submission of the request, and is signed by the taxpayer and the director of the regional directorate or the head of a similar unit.<\/li>\n\n\n\n<li>To sign an installment payment agreement, the taxpayer is obliged to immediately pay at least twenty % of the value of the liability for which the agreement is concluded.<\/li>\n<\/ul>\n\n\n\n<p>The installment payment agreement is concluded for a period starting from the date of signing until the end of the next calendar year following the moment of the drafting of the agreement.<\/p>\n\n\n\n<p>Upon signing an installment payment agreement for a tax liability, late payment interest continues to be paid for the tax liability, but no late payment penalty is calculated.<\/p>\n\n\n\n<p>Once the taxable person presents the document of this guarantee, the director of the regional tax directorate may agree to sign the installment payment agreement for the unpaid tax liabilities.<\/p>\n\n\n\n<p>The guarantee must be provided by one of the banks, of which the taxable person requesting the installment payment is a client. In this case, the bank issuing the guarantee becomes the guarantor for the liability of the taxable person.<br>The director of the regional tax directorate, when the request of the taxable person is unsubstantiated and unjustified by the circumstances, may reject the request for an installment payment agreement or may require a bank guarantee before entering into such an agreement.<\/p>\n\n\n\n<p>The installment payment agreement may be terminated by the Tax Administration at the earliest moment that the taxable person does not comply with it regarding the regularity of payments, as well as when they do not pay other tax liabilities that arise during the period covered by the agreement.<\/p>\n\n\n\n<p>In this case, the taxable person is obliged to pay all unpaid tax liabilities covered by this agreement within 30 calendar days from the date of the decision to terminate the agreement. If these liabilities are not paid, the Tax Administration collects the liabilities in accordance with the legal provisions.<\/p>\n\n\n\n<p>Source: <a href=\"https:\/\/www.tatime.gov.al\/c\/5\/76\/84\/veshtiresite-financiare\" target=\"_blank\" rel=\"noreferrer noopener\">General Directorate of Taxes.<\/a><\/p>\n\n\n<div class=\"gdlr-core-widget-box-shortcode\" style=\"color: #ffffff ;background-color: #000014 ;\"  ><h3 class=\"gdlr-core-widget-box-shortcode-title\" style=\"color: #ffffff ;\"  >Do you have a question?<\/h3><div class=\"gdlr-core-widget-box-shortcode-content\" ><p class=\"translation-block\">Do not hesitate to <a href=\"https:\/\/alprofitconsult.al\/en\/contact\/\" target=\"_self\">contact<\/a> us. We are a team of experts and will be happy to speak with you.<\/p>\n<\/div><\/div>\n\n\n\n<p><\/p>","protected":false},"excerpt":{"rendered":"<p>Administrata Tatimore do t\u00eb shqyrtoj\u00eb rastet e tatimpaguesve ve\u00e7 e ve\u00e7, duke analizuar dhe p\u00ebrfshir\u00eb \u00e7do faktor ndikues, historikun e tatimpaguesit OJF dhe Ente Publike, si dhe m\u00eb n\u00eb detaj p\u00ebr \u00e7do lloj tatimi t\u00eb papaguar. Kur nj\u00eb rrethan\u00eb financiare pengon subjektin p\u00ebr t\u00eb paguar n\u00eb afat detyrimet tatimore, ai mund t\u00eb lejohet t\u00eb lidh\u00eb [&hellip;]<\/p>\n","protected":false},"author":1,"featured_media":16943,"parent":16020,"menu_order":0,"comment_status":"closed","ping_status":"closed","template":"","meta":{"footnotes":""},"class_list":["post-16024","page","type-page","status-publish","has-post-thumbnail","hentry"],"yoast_head":"<!-- This site is optimized with the Yoast SEO plugin v26.5 - https:\/\/yoast.com\/wordpress\/plugins\/seo\/ -->\n<title>V\u00ebshtir\u00ebsit\u00eb financiare t\u00eb tatimpaguesve OJF dhe Ente Publike - AlProfit Consult<\/title>\n<meta name=\"robots\" content=\"index, follow, max-snippet:-1, max-image-preview:large, max-video-preview:-1\" \/>\n<link rel=\"canonical\" href=\"https:\/\/alprofitconsult.al\/en\/taxes\/non-profit-organization\/declaration-and-payment\/taxpayer-financial-statements-ofis-and-public-institutions\/\" \/>\n<meta property=\"og:locale\" content=\"en_US\" \/>\n<meta property=\"og:type\" content=\"article\" \/>\n<meta property=\"og:title\" content=\"V\u00ebshtir\u00ebsit\u00eb financiare t\u00eb tatimpaguesve OJF dhe Ente Publike - AlProfit Consult\" \/>\n<meta property=\"og:description\" content=\"Administrata Tatimore do t\u00eb shqyrtoj\u00eb rastet e tatimpaguesve ve\u00e7 e ve\u00e7, duke analizuar dhe p\u00ebrfshir\u00eb \u00e7do faktor ndikues, historikun e tatimpaguesit OJF dhe Ente Publike, si dhe m\u00eb n\u00eb detaj p\u00ebr \u00e7do lloj tatimi t\u00eb papaguar. Kur nj\u00eb rrethan\u00eb financiare pengon subjektin p\u00ebr t\u00eb paguar n\u00eb afat detyrimet tatimore, ai mund t\u00eb lejohet t\u00eb lidh\u00eb [&hellip;]\" \/>\n<meta property=\"og:url\" content=\"https:\/\/alprofitconsult.al\/en\/taxes\/non-profit-organization\/declaration-and-payment\/taxpayer-financial-statements-ofis-and-public-institutions\/\" \/>\n<meta property=\"og:site_name\" content=\"AlProfit Consult\" \/>\n<meta property=\"article:publisher\" content=\"https:\/\/www.facebook.com\/AlProfitConsult\/\" \/>\n<meta property=\"article:modified_time\" content=\"2024-11-30T19:57:18+00:00\" \/>\n<meta property=\"og:image\" content=\"https:\/\/alprofitconsult.al\/wp-content\/uploads\/2022\/10\/AlProfit-Consult-Veshtiresite-financiare-te-tatimpaguesve-OJF-dhe-Ente-Publike.jpg\" \/>\n\t<meta property=\"og:image:width\" content=\"1920\" \/>\n\t<meta property=\"og:image:height\" content=\"1281\" \/>\n\t<meta property=\"og:image:type\" content=\"image\/jpeg\" \/>\n<meta name=\"twitter:card\" content=\"summary_large_image\" \/>\n<meta name=\"twitter:site\" content=\"@AlProfitConsult\" \/>\n<meta name=\"twitter:label1\" content=\"Est. reading time\" \/>\n\t<meta name=\"twitter:data1\" content=\"3 minutes\" \/>\n<script type=\"application\/ld+json\" class=\"yoast-schema-graph\">{\"@context\":\"https:\/\/schema.org\",\"@graph\":[{\"@type\":\"WebPage\",\"@id\":\"https:\/\/alprofitconsult.al\/en\/tatime\/organizata-jofitimprurese\/deklarimi-dhe-pagesa\/veshtiresite-financiare-te-tatimpaguesve-ojf-dhe-ente-publike\/\",\"url\":\"https:\/\/alprofitconsult.al\/en\/tatime\/organizata-jofitimprurese\/deklarimi-dhe-pagesa\/veshtiresite-financiare-te-tatimpaguesve-ojf-dhe-ente-publike\/\",\"name\":\"V\u00ebshtir\u00ebsit\u00eb financiare t\u00eb tatimpaguesve OJF dhe Ente Publike - AlProfit Consult\",\"isPartOf\":{\"@id\":\"https:\/\/alprofitconsult.al\/#website\"},\"primaryImageOfPage\":{\"@id\":\"https:\/\/alprofitconsult.al\/en\/tatime\/organizata-jofitimprurese\/deklarimi-dhe-pagesa\/veshtiresite-financiare-te-tatimpaguesve-ojf-dhe-ente-publike\/#primaryimage\"},\"image\":{\"@id\":\"https:\/\/alprofitconsult.al\/en\/tatime\/organizata-jofitimprurese\/deklarimi-dhe-pagesa\/veshtiresite-financiare-te-tatimpaguesve-ojf-dhe-ente-publike\/#primaryimage\"},\"thumbnailUrl\":\"https:\/\/alprofitconsult.al\/wp-content\/uploads\/2022\/10\/AlProfit-Consult-Veshtiresite-financiare-te-tatimpaguesve-OJF-dhe-Ente-Publike.jpg\",\"datePublished\":\"2022-10-13T14:16:38+00:00\",\"dateModified\":\"2024-11-30T19:57:18+00:00\",\"breadcrumb\":{\"@id\":\"https:\/\/alprofitconsult.al\/en\/tatime\/organizata-jofitimprurese\/deklarimi-dhe-pagesa\/veshtiresite-financiare-te-tatimpaguesve-ojf-dhe-ente-publike\/#breadcrumb\"},\"inLanguage\":\"en-US\",\"potentialAction\":[{\"@type\":\"ReadAction\",\"target\":[\"https:\/\/alprofitconsult.al\/en\/tatime\/organizata-jofitimprurese\/deklarimi-dhe-pagesa\/veshtiresite-financiare-te-tatimpaguesve-ojf-dhe-ente-publike\/\"]}]},{\"@type\":\"ImageObject\",\"inLanguage\":\"en-US\",\"@id\":\"https:\/\/alprofitconsult.al\/en\/tatime\/organizata-jofitimprurese\/deklarimi-dhe-pagesa\/veshtiresite-financiare-te-tatimpaguesve-ojf-dhe-ente-publike\/#primaryimage\",\"url\":\"https:\/\/alprofitconsult.al\/wp-content\/uploads\/2022\/10\/AlProfit-Consult-Veshtiresite-financiare-te-tatimpaguesve-OJF-dhe-Ente-Publike.jpg\",\"contentUrl\":\"https:\/\/alprofitconsult.al\/wp-content\/uploads\/2022\/10\/AlProfit-Consult-Veshtiresite-financiare-te-tatimpaguesve-OJF-dhe-Ente-Publike.jpg\",\"width\":1920,\"height\":1281},{\"@type\":\"BreadcrumbList\",\"@id\":\"https:\/\/alprofitconsult.al\/en\/tatime\/organizata-jofitimprurese\/deklarimi-dhe-pagesa\/veshtiresite-financiare-te-tatimpaguesve-ojf-dhe-ente-publike\/#breadcrumb\",\"itemListElement\":[{\"@type\":\"ListItem\",\"position\":1,\"name\":\"Kryefaqe\",\"item\":\"https:\/\/alprofitconsult.al\/\"},{\"@type\":\"ListItem\",\"position\":2,\"name\":\"Legjislacioni tatimor\",\"item\":\"https:\/\/alprofitconsult.al\/en\/tatime\/\"},{\"@type\":\"ListItem\",\"position\":3,\"name\":\"Organizat\u00eb Jofitimprur\u00ebse dhe Ente Publike\",\"item\":\"https:\/\/alprofitconsult.al\/en\/tatime\/organizata-jofitimprurese\/\"},{\"@type\":\"ListItem\",\"position\":4,\"name\":\"Deklarimi dhe pagesa: Organizatat Jofitimprur\u00ebse\",\"item\":\"https:\/\/alprofitconsult.al\/en\/tatime\/organizata-jofitimprurese\/deklarimi-dhe-pagesa\/\"},{\"@type\":\"ListItem\",\"position\":5,\"name\":\"V\u00ebshtir\u00ebsit\u00eb financiare t\u00eb tatimpaguesve OJF dhe Ente Publike\"}]},{\"@type\":\"WebSite\",\"@id\":\"https:\/\/alprofitconsult.al\/#website\",\"url\":\"https:\/\/alprofitconsult.al\/\",\"name\":\"AlProfit Consult\",\"description\":\"Zyr\u00eb Kontabiliteti\",\"publisher\":{\"@id\":\"https:\/\/alprofitconsult.al\/#organization\"},\"potentialAction\":[{\"@type\":\"SearchAction\",\"target\":{\"@type\":\"EntryPoint\",\"urlTemplate\":\"https:\/\/alprofitconsult.al\/?s={search_term_string}\"},\"query-input\":{\"@type\":\"PropertyValueSpecification\",\"valueRequired\":true,\"valueName\":\"search_term_string\"}}],\"inLanguage\":\"en-US\"},{\"@type\":\"Organization\",\"@id\":\"https:\/\/alprofitconsult.al\/#organization\",\"name\":\"Alprofit Consult\",\"url\":\"https:\/\/alprofitconsult.al\/\",\"logo\":{\"@type\":\"ImageObject\",\"inLanguage\":\"en-US\",\"@id\":\"https:\/\/alprofitconsult.al\/#\/schema\/logo\/image\/\",\"url\":\"https:\/\/alprofitconsult.al\/wp-content\/uploads\/2022\/10\/logoalprofit.png\",\"contentUrl\":\"https:\/\/alprofitconsult.al\/wp-content\/uploads\/2022\/10\/logoalprofit.png\",\"width\":529,\"height\":156,\"caption\":\"Alprofit Consult\"},\"image\":{\"@id\":\"https:\/\/alprofitconsult.al\/#\/schema\/logo\/image\/\"},\"sameAs\":[\"https:\/\/www.facebook.com\/AlProfitConsult\/\",\"https:\/\/x.com\/AlProfitConsult\",\"https:\/\/www.linkedin.com\/company\/andi-haxhillari\/\",\"https:\/\/www.pinterest.com\/AlProfitConsult\/\",\"https:\/\/www.youtube.com\/channel\/UCZ5Gfntn161Nla3g1XdRldA\",\"https:\/\/sq.wikipedia.org\/wiki\/P\u00ebrdoruesi:Andi25~sqwiki\"]}]}<\/script>\n<!-- \/ Yoast SEO plugin. -->","yoast_head_json":{"title":"Financial Difficulties of NGOs and Public Entities - AlProfit Consult","robots":{"index":"index","follow":"follow","max-snippet":"max-snippet:-1","max-image-preview":"max-image-preview:large","max-video-preview":"max-video-preview:-1"},"canonical":"https:\/\/alprofitconsult.al\/en\/taxes\/non-profit-organization\/declaration-and-payment\/taxpayer-financial-statements-ofis-and-public-institutions\/","og_locale":"en_US","og_type":"article","og_title":"V\u00ebshtir\u00ebsit\u00eb financiare t\u00eb tatimpaguesve OJF dhe Ente Publike - AlProfit Consult","og_description":"Administrata Tatimore do t\u00eb shqyrtoj\u00eb rastet e tatimpaguesve ve\u00e7 e ve\u00e7, duke analizuar dhe p\u00ebrfshir\u00eb \u00e7do faktor ndikues, historikun e tatimpaguesit OJF dhe Ente Publike, si dhe m\u00eb n\u00eb detaj p\u00ebr \u00e7do lloj tatimi t\u00eb papaguar. Kur nj\u00eb rrethan\u00eb financiare pengon subjektin p\u00ebr t\u00eb paguar n\u00eb afat detyrimet tatimore, ai mund t\u00eb lejohet t\u00eb lidh\u00eb [&hellip;]","og_url":"https:\/\/alprofitconsult.al\/en\/taxes\/non-profit-organization\/declaration-and-payment\/taxpayer-financial-statements-ofis-and-public-institutions\/","og_site_name":"AlProfit Consult","article_publisher":"https:\/\/www.facebook.com\/AlProfitConsult\/","article_modified_time":"2024-11-30T19:57:18+00:00","og_image":[{"width":1920,"height":1281,"url":"https:\/\/alprofitconsult.al\/wp-content\/uploads\/2022\/10\/AlProfit-Consult-Veshtiresite-financiare-te-tatimpaguesve-OJF-dhe-Ente-Publike.jpg","type":"image\/jpeg"}],"twitter_card":"summary_large_image","twitter_site":"@AlProfitConsult","twitter_misc":{"Est. reading time":"3 minutes"},"schema":{"@context":"https:\/\/schema.org","@graph":[{"@type":"WebPage","@id":"https:\/\/alprofitconsult.al\/en\/tatime\/organizata-jofitimprurese\/deklarimi-dhe-pagesa\/veshtiresite-financiare-te-tatimpaguesve-ojf-dhe-ente-publike\/","url":"https:\/\/alprofitconsult.al\/en\/tatime\/organizata-jofitimprurese\/deklarimi-dhe-pagesa\/veshtiresite-financiare-te-tatimpaguesve-ojf-dhe-ente-publike\/","name":"Financial Difficulties of NGOs and Public Entities - AlProfit Consult","isPartOf":{"@id":"https:\/\/alprofitconsult.al\/#website"},"primaryImageOfPage":{"@id":"https:\/\/alprofitconsult.al\/en\/tatime\/organizata-jofitimprurese\/deklarimi-dhe-pagesa\/veshtiresite-financiare-te-tatimpaguesve-ojf-dhe-ente-publike\/#primaryimage"},"image":{"@id":"https:\/\/alprofitconsult.al\/en\/tatime\/organizata-jofitimprurese\/deklarimi-dhe-pagesa\/veshtiresite-financiare-te-tatimpaguesve-ojf-dhe-ente-publike\/#primaryimage"},"thumbnailUrl":"https:\/\/alprofitconsult.al\/wp-content\/uploads\/2022\/10\/AlProfit-Consult-Veshtiresite-financiare-te-tatimpaguesve-OJF-dhe-Ente-Publike.jpg","datePublished":"2022-10-13T14:16:38+00:00","dateModified":"2024-11-30T19:57:18+00:00","breadcrumb":{"@id":"https:\/\/alprofitconsult.al\/en\/tatime\/organizata-jofitimprurese\/deklarimi-dhe-pagesa\/veshtiresite-financiare-te-tatimpaguesve-ojf-dhe-ente-publike\/#breadcrumb"},"inLanguage":"en-US","potentialAction":[{"@type":"ReadAction","target":["https:\/\/alprofitconsult.al\/en\/tatime\/organizata-jofitimprurese\/deklarimi-dhe-pagesa\/veshtiresite-financiare-te-tatimpaguesve-ojf-dhe-ente-publike\/"]}]},{"@type":"ImageObject","inLanguage":"en-US","@id":"https:\/\/alprofitconsult.al\/en\/tatime\/organizata-jofitimprurese\/deklarimi-dhe-pagesa\/veshtiresite-financiare-te-tatimpaguesve-ojf-dhe-ente-publike\/#primaryimage","url":"https:\/\/alprofitconsult.al\/wp-content\/uploads\/2022\/10\/AlProfit-Consult-Veshtiresite-financiare-te-tatimpaguesve-OJF-dhe-Ente-Publike.jpg","contentUrl":"https:\/\/alprofitconsult.al\/wp-content\/uploads\/2022\/10\/AlProfit-Consult-Veshtiresite-financiare-te-tatimpaguesve-OJF-dhe-Ente-Publike.jpg","width":1920,"height":1281},{"@type":"BreadcrumbList","@id":"https:\/\/alprofitconsult.al\/en\/tatime\/organizata-jofitimprurese\/deklarimi-dhe-pagesa\/veshtiresite-financiare-te-tatimpaguesve-ojf-dhe-ente-publike\/#breadcrumb","itemListElement":[{"@type":"ListItem","position":1,"name":"Kryefaqe","item":"https:\/\/alprofitconsult.al\/"},{"@type":"ListItem","position":2,"name":"Legjislacioni tatimor","item":"https:\/\/alprofitconsult.al\/en\/tatime\/"},{"@type":"ListItem","position":3,"name":"Organizat\u00eb Jofitimprur\u00ebse dhe Ente Publike","item":"https:\/\/alprofitconsult.al\/en\/tatime\/organizata-jofitimprurese\/"},{"@type":"ListItem","position":4,"name":"Deklarimi dhe pagesa: Organizatat Jofitimprur\u00ebse","item":"https:\/\/alprofitconsult.al\/en\/tatime\/organizata-jofitimprurese\/deklarimi-dhe-pagesa\/"},{"@type":"ListItem","position":5,"name":"V\u00ebshtir\u00ebsit\u00eb financiare t\u00eb tatimpaguesve OJF dhe Ente Publike"}]},{"@type":"WebSite","@id":"https:\/\/alprofitconsult.al\/#website","url":"https:\/\/alprofitconsult.al\/","name":"AlProfit Consult","description":"Accounting Office","publisher":{"@id":"https:\/\/alprofitconsult.al\/#organization"},"potentialAction":[{"@type":"SearchAction","target":{"@type":"EntryPoint","urlTemplate":"https:\/\/alprofitconsult.al\/?s={search_term_string}"},"query-input":{"@type":"PropertyValueSpecification","valueRequired":true,"valueName":"search_term_string"}}],"inLanguage":"en-US"},{"@type":"Organization","@id":"https:\/\/alprofitconsult.al\/#organization","name":"Alprofit Consult","url":"https:\/\/alprofitconsult.al\/","logo":{"@type":"ImageObject","inLanguage":"en-US","@id":"https:\/\/alprofitconsult.al\/#\/schema\/logo\/image\/","url":"https:\/\/alprofitconsult.al\/wp-content\/uploads\/2022\/10\/logoalprofit.png","contentUrl":"https:\/\/alprofitconsult.al\/wp-content\/uploads\/2022\/10\/logoalprofit.png","width":529,"height":156,"caption":"Alprofit Consult"},"image":{"@id":"https:\/\/alprofitconsult.al\/#\/schema\/logo\/image\/"},"sameAs":["https:\/\/www.facebook.com\/AlProfitConsult\/","https:\/\/x.com\/AlProfitConsult","https:\/\/www.linkedin.com\/company\/andi-haxhillari\/","https:\/\/www.pinterest.com\/AlProfitConsult\/","https:\/\/www.youtube.com\/channel\/UCZ5Gfntn161Nla3g1XdRldA","https:\/\/sq.wikipedia.org\/wiki\/P\u00ebrdoruesi:Andi25~sqwiki"]}]}},"_links":{"self":[{"href":"https:\/\/alprofitconsult.al\/en\/wp-json\/wp\/v2\/pages\/16024","targetHints":{"allow":["GET"]}}],"collection":[{"href":"https:\/\/alprofitconsult.al\/en\/wp-json\/wp\/v2\/pages"}],"about":[{"href":"https:\/\/alprofitconsult.al\/en\/wp-json\/wp\/v2\/types\/page"}],"author":[{"embeddable":true,"href":"https:\/\/alprofitconsult.al\/en\/wp-json\/wp\/v2\/users\/1"}],"replies":[{"embeddable":true,"href":"https:\/\/alprofitconsult.al\/en\/wp-json\/wp\/v2\/comments?post=16024"}],"version-history":[{"count":5,"href":"https:\/\/alprofitconsult.al\/en\/wp-json\/wp\/v2\/pages\/16024\/revisions"}],"predecessor-version":[{"id":19969,"href":"https:\/\/alprofitconsult.al\/en\/wp-json\/wp\/v2\/pages\/16024\/revisions\/19969"}],"up":[{"embeddable":true,"href":"https:\/\/alprofitconsult.al\/en\/wp-json\/wp\/v2\/pages\/16020"}],"wp:featuredmedia":[{"embeddable":true,"href":"https:\/\/alprofitconsult.al\/en\/wp-json\/wp\/v2\/media\/16943"}],"wp:attachment":[{"href":"https:\/\/alprofitconsult.al\/en\/wp-json\/wp\/v2\/media?parent=16024"}],"curies":[{"name":"wp","href":"https:\/\/api.w.org\/{rel}","templated":true}]}}