{"id":16025,"date":"2022-10-13T14:16:38","date_gmt":"2022-10-13T14:16:38","guid":{"rendered":"https:\/\/alprofitconsult.al\/?page_id=16025"},"modified":"2022-10-22T11:23:37","modified_gmt":"2022-10-22T11:23:37","slug":"my-sweetest-honey","status":"publish","type":"page","link":"https:\/\/alprofitconsult.al\/en\/tatime\/organizata-jofitimprurese\/deklarimi-dhe-pagesa\/apelimi-tatimor\/","title":{"rendered":"Tax Appeal"},"content":{"rendered":"<div class=\"yoast-breadcrumbs\"><span><span><a href=\"https:\/\/alprofitconsult.al\/en\/\">Home<\/a><\/span> | <span><a href=\"https:\/\/alprofitconsult.al\/en\/tatime\/\">Tax legislation<\/a><\/span> | <span><a href=\"https:\/\/alprofitconsult.al\/en\/tatime\/organizata-jofitimprurese\/\">Non-Profit Organization and Public Entities<\/a><\/span> | <span><a href=\"https:\/\/alprofitconsult.al\/en\/tatime\/organizata-jofitimprurese\/deklarimi-dhe-pagesa\/\">Declaration and Payment: Non-Profit Organizations<\/a><\/span> | <span class=\"breadcrumb_last\" aria-current=\"page\">Tax Appeal<\/span><\/span><\/div>\n\n\n<p><\/p>\n\n\n\n<figure class=\"wp-block-image size-large\"><img loading=\"lazy\" decoding=\"async\" width=\"1024\" height=\"599\" src=\"https:\/\/alprofitconsult.al\/wp-content\/uploads\/2022\/10\/AlProfit-Consult-Apelimi-tatimor-OJF-1024x599.jpg\" alt=\"\" class=\"wp-image-16950\" srcset=\"https:\/\/alprofitconsult.al\/wp-content\/uploads\/2022\/10\/AlProfit-Consult-Apelimi-tatimor-OJF-1024x599.jpg 1024w, https:\/\/alprofitconsult.al\/wp-content\/uploads\/2022\/10\/AlProfit-Consult-Apelimi-tatimor-OJF-300x176.jpg 300w, https:\/\/alprofitconsult.al\/wp-content\/uploads\/2022\/10\/AlProfit-Consult-Apelimi-tatimor-OJF-150x88.jpg 150w, https:\/\/alprofitconsult.al\/wp-content\/uploads\/2022\/10\/AlProfit-Consult-Apelimi-tatimor-OJF-768x450.jpg 768w, https:\/\/alprofitconsult.al\/wp-content\/uploads\/2022\/10\/AlProfit-Consult-Apelimi-tatimor-OJF-1536x899.jpg 1536w, https:\/\/alprofitconsult.al\/wp-content\/uploads\/2022\/10\/AlProfit-Consult-Apelimi-tatimor-OJF.jpg 1920w\" sizes=\"auto, (max-width: 1024px) 100vw, 1024px\" \/><\/figure>\n\n\n\n<p><strong>Where can we complain about actions of the Tax Administration that we consider unfair?<\/strong><\/p>\n\n\n\n<p>The appeal is made only to the Tax Appeals Directorate, which, since January 1, 2017, has been part of the structure of the Ministry of Finance and Economy.<\/p>\n\n\n\n<p><strong>What are the rules for making an appeal?<\/strong><\/p>\n\n\n\n<ol class=\"wp-block-list\"><li>You must have a document (sent by the Tax Administration) which affects the interests of the taxpayer (read below what this document can be).<\/li><li>To appeal within 1 month from becoming aware of the administrative act sent to you by the Tax Administration.<\/li><li>Within this month, you must pay or provide a bank guarantee for the liabilities contained in the assessment notice, along with the late interest calculated up to the payment date. Fines are neither prepaid nor subject to a bank guarantee.<\/li><\/ol>\n\n\n\n<blockquote class=\"wp-block-quote is-layout-flow wp-block-quote-is-layout-flow\"><p>Without these documents, the Appeals Directorate will reject the appeal.<\/p><\/blockquote>\n\n\n\n<p><strong>What can be appealed?<\/strong><\/p>\n\n\n\n<ol class=\"wp-block-list\"><li>For any \"Assessment notice for tax liabilities\" sent to you by the Tax Administration that you judge to be unfair.<\/li><li>Any other administrative act that affects the taxpayer's tax liability, including the request for compensation.<\/li><li>Any act that affects the taxpayer's request for a tax refund.<\/li><li>Any act that affects the taxpayer's request for tax relief.<\/li><li>Errors made by the administration in calculating the late interest percentage may be appealed.<\/li><li>The imposition of or errors in calculating the amounts and various types of fines.<\/li><li>The appeal can also be made against an omission (failure to act) of the Tax Administration that affects the taxpayer's tax liability.<\/li><\/ol>\n\n\n\n<blockquote class=\"wp-block-quote is-layout-flow wp-block-quote-is-layout-flow\"><p><br>What cannot be appealed:Administrative measures related to the forced collection of tax liabilities, such as bank account blocking orders; the notice and request to pay; notices to third parties; and administrative acts related to the confiscation of goods.<\/p><\/blockquote>\n\n\n\n<p><strong>What documents must be sent to the Appeals Directorate for the appeal?<\/strong><\/p>\n\n\n\n<ol class=\"wp-block-list\"><li>A written request describing the taxpayer's claims. This request must include the taxpayer's name and address, the taxpayer registration number (NIPT), and must be signed at the end.<\/li><li>The administrative act issued by the Tax Administration.<\/li><li>The certification of payment of the liability and late interest (payment order processed by the bank).<\/li><li>In the absence of payment, a bank guarantee covering the liabilities + late interest.<\/li><li>Supporting information for the appeal, such as audit reports, minutes (records), acts of findings, etc.<\/li><li>Any other document that the appellant considers important as it helps in the fair resolution of the case.<\/li><\/ol>\n\n\n\n<p><strong>How is the appeal submitted?<\/strong><\/p>\n\n\n\n<p>The appeal can be delivered by hand or sent by registered mail. The date of receipt of the appeal by the Tax Appeals Directorate is considered the date of filing for appeals delivered by hand, and the date of submission to the post office when the appeal is made via mail.<\/p>\n\n\n\n<blockquote class=\"wp-block-quote is-layout-flow wp-block-quote-is-layout-flow\"><p>The taxpayer, in the documents submitted for the appeal, must prove the date of receipt of the administrative act being appealed. As evidence, the copy of the envelope through which the act was sent to the taxpayer, the copy of the registration of the delivery of postal items from the post office, etc., can serve as proof.<\/p><\/blockquote>\n\n\n\n<p><strong>Key Points to Keep in Mind During the Appeal<\/strong><\/p>\n\n\n\n<ol class=\"wp-block-list\"><li>During the review process, the Appeals Directorate may request additional documents, and the taxpayer is obliged to respond to the request.<\/li><li>The burden of proof to prove the contrary of the Tax Administration's assessment belongs to the taxpayer.<\/li><li>If the taxpayer has missed the appeal deadline, they must argue and prove with the necessary documentation that the delay was not their fault.<\/li><li>After the restoration of the deadline, the appeal must be made after 15 days and not after 1 month as it was without losing this deadline.<\/li><li>If the taxpayer wishes to be heard orally, they may request a hearing in their written appeal.<\/li><\/ol>\n\n\n\n<p><strong>Where can we read the legal basis for appeals in more detail?<\/strong><\/p>\n\n\n\n<ul class=\"wp-block-list\"><li><a href=\"https:\/\/alprofitconsult.al\/wp-content\/uploads\/2022\/10\/Ligj-Nr.9920-date-19.05.2008-Per-procedurat-tatimore-ne-Republiken-e-Shqiperise-i-ndryshuar-4.pdf\" target=\"_blank\" rel=\"noreferrer noopener\">Law 9920 dated 19.05.2008 <\/a>\"On Tax Procedures in the Republic of Albania\" from Article 106 to Article 110.<\/li><li>Instruction of the Minister of Finance <a href=\"https:\/\/www.tatime.gov.al\/shkarko.php?id=9953\" target=\"_blank\" rel=\"noreferrer noopener\">No. 24, dated September 2, 2008<\/a> , \"On Tax Procedures in the Republic of Albania,\" from paragraph 106 to paragraph 110.<\/li><\/ul>\n\n\n\n<p>Source: <a href=\"https:\/\/www.tatime.gov.al\/c\/5\/76\/85\/apelimi-tatimor\" target=\"_blank\" rel=\"noreferrer noopener\">General Directorate of Taxes.<\/a><\/p>\n\n\n<div class=\"gdlr-core-widget-box-shortcode\" style=\"color: #ffffff ;background-color: #000014 ;\"  ><h3 class=\"gdlr-core-widget-box-shortcode-title\" style=\"color: #ffffff ;\"  >Do you have a question?<\/h3><div class=\"gdlr-core-widget-box-shortcode-content\" ><p class=\"translation-block\">Do not hesitate to <a href=\"https:\/\/alprofitconsult.al\/en\/contact\/\" target=\"_self\">contact<\/a> us. We are a team of experts and will be happy to speak with you.<\/p>\n<\/div><\/div>","protected":false},"excerpt":{"rendered":"<p>Ku mund t\u00eb ankohemi p\u00ebr veprime t\u00eb Administrat\u00ebs Tatimore q\u00eb i konsiderojm\u00eb t\u00eb padrejta? Ankimi b\u00ebhet vet\u00ebm n\u00eb Drejtorin\u00eb e Apelimit Tatimor, e cila, q\u00eb nga 1 Janari vitit 2017, \u00ebsht\u00eb pjes\u00eb e struktur\u00ebs s\u00eb Ministris\u00eb s\u00eb Financave dhe Ekonomis\u00eb. \u00c7far\u00eb rregullash ka p\u00ebr t\u00eb b\u00ebr\u00eb nj\u00eb ankim? Duhet t\u00eb kesh nj\u00eb dokument (t\u00eb d\u00ebrguar [&hellip;]<\/p>\n","protected":false},"author":1,"featured_media":16950,"parent":16020,"menu_order":0,"comment_status":"closed","ping_status":"closed","template":"","meta":{"footnotes":""},"class_list":["post-16025","page","type-page","status-publish","has-post-thumbnail","hentry"],"yoast_head":"<!-- This site is optimized with the Yoast SEO plugin v26.5 - https:\/\/yoast.com\/wordpress\/plugins\/seo\/ -->\n<title>Apelimi tatimor - AlProfit Consult<\/title>\n<meta name=\"robots\" content=\"index, follow, max-snippet:-1, max-image-preview:large, max-video-preview:-1\" \/>\n<link rel=\"canonical\" href=\"https:\/\/alprofitconsult.al\/en\/taxes\/non-profit-organization\/declaration-and-payment\/my-sweetest-honey\/\" \/>\n<meta property=\"og:locale\" content=\"en_US\" \/>\n<meta property=\"og:type\" content=\"article\" \/>\n<meta property=\"og:title\" content=\"Apelimi tatimor - AlProfit Consult\" \/>\n<meta property=\"og:description\" content=\"Ku mund t\u00eb ankohemi p\u00ebr veprime t\u00eb Administrat\u00ebs Tatimore q\u00eb i konsiderojm\u00eb t\u00eb padrejta? Ankimi b\u00ebhet vet\u00ebm n\u00eb Drejtorin\u00eb e Apelimit Tatimor, e cila, q\u00eb nga 1 Janari vitit 2017, \u00ebsht\u00eb pjes\u00eb e struktur\u00ebs s\u00eb Ministris\u00eb s\u00eb Financave dhe Ekonomis\u00eb. \u00c7far\u00eb rregullash ka p\u00ebr t\u00eb b\u00ebr\u00eb nj\u00eb ankim? Duhet t\u00eb kesh nj\u00eb dokument (t\u00eb d\u00ebrguar [&hellip;]\" \/>\n<meta property=\"og:url\" content=\"https:\/\/alprofitconsult.al\/en\/taxes\/non-profit-organization\/declaration-and-payment\/my-sweetest-honey\/\" \/>\n<meta property=\"og:site_name\" content=\"AlProfit Consult\" \/>\n<meta property=\"article:publisher\" content=\"https:\/\/www.facebook.com\/AlProfitConsult\/\" \/>\n<meta property=\"article:modified_time\" content=\"2022-10-22T11:23:37+00:00\" \/>\n<meta property=\"og:image\" content=\"https:\/\/alprofitconsult.al\/wp-content\/uploads\/2022\/10\/AlProfit-Consult-Apelimi-tatimor-OJF.jpg\" \/>\n\t<meta property=\"og:image:width\" content=\"1920\" \/>\n\t<meta property=\"og:image:height\" content=\"1124\" \/>\n\t<meta property=\"og:image:type\" content=\"image\/jpeg\" \/>\n<meta name=\"twitter:card\" content=\"summary_large_image\" \/>\n<meta name=\"twitter:site\" content=\"@AlProfitConsult\" \/>\n<meta name=\"twitter:label1\" content=\"Est. reading time\" \/>\n\t<meta name=\"twitter:data1\" content=\"4 minutes\" \/>\n<script type=\"application\/ld+json\" class=\"yoast-schema-graph\">{\"@context\":\"https:\/\/schema.org\",\"@graph\":[{\"@type\":\"WebPage\",\"@id\":\"https:\/\/alprofitconsult.al\/en\/tatime\/organizata-jofitimprurese\/deklarimi-dhe-pagesa\/apelimi-tatimor\/\",\"url\":\"https:\/\/alprofitconsult.al\/en\/tatime\/organizata-jofitimprurese\/deklarimi-dhe-pagesa\/apelimi-tatimor\/\",\"name\":\"Apelimi tatimor - AlProfit Consult\",\"isPartOf\":{\"@id\":\"https:\/\/alprofitconsult.al\/#website\"},\"primaryImageOfPage\":{\"@id\":\"https:\/\/alprofitconsult.al\/en\/tatime\/organizata-jofitimprurese\/deklarimi-dhe-pagesa\/apelimi-tatimor\/#primaryimage\"},\"image\":{\"@id\":\"https:\/\/alprofitconsult.al\/en\/tatime\/organizata-jofitimprurese\/deklarimi-dhe-pagesa\/apelimi-tatimor\/#primaryimage\"},\"thumbnailUrl\":\"https:\/\/alprofitconsult.al\/wp-content\/uploads\/2022\/10\/AlProfit-Consult-Apelimi-tatimor-OJF.jpg\",\"datePublished\":\"2022-10-13T14:16:38+00:00\",\"dateModified\":\"2022-10-22T11:23:37+00:00\",\"breadcrumb\":{\"@id\":\"https:\/\/alprofitconsult.al\/en\/tatime\/organizata-jofitimprurese\/deklarimi-dhe-pagesa\/apelimi-tatimor\/#breadcrumb\"},\"inLanguage\":\"en-US\",\"potentialAction\":[{\"@type\":\"ReadAction\",\"target\":[\"https:\/\/alprofitconsult.al\/en\/tatime\/organizata-jofitimprurese\/deklarimi-dhe-pagesa\/apelimi-tatimor\/\"]}]},{\"@type\":\"ImageObject\",\"inLanguage\":\"en-US\",\"@id\":\"https:\/\/alprofitconsult.al\/en\/tatime\/organizata-jofitimprurese\/deklarimi-dhe-pagesa\/apelimi-tatimor\/#primaryimage\",\"url\":\"https:\/\/alprofitconsult.al\/wp-content\/uploads\/2022\/10\/AlProfit-Consult-Apelimi-tatimor-OJF.jpg\",\"contentUrl\":\"https:\/\/alprofitconsult.al\/wp-content\/uploads\/2022\/10\/AlProfit-Consult-Apelimi-tatimor-OJF.jpg\",\"width\":1920,\"height\":1124},{\"@type\":\"BreadcrumbList\",\"@id\":\"https:\/\/alprofitconsult.al\/en\/tatime\/organizata-jofitimprurese\/deklarimi-dhe-pagesa\/apelimi-tatimor\/#breadcrumb\",\"itemListElement\":[{\"@type\":\"ListItem\",\"position\":1,\"name\":\"Kryefaqe\",\"item\":\"https:\/\/alprofitconsult.al\/\"},{\"@type\":\"ListItem\",\"position\":2,\"name\":\"Legjislacioni tatimor\",\"item\":\"https:\/\/alprofitconsult.al\/en\/tatime\/\"},{\"@type\":\"ListItem\",\"position\":3,\"name\":\"Organizat\u00eb Jofitimprur\u00ebse dhe Ente Publike\",\"item\":\"https:\/\/alprofitconsult.al\/en\/tatime\/organizata-jofitimprurese\/\"},{\"@type\":\"ListItem\",\"position\":4,\"name\":\"Deklarimi dhe pagesa: Organizatat Jofitimprur\u00ebse\",\"item\":\"https:\/\/alprofitconsult.al\/en\/tatime\/organizata-jofitimprurese\/deklarimi-dhe-pagesa\/\"},{\"@type\":\"ListItem\",\"position\":5,\"name\":\"Apelimi tatimor\"}]},{\"@type\":\"WebSite\",\"@id\":\"https:\/\/alprofitconsult.al\/#website\",\"url\":\"https:\/\/alprofitconsult.al\/\",\"name\":\"AlProfit Consult\",\"description\":\"Zyr\u00eb Kontabiliteti\",\"publisher\":{\"@id\":\"https:\/\/alprofitconsult.al\/#organization\"},\"potentialAction\":[{\"@type\":\"SearchAction\",\"target\":{\"@type\":\"EntryPoint\",\"urlTemplate\":\"https:\/\/alprofitconsult.al\/?s={search_term_string}\"},\"query-input\":{\"@type\":\"PropertyValueSpecification\",\"valueRequired\":true,\"valueName\":\"search_term_string\"}}],\"inLanguage\":\"en-US\"},{\"@type\":\"Organization\",\"@id\":\"https:\/\/alprofitconsult.al\/#organization\",\"name\":\"Alprofit Consult\",\"url\":\"https:\/\/alprofitconsult.al\/\",\"logo\":{\"@type\":\"ImageObject\",\"inLanguage\":\"en-US\",\"@id\":\"https:\/\/alprofitconsult.al\/#\/schema\/logo\/image\/\",\"url\":\"https:\/\/alprofitconsult.al\/wp-content\/uploads\/2022\/10\/logoalprofit.png\",\"contentUrl\":\"https:\/\/alprofitconsult.al\/wp-content\/uploads\/2022\/10\/logoalprofit.png\",\"width\":529,\"height\":156,\"caption\":\"Alprofit Consult\"},\"image\":{\"@id\":\"https:\/\/alprofitconsult.al\/#\/schema\/logo\/image\/\"},\"sameAs\":[\"https:\/\/www.facebook.com\/AlProfitConsult\/\",\"https:\/\/x.com\/AlProfitConsult\",\"https:\/\/www.linkedin.com\/company\/andi-haxhillari\/\",\"https:\/\/www.pinterest.com\/AlProfitConsult\/\",\"https:\/\/www.youtube.com\/channel\/UCZ5Gfntn161Nla3g1XdRldA\",\"https:\/\/sq.wikipedia.org\/wiki\/P\u00ebrdoruesi:Andi25~sqwiki\"]}]}<\/script>\n<!-- \/ Yoast SEO plugin. -->","yoast_head_json":{"title":"Tax Appeal - AlProfit Consult","robots":{"index":"index","follow":"follow","max-snippet":"max-snippet:-1","max-image-preview":"max-image-preview:large","max-video-preview":"max-video-preview:-1"},"canonical":"https:\/\/alprofitconsult.al\/en\/taxes\/non-profit-organization\/declaration-and-payment\/my-sweetest-honey\/","og_locale":"en_US","og_type":"article","og_title":"Apelimi tatimor - AlProfit Consult","og_description":"Ku mund t\u00eb ankohemi p\u00ebr veprime t\u00eb Administrat\u00ebs Tatimore q\u00eb i konsiderojm\u00eb t\u00eb padrejta? Ankimi b\u00ebhet vet\u00ebm n\u00eb Drejtorin\u00eb e Apelimit Tatimor, e cila, q\u00eb nga 1 Janari vitit 2017, \u00ebsht\u00eb pjes\u00eb e struktur\u00ebs s\u00eb Ministris\u00eb s\u00eb Financave dhe Ekonomis\u00eb. \u00c7far\u00eb rregullash ka p\u00ebr t\u00eb b\u00ebr\u00eb nj\u00eb ankim? Duhet t\u00eb kesh nj\u00eb dokument (t\u00eb d\u00ebrguar [&hellip;]","og_url":"https:\/\/alprofitconsult.al\/en\/taxes\/non-profit-organization\/declaration-and-payment\/my-sweetest-honey\/","og_site_name":"AlProfit Consult","article_publisher":"https:\/\/www.facebook.com\/AlProfitConsult\/","article_modified_time":"2022-10-22T11:23:37+00:00","og_image":[{"width":1920,"height":1124,"url":"https:\/\/alprofitconsult.al\/wp-content\/uploads\/2022\/10\/AlProfit-Consult-Apelimi-tatimor-OJF.jpg","type":"image\/jpeg"}],"twitter_card":"summary_large_image","twitter_site":"@AlProfitConsult","twitter_misc":{"Est. reading time":"4 minutes"},"schema":{"@context":"https:\/\/schema.org","@graph":[{"@type":"WebPage","@id":"https:\/\/alprofitconsult.al\/en\/tatime\/organizata-jofitimprurese\/deklarimi-dhe-pagesa\/apelimi-tatimor\/","url":"https:\/\/alprofitconsult.al\/en\/tatime\/organizata-jofitimprurese\/deklarimi-dhe-pagesa\/apelimi-tatimor\/","name":"Tax Appeal - AlProfit Consult","isPartOf":{"@id":"https:\/\/alprofitconsult.al\/#website"},"primaryImageOfPage":{"@id":"https:\/\/alprofitconsult.al\/en\/tatime\/organizata-jofitimprurese\/deklarimi-dhe-pagesa\/apelimi-tatimor\/#primaryimage"},"image":{"@id":"https:\/\/alprofitconsult.al\/en\/tatime\/organizata-jofitimprurese\/deklarimi-dhe-pagesa\/apelimi-tatimor\/#primaryimage"},"thumbnailUrl":"https:\/\/alprofitconsult.al\/wp-content\/uploads\/2022\/10\/AlProfit-Consult-Apelimi-tatimor-OJF.jpg","datePublished":"2022-10-13T14:16:38+00:00","dateModified":"2022-10-22T11:23:37+00:00","breadcrumb":{"@id":"https:\/\/alprofitconsult.al\/en\/tatime\/organizata-jofitimprurese\/deklarimi-dhe-pagesa\/apelimi-tatimor\/#breadcrumb"},"inLanguage":"en-US","potentialAction":[{"@type":"ReadAction","target":["https:\/\/alprofitconsult.al\/en\/tatime\/organizata-jofitimprurese\/deklarimi-dhe-pagesa\/apelimi-tatimor\/"]}]},{"@type":"ImageObject","inLanguage":"en-US","@id":"https:\/\/alprofitconsult.al\/en\/tatime\/organizata-jofitimprurese\/deklarimi-dhe-pagesa\/apelimi-tatimor\/#primaryimage","url":"https:\/\/alprofitconsult.al\/wp-content\/uploads\/2022\/10\/AlProfit-Consult-Apelimi-tatimor-OJF.jpg","contentUrl":"https:\/\/alprofitconsult.al\/wp-content\/uploads\/2022\/10\/AlProfit-Consult-Apelimi-tatimor-OJF.jpg","width":1920,"height":1124},{"@type":"BreadcrumbList","@id":"https:\/\/alprofitconsult.al\/en\/tatime\/organizata-jofitimprurese\/deklarimi-dhe-pagesa\/apelimi-tatimor\/#breadcrumb","itemListElement":[{"@type":"ListItem","position":1,"name":"Kryefaqe","item":"https:\/\/alprofitconsult.al\/"},{"@type":"ListItem","position":2,"name":"Legjislacioni tatimor","item":"https:\/\/alprofitconsult.al\/en\/tatime\/"},{"@type":"ListItem","position":3,"name":"Organizat\u00eb Jofitimprur\u00ebse dhe Ente Publike","item":"https:\/\/alprofitconsult.al\/en\/tatime\/organizata-jofitimprurese\/"},{"@type":"ListItem","position":4,"name":"Deklarimi dhe pagesa: Organizatat Jofitimprur\u00ebse","item":"https:\/\/alprofitconsult.al\/en\/tatime\/organizata-jofitimprurese\/deklarimi-dhe-pagesa\/"},{"@type":"ListItem","position":5,"name":"Apelimi tatimor"}]},{"@type":"WebSite","@id":"https:\/\/alprofitconsult.al\/#website","url":"https:\/\/alprofitconsult.al\/","name":"AlProfit Consult","description":"Accounting Office","publisher":{"@id":"https:\/\/alprofitconsult.al\/#organization"},"potentialAction":[{"@type":"SearchAction","target":{"@type":"EntryPoint","urlTemplate":"https:\/\/alprofitconsult.al\/?s={search_term_string}"},"query-input":{"@type":"PropertyValueSpecification","valueRequired":true,"valueName":"search_term_string"}}],"inLanguage":"en-US"},{"@type":"Organization","@id":"https:\/\/alprofitconsult.al\/#organization","name":"Alprofit Consult","url":"https:\/\/alprofitconsult.al\/","logo":{"@type":"ImageObject","inLanguage":"en-US","@id":"https:\/\/alprofitconsult.al\/#\/schema\/logo\/image\/","url":"https:\/\/alprofitconsult.al\/wp-content\/uploads\/2022\/10\/logoalprofit.png","contentUrl":"https:\/\/alprofitconsult.al\/wp-content\/uploads\/2022\/10\/logoalprofit.png","width":529,"height":156,"caption":"Alprofit Consult"},"image":{"@id":"https:\/\/alprofitconsult.al\/#\/schema\/logo\/image\/"},"sameAs":["https:\/\/www.facebook.com\/AlProfitConsult\/","https:\/\/x.com\/AlProfitConsult","https:\/\/www.linkedin.com\/company\/andi-haxhillari\/","https:\/\/www.pinterest.com\/AlProfitConsult\/","https:\/\/www.youtube.com\/channel\/UCZ5Gfntn161Nla3g1XdRldA","https:\/\/sq.wikipedia.org\/wiki\/P\u00ebrdoruesi:Andi25~sqwiki"]}]}},"_links":{"self":[{"href":"https:\/\/alprofitconsult.al\/en\/wp-json\/wp\/v2\/pages\/16025","targetHints":{"allow":["GET"]}}],"collection":[{"href":"https:\/\/alprofitconsult.al\/en\/wp-json\/wp\/v2\/pages"}],"about":[{"href":"https:\/\/alprofitconsult.al\/en\/wp-json\/wp\/v2\/types\/page"}],"author":[{"embeddable":true,"href":"https:\/\/alprofitconsult.al\/en\/wp-json\/wp\/v2\/users\/1"}],"replies":[{"embeddable":true,"href":"https:\/\/alprofitconsult.al\/en\/wp-json\/wp\/v2\/comments?post=16025"}],"version-history":[{"count":5,"href":"https:\/\/alprofitconsult.al\/en\/wp-json\/wp\/v2\/pages\/16025\/revisions"}],"predecessor-version":[{"id":17122,"href":"https:\/\/alprofitconsult.al\/en\/wp-json\/wp\/v2\/pages\/16025\/revisions\/17122"}],"up":[{"embeddable":true,"href":"https:\/\/alprofitconsult.al\/en\/wp-json\/wp\/v2\/pages\/16020"}],"wp:featuredmedia":[{"embeddable":true,"href":"https:\/\/alprofitconsult.al\/en\/wp-json\/wp\/v2\/media\/16950"}],"wp:attachment":[{"href":"https:\/\/alprofitconsult.al\/en\/wp-json\/wp\/v2\/media?parent=16025"}],"curies":[{"name":"wp","href":"https:\/\/api.w.org\/{rel}","templated":true}]}}