{"id":16026,"date":"2022-10-13T14:16:38","date_gmt":"2022-10-13T14:16:38","guid":{"rendered":"https:\/\/alprofitconsult.al\/?page_id=16026"},"modified":"2022-10-22T11:23:58","modified_gmt":"2022-10-22T11:23:58","slug":"academic-calendar","status":"publish","type":"page","link":"https:\/\/alprofitconsult.al\/en\/tatime\/organizata-jofitimprurese\/kalendari-tatimor\/","title":{"rendered":"Calendar"},"content":{"rendered":"<div class=\"yoast-breadcrumbs\"><span><span><a href=\"https:\/\/alprofitconsult.al\/en\/\">Home Page<\/a><\/span> | <span><a href=\"https:\/\/alprofitconsult.al\/en\/tatime\/\">Tax legislation<\/a><\/span> | <span><a href=\"https:\/\/alprofitconsult.al\/en\/tatime\/organizata-jofitimprurese\/\">Non-Profit Organization and Public Entities<\/a><\/span> | <span class=\"breadcrumb_last\" aria-current=\"page\">Calendar<\/span><\/span><\/div>\n\n\n<p><\/p>\n\n\n\n<figure class=\"wp-block-image size-large\"><img loading=\"lazy\" decoding=\"async\" width=\"1024\" height=\"684\" src=\"https:\/\/alprofitconsult.al\/wp-content\/uploads\/2022\/10\/AlProfit-Consult-Kalendari-tatimor-OJF-1024x684.jpg\" alt=\"\" class=\"wp-image-16956\" srcset=\"https:\/\/alprofitconsult.al\/wp-content\/uploads\/2022\/10\/AlProfit-Consult-Kalendari-tatimor-OJF-1024x684.jpg 1024w, https:\/\/alprofitconsult.al\/wp-content\/uploads\/2022\/10\/AlProfit-Consult-Kalendari-tatimor-OJF-300x200.jpg 300w, https:\/\/alprofitconsult.al\/wp-content\/uploads\/2022\/10\/AlProfit-Consult-Kalendari-tatimor-OJF-150x100.jpg 150w, https:\/\/alprofitconsult.al\/wp-content\/uploads\/2022\/10\/AlProfit-Consult-Kalendari-tatimor-OJF-768x513.jpg 768w, https:\/\/alprofitconsult.al\/wp-content\/uploads\/2022\/10\/AlProfit-Consult-Kalendari-tatimor-OJF-1536x1026.jpg 1536w, https:\/\/alprofitconsult.al\/wp-content\/uploads\/2022\/10\/AlProfit-Consult-Kalendari-tatimor-OJF.jpg 1920w\" sizes=\"auto, (max-width: 1024px) 100vw, 1024px\" \/><\/figure>\n\n\n\n<p><\/p>\n\n\n\n<figure class=\"wp-block-table\"><table class=\"has-fixed-layout\"><tbody><tr><td>Type of declaration<\/td><td>Declaration Deadline<\/td><td>Payment Deadline<\/td><\/tr><tr><td>Corporate Income Tax Declaration<\/td><td>No later than March 31st of the year following the tax period.<\/td><td>Quarterly installments: no later than the 30th of the last month of the quarter (March 30, June 30, September 30, December 30); or monthly installments: no later than the 15th of each month.<\/td><\/tr><tr><td>Monthly Declaration of Personal Income Tax (Payroll Tax \/ TAP)<\/td><td>No later than the 20th day of the month following the tax period for taxpayers registered under Corporate Income Tax; for taxpayers registered under Simplified Corporate Income Tax, it is performed within the 20th day of the first month following the end of each calendar quarter.<\/td><td>No later than the 20th day of the month following the tax period for taxpayers registered under Corporate Income Tax; for taxpayers registered under Simplified Corporate Income Tax, it is performed within the 20th day of the first month following the end of each calendar quarter.<\/td><\/tr><tr><td>Monthly Declaration of Social and Health Insurance Contributions<\/td><td>No later than the 20th day of the month following the tax period for taxpayers registered under Corporate Income Tax; for taxpayers registered under Simplified Corporate Income Tax, it is performed within the 20th day of the first month following the end of each calendar quarter.<\/td><td>No later than the 20th day of the month following the tax period for taxpayers registered under Corporate Income Tax; for taxpayers registered under Simplified Corporate Income Tax, it is performed within the 20th day of the first month following the end of each calendar quarter.<\/td><\/tr><tr><td>Withholding Tax Declaration<\/td><td>No later than the 20th day of the following month.<\/td><td>No later than the 20th day of the following month.<\/td><\/tr><tr><td>Value Added Tax (VAT) Declaration<\/td><td>No later than the 14th of the following month.<\/td><td>No later than the 14th of the following month.<\/td><\/tr><tr><td>National Taxes Declaration<\/td><td>No later than the 15th of the following month.<\/td><td>No later than the 15th of the following month.<\/td><\/tr><tr><td>National Fees Declaration<\/td><td>No later than the 15th of the following month.<\/td><td>No later than the 15th of the following month.<\/td><\/tr><\/tbody><\/table><\/figure>\n\n\n\n<p>Source: <a href=\"https:\/\/www.tatime.gov.al\/c\/5\/182\/kalendari-tatimor\" target=\"_blank\" rel=\"noreferrer noopener\">General Directorate of Taxes.<\/a><\/p>\n\n\n<div class=\"gdlr-core-widget-box-shortcode\" style=\"color: #ffffff ;background-color: #000014 ;\"  ><h3 class=\"gdlr-core-widget-box-shortcode-title\" style=\"color: #ffffff ;\"  >Do you have a question?<\/h3><div class=\"gdlr-core-widget-box-shortcode-content\" ><p class=\"translation-block\">Do not hesitate to <a href=\"https:\/\/alprofitconsult.al\/en\/contact\/\" target=\"_self\">contact<\/a> us. We are a team of experts and will be happy to speak with you.<\/p>\n<\/div><\/div>","protected":false},"excerpt":{"rendered":"<p>Lloji&nbsp;i deklarimit Afati i deklarimit Afati i pages\u00ebs Deklarimi i tatimit mbi fitimin Jo m\u00eb von\u00eb se data 31 Mars e vitit q\u00eb pason periudh\u00ebn tatimore K\u00ebst 3-mujor: jo m\u00eb von\u00eb se data 30 e muajit t\u00eb fundit t\u00eb 3-mujorit (30 Mars, 30 Qershor, 30 Shtator, 30 Dhjetor); ose k\u00ebst mujor: jo m\u00eb von\u00eb se [&hellip;]<\/p>\n","protected":false},"author":1,"featured_media":16956,"parent":16008,"menu_order":0,"comment_status":"closed","ping_status":"closed","template":"","meta":{"footnotes":""},"class_list":["post-16026","page","type-page","status-publish","has-post-thumbnail","hentry"],"yoast_head":"<!-- This site is optimized with the Yoast SEO Premium plugin v27.6 (Yoast SEO v27.6) - https:\/\/yoast.com\/product\/yoast-seo-premium-wordpress\/ -->\n<title>Kalendari tatimor - AlProfit Consult<\/title>\n<meta name=\"robots\" content=\"index, follow, max-snippet:-1, max-image-preview:large, max-video-preview:-1\" \/>\n<link rel=\"canonical\" href=\"https:\/\/alprofitconsult.al\/en\/taxes\/non-profit-organization\/academic-calendar\/\" \/>\n<meta property=\"og:locale\" content=\"en_US\" \/>\n<meta property=\"og:type\" content=\"article\" \/>\n<meta property=\"og:title\" content=\"Kalendari tatimor\" \/>\n<meta property=\"og:description\" content=\"Lloji&nbsp;i deklarimit Afati i deklarimit Afati i pages\u00ebs Deklarimi i tatimit mbi fitimin Jo m\u00eb von\u00eb se data 31 Mars e vitit q\u00eb pason periudh\u00ebn tatimore K\u00ebst 3-mujor: jo m\u00eb von\u00eb se data 30 e muajit t\u00eb fundit t\u00eb 3-mujorit (30 Mars, 30 Qershor, 30 Shtator, 30 Dhjetor); ose k\u00ebst mujor: jo m\u00eb von\u00eb se [&hellip;]\" \/>\n<meta property=\"og:url\" content=\"https:\/\/alprofitconsult.al\/en\/taxes\/non-profit-organization\/academic-calendar\/\" \/>\n<meta property=\"og:site_name\" content=\"AlProfit Consult\" \/>\n<meta property=\"article:publisher\" content=\"https:\/\/www.facebook.com\/AlProfitConsult\/\" \/>\n<meta property=\"article:modified_time\" content=\"2022-10-22T11:23:58+00:00\" \/>\n<meta property=\"og:image\" content=\"https:\/\/alprofitconsult.al\/wp-content\/uploads\/2022\/10\/AlProfit-Consult-Kalendari-tatimor-OJF.jpg\" \/>\n\t<meta property=\"og:image:width\" content=\"1920\" \/>\n\t<meta property=\"og:image:height\" content=\"1282\" \/>\n\t<meta property=\"og:image:type\" content=\"image\/jpeg\" \/>\n<meta name=\"twitter:card\" content=\"summary_large_image\" \/>\n<meta name=\"twitter:site\" content=\"@AlProfitConsult\" \/>\n<meta name=\"twitter:label1\" content=\"Est. reading time\" \/>\n\t<meta name=\"twitter:data1\" content=\"2 minutes\" \/>\n<script type=\"application\/ld+json\" class=\"yoast-schema-graph\">{\"@context\":\"https:\\\/\\\/schema.org\",\"@graph\":[{\"@type\":\"WebPage\",\"@id\":\"https:\\\/\\\/alprofitconsult.al\\\/en\\\/tatime\\\/organizata-jofitimprurese\\\/kalendari-tatimor\\\/\",\"url\":\"https:\\\/\\\/alprofitconsult.al\\\/en\\\/tatime\\\/organizata-jofitimprurese\\\/kalendari-tatimor\\\/\",\"name\":\"Kalendari tatimor - AlProfit Consult\",\"isPartOf\":{\"@id\":\"https:\\\/\\\/alprofitconsult.al\\\/#website\"},\"primaryImageOfPage\":{\"@id\":\"https:\\\/\\\/alprofitconsult.al\\\/en\\\/tatime\\\/organizata-jofitimprurese\\\/kalendari-tatimor\\\/#primaryimage\"},\"image\":{\"@id\":\"https:\\\/\\\/alprofitconsult.al\\\/en\\\/tatime\\\/organizata-jofitimprurese\\\/kalendari-tatimor\\\/#primaryimage\"},\"thumbnailUrl\":\"https:\\\/\\\/alprofitconsult.al\\\/wp-content\\\/uploads\\\/2022\\\/10\\\/AlProfit-Consult-Kalendari-tatimor-OJF.jpg\",\"datePublished\":\"2022-10-13T14:16:38+00:00\",\"dateModified\":\"2022-10-22T11:23:58+00:00\",\"breadcrumb\":{\"@id\":\"https:\\\/\\\/alprofitconsult.al\\\/en\\\/tatime\\\/organizata-jofitimprurese\\\/kalendari-tatimor\\\/#breadcrumb\"},\"inLanguage\":\"en-US\",\"potentialAction\":[{\"@type\":\"ReadAction\",\"target\":[\"https:\\\/\\\/alprofitconsult.al\\\/en\\\/tatime\\\/organizata-jofitimprurese\\\/kalendari-tatimor\\\/\"]}]},{\"@type\":\"ImageObject\",\"inLanguage\":\"en-US\",\"@id\":\"https:\\\/\\\/alprofitconsult.al\\\/en\\\/tatime\\\/organizata-jofitimprurese\\\/kalendari-tatimor\\\/#primaryimage\",\"url\":\"https:\\\/\\\/alprofitconsult.al\\\/wp-content\\\/uploads\\\/2022\\\/10\\\/AlProfit-Consult-Kalendari-tatimor-OJF.jpg\",\"contentUrl\":\"https:\\\/\\\/alprofitconsult.al\\\/wp-content\\\/uploads\\\/2022\\\/10\\\/AlProfit-Consult-Kalendari-tatimor-OJF.jpg\",\"width\":1920,\"height\":1282},{\"@type\":\"BreadcrumbList\",\"@id\":\"https:\\\/\\\/alprofitconsult.al\\\/en\\\/tatime\\\/organizata-jofitimprurese\\\/kalendari-tatimor\\\/#breadcrumb\",\"itemListElement\":[{\"@type\":\"ListItem\",\"position\":1,\"name\":\"Kryefaqe\",\"item\":\"https:\\\/\\\/alprofitconsult.al\\\/\"},{\"@type\":\"ListItem\",\"position\":2,\"name\":\"Legjislacioni tatimor\",\"item\":\"https:\\\/\\\/alprofitconsult.al\\\/en\\\/tatime\\\/\"},{\"@type\":\"ListItem\",\"position\":3,\"name\":\"Organizat\u00eb Jofitimprur\u00ebse dhe Ente Publike\",\"item\":\"https:\\\/\\\/alprofitconsult.al\\\/en\\\/tatime\\\/organizata-jofitimprurese\\\/\"},{\"@type\":\"ListItem\",\"position\":4,\"name\":\"Kalendari tatimor\"}]},{\"@type\":\"WebSite\",\"@id\":\"https:\\\/\\\/alprofitconsult.al\\\/#website\",\"url\":\"https:\\\/\\\/alprofitconsult.al\\\/\",\"name\":\"AlProfit Consult\",\"description\":\"Zyr\u00eb Kontabiliteti\",\"publisher\":{\"@id\":\"https:\\\/\\\/alprofitconsult.al\\\/#organization\"},\"potentialAction\":[{\"@type\":\"SearchAction\",\"target\":{\"@type\":\"EntryPoint\",\"urlTemplate\":\"https:\\\/\\\/alprofitconsult.al\\\/?s={search_term_string}\"},\"query-input\":{\"@type\":\"PropertyValueSpecification\",\"valueRequired\":true,\"valueName\":\"search_term_string\"}}],\"inLanguage\":\"en-US\"},{\"@type\":[\"Organization\",\"Place\"],\"@id\":\"https:\\\/\\\/alprofitconsult.al\\\/#organization\",\"name\":\"Alprofit Consult\",\"url\":\"https:\\\/\\\/alprofitconsult.al\\\/\",\"logo\":{\"@id\":\"https:\\\/\\\/alprofitconsult.al\\\/en\\\/tatime\\\/organizata-jofitimprurese\\\/kalendari-tatimor\\\/#local-main-organization-logo\"},\"image\":{\"@id\":\"https:\\\/\\\/alprofitconsult.al\\\/en\\\/tatime\\\/organizata-jofitimprurese\\\/kalendari-tatimor\\\/#local-main-organization-logo\"},\"sameAs\":[\"https:\\\/\\\/www.facebook.com\\\/AlProfitConsult\\\/\",\"https:\\\/\\\/x.com\\\/AlProfitConsult\",\"https:\\\/\\\/www.linkedin.com\\\/company\\\/andi-haxhillari\\\/\",\"https:\\\/\\\/www.pinterest.com\\\/AlProfitConsult\\\/\",\"https:\\\/\\\/www.youtube.com\\\/channel\\\/UCZ5Gfntn161Nla3g1XdRldA\",\"https:\\\/\\\/sq.wikipedia.org\\\/wiki\\\/P\u00ebrdoruesi:Andi25~sqwiki\"],\"telephone\":[],\"openingHoursSpecification\":[{\"@type\":\"OpeningHoursSpecification\",\"dayOfWeek\":[\"Monday\",\"Tuesday\",\"Wednesday\",\"Thursday\",\"Friday\",\"Saturday\",\"Sunday\"],\"opens\":\"09:00\",\"closes\":\"17:00\"}]},{\"@type\":\"ImageObject\",\"inLanguage\":\"en-US\",\"@id\":\"https:\\\/\\\/alprofitconsult.al\\\/en\\\/tatime\\\/organizata-jofitimprurese\\\/kalendari-tatimor\\\/#local-main-organization-logo\",\"url\":\"https:\\\/\\\/alprofitconsult.al\\\/wp-content\\\/uploads\\\/2022\\\/10\\\/logoalprofit.png\",\"contentUrl\":\"https:\\\/\\\/alprofitconsult.al\\\/wp-content\\\/uploads\\\/2022\\\/10\\\/logoalprofit.png\",\"width\":529,\"height\":156,\"caption\":\"Alprofit Consult\"}]}<\/script>\n<!-- \/ Yoast SEO Premium plugin. -->","yoast_head_json":{"title":"Holiday Calendar - AlProfit Consult","robots":{"index":"index","follow":"follow","max-snippet":"max-snippet:-1","max-image-preview":"max-image-preview:large","max-video-preview":"max-video-preview:-1"},"canonical":"https:\/\/alprofitconsult.al\/en\/taxes\/non-profit-organization\/academic-calendar\/","og_locale":"en_US","og_type":"article","og_title":"Kalendari tatimor","og_description":"Lloji&nbsp;i deklarimit Afati i deklarimit Afati i pages\u00ebs Deklarimi i tatimit mbi fitimin Jo m\u00eb von\u00eb se data 31 Mars e vitit q\u00eb pason periudh\u00ebn tatimore K\u00ebst 3-mujor: jo m\u00eb von\u00eb se data 30 e muajit t\u00eb fundit t\u00eb 3-mujorit (30 Mars, 30 Qershor, 30 Shtator, 30 Dhjetor); ose k\u00ebst mujor: jo m\u00eb von\u00eb se [&hellip;]","og_url":"https:\/\/alprofitconsult.al\/en\/taxes\/non-profit-organization\/academic-calendar\/","og_site_name":"AlProfit Consult","article_publisher":"https:\/\/www.facebook.com\/AlProfitConsult\/","article_modified_time":"2022-10-22T11:23:58+00:00","og_image":[{"width":1920,"height":1282,"url":"https:\/\/alprofitconsult.al\/wp-content\/uploads\/2022\/10\/AlProfit-Consult-Kalendari-tatimor-OJF.jpg","type":"image\/jpeg"}],"twitter_card":"summary_large_image","twitter_site":"@AlProfitConsult","twitter_misc":{"Est. reading time":"2 minutes"},"schema":{"@context":"https:\/\/schema.org","@graph":[{"@type":"WebPage","@id":"https:\/\/alprofitconsult.al\/en\/tatime\/organizata-jofitimprurese\/kalendari-tatimor\/","url":"https:\/\/alprofitconsult.al\/en\/tatime\/organizata-jofitimprurese\/kalendari-tatimor\/","name":"Holiday Calendar - AlProfit Consult","isPartOf":{"@id":"https:\/\/alprofitconsult.al\/#website"},"primaryImageOfPage":{"@id":"https:\/\/alprofitconsult.al\/en\/tatime\/organizata-jofitimprurese\/kalendari-tatimor\/#primaryimage"},"image":{"@id":"https:\/\/alprofitconsult.al\/en\/tatime\/organizata-jofitimprurese\/kalendari-tatimor\/#primaryimage"},"thumbnailUrl":"https:\/\/alprofitconsult.al\/wp-content\/uploads\/2022\/10\/AlProfit-Consult-Kalendari-tatimor-OJF.jpg","datePublished":"2022-10-13T14:16:38+00:00","dateModified":"2022-10-22T11:23:58+00:00","breadcrumb":{"@id":"https:\/\/alprofitconsult.al\/en\/tatime\/organizata-jofitimprurese\/kalendari-tatimor\/#breadcrumb"},"inLanguage":"en-US","potentialAction":[{"@type":"ReadAction","target":["https:\/\/alprofitconsult.al\/en\/tatime\/organizata-jofitimprurese\/kalendari-tatimor\/"]}]},{"@type":"ImageObject","inLanguage":"en-US","@id":"https:\/\/alprofitconsult.al\/en\/tatime\/organizata-jofitimprurese\/kalendari-tatimor\/#primaryimage","url":"https:\/\/alprofitconsult.al\/wp-content\/uploads\/2022\/10\/AlProfit-Consult-Kalendari-tatimor-OJF.jpg","contentUrl":"https:\/\/alprofitconsult.al\/wp-content\/uploads\/2022\/10\/AlProfit-Consult-Kalendari-tatimor-OJF.jpg","width":1920,"height":1282},{"@type":"BreadcrumbList","@id":"https:\/\/alprofitconsult.al\/en\/tatime\/organizata-jofitimprurese\/kalendari-tatimor\/#breadcrumb","itemListElement":[{"@type":"ListItem","position":1,"name":"Kryefaqe","item":"https:\/\/alprofitconsult.al\/"},{"@type":"ListItem","position":2,"name":"Legjislacioni tatimor","item":"https:\/\/alprofitconsult.al\/en\/tatime\/"},{"@type":"ListItem","position":3,"name":"Organizat\u00eb Jofitimprur\u00ebse dhe Ente Publike","item":"https:\/\/alprofitconsult.al\/en\/tatime\/organizata-jofitimprurese\/"},{"@type":"ListItem","position":4,"name":"Kalendari tatimor"}]},{"@type":"WebSite","@id":"https:\/\/alprofitconsult.al\/#website","url":"https:\/\/alprofitconsult.al\/","name":"AlProfit Consult","description":"Accounting Office","publisher":{"@id":"https:\/\/alprofitconsult.al\/#organization"},"potentialAction":[{"@type":"SearchAction","target":{"@type":"EntryPoint","urlTemplate":"https:\/\/alprofitconsult.al\/?s={search_term_string}"},"query-input":{"@type":"PropertyValueSpecification","valueRequired":true,"valueName":"search_term_string"}}],"inLanguage":"en-US"},{"@type":["Organization","Place"],"@id":"https:\/\/alprofitconsult.al\/#organization","name":"Alprofit Consult","url":"https:\/\/alprofitconsult.al\/","logo":{"@id":"https:\/\/alprofitconsult.al\/en\/tatime\/organizata-jofitimprurese\/kalendari-tatimor\/#local-main-organization-logo"},"image":{"@id":"https:\/\/alprofitconsult.al\/en\/tatime\/organizata-jofitimprurese\/kalendari-tatimor\/#local-main-organization-logo"},"sameAs":["https:\/\/www.facebook.com\/AlProfitConsult\/","https:\/\/x.com\/AlProfitConsult","https:\/\/www.linkedin.com\/company\/andi-haxhillari\/","https:\/\/www.pinterest.com\/AlProfitConsult\/","https:\/\/www.youtube.com\/channel\/UCZ5Gfntn161Nla3g1XdRldA","https:\/\/sq.wikipedia.org\/wiki\/P\u00ebrdoruesi:Andi25~sqwiki"],"telephone":[],"openingHoursSpecification":[{"@type":"OpeningHoursSpecification","dayOfWeek":["Monday","Tuesday","Wednesday","Thursday","Friday","Saturday","Sunday"],"opens":"09:00","closes":"17:00"}]},{"@type":"ImageObject","inLanguage":"en-US","@id":"https:\/\/alprofitconsult.al\/en\/tatime\/organizata-jofitimprurese\/kalendari-tatimor\/#local-main-organization-logo","url":"https:\/\/alprofitconsult.al\/wp-content\/uploads\/2022\/10\/logoalprofit.png","contentUrl":"https:\/\/alprofitconsult.al\/wp-content\/uploads\/2022\/10\/logoalprofit.png","width":529,"height":156,"caption":"Alprofit Consult"}]}},"_links":{"self":[{"href":"https:\/\/alprofitconsult.al\/en\/wp-json\/wp\/v2\/pages\/16026","targetHints":{"allow":["GET"]}}],"collection":[{"href":"https:\/\/alprofitconsult.al\/en\/wp-json\/wp\/v2\/pages"}],"about":[{"href":"https:\/\/alprofitconsult.al\/en\/wp-json\/wp\/v2\/types\/page"}],"author":[{"embeddable":true,"href":"https:\/\/alprofitconsult.al\/en\/wp-json\/wp\/v2\/users\/1"}],"replies":[{"embeddable":true,"href":"https:\/\/alprofitconsult.al\/en\/wp-json\/wp\/v2\/comments?post=16026"}],"version-history":[{"count":5,"href":"https:\/\/alprofitconsult.al\/en\/wp-json\/wp\/v2\/pages\/16026\/revisions"}],"predecessor-version":[{"id":17124,"href":"https:\/\/alprofitconsult.al\/en\/wp-json\/wp\/v2\/pages\/16026\/revisions\/17124"}],"up":[{"embeddable":true,"href":"https:\/\/alprofitconsult.al\/en\/wp-json\/wp\/v2\/pages\/16008"}],"wp:featuredmedia":[{"embeddable":true,"href":"https:\/\/alprofitconsult.al\/en\/wp-json\/wp\/v2\/media\/16956"}],"wp:attachment":[{"href":"https:\/\/alprofitconsult.al\/en\/wp-json\/wp\/v2\/media?parent=16026"}],"curies":[{"name":"WordPress","href":"https:\/\/api.w.org\/{rel}","templated":true}]}}