{"id":16028,"date":"2022-10-13T14:16:39","date_gmt":"2022-10-13T14:16:39","guid":{"rendered":"https:\/\/alprofitconsult.al\/?page_id=16028"},"modified":"2024-12-01T19:03:25","modified_gmt":"2024-12-01T19:03:25","slug":"record-keeping-and-billing","status":"publish","type":"page","link":"https:\/\/alprofitconsult.al\/en\/tatime\/organizata-jofitimprurese\/mbajtja-e-te-dhenave\/mbajtja-e-te-dhenave-dhe-faturimi\/","title":{"rendered":"Record Keeping and Invoicing"},"content":{"rendered":"<div class=\"yoast-breadcrumbs\"><span><span><a href=\"https:\/\/alprofitconsult.al\/en\/\">Home<\/a><\/span> | <span><a href=\"https:\/\/alprofitconsult.al\/en\/tatime\/\">Tax legislation<\/a><\/span> | <span><a href=\"https:\/\/alprofitconsult.al\/en\/tatime\/organizata-jofitimprurese\/\">Non-Profit Organization and Public Entities<\/a><\/span> | <span><a href=\"https:\/\/alprofitconsult.al\/en\/tatime\/organizata-jofitimprurese\/mbajtja-e-te-dhenave\/\">Record Keeping: Non-Profit Organizations<\/a><\/span> | <span class=\"breadcrumb_last\" aria-current=\"page\">Record Keeping and Invoicing<\/span><\/span><\/div>\n\n\n<p><\/p>\n\n\n\n<figure class=\"wp-block-image size-large\"><img loading=\"lazy\" decoding=\"async\" width=\"1024\" height=\"819\" src=\"https:\/\/alprofitconsult.al\/wp-content\/uploads\/2022\/10\/AlProfit-Consult-Mbajtja-e-te-dhenave-dhe-faturimi-OJF-1024x819.jpg\" alt=\"\" class=\"wp-image-16961\" srcset=\"https:\/\/alprofitconsult.al\/wp-content\/uploads\/2022\/10\/AlProfit-Consult-Mbajtja-e-te-dhenave-dhe-faturimi-OJF-1024x819.jpg 1024w, https:\/\/alprofitconsult.al\/wp-content\/uploads\/2022\/10\/AlProfit-Consult-Mbajtja-e-te-dhenave-dhe-faturimi-OJF-300x240.jpg 300w, https:\/\/alprofitconsult.al\/wp-content\/uploads\/2022\/10\/AlProfit-Consult-Mbajtja-e-te-dhenave-dhe-faturimi-OJF-150x120.jpg 150w, https:\/\/alprofitconsult.al\/wp-content\/uploads\/2022\/10\/AlProfit-Consult-Mbajtja-e-te-dhenave-dhe-faturimi-OJF-768x614.jpg 768w, https:\/\/alprofitconsult.al\/wp-content\/uploads\/2022\/10\/AlProfit-Consult-Mbajtja-e-te-dhenave-dhe-faturimi-OJF-1536x1229.jpg 1536w, https:\/\/alprofitconsult.al\/wp-content\/uploads\/2022\/10\/AlProfit-Consult-Mbajtja-e-te-dhenave-dhe-faturimi-OJF.jpg 1920w\" sizes=\"auto, (max-width: 1024px) 100vw, 1024px\" \/><\/figure>\n\n\n\n<p><\/p>\n\n\n\n<p>Non-Profit Organizations and Public Entities\/State Enterprises have a legal obligation to maintain and document the activities they carry out according to the legal requirements in force. The required documentation is in function of the tax responsibilities for which these entities are registered.<\/p>\n\n\n\n<h2 class=\"wp-block-heading\">Record Keeping and Invoicing<\/h2>\n\n\n\n<p>\u201cBooks and records\u201d are commercial records, accounting documentation, annual accounts and financial reports, as well as all other documents related to the taxpayer entity, business correspondence, invoices and relevant documents, which must be created and maintained for determining the tax amounts to be paid by the taxpayer;<br>Documentation and maintenance of tax records for taxpayers subject to VAT or Profit Tax.<\/p>\n\n\n\n<p>A. Non-Profit Organizations and Public Entities, which are subject to VAT or profit tax, for the calculation of tax liability, shall maintain registers, accounting documentation, books and financial information, as well as issue tax invoices, tax receipts or tax coupons, in accordance with the relevant laws, as well as the sub-legal acts issued in their implementation.<\/p>\n\n\n\n<p>B. Non-Profit Organizations and Public Entities, subject to VAT, shall immediately register all financial transactions and prepare and maintain accounting books and registers, where the following are recorded:<\/p>\n\n\n\n<ol class=\"wp-block-list\">\n<li>Daily sales of goods or the performance of taxable works or services, including the amount of each transaction and the amount of tax charged;<\/li>\n\n\n\n<li>Transactions completed, but not yet invoiced;<\/li>\n\n\n\n<li>Non-taxable transactions;<\/li>\n\n\n\n<li>Payments for goods and services, including the amount of each purchase or payment, the amount of tax paid and the name and address of the supplier.<\/li>\n<\/ol>\n\n\n\n<p>C. Every buyer, whether a physical person, legal entity or individual, has the right not to carry out the transaction for the value of the provided good or service if the seller does not issue a tax invoice or tax coupon in accordance with this law. For this purpose, Non-Profit Organizations and Public Entities are obliged to display in a visible place, at the address where they conduct their activity, a notice for the buyer in accordance with this article.<\/p>\n\n\n\n<p>Source: <a href=\"https:\/\/www.tatime.gov.al\/c\/5\/79\/94\/mbajtja-e-te-dhenave-dhe-faturimi\" target=\"_blank\" rel=\"noreferrer noopener\">General Directorate of Taxes.<\/a><\/p>\n\n\n<div class=\"gdlr-core-widget-box-shortcode\" style=\"color: #ffffff ;background-color: #000014 ;\"  ><h3 class=\"gdlr-core-widget-box-shortcode-title\" style=\"color: #ffffff ;\"  >Do you have a question?<\/h3><div class=\"gdlr-core-widget-box-shortcode-content\" ><p class=\"translation-block\">Do not hesitate to <a href=\"https:\/\/alprofitconsult.al\/en\/contact\/\" target=\"_self\">contact<\/a> us. We are a team of experts and will be happy to speak with you.<\/p>\n<\/div><\/div>","protected":false},"excerpt":{"rendered":"<p>Organizatat Jofitimprur\u00ebse dhe Entet Publike\/Nd\u00ebrmarrjet Shtet\u00ebrore kan\u00eb detyrimin ligjor t\u00eb mbajn\u00eb dhe dokumentojn\u00eb veprimtarin\u00eb q\u00eb ata ushtrojn\u00eb sipas k\u00ebrkesave ligjore n\u00eb fuqi. Dokumentacioni i k\u00ebrkuar \u00ebsht\u00eb n\u00eb funksion t\u00eb p\u00ebrgjegj\u00ebseve tatimore p\u00ebr t\u00eb cilat k\u00ebto subjekte jan\u00eb regjistruar. Mbajtja e t\u00eb dh\u00ebnave dhe faturimi \u201cLibra dhe regjistrime\u201d jan\u00eb regjistrimet tregtare, dokumentacioni kontab\u00ebl, llogarit\u00eb vjetore dhe [&hellip;]<\/p>\n","protected":false},"author":1,"featured_media":16961,"parent":16027,"menu_order":0,"comment_status":"closed","ping_status":"closed","template":"","meta":{"footnotes":""},"class_list":["post-16028","page","type-page","status-publish","has-post-thumbnail","hentry"],"yoast_head":"<!-- This site is optimized with the Yoast SEO plugin v26.5 - https:\/\/yoast.com\/wordpress\/plugins\/seo\/ -->\n<title>Mbajtja e t\u00eb dh\u00ebnave dhe faturimi - AlProfit Consult<\/title>\n<meta name=\"robots\" content=\"index, follow, max-snippet:-1, max-image-preview:large, max-video-preview:-1\" \/>\n<link rel=\"canonical\" href=\"https:\/\/alprofitconsult.al\/en\/taxes\/non-profit-organization\/data-retention\/record-keeping-and-billing\/\" \/>\n<meta property=\"og:locale\" content=\"en_US\" \/>\n<meta property=\"og:type\" content=\"article\" \/>\n<meta property=\"og:title\" content=\"Mbajtja e t\u00eb dh\u00ebnave dhe faturimi - AlProfit Consult\" \/>\n<meta property=\"og:description\" content=\"Organizatat Jofitimprur\u00ebse dhe Entet Publike\/Nd\u00ebrmarrjet Shtet\u00ebrore kan\u00eb detyrimin ligjor t\u00eb mbajn\u00eb dhe dokumentojn\u00eb veprimtarin\u00eb q\u00eb ata ushtrojn\u00eb sipas k\u00ebrkesave ligjore n\u00eb fuqi. Dokumentacioni i k\u00ebrkuar \u00ebsht\u00eb n\u00eb funksion t\u00eb p\u00ebrgjegj\u00ebseve tatimore p\u00ebr t\u00eb cilat k\u00ebto subjekte jan\u00eb regjistruar. Mbajtja e t\u00eb dh\u00ebnave dhe faturimi \u201cLibra dhe regjistrime\u201d jan\u00eb regjistrimet tregtare, dokumentacioni kontab\u00ebl, llogarit\u00eb vjetore dhe [&hellip;]\" \/>\n<meta property=\"og:url\" content=\"https:\/\/alprofitconsult.al\/en\/taxes\/non-profit-organization\/data-retention\/record-keeping-and-billing\/\" \/>\n<meta property=\"og:site_name\" content=\"AlProfit Consult\" \/>\n<meta property=\"article:publisher\" content=\"https:\/\/www.facebook.com\/AlProfitConsult\/\" \/>\n<meta property=\"article:modified_time\" content=\"2024-12-01T19:03:25+00:00\" \/>\n<meta property=\"og:image\" content=\"https:\/\/alprofitconsult.al\/wp-content\/uploads\/2022\/10\/AlProfit-Consult-Mbajtja-e-te-dhenave-dhe-faturimi-OJF.jpg\" \/>\n\t<meta property=\"og:image:width\" content=\"1920\" \/>\n\t<meta property=\"og:image:height\" content=\"1536\" \/>\n\t<meta property=\"og:image:type\" content=\"image\/jpeg\" \/>\n<meta name=\"twitter:card\" content=\"summary_large_image\" \/>\n<meta name=\"twitter:site\" content=\"@AlProfitConsult\" \/>\n<meta name=\"twitter:label1\" content=\"Est. reading time\" \/>\n\t<meta name=\"twitter:data1\" content=\"2 minutes\" \/>\n<script type=\"application\/ld+json\" class=\"yoast-schema-graph\">{\"@context\":\"https:\/\/schema.org\",\"@graph\":[{\"@type\":\"WebPage\",\"@id\":\"https:\/\/alprofitconsult.al\/en\/tatime\/organizata-jofitimprurese\/mbajtja-e-te-dhenave\/mbajtja-e-te-dhenave-dhe-faturimi\/\",\"url\":\"https:\/\/alprofitconsult.al\/en\/tatime\/organizata-jofitimprurese\/mbajtja-e-te-dhenave\/mbajtja-e-te-dhenave-dhe-faturimi\/\",\"name\":\"Mbajtja e t\u00eb dh\u00ebnave dhe faturimi - AlProfit Consult\",\"isPartOf\":{\"@id\":\"https:\/\/alprofitconsult.al\/#website\"},\"primaryImageOfPage\":{\"@id\":\"https:\/\/alprofitconsult.al\/en\/tatime\/organizata-jofitimprurese\/mbajtja-e-te-dhenave\/mbajtja-e-te-dhenave-dhe-faturimi\/#primaryimage\"},\"image\":{\"@id\":\"https:\/\/alprofitconsult.al\/en\/tatime\/organizata-jofitimprurese\/mbajtja-e-te-dhenave\/mbajtja-e-te-dhenave-dhe-faturimi\/#primaryimage\"},\"thumbnailUrl\":\"https:\/\/alprofitconsult.al\/wp-content\/uploads\/2022\/10\/AlProfit-Consult-Mbajtja-e-te-dhenave-dhe-faturimi-OJF.jpg\",\"datePublished\":\"2022-10-13T14:16:39+00:00\",\"dateModified\":\"2024-12-01T19:03:25+00:00\",\"breadcrumb\":{\"@id\":\"https:\/\/alprofitconsult.al\/en\/tatime\/organizata-jofitimprurese\/mbajtja-e-te-dhenave\/mbajtja-e-te-dhenave-dhe-faturimi\/#breadcrumb\"},\"inLanguage\":\"en-US\",\"potentialAction\":[{\"@type\":\"ReadAction\",\"target\":[\"https:\/\/alprofitconsult.al\/en\/tatime\/organizata-jofitimprurese\/mbajtja-e-te-dhenave\/mbajtja-e-te-dhenave-dhe-faturimi\/\"]}]},{\"@type\":\"ImageObject\",\"inLanguage\":\"en-US\",\"@id\":\"https:\/\/alprofitconsult.al\/en\/tatime\/organizata-jofitimprurese\/mbajtja-e-te-dhenave\/mbajtja-e-te-dhenave-dhe-faturimi\/#primaryimage\",\"url\":\"https:\/\/alprofitconsult.al\/wp-content\/uploads\/2022\/10\/AlProfit-Consult-Mbajtja-e-te-dhenave-dhe-faturimi-OJF.jpg\",\"contentUrl\":\"https:\/\/alprofitconsult.al\/wp-content\/uploads\/2022\/10\/AlProfit-Consult-Mbajtja-e-te-dhenave-dhe-faturimi-OJF.jpg\",\"width\":1920,\"height\":1536},{\"@type\":\"BreadcrumbList\",\"@id\":\"https:\/\/alprofitconsult.al\/en\/tatime\/organizata-jofitimprurese\/mbajtja-e-te-dhenave\/mbajtja-e-te-dhenave-dhe-faturimi\/#breadcrumb\",\"itemListElement\":[{\"@type\":\"ListItem\",\"position\":1,\"name\":\"Kryefaqe\",\"item\":\"https:\/\/alprofitconsult.al\/\"},{\"@type\":\"ListItem\",\"position\":2,\"name\":\"Legjislacioni tatimor\",\"item\":\"https:\/\/alprofitconsult.al\/en\/tatime\/\"},{\"@type\":\"ListItem\",\"position\":3,\"name\":\"Organizat\u00eb Jofitimprur\u00ebse dhe Ente Publike\",\"item\":\"https:\/\/alprofitconsult.al\/en\/tatime\/organizata-jofitimprurese\/\"},{\"@type\":\"ListItem\",\"position\":4,\"name\":\"Mbajtja e t\u00eb dh\u00ebnave: Organizatat Jofitimprur\u00ebse\",\"item\":\"https:\/\/alprofitconsult.al\/en\/tatime\/organizata-jofitimprurese\/mbajtja-e-te-dhenave\/\"},{\"@type\":\"ListItem\",\"position\":5,\"name\":\"Mbajtja e t\u00eb dh\u00ebnave dhe faturimi\"}]},{\"@type\":\"WebSite\",\"@id\":\"https:\/\/alprofitconsult.al\/#website\",\"url\":\"https:\/\/alprofitconsult.al\/\",\"name\":\"AlProfit Consult\",\"description\":\"Zyr\u00eb Kontabiliteti\",\"publisher\":{\"@id\":\"https:\/\/alprofitconsult.al\/#organization\"},\"potentialAction\":[{\"@type\":\"SearchAction\",\"target\":{\"@type\":\"EntryPoint\",\"urlTemplate\":\"https:\/\/alprofitconsult.al\/?s={search_term_string}\"},\"query-input\":{\"@type\":\"PropertyValueSpecification\",\"valueRequired\":true,\"valueName\":\"search_term_string\"}}],\"inLanguage\":\"en-US\"},{\"@type\":\"Organization\",\"@id\":\"https:\/\/alprofitconsult.al\/#organization\",\"name\":\"Alprofit Consult\",\"url\":\"https:\/\/alprofitconsult.al\/\",\"logo\":{\"@type\":\"ImageObject\",\"inLanguage\":\"en-US\",\"@id\":\"https:\/\/alprofitconsult.al\/#\/schema\/logo\/image\/\",\"url\":\"https:\/\/alprofitconsult.al\/wp-content\/uploads\/2022\/10\/logoalprofit.png\",\"contentUrl\":\"https:\/\/alprofitconsult.al\/wp-content\/uploads\/2022\/10\/logoalprofit.png\",\"width\":529,\"height\":156,\"caption\":\"Alprofit Consult\"},\"image\":{\"@id\":\"https:\/\/alprofitconsult.al\/#\/schema\/logo\/image\/\"},\"sameAs\":[\"https:\/\/www.facebook.com\/AlProfitConsult\/\",\"https:\/\/x.com\/AlProfitConsult\",\"https:\/\/www.linkedin.com\/company\/andi-haxhillari\/\",\"https:\/\/www.pinterest.com\/AlProfitConsult\/\",\"https:\/\/www.youtube.com\/channel\/UCZ5Gfntn161Nla3g1XdRldA\",\"https:\/\/sq.wikipedia.org\/wiki\/P\u00ebrdoruesi:Andi25~sqwiki\"]}]}<\/script>\n<!-- \/ Yoast SEO plugin. -->","yoast_head_json":{"title":"Record Keeping and Billing - AlProfit Consult","robots":{"index":"index","follow":"follow","max-snippet":"max-snippet:-1","max-image-preview":"max-image-preview:large","max-video-preview":"max-video-preview:-1"},"canonical":"https:\/\/alprofitconsult.al\/en\/taxes\/non-profit-organization\/data-retention\/record-keeping-and-billing\/","og_locale":"en_US","og_type":"article","og_title":"Mbajtja e t\u00eb dh\u00ebnave dhe faturimi - AlProfit Consult","og_description":"Organizatat Jofitimprur\u00ebse dhe Entet Publike\/Nd\u00ebrmarrjet Shtet\u00ebrore kan\u00eb detyrimin ligjor t\u00eb mbajn\u00eb dhe dokumentojn\u00eb veprimtarin\u00eb q\u00eb ata ushtrojn\u00eb sipas k\u00ebrkesave ligjore n\u00eb fuqi. Dokumentacioni i k\u00ebrkuar \u00ebsht\u00eb n\u00eb funksion t\u00eb p\u00ebrgjegj\u00ebseve tatimore p\u00ebr t\u00eb cilat k\u00ebto subjekte jan\u00eb regjistruar. Mbajtja e t\u00eb dh\u00ebnave dhe faturimi \u201cLibra dhe regjistrime\u201d jan\u00eb regjistrimet tregtare, dokumentacioni kontab\u00ebl, llogarit\u00eb vjetore dhe [&hellip;]","og_url":"https:\/\/alprofitconsult.al\/en\/taxes\/non-profit-organization\/data-retention\/record-keeping-and-billing\/","og_site_name":"AlProfit Consult","article_publisher":"https:\/\/www.facebook.com\/AlProfitConsult\/","article_modified_time":"2024-12-01T19:03:25+00:00","og_image":[{"width":1920,"height":1536,"url":"https:\/\/alprofitconsult.al\/wp-content\/uploads\/2022\/10\/AlProfit-Consult-Mbajtja-e-te-dhenave-dhe-faturimi-OJF.jpg","type":"image\/jpeg"}],"twitter_card":"summary_large_image","twitter_site":"@AlProfitConsult","twitter_misc":{"Est. reading time":"2 minutes"},"schema":{"@context":"https:\/\/schema.org","@graph":[{"@type":"WebPage","@id":"https:\/\/alprofitconsult.al\/en\/tatime\/organizata-jofitimprurese\/mbajtja-e-te-dhenave\/mbajtja-e-te-dhenave-dhe-faturimi\/","url":"https:\/\/alprofitconsult.al\/en\/tatime\/organizata-jofitimprurese\/mbajtja-e-te-dhenave\/mbajtja-e-te-dhenave-dhe-faturimi\/","name":"Record Keeping and Billing - AlProfit Consult","isPartOf":{"@id":"https:\/\/alprofitconsult.al\/#website"},"primaryImageOfPage":{"@id":"https:\/\/alprofitconsult.al\/en\/tatime\/organizata-jofitimprurese\/mbajtja-e-te-dhenave\/mbajtja-e-te-dhenave-dhe-faturimi\/#primaryimage"},"image":{"@id":"https:\/\/alprofitconsult.al\/en\/tatime\/organizata-jofitimprurese\/mbajtja-e-te-dhenave\/mbajtja-e-te-dhenave-dhe-faturimi\/#primaryimage"},"thumbnailUrl":"https:\/\/alprofitconsult.al\/wp-content\/uploads\/2022\/10\/AlProfit-Consult-Mbajtja-e-te-dhenave-dhe-faturimi-OJF.jpg","datePublished":"2022-10-13T14:16:39+00:00","dateModified":"2024-12-01T19:03:25+00:00","breadcrumb":{"@id":"https:\/\/alprofitconsult.al\/en\/tatime\/organizata-jofitimprurese\/mbajtja-e-te-dhenave\/mbajtja-e-te-dhenave-dhe-faturimi\/#breadcrumb"},"inLanguage":"en-US","potentialAction":[{"@type":"ReadAction","target":["https:\/\/alprofitconsult.al\/en\/tatime\/organizata-jofitimprurese\/mbajtja-e-te-dhenave\/mbajtja-e-te-dhenave-dhe-faturimi\/"]}]},{"@type":"ImageObject","inLanguage":"en-US","@id":"https:\/\/alprofitconsult.al\/en\/tatime\/organizata-jofitimprurese\/mbajtja-e-te-dhenave\/mbajtja-e-te-dhenave-dhe-faturimi\/#primaryimage","url":"https:\/\/alprofitconsult.al\/wp-content\/uploads\/2022\/10\/AlProfit-Consult-Mbajtja-e-te-dhenave-dhe-faturimi-OJF.jpg","contentUrl":"https:\/\/alprofitconsult.al\/wp-content\/uploads\/2022\/10\/AlProfit-Consult-Mbajtja-e-te-dhenave-dhe-faturimi-OJF.jpg","width":1920,"height":1536},{"@type":"BreadcrumbList","@id":"https:\/\/alprofitconsult.al\/en\/tatime\/organizata-jofitimprurese\/mbajtja-e-te-dhenave\/mbajtja-e-te-dhenave-dhe-faturimi\/#breadcrumb","itemListElement":[{"@type":"ListItem","position":1,"name":"Kryefaqe","item":"https:\/\/alprofitconsult.al\/"},{"@type":"ListItem","position":2,"name":"Legjislacioni tatimor","item":"https:\/\/alprofitconsult.al\/en\/tatime\/"},{"@type":"ListItem","position":3,"name":"Organizat\u00eb Jofitimprur\u00ebse dhe Ente Publike","item":"https:\/\/alprofitconsult.al\/en\/tatime\/organizata-jofitimprurese\/"},{"@type":"ListItem","position":4,"name":"Mbajtja e t\u00eb dh\u00ebnave: Organizatat Jofitimprur\u00ebse","item":"https:\/\/alprofitconsult.al\/en\/tatime\/organizata-jofitimprurese\/mbajtja-e-te-dhenave\/"},{"@type":"ListItem","position":5,"name":"Mbajtja e t\u00eb dh\u00ebnave dhe faturimi"}]},{"@type":"WebSite","@id":"https:\/\/alprofitconsult.al\/#website","url":"https:\/\/alprofitconsult.al\/","name":"AlProfit Consult","description":"Accounting Office","publisher":{"@id":"https:\/\/alprofitconsult.al\/#organization"},"potentialAction":[{"@type":"SearchAction","target":{"@type":"EntryPoint","urlTemplate":"https:\/\/alprofitconsult.al\/?s={search_term_string}"},"query-input":{"@type":"PropertyValueSpecification","valueRequired":true,"valueName":"search_term_string"}}],"inLanguage":"en-US"},{"@type":"Organization","@id":"https:\/\/alprofitconsult.al\/#organization","name":"Alprofit Consult","url":"https:\/\/alprofitconsult.al\/","logo":{"@type":"ImageObject","inLanguage":"en-US","@id":"https:\/\/alprofitconsult.al\/#\/schema\/logo\/image\/","url":"https:\/\/alprofitconsult.al\/wp-content\/uploads\/2022\/10\/logoalprofit.png","contentUrl":"https:\/\/alprofitconsult.al\/wp-content\/uploads\/2022\/10\/logoalprofit.png","width":529,"height":156,"caption":"Alprofit Consult"},"image":{"@id":"https:\/\/alprofitconsult.al\/#\/schema\/logo\/image\/"},"sameAs":["https:\/\/www.facebook.com\/AlProfitConsult\/","https:\/\/x.com\/AlProfitConsult","https:\/\/www.linkedin.com\/company\/andi-haxhillari\/","https:\/\/www.pinterest.com\/AlProfitConsult\/","https:\/\/www.youtube.com\/channel\/UCZ5Gfntn161Nla3g1XdRldA","https:\/\/sq.wikipedia.org\/wiki\/P\u00ebrdoruesi:Andi25~sqwiki"]}]}},"_links":{"self":[{"href":"https:\/\/alprofitconsult.al\/en\/wp-json\/wp\/v2\/pages\/16028","targetHints":{"allow":["GET"]}}],"collection":[{"href":"https:\/\/alprofitconsult.al\/en\/wp-json\/wp\/v2\/pages"}],"about":[{"href":"https:\/\/alprofitconsult.al\/en\/wp-json\/wp\/v2\/types\/page"}],"author":[{"embeddable":true,"href":"https:\/\/alprofitconsult.al\/en\/wp-json\/wp\/v2\/users\/1"}],"replies":[{"embeddable":true,"href":"https:\/\/alprofitconsult.al\/en\/wp-json\/wp\/v2\/comments?post=16028"}],"version-history":[{"count":5,"href":"https:\/\/alprofitconsult.al\/en\/wp-json\/wp\/v2\/pages\/16028\/revisions"}],"predecessor-version":[{"id":20248,"href":"https:\/\/alprofitconsult.al\/en\/wp-json\/wp\/v2\/pages\/16028\/revisions\/20248"}],"up":[{"embeddable":true,"href":"https:\/\/alprofitconsult.al\/en\/wp-json\/wp\/v2\/pages\/16027"}],"wp:featuredmedia":[{"embeddable":true,"href":"https:\/\/alprofitconsult.al\/en\/wp-json\/wp\/v2\/media\/16961"}],"wp:attachment":[{"href":"https:\/\/alprofitconsult.al\/en\/wp-json\/wp\/v2\/media?parent=16028"}],"curies":[{"name":"wp","href":"https:\/\/api.w.org\/{rel}","templated":true}]}}