{"id":16190,"date":"2022-10-07T20:12:36","date_gmt":"2022-10-07T20:12:36","guid":{"rendered":"https:\/\/alprofitconsult.al\/tatime-2\/individ\/kategorite\/individe\/"},"modified":"2022-10-07T20:12:36","modified_gmt":"2022-10-07T20:12:36","slug":"divide","status":"publish","type":"page","link":"https:\/\/alprofitconsult.al\/en\/tatime-2\/individ\/kategorite\/individe\/","title":{"rendered":"Individ\u00eb #2"},"content":{"rendered":"<figure class=\"wp-block-image size-large\"><img loading=\"lazy\" decoding=\"async\" width=\"1024\" height=\"627\" src=\"https:\/\/alprofitconsult.al\/wp-content\/uploads\/2021\/05\/mateus-campos-felipe-Fsgzm8N0hIY-unsplash-1024x627.jpg\" alt=\"\" class=\"wp-image-13464\" srcset=\"https:\/\/alprofitconsult.al\/wp-content\/uploads\/2021\/05\/mateus-campos-felipe-Fsgzm8N0hIY-unsplash-1024x627.jpg 1024w, https:\/\/alprofitconsult.al\/wp-content\/uploads\/2021\/05\/mateus-campos-felipe-Fsgzm8N0hIY-unsplash-300x184.jpg 300w, https:\/\/alprofitconsult.al\/wp-content\/uploads\/2021\/05\/mateus-campos-felipe-Fsgzm8N0hIY-unsplash-150x92.jpg 150w, https:\/\/alprofitconsult.al\/wp-content\/uploads\/2021\/05\/mateus-campos-felipe-Fsgzm8N0hIY-unsplash-768x470.jpg 768w, https:\/\/alprofitconsult.al\/wp-content\/uploads\/2021\/05\/mateus-campos-felipe-Fsgzm8N0hIY-unsplash-1536x941.jpg 1536w, https:\/\/alprofitconsult.al\/wp-content\/uploads\/2021\/05\/mateus-campos-felipe-Fsgzm8N0hIY-unsplash-700x430.jpg 700w, https:\/\/alprofitconsult.al\/wp-content\/uploads\/2021\/05\/mateus-campos-felipe-Fsgzm8N0hIY-unsplash.jpg 1920w\" sizes=\"auto, (max-width: 1024px) 100vw, 1024px\" \/><\/figure>\n\n\n\n<p>Individ, konsiderohet \u00e7do person fizik jo tregtar.<\/p>\n\n\n\n<p>Individ tatimpagues, \u00ebsht\u00eb personi i cili detyrohet t\u00eb paguaj\u00eb tatime, taksa ose kontributet e sigurimeve shoq\u00ebrore dhe sh\u00ebndet\u00ebsore, si dhe agjenti i mbajtjes s\u00eb tatimit n\u00eb burim.<\/p>\n\n\n\n<p>Tatimi i paguesh\u00ebm nga individi, p\u00ebrcaktohet n\u00eb var\u00ebsi t\u00eb: (a) rezidenc\u00ebs tatimore t\u00eb individit, dhe (b) burimi i t\u00eb ardhurave; n\u00ebse \u00ebsht\u00eb brenda territorit Shqiptar. <\/p>\n\n\n\n<p>Tatimi p\u00ebrcaktohet si m\u00eb posht\u00eb:<\/p>\n\n\n\n<figure class=\"wp-block-table aligncenter is-style-regular\"><table class=\"has-subtle-light-gray-background-color has-fixed-layout has-background\"><tbody><tr><td>Tatimi i individ\u00ebve rezident<\/td><td>Tatimi i individ\u00ebve jorezident\u00eb<\/td><\/tr><tr><td>Brenda dhe jasht\u00eb territorit Shqiptar <br><a href=\"https:\/\/www.investopedia.com\/terms\/p\/principalresidence.asp\" target=\"_blank\" rel=\"noreferrer noopener\">(Parimi i rezidenc\u00ebs)<\/a><\/td><td>(Me burim brenda territorit Shqiptar<br>(Parimi i burimit)<\/td><\/tr><\/tbody><\/table><\/figure>\n\n\n\n<h3 class=\"wp-block-heading\">Individ tatimpagues rezident <\/h3>\n\n\n\n<p>Individ tatimpagues rezident \u00ebsht\u00eb personi i cili:<\/p>\n\n\n\n<ul class=\"wp-block-list\"><li>there is a residence in the Republic of Albania, within the meaning of Article 12 of the Civil Code;<\/li><li>holds Albanian citizenship and is a diplomatic official or performs a similar function on behalf of the Republic of Albania outside its territory;<\/li><li>continuously or intermittently, stays in the Republic of Albania for more than 183 days in a 365-day period.<\/li><\/ul>\n\n\n\n<p>The registration and identification of resident individuals is done with a fiscal code, and as such, the Personal Identification Number on the individual's ID card serves this purpose.<\/p>\n\n\n\n<h3 class=\"wp-block-heading\">Individual, not a tax resident<\/h3>\n\n\n\n<p>An individual is considered a non-resident when they do not meet any of the definitions of an Albanian resident as defined above.<\/p>\n\n\n\n<p>The registration and identification of a non-resident individual is done with a fiscal code, and as such, the personal identification number on the non-resident's ID card serves this purpose.<\/p>\n\n\n\n<p>Source: <a href=\"https:\/\/www.tatime.gov.al\/c\/3\/12\/21\/individe\" target=\"_blank\" rel=\"noreferrer noopener\">General Directorate of Taxes. <\/a><\/p>\n\n\n<div class=\"gdlr-core-widget-box-shortcode\" style=\"color: #ffffff ;background-color: #000014 ;\"  ><h3 class=\"gdlr-core-widget-box-shortcode-title\" style=\"color: #ffffff ;\"  >Do you have a question?<\/h3><div class=\"gdlr-core-widget-box-shortcode-content\" ><p class=\"translation-block\">Do not hesitate to <a href=\"https:\/\/alprofitconsult.al\/en\/contact\/\" target=\"_self\">contact<\/a> us. We are a team of experts and will be happy to speak with you.<\/p>\n<\/div><\/div>\n\n\n\n<p><\/p>","protected":false},"excerpt":{"rendered":"<p>Individ, konsiderohet \u00e7do person fizik jo tregtar. Individ tatimpagues, \u00ebsht\u00eb personi i cili detyrohet t\u00eb paguaj\u00eb tatime, taksa ose kontributet e sigurimeve shoq\u00ebrore dhe sh\u00ebndet\u00ebsore, si dhe agjenti i mbajtjes s\u00eb tatimit n\u00eb burim. Tatimi i paguesh\u00ebm nga individi, p\u00ebrcaktohet n\u00eb var\u00ebsi t\u00eb: (a) rezidenc\u00ebs tatimore t\u00eb individit, dhe (b) burimi i t\u00eb ardhurave; n\u00ebse [&hellip;]<\/p>\n","protected":false},"author":1,"featured_media":13320,"parent":16180,"menu_order":0,"comment_status":"closed","ping_status":"closed","template":"","meta":{"footnotes":""},"class_list":["post-16190","page","type-page","status-publish","has-post-thumbnail","hentry"],"yoast_head":"<!-- This site is optimized with the Yoast SEO plugin v26.5 - https:\/\/yoast.com\/wordpress\/plugins\/seo\/ -->\n<title>Individ\u00eb #2 - AlProfit Consult<\/title>\n<meta name=\"robots\" content=\"index, follow, max-snippet:-1, max-image-preview:large, max-video-preview:-1\" \/>\n<link rel=\"canonical\" href=\"https:\/\/alprofitconsult.al\/en\/taxes-2\/individual\/categories\/divide\/\" \/>\n<meta property=\"og:locale\" content=\"en_US\" \/>\n<meta property=\"og:type\" content=\"article\" \/>\n<meta property=\"og:title\" content=\"Individ\u00eb #2 - AlProfit Consult\" \/>\n<meta property=\"og:description\" content=\"Individ, konsiderohet \u00e7do person fizik jo tregtar. Individ tatimpagues, \u00ebsht\u00eb personi i cili detyrohet t\u00eb paguaj\u00eb tatime, taksa ose kontributet e sigurimeve shoq\u00ebrore dhe sh\u00ebndet\u00ebsore, si dhe agjenti i mbajtjes s\u00eb tatimit n\u00eb burim. Tatimi i paguesh\u00ebm nga individi, p\u00ebrcaktohet n\u00eb var\u00ebsi t\u00eb: (a) rezidenc\u00ebs tatimore t\u00eb individit, dhe (b) burimi i t\u00eb ardhurave; n\u00ebse [&hellip;]\" \/>\n<meta property=\"og:url\" content=\"https:\/\/alprofitconsult.al\/en\/taxes-2\/individual\/categories\/divide\/\" \/>\n<meta property=\"og:site_name\" content=\"AlProfit Consult\" \/>\n<meta property=\"article:publisher\" content=\"https:\/\/www.facebook.com\/AlProfitConsult\/\" \/>\n<meta property=\"og:image\" content=\"https:\/\/alprofitconsult.al\/wp-content\/uploads\/2021\/04\/assistant.jpg\" \/>\n\t<meta property=\"og:image:width\" content=\"1000\" \/>\n\t<meta property=\"og:image:height\" content=\"695\" \/>\n\t<meta property=\"og:image:type\" content=\"image\/jpeg\" \/>\n<meta name=\"twitter:card\" content=\"summary_large_image\" \/>\n<meta name=\"twitter:site\" content=\"@AlProfitConsult\" \/>\n<meta name=\"twitter:label1\" content=\"Est. reading time\" \/>\n\t<meta name=\"twitter:data1\" content=\"2 minutes\" \/>\n<script type=\"application\/ld+json\" class=\"yoast-schema-graph\">{\"@context\":\"https:\/\/schema.org\",\"@graph\":[{\"@type\":\"WebPage\",\"@id\":\"https:\/\/alprofitconsult.al\/en\/tatime-2\/individ\/kategorite\/individe\/\",\"url\":\"https:\/\/alprofitconsult.al\/en\/tatime-2\/individ\/kategorite\/individe\/\",\"name\":\"Individ\u00eb #2 - AlProfit Consult\",\"isPartOf\":{\"@id\":\"https:\/\/alprofitconsult.al\/#website\"},\"primaryImageOfPage\":{\"@id\":\"https:\/\/alprofitconsult.al\/en\/tatime-2\/individ\/kategorite\/individe\/#primaryimage\"},\"image\":{\"@id\":\"https:\/\/alprofitconsult.al\/en\/tatime-2\/individ\/kategorite\/individe\/#primaryimage\"},\"thumbnailUrl\":\"https:\/\/alprofitconsult.al\/wp-content\/uploads\/2021\/04\/assistant.jpg\",\"datePublished\":\"2022-10-07T20:12:36+00:00\",\"breadcrumb\":{\"@id\":\"https:\/\/alprofitconsult.al\/en\/tatime-2\/individ\/kategorite\/individe\/#breadcrumb\"},\"inLanguage\":\"en-US\",\"potentialAction\":[{\"@type\":\"ReadAction\",\"target\":[\"https:\/\/alprofitconsult.al\/en\/tatime-2\/individ\/kategorite\/individe\/\"]}]},{\"@type\":\"ImageObject\",\"inLanguage\":\"en-US\",\"@id\":\"https:\/\/alprofitconsult.al\/en\/tatime-2\/individ\/kategorite\/individe\/#primaryimage\",\"url\":\"https:\/\/alprofitconsult.al\/wp-content\/uploads\/2021\/04\/assistant.jpg\",\"contentUrl\":\"https:\/\/alprofitconsult.al\/wp-content\/uploads\/2021\/04\/assistant.jpg\",\"width\":1000,\"height\":695},{\"@type\":\"BreadcrumbList\",\"@id\":\"https:\/\/alprofitconsult.al\/en\/tatime-2\/individ\/kategorite\/individe\/#breadcrumb\",\"itemListElement\":[{\"@type\":\"ListItem\",\"position\":1,\"name\":\"Kryefaqe\",\"item\":\"https:\/\/alprofitconsult.al\/\"},{\"@type\":\"ListItem\",\"position\":2,\"name\":\"Tatime\",\"item\":\"https:\/\/alprofitconsult.al\/en\/tatime-2\/\"},{\"@type\":\"ListItem\",\"position\":3,\"name\":\"Individ #2\",\"item\":\"https:\/\/alprofitconsult.al\/en\/tatime-2\/individ\/\"},{\"@type\":\"ListItem\",\"position\":4,\"name\":\"Kategorit\u00eb #2\",\"item\":\"https:\/\/alprofitconsult.al\/en\/tatime-2\/individ\/kategorite\/\"},{\"@type\":\"ListItem\",\"position\":5,\"name\":\"Individ\u00eb #2\"}]},{\"@type\":\"WebSite\",\"@id\":\"https:\/\/alprofitconsult.al\/#website\",\"url\":\"https:\/\/alprofitconsult.al\/\",\"name\":\"AlProfit Consult\",\"description\":\"Zyr\u00eb Kontabiliteti\",\"publisher\":{\"@id\":\"https:\/\/alprofitconsult.al\/#organization\"},\"potentialAction\":[{\"@type\":\"SearchAction\",\"target\":{\"@type\":\"EntryPoint\",\"urlTemplate\":\"https:\/\/alprofitconsult.al\/?s={search_term_string}\"},\"query-input\":{\"@type\":\"PropertyValueSpecification\",\"valueRequired\":true,\"valueName\":\"search_term_string\"}}],\"inLanguage\":\"en-US\"},{\"@type\":\"Organization\",\"@id\":\"https:\/\/alprofitconsult.al\/#organization\",\"name\":\"Alprofit Consult\",\"url\":\"https:\/\/alprofitconsult.al\/\",\"logo\":{\"@type\":\"ImageObject\",\"inLanguage\":\"en-US\",\"@id\":\"https:\/\/alprofitconsult.al\/#\/schema\/logo\/image\/\",\"url\":\"https:\/\/alprofitconsult.al\/wp-content\/uploads\/2022\/10\/logoalprofit.png\",\"contentUrl\":\"https:\/\/alprofitconsult.al\/wp-content\/uploads\/2022\/10\/logoalprofit.png\",\"width\":529,\"height\":156,\"caption\":\"Alprofit Consult\"},\"image\":{\"@id\":\"https:\/\/alprofitconsult.al\/#\/schema\/logo\/image\/\"},\"sameAs\":[\"https:\/\/www.facebook.com\/AlProfitConsult\/\",\"https:\/\/x.com\/AlProfitConsult\",\"https:\/\/www.linkedin.com\/company\/andi-haxhillari\/\",\"https:\/\/www.pinterest.com\/AlProfitConsult\/\",\"https:\/\/www.youtube.com\/channel\/UCZ5Gfntn161Nla3g1XdRldA\",\"https:\/\/sq.wikipedia.org\/wiki\/P\u00ebrdoruesi:Andi25~sqwiki\"]}]}<\/script>\n<!-- \/ Yoast SEO plugin. -->","yoast_head_json":{"title":"Individ\u00eb #2 - AlProfit Consult","robots":{"index":"index","follow":"follow","max-snippet":"max-snippet:-1","max-image-preview":"max-image-preview:large","max-video-preview":"max-video-preview:-1"},"canonical":"https:\/\/alprofitconsult.al\/en\/taxes-2\/individual\/categories\/divide\/","og_locale":"en_US","og_type":"article","og_title":"Individ\u00eb #2 - AlProfit Consult","og_description":"Individ, konsiderohet \u00e7do person fizik jo tregtar. Individ tatimpagues, \u00ebsht\u00eb personi i cili detyrohet t\u00eb paguaj\u00eb tatime, taksa ose kontributet e sigurimeve shoq\u00ebrore dhe sh\u00ebndet\u00ebsore, si dhe agjenti i mbajtjes s\u00eb tatimit n\u00eb burim. Tatimi i paguesh\u00ebm nga individi, p\u00ebrcaktohet n\u00eb var\u00ebsi t\u00eb: (a) rezidenc\u00ebs tatimore t\u00eb individit, dhe (b) burimi i t\u00eb ardhurave; n\u00ebse [&hellip;]","og_url":"https:\/\/alprofitconsult.al\/en\/taxes-2\/individual\/categories\/divide\/","og_site_name":"AlProfit Consult","article_publisher":"https:\/\/www.facebook.com\/AlProfitConsult\/","og_image":[{"width":1000,"height":695,"url":"https:\/\/alprofitconsult.al\/wp-content\/uploads\/2021\/04\/assistant.jpg","type":"image\/jpeg"}],"twitter_card":"summary_large_image","twitter_site":"@AlProfitConsult","twitter_misc":{"Est. reading time":"2 minutes"},"schema":{"@context":"https:\/\/schema.org","@graph":[{"@type":"WebPage","@id":"https:\/\/alprofitconsult.al\/en\/tatime-2\/individ\/kategorite\/individe\/","url":"https:\/\/alprofitconsult.al\/en\/tatime-2\/individ\/kategorite\/individe\/","name":"Individ\u00eb #2 - AlProfit Consult","isPartOf":{"@id":"https:\/\/alprofitconsult.al\/#website"},"primaryImageOfPage":{"@id":"https:\/\/alprofitconsult.al\/en\/tatime-2\/individ\/kategorite\/individe\/#primaryimage"},"image":{"@id":"https:\/\/alprofitconsult.al\/en\/tatime-2\/individ\/kategorite\/individe\/#primaryimage"},"thumbnailUrl":"https:\/\/alprofitconsult.al\/wp-content\/uploads\/2021\/04\/assistant.jpg","datePublished":"2022-10-07T20:12:36+00:00","breadcrumb":{"@id":"https:\/\/alprofitconsult.al\/en\/tatime-2\/individ\/kategorite\/individe\/#breadcrumb"},"inLanguage":"en-US","potentialAction":[{"@type":"ReadAction","target":["https:\/\/alprofitconsult.al\/en\/tatime-2\/individ\/kategorite\/individe\/"]}]},{"@type":"ImageObject","inLanguage":"en-US","@id":"https:\/\/alprofitconsult.al\/en\/tatime-2\/individ\/kategorite\/individe\/#primaryimage","url":"https:\/\/alprofitconsult.al\/wp-content\/uploads\/2021\/04\/assistant.jpg","contentUrl":"https:\/\/alprofitconsult.al\/wp-content\/uploads\/2021\/04\/assistant.jpg","width":1000,"height":695},{"@type":"BreadcrumbList","@id":"https:\/\/alprofitconsult.al\/en\/tatime-2\/individ\/kategorite\/individe\/#breadcrumb","itemListElement":[{"@type":"ListItem","position":1,"name":"Kryefaqe","item":"https:\/\/alprofitconsult.al\/"},{"@type":"ListItem","position":2,"name":"Tatime","item":"https:\/\/alprofitconsult.al\/en\/tatime-2\/"},{"@type":"ListItem","position":3,"name":"Individ #2","item":"https:\/\/alprofitconsult.al\/en\/tatime-2\/individ\/"},{"@type":"ListItem","position":4,"name":"Kategorit\u00eb #2","item":"https:\/\/alprofitconsult.al\/en\/tatime-2\/individ\/kategorite\/"},{"@type":"ListItem","position":5,"name":"Individ\u00eb #2"}]},{"@type":"WebSite","@id":"https:\/\/alprofitconsult.al\/#website","url":"https:\/\/alprofitconsult.al\/","name":"AlProfit Consult","description":"Accounting Office","publisher":{"@id":"https:\/\/alprofitconsult.al\/#organization"},"potentialAction":[{"@type":"SearchAction","target":{"@type":"EntryPoint","urlTemplate":"https:\/\/alprofitconsult.al\/?s={search_term_string}"},"query-input":{"@type":"PropertyValueSpecification","valueRequired":true,"valueName":"search_term_string"}}],"inLanguage":"en-US"},{"@type":"Organization","@id":"https:\/\/alprofitconsult.al\/#organization","name":"Alprofit Consult","url":"https:\/\/alprofitconsult.al\/","logo":{"@type":"ImageObject","inLanguage":"en-US","@id":"https:\/\/alprofitconsult.al\/#\/schema\/logo\/image\/","url":"https:\/\/alprofitconsult.al\/wp-content\/uploads\/2022\/10\/logoalprofit.png","contentUrl":"https:\/\/alprofitconsult.al\/wp-content\/uploads\/2022\/10\/logoalprofit.png","width":529,"height":156,"caption":"Alprofit Consult"},"image":{"@id":"https:\/\/alprofitconsult.al\/#\/schema\/logo\/image\/"},"sameAs":["https:\/\/www.facebook.com\/AlProfitConsult\/","https:\/\/x.com\/AlProfitConsult","https:\/\/www.linkedin.com\/company\/andi-haxhillari\/","https:\/\/www.pinterest.com\/AlProfitConsult\/","https:\/\/www.youtube.com\/channel\/UCZ5Gfntn161Nla3g1XdRldA","https:\/\/sq.wikipedia.org\/wiki\/P\u00ebrdoruesi:Andi25~sqwiki"]}]}},"_links":{"self":[{"href":"https:\/\/alprofitconsult.al\/en\/wp-json\/wp\/v2\/pages\/16190","targetHints":{"allow":["GET"]}}],"collection":[{"href":"https:\/\/alprofitconsult.al\/en\/wp-json\/wp\/v2\/pages"}],"about":[{"href":"https:\/\/alprofitconsult.al\/en\/wp-json\/wp\/v2\/types\/page"}],"author":[{"embeddable":true,"href":"https:\/\/alprofitconsult.al\/en\/wp-json\/wp\/v2\/users\/1"}],"replies":[{"embeddable":true,"href":"https:\/\/alprofitconsult.al\/en\/wp-json\/wp\/v2\/comments?post=16190"}],"version-history":[{"count":0,"href":"https:\/\/alprofitconsult.al\/en\/wp-json\/wp\/v2\/pages\/16190\/revisions"}],"up":[{"embeddable":true,"href":"https:\/\/alprofitconsult.al\/en\/wp-json\/wp\/v2\/pages\/16180"}],"wp:featuredmedia":[{"embeddable":true,"href":"https:\/\/alprofitconsult.al\/en\/wp-json\/wp\/v2\/media\/13320"}],"wp:attachment":[{"href":"https:\/\/alprofitconsult.al\/en\/wp-json\/wp\/v2\/media?parent=16190"}],"curies":[{"name":"wp","href":"https:\/\/api.w.org\/{rel}","templated":true}]}}