{"id":16221,"date":"2022-10-08T18:35:49","date_gmt":"2022-10-08T18:35:49","guid":{"rendered":"https:\/\/alprofitconsult.al\/tatime-2\/sipermarres\/deklarimi-dhe-pagesa-2\/apelimi-tatimor\/"},"modified":"2022-10-08T18:35:49","modified_gmt":"2022-10-08T18:35:49","slug":"my-sweetest-honey","status":"publish","type":"page","link":"https:\/\/alprofitconsult.al\/en\/tatime-2\/sipermarres\/deklarimi-dhe-pagesa-2\/apelimi-tatimor\/","title":{"rendered":"Apelimi Tatimor #2"},"content":{"rendered":"<figure class=\"wp-block-image size-large\"><img loading=\"lazy\" decoding=\"async\" width=\"1024\" height=\"683\" src=\"https:\/\/alprofitconsult.al\/wp-content\/uploads\/2022\/10\/AlProfit-Consult-Apelimi-Tatimor-1024x683.jpg\" alt=\"\" class=\"wp-image-15986\" srcset=\"https:\/\/alprofitconsult.al\/wp-content\/uploads\/2022\/10\/AlProfit-Consult-Apelimi-Tatimor-1024x683.jpg 1024w, https:\/\/alprofitconsult.al\/wp-content\/uploads\/2022\/10\/AlProfit-Consult-Apelimi-Tatimor-300x200.jpg 300w, https:\/\/alprofitconsult.al\/wp-content\/uploads\/2022\/10\/AlProfit-Consult-Apelimi-Tatimor-150x100.jpg 150w, https:\/\/alprofitconsult.al\/wp-content\/uploads\/2022\/10\/AlProfit-Consult-Apelimi-Tatimor-768x512.jpg 768w, https:\/\/alprofitconsult.al\/wp-content\/uploads\/2022\/10\/AlProfit-Consult-Apelimi-Tatimor-1536x1024.jpg 1536w, https:\/\/alprofitconsult.al\/wp-content\/uploads\/2022\/10\/AlProfit-Consult-Apelimi-Tatimor.jpg 1920w\" sizes=\"auto, (max-width: 1024px) 100vw, 1024px\" \/><\/figure>\n\n\n\n<h2 class=\"wp-block-heading\">What should we keep in mind when filing a tax appeal?<\/h2>\n\n\n\n<h5 class=\"wp-block-heading\">Where can we appeal against tax administration actions that we consider unfair?<\/h5>\n\n\n\n<p>The appeal is filed only with the Tax Appeals Directorate, which, since January 1, 2017, has been part of the structure of the Ministry of Finance and Economy.<\/p>\n\n\n\n<h5 class=\"wp-block-heading\">What are the rules for filing an appeal?<\/h5>\n\n\n\n<ol class=\"wp-block-list\"><li>You must have a document (sent by the tax administration) that affects the interests of the taxpayer (read below for what this document may be).<\/li><li>You must appeal within 1 month of becoming aware of the administrative act sent to you by the tax administration.<\/li><li>Within this month, you must pay or provide a bank guarantee for the liabilities contained in the assessment notice, along with the late interest calculated up to the payment date. Fines are neither prepaid nor subject to a bank guarantee.<\/li><\/ol>\n\n\n\n<blockquote class=\"wp-block-quote is-layout-flow wp-block-quote-is-layout-flow\"><p><br>Without these documents, the Appeals Directorate will reject the appeal.<\/p><\/blockquote>\n\n\n\n<h5 class=\"wp-block-heading\">What can we complain about?<\/h5>\n\n\n\n<ul class=\"wp-block-list\"><li>Any \"Tax Liability Assessment Notice\" sent to you by the tax administration that you consider unfair.<\/li><li>Any other administrative act that affects the taxpayer's tax liability, including requests for compensation.<\/li><li>Any act that affects the taxpayer's request for a tax refund.<\/li><li>Any act that affects the taxpayer's request for tax relief.<\/li><li>Errors made by the administration in calculating the late interest percentage may be appealed.<\/li><li>The imposition of or errors in calculating the amounts and various types of fines.<\/li><li>An appeal can also be filed against an omission (failure to act) by the tax administration that affects the taxpayer's tax liability.<\/li><\/ul>\n\n\n\n<blockquote class=\"wp-block-quote is-layout-flow wp-block-quote-is-layout-flow\"><p>Administrative measures related to the forced collection of tax liabilities, such as bank account blocking orders, notices and requests for payment, notices to third parties, and administrative acts related to the confiscation of goods, cannot be appealed.<\/p><\/blockquote>\n\n\n\n<h5 class=\"wp-block-heading\">What documents must be sent to the Appeals Directorate for the appeal?<\/h5>\n\n\n\n<ol class=\"wp-block-list\"><li>A written request describing the taxpayer's claims. This request must include the taxpayer's name and address, the taxpayer registration number (NIPT), and must be signed at the end.<\/li><li>The administrative act issued by the tax administration.<\/li><li>Proof of payment of the tax liability and late interest (bank-processed payment order). In the absence of payment, a bank guarantee that covers the liabilities plus late interest.<\/li><li>Supporting information for the appeal, such as audit reports, minutes (records), acts of findings, etc.<\/li><li>Any other document that the appellant considers important for the fair resolution of the case.<\/li><\/ol>\n\n\n\n<h5 class=\"wp-block-heading\"><br>How is the appeal submitted?<\/h5>\n\n\n\n<p><br>The appeal can be delivered in person or sent via registered mail. The date the appeal is received by the Tax Appeals Directorate is considered the date of protocol for appeals delivered in person, and the date of dispatch at the post office for appeals sent by mail.<\/p>\n\n\n\n<blockquote class=\"wp-block-quote is-layout-flow wp-block-quote-is-layout-flow\"><p>The taxpayer must provide proof of the date they received the administrative act being appealed. Proof may include the envelope copy, postal registration records, etc.<\/p><\/blockquote>\n\n\n\n<h5 class=\"wp-block-heading\">Key issues to keep in mind during the appeal process:<\/h5>\n\n\n\n<ol class=\"wp-block-list\"><li>During the review process, the Appeals Directorate may request additional documents, and the taxpayer is obliged to respond to the request.<\/li><li>The burden of proof to verify the contrary of the tax administration\u2019s assessment lies with the taxpayer.<\/li><li>If the taxpayer has missed the appeal deadline, they must argue and prove with the necessary documentation that the delay was not their fault.<\/li><li>After a reinstatement of the deadline, the appeal must be filed within 15 days, rather than the 1 month allowed before the deadline was missed.<\/li><li>If the taxpayer wishes to be heard orally, they may request a hearing in their written appeal.<\/li><\/ol>\n\n\n\n<h5 class=\"wp-block-heading\"><br>Where can we read the legal basis for appeals in more detail?<\/h5>\n\n\n\n<p>Law No. 9920, dated May 19, 2008, \"On Tax Procedures in the Republic of Albania,\" from Article 106 to Article 110.<\/p>\n\n\n\n<p>Instruction of the Minister of Finance <a href=\"https:\/\/www.tatime.gov.al\/c\/6\/69\/procedurat-tatimore\" target=\"_blank\" rel=\"noreferrer noopener\">No. 24, dated September 2, 2008<\/a> , \"On Tax Procedures in the Republic of Albania,\" from paragraph 106 to paragraph 110.<\/p>\n\n\n\n<div class=\"wp-block-file\"><a href=\"https:\/\/alprofitconsult.al\/wp-content\/uploads\/2022\/10\/Ligj-Nr.9920-date-19.05.2008-Per-procedurat-tatimore-ne-Republiken-e-Shqiperise-i-ndryshuar-1.pdf\">Law-No.9920-dated-19.05.2008-On-tax-procedures-in-the-Republic-of-Albania-amended<\/a><a href=\"https:\/\/alprofitconsult.al\/wp-content\/uploads\/2022\/10\/Ligj-Nr.9920-date-19.05.2008-Per-procedurat-tatimore-ne-Republiken-e-Shqiperise-i-ndryshuar-1.pdf\" class=\"wp-block-file__button\" download>Download<\/a><\/div>\n\n\n\n<p>Source: <a href=\"https:\/\/www.tatime.gov.al\/c\/4\/106\/122\/apelimi-tatimor\" target=\"_blank\" rel=\"noreferrer noopener\">General Directorate of Taxes.<\/a><\/p>\n\n\n<div class=\"gdlr-core-widget-box-shortcode\" style=\"color: #ffffff ;background-color: #000014 ;\"  ><h3 class=\"gdlr-core-widget-box-shortcode-title\" style=\"color: #ffffff ;\"  >Do you have a question?<\/h3><div class=\"gdlr-core-widget-box-shortcode-content\" ><p class=\"translation-block\">Do not hesitate to <a href=\"https:\/\/alprofitconsult.al\/en\/contact\/\" target=\"_self\">contact<\/a> us. We are a team of experts and will be happy to speak with you.<\/p>\n<\/div><\/div>","protected":false},"excerpt":{"rendered":"<p>\u00c7far\u00eb duhet t\u00eb kemi parasysh p\u00ebr t\u00eb b\u00ebr\u00eb nj\u00eb apelim tatimor? Ku mund t\u00eb ankohemi p\u00ebr veprime t\u00eb administrat\u00ebs tatimore q\u00eb i konsiderojm\u00eb t\u00eb padrejta? Ankimi b\u00ebhet vet\u00ebm n\u00eb Drejtorin\u00eb e Apelimit Tatimor e cila q\u00eb nga 1 Janari vitit 2017, \u00ebsht\u00eb pjes\u00eb e struktur\u00ebs s\u00eb Ministris\u00eb s\u00eb Financave dhe Ekonomis\u00eb \u00c7far\u00eb rregullash ka p\u00ebr [&hellip;]<\/p>\n","protected":false},"author":1,"featured_media":15986,"parent":16211,"menu_order":0,"comment_status":"closed","ping_status":"closed","template":"","meta":{"footnotes":""},"class_list":["post-16221","page","type-page","status-publish","has-post-thumbnail","hentry"],"yoast_head":"<!-- This site is optimized with the Yoast SEO plugin v26.5 - https:\/\/yoast.com\/wordpress\/plugins\/seo\/ -->\n<title>Apelimi Tatimor #2 - AlProfit Consult<\/title>\n<meta name=\"robots\" content=\"index, follow, max-snippet:-1, max-image-preview:large, max-video-preview:-1\" \/>\n<link rel=\"canonical\" href=\"https:\/\/alprofitconsult.al\/en\/taxes-2\/contractor\/declaration-and-payment-2\/my-sweetest-honey\/\" \/>\n<meta property=\"og:locale\" content=\"en_US\" \/>\n<meta property=\"og:type\" content=\"article\" \/>\n<meta property=\"og:title\" content=\"Apelimi Tatimor #2 - AlProfit Consult\" \/>\n<meta property=\"og:description\" content=\"\u00c7far\u00eb duhet t\u00eb kemi parasysh p\u00ebr t\u00eb b\u00ebr\u00eb nj\u00eb apelim tatimor? Ku mund t\u00eb ankohemi p\u00ebr veprime t\u00eb administrat\u00ebs tatimore q\u00eb i konsiderojm\u00eb t\u00eb padrejta? Ankimi b\u00ebhet vet\u00ebm n\u00eb Drejtorin\u00eb e Apelimit Tatimor e cila q\u00eb nga 1 Janari vitit 2017, \u00ebsht\u00eb pjes\u00eb e struktur\u00ebs s\u00eb Ministris\u00eb s\u00eb Financave dhe Ekonomis\u00eb \u00c7far\u00eb rregullash ka p\u00ebr [&hellip;]\" \/>\n<meta property=\"og:url\" content=\"https:\/\/alprofitconsult.al\/en\/taxes-2\/contractor\/declaration-and-payment-2\/my-sweetest-honey\/\" \/>\n<meta property=\"og:site_name\" content=\"AlProfit Consult\" \/>\n<meta property=\"article:publisher\" content=\"https:\/\/www.facebook.com\/AlProfitConsult\/\" \/>\n<meta property=\"og:image\" content=\"https:\/\/alprofitconsult.al\/wp-content\/uploads\/2022\/10\/AlProfit-Consult-Apelimi-Tatimor.jpg\" \/>\n\t<meta property=\"og:image:width\" content=\"1920\" \/>\n\t<meta property=\"og:image:height\" content=\"1280\" \/>\n\t<meta property=\"og:image:type\" content=\"image\/jpeg\" \/>\n<meta name=\"twitter:card\" content=\"summary_large_image\" \/>\n<meta name=\"twitter:site\" content=\"@AlProfitConsult\" \/>\n<meta name=\"twitter:label1\" content=\"Est. reading time\" \/>\n\t<meta name=\"twitter:data1\" content=\"4 minutes\" \/>\n<script type=\"application\/ld+json\" class=\"yoast-schema-graph\">{\"@context\":\"https:\/\/schema.org\",\"@graph\":[{\"@type\":\"WebPage\",\"@id\":\"https:\/\/alprofitconsult.al\/en\/tatime-2\/sipermarres\/deklarimi-dhe-pagesa-2\/apelimi-tatimor\/\",\"url\":\"https:\/\/alprofitconsult.al\/en\/tatime-2\/sipermarres\/deklarimi-dhe-pagesa-2\/apelimi-tatimor\/\",\"name\":\"Apelimi Tatimor #2 - AlProfit Consult\",\"isPartOf\":{\"@id\":\"https:\/\/alprofitconsult.al\/#website\"},\"primaryImageOfPage\":{\"@id\":\"https:\/\/alprofitconsult.al\/en\/tatime-2\/sipermarres\/deklarimi-dhe-pagesa-2\/apelimi-tatimor\/#primaryimage\"},\"image\":{\"@id\":\"https:\/\/alprofitconsult.al\/en\/tatime-2\/sipermarres\/deklarimi-dhe-pagesa-2\/apelimi-tatimor\/#primaryimage\"},\"thumbnailUrl\":\"https:\/\/alprofitconsult.al\/wp-content\/uploads\/2022\/10\/AlProfit-Consult-Apelimi-Tatimor.jpg\",\"datePublished\":\"2022-10-08T18:35:49+00:00\",\"breadcrumb\":{\"@id\":\"https:\/\/alprofitconsult.al\/en\/tatime-2\/sipermarres\/deklarimi-dhe-pagesa-2\/apelimi-tatimor\/#breadcrumb\"},\"inLanguage\":\"en-US\",\"potentialAction\":[{\"@type\":\"ReadAction\",\"target\":[\"https:\/\/alprofitconsult.al\/en\/tatime-2\/sipermarres\/deklarimi-dhe-pagesa-2\/apelimi-tatimor\/\"]}]},{\"@type\":\"ImageObject\",\"inLanguage\":\"en-US\",\"@id\":\"https:\/\/alprofitconsult.al\/en\/tatime-2\/sipermarres\/deklarimi-dhe-pagesa-2\/apelimi-tatimor\/#primaryimage\",\"url\":\"https:\/\/alprofitconsult.al\/wp-content\/uploads\/2022\/10\/AlProfit-Consult-Apelimi-Tatimor.jpg\",\"contentUrl\":\"https:\/\/alprofitconsult.al\/wp-content\/uploads\/2022\/10\/AlProfit-Consult-Apelimi-Tatimor.jpg\",\"width\":1920,\"height\":1280},{\"@type\":\"BreadcrumbList\",\"@id\":\"https:\/\/alprofitconsult.al\/en\/tatime-2\/sipermarres\/deklarimi-dhe-pagesa-2\/apelimi-tatimor\/#breadcrumb\",\"itemListElement\":[{\"@type\":\"ListItem\",\"position\":1,\"name\":\"Kryefaqe\",\"item\":\"https:\/\/alprofitconsult.al\/\"},{\"@type\":\"ListItem\",\"position\":2,\"name\":\"Tatime\",\"item\":\"https:\/\/alprofitconsult.al\/en\/tatime-2\/\"},{\"@type\":\"ListItem\",\"position\":3,\"name\":\"Sip\u00ebrmarr\u00ebs #2\",\"item\":\"https:\/\/alprofitconsult.al\/en\/tatime-2\/sipermarres\/\"},{\"@type\":\"ListItem\",\"position\":4,\"name\":\"Deklarimi dhe pagesa p\u00ebr bizneset\",\"item\":\"https:\/\/alprofitconsult.al\/en\/tatime-2\/sipermarres\/deklarimi-dhe-pagesa-2\/\"},{\"@type\":\"ListItem\",\"position\":5,\"name\":\"Apelimi Tatimor #2\"}]},{\"@type\":\"WebSite\",\"@id\":\"https:\/\/alprofitconsult.al\/#website\",\"url\":\"https:\/\/alprofitconsult.al\/\",\"name\":\"AlProfit Consult\",\"description\":\"Zyr\u00eb Kontabiliteti\",\"publisher\":{\"@id\":\"https:\/\/alprofitconsult.al\/#organization\"},\"potentialAction\":[{\"@type\":\"SearchAction\",\"target\":{\"@type\":\"EntryPoint\",\"urlTemplate\":\"https:\/\/alprofitconsult.al\/?s={search_term_string}\"},\"query-input\":{\"@type\":\"PropertyValueSpecification\",\"valueRequired\":true,\"valueName\":\"search_term_string\"}}],\"inLanguage\":\"en-US\"},{\"@type\":\"Organization\",\"@id\":\"https:\/\/alprofitconsult.al\/#organization\",\"name\":\"Alprofit Consult\",\"url\":\"https:\/\/alprofitconsult.al\/\",\"logo\":{\"@type\":\"ImageObject\",\"inLanguage\":\"en-US\",\"@id\":\"https:\/\/alprofitconsult.al\/#\/schema\/logo\/image\/\",\"url\":\"https:\/\/alprofitconsult.al\/wp-content\/uploads\/2022\/10\/logoalprofit.png\",\"contentUrl\":\"https:\/\/alprofitconsult.al\/wp-content\/uploads\/2022\/10\/logoalprofit.png\",\"width\":529,\"height\":156,\"caption\":\"Alprofit Consult\"},\"image\":{\"@id\":\"https:\/\/alprofitconsult.al\/#\/schema\/logo\/image\/\"},\"sameAs\":[\"https:\/\/www.facebook.com\/AlProfitConsult\/\",\"https:\/\/x.com\/AlProfitConsult\",\"https:\/\/www.linkedin.com\/company\/andi-haxhillari\/\",\"https:\/\/www.pinterest.com\/AlProfitConsult\/\",\"https:\/\/www.youtube.com\/channel\/UCZ5Gfntn161Nla3g1XdRldA\",\"https:\/\/sq.wikipedia.org\/wiki\/P\u00ebrdoruesi:Andi25~sqwiki\"]}]}<\/script>\n<!-- \/ Yoast SEO plugin. -->","yoast_head_json":{"title":"Apelimi Tatimor #2 - AlProfit Consult","robots":{"index":"index","follow":"follow","max-snippet":"max-snippet:-1","max-image-preview":"max-image-preview:large","max-video-preview":"max-video-preview:-1"},"canonical":"https:\/\/alprofitconsult.al\/en\/taxes-2\/contractor\/declaration-and-payment-2\/my-sweetest-honey\/","og_locale":"en_US","og_type":"article","og_title":"Apelimi Tatimor #2 - AlProfit Consult","og_description":"\u00c7far\u00eb duhet t\u00eb kemi parasysh p\u00ebr t\u00eb b\u00ebr\u00eb nj\u00eb apelim tatimor? Ku mund t\u00eb ankohemi p\u00ebr veprime t\u00eb administrat\u00ebs tatimore q\u00eb i konsiderojm\u00eb t\u00eb padrejta? Ankimi b\u00ebhet vet\u00ebm n\u00eb Drejtorin\u00eb e Apelimit Tatimor e cila q\u00eb nga 1 Janari vitit 2017, \u00ebsht\u00eb pjes\u00eb e struktur\u00ebs s\u00eb Ministris\u00eb s\u00eb Financave dhe Ekonomis\u00eb \u00c7far\u00eb rregullash ka p\u00ebr [&hellip;]","og_url":"https:\/\/alprofitconsult.al\/en\/taxes-2\/contractor\/declaration-and-payment-2\/my-sweetest-honey\/","og_site_name":"AlProfit Consult","article_publisher":"https:\/\/www.facebook.com\/AlProfitConsult\/","og_image":[{"width":1920,"height":1280,"url":"https:\/\/alprofitconsult.al\/wp-content\/uploads\/2022\/10\/AlProfit-Consult-Apelimi-Tatimor.jpg","type":"image\/jpeg"}],"twitter_card":"summary_large_image","twitter_site":"@AlProfitConsult","twitter_misc":{"Est. reading time":"4 minutes"},"schema":{"@context":"https:\/\/schema.org","@graph":[{"@type":"WebPage","@id":"https:\/\/alprofitconsult.al\/en\/tatime-2\/sipermarres\/deklarimi-dhe-pagesa-2\/apelimi-tatimor\/","url":"https:\/\/alprofitconsult.al\/en\/tatime-2\/sipermarres\/deklarimi-dhe-pagesa-2\/apelimi-tatimor\/","name":"Apelimi Tatimor #2 - AlProfit Consult","isPartOf":{"@id":"https:\/\/alprofitconsult.al\/#website"},"primaryImageOfPage":{"@id":"https:\/\/alprofitconsult.al\/en\/tatime-2\/sipermarres\/deklarimi-dhe-pagesa-2\/apelimi-tatimor\/#primaryimage"},"image":{"@id":"https:\/\/alprofitconsult.al\/en\/tatime-2\/sipermarres\/deklarimi-dhe-pagesa-2\/apelimi-tatimor\/#primaryimage"},"thumbnailUrl":"https:\/\/alprofitconsult.al\/wp-content\/uploads\/2022\/10\/AlProfit-Consult-Apelimi-Tatimor.jpg","datePublished":"2022-10-08T18:35:49+00:00","breadcrumb":{"@id":"https:\/\/alprofitconsult.al\/en\/tatime-2\/sipermarres\/deklarimi-dhe-pagesa-2\/apelimi-tatimor\/#breadcrumb"},"inLanguage":"en-US","potentialAction":[{"@type":"ReadAction","target":["https:\/\/alprofitconsult.al\/en\/tatime-2\/sipermarres\/deklarimi-dhe-pagesa-2\/apelimi-tatimor\/"]}]},{"@type":"ImageObject","inLanguage":"en-US","@id":"https:\/\/alprofitconsult.al\/en\/tatime-2\/sipermarres\/deklarimi-dhe-pagesa-2\/apelimi-tatimor\/#primaryimage","url":"https:\/\/alprofitconsult.al\/wp-content\/uploads\/2022\/10\/AlProfit-Consult-Apelimi-Tatimor.jpg","contentUrl":"https:\/\/alprofitconsult.al\/wp-content\/uploads\/2022\/10\/AlProfit-Consult-Apelimi-Tatimor.jpg","width":1920,"height":1280},{"@type":"BreadcrumbList","@id":"https:\/\/alprofitconsult.al\/en\/tatime-2\/sipermarres\/deklarimi-dhe-pagesa-2\/apelimi-tatimor\/#breadcrumb","itemListElement":[{"@type":"ListItem","position":1,"name":"Kryefaqe","item":"https:\/\/alprofitconsult.al\/"},{"@type":"ListItem","position":2,"name":"Tatime","item":"https:\/\/alprofitconsult.al\/en\/tatime-2\/"},{"@type":"ListItem","position":3,"name":"Sip\u00ebrmarr\u00ebs #2","item":"https:\/\/alprofitconsult.al\/en\/tatime-2\/sipermarres\/"},{"@type":"ListItem","position":4,"name":"Deklarimi dhe pagesa p\u00ebr bizneset","item":"https:\/\/alprofitconsult.al\/en\/tatime-2\/sipermarres\/deklarimi-dhe-pagesa-2\/"},{"@type":"ListItem","position":5,"name":"Apelimi Tatimor #2"}]},{"@type":"WebSite","@id":"https:\/\/alprofitconsult.al\/#website","url":"https:\/\/alprofitconsult.al\/","name":"AlProfit Consult","description":"Accounting Office","publisher":{"@id":"https:\/\/alprofitconsult.al\/#organization"},"potentialAction":[{"@type":"SearchAction","target":{"@type":"EntryPoint","urlTemplate":"https:\/\/alprofitconsult.al\/?s={search_term_string}"},"query-input":{"@type":"PropertyValueSpecification","valueRequired":true,"valueName":"search_term_string"}}],"inLanguage":"en-US"},{"@type":"Organization","@id":"https:\/\/alprofitconsult.al\/#organization","name":"Alprofit Consult","url":"https:\/\/alprofitconsult.al\/","logo":{"@type":"ImageObject","inLanguage":"en-US","@id":"https:\/\/alprofitconsult.al\/#\/schema\/logo\/image\/","url":"https:\/\/alprofitconsult.al\/wp-content\/uploads\/2022\/10\/logoalprofit.png","contentUrl":"https:\/\/alprofitconsult.al\/wp-content\/uploads\/2022\/10\/logoalprofit.png","width":529,"height":156,"caption":"Alprofit Consult"},"image":{"@id":"https:\/\/alprofitconsult.al\/#\/schema\/logo\/image\/"},"sameAs":["https:\/\/www.facebook.com\/AlProfitConsult\/","https:\/\/x.com\/AlProfitConsult","https:\/\/www.linkedin.com\/company\/andi-haxhillari\/","https:\/\/www.pinterest.com\/AlProfitConsult\/","https:\/\/www.youtube.com\/channel\/UCZ5Gfntn161Nla3g1XdRldA","https:\/\/sq.wikipedia.org\/wiki\/P\u00ebrdoruesi:Andi25~sqwiki"]}]}},"_links":{"self":[{"href":"https:\/\/alprofitconsult.al\/en\/wp-json\/wp\/v2\/pages\/16221","targetHints":{"allow":["GET"]}}],"collection":[{"href":"https:\/\/alprofitconsult.al\/en\/wp-json\/wp\/v2\/pages"}],"about":[{"href":"https:\/\/alprofitconsult.al\/en\/wp-json\/wp\/v2\/types\/page"}],"author":[{"embeddable":true,"href":"https:\/\/alprofitconsult.al\/en\/wp-json\/wp\/v2\/users\/1"}],"replies":[{"embeddable":true,"href":"https:\/\/alprofitconsult.al\/en\/wp-json\/wp\/v2\/comments?post=16221"}],"version-history":[{"count":0,"href":"https:\/\/alprofitconsult.al\/en\/wp-json\/wp\/v2\/pages\/16221\/revisions"}],"up":[{"embeddable":true,"href":"https:\/\/alprofitconsult.al\/en\/wp-json\/wp\/v2\/pages\/16211"}],"wp:featuredmedia":[{"embeddable":true,"href":"https:\/\/alprofitconsult.al\/en\/wp-json\/wp\/v2\/media\/15986"}],"wp:attachment":[{"href":"https:\/\/alprofitconsult.al\/en\/wp-json\/wp\/v2\/media?parent=16221"}],"curies":[{"name":"wp","href":"https:\/\/api.w.org\/{rel}","templated":true}]}}