{"id":16229,"date":"2022-10-08T18:35:48","date_gmt":"2022-10-08T18:35:48","guid":{"rendered":"https:\/\/alprofitconsult.al\/tatime-2\/sipermarres\/deklarimi-dhe-pagesa-2\/llojet-e-tatimeve-per-biznesin\/"},"modified":"2022-10-08T18:35:48","modified_gmt":"2022-10-08T18:35:48","slug":"llojet-e-tatimeve-per-biznesin","status":"publish","type":"page","link":"https:\/\/alprofitconsult.al\/en\/tatime-2\/sipermarres\/deklarimi-dhe-pagesa-2\/llojet-e-tatimeve-per-biznesin\/","title":{"rendered":"Llojet e tatimeve p\u00ebr biznesin #2"},"content":{"rendered":"<figure class=\"wp-block-image size-large\"><img loading=\"lazy\" decoding=\"async\" width=\"1024\" height=\"683\" src=\"https:\/\/alprofitconsult.al\/wp-content\/uploads\/2022\/10\/AlProfit-Consult-Llojet-e-tatimeve-per-biznesin-1024x683.jpg\" alt=\"\" class=\"wp-image-15948\" srcset=\"https:\/\/alprofitconsult.al\/wp-content\/uploads\/2022\/10\/AlProfit-Consult-Llojet-e-tatimeve-per-biznesin-1024x683.jpg 1024w, https:\/\/alprofitconsult.al\/wp-content\/uploads\/2022\/10\/AlProfit-Consult-Llojet-e-tatimeve-per-biznesin-300x200.jpg 300w, https:\/\/alprofitconsult.al\/wp-content\/uploads\/2022\/10\/AlProfit-Consult-Llojet-e-tatimeve-per-biznesin-150x100.jpg 150w, https:\/\/alprofitconsult.al\/wp-content\/uploads\/2022\/10\/AlProfit-Consult-Llojet-e-tatimeve-per-biznesin-768x512.jpg 768w, https:\/\/alprofitconsult.al\/wp-content\/uploads\/2022\/10\/AlProfit-Consult-Llojet-e-tatimeve-per-biznesin-1536x1024.jpg 1536w, https:\/\/alprofitconsult.al\/wp-content\/uploads\/2022\/10\/AlProfit-Consult-Llojet-e-tatimeve-per-biznesin.jpg 1920w\" sizes=\"auto, (max-width: 1024px) 100vw, 1024px\" \/><\/figure>\n\n\n\n<p>Tax is a mandatory and non-refundable payment to the State Budget or to the budget of local government bodies, established by law and which is not made in exchange for specific goods and services.<\/p>\n\n\n\n<p>A fee (tax) is a mandatory and non-refundable payment to the State Budget or to the budget of local government bodies, established by law and paid by any person who exercises a public right or benefits from a public service within the territory of the Republic of Albania.<\/p>\n\n\n\n<ol class=\"wp-block-list\"><li>Taxes and fees are either national or local.<\/li><\/ol>\n\n\n\n<p>National taxes and fees include:<\/p>\n\n\n\n<ul class=\"wp-block-list\"><li><a href=\"https:\/\/alprofitconsult.al\/en\/taxes\/contractor\/you-are-acting-like-a-business\/value-added-tax\/\" target=\"_blank\" rel=\"noreferrer noopener\">Value Added Tax (VAT)<\/a><\/li><li><a href=\"https:\/\/alprofitconsult.al\/en\/taxes\/contractor\/you-are-acting-like-a-business\/income-tax\/\" target=\"_blank\" rel=\"noreferrer noopener\">income tax;<\/a><\/li><li><a href=\"https:\/\/alprofitconsult.al\/en\/taxes\/contractor\/you-are-acting-like-a-business\/fees-and-other-taxes\/\" target=\"_blank\" rel=\"noreferrer noopener\">Tax on games of chance, casinos, and hippodromes;<\/a><\/li><li><a href=\"https:\/\/alprofitconsult.al\/en\/taxes\/contractor\/you-are-acting-like-a-business\/national-tax\/\" target=\"_blank\" rel=\"noreferrer noopener\">National taxes and fees;<\/a><\/li><li>Other taxes, which are defined as such by special law.<\/li><\/ul>\n\n\n\n<ol class=\"wp-block-list\" start=\"2\"><li>Local taxes and fees are defined in the law on the local tax system.<\/li><li>Social and health insurance contributions are defined in the law on social and health insurance.<\/li><\/ol>\n\n\n\n<p>Source: <a href=\"https:\/\/www.tatime.gov.al\/c\/4\/106\/118\/llojet-e-tatimeve-per-biznesin\" target=\"_blank\" rel=\"noreferrer noopener\">General Directorate of Taxes<\/a>.<\/p>\n\n\n<div class=\"gdlr-core-widget-box-shortcode\" style=\"color: #ffffff ;background-color: #000014 ;\"  ><h3 class=\"gdlr-core-widget-box-shortcode-title\" style=\"color: #ffffff ;\"  >Do you have a question?<\/h3><div class=\"gdlr-core-widget-box-shortcode-content\" ><p class=\"translation-block\">Do not hesitate to <a href=\"https:\/\/alprofitconsult.al\/en\/contact\/\" target=\"_self\">contact<\/a> us. We are a team of experts and will be happy to speak with you.<\/p>\n<\/div><\/div>","protected":false},"excerpt":{"rendered":"<p>Tatimi \u00ebsht\u00eb pagesa e detyrueshme dhe e pakthyeshme n\u00eb Buxhetin e Shtetit apo n\u00eb buxhetin e organeve t\u00eb qeverisjes vendore, e vendosur me ligj dhe q\u00eb nuk b\u00ebhet n\u00eb shk\u00ebmbim t\u00eb mallrave dhe sh\u00ebrbimeve t\u00eb caktuara. Taks\u00eb \u00ebsht\u00eb pagesa e detyrueshme dhe e pakthyeshme n\u00eb Buxhetin e Shtetit apo n\u00eb buxhetin e organeve t\u00eb qeverisjes [&hellip;]<\/p>\n","protected":false},"author":1,"featured_media":15948,"parent":16211,"menu_order":0,"comment_status":"open","ping_status":"closed","template":"","meta":{"footnotes":""},"class_list":["post-16229","page","type-page","status-publish","has-post-thumbnail","hentry"],"yoast_head":"<!-- This site is optimized with the Yoast SEO plugin v26.5 - https:\/\/yoast.com\/wordpress\/plugins\/seo\/ -->\n<title>Llojet e tatimeve p\u00ebr biznesin #2 - AlProfit Consult<\/title>\n<meta name=\"robots\" content=\"index, follow, max-snippet:-1, max-image-preview:large, max-video-preview:-1\" \/>\n<link rel=\"canonical\" href=\"https:\/\/alprofitconsult.al\/en\/taxes-2\/contractor\/declaration-and-payment-2\/llojet-e-tatimeve-per-biznesin\/\" \/>\n<meta property=\"og:locale\" content=\"en_US\" \/>\n<meta property=\"og:type\" content=\"article\" \/>\n<meta property=\"og:title\" content=\"Llojet e tatimeve p\u00ebr biznesin #2 - AlProfit Consult\" \/>\n<meta property=\"og:description\" content=\"Tatimi \u00ebsht\u00eb pagesa e detyrueshme dhe e pakthyeshme n\u00eb Buxhetin e Shtetit apo n\u00eb buxhetin e organeve t\u00eb qeverisjes vendore, e vendosur me ligj dhe q\u00eb nuk b\u00ebhet n\u00eb shk\u00ebmbim t\u00eb mallrave dhe sh\u00ebrbimeve t\u00eb caktuara. Taks\u00eb \u00ebsht\u00eb pagesa e detyrueshme dhe e pakthyeshme n\u00eb Buxhetin e Shtetit apo n\u00eb buxhetin e organeve t\u00eb qeverisjes [&hellip;]\" \/>\n<meta property=\"og:url\" content=\"https:\/\/alprofitconsult.al\/en\/taxes-2\/contractor\/declaration-and-payment-2\/llojet-e-tatimeve-per-biznesin\/\" \/>\n<meta property=\"og:site_name\" content=\"AlProfit Consult\" \/>\n<meta property=\"article:publisher\" content=\"https:\/\/www.facebook.com\/AlProfitConsult\/\" \/>\n<meta property=\"og:image\" content=\"https:\/\/alprofitconsult.al\/wp-content\/uploads\/2022\/10\/AlProfit-Consult-Llojet-e-tatimeve-per-biznesin.jpg\" \/>\n\t<meta property=\"og:image:width\" content=\"1920\" \/>\n\t<meta property=\"og:image:height\" content=\"1280\" \/>\n\t<meta property=\"og:image:type\" content=\"image\/jpeg\" \/>\n<meta name=\"twitter:card\" content=\"summary_large_image\" \/>\n<meta name=\"twitter:site\" content=\"@AlProfitConsult\" \/>\n<meta name=\"twitter:label1\" content=\"Est. reading time\" \/>\n\t<meta name=\"twitter:data1\" content=\"1 minute\" \/>\n<script type=\"application\/ld+json\" class=\"yoast-schema-graph\">{\"@context\":\"https:\/\/schema.org\",\"@graph\":[{\"@type\":\"WebPage\",\"@id\":\"https:\/\/alprofitconsult.al\/en\/tatime-2\/sipermarres\/deklarimi-dhe-pagesa-2\/llojet-e-tatimeve-per-biznesin\/\",\"url\":\"https:\/\/alprofitconsult.al\/en\/tatime-2\/sipermarres\/deklarimi-dhe-pagesa-2\/llojet-e-tatimeve-per-biznesin\/\",\"name\":\"Llojet e tatimeve p\u00ebr biznesin #2 - AlProfit Consult\",\"isPartOf\":{\"@id\":\"https:\/\/alprofitconsult.al\/#website\"},\"primaryImageOfPage\":{\"@id\":\"https:\/\/alprofitconsult.al\/en\/tatime-2\/sipermarres\/deklarimi-dhe-pagesa-2\/llojet-e-tatimeve-per-biznesin\/#primaryimage\"},\"image\":{\"@id\":\"https:\/\/alprofitconsult.al\/en\/tatime-2\/sipermarres\/deklarimi-dhe-pagesa-2\/llojet-e-tatimeve-per-biznesin\/#primaryimage\"},\"thumbnailUrl\":\"https:\/\/alprofitconsult.al\/wp-content\/uploads\/2022\/10\/AlProfit-Consult-Llojet-e-tatimeve-per-biznesin.jpg\",\"datePublished\":\"2022-10-08T18:35:48+00:00\",\"breadcrumb\":{\"@id\":\"https:\/\/alprofitconsult.al\/en\/tatime-2\/sipermarres\/deklarimi-dhe-pagesa-2\/llojet-e-tatimeve-per-biznesin\/#breadcrumb\"},\"inLanguage\":\"en-US\",\"potentialAction\":[{\"@type\":\"ReadAction\",\"target\":[\"https:\/\/alprofitconsult.al\/en\/tatime-2\/sipermarres\/deklarimi-dhe-pagesa-2\/llojet-e-tatimeve-per-biznesin\/\"]}]},{\"@type\":\"ImageObject\",\"inLanguage\":\"en-US\",\"@id\":\"https:\/\/alprofitconsult.al\/en\/tatime-2\/sipermarres\/deklarimi-dhe-pagesa-2\/llojet-e-tatimeve-per-biznesin\/#primaryimage\",\"url\":\"https:\/\/alprofitconsult.al\/wp-content\/uploads\/2022\/10\/AlProfit-Consult-Llojet-e-tatimeve-per-biznesin.jpg\",\"contentUrl\":\"https:\/\/alprofitconsult.al\/wp-content\/uploads\/2022\/10\/AlProfit-Consult-Llojet-e-tatimeve-per-biznesin.jpg\",\"width\":1920,\"height\":1280},{\"@type\":\"BreadcrumbList\",\"@id\":\"https:\/\/alprofitconsult.al\/en\/tatime-2\/sipermarres\/deklarimi-dhe-pagesa-2\/llojet-e-tatimeve-per-biznesin\/#breadcrumb\",\"itemListElement\":[{\"@type\":\"ListItem\",\"position\":1,\"name\":\"Kryefaqe\",\"item\":\"https:\/\/alprofitconsult.al\/\"},{\"@type\":\"ListItem\",\"position\":2,\"name\":\"Tatime\",\"item\":\"https:\/\/alprofitconsult.al\/en\/tatime-2\/\"},{\"@type\":\"ListItem\",\"position\":3,\"name\":\"Sip\u00ebrmarr\u00ebs #2\",\"item\":\"https:\/\/alprofitconsult.al\/en\/tatime-2\/sipermarres\/\"},{\"@type\":\"ListItem\",\"position\":4,\"name\":\"Deklarimi dhe pagesa p\u00ebr bizneset\",\"item\":\"https:\/\/alprofitconsult.al\/en\/tatime-2\/sipermarres\/deklarimi-dhe-pagesa-2\/\"},{\"@type\":\"ListItem\",\"position\":5,\"name\":\"Llojet e tatimeve p\u00ebr biznesin #2\"}]},{\"@type\":\"WebSite\",\"@id\":\"https:\/\/alprofitconsult.al\/#website\",\"url\":\"https:\/\/alprofitconsult.al\/\",\"name\":\"AlProfit Consult\",\"description\":\"Zyr\u00eb Kontabiliteti\",\"publisher\":{\"@id\":\"https:\/\/alprofitconsult.al\/#organization\"},\"potentialAction\":[{\"@type\":\"SearchAction\",\"target\":{\"@type\":\"EntryPoint\",\"urlTemplate\":\"https:\/\/alprofitconsult.al\/?s={search_term_string}\"},\"query-input\":{\"@type\":\"PropertyValueSpecification\",\"valueRequired\":true,\"valueName\":\"search_term_string\"}}],\"inLanguage\":\"en-US\"},{\"@type\":\"Organization\",\"@id\":\"https:\/\/alprofitconsult.al\/#organization\",\"name\":\"Alprofit Consult\",\"url\":\"https:\/\/alprofitconsult.al\/\",\"logo\":{\"@type\":\"ImageObject\",\"inLanguage\":\"en-US\",\"@id\":\"https:\/\/alprofitconsult.al\/#\/schema\/logo\/image\/\",\"url\":\"https:\/\/alprofitconsult.al\/wp-content\/uploads\/2022\/10\/logoalprofit.png\",\"contentUrl\":\"https:\/\/alprofitconsult.al\/wp-content\/uploads\/2022\/10\/logoalprofit.png\",\"width\":529,\"height\":156,\"caption\":\"Alprofit Consult\"},\"image\":{\"@id\":\"https:\/\/alprofitconsult.al\/#\/schema\/logo\/image\/\"},\"sameAs\":[\"https:\/\/www.facebook.com\/AlProfitConsult\/\",\"https:\/\/x.com\/AlProfitConsult\",\"https:\/\/www.linkedin.com\/company\/andi-haxhillari\/\",\"https:\/\/www.pinterest.com\/AlProfitConsult\/\",\"https:\/\/www.youtube.com\/channel\/UCZ5Gfntn161Nla3g1XdRldA\",\"https:\/\/sq.wikipedia.org\/wiki\/P\u00ebrdoruesi:Andi25~sqwiki\"]}]}<\/script>\n<!-- \/ Yoast SEO plugin. -->","yoast_head_json":{"title":"Llojet e tatimeve p\u00ebr biznesin #2 - AlProfit Consult","robots":{"index":"index","follow":"follow","max-snippet":"max-snippet:-1","max-image-preview":"max-image-preview:large","max-video-preview":"max-video-preview:-1"},"canonical":"https:\/\/alprofitconsult.al\/en\/taxes-2\/contractor\/declaration-and-payment-2\/llojet-e-tatimeve-per-biznesin\/","og_locale":"en_US","og_type":"article","og_title":"Llojet e tatimeve p\u00ebr biznesin #2 - AlProfit Consult","og_description":"Tatimi \u00ebsht\u00eb pagesa e detyrueshme dhe e pakthyeshme n\u00eb Buxhetin e Shtetit apo n\u00eb buxhetin e organeve t\u00eb qeverisjes vendore, e vendosur me ligj dhe q\u00eb nuk b\u00ebhet n\u00eb shk\u00ebmbim t\u00eb mallrave dhe sh\u00ebrbimeve t\u00eb caktuara. Taks\u00eb \u00ebsht\u00eb pagesa e detyrueshme dhe e pakthyeshme n\u00eb Buxhetin e Shtetit apo n\u00eb buxhetin e organeve t\u00eb qeverisjes [&hellip;]","og_url":"https:\/\/alprofitconsult.al\/en\/taxes-2\/contractor\/declaration-and-payment-2\/llojet-e-tatimeve-per-biznesin\/","og_site_name":"AlProfit Consult","article_publisher":"https:\/\/www.facebook.com\/AlProfitConsult\/","og_image":[{"width":1920,"height":1280,"url":"https:\/\/alprofitconsult.al\/wp-content\/uploads\/2022\/10\/AlProfit-Consult-Llojet-e-tatimeve-per-biznesin.jpg","type":"image\/jpeg"}],"twitter_card":"summary_large_image","twitter_site":"@AlProfitConsult","twitter_misc":{"Est. reading time":"1 minute"},"schema":{"@context":"https:\/\/schema.org","@graph":[{"@type":"WebPage","@id":"https:\/\/alprofitconsult.al\/en\/tatime-2\/sipermarres\/deklarimi-dhe-pagesa-2\/llojet-e-tatimeve-per-biznesin\/","url":"https:\/\/alprofitconsult.al\/en\/tatime-2\/sipermarres\/deklarimi-dhe-pagesa-2\/llojet-e-tatimeve-per-biznesin\/","name":"Llojet e tatimeve p\u00ebr biznesin #2 - AlProfit Consult","isPartOf":{"@id":"https:\/\/alprofitconsult.al\/#website"},"primaryImageOfPage":{"@id":"https:\/\/alprofitconsult.al\/en\/tatime-2\/sipermarres\/deklarimi-dhe-pagesa-2\/llojet-e-tatimeve-per-biznesin\/#primaryimage"},"image":{"@id":"https:\/\/alprofitconsult.al\/en\/tatime-2\/sipermarres\/deklarimi-dhe-pagesa-2\/llojet-e-tatimeve-per-biznesin\/#primaryimage"},"thumbnailUrl":"https:\/\/alprofitconsult.al\/wp-content\/uploads\/2022\/10\/AlProfit-Consult-Llojet-e-tatimeve-per-biznesin.jpg","datePublished":"2022-10-08T18:35:48+00:00","breadcrumb":{"@id":"https:\/\/alprofitconsult.al\/en\/tatime-2\/sipermarres\/deklarimi-dhe-pagesa-2\/llojet-e-tatimeve-per-biznesin\/#breadcrumb"},"inLanguage":"en-US","potentialAction":[{"@type":"ReadAction","target":["https:\/\/alprofitconsult.al\/en\/tatime-2\/sipermarres\/deklarimi-dhe-pagesa-2\/llojet-e-tatimeve-per-biznesin\/"]}]},{"@type":"ImageObject","inLanguage":"en-US","@id":"https:\/\/alprofitconsult.al\/en\/tatime-2\/sipermarres\/deklarimi-dhe-pagesa-2\/llojet-e-tatimeve-per-biznesin\/#primaryimage","url":"https:\/\/alprofitconsult.al\/wp-content\/uploads\/2022\/10\/AlProfit-Consult-Llojet-e-tatimeve-per-biznesin.jpg","contentUrl":"https:\/\/alprofitconsult.al\/wp-content\/uploads\/2022\/10\/AlProfit-Consult-Llojet-e-tatimeve-per-biznesin.jpg","width":1920,"height":1280},{"@type":"BreadcrumbList","@id":"https:\/\/alprofitconsult.al\/en\/tatime-2\/sipermarres\/deklarimi-dhe-pagesa-2\/llojet-e-tatimeve-per-biznesin\/#breadcrumb","itemListElement":[{"@type":"ListItem","position":1,"name":"Kryefaqe","item":"https:\/\/alprofitconsult.al\/"},{"@type":"ListItem","position":2,"name":"Tatime","item":"https:\/\/alprofitconsult.al\/en\/tatime-2\/"},{"@type":"ListItem","position":3,"name":"Sip\u00ebrmarr\u00ebs #2","item":"https:\/\/alprofitconsult.al\/en\/tatime-2\/sipermarres\/"},{"@type":"ListItem","position":4,"name":"Deklarimi dhe pagesa p\u00ebr bizneset","item":"https:\/\/alprofitconsult.al\/en\/tatime-2\/sipermarres\/deklarimi-dhe-pagesa-2\/"},{"@type":"ListItem","position":5,"name":"Llojet e tatimeve p\u00ebr biznesin #2"}]},{"@type":"WebSite","@id":"https:\/\/alprofitconsult.al\/#website","url":"https:\/\/alprofitconsult.al\/","name":"AlProfit Consult","description":"Accounting Office","publisher":{"@id":"https:\/\/alprofitconsult.al\/#organization"},"potentialAction":[{"@type":"SearchAction","target":{"@type":"EntryPoint","urlTemplate":"https:\/\/alprofitconsult.al\/?s={search_term_string}"},"query-input":{"@type":"PropertyValueSpecification","valueRequired":true,"valueName":"search_term_string"}}],"inLanguage":"en-US"},{"@type":"Organization","@id":"https:\/\/alprofitconsult.al\/#organization","name":"Alprofit Consult","url":"https:\/\/alprofitconsult.al\/","logo":{"@type":"ImageObject","inLanguage":"en-US","@id":"https:\/\/alprofitconsult.al\/#\/schema\/logo\/image\/","url":"https:\/\/alprofitconsult.al\/wp-content\/uploads\/2022\/10\/logoalprofit.png","contentUrl":"https:\/\/alprofitconsult.al\/wp-content\/uploads\/2022\/10\/logoalprofit.png","width":529,"height":156,"caption":"Alprofit Consult"},"image":{"@id":"https:\/\/alprofitconsult.al\/#\/schema\/logo\/image\/"},"sameAs":["https:\/\/www.facebook.com\/AlProfitConsult\/","https:\/\/x.com\/AlProfitConsult","https:\/\/www.linkedin.com\/company\/andi-haxhillari\/","https:\/\/www.pinterest.com\/AlProfitConsult\/","https:\/\/www.youtube.com\/channel\/UCZ5Gfntn161Nla3g1XdRldA","https:\/\/sq.wikipedia.org\/wiki\/P\u00ebrdoruesi:Andi25~sqwiki"]}]}},"_links":{"self":[{"href":"https:\/\/alprofitconsult.al\/en\/wp-json\/wp\/v2\/pages\/16229","targetHints":{"allow":["GET"]}}],"collection":[{"href":"https:\/\/alprofitconsult.al\/en\/wp-json\/wp\/v2\/pages"}],"about":[{"href":"https:\/\/alprofitconsult.al\/en\/wp-json\/wp\/v2\/types\/page"}],"author":[{"embeddable":true,"href":"https:\/\/alprofitconsult.al\/en\/wp-json\/wp\/v2\/users\/1"}],"replies":[{"embeddable":true,"href":"https:\/\/alprofitconsult.al\/en\/wp-json\/wp\/v2\/comments?post=16229"}],"version-history":[{"count":0,"href":"https:\/\/alprofitconsult.al\/en\/wp-json\/wp\/v2\/pages\/16229\/revisions"}],"up":[{"embeddable":true,"href":"https:\/\/alprofitconsult.al\/en\/wp-json\/wp\/v2\/pages\/16211"}],"wp:featuredmedia":[{"embeddable":true,"href":"https:\/\/alprofitconsult.al\/en\/wp-json\/wp\/v2\/media\/15948"}],"wp:attachment":[{"href":"https:\/\/alprofitconsult.al\/en\/wp-json\/wp\/v2\/media?parent=16229"}],"curies":[{"name":"wp","href":"https:\/\/api.w.org\/{rel}","templated":true}]}}