{"id":16280,"date":"2022-10-08T18:35:47","date_gmt":"2022-10-08T18:35:47","guid":{"rendered":"https:\/\/alprofitconsult.al\/tatime-2\/sipermarres\/te-veprosh-si-nje-biznes\/taksa-dhe-tatime-te-tjera\/"},"modified":"2022-10-08T18:35:47","modified_gmt":"2022-10-08T18:35:47","slug":"fees-and-other-taxes","status":"publish","type":"page","link":"https:\/\/alprofitconsult.al\/en\/tatime-2\/sipermarres\/te-veprosh-si-nje-biznes\/taksa-dhe-tatime-te-tjera\/","title":{"rendered":"Taksa dhe tatime t\u00eb tjera #2"},"content":{"rendered":"<figure class=\"wp-block-image size-large\"><img loading=\"lazy\" decoding=\"async\" width=\"1024\" height=\"683\" src=\"https:\/\/alprofitconsult.al\/wp-content\/uploads\/2022\/10\/AlProfit-Consult-Taksa-dhe-tatime-te-tjera-1024x683.jpg\" alt=\"\" class=\"wp-image-15922\" srcset=\"https:\/\/alprofitconsult.al\/wp-content\/uploads\/2022\/10\/AlProfit-Consult-Taksa-dhe-tatime-te-tjera-1024x683.jpg 1024w, https:\/\/alprofitconsult.al\/wp-content\/uploads\/2022\/10\/AlProfit-Consult-Taksa-dhe-tatime-te-tjera-300x200.jpg 300w, https:\/\/alprofitconsult.al\/wp-content\/uploads\/2022\/10\/AlProfit-Consult-Taksa-dhe-tatime-te-tjera-150x100.jpg 150w, https:\/\/alprofitconsult.al\/wp-content\/uploads\/2022\/10\/AlProfit-Consult-Taksa-dhe-tatime-te-tjera-768x512.jpg 768w, https:\/\/alprofitconsult.al\/wp-content\/uploads\/2022\/10\/AlProfit-Consult-Taksa-dhe-tatime-te-tjera-1536x1024.jpg 1536w, https:\/\/alprofitconsult.al\/wp-content\/uploads\/2022\/10\/AlProfit-Consult-Taksa-dhe-tatime-te-tjera.jpg 1920w\" sizes=\"auto, (max-width: 1024px) 100vw, 1024px\" \/><\/figure>\n\n\n\n<h2 class=\"wp-block-heading\">Loj\u00ebrat e fatit<\/h2>\n\n\n\n<p><br>Veprimtaria e Loj\u00ebrave t\u00eb Fatit n\u00eb Republik\u00ebn e Shqip\u00ebris\u00eb, rregullohet me Ligjin <a href=\"https:\/\/alprofitconsult.al\/wp-content\/uploads\/2022\/10\/Ligj-Nr.155-_Per-lojrat-e-fatit_.pdf\" target=\"_blank\" rel=\"noreferrer noopener\">Nr. 155\/2015, dat\u00eb 21.12.2015<\/a> \u201cP\u00ebr Loj\u00ebrat e Fatit n\u00eb Republik\u00ebn e Shqip\u00ebris\u00eb\u201d, dhe n\u00eb aktet e tjera ligjore n\u00eb zbatim t\u00eb k\u00ebtij ligji.<\/p>\n\n\n\n<p>The categories of gambling games permitted to be conducted in the Republic of Albania, for which interested companies may be licensed, are:<\/p>\n\n\n\n<ul class=\"wp-block-list\"><li>Sports betting;<\/li><li>Betting on track races;<\/li><li>Casinos located in five-star hotels;<\/li><li>Remote electronic game;<\/li><li>Casino resort;<\/li><li>National Lottery;<\/li><li>TV bingo.<\/li><\/ul>\n\n\n\n<p>The gambling organizer is prohibited from employing, admitting, or allowing persons under the age of 21 to enter or play in gambling premises, and must request identification from every player in the gaming premises to ensure that no players under the age of 21 are admitted.<\/p>\n\n\n\n<p>Distances between gambling venues and the institutions specified in paragraph 2 of this article must be no less than 100 meters as the crow flies in all directions. Distances shall be measured between the nearest points of the two facilities. The method for calculating distances under this point shall be determined by an instruction from the Minister of Finance.<\/p>\n\n\n\n<blockquote class=\"wp-block-quote is-layout-flow wp-block-quote-is-layout-flow\"><p>The institution responsible for licensing, supervising, and enforcing legal compliance in the operation of organizers in the field of gambling is the Gambling Supervision Authority.<\/p><\/blockquote>\n\n\n\n<p>The licensing period for all categories of gambling is 10 years, and it begins on the date it is issued.<\/p>\n\n\n\n<p>Licensing fees by category are:<\/p>\n\n\n\n<ul class=\"wp-block-list\"><li>\u201cSports betting and track racing betting,\u201d for the entire licensing period, is 200,000,000 (two hundred million) lek\u00eb. This fee includes the right to open up to 1,000 secondary addresses in total.<\/li><li>For \u201ctelevision bingo,\u201d the license fee for the entire licensing period is 40,000,000 (forty million) lek.<\/li><li>For \u201cCasino,\u201d for the entire licensing period, starting at 1,000,000,000 (one billion) lek. This fee includes the right to open only one hall in total.<\/li><li>\u201cCasinos located in five-star hotels,\u201d for the entire licensing period, is 70,000,000 (seventy million) lek.<\/li><li>\u201cThe casino resort license fee for the entire licensing period is 50,000,000 (fifty million) lek.<\/li><li>\u201cThe National Lottery,\u201d for the entire licensing period, starting at 1,000,000,000 (one billion) lek.<\/li><li>\u201cRemote electronic games,\u201d for the entire licensing period, is 200,000,000 (two hundred million) lek.<\/li><\/ul>\n\n\n\n<p>The license fee is paid in equal installments over the entire licensing term.<\/p>\n\n\n\n<div class=\"wp-block-file\"><a href=\"https:\/\/alprofitconsult.al\/wp-content\/uploads\/2022\/10\/LIGJ-nr.-155-2015-date-21.12.2015-Per-lojerat-e-fatit-ne-Republiken-e-Shqiperise.pdf\">LIGJ-nr.-155-2015-date-21.12.2015-Per-lojerat-e-fatit-ne-Republiken-e-Shqiperise<\/a><a href=\"https:\/\/alprofitconsult.al\/wp-content\/uploads\/2022\/10\/LIGJ-nr.-155-2015-date-21.12.2015-Per-lojerat-e-fatit-ne-Republiken-e-Shqiperise.pdf\" class=\"wp-block-file__button\" download>Download<\/a><\/div>\n\n\n\n<p>Source: <a href=\"https:\/\/www.tatime.gov.al\/c\/4\/96\/112\/taksa-dhe-tatime-te-tjera\" target=\"_blank\" rel=\"noreferrer noopener\">General Directorate of Taxes.<\/a><\/p>\n\n\n<div class=\"gdlr-core-widget-box-shortcode\" style=\"color: #ffffff ;background-color: #000014 ;\"  ><h3 class=\"gdlr-core-widget-box-shortcode-title\" style=\"color: #ffffff ;\"  >Do you have a question?<\/h3><div class=\"gdlr-core-widget-box-shortcode-content\" ><p class=\"translation-block\">Do not hesitate to <a href=\"https:\/\/alprofitconsult.al\/en\/contact\/\" target=\"_self\">contact<\/a> us. We are a team of experts and will be happy to speak with you.<\/p>\n<\/div><\/div>","protected":false},"excerpt":{"rendered":"<p>Loj\u00ebrat e fatit Veprimtaria e Loj\u00ebrave t\u00eb Fatit n\u00eb Republik\u00ebn e Shqip\u00ebris\u00eb, rregullohet me Ligjin Nr. 155\/2015, dat\u00eb 21.12.2015 \u201cP\u00ebr Loj\u00ebrat e Fatit n\u00eb Republik\u00ebn e Shqip\u00ebris\u00eb\u201d, dhe n\u00eb aktet e tjera ligjore n\u00eb zbatim t\u00eb k\u00ebtij ligji. Kategorit\u00eb e loj\u00ebrave t\u00eb fatit, q\u00eb lejohen t\u00eb zhvillohen n\u00eb Republik\u00ebn e Shqip\u00ebris\u00eb, p\u00ebr t\u00eb cilat shoq\u00ebrit\u00eb [&hellip;]<\/p>\n","protected":false},"author":1,"featured_media":15922,"parent":16235,"menu_order":0,"comment_status":"closed","ping_status":"closed","template":"","meta":{"footnotes":""},"class_list":["post-16280","page","type-page","status-publish","has-post-thumbnail","hentry"],"yoast_head":"<!-- This site is optimized with the Yoast SEO plugin v26.5 - https:\/\/yoast.com\/wordpress\/plugins\/seo\/ -->\n<title>Taksa dhe tatime t\u00eb tjera #2 - AlProfit Consult<\/title>\n<meta name=\"robots\" content=\"index, follow, max-snippet:-1, max-image-preview:large, max-video-preview:-1\" \/>\n<link rel=\"canonical\" href=\"https:\/\/alprofitconsult.al\/en\/taxes-2\/contractor\/you-are-acting-like-a-business\/fees-and-other-taxes\/\" \/>\n<meta property=\"og:locale\" content=\"en_US\" \/>\n<meta property=\"og:type\" content=\"article\" \/>\n<meta property=\"og:title\" content=\"Taksa dhe tatime t\u00eb tjera #2 - AlProfit Consult\" \/>\n<meta property=\"og:description\" content=\"Loj\u00ebrat e fatit Veprimtaria e Loj\u00ebrave t\u00eb Fatit n\u00eb Republik\u00ebn e Shqip\u00ebris\u00eb, rregullohet me Ligjin Nr. 155\/2015, dat\u00eb 21.12.2015 \u201cP\u00ebr Loj\u00ebrat e Fatit n\u00eb Republik\u00ebn e Shqip\u00ebris\u00eb\u201d, dhe n\u00eb aktet e tjera ligjore n\u00eb zbatim t\u00eb k\u00ebtij ligji. Kategorit\u00eb e loj\u00ebrave t\u00eb fatit, q\u00eb lejohen t\u00eb zhvillohen n\u00eb Republik\u00ebn e Shqip\u00ebris\u00eb, p\u00ebr t\u00eb cilat shoq\u00ebrit\u00eb [&hellip;]\" \/>\n<meta property=\"og:url\" content=\"https:\/\/alprofitconsult.al\/en\/taxes-2\/contractor\/you-are-acting-like-a-business\/fees-and-other-taxes\/\" \/>\n<meta property=\"og:site_name\" content=\"AlProfit Consult\" \/>\n<meta property=\"article:publisher\" content=\"https:\/\/www.facebook.com\/AlProfitConsult\/\" \/>\n<meta property=\"og:image\" content=\"https:\/\/alprofitconsult.al\/wp-content\/uploads\/2022\/10\/AlProfit-Consult-Taksa-dhe-tatime-te-tjera.jpg\" \/>\n\t<meta property=\"og:image:width\" content=\"1920\" \/>\n\t<meta property=\"og:image:height\" content=\"1280\" \/>\n\t<meta property=\"og:image:type\" content=\"image\/jpeg\" \/>\n<meta name=\"twitter:card\" content=\"summary_large_image\" \/>\n<meta name=\"twitter:site\" content=\"@AlProfitConsult\" \/>\n<meta name=\"twitter:label1\" content=\"Est. reading time\" \/>\n\t<meta name=\"twitter:data1\" content=\"3 minutes\" \/>\n<script type=\"application\/ld+json\" class=\"yoast-schema-graph\">{\"@context\":\"https:\/\/schema.org\",\"@graph\":[{\"@type\":\"WebPage\",\"@id\":\"https:\/\/alprofitconsult.al\/en\/tatime-2\/sipermarres\/te-veprosh-si-nje-biznes\/taksa-dhe-tatime-te-tjera\/\",\"url\":\"https:\/\/alprofitconsult.al\/en\/tatime-2\/sipermarres\/te-veprosh-si-nje-biznes\/taksa-dhe-tatime-te-tjera\/\",\"name\":\"Taksa dhe tatime t\u00eb tjera #2 - AlProfit Consult\",\"isPartOf\":{\"@id\":\"https:\/\/alprofitconsult.al\/#website\"},\"primaryImageOfPage\":{\"@id\":\"https:\/\/alprofitconsult.al\/en\/tatime-2\/sipermarres\/te-veprosh-si-nje-biznes\/taksa-dhe-tatime-te-tjera\/#primaryimage\"},\"image\":{\"@id\":\"https:\/\/alprofitconsult.al\/en\/tatime-2\/sipermarres\/te-veprosh-si-nje-biznes\/taksa-dhe-tatime-te-tjera\/#primaryimage\"},\"thumbnailUrl\":\"https:\/\/alprofitconsult.al\/wp-content\/uploads\/2022\/10\/AlProfit-Consult-Taksa-dhe-tatime-te-tjera.jpg\",\"datePublished\":\"2022-10-08T18:35:47+00:00\",\"breadcrumb\":{\"@id\":\"https:\/\/alprofitconsult.al\/en\/tatime-2\/sipermarres\/te-veprosh-si-nje-biznes\/taksa-dhe-tatime-te-tjera\/#breadcrumb\"},\"inLanguage\":\"en-US\",\"potentialAction\":[{\"@type\":\"ReadAction\",\"target\":[\"https:\/\/alprofitconsult.al\/en\/tatime-2\/sipermarres\/te-veprosh-si-nje-biznes\/taksa-dhe-tatime-te-tjera\/\"]}]},{\"@type\":\"ImageObject\",\"inLanguage\":\"en-US\",\"@id\":\"https:\/\/alprofitconsult.al\/en\/tatime-2\/sipermarres\/te-veprosh-si-nje-biznes\/taksa-dhe-tatime-te-tjera\/#primaryimage\",\"url\":\"https:\/\/alprofitconsult.al\/wp-content\/uploads\/2022\/10\/AlProfit-Consult-Taksa-dhe-tatime-te-tjera.jpg\",\"contentUrl\":\"https:\/\/alprofitconsult.al\/wp-content\/uploads\/2022\/10\/AlProfit-Consult-Taksa-dhe-tatime-te-tjera.jpg\",\"width\":1920,\"height\":1280},{\"@type\":\"BreadcrumbList\",\"@id\":\"https:\/\/alprofitconsult.al\/en\/tatime-2\/sipermarres\/te-veprosh-si-nje-biznes\/taksa-dhe-tatime-te-tjera\/#breadcrumb\",\"itemListElement\":[{\"@type\":\"ListItem\",\"position\":1,\"name\":\"Kryefaqe\",\"item\":\"https:\/\/alprofitconsult.al\/\"},{\"@type\":\"ListItem\",\"position\":2,\"name\":\"Tatime\",\"item\":\"https:\/\/alprofitconsult.al\/en\/tatime-2\/\"},{\"@type\":\"ListItem\",\"position\":3,\"name\":\"Sip\u00ebrmarr\u00ebs #2\",\"item\":\"https:\/\/alprofitconsult.al\/en\/tatime-2\/sipermarres\/\"},{\"@type\":\"ListItem\",\"position\":4,\"name\":\"T\u00eb veprosh si nj\u00eb biznes #2\",\"item\":\"https:\/\/alprofitconsult.al\/en\/tatime-2\/sipermarres\/te-veprosh-si-nje-biznes\/\"},{\"@type\":\"ListItem\",\"position\":5,\"name\":\"Taksa dhe tatime t\u00eb tjera #2\"}]},{\"@type\":\"WebSite\",\"@id\":\"https:\/\/alprofitconsult.al\/#website\",\"url\":\"https:\/\/alprofitconsult.al\/\",\"name\":\"AlProfit Consult\",\"description\":\"Zyr\u00eb Kontabiliteti\",\"publisher\":{\"@id\":\"https:\/\/alprofitconsult.al\/#organization\"},\"potentialAction\":[{\"@type\":\"SearchAction\",\"target\":{\"@type\":\"EntryPoint\",\"urlTemplate\":\"https:\/\/alprofitconsult.al\/?s={search_term_string}\"},\"query-input\":{\"@type\":\"PropertyValueSpecification\",\"valueRequired\":true,\"valueName\":\"search_term_string\"}}],\"inLanguage\":\"en-US\"},{\"@type\":\"Organization\",\"@id\":\"https:\/\/alprofitconsult.al\/#organization\",\"name\":\"Alprofit Consult\",\"url\":\"https:\/\/alprofitconsult.al\/\",\"logo\":{\"@type\":\"ImageObject\",\"inLanguage\":\"en-US\",\"@id\":\"https:\/\/alprofitconsult.al\/#\/schema\/logo\/image\/\",\"url\":\"https:\/\/alprofitconsult.al\/wp-content\/uploads\/2022\/10\/logoalprofit.png\",\"contentUrl\":\"https:\/\/alprofitconsult.al\/wp-content\/uploads\/2022\/10\/logoalprofit.png\",\"width\":529,\"height\":156,\"caption\":\"Alprofit Consult\"},\"image\":{\"@id\":\"https:\/\/alprofitconsult.al\/#\/schema\/logo\/image\/\"},\"sameAs\":[\"https:\/\/www.facebook.com\/AlProfitConsult\/\",\"https:\/\/x.com\/AlProfitConsult\",\"https:\/\/www.linkedin.com\/company\/andi-haxhillari\/\",\"https:\/\/www.pinterest.com\/AlProfitConsult\/\",\"https:\/\/www.youtube.com\/channel\/UCZ5Gfntn161Nla3g1XdRldA\",\"https:\/\/sq.wikipedia.org\/wiki\/P\u00ebrdoruesi:Andi25~sqwiki\"]}]}<\/script>\n<!-- \/ Yoast SEO plugin. -->","yoast_head_json":{"title":"Taksa dhe tatime t\u00eb tjera #2 - AlProfit Consult","robots":{"index":"index","follow":"follow","max-snippet":"max-snippet:-1","max-image-preview":"max-image-preview:large","max-video-preview":"max-video-preview:-1"},"canonical":"https:\/\/alprofitconsult.al\/en\/taxes-2\/contractor\/you-are-acting-like-a-business\/fees-and-other-taxes\/","og_locale":"en_US","og_type":"article","og_title":"Taksa dhe tatime t\u00eb tjera #2 - AlProfit Consult","og_description":"Loj\u00ebrat e fatit Veprimtaria e Loj\u00ebrave t\u00eb Fatit n\u00eb Republik\u00ebn e Shqip\u00ebris\u00eb, rregullohet me Ligjin Nr. 155\/2015, dat\u00eb 21.12.2015 \u201cP\u00ebr Loj\u00ebrat e Fatit n\u00eb Republik\u00ebn e Shqip\u00ebris\u00eb\u201d, dhe n\u00eb aktet e tjera ligjore n\u00eb zbatim t\u00eb k\u00ebtij ligji. Kategorit\u00eb e loj\u00ebrave t\u00eb fatit, q\u00eb lejohen t\u00eb zhvillohen n\u00eb Republik\u00ebn e Shqip\u00ebris\u00eb, p\u00ebr t\u00eb cilat shoq\u00ebrit\u00eb [&hellip;]","og_url":"https:\/\/alprofitconsult.al\/en\/taxes-2\/contractor\/you-are-acting-like-a-business\/fees-and-other-taxes\/","og_site_name":"AlProfit Consult","article_publisher":"https:\/\/www.facebook.com\/AlProfitConsult\/","og_image":[{"width":1920,"height":1280,"url":"https:\/\/alprofitconsult.al\/wp-content\/uploads\/2022\/10\/AlProfit-Consult-Taksa-dhe-tatime-te-tjera.jpg","type":"image\/jpeg"}],"twitter_card":"summary_large_image","twitter_site":"@AlProfitConsult","twitter_misc":{"Est. reading time":"3 minutes"},"schema":{"@context":"https:\/\/schema.org","@graph":[{"@type":"WebPage","@id":"https:\/\/alprofitconsult.al\/en\/tatime-2\/sipermarres\/te-veprosh-si-nje-biznes\/taksa-dhe-tatime-te-tjera\/","url":"https:\/\/alprofitconsult.al\/en\/tatime-2\/sipermarres\/te-veprosh-si-nje-biznes\/taksa-dhe-tatime-te-tjera\/","name":"Taksa dhe tatime t\u00eb tjera #2 - AlProfit Consult","isPartOf":{"@id":"https:\/\/alprofitconsult.al\/#website"},"primaryImageOfPage":{"@id":"https:\/\/alprofitconsult.al\/en\/tatime-2\/sipermarres\/te-veprosh-si-nje-biznes\/taksa-dhe-tatime-te-tjera\/#primaryimage"},"image":{"@id":"https:\/\/alprofitconsult.al\/en\/tatime-2\/sipermarres\/te-veprosh-si-nje-biznes\/taksa-dhe-tatime-te-tjera\/#primaryimage"},"thumbnailUrl":"https:\/\/alprofitconsult.al\/wp-content\/uploads\/2022\/10\/AlProfit-Consult-Taksa-dhe-tatime-te-tjera.jpg","datePublished":"2022-10-08T18:35:47+00:00","breadcrumb":{"@id":"https:\/\/alprofitconsult.al\/en\/tatime-2\/sipermarres\/te-veprosh-si-nje-biznes\/taksa-dhe-tatime-te-tjera\/#breadcrumb"},"inLanguage":"en-US","potentialAction":[{"@type":"ReadAction","target":["https:\/\/alprofitconsult.al\/en\/tatime-2\/sipermarres\/te-veprosh-si-nje-biznes\/taksa-dhe-tatime-te-tjera\/"]}]},{"@type":"ImageObject","inLanguage":"en-US","@id":"https:\/\/alprofitconsult.al\/en\/tatime-2\/sipermarres\/te-veprosh-si-nje-biznes\/taksa-dhe-tatime-te-tjera\/#primaryimage","url":"https:\/\/alprofitconsult.al\/wp-content\/uploads\/2022\/10\/AlProfit-Consult-Taksa-dhe-tatime-te-tjera.jpg","contentUrl":"https:\/\/alprofitconsult.al\/wp-content\/uploads\/2022\/10\/AlProfit-Consult-Taksa-dhe-tatime-te-tjera.jpg","width":1920,"height":1280},{"@type":"BreadcrumbList","@id":"https:\/\/alprofitconsult.al\/en\/tatime-2\/sipermarres\/te-veprosh-si-nje-biznes\/taksa-dhe-tatime-te-tjera\/#breadcrumb","itemListElement":[{"@type":"ListItem","position":1,"name":"Kryefaqe","item":"https:\/\/alprofitconsult.al\/"},{"@type":"ListItem","position":2,"name":"Tatime","item":"https:\/\/alprofitconsult.al\/en\/tatime-2\/"},{"@type":"ListItem","position":3,"name":"Sip\u00ebrmarr\u00ebs #2","item":"https:\/\/alprofitconsult.al\/en\/tatime-2\/sipermarres\/"},{"@type":"ListItem","position":4,"name":"T\u00eb veprosh si nj\u00eb biznes #2","item":"https:\/\/alprofitconsult.al\/en\/tatime-2\/sipermarres\/te-veprosh-si-nje-biznes\/"},{"@type":"ListItem","position":5,"name":"Taksa dhe tatime t\u00eb tjera #2"}]},{"@type":"WebSite","@id":"https:\/\/alprofitconsult.al\/#website","url":"https:\/\/alprofitconsult.al\/","name":"AlProfit Consult","description":"Accounting Office","publisher":{"@id":"https:\/\/alprofitconsult.al\/#organization"},"potentialAction":[{"@type":"SearchAction","target":{"@type":"EntryPoint","urlTemplate":"https:\/\/alprofitconsult.al\/?s={search_term_string}"},"query-input":{"@type":"PropertyValueSpecification","valueRequired":true,"valueName":"search_term_string"}}],"inLanguage":"en-US"},{"@type":"Organization","@id":"https:\/\/alprofitconsult.al\/#organization","name":"Alprofit Consult","url":"https:\/\/alprofitconsult.al\/","logo":{"@type":"ImageObject","inLanguage":"en-US","@id":"https:\/\/alprofitconsult.al\/#\/schema\/logo\/image\/","url":"https:\/\/alprofitconsult.al\/wp-content\/uploads\/2022\/10\/logoalprofit.png","contentUrl":"https:\/\/alprofitconsult.al\/wp-content\/uploads\/2022\/10\/logoalprofit.png","width":529,"height":156,"caption":"Alprofit Consult"},"image":{"@id":"https:\/\/alprofitconsult.al\/#\/schema\/logo\/image\/"},"sameAs":["https:\/\/www.facebook.com\/AlProfitConsult\/","https:\/\/x.com\/AlProfitConsult","https:\/\/www.linkedin.com\/company\/andi-haxhillari\/","https:\/\/www.pinterest.com\/AlProfitConsult\/","https:\/\/www.youtube.com\/channel\/UCZ5Gfntn161Nla3g1XdRldA","https:\/\/sq.wikipedia.org\/wiki\/P\u00ebrdoruesi:Andi25~sqwiki"]}]}},"_links":{"self":[{"href":"https:\/\/alprofitconsult.al\/en\/wp-json\/wp\/v2\/pages\/16280","targetHints":{"allow":["GET"]}}],"collection":[{"href":"https:\/\/alprofitconsult.al\/en\/wp-json\/wp\/v2\/pages"}],"about":[{"href":"https:\/\/alprofitconsult.al\/en\/wp-json\/wp\/v2\/types\/page"}],"author":[{"embeddable":true,"href":"https:\/\/alprofitconsult.al\/en\/wp-json\/wp\/v2\/users\/1"}],"replies":[{"embeddable":true,"href":"https:\/\/alprofitconsult.al\/en\/wp-json\/wp\/v2\/comments?post=16280"}],"version-history":[{"count":0,"href":"https:\/\/alprofitconsult.al\/en\/wp-json\/wp\/v2\/pages\/16280\/revisions"}],"up":[{"embeddable":true,"href":"https:\/\/alprofitconsult.al\/en\/wp-json\/wp\/v2\/pages\/16235"}],"wp:featuredmedia":[{"embeddable":true,"href":"https:\/\/alprofitconsult.al\/en\/wp-json\/wp\/v2\/media\/15922"}],"wp:attachment":[{"href":"https:\/\/alprofitconsult.al\/en\/wp-json\/wp\/v2\/media?parent=16280"}],"curies":[{"name":"wp","href":"https:\/\/api.w.org\/{rel}","templated":true}]}}