{"id":16286,"date":"2022-10-08T18:35:47","date_gmt":"2022-10-08T18:35:47","guid":{"rendered":"https:\/\/alprofitconsult.al\/tatime-2\/sipermarres\/te-veprosh-si-nje-biznes\/taksa-kombetare\/"},"modified":"2022-10-08T18:35:47","modified_gmt":"2022-10-08T18:35:47","slug":"national-tax","status":"publish","type":"page","link":"https:\/\/alprofitconsult.al\/en\/tatime-2\/sipermarres\/te-veprosh-si-nje-biznes\/taksa-kombetare\/","title":{"rendered":"Taksa komb\u00ebtare #2"},"content":{"rendered":"<figure class=\"wp-block-image size-large\"><img loading=\"lazy\" decoding=\"async\" width=\"1024\" height=\"692\" src=\"https:\/\/alprofitconsult.al\/wp-content\/uploads\/2022\/10\/AlProfit-Consult-Taksa-kombetare-1024x692.jpg\" alt=\"\" class=\"wp-image-15926\" srcset=\"https:\/\/alprofitconsult.al\/wp-content\/uploads\/2022\/10\/AlProfit-Consult-Taksa-kombetare-1024x692.jpg 1024w, https:\/\/alprofitconsult.al\/wp-content\/uploads\/2022\/10\/AlProfit-Consult-Taksa-kombetare-300x203.jpg 300w, https:\/\/alprofitconsult.al\/wp-content\/uploads\/2022\/10\/AlProfit-Consult-Taksa-kombetare-150x101.jpg 150w, https:\/\/alprofitconsult.al\/wp-content\/uploads\/2022\/10\/AlProfit-Consult-Taksa-kombetare-768x519.jpg 768w, https:\/\/alprofitconsult.al\/wp-content\/uploads\/2022\/10\/AlProfit-Consult-Taksa-kombetare-1536x1038.jpg 1536w, https:\/\/alprofitconsult.al\/wp-content\/uploads\/2022\/10\/AlProfit-Consult-Taksa-kombetare.jpg 1920w\" sizes=\"auto, (max-width: 1024px) 100vw, 1024px\" \/><\/figure>\n\n\n\n<p>P\u00ebrcaktimi i llojeve t\u00eb taksave dhe tarifave komb\u00ebtare q\u00eb zbatohen n\u00eb Republik\u00ebn e Shqip\u00ebris\u00eb, niveli i taksave komb\u00ebtare, procedurat e llogaritjes, t\u00eb ark\u00ebtimit dhe transferimit n\u00eb Buxhetin e Shtetit ose n\u00eb buxhetin e nj\u00ebsive t\u00eb qeverisjes vendore t\u00eb taksave dhe tarifave komb\u00ebtare, si dhe detyrimet q\u00eb kan\u00eb agjent\u00ebt e taksave dhe tarifave komb\u00ebtare, b\u00ebhen me Ligjin <a href=\"https:\/\/alprofitconsult.al\/wp-content\/uploads\/2022\/10\/LIGJ-Nr.-9975-Dt-28.7.2008-Per-Taksat-Kombetare-i-ndryshuar.pdf\" target=\"_blank\" rel=\"noreferrer noopener\">Nr. 9975, dat\u00eb 28.7.2008 <\/a>\u201cP\u00ebr Taksat Komb\u00ebtare n\u00eb Republik\u00ebn e Shqip\u00ebris\u00eb\u201d, i ndryshuar.<\/p>\n\n\n\n<blockquote class=\"wp-block-quote is-layout-flow wp-block-quote-is-layout-flow\"><p>\u201cTax\u201d is the compulsory and non-refundable payment to the State Budget that is paid by any person or through an agent who exercises a public right or benefits from a public service in the territory of the Republic of Albania.<\/p><\/blockquote>\n\n\n\n<blockquote class=\"wp-block-quote is-layout-flow wp-block-quote-is-layout-flow\"><p>\u201cTariff\u201d is a payment that an individual, natural or legal person, makes directly or through an agent to the central tax administration. The payment is made in exchange for a specific service received, a specific public good used, or a right granted.<\/p><\/blockquote>\n\n\n\n<p>The national taxes are:<\/p>\n\n\n\n<ol class=\"wp-block-list\"><li><a href=\"https:\/\/financa.gov.al\/taksa-portuale\/\" target=\"_blank\" rel=\"noreferrer noopener\">Port fee;<\/a><\/li><li><a href=\"https:\/\/dogana.gov.al\/d\/182\/248\/0\/235\/taksa-te-tjera\" target=\"_blank\" rel=\"noreferrer noopener\">Gasoline sales tax;<\/a><\/li><li><a href=\"https:\/\/www.dpshtrr.al\/llogarit-taksen-online\" target=\"_blank\" rel=\"noreferrer noopener\">Tax on used transportation vehicles;<\/a><\/li><li><a href=\"https:\/\/financa.gov.al\/renta-minerale\/\" target=\"_blank\" rel=\"noreferrer noopener\">Mineral rent tax;<\/a><\/li><li><a href=\"https:\/\/financa.gov.al\/taksa-e-akteve-dhe-e-pulles\/\" target=\"_blank\" rel=\"noreferrer noopener\">Stamp and document tax;<\/a><\/li><li><a href=\"https:\/\/financa.gov.al\/taksa-e-karbonit-per-benzinen-naften-dhe-gazoilin\/\" target=\"_blank\" rel=\"noreferrer noopener\">Carbon tax on gasoline;<\/a><\/li><li><a href=\"https:\/\/financa.gov.al\/taksat-vjetore-per-ushtrimin-e-aktivitetit-te-peshkimit\/\" target=\"_blank\" rel=\"noreferrer noopener\">Fee for the exercise of fishing activity;<\/a><\/li><li><a href=\"https:\/\/financa.gov.al\/taksat-per-ambalazhet-plastike-dhe-ambalazhet-e-qelqit\/\" target=\"_blank\" rel=\"noreferrer noopener\">Packaging tax;<\/a><\/li><li>Tax on the right to use state land in use;<\/li><li>Tax on written premiums, excluding insurance premiums for life, travel health, and green card products.;<\/li><li>Initial registration tax and annual tax for luxury vehicles.<\/li><\/ol>\n\n\n\n<p>Sipas llojit t\u00eb taksave komb\u00ebtare, agjent\u00ebt q\u00eb ngarkohen me vjeljen e tyre jan\u00eb si m\u00eb posht\u00eb.<\/p>\n\n\n\n<p>For port taxes, the port captaincy, which collects these taxes directly or through maritime, state, or private agencies;<\/p>\n\n\n\n<p>The General Directorate of Customs, through its district customs offices, is responsible for the turnover tax on imported gasoline and diesel, and the General Directorate of Taxes, through its branches, is responsible for the turnover tax on domestically produced gasoline and diesel.;<\/p>\n\n\n\n<p>The annual tax on used vehicles is charged by the General Directorate of Road Transport Services.;<\/p>\n\n\n\n<p>For the mineral royalty tax, the customs and tax authorities;<\/p>\n\n\n\n<p>For the deed and stamp tax, the civil registry offices;<\/p>\n\n\n\n<p>The General Directorate of Customs, through its district customs branches, is charged with the carbon tax on gasoline, diesel, coal, and kerosene, solar oil, fuel oil, and imported petroleum coke, as well as the General Directorate of Taxes, through its branches, for gasoline, diesel fuel, coal, fuel oil, solar oil, fuel oil, and domestically produced petroleum coke, based on production quantities;<\/p>\n\n\n\n<p>The Directorate of Fisheries Policy and its district branches are responsible for the fishing activity tax.;<\/p>\n\n\n\n<p>The tax on single-use plastic and glass packaging is charged as follows:<\/p>\n\n\n\n<p>Drejtoria e P\u00ebrgjithshme e Doganave, n\u00ebp\u00ebrmjet deg\u00ebve t\u00eb saj doganore, p\u00ebr vjeljen e k\u00ebsaj takse n\u00eb import;<\/p>\n\n\n\n<p>Drejtoria e P\u00ebrgjithshme e Tatimeve, n\u00ebp\u00ebrmjet drejtorive t\u00eb saj rajonale, p\u00ebr vjeljen e k\u00ebsaj takse p\u00ebr prodhimin vendas;<\/p>\n\n\n\n<p>Drejtoria e P\u00ebrgjithshme e Tatimeve, n\u00ebp\u00ebrmjet drejtorive t\u00eb saj rajonale, ngarkohet me mbledhjen e taks\u00ebs mbi t\u00eb drejt\u00ebn e p\u00ebrdorimit t\u00eb truallit shtet\u00ebror.<\/p>\n\n\n\n<p>Insurance companies licensed by the Financial Supervisory Authority (AMF) are charged with collecting the tax on written premiums.<\/p>\n\n\n\n<p>The Directorate General of Road Transport Services charges the initial registration fee and the annual fee for luxury vehicles.<\/p>\n\n\n\n<p>Source: <a href=\"https:\/\/www.tatime.gov.al\/c\/4\/96\/113\/taksa-kombetare\" target=\"_blank\" rel=\"noreferrer noopener\">General Directorate of Taxes.<\/a><\/p>\n\n\n<div class=\"gdlr-core-widget-box-shortcode\" style=\"color: #ffffff ;background-color: #000014 ;\"  ><h3 class=\"gdlr-core-widget-box-shortcode-title\" style=\"color: #ffffff ;\"  >Do you have a question?<\/h3><div class=\"gdlr-core-widget-box-shortcode-content\" ><p class=\"translation-block\">Do not hesitate to <a href=\"https:\/\/alprofitconsult.al\/en\/contact\/\" target=\"_self\">contact<\/a> us. We are a team of experts and will be happy to speak with you.<\/p>\n<\/div><\/div>","protected":false},"excerpt":{"rendered":"<p>P\u00ebrcaktimi i llojeve t\u00eb taksave dhe tarifave komb\u00ebtare q\u00eb zbatohen n\u00eb Republik\u00ebn e Shqip\u00ebris\u00eb, niveli i taksave komb\u00ebtare, procedurat e llogaritjes, t\u00eb ark\u00ebtimit dhe transferimit n\u00eb Buxhetin e Shtetit ose n\u00eb buxhetin e nj\u00ebsive t\u00eb qeverisjes vendore t\u00eb taksave dhe tarifave komb\u00ebtare, si dhe detyrimet q\u00eb kan\u00eb agjent\u00ebt e taksave dhe tarifave komb\u00ebtare, b\u00ebhen me [&hellip;]<\/p>\n","protected":false},"author":1,"featured_media":15926,"parent":16235,"menu_order":0,"comment_status":"open","ping_status":"closed","template":"","meta":{"footnotes":""},"class_list":["post-16286","page","type-page","status-publish","has-post-thumbnail","hentry"],"yoast_head":"<!-- This site is optimized with the Yoast SEO plugin v26.5 - https:\/\/yoast.com\/wordpress\/plugins\/seo\/ -->\n<title>Taksa komb\u00ebtare #2 - AlProfit Consult<\/title>\n<meta name=\"robots\" content=\"index, follow, max-snippet:-1, max-image-preview:large, max-video-preview:-1\" \/>\n<link rel=\"canonical\" href=\"https:\/\/alprofitconsult.al\/en\/taxes-2\/contractor\/you-are-acting-like-a-business\/national-tax\/\" \/>\n<meta property=\"og:locale\" content=\"en_US\" \/>\n<meta property=\"og:type\" content=\"article\" \/>\n<meta property=\"og:title\" content=\"Taksa komb\u00ebtare #2 - AlProfit Consult\" \/>\n<meta property=\"og:description\" content=\"P\u00ebrcaktimi i llojeve t\u00eb taksave dhe tarifave komb\u00ebtare q\u00eb zbatohen n\u00eb Republik\u00ebn e Shqip\u00ebris\u00eb, niveli i taksave komb\u00ebtare, procedurat e llogaritjes, t\u00eb ark\u00ebtimit dhe transferimit n\u00eb Buxhetin e Shtetit ose n\u00eb buxhetin e nj\u00ebsive t\u00eb qeverisjes vendore t\u00eb taksave dhe tarifave komb\u00ebtare, si dhe detyrimet q\u00eb kan\u00eb agjent\u00ebt e taksave dhe tarifave komb\u00ebtare, b\u00ebhen me [&hellip;]\" \/>\n<meta property=\"og:url\" content=\"https:\/\/alprofitconsult.al\/en\/taxes-2\/contractor\/you-are-acting-like-a-business\/national-tax\/\" \/>\n<meta property=\"og:site_name\" content=\"AlProfit Consult\" \/>\n<meta property=\"article:publisher\" content=\"https:\/\/www.facebook.com\/AlProfitConsult\/\" \/>\n<meta property=\"og:image\" content=\"https:\/\/alprofitconsult.al\/wp-content\/uploads\/2022\/10\/AlProfit-Consult-Taksa-kombetare.jpg\" \/>\n\t<meta property=\"og:image:width\" content=\"1920\" \/>\n\t<meta property=\"og:image:height\" content=\"1297\" \/>\n\t<meta property=\"og:image:type\" content=\"image\/jpeg\" \/>\n<meta name=\"twitter:card\" content=\"summary_large_image\" \/>\n<meta name=\"twitter:site\" content=\"@AlProfitConsult\" \/>\n<meta name=\"twitter:label1\" content=\"Est. reading time\" \/>\n\t<meta name=\"twitter:data1\" content=\"4 minutes\" \/>\n<script type=\"application\/ld+json\" class=\"yoast-schema-graph\">{\"@context\":\"https:\/\/schema.org\",\"@graph\":[{\"@type\":\"WebPage\",\"@id\":\"https:\/\/alprofitconsult.al\/en\/tatime-2\/sipermarres\/te-veprosh-si-nje-biznes\/taksa-kombetare\/\",\"url\":\"https:\/\/alprofitconsult.al\/en\/tatime-2\/sipermarres\/te-veprosh-si-nje-biznes\/taksa-kombetare\/\",\"name\":\"Taksa komb\u00ebtare #2 - AlProfit Consult\",\"isPartOf\":{\"@id\":\"https:\/\/alprofitconsult.al\/#website\"},\"primaryImageOfPage\":{\"@id\":\"https:\/\/alprofitconsult.al\/en\/tatime-2\/sipermarres\/te-veprosh-si-nje-biznes\/taksa-kombetare\/#primaryimage\"},\"image\":{\"@id\":\"https:\/\/alprofitconsult.al\/en\/tatime-2\/sipermarres\/te-veprosh-si-nje-biznes\/taksa-kombetare\/#primaryimage\"},\"thumbnailUrl\":\"https:\/\/alprofitconsult.al\/wp-content\/uploads\/2022\/10\/AlProfit-Consult-Taksa-kombetare.jpg\",\"datePublished\":\"2022-10-08T18:35:47+00:00\",\"breadcrumb\":{\"@id\":\"https:\/\/alprofitconsult.al\/en\/tatime-2\/sipermarres\/te-veprosh-si-nje-biznes\/taksa-kombetare\/#breadcrumb\"},\"inLanguage\":\"en-US\",\"potentialAction\":[{\"@type\":\"ReadAction\",\"target\":[\"https:\/\/alprofitconsult.al\/en\/tatime-2\/sipermarres\/te-veprosh-si-nje-biznes\/taksa-kombetare\/\"]}]},{\"@type\":\"ImageObject\",\"inLanguage\":\"en-US\",\"@id\":\"https:\/\/alprofitconsult.al\/en\/tatime-2\/sipermarres\/te-veprosh-si-nje-biznes\/taksa-kombetare\/#primaryimage\",\"url\":\"https:\/\/alprofitconsult.al\/wp-content\/uploads\/2022\/10\/AlProfit-Consult-Taksa-kombetare.jpg\",\"contentUrl\":\"https:\/\/alprofitconsult.al\/wp-content\/uploads\/2022\/10\/AlProfit-Consult-Taksa-kombetare.jpg\",\"width\":1920,\"height\":1297},{\"@type\":\"BreadcrumbList\",\"@id\":\"https:\/\/alprofitconsult.al\/en\/tatime-2\/sipermarres\/te-veprosh-si-nje-biznes\/taksa-kombetare\/#breadcrumb\",\"itemListElement\":[{\"@type\":\"ListItem\",\"position\":1,\"name\":\"Kryefaqe\",\"item\":\"https:\/\/alprofitconsult.al\/\"},{\"@type\":\"ListItem\",\"position\":2,\"name\":\"Tatime\",\"item\":\"https:\/\/alprofitconsult.al\/en\/tatime-2\/\"},{\"@type\":\"ListItem\",\"position\":3,\"name\":\"Sip\u00ebrmarr\u00ebs #2\",\"item\":\"https:\/\/alprofitconsult.al\/en\/tatime-2\/sipermarres\/\"},{\"@type\":\"ListItem\",\"position\":4,\"name\":\"T\u00eb veprosh si nj\u00eb biznes #2\",\"item\":\"https:\/\/alprofitconsult.al\/en\/tatime-2\/sipermarres\/te-veprosh-si-nje-biznes\/\"},{\"@type\":\"ListItem\",\"position\":5,\"name\":\"Taksa komb\u00ebtare #2\"}]},{\"@type\":\"WebSite\",\"@id\":\"https:\/\/alprofitconsult.al\/#website\",\"url\":\"https:\/\/alprofitconsult.al\/\",\"name\":\"AlProfit Consult\",\"description\":\"Zyr\u00eb Kontabiliteti\",\"publisher\":{\"@id\":\"https:\/\/alprofitconsult.al\/#organization\"},\"potentialAction\":[{\"@type\":\"SearchAction\",\"target\":{\"@type\":\"EntryPoint\",\"urlTemplate\":\"https:\/\/alprofitconsult.al\/?s={search_term_string}\"},\"query-input\":{\"@type\":\"PropertyValueSpecification\",\"valueRequired\":true,\"valueName\":\"search_term_string\"}}],\"inLanguage\":\"en-US\"},{\"@type\":\"Organization\",\"@id\":\"https:\/\/alprofitconsult.al\/#organization\",\"name\":\"Alprofit Consult\",\"url\":\"https:\/\/alprofitconsult.al\/\",\"logo\":{\"@type\":\"ImageObject\",\"inLanguage\":\"en-US\",\"@id\":\"https:\/\/alprofitconsult.al\/#\/schema\/logo\/image\/\",\"url\":\"https:\/\/alprofitconsult.al\/wp-content\/uploads\/2022\/10\/logoalprofit.png\",\"contentUrl\":\"https:\/\/alprofitconsult.al\/wp-content\/uploads\/2022\/10\/logoalprofit.png\",\"width\":529,\"height\":156,\"caption\":\"Alprofit Consult\"},\"image\":{\"@id\":\"https:\/\/alprofitconsult.al\/#\/schema\/logo\/image\/\"},\"sameAs\":[\"https:\/\/www.facebook.com\/AlProfitConsult\/\",\"https:\/\/x.com\/AlProfitConsult\",\"https:\/\/www.linkedin.com\/company\/andi-haxhillari\/\",\"https:\/\/www.pinterest.com\/AlProfitConsult\/\",\"https:\/\/www.youtube.com\/channel\/UCZ5Gfntn161Nla3g1XdRldA\",\"https:\/\/sq.wikipedia.org\/wiki\/P\u00ebrdoruesi:Andi25~sqwiki\"]}]}<\/script>\n<!-- \/ Yoast SEO plugin. -->","yoast_head_json":{"title":"Taksa komb\u00ebtare #2 - AlProfit Consult","robots":{"index":"index","follow":"follow","max-snippet":"max-snippet:-1","max-image-preview":"max-image-preview:large","max-video-preview":"max-video-preview:-1"},"canonical":"https:\/\/alprofitconsult.al\/en\/taxes-2\/contractor\/you-are-acting-like-a-business\/national-tax\/","og_locale":"en_US","og_type":"article","og_title":"Taksa komb\u00ebtare #2 - AlProfit Consult","og_description":"P\u00ebrcaktimi i llojeve t\u00eb taksave dhe tarifave komb\u00ebtare q\u00eb zbatohen n\u00eb Republik\u00ebn e Shqip\u00ebris\u00eb, niveli i taksave komb\u00ebtare, procedurat e llogaritjes, t\u00eb ark\u00ebtimit dhe transferimit n\u00eb Buxhetin e Shtetit ose n\u00eb buxhetin e nj\u00ebsive t\u00eb qeverisjes vendore t\u00eb taksave dhe tarifave komb\u00ebtare, si dhe detyrimet q\u00eb kan\u00eb agjent\u00ebt e taksave dhe tarifave komb\u00ebtare, b\u00ebhen me [&hellip;]","og_url":"https:\/\/alprofitconsult.al\/en\/taxes-2\/contractor\/you-are-acting-like-a-business\/national-tax\/","og_site_name":"AlProfit Consult","article_publisher":"https:\/\/www.facebook.com\/AlProfitConsult\/","og_image":[{"width":1920,"height":1297,"url":"https:\/\/alprofitconsult.al\/wp-content\/uploads\/2022\/10\/AlProfit-Consult-Taksa-kombetare.jpg","type":"image\/jpeg"}],"twitter_card":"summary_large_image","twitter_site":"@AlProfitConsult","twitter_misc":{"Est. reading time":"4 minutes"},"schema":{"@context":"https:\/\/schema.org","@graph":[{"@type":"WebPage","@id":"https:\/\/alprofitconsult.al\/en\/tatime-2\/sipermarres\/te-veprosh-si-nje-biznes\/taksa-kombetare\/","url":"https:\/\/alprofitconsult.al\/en\/tatime-2\/sipermarres\/te-veprosh-si-nje-biznes\/taksa-kombetare\/","name":"Taksa komb\u00ebtare #2 - AlProfit Consult","isPartOf":{"@id":"https:\/\/alprofitconsult.al\/#website"},"primaryImageOfPage":{"@id":"https:\/\/alprofitconsult.al\/en\/tatime-2\/sipermarres\/te-veprosh-si-nje-biznes\/taksa-kombetare\/#primaryimage"},"image":{"@id":"https:\/\/alprofitconsult.al\/en\/tatime-2\/sipermarres\/te-veprosh-si-nje-biznes\/taksa-kombetare\/#primaryimage"},"thumbnailUrl":"https:\/\/alprofitconsult.al\/wp-content\/uploads\/2022\/10\/AlProfit-Consult-Taksa-kombetare.jpg","datePublished":"2022-10-08T18:35:47+00:00","breadcrumb":{"@id":"https:\/\/alprofitconsult.al\/en\/tatime-2\/sipermarres\/te-veprosh-si-nje-biznes\/taksa-kombetare\/#breadcrumb"},"inLanguage":"en-US","potentialAction":[{"@type":"ReadAction","target":["https:\/\/alprofitconsult.al\/en\/tatime-2\/sipermarres\/te-veprosh-si-nje-biznes\/taksa-kombetare\/"]}]},{"@type":"ImageObject","inLanguage":"en-US","@id":"https:\/\/alprofitconsult.al\/en\/tatime-2\/sipermarres\/te-veprosh-si-nje-biznes\/taksa-kombetare\/#primaryimage","url":"https:\/\/alprofitconsult.al\/wp-content\/uploads\/2022\/10\/AlProfit-Consult-Taksa-kombetare.jpg","contentUrl":"https:\/\/alprofitconsult.al\/wp-content\/uploads\/2022\/10\/AlProfit-Consult-Taksa-kombetare.jpg","width":1920,"height":1297},{"@type":"BreadcrumbList","@id":"https:\/\/alprofitconsult.al\/en\/tatime-2\/sipermarres\/te-veprosh-si-nje-biznes\/taksa-kombetare\/#breadcrumb","itemListElement":[{"@type":"ListItem","position":1,"name":"Kryefaqe","item":"https:\/\/alprofitconsult.al\/"},{"@type":"ListItem","position":2,"name":"Tatime","item":"https:\/\/alprofitconsult.al\/en\/tatime-2\/"},{"@type":"ListItem","position":3,"name":"Sip\u00ebrmarr\u00ebs #2","item":"https:\/\/alprofitconsult.al\/en\/tatime-2\/sipermarres\/"},{"@type":"ListItem","position":4,"name":"T\u00eb veprosh si nj\u00eb biznes #2","item":"https:\/\/alprofitconsult.al\/en\/tatime-2\/sipermarres\/te-veprosh-si-nje-biznes\/"},{"@type":"ListItem","position":5,"name":"Taksa komb\u00ebtare #2"}]},{"@type":"WebSite","@id":"https:\/\/alprofitconsult.al\/#website","url":"https:\/\/alprofitconsult.al\/","name":"AlProfit Consult","description":"Accounting Office","publisher":{"@id":"https:\/\/alprofitconsult.al\/#organization"},"potentialAction":[{"@type":"SearchAction","target":{"@type":"EntryPoint","urlTemplate":"https:\/\/alprofitconsult.al\/?s={search_term_string}"},"query-input":{"@type":"PropertyValueSpecification","valueRequired":true,"valueName":"search_term_string"}}],"inLanguage":"en-US"},{"@type":"Organization","@id":"https:\/\/alprofitconsult.al\/#organization","name":"Alprofit Consult","url":"https:\/\/alprofitconsult.al\/","logo":{"@type":"ImageObject","inLanguage":"en-US","@id":"https:\/\/alprofitconsult.al\/#\/schema\/logo\/image\/","url":"https:\/\/alprofitconsult.al\/wp-content\/uploads\/2022\/10\/logoalprofit.png","contentUrl":"https:\/\/alprofitconsult.al\/wp-content\/uploads\/2022\/10\/logoalprofit.png","width":529,"height":156,"caption":"Alprofit Consult"},"image":{"@id":"https:\/\/alprofitconsult.al\/#\/schema\/logo\/image\/"},"sameAs":["https:\/\/www.facebook.com\/AlProfitConsult\/","https:\/\/x.com\/AlProfitConsult","https:\/\/www.linkedin.com\/company\/andi-haxhillari\/","https:\/\/www.pinterest.com\/AlProfitConsult\/","https:\/\/www.youtube.com\/channel\/UCZ5Gfntn161Nla3g1XdRldA","https:\/\/sq.wikipedia.org\/wiki\/P\u00ebrdoruesi:Andi25~sqwiki"]}]}},"_links":{"self":[{"href":"https:\/\/alprofitconsult.al\/en\/wp-json\/wp\/v2\/pages\/16286","targetHints":{"allow":["GET"]}}],"collection":[{"href":"https:\/\/alprofitconsult.al\/en\/wp-json\/wp\/v2\/pages"}],"about":[{"href":"https:\/\/alprofitconsult.al\/en\/wp-json\/wp\/v2\/types\/page"}],"author":[{"embeddable":true,"href":"https:\/\/alprofitconsult.al\/en\/wp-json\/wp\/v2\/users\/1"}],"replies":[{"embeddable":true,"href":"https:\/\/alprofitconsult.al\/en\/wp-json\/wp\/v2\/comments?post=16286"}],"version-history":[{"count":0,"href":"https:\/\/alprofitconsult.al\/en\/wp-json\/wp\/v2\/pages\/16286\/revisions"}],"up":[{"embeddable":true,"href":"https:\/\/alprofitconsult.al\/en\/wp-json\/wp\/v2\/pages\/16235"}],"wp:featuredmedia":[{"embeddable":true,"href":"https:\/\/alprofitconsult.al\/en\/wp-json\/wp\/v2\/media\/15926"}],"wp:attachment":[{"href":"https:\/\/alprofitconsult.al\/en\/wp-json\/wp\/v2\/media?parent=16286"}],"curies":[{"name":"wp","href":"https:\/\/api.w.org\/{rel}","templated":true}]}}