{"id":17175,"date":"2022-10-22T19:46:44","date_gmt":"2022-10-22T19:46:44","guid":{"rendered":"https:\/\/alprofitconsult.al\/?page_id=17175"},"modified":"2022-10-23T19:34:20","modified_gmt":"2022-10-23T19:34:20","slug":"sole-proprietor","status":"publish","type":"page","link":"https:\/\/alprofitconsult.al\/en\/regjistrimi-biznesit\/person-fizik\/","title":{"rendered":"Sole Proprietorship"},"content":{"rendered":"<div class=\"yoast-breadcrumbs\"><span><span><a href=\"https:\/\/alprofitconsult.al\/en\/\">Home<\/a><\/span> | <span><a href=\"https:\/\/alprofitconsult.al\/en\/business-registration-2\/\">Business\/NGO Registration<\/a><\/span> | <span class=\"breadcrumb_last\" aria-current=\"page\">Sole Proprietorship<\/span><\/span><\/div>\n\n\n<p><\/p>\n\n\n\n<figure class=\"wp-block-image size-large\"><img loading=\"lazy\" decoding=\"async\" width=\"1024\" height=\"769\" src=\"https:\/\/alprofitconsult.al\/wp-content\/uploads\/2022\/10\/AlProfit-Consult-Informacion-i-pergjithshem-Person-fizik-1024x769.jpg\" alt=\"\" class=\"wp-image-17317\" srcset=\"https:\/\/alprofitconsult.al\/wp-content\/uploads\/2022\/10\/AlProfit-Consult-Informacion-i-pergjithshem-Person-fizik-1024x769.jpg 1024w, https:\/\/alprofitconsult.al\/wp-content\/uploads\/2022\/10\/AlProfit-Consult-Informacion-i-pergjithshem-Person-fizik-300x225.jpg 300w, https:\/\/alprofitconsult.al\/wp-content\/uploads\/2022\/10\/AlProfit-Consult-Informacion-i-pergjithshem-Person-fizik-150x113.jpg 150w, https:\/\/alprofitconsult.al\/wp-content\/uploads\/2022\/10\/AlProfit-Consult-Informacion-i-pergjithshem-Person-fizik-768x576.jpg 768w, https:\/\/alprofitconsult.al\/wp-content\/uploads\/2022\/10\/AlProfit-Consult-Informacion-i-pergjithshem-Person-fizik-1536x1153.jpg 1536w, https:\/\/alprofitconsult.al\/wp-content\/uploads\/2022\/10\/AlProfit-Consult-Informacion-i-pergjithshem-Person-fizik.jpg 1920w\" sizes=\"auto, (max-width: 1024px) 100vw, 1024px\" \/><\/figure>\n\n\n\n<p>The trader is the natural person, within the meaning of<a href=\"https:\/\/alprofitconsult.al\/wp-content\/uploads\/2022\/10\/kodi-civil.pdf\" target=\"_blank\" rel=\"noreferrer noopener\"> Civil Code<\/a>, which carries on independent economic activities requiring a normal commercial organization.<\/p>\n\n\n\n<p>A natural person who exercises an independent profession (such as lawyer, notary, accountant, physician, engineer, architect, artist, etc.) is deemed a merchant if a special law assigns them that status.<\/p>\n\n\n\n<p>A natural person who carries on agricultural, livestock, forestry, and similar activities is considered a trader if his activity is primarily focused on the processing and sale of agricultural, livestock, and forestry products (agribusiness).<\/p>\n\n\n\n<p>A natural person whose economic activity, by reason of its scale, does not require a formal commercial organization (small trader) is not considered a trader and is not subject to this law. The Minister of Finance and the minister responsible for the economy, by joint order, shall approve the activity volume thresholds at which the obligation to register as a trader arises.<\/p>\n\n\n\n<p>The trader registers under Articles 28(1) and 30 of the law. <a href=\"https:\/\/alprofitconsult.al\/wp-content\/uploads\/2022\/10\/Ligji-Nr.-9723-date-03.05.2007-Per-Regjistrimin-e-Biznesit-i-ndryshuar-1.pdf\" target=\"_blank\" rel=\"noreferrer noopener\">No. 9723, dated May 3, 2007 <\/a>\u201cFor the National Registration Center.\u201d If the trader has created a website, all data reported to the National Registration Center are published on that site.<\/p>\n\n\n\n<p>The trader is obligated to adhere to the principles of professional integrity applicable in the trading environment in which he operates. The merchant, for the obligations arising from the activities carried out, is personally liable with all his present and future assets and rights, including movable and immovable property, industrial and intellectual property, claims against third parties and any right or other asset whose value can be expressed in money.<\/p>\n\n\n\n<p>The trader loses his status when he suspends the exercise of his activity or when he is compelled to suspend it. In such a case, he is struck off the register, in accordance with Articles 48 to 53 of the law. <a href=\"https:\/\/alprofitconsult.al\/wp-content\/uploads\/2022\/10\/Ligji-Nr.-9723-date-03.05.2007-Per-Regjistrimin-e-Biznesit-i-ndryshuar-1.pdf\" target=\"_blank\" rel=\"noreferrer noopener\">No. 9723, dated May 3, 2007 <\/a>\u201cFor the National Registration Center.<\/p>\n\n\n\n<p>Source: <a href=\"https:\/\/qkb.gov.al\/\" target=\"_blank\" rel=\"noreferrer noopener\">National Business Center.<\/a><\/p>\n\n\n<div class=\"gdlr-core-widget-box-shortcode\" style=\"color: #ffffff ;background-color: #000014 ;\"  ><h3 class=\"gdlr-core-widget-box-shortcode-title\" style=\"color: #ffffff ;\"  >Do you have a question?<\/h3><div class=\"gdlr-core-widget-box-shortcode-content\" ><p class=\"translation-block\">Do not hesitate to <a href=\"https:\/\/alprofitconsult.al\/en\/contact\/\" target=\"_self\">contact<\/a> us. We are a team of experts and will be happy to speak with you.<\/p>\n<\/div><\/div>","protected":false},"excerpt":{"rendered":"<p>Tregtari \u00ebsht\u00eb personi fizik, sipas kuptimit t\u00eb Kodit Civil, i cili ushtron veprimtari ekonomike t\u00eb pavarur, q\u00eb k\u00ebrkon nj\u00eb organizim tregtar t\u00eb zakonsh\u00ebm. Personi fizik, i cili ushtron nj\u00eb profesion t\u00eb pavarur (si avokat, noter, kontabilist, mjek, inxhinier, arkitekt, artist etj.), vler\u00ebsohet tregtar, n\u00ebse nj\u00eb ligj i posa\u00e7\u00ebm i ngarkon k\u00ebt\u00eb status. Personi fizik, i [&hellip;]<\/p>\n","protected":false},"author":1,"featured_media":0,"parent":14487,"menu_order":0,"comment_status":"closed","ping_status":"closed","template":"","meta":{"footnotes":""},"class_list":["post-17175","page","type-page","status-publish","hentry"],"yoast_head":"<!-- This site is optimized with the Yoast SEO plugin v26.5 - https:\/\/yoast.com\/wordpress\/plugins\/seo\/ -->\n<title>Person fizik - AlProfit Consult<\/title>\n<meta name=\"robots\" content=\"index, follow, max-snippet:-1, max-image-preview:large, max-video-preview:-1\" \/>\n<link rel=\"canonical\" href=\"https:\/\/alprofitconsult.al\/en\/business-registration-2\/sole-proprietor\/\" \/>\n<meta property=\"og:locale\" content=\"en_US\" \/>\n<meta property=\"og:type\" content=\"article\" \/>\n<meta property=\"og:title\" content=\"Person fizik - AlProfit Consult\" \/>\n<meta property=\"og:description\" content=\"Tregtari \u00ebsht\u00eb personi fizik, sipas kuptimit t\u00eb Kodit Civil, i cili ushtron veprimtari ekonomike t\u00eb pavarur, q\u00eb k\u00ebrkon nj\u00eb organizim tregtar t\u00eb zakonsh\u00ebm. Personi fizik, i cili ushtron nj\u00eb profesion t\u00eb pavarur (si avokat, noter, kontabilist, mjek, inxhinier, arkitekt, artist etj.), vler\u00ebsohet tregtar, n\u00ebse nj\u00eb ligj i posa\u00e7\u00ebm i ngarkon k\u00ebt\u00eb status. Personi fizik, i [&hellip;]\" \/>\n<meta property=\"og:url\" content=\"https:\/\/alprofitconsult.al\/en\/business-registration-2\/sole-proprietor\/\" \/>\n<meta property=\"og:site_name\" content=\"AlProfit Consult\" \/>\n<meta property=\"article:publisher\" content=\"https:\/\/www.facebook.com\/AlProfitConsult\/\" \/>\n<meta property=\"article:modified_time\" content=\"2022-10-23T19:34:20+00:00\" \/>\n<meta property=\"og:image\" content=\"https:\/\/alprofitconsult.al\/wp-content\/uploads\/2022\/10\/AlProfit-Consult-Informacion-i-pergjithshem-Person-fizik-1024x769.jpg\" \/>\n<meta name=\"twitter:card\" content=\"summary_large_image\" \/>\n<meta name=\"twitter:site\" content=\"@AlProfitConsult\" \/>\n<meta name=\"twitter:label1\" content=\"Est. reading time\" \/>\n\t<meta name=\"twitter:data1\" content=\"2 minutes\" \/>\n<script type=\"application\/ld+json\" class=\"yoast-schema-graph\">{\"@context\":\"https:\/\/schema.org\",\"@graph\":[{\"@type\":\"WebPage\",\"@id\":\"https:\/\/alprofitconsult.al\/regjistrimi-biznesit\/person-fizik\/\",\"url\":\"https:\/\/alprofitconsult.al\/regjistrimi-biznesit\/person-fizik\/\",\"name\":\"Person fizik - AlProfit Consult\",\"isPartOf\":{\"@id\":\"https:\/\/alprofitconsult.al\/#website\"},\"primaryImageOfPage\":{\"@id\":\"https:\/\/alprofitconsult.al\/regjistrimi-biznesit\/person-fizik\/#primaryimage\"},\"image\":{\"@id\":\"https:\/\/alprofitconsult.al\/regjistrimi-biznesit\/person-fizik\/#primaryimage\"},\"thumbnailUrl\":\"https:\/\/alprofitconsult.al\/wp-content\/uploads\/2022\/10\/AlProfit-Consult-Informacion-i-pergjithshem-Person-fizik-1024x769.jpg\",\"datePublished\":\"2022-10-22T19:46:44+00:00\",\"dateModified\":\"2022-10-23T19:34:20+00:00\",\"breadcrumb\":{\"@id\":\"https:\/\/alprofitconsult.al\/regjistrimi-biznesit\/person-fizik\/#breadcrumb\"},\"inLanguage\":\"en-US\",\"potentialAction\":[{\"@type\":\"ReadAction\",\"target\":[\"https:\/\/alprofitconsult.al\/regjistrimi-biznesit\/person-fizik\/\"]}]},{\"@type\":\"ImageObject\",\"inLanguage\":\"en-US\",\"@id\":\"https:\/\/alprofitconsult.al\/regjistrimi-biznesit\/person-fizik\/#primaryimage\",\"url\":\"https:\/\/alprofitconsult.al\/wp-content\/uploads\/2022\/10\/AlProfit-Consult-Informacion-i-pergjithshem-Person-fizik-1024x769.jpg\",\"contentUrl\":\"https:\/\/alprofitconsult.al\/wp-content\/uploads\/2022\/10\/AlProfit-Consult-Informacion-i-pergjithshem-Person-fizik-1024x769.jpg\"},{\"@type\":\"BreadcrumbList\",\"@id\":\"https:\/\/alprofitconsult.al\/regjistrimi-biznesit\/person-fizik\/#breadcrumb\",\"itemListElement\":[{\"@type\":\"ListItem\",\"position\":1,\"name\":\"Kryefaqe\",\"item\":\"https:\/\/alprofitconsult.al\/\"},{\"@type\":\"ListItem\",\"position\":2,\"name\":\"Regjistrimi i biznesit\/OJF\",\"item\":\"https:\/\/alprofitconsult.al\/regjistrimi-biznesit\/\"},{\"@type\":\"ListItem\",\"position\":3,\"name\":\"Person fizik\"}]},{\"@type\":\"WebSite\",\"@id\":\"https:\/\/alprofitconsult.al\/#website\",\"url\":\"https:\/\/alprofitconsult.al\/\",\"name\":\"AlProfit Consult\",\"description\":\"Zyr\u00eb Kontabiliteti\",\"publisher\":{\"@id\":\"https:\/\/alprofitconsult.al\/#organization\"},\"potentialAction\":[{\"@type\":\"SearchAction\",\"target\":{\"@type\":\"EntryPoint\",\"urlTemplate\":\"https:\/\/alprofitconsult.al\/?s={search_term_string}\"},\"query-input\":{\"@type\":\"PropertyValueSpecification\",\"valueRequired\":true,\"valueName\":\"search_term_string\"}}],\"inLanguage\":\"en-US\"},{\"@type\":\"Organization\",\"@id\":\"https:\/\/alprofitconsult.al\/#organization\",\"name\":\"Alprofit Consult\",\"url\":\"https:\/\/alprofitconsult.al\/\",\"logo\":{\"@type\":\"ImageObject\",\"inLanguage\":\"en-US\",\"@id\":\"https:\/\/alprofitconsult.al\/#\/schema\/logo\/image\/\",\"url\":\"https:\/\/alprofitconsult.al\/wp-content\/uploads\/2022\/10\/logoalprofit.png\",\"contentUrl\":\"https:\/\/alprofitconsult.al\/wp-content\/uploads\/2022\/10\/logoalprofit.png\",\"width\":529,\"height\":156,\"caption\":\"Alprofit Consult\"},\"image\":{\"@id\":\"https:\/\/alprofitconsult.al\/#\/schema\/logo\/image\/\"},\"sameAs\":[\"https:\/\/www.facebook.com\/AlProfitConsult\/\",\"https:\/\/x.com\/AlProfitConsult\",\"https:\/\/www.linkedin.com\/company\/andi-haxhillari\/\",\"https:\/\/www.pinterest.com\/AlProfitConsult\/\",\"https:\/\/www.youtube.com\/channel\/UCZ5Gfntn161Nla3g1XdRldA\",\"https:\/\/sq.wikipedia.org\/wiki\/P\u00ebrdoruesi:Andi25~sqwiki\"]}]}<\/script>\n<!-- \/ Yoast SEO plugin. -->","yoast_head_json":{"title":"Natural person - AlProfit Consult","robots":{"index":"index","follow":"follow","max-snippet":"max-snippet:-1","max-image-preview":"max-image-preview:large","max-video-preview":"max-video-preview:-1"},"canonical":"https:\/\/alprofitconsult.al\/en\/business-registration-2\/sole-proprietor\/","og_locale":"en_US","og_type":"article","og_title":"Person fizik - AlProfit Consult","og_description":"Tregtari \u00ebsht\u00eb personi fizik, sipas kuptimit t\u00eb Kodit Civil, i cili ushtron veprimtari ekonomike t\u00eb pavarur, q\u00eb k\u00ebrkon nj\u00eb organizim tregtar t\u00eb zakonsh\u00ebm. Personi fizik, i cili ushtron nj\u00eb profesion t\u00eb pavarur (si avokat, noter, kontabilist, mjek, inxhinier, arkitekt, artist etj.), vler\u00ebsohet tregtar, n\u00ebse nj\u00eb ligj i posa\u00e7\u00ebm i ngarkon k\u00ebt\u00eb status. Personi fizik, i [&hellip;]","og_url":"https:\/\/alprofitconsult.al\/en\/business-registration-2\/sole-proprietor\/","og_site_name":"AlProfit Consult","article_publisher":"https:\/\/www.facebook.com\/AlProfitConsult\/","article_modified_time":"2022-10-23T19:34:20+00:00","og_image":[{"url":"https:\/\/alprofitconsult.al\/wp-content\/uploads\/2022\/10\/AlProfit-Consult-Informacion-i-pergjithshem-Person-fizik-1024x769.jpg","type":"","width":"","height":""}],"twitter_card":"summary_large_image","twitter_site":"@AlProfitConsult","twitter_misc":{"Est. reading time":"2 minutes"},"schema":{"@context":"https:\/\/schema.org","@graph":[{"@type":"WebPage","@id":"https:\/\/alprofitconsult.al\/regjistrimi-biznesit\/person-fizik\/","url":"https:\/\/alprofitconsult.al\/regjistrimi-biznesit\/person-fizik\/","name":"Natural person - AlProfit Consult","isPartOf":{"@id":"https:\/\/alprofitconsult.al\/#website"},"primaryImageOfPage":{"@id":"https:\/\/alprofitconsult.al\/regjistrimi-biznesit\/person-fizik\/#primaryimage"},"image":{"@id":"https:\/\/alprofitconsult.al\/regjistrimi-biznesit\/person-fizik\/#primaryimage"},"thumbnailUrl":"https:\/\/alprofitconsult.al\/wp-content\/uploads\/2022\/10\/AlProfit-Consult-Informacion-i-pergjithshem-Person-fizik-1024x769.jpg","datePublished":"2022-10-22T19:46:44+00:00","dateModified":"2022-10-23T19:34:20+00:00","breadcrumb":{"@id":"https:\/\/alprofitconsult.al\/regjistrimi-biznesit\/person-fizik\/#breadcrumb"},"inLanguage":"en-US","potentialAction":[{"@type":"ReadAction","target":["https:\/\/alprofitconsult.al\/regjistrimi-biznesit\/person-fizik\/"]}]},{"@type":"ImageObject","inLanguage":"en-US","@id":"https:\/\/alprofitconsult.al\/regjistrimi-biznesit\/person-fizik\/#primaryimage","url":"https:\/\/alprofitconsult.al\/wp-content\/uploads\/2022\/10\/AlProfit-Consult-Informacion-i-pergjithshem-Person-fizik-1024x769.jpg","contentUrl":"https:\/\/alprofitconsult.al\/wp-content\/uploads\/2022\/10\/AlProfit-Consult-Informacion-i-pergjithshem-Person-fizik-1024x769.jpg"},{"@type":"BreadcrumbList","@id":"https:\/\/alprofitconsult.al\/regjistrimi-biznesit\/person-fizik\/#breadcrumb","itemListElement":[{"@type":"ListItem","position":1,"name":"Kryefaqe","item":"https:\/\/alprofitconsult.al\/"},{"@type":"ListItem","position":2,"name":"Regjistrimi i biznesit\/OJF","item":"https:\/\/alprofitconsult.al\/regjistrimi-biznesit\/"},{"@type":"ListItem","position":3,"name":"Person fizik"}]},{"@type":"WebSite","@id":"https:\/\/alprofitconsult.al\/#website","url":"https:\/\/alprofitconsult.al\/","name":"AlProfit Consult","description":"Accounting Office","publisher":{"@id":"https:\/\/alprofitconsult.al\/#organization"},"potentialAction":[{"@type":"SearchAction","target":{"@type":"EntryPoint","urlTemplate":"https:\/\/alprofitconsult.al\/?s={search_term_string}"},"query-input":{"@type":"PropertyValueSpecification","valueRequired":true,"valueName":"search_term_string"}}],"inLanguage":"en-US"},{"@type":"Organization","@id":"https:\/\/alprofitconsult.al\/#organization","name":"Alprofit Consult","url":"https:\/\/alprofitconsult.al\/","logo":{"@type":"ImageObject","inLanguage":"en-US","@id":"https:\/\/alprofitconsult.al\/#\/schema\/logo\/image\/","url":"https:\/\/alprofitconsult.al\/wp-content\/uploads\/2022\/10\/logoalprofit.png","contentUrl":"https:\/\/alprofitconsult.al\/wp-content\/uploads\/2022\/10\/logoalprofit.png","width":529,"height":156,"caption":"Alprofit Consult"},"image":{"@id":"https:\/\/alprofitconsult.al\/#\/schema\/logo\/image\/"},"sameAs":["https:\/\/www.facebook.com\/AlProfitConsult\/","https:\/\/x.com\/AlProfitConsult","https:\/\/www.linkedin.com\/company\/andi-haxhillari\/","https:\/\/www.pinterest.com\/AlProfitConsult\/","https:\/\/www.youtube.com\/channel\/UCZ5Gfntn161Nla3g1XdRldA","https:\/\/sq.wikipedia.org\/wiki\/P\u00ebrdoruesi:Andi25~sqwiki"]}]}},"_links":{"self":[{"href":"https:\/\/alprofitconsult.al\/en\/wp-json\/wp\/v2\/pages\/17175","targetHints":{"allow":["GET"]}}],"collection":[{"href":"https:\/\/alprofitconsult.al\/en\/wp-json\/wp\/v2\/pages"}],"about":[{"href":"https:\/\/alprofitconsult.al\/en\/wp-json\/wp\/v2\/types\/page"}],"author":[{"embeddable":true,"href":"https:\/\/alprofitconsult.al\/en\/wp-json\/wp\/v2\/users\/1"}],"replies":[{"embeddable":true,"href":"https:\/\/alprofitconsult.al\/en\/wp-json\/wp\/v2\/comments?post=17175"}],"version-history":[{"count":5,"href":"https:\/\/alprofitconsult.al\/en\/wp-json\/wp\/v2\/pages\/17175\/revisions"}],"predecessor-version":[{"id":17514,"href":"https:\/\/alprofitconsult.al\/en\/wp-json\/wp\/v2\/pages\/17175\/revisions\/17514"}],"up":[{"embeddable":true,"href":"https:\/\/alprofitconsult.al\/en\/wp-json\/wp\/v2\/pages\/14487"}],"wp:attachment":[{"href":"https:\/\/alprofitconsult.al\/en\/wp-json\/wp\/v2\/media?parent=17175"}],"curies":[{"name":"wp","href":"https:\/\/api.w.org\/{rel}","templated":true}]}}