{"id":17181,"date":"2022-10-22T19:56:31","date_gmt":"2022-10-22T19:56:31","guid":{"rendered":"https:\/\/alprofitconsult.al\/?page_id=17181"},"modified":"2022-10-23T19:35:06","modified_gmt":"2022-10-23T19:35:06","slug":"regjistrimi-fillestar-i-personit-fizik","status":"publish","type":"page","link":"https:\/\/alprofitconsult.al\/en\/regjistrimi-biznesit\/person-fizik\/regjistrimi-fillestar-i-personit-fizik\/","title":{"rendered":"[Initial Registration of a Sole Proprietor]"},"content":{"rendered":"<div class=\"yoast-breadcrumbs\"><span><span><a href=\"https:\/\/alprofitconsult.al\/en\/\">Home<\/a><\/span> | <span><a href=\"https:\/\/alprofitconsult.al\/en\/business-registration-2\/\">Business\/NGO Registration<\/a><\/span> | <span><a href=\"https:\/\/alprofitconsult.al\/en\/business-registration-2\/sole-proprietor\/\">Sole Proprietorship<\/a><\/span> | <span class=\"breadcrumb_last\" aria-current=\"page\">[Initial Registration of a Sole Proprietor]<\/span><\/span><\/div>\n\n\n<p><\/p>\n\n\n\n<figure class=\"wp-block-image size-large\"><img loading=\"lazy\" decoding=\"async\" width=\"1024\" height=\"683\" src=\"https:\/\/alprofitconsult.al\/wp-content\/uploads\/2022\/10\/AlProfit-Consult-Regjistrimi-fillestar-i-personit-fizik-1024x683.jpg\" alt=\"\" class=\"wp-image-17327\" srcset=\"https:\/\/alprofitconsult.al\/wp-content\/uploads\/2022\/10\/AlProfit-Consult-Regjistrimi-fillestar-i-personit-fizik-1024x683.jpg 1024w, https:\/\/alprofitconsult.al\/wp-content\/uploads\/2022\/10\/AlProfit-Consult-Regjistrimi-fillestar-i-personit-fizik-300x200.jpg 300w, https:\/\/alprofitconsult.al\/wp-content\/uploads\/2022\/10\/AlProfit-Consult-Regjistrimi-fillestar-i-personit-fizik-150x100.jpg 150w, https:\/\/alprofitconsult.al\/wp-content\/uploads\/2022\/10\/AlProfit-Consult-Regjistrimi-fillestar-i-personit-fizik-768x512.jpg 768w, https:\/\/alprofitconsult.al\/wp-content\/uploads\/2022\/10\/AlProfit-Consult-Regjistrimi-fillestar-i-personit-fizik-1536x1024.jpg 1536w, https:\/\/alprofitconsult.al\/wp-content\/uploads\/2022\/10\/AlProfit-Consult-Regjistrimi-fillestar-i-personit-fizik.jpg 1920w\" sizes=\"auto, (max-width: 1024px) 100vw, 1024px\" \/><\/figure>\n\n\n\n<p>N\u00eb k\u00ebt\u00eb video, dhe m\u00eb posht\u00eb, tregohen hapat q\u00eb duhet t\u00eb ndiqen dhe t\u00eb dh\u00ebnat q\u00eb duhet t\u00eb plot\u00ebsohen p\u00ebr t\u00eb regjistruar nj\u00eb person fizik. Tashm\u00eb ky sh\u00ebrbim ofrohet vet\u00ebm n\u00ebp\u00ebrmjet aplikimit online n\u00eb portalin e-Albania. Ky regjistrim nuk mund t\u00eb b\u00ebhet tashm\u00eb n\u00eb sportelet fizike t\u00eb QKB.<\/p>\n\n\n\n<figure class=\"wp-block-embed is-type-video is-provider-youtube wp-block-embed-youtube wp-embed-aspect-16-9 wp-has-aspect-ratio\"><div class=\"wp-block-embed__wrapper\">\n<iframe loading=\"lazy\" title=\"Aplikim p\u00ebr regjistrimin e personit fizik n\u00ebp\u00ebrmjet portalit e-Albania.\" width=\"1150\" height=\"647\" src=\"https:\/\/www.youtube-nocookie.com\/embed\/4fsfDxngUCE?feature=oembed\" frameborder=\"0\" allow=\"accelerometer; autoplay; clipboard-write; encrypted-media; gyroscope; picture-in-picture\" allowfullscreen><\/iframe>\n<\/div><\/figure>\n\n\n\n<p>Link p\u00ebr sh\u00ebrbimin e regjistrimit fillestar: <a href=\"https:\/\/e-albania.al\/eAlbaniaServices\/UseService.aspx?service_code=4930\">https:\/\/e-albania.al\/eAlbaniaServices\/UseService.aspx?service_code=4930<\/a><\/p>\n\n\n\n<p><strong>Aplikim p\u00ebr regjistrimin fillestar t\u00eb personit fizik<\/strong><\/p>\n\n\n\n<p id=\"divServiceInfo\">Sh\u00ebrbimi elektronik i regjistrimit fillestar t\u00eb nj\u00eb subjekti i ofrohet nj\u00eb individi\/qytetari q\u00eb ka krijuar n\u00eb portal llogarin\u00eb e tij si individ. P\u00ebr t\u00eb kryer aplikimin p\u00ebr regjistrim fillestar, individi aplikon duke plot\u00ebsuar formularin p\u00ebrkat\u00ebs p\u00ebr regjistrim fillestar n\u00eb var\u00ebsi t\u00eb form\u00ebs ligjore q\u00eb do t\u00eb regjistroj\u00eb. Mb\u00ebshtetur n\u00eb nenin 22, pika (a) t\u00eb Ligjit 9723, dat\u00eb 03.05.2007 &#8220;P\u00ebr Regjistrimin e Biznesit&#8221;, i ndryshuar, nj\u00eb nga subjektet q\u00eb detyrohen t\u00eb regjistrohen n\u00eb regjistrin tregtar jan\u00eb personat fizik\u00eb, q\u00eb ushtrojn\u00eb veprimtari ekonomike tregtare.<\/p>\n\n\n\n<p><strong>Necessary documentation<\/strong><\/p>\n\n\n\n<p><em>Dokumente q\u00eb duhet t\u00eb ngarkohen nga aplikanti:<\/em> &#8211; Akti i P\u00ebrfaq\u00ebsimit (prokur\u00eb pran\u00eb noterit)n\u00ebse aplikanti \u00ebsht\u00eb i ndrysh\u00ebm nga personi q\u00eb regjistrohet.<\/p>\n\n\n\n<p><strong>Steps of the procedure<\/strong><\/p>\n\n\n\n<ul class=\"wp-block-list\"><li>Identifikohuni si qytetar n\u00eb portalin e-Albania;<\/li><li>Zgjidhni sh\u00ebrbimin &#8220;Aplikim p\u00ebr regjistrimin fillestar t\u00eb personit fizik\u201d<\/li><li>Klikoni butonin &#8220;P\u00ebrdor&#8221; &#8211; Plot\u00ebsoni formularin elektronik me t\u00eb dh\u00ebnat e nevojshme mbi form\u00ebn e shoq\u00ebris\u00eb t\u00eb cil\u00ebn do t\u00eb regjistroni<\/li><li>Klikoni butonin \u201cD\u00ebrgo\u201d n\u00eb faqen e fundit t\u00eb formularit<\/li><li>Punonj\u00ebsi i QKB-s\u00eb proceson k\u00ebrkes\u00ebn e ardhur dhe n\u00eb var\u00ebsi t\u00eb vendimit q\u00eb merret i kthen p\u00ebrgjigje me e-mail aplikuesit<\/li><\/ul>\n\n\n\n<p>Subjektet, p\u00ebr q\u00ebllimet e regjistrimit fillestar, deklarojn\u00eb gjithashtu, t\u00eb dh\u00ebnat e detyrueshme, sipas legjislacionit tatimor, t\u00eb sigurimeve shoq\u00ebrore e sh\u00ebndet\u00ebsore t\u00eb tilla si: xhiro vjetore, llojet e taksave p\u00ebr t\u00eb cilat regjistrohet subjekti etj., si dhe atij t\u00eb statistikave si Kodi i Nomenklatur\u00ebs Ekonomike (NVE).<\/p>\n\n\n\n<p>K\u00ebto t\u00eb dh\u00ebna plot\u00ebsohen mbi baz\u00ebn e vet\u00ebdeklarimit n\u00eb seksionin \u201cD\u201d t\u00eb formularit t\u00eb aplikimit. M\u00eb shum\u00eb informacion mbi m\u00ebnyr\u00ebn e plot\u00ebsimit t\u00eb seksionit \u201cD\u201d, do ta gjeni n\u00eb faqen e internetit t\u00eb QKB-s\u00eb <a href=\"http:\/\/www.qkb.gov.al\">www.qkb.gov.al<\/a>, n\u00eb rubrik\u00ebn \u201cRegjistrimi\u201d, duke klikuar n\u00eb linkun \u201cInstruksione p\u00ebr regjistrimin tatimor\u201d.<\/p>\n\n\n\n<p><strong>Necessary time for receiving the service<\/strong><\/p>\n\n\n\n<p>Regjistrimi fillestar i biznesit n\u00eb QKB b\u00ebhet brenda nj\u00eb afati prej 24 or\u00eb nga momenti i aplikimit<\/p>\n\n\n\n<p><strong>Validity period<\/strong><\/p>\n\n\n\n<p>Without deadline<\/p>\n\n\n\n<p><strong>Costs<\/strong><\/p>\n\n\n\n<p>Free of charge<\/p>\n\n\n\n<p><strong>More<\/strong><\/p>\n\n\n\n<p>For any question or uncertainty about the use of the service you can contact at the address <a href=\"mailto:helpdesk@e-albania.al\">helpdesk@e-albania.al<\/a><\/p>\n\n\n\n<p>Shkarko kartel\u00ebn ADISA k\u00ebtu <a href=\"https:\/\/alprofitconsult.al\/wp-content\/uploads\/2021\/05\/kartel_adisa_AL011074.pdf.pdf\">kartel_adisa_AL011074.pdf<\/a><\/p>\n\n\n\n<p>Source: <a href=\"https:\/\/e-albania.al\/eAlbaniaServices\/UseService.aspx?service_code=4930\">e-Albania<\/a>.<\/p>\n\n\n<div class=\"gdlr-core-widget-box-shortcode\" style=\"color: #ffffff ;background-color: #000014 ;\"  ><h3 class=\"gdlr-core-widget-box-shortcode-title\" style=\"color: #ffffff ;\"  >Do you have a question?<\/h3><div class=\"gdlr-core-widget-box-shortcode-content\" ><p class=\"translation-block\">Do not hesitate to <a href=\"https:\/\/alprofitconsult.al\/en\/contact\/\" target=\"_self\">contact<\/a> us. We are a team of experts and will be happy to speak with you.<\/p>\n<\/div><\/div>","protected":false},"excerpt":{"rendered":"<p>N\u00eb k\u00ebt\u00eb video, dhe m\u00eb posht\u00eb, tregohen hapat q\u00eb duhet t\u00eb ndiqen dhe t\u00eb dh\u00ebnat q\u00eb duhet t\u00eb plot\u00ebsohen p\u00ebr t\u00eb regjistruar nj\u00eb person fizik. Tashm\u00eb ky sh\u00ebrbim ofrohet vet\u00ebm n\u00ebp\u00ebrmjet aplikimit online n\u00eb portalin e-Albania. Ky regjistrim nuk mund t\u00eb b\u00ebhet tashm\u00eb n\u00eb sportelet fizike t\u00eb QKB. Link p\u00ebr sh\u00ebrbimin e regjistrimit fillestar: https:\/\/e-albania.al\/eAlbaniaServices\/UseService.aspx?service_code=4930 [&hellip;]<\/p>\n","protected":false},"author":1,"featured_media":17327,"parent":17175,"menu_order":0,"comment_status":"closed","ping_status":"closed","template":"","meta":{"footnotes":""},"class_list":["post-17181","page","type-page","status-publish","has-post-thumbnail","hentry"],"yoast_head":"<!-- This site is optimized with the Yoast SEO plugin v26.5 - https:\/\/yoast.com\/wordpress\/plugins\/seo\/ -->\n<title>Regjistrimi fillestar i personit fizik - AlProfit Consult<\/title>\n<meta name=\"robots\" content=\"index, follow, max-snippet:-1, max-image-preview:large, max-video-preview:-1\" \/>\n<link rel=\"canonical\" href=\"https:\/\/alprofitconsult.al\/en\/business-registration-2\/sole-proprietor\/regjistrimi-fillestar-i-personit-fizik\/\" \/>\n<meta property=\"og:locale\" content=\"en_US\" \/>\n<meta property=\"og:type\" content=\"article\" \/>\n<meta property=\"og:title\" content=\"Regjistrimi fillestar i personit fizik - AlProfit Consult\" \/>\n<meta property=\"og:description\" content=\"N\u00eb k\u00ebt\u00eb video, dhe m\u00eb posht\u00eb, tregohen hapat q\u00eb duhet t\u00eb ndiqen dhe t\u00eb dh\u00ebnat q\u00eb duhet t\u00eb plot\u00ebsohen p\u00ebr t\u00eb regjistruar nj\u00eb person fizik. Tashm\u00eb ky sh\u00ebrbim ofrohet vet\u00ebm n\u00ebp\u00ebrmjet aplikimit online n\u00eb portalin e-Albania. Ky regjistrim nuk mund t\u00eb b\u00ebhet tashm\u00eb n\u00eb sportelet fizike t\u00eb QKB. Link p\u00ebr sh\u00ebrbimin e regjistrimit fillestar: https:\/\/e-albania.al\/eAlbaniaServices\/UseService.aspx?service_code=4930 [&hellip;]\" \/>\n<meta property=\"og:url\" content=\"https:\/\/alprofitconsult.al\/en\/business-registration-2\/sole-proprietor\/regjistrimi-fillestar-i-personit-fizik\/\" \/>\n<meta property=\"og:site_name\" content=\"AlProfit Consult\" \/>\n<meta property=\"article:publisher\" content=\"https:\/\/www.facebook.com\/AlProfitConsult\/\" \/>\n<meta property=\"article:modified_time\" content=\"2022-10-23T19:35:06+00:00\" \/>\n<meta property=\"og:image\" content=\"https:\/\/alprofitconsult.al\/wp-content\/uploads\/2022\/10\/AlProfit-Consult-Regjistrimi-fillestar-i-personit-fizik.jpg\" \/>\n\t<meta property=\"og:image:width\" content=\"1920\" \/>\n\t<meta property=\"og:image:height\" content=\"1280\" \/>\n\t<meta property=\"og:image:type\" content=\"image\/jpeg\" \/>\n<meta name=\"twitter:card\" content=\"summary_large_image\" \/>\n<meta name=\"twitter:site\" content=\"@AlProfitConsult\" \/>\n<meta name=\"twitter:label1\" content=\"Est. reading time\" \/>\n\t<meta name=\"twitter:data1\" content=\"3 minutes\" \/>\n<script type=\"application\/ld+json\" class=\"yoast-schema-graph\">{\"@context\":\"https:\/\/schema.org\",\"@graph\":[{\"@type\":\"WebPage\",\"@id\":\"https:\/\/alprofitconsult.al\/en\/regjistrimi-biznesit\/person-fizik\/regjistrimi-fillestar-i-personit-fizik\/\",\"url\":\"https:\/\/alprofitconsult.al\/en\/regjistrimi-biznesit\/person-fizik\/regjistrimi-fillestar-i-personit-fizik\/\",\"name\":\"Regjistrimi fillestar i personit fizik - AlProfit Consult\",\"isPartOf\":{\"@id\":\"https:\/\/alprofitconsult.al\/#website\"},\"primaryImageOfPage\":{\"@id\":\"https:\/\/alprofitconsult.al\/en\/regjistrimi-biznesit\/person-fizik\/regjistrimi-fillestar-i-personit-fizik\/#primaryimage\"},\"image\":{\"@id\":\"https:\/\/alprofitconsult.al\/en\/regjistrimi-biznesit\/person-fizik\/regjistrimi-fillestar-i-personit-fizik\/#primaryimage\"},\"thumbnailUrl\":\"https:\/\/alprofitconsult.al\/wp-content\/uploads\/2022\/10\/AlProfit-Consult-Regjistrimi-fillestar-i-personit-fizik.jpg\",\"datePublished\":\"2022-10-22T19:56:31+00:00\",\"dateModified\":\"2022-10-23T19:35:06+00:00\",\"breadcrumb\":{\"@id\":\"https:\/\/alprofitconsult.al\/en\/regjistrimi-biznesit\/person-fizik\/regjistrimi-fillestar-i-personit-fizik\/#breadcrumb\"},\"inLanguage\":\"en-US\",\"potentialAction\":[{\"@type\":\"ReadAction\",\"target\":[\"https:\/\/alprofitconsult.al\/en\/regjistrimi-biznesit\/person-fizik\/regjistrimi-fillestar-i-personit-fizik\/\"]}]},{\"@type\":\"ImageObject\",\"inLanguage\":\"en-US\",\"@id\":\"https:\/\/alprofitconsult.al\/en\/regjistrimi-biznesit\/person-fizik\/regjistrimi-fillestar-i-personit-fizik\/#primaryimage\",\"url\":\"https:\/\/alprofitconsult.al\/wp-content\/uploads\/2022\/10\/AlProfit-Consult-Regjistrimi-fillestar-i-personit-fizik.jpg\",\"contentUrl\":\"https:\/\/alprofitconsult.al\/wp-content\/uploads\/2022\/10\/AlProfit-Consult-Regjistrimi-fillestar-i-personit-fizik.jpg\",\"width\":1920,\"height\":1280},{\"@type\":\"BreadcrumbList\",\"@id\":\"https:\/\/alprofitconsult.al\/en\/regjistrimi-biznesit\/person-fizik\/regjistrimi-fillestar-i-personit-fizik\/#breadcrumb\",\"itemListElement\":[{\"@type\":\"ListItem\",\"position\":1,\"name\":\"Kryefaqe\",\"item\":\"https:\/\/alprofitconsult.al\/\"},{\"@type\":\"ListItem\",\"position\":2,\"name\":\"Regjistrimi i biznesit\/OJF\",\"item\":\"https:\/\/alprofitconsult.al\/regjistrimi-biznesit\/\"},{\"@type\":\"ListItem\",\"position\":3,\"name\":\"Person fizik\",\"item\":\"https:\/\/alprofitconsult.al\/regjistrimi-biznesit\/person-fizik\/\"},{\"@type\":\"ListItem\",\"position\":4,\"name\":\"Regjistrimi fillestar i personit fizik\"}]},{\"@type\":\"WebSite\",\"@id\":\"https:\/\/alprofitconsult.al\/#website\",\"url\":\"https:\/\/alprofitconsult.al\/\",\"name\":\"AlProfit Consult\",\"description\":\"Zyr\u00eb Kontabiliteti\",\"publisher\":{\"@id\":\"https:\/\/alprofitconsult.al\/#organization\"},\"potentialAction\":[{\"@type\":\"SearchAction\",\"target\":{\"@type\":\"EntryPoint\",\"urlTemplate\":\"https:\/\/alprofitconsult.al\/?s={search_term_string}\"},\"query-input\":{\"@type\":\"PropertyValueSpecification\",\"valueRequired\":true,\"valueName\":\"search_term_string\"}}],\"inLanguage\":\"en-US\"},{\"@type\":\"Organization\",\"@id\":\"https:\/\/alprofitconsult.al\/#organization\",\"name\":\"Alprofit Consult\",\"url\":\"https:\/\/alprofitconsult.al\/\",\"logo\":{\"@type\":\"ImageObject\",\"inLanguage\":\"en-US\",\"@id\":\"https:\/\/alprofitconsult.al\/#\/schema\/logo\/image\/\",\"url\":\"https:\/\/alprofitconsult.al\/wp-content\/uploads\/2022\/10\/logoalprofit.png\",\"contentUrl\":\"https:\/\/alprofitconsult.al\/wp-content\/uploads\/2022\/10\/logoalprofit.png\",\"width\":529,\"height\":156,\"caption\":\"Alprofit Consult\"},\"image\":{\"@id\":\"https:\/\/alprofitconsult.al\/#\/schema\/logo\/image\/\"},\"sameAs\":[\"https:\/\/www.facebook.com\/AlProfitConsult\/\",\"https:\/\/x.com\/AlProfitConsult\",\"https:\/\/www.linkedin.com\/company\/andi-haxhillari\/\",\"https:\/\/www.pinterest.com\/AlProfitConsult\/\",\"https:\/\/www.youtube.com\/channel\/UCZ5Gfntn161Nla3g1XdRldA\",\"https:\/\/sq.wikipedia.org\/wiki\/P\u00ebrdoruesi:Andi25~sqwiki\"]}]}<\/script>\n<!-- \/ Yoast SEO plugin. -->","yoast_head_json":{"title":"Regjistrimi fillestar i personit fizik - AlProfit Consult","robots":{"index":"index","follow":"follow","max-snippet":"max-snippet:-1","max-image-preview":"max-image-preview:large","max-video-preview":"max-video-preview:-1"},"canonical":"https:\/\/alprofitconsult.al\/en\/business-registration-2\/sole-proprietor\/regjistrimi-fillestar-i-personit-fizik\/","og_locale":"en_US","og_type":"article","og_title":"Regjistrimi fillestar i personit fizik - AlProfit Consult","og_description":"N\u00eb k\u00ebt\u00eb video, dhe m\u00eb posht\u00eb, tregohen hapat q\u00eb duhet t\u00eb ndiqen dhe t\u00eb dh\u00ebnat q\u00eb duhet t\u00eb plot\u00ebsohen p\u00ebr t\u00eb regjistruar nj\u00eb person fizik. Tashm\u00eb ky sh\u00ebrbim ofrohet vet\u00ebm n\u00ebp\u00ebrmjet aplikimit online n\u00eb portalin e-Albania. Ky regjistrim nuk mund t\u00eb b\u00ebhet tashm\u00eb n\u00eb sportelet fizike t\u00eb QKB. Link p\u00ebr sh\u00ebrbimin e regjistrimit fillestar: https:\/\/e-albania.al\/eAlbaniaServices\/UseService.aspx?service_code=4930 [&hellip;]","og_url":"https:\/\/alprofitconsult.al\/en\/business-registration-2\/sole-proprietor\/regjistrimi-fillestar-i-personit-fizik\/","og_site_name":"AlProfit Consult","article_publisher":"https:\/\/www.facebook.com\/AlProfitConsult\/","article_modified_time":"2022-10-23T19:35:06+00:00","og_image":[{"width":1920,"height":1280,"url":"https:\/\/alprofitconsult.al\/wp-content\/uploads\/2022\/10\/AlProfit-Consult-Regjistrimi-fillestar-i-personit-fizik.jpg","type":"image\/jpeg"}],"twitter_card":"summary_large_image","twitter_site":"@AlProfitConsult","twitter_misc":{"Est. reading time":"3 minutes"},"schema":{"@context":"https:\/\/schema.org","@graph":[{"@type":"WebPage","@id":"https:\/\/alprofitconsult.al\/en\/regjistrimi-biznesit\/person-fizik\/regjistrimi-fillestar-i-personit-fizik\/","url":"https:\/\/alprofitconsult.al\/en\/regjistrimi-biznesit\/person-fizik\/regjistrimi-fillestar-i-personit-fizik\/","name":"Regjistrimi fillestar i personit fizik - AlProfit Consult","isPartOf":{"@id":"https:\/\/alprofitconsult.al\/#website"},"primaryImageOfPage":{"@id":"https:\/\/alprofitconsult.al\/en\/regjistrimi-biznesit\/person-fizik\/regjistrimi-fillestar-i-personit-fizik\/#primaryimage"},"image":{"@id":"https:\/\/alprofitconsult.al\/en\/regjistrimi-biznesit\/person-fizik\/regjistrimi-fillestar-i-personit-fizik\/#primaryimage"},"thumbnailUrl":"https:\/\/alprofitconsult.al\/wp-content\/uploads\/2022\/10\/AlProfit-Consult-Regjistrimi-fillestar-i-personit-fizik.jpg","datePublished":"2022-10-22T19:56:31+00:00","dateModified":"2022-10-23T19:35:06+00:00","breadcrumb":{"@id":"https:\/\/alprofitconsult.al\/en\/regjistrimi-biznesit\/person-fizik\/regjistrimi-fillestar-i-personit-fizik\/#breadcrumb"},"inLanguage":"en-US","potentialAction":[{"@type":"ReadAction","target":["https:\/\/alprofitconsult.al\/en\/regjistrimi-biznesit\/person-fizik\/regjistrimi-fillestar-i-personit-fizik\/"]}]},{"@type":"ImageObject","inLanguage":"en-US","@id":"https:\/\/alprofitconsult.al\/en\/regjistrimi-biznesit\/person-fizik\/regjistrimi-fillestar-i-personit-fizik\/#primaryimage","url":"https:\/\/alprofitconsult.al\/wp-content\/uploads\/2022\/10\/AlProfit-Consult-Regjistrimi-fillestar-i-personit-fizik.jpg","contentUrl":"https:\/\/alprofitconsult.al\/wp-content\/uploads\/2022\/10\/AlProfit-Consult-Regjistrimi-fillestar-i-personit-fizik.jpg","width":1920,"height":1280},{"@type":"BreadcrumbList","@id":"https:\/\/alprofitconsult.al\/en\/regjistrimi-biznesit\/person-fizik\/regjistrimi-fillestar-i-personit-fizik\/#breadcrumb","itemListElement":[{"@type":"ListItem","position":1,"name":"Kryefaqe","item":"https:\/\/alprofitconsult.al\/"},{"@type":"ListItem","position":2,"name":"Regjistrimi i biznesit\/OJF","item":"https:\/\/alprofitconsult.al\/regjistrimi-biznesit\/"},{"@type":"ListItem","position":3,"name":"Person fizik","item":"https:\/\/alprofitconsult.al\/regjistrimi-biznesit\/person-fizik\/"},{"@type":"ListItem","position":4,"name":"Regjistrimi fillestar i personit fizik"}]},{"@type":"WebSite","@id":"https:\/\/alprofitconsult.al\/#website","url":"https:\/\/alprofitconsult.al\/","name":"AlProfit Consult","description":"Accounting Office","publisher":{"@id":"https:\/\/alprofitconsult.al\/#organization"},"potentialAction":[{"@type":"SearchAction","target":{"@type":"EntryPoint","urlTemplate":"https:\/\/alprofitconsult.al\/?s={search_term_string}"},"query-input":{"@type":"PropertyValueSpecification","valueRequired":true,"valueName":"search_term_string"}}],"inLanguage":"en-US"},{"@type":"Organization","@id":"https:\/\/alprofitconsult.al\/#organization","name":"Alprofit Consult","url":"https:\/\/alprofitconsult.al\/","logo":{"@type":"ImageObject","inLanguage":"en-US","@id":"https:\/\/alprofitconsult.al\/#\/schema\/logo\/image\/","url":"https:\/\/alprofitconsult.al\/wp-content\/uploads\/2022\/10\/logoalprofit.png","contentUrl":"https:\/\/alprofitconsult.al\/wp-content\/uploads\/2022\/10\/logoalprofit.png","width":529,"height":156,"caption":"Alprofit Consult"},"image":{"@id":"https:\/\/alprofitconsult.al\/#\/schema\/logo\/image\/"},"sameAs":["https:\/\/www.facebook.com\/AlProfitConsult\/","https:\/\/x.com\/AlProfitConsult","https:\/\/www.linkedin.com\/company\/andi-haxhillari\/","https:\/\/www.pinterest.com\/AlProfitConsult\/","https:\/\/www.youtube.com\/channel\/UCZ5Gfntn161Nla3g1XdRldA","https:\/\/sq.wikipedia.org\/wiki\/P\u00ebrdoruesi:Andi25~sqwiki"]}]}},"_links":{"self":[{"href":"https:\/\/alprofitconsult.al\/en\/wp-json\/wp\/v2\/pages\/17181","targetHints":{"allow":["GET"]}}],"collection":[{"href":"https:\/\/alprofitconsult.al\/en\/wp-json\/wp\/v2\/pages"}],"about":[{"href":"https:\/\/alprofitconsult.al\/en\/wp-json\/wp\/v2\/types\/page"}],"author":[{"embeddable":true,"href":"https:\/\/alprofitconsult.al\/en\/wp-json\/wp\/v2\/users\/1"}],"replies":[{"embeddable":true,"href":"https:\/\/alprofitconsult.al\/en\/wp-json\/wp\/v2\/comments?post=17181"}],"version-history":[{"count":4,"href":"https:\/\/alprofitconsult.al\/en\/wp-json\/wp\/v2\/pages\/17181\/revisions"}],"predecessor-version":[{"id":17518,"href":"https:\/\/alprofitconsult.al\/en\/wp-json\/wp\/v2\/pages\/17181\/revisions\/17518"}],"up":[{"embeddable":true,"href":"https:\/\/alprofitconsult.al\/en\/wp-json\/wp\/v2\/pages\/17175"}],"wp:featuredmedia":[{"embeddable":true,"href":"https:\/\/alprofitconsult.al\/en\/wp-json\/wp\/v2\/media\/17327"}],"wp:attachment":[{"href":"https:\/\/alprofitconsult.al\/en\/wp-json\/wp\/v2\/media?parent=17181"}],"curies":[{"name":"wp","href":"https:\/\/api.w.org\/{rel}","templated":true}]}}