{"id":17182,"date":"2022-10-22T19:56:32","date_gmt":"2022-10-22T19:56:32","guid":{"rendered":"https:\/\/alprofitconsult.al\/?page_id=17182"},"modified":"2022-10-23T19:35:27","modified_gmt":"2022-10-23T19:35:27","slug":"ndryshime-te-personit-fizik","status":"publish","type":"page","link":"https:\/\/alprofitconsult.al\/en\/regjistrimi-biznesit\/person-fizik\/ndryshime-te-personit-fizik\/","title":{"rendered":"Ndryshime t\u00eb personit fizik"},"content":{"rendered":"<div class=\"yoast-breadcrumbs\"><span><span><a href=\"https:\/\/alprofitconsult.al\/en\/\">Home<\/a><\/span> | <span><a href=\"https:\/\/alprofitconsult.al\/en\/business-registration-2\/\">Business\/NGO Registration<\/a><\/span> | <span><a href=\"https:\/\/alprofitconsult.al\/en\/business-registration-2\/sole-proprietor\/\">Sole Proprietorship<\/a><\/span> | <span class=\"breadcrumb_last\" aria-current=\"page\">Ndryshime t\u00eb personit fizik<\/span><\/span><\/div>\n\n\n<p><\/p>\n\n\n\n<figure class=\"wp-block-image size-large\"><img loading=\"lazy\" decoding=\"async\" width=\"1024\" height=\"683\" src=\"https:\/\/alprofitconsult.al\/wp-content\/uploads\/2022\/10\/AlProfit-Consult-Ndryshime-te-personit-fizik-1024x683.jpg\" alt=\"\" class=\"wp-image-17330\" srcset=\"https:\/\/alprofitconsult.al\/wp-content\/uploads\/2022\/10\/AlProfit-Consult-Ndryshime-te-personit-fizik-1024x683.jpg 1024w, https:\/\/alprofitconsult.al\/wp-content\/uploads\/2022\/10\/AlProfit-Consult-Ndryshime-te-personit-fizik-300x200.jpg 300w, https:\/\/alprofitconsult.al\/wp-content\/uploads\/2022\/10\/AlProfit-Consult-Ndryshime-te-personit-fizik-150x100.jpg 150w, https:\/\/alprofitconsult.al\/wp-content\/uploads\/2022\/10\/AlProfit-Consult-Ndryshime-te-personit-fizik-768x512.jpg 768w, https:\/\/alprofitconsult.al\/wp-content\/uploads\/2022\/10\/AlProfit-Consult-Ndryshime-te-personit-fizik-1536x1024.jpg 1536w, https:\/\/alprofitconsult.al\/wp-content\/uploads\/2022\/10\/AlProfit-Consult-Ndryshime-te-personit-fizik.jpg 1920w\" sizes=\"auto, (max-width: 1024px) 100vw, 1024px\" \/><\/figure>\n\n\n\n<p>Sh\u00ebrbimi elektronik p\u00ebr ndryshim t\u00eb regjistrimit t\u00eb Personit Fizik u ofrohet subjekteve q\u00eb kan\u00eb nj\u00eb llogari n\u00eb portal. P\u00ebr t\u00eb kryer aplikimin p\u00ebr ndryshim t\u00eb regjistrimit t\u00eb Personit Fizik, subjekti aplikon duke plot\u00ebsuar formularin p\u00ebrkat\u00ebs p\u00ebr ndryshim t\u00eb regjistrimit t\u00eb Personit Fizik. <\/p>\n\n\n\n<p>Mb\u00ebshtetur n\u00eb nenin 43 t\u00eb Ligjit <a href=\"https:\/\/alprofitconsult.al\/wp-content\/uploads\/2022\/10\/Ligji-Nr.-9723-date-03.05.2007-Per-Regjistrimin-e-Biznesit-i-ndryshuar-1.pdf\" target=\"_blank\" rel=\"noreferrer noopener\">Nr.9723, dat\u00eb 03.05.2007<\/a>, &#8220;P\u00ebr Regjistrimin e Biznesit&#8221;, i ndryshuar, \u00e7do subjekt, q\u00eb kryen regjistrimin fillestar, mbart edhe detyrimin t\u00eb regjistroj\u00eb \u00e7do ndryshim n\u00eb t\u00eb dh\u00ebnat e njoftuara dhe n\u00eb dokumentet shoq\u00ebruese, q\u00eb depozitohen n\u00eb regjist\u00ebr, sipas seksionit III t\u00eb k\u00ebtij ligji.<\/p>\n\n\n\n<p><strong>Necessary documentation<\/strong><br><em>Documents that the applicant must upload:<\/em> <\/p>\n\n\n\n<p>Akti i p\u00ebrfaq\u00ebsimit prane noterit n\u00ebse aplikanti nuk \u00ebsht\u00eb personi p\u00ebrgjegj\u00ebs p\u00ebr aplikim<\/p>\n\n\n\n<p><strong>Steps of the procedure<\/strong><\/p>\n\n\n\n<ul class=\"wp-block-list\"><li>Register your business on the portal.<\/li><li>Zgjidhni sh\u00ebrbimin &#8220;Aplikim p\u00ebr ndryshim t\u00eb regjistrimit t\u00eb Personit Fizik\u201d<\/li><li>Click the \u201cUse\u201d button.\u201d<\/li><li>Fill out the electronic form with the necessary information about the subject.<\/li><li>Click the \u201cSend\u201d button on the last page of the form. <\/li><li>The QKB officer processes the incoming request and, depending on the decision made, responds to the applicant by email with the download URL for the electronic response saved in \u201cMy Documents\u201d on e-Albania, or with notification of the reason for refusal.<\/li><\/ul>\n\n\n\n<p><strong>Necessary time for receiving the service<\/strong><br>The QKB, after conducting the relevant verifications under Article 54 of this law and finding that the conditions for registration have been met, shall enter the registration in the register and issue the certificate of completion of other registrations within one day from the date the application is submitted.<\/p>\n\n\n\n<p><strong>Validity period<\/strong><br>Without deadline<\/p>\n\n\n\n<p><strong>Costs<\/strong><br>Free of charge<\/p>\n\n\n\n<p><strong>More<\/strong><br>For any question or uncertainty about the use of the service you can contact at the address&nbsp;<a href=\"mailto:helpdesk@e-albania.al\">helpdesk@e-albania.al<\/a><\/p>\n\n\n\n<p><strong>Shkarko Kartel\u00ebn Adisa<\/strong><\/p>\n\n\n\n<div class=\"wp-block-file\"><a href=\"https:\/\/alprofitconsult.al\/wp-content\/uploads\/2022\/10\/kartel_adisa_AL105022.pdf.pdf\">kartel_adisa_AL105022.pdf<\/a><a href=\"https:\/\/alprofitconsult.al\/wp-content\/uploads\/2022\/10\/kartel_adisa_AL105022.pdf.pdf\" class=\"wp-block-file__button\" download>Download<\/a><\/div>\n\n\n\n<p>Source: <a href=\"https:\/\/e-albania.al\/eAlbaniaServices\/UseService.aspx?service_code=4965\" target=\"_blank\" rel=\"noreferrer noopener\">e-Albania<\/a><\/p>\n\n\n<div class=\"gdlr-core-widget-box-shortcode\" style=\"color: #ffffff ;background-color: #000014 ;\"  ><h3 class=\"gdlr-core-widget-box-shortcode-title\" style=\"color: #ffffff ;\"  >Do you have a question?<\/h3><div class=\"gdlr-core-widget-box-shortcode-content\" ><p class=\"translation-block\">Do not hesitate to <a href=\"https:\/\/alprofitconsult.al\/en\/contact\/\" target=\"_self\">contact<\/a> us. We are a team of experts and will be happy to speak with you.<\/p>\n<\/div><\/div>","protected":false},"excerpt":{"rendered":"<p>Sh\u00ebrbimi elektronik p\u00ebr ndryshim t\u00eb regjistrimit t\u00eb Personit Fizik u ofrohet subjekteve q\u00eb kan\u00eb nj\u00eb llogari n\u00eb portal. P\u00ebr t\u00eb kryer aplikimin p\u00ebr ndryshim t\u00eb regjistrimit t\u00eb Personit Fizik, subjekti aplikon duke plot\u00ebsuar formularin p\u00ebrkat\u00ebs p\u00ebr ndryshim t\u00eb regjistrimit t\u00eb Personit Fizik. Mb\u00ebshtetur n\u00eb nenin 43 t\u00eb Ligjit Nr.9723, dat\u00eb 03.05.2007, &#8220;P\u00ebr Regjistrimin e Biznesit&#8221;, [&hellip;]<\/p>\n","protected":false},"author":1,"featured_media":17330,"parent":17175,"menu_order":0,"comment_status":"closed","ping_status":"closed","template":"","meta":{"footnotes":""},"class_list":["post-17182","page","type-page","status-publish","has-post-thumbnail","hentry"],"yoast_head":"<!-- This site is optimized with the Yoast SEO plugin v26.5 - https:\/\/yoast.com\/wordpress\/plugins\/seo\/ -->\n<title>Ndryshime t\u00eb personit fizik - AlProfit Consult<\/title>\n<meta name=\"robots\" content=\"index, follow, max-snippet:-1, max-image-preview:large, max-video-preview:-1\" \/>\n<link rel=\"canonical\" href=\"https:\/\/alprofitconsult.al\/en\/business-registration-2\/sole-proprietor\/ndryshime-te-personit-fizik\/\" \/>\n<meta property=\"og:locale\" content=\"en_US\" \/>\n<meta property=\"og:type\" content=\"article\" \/>\n<meta property=\"og:title\" content=\"Ndryshime t\u00eb personit fizik - AlProfit Consult\" \/>\n<meta property=\"og:description\" content=\"Sh\u00ebrbimi elektronik p\u00ebr ndryshim t\u00eb regjistrimit t\u00eb Personit Fizik u ofrohet subjekteve q\u00eb kan\u00eb nj\u00eb llogari n\u00eb portal. P\u00ebr t\u00eb kryer aplikimin p\u00ebr ndryshim t\u00eb regjistrimit t\u00eb Personit Fizik, subjekti aplikon duke plot\u00ebsuar formularin p\u00ebrkat\u00ebs p\u00ebr ndryshim t\u00eb regjistrimit t\u00eb Personit Fizik. Mb\u00ebshtetur n\u00eb nenin 43 t\u00eb Ligjit Nr.9723, dat\u00eb 03.05.2007, &#8220;P\u00ebr Regjistrimin e Biznesit&#8221;, [&hellip;]\" \/>\n<meta property=\"og:url\" content=\"https:\/\/alprofitconsult.al\/en\/business-registration-2\/sole-proprietor\/ndryshime-te-personit-fizik\/\" \/>\n<meta property=\"og:site_name\" content=\"AlProfit Consult\" \/>\n<meta property=\"article:publisher\" content=\"https:\/\/www.facebook.com\/AlProfitConsult\/\" \/>\n<meta property=\"article:modified_time\" content=\"2022-10-23T19:35:27+00:00\" \/>\n<meta property=\"og:image\" content=\"https:\/\/alprofitconsult.al\/wp-content\/uploads\/2022\/10\/AlProfit-Consult-Ndryshime-te-personit-fizik.jpg\" \/>\n\t<meta property=\"og:image:width\" content=\"1920\" \/>\n\t<meta property=\"og:image:height\" content=\"1280\" \/>\n\t<meta property=\"og:image:type\" content=\"image\/jpeg\" \/>\n<meta name=\"twitter:card\" content=\"summary_large_image\" \/>\n<meta name=\"twitter:site\" content=\"@AlProfitConsult\" \/>\n<meta name=\"twitter:label1\" content=\"Est. reading time\" \/>\n\t<meta name=\"twitter:data1\" content=\"2 minutes\" \/>\n<script type=\"application\/ld+json\" class=\"yoast-schema-graph\">{\"@context\":\"https:\/\/schema.org\",\"@graph\":[{\"@type\":\"WebPage\",\"@id\":\"https:\/\/alprofitconsult.al\/en\/regjistrimi-biznesit\/person-fizik\/ndryshime-te-personit-fizik\/\",\"url\":\"https:\/\/alprofitconsult.al\/en\/regjistrimi-biznesit\/person-fizik\/ndryshime-te-personit-fizik\/\",\"name\":\"Ndryshime t\u00eb personit fizik - AlProfit Consult\",\"isPartOf\":{\"@id\":\"https:\/\/alprofitconsult.al\/#website\"},\"primaryImageOfPage\":{\"@id\":\"https:\/\/alprofitconsult.al\/en\/regjistrimi-biznesit\/person-fizik\/ndryshime-te-personit-fizik\/#primaryimage\"},\"image\":{\"@id\":\"https:\/\/alprofitconsult.al\/en\/regjistrimi-biznesit\/person-fizik\/ndryshime-te-personit-fizik\/#primaryimage\"},\"thumbnailUrl\":\"https:\/\/alprofitconsult.al\/wp-content\/uploads\/2022\/10\/AlProfit-Consult-Ndryshime-te-personit-fizik.jpg\",\"datePublished\":\"2022-10-22T19:56:32+00:00\",\"dateModified\":\"2022-10-23T19:35:27+00:00\",\"breadcrumb\":{\"@id\":\"https:\/\/alprofitconsult.al\/en\/regjistrimi-biznesit\/person-fizik\/ndryshime-te-personit-fizik\/#breadcrumb\"},\"inLanguage\":\"en-US\",\"potentialAction\":[{\"@type\":\"ReadAction\",\"target\":[\"https:\/\/alprofitconsult.al\/en\/regjistrimi-biznesit\/person-fizik\/ndryshime-te-personit-fizik\/\"]}]},{\"@type\":\"ImageObject\",\"inLanguage\":\"en-US\",\"@id\":\"https:\/\/alprofitconsult.al\/en\/regjistrimi-biznesit\/person-fizik\/ndryshime-te-personit-fizik\/#primaryimage\",\"url\":\"https:\/\/alprofitconsult.al\/wp-content\/uploads\/2022\/10\/AlProfit-Consult-Ndryshime-te-personit-fizik.jpg\",\"contentUrl\":\"https:\/\/alprofitconsult.al\/wp-content\/uploads\/2022\/10\/AlProfit-Consult-Ndryshime-te-personit-fizik.jpg\",\"width\":1920,\"height\":1280},{\"@type\":\"BreadcrumbList\",\"@id\":\"https:\/\/alprofitconsult.al\/en\/regjistrimi-biznesit\/person-fizik\/ndryshime-te-personit-fizik\/#breadcrumb\",\"itemListElement\":[{\"@type\":\"ListItem\",\"position\":1,\"name\":\"Kryefaqe\",\"item\":\"https:\/\/alprofitconsult.al\/\"},{\"@type\":\"ListItem\",\"position\":2,\"name\":\"Regjistrimi i biznesit\/OJF\",\"item\":\"https:\/\/alprofitconsult.al\/regjistrimi-biznesit\/\"},{\"@type\":\"ListItem\",\"position\":3,\"name\":\"Person fizik\",\"item\":\"https:\/\/alprofitconsult.al\/regjistrimi-biznesit\/person-fizik\/\"},{\"@type\":\"ListItem\",\"position\":4,\"name\":\"Ndryshime t\u00eb personit fizik\"}]},{\"@type\":\"WebSite\",\"@id\":\"https:\/\/alprofitconsult.al\/#website\",\"url\":\"https:\/\/alprofitconsult.al\/\",\"name\":\"AlProfit Consult\",\"description\":\"Zyr\u00eb Kontabiliteti\",\"publisher\":{\"@id\":\"https:\/\/alprofitconsult.al\/#organization\"},\"potentialAction\":[{\"@type\":\"SearchAction\",\"target\":{\"@type\":\"EntryPoint\",\"urlTemplate\":\"https:\/\/alprofitconsult.al\/?s={search_term_string}\"},\"query-input\":{\"@type\":\"PropertyValueSpecification\",\"valueRequired\":true,\"valueName\":\"search_term_string\"}}],\"inLanguage\":\"en-US\"},{\"@type\":\"Organization\",\"@id\":\"https:\/\/alprofitconsult.al\/#organization\",\"name\":\"Alprofit Consult\",\"url\":\"https:\/\/alprofitconsult.al\/\",\"logo\":{\"@type\":\"ImageObject\",\"inLanguage\":\"en-US\",\"@id\":\"https:\/\/alprofitconsult.al\/#\/schema\/logo\/image\/\",\"url\":\"https:\/\/alprofitconsult.al\/wp-content\/uploads\/2022\/10\/logoalprofit.png\",\"contentUrl\":\"https:\/\/alprofitconsult.al\/wp-content\/uploads\/2022\/10\/logoalprofit.png\",\"width\":529,\"height\":156,\"caption\":\"Alprofit Consult\"},\"image\":{\"@id\":\"https:\/\/alprofitconsult.al\/#\/schema\/logo\/image\/\"},\"sameAs\":[\"https:\/\/www.facebook.com\/AlProfitConsult\/\",\"https:\/\/x.com\/AlProfitConsult\",\"https:\/\/www.linkedin.com\/company\/andi-haxhillari\/\",\"https:\/\/www.pinterest.com\/AlProfitConsult\/\",\"https:\/\/www.youtube.com\/channel\/UCZ5Gfntn161Nla3g1XdRldA\",\"https:\/\/sq.wikipedia.org\/wiki\/P\u00ebrdoruesi:Andi25~sqwiki\"]}]}<\/script>\n<!-- \/ Yoast SEO plugin. -->","yoast_head_json":{"title":"Ndryshime t\u00eb personit fizik - AlProfit Consult","robots":{"index":"index","follow":"follow","max-snippet":"max-snippet:-1","max-image-preview":"max-image-preview:large","max-video-preview":"max-video-preview:-1"},"canonical":"https:\/\/alprofitconsult.al\/en\/business-registration-2\/sole-proprietor\/ndryshime-te-personit-fizik\/","og_locale":"en_US","og_type":"article","og_title":"Ndryshime t\u00eb personit fizik - AlProfit Consult","og_description":"Sh\u00ebrbimi elektronik p\u00ebr ndryshim t\u00eb regjistrimit t\u00eb Personit Fizik u ofrohet subjekteve q\u00eb kan\u00eb nj\u00eb llogari n\u00eb portal. P\u00ebr t\u00eb kryer aplikimin p\u00ebr ndryshim t\u00eb regjistrimit t\u00eb Personit Fizik, subjekti aplikon duke plot\u00ebsuar formularin p\u00ebrkat\u00ebs p\u00ebr ndryshim t\u00eb regjistrimit t\u00eb Personit Fizik. Mb\u00ebshtetur n\u00eb nenin 43 t\u00eb Ligjit Nr.9723, dat\u00eb 03.05.2007, &#8220;P\u00ebr Regjistrimin e Biznesit&#8221;, [&hellip;]","og_url":"https:\/\/alprofitconsult.al\/en\/business-registration-2\/sole-proprietor\/ndryshime-te-personit-fizik\/","og_site_name":"AlProfit Consult","article_publisher":"https:\/\/www.facebook.com\/AlProfitConsult\/","article_modified_time":"2022-10-23T19:35:27+00:00","og_image":[{"width":1920,"height":1280,"url":"https:\/\/alprofitconsult.al\/wp-content\/uploads\/2022\/10\/AlProfit-Consult-Ndryshime-te-personit-fizik.jpg","type":"image\/jpeg"}],"twitter_card":"summary_large_image","twitter_site":"@AlProfitConsult","twitter_misc":{"Est. reading time":"2 minutes"},"schema":{"@context":"https:\/\/schema.org","@graph":[{"@type":"WebPage","@id":"https:\/\/alprofitconsult.al\/en\/regjistrimi-biznesit\/person-fizik\/ndryshime-te-personit-fizik\/","url":"https:\/\/alprofitconsult.al\/en\/regjistrimi-biznesit\/person-fizik\/ndryshime-te-personit-fizik\/","name":"Ndryshime t\u00eb personit fizik - AlProfit Consult","isPartOf":{"@id":"https:\/\/alprofitconsult.al\/#website"},"primaryImageOfPage":{"@id":"https:\/\/alprofitconsult.al\/en\/regjistrimi-biznesit\/person-fizik\/ndryshime-te-personit-fizik\/#primaryimage"},"image":{"@id":"https:\/\/alprofitconsult.al\/en\/regjistrimi-biznesit\/person-fizik\/ndryshime-te-personit-fizik\/#primaryimage"},"thumbnailUrl":"https:\/\/alprofitconsult.al\/wp-content\/uploads\/2022\/10\/AlProfit-Consult-Ndryshime-te-personit-fizik.jpg","datePublished":"2022-10-22T19:56:32+00:00","dateModified":"2022-10-23T19:35:27+00:00","breadcrumb":{"@id":"https:\/\/alprofitconsult.al\/en\/regjistrimi-biznesit\/person-fizik\/ndryshime-te-personit-fizik\/#breadcrumb"},"inLanguage":"en-US","potentialAction":[{"@type":"ReadAction","target":["https:\/\/alprofitconsult.al\/en\/regjistrimi-biznesit\/person-fizik\/ndryshime-te-personit-fizik\/"]}]},{"@type":"ImageObject","inLanguage":"en-US","@id":"https:\/\/alprofitconsult.al\/en\/regjistrimi-biznesit\/person-fizik\/ndryshime-te-personit-fizik\/#primaryimage","url":"https:\/\/alprofitconsult.al\/wp-content\/uploads\/2022\/10\/AlProfit-Consult-Ndryshime-te-personit-fizik.jpg","contentUrl":"https:\/\/alprofitconsult.al\/wp-content\/uploads\/2022\/10\/AlProfit-Consult-Ndryshime-te-personit-fizik.jpg","width":1920,"height":1280},{"@type":"BreadcrumbList","@id":"https:\/\/alprofitconsult.al\/en\/regjistrimi-biznesit\/person-fizik\/ndryshime-te-personit-fizik\/#breadcrumb","itemListElement":[{"@type":"ListItem","position":1,"name":"Kryefaqe","item":"https:\/\/alprofitconsult.al\/"},{"@type":"ListItem","position":2,"name":"Regjistrimi i biznesit\/OJF","item":"https:\/\/alprofitconsult.al\/regjistrimi-biznesit\/"},{"@type":"ListItem","position":3,"name":"Person fizik","item":"https:\/\/alprofitconsult.al\/regjistrimi-biznesit\/person-fizik\/"},{"@type":"ListItem","position":4,"name":"Ndryshime t\u00eb personit fizik"}]},{"@type":"WebSite","@id":"https:\/\/alprofitconsult.al\/#website","url":"https:\/\/alprofitconsult.al\/","name":"AlProfit Consult","description":"Accounting Office","publisher":{"@id":"https:\/\/alprofitconsult.al\/#organization"},"potentialAction":[{"@type":"SearchAction","target":{"@type":"EntryPoint","urlTemplate":"https:\/\/alprofitconsult.al\/?s={search_term_string}"},"query-input":{"@type":"PropertyValueSpecification","valueRequired":true,"valueName":"search_term_string"}}],"inLanguage":"en-US"},{"@type":"Organization","@id":"https:\/\/alprofitconsult.al\/#organization","name":"Alprofit Consult","url":"https:\/\/alprofitconsult.al\/","logo":{"@type":"ImageObject","inLanguage":"en-US","@id":"https:\/\/alprofitconsult.al\/#\/schema\/logo\/image\/","url":"https:\/\/alprofitconsult.al\/wp-content\/uploads\/2022\/10\/logoalprofit.png","contentUrl":"https:\/\/alprofitconsult.al\/wp-content\/uploads\/2022\/10\/logoalprofit.png","width":529,"height":156,"caption":"Alprofit Consult"},"image":{"@id":"https:\/\/alprofitconsult.al\/#\/schema\/logo\/image\/"},"sameAs":["https:\/\/www.facebook.com\/AlProfitConsult\/","https:\/\/x.com\/AlProfitConsult","https:\/\/www.linkedin.com\/company\/andi-haxhillari\/","https:\/\/www.pinterest.com\/AlProfitConsult\/","https:\/\/www.youtube.com\/channel\/UCZ5Gfntn161Nla3g1XdRldA","https:\/\/sq.wikipedia.org\/wiki\/P\u00ebrdoruesi:Andi25~sqwiki"]}]}},"_links":{"self":[{"href":"https:\/\/alprofitconsult.al\/en\/wp-json\/wp\/v2\/pages\/17182","targetHints":{"allow":["GET"]}}],"collection":[{"href":"https:\/\/alprofitconsult.al\/en\/wp-json\/wp\/v2\/pages"}],"about":[{"href":"https:\/\/alprofitconsult.al\/en\/wp-json\/wp\/v2\/types\/page"}],"author":[{"embeddable":true,"href":"https:\/\/alprofitconsult.al\/en\/wp-json\/wp\/v2\/users\/1"}],"replies":[{"embeddable":true,"href":"https:\/\/alprofitconsult.al\/en\/wp-json\/wp\/v2\/comments?post=17182"}],"version-history":[{"count":5,"href":"https:\/\/alprofitconsult.al\/en\/wp-json\/wp\/v2\/pages\/17182\/revisions"}],"predecessor-version":[{"id":17520,"href":"https:\/\/alprofitconsult.al\/en\/wp-json\/wp\/v2\/pages\/17182\/revisions\/17520"}],"up":[{"embeddable":true,"href":"https:\/\/alprofitconsult.al\/en\/wp-json\/wp\/v2\/pages\/17175"}],"wp:featuredmedia":[{"embeddable":true,"href":"https:\/\/alprofitconsult.al\/en\/wp-json\/wp\/v2\/media\/17330"}],"wp:attachment":[{"href":"https:\/\/alprofitconsult.al\/en\/wp-json\/wp\/v2\/media?parent=17182"}],"curies":[{"name":"wp","href":"https:\/\/api.w.org\/{rel}","templated":true}]}}