{"id":17187,"date":"2022-10-22T19:56:34","date_gmt":"2022-10-22T19:56:34","guid":{"rendered":"https:\/\/alprofitconsult.al\/?page_id=17187"},"modified":"2022-10-23T09:52:30","modified_gmt":"2022-10-23T09:52:30","slug":"regjistrimi-fillestar-shpk","status":"publish","type":"page","link":"https:\/\/alprofitconsult.al\/en\/regjistrimi-biznesit\/shoqeri-me-pergjegjesi-te-kufizuar\/regjistrimi-fillestar-shpk\/","title":{"rendered":"Regjistrimi fillestar i shoq\u00ebris\u00eb me p\u00ebrgjegj\u00ebsi t\u00eb kufizuar"},"content":{"rendered":"<div class=\"yoast-breadcrumbs\"><span><span><a href=\"https:\/\/alprofitconsult.al\/en\/\">Home<\/a><\/span> | <span><a href=\"https:\/\/alprofitconsult.al\/en\/business-registration-2\/\">Business\/NGO Registration<\/a><\/span> | <span><a href=\"https:\/\/alprofitconsult.al\/en\/business-registration-2\/shoqeri-me-pergjegjesi-te-kufizuar\/\">Limited Liability Company (LLC)<\/a><\/span> | <span class=\"breadcrumb_last\" aria-current=\"page\">Regjistrimi fillestar i shoq\u00ebris\u00eb me p\u00ebrgjegj\u00ebsi t\u00eb kufizuar<\/span><\/span><\/div>\n\n\n<figure class=\"wp-block-image size-large\"><img loading=\"lazy\" decoding=\"async\" width=\"1024\" height=\"683\" src=\"https:\/\/alprofitconsult.al\/wp-content\/uploads\/2022\/10\/AlProfit-Consult-Regjistrimi-fillestar-i-shoqerise-me-pergjegjesi-te-kufizuar-1024x683.jpg\" alt=\"\" class=\"wp-image-17382\" srcset=\"https:\/\/alprofitconsult.al\/wp-content\/uploads\/2022\/10\/AlProfit-Consult-Regjistrimi-fillestar-i-shoqerise-me-pergjegjesi-te-kufizuar-1024x683.jpg 1024w, https:\/\/alprofitconsult.al\/wp-content\/uploads\/2022\/10\/AlProfit-Consult-Regjistrimi-fillestar-i-shoqerise-me-pergjegjesi-te-kufizuar-300x200.jpg 300w, https:\/\/alprofitconsult.al\/wp-content\/uploads\/2022\/10\/AlProfit-Consult-Regjistrimi-fillestar-i-shoqerise-me-pergjegjesi-te-kufizuar-150x100.jpg 150w, https:\/\/alprofitconsult.al\/wp-content\/uploads\/2022\/10\/AlProfit-Consult-Regjistrimi-fillestar-i-shoqerise-me-pergjegjesi-te-kufizuar-768x512.jpg 768w, https:\/\/alprofitconsult.al\/wp-content\/uploads\/2022\/10\/AlProfit-Consult-Regjistrimi-fillestar-i-shoqerise-me-pergjegjesi-te-kufizuar-1536x1024.jpg 1536w, https:\/\/alprofitconsult.al\/wp-content\/uploads\/2022\/10\/AlProfit-Consult-Regjistrimi-fillestar-i-shoqerise-me-pergjegjesi-te-kufizuar.jpg 1920w\" sizes=\"auto, (max-width: 1024px) 100vw, 1024px\" \/><\/figure>\n\n\n\n<p>Sh\u00ebrbimi elektronik i regjistrimit fillestar t\u00eb nj\u00eb shoq\u00ebrie kolektive, komandite, me p\u00ebrgjegj\u00ebsi t\u00eb kufizuar, dhe t\u00eb thjeshta, i ofrohet nj\u00eb individi\/qytetari q\u00eb ka krijuar n\u00eb portal llogarin\u00eb e tij si individ. P\u00ebr t\u00eb kryer aplikimin p\u00ebr regjistrim fillestar, individi aplikon duke plot\u00ebsuar formularin p\u00ebrkat\u00ebs p\u00ebr regjistrim fillestar t\u00eb shoq\u00ebris\u00eb. <\/p>\n\n\n\n<p>Mb\u00ebshtetur n\u00eb nenin 22, pika (a) t\u00eb Ligjit 9723, dat\u00eb 03.05.2007 &#8220;<a href=\"https:\/\/alprofitconsult.al\/wp-content\/uploads\/2021\/11\/Ligj-Nr.-9723-Dt.-3.05.2007-_Pe_r-Qendren-Kombetare-te-Regjistrimit_-i-ndryshuar_.pdf\" target=\"_blank\" rel=\"noreferrer noopener\">P\u00ebr Regjistrimin e Biznesit<\/a>&#8220;, i ndryshuar, nj\u00eb nga subjektet q\u00eb detyrohen t\u00eb regjistrohen n\u00eb regjistrin tregtar jan\u00eb personat fizik\u00eb, q\u00eb ushtrojn\u00eb veprimtari ekonomike tregtare.<\/p>\n\n\n\n<figure class=\"wp-block-embed is-type-video is-provider-youtube wp-block-embed-youtube wp-embed-aspect-16-9 wp-has-aspect-ratio\"><div class=\"wp-block-embed__wrapper\">\n<iframe loading=\"lazy\" title=\"Aplikim p\u00ebr regjistrimin fillestar t\u00eb shoq\u00ebrive.\" width=\"1150\" height=\"647\" src=\"https:\/\/www.youtube-nocookie.com\/embed\/ctsl1AXR3tU?feature=oembed\" frameborder=\"0\" allow=\"accelerometer; autoplay; clipboard-write; encrypted-media; gyroscope; picture-in-picture\" allowfullscreen><\/iframe>\n<\/div><\/figure>\n\n\n\n<p><strong>Necessary documentation<\/strong><\/p>\n\n\n\n<p><em>Dokumente q\u00eb duhet t\u00eb ngarkohen nga aplikanti:<\/em> <\/p>\n\n\n\n<ul class=\"wp-block-list\"><li>Statuti dhe Akti i Themelimit t\u00eb shoq\u00ebris\u00eb, n\u00eb rast se jan\u00eb hartuar si 2 dokumente t\u00eb ve\u00e7anta n\u00eb origjinal (afati 30 dit\u00eb nga data e themelimit) <\/li><li>Akti i em\u00ebrimit t\u00eb organeve t\u00eb shoq\u00ebris\u00eb, n\u00ebse nuk p\u00ebrfshihet n\u00eb aktet e tjera <\/li><li>Mandati bankar ose v\u00ebrtetimi i noterit p\u00ebr pages\u00ebn e kapitalit n\u00eb para &#8211; (n\u00ebse kapitali \u00ebsht\u00eb paguar) <\/li><li>Akti i ekspertimit t\u00eb ekspertit vler\u00ebsues t\u00eb licensuar p\u00ebr pages\u00ebn e kapitalit n\u00eb natyr\u00eb<\/li><li>Dokumenti i identifikimit t\u00eb p\u00ebrfaq\u00ebsuesit <\/li><li>Dokumenti i autorizimit t\u00eb p\u00ebrfaq\u00ebsuesit <\/li><li>Deklarata e posacme p\u00ebr njohjen, pranimin dhe zbatimin e dispozitave ligjore n\u00eb fuqi<\/li><\/ul>\n\n\n\n<p><strong>Steps of the procedure<\/strong><\/p>\n\n\n\n<ol class=\"wp-block-list\"><li>Identifikohuni si qytetar n\u00eb portalin e-Albania; <\/li><li>Zgjidhni sh\u00ebrbimin &#8220;Aplikim p\u00ebr regjistrimin fillestar t\u00eb shoq\u00ebrive kolektive, komandite, me p\u00ebrgjegj\u00ebsi t\u00eb kufizuar, dhe t\u00eb thjeshta\u201d <\/li><li>Klikoni butonin &#8220;P\u00ebrdor&#8221; <\/li><li>Plot\u00ebsoni formularin elektronik me t\u00eb dh\u00ebnat e nevojshme mbi form\u00ebn e shoq\u00ebris\u00eb t\u00eb cil\u00ebn do t\u00eb regjistroni <\/li><li>Klikoni butonin \u201cD\u00ebrgo\u201d n\u00eb faqen e fundit t\u00eb formularit <\/li><li>Punonj\u00ebsi i QKB-s\u00eb proceson k\u00ebrkes\u00ebn e ardhur dhe n\u00eb var\u00ebsi t\u00eb vendimit q\u00eb merret i kthen p\u00ebrgjigje aplikuesit <\/li><\/ol>\n\n\n\n<blockquote class=\"wp-block-quote is-layout-flow wp-block-quote-is-layout-flow\"><p><strong>Warning! <\/strong>P\u00ebr d\u00ebrgimin me sukses t\u00eb aplikimit, nevojitet detyrimisht n\u00ebnshkrimi elektronik i formularit t\u00eb plot\u00ebsuar t\u00eb aplikimit. <em>P\u00ebr pajisjen me n\u00ebnshkrim elektronik, aplikoni p\u00ebrmes sh\u00ebrbimit: <\/em><a href=\"https:\/\/e-albania.al\/eAlbaniaServices\/UseService.aspx?service_code=13521\">Aplikim p\u00ebr pajisje me n\u00ebnshkrim elektronik p\u00ebr qytetar\u00ebt\/bizneset<\/a><\/p><\/blockquote>\n\n\n\n<p><strong>Necessary time for receiving the service<\/strong><br>Regjistrimi fillestar i biznesit n\u00eb QKB b\u00ebhet brenda nj\u00eb dite pune nga marrja e aplikimit.<\/p>\n\n\n\n<p><strong>Validity period<\/strong><br>Without deadline<\/p>\n\n\n\n<p><strong>Costs<\/strong><br>Free of charge<\/p>\n\n\n\n<p><strong>More<\/strong><br>For any question or uncertainty about the use of the service you can contact at the address&nbsp;<a href=\"mailto:helpdesk@e-albania.al\">helpdesk@e-albania.al<\/a><\/p>\n\n\n\n<p>Source: <a href=\"https:\/\/e-albania.al\/eAlbaniaServices\/UseService.aspx?service_code=13759\" target=\"_blank\" rel=\"noreferrer noopener\">e-Albania.<\/a><\/p>\n\n\n<div class=\"gdlr-core-widget-box-shortcode\" style=\"color: #ffffff ;background-color: #000014 ;\"  ><h3 class=\"gdlr-core-widget-box-shortcode-title\" style=\"color: #ffffff ;\"  >Do you have a question?<\/h3><div class=\"gdlr-core-widget-box-shortcode-content\" ><p class=\"translation-block\">Do not hesitate to <a href=\"https:\/\/alprofitconsult.al\/en\/contact\/\" target=\"_self\">contact<\/a> us. We are a team of experts and will be happy to speak with you.<\/p>\n<\/div><\/div>","protected":false},"excerpt":{"rendered":"<p>Sh\u00ebrbimi elektronik i regjistrimit fillestar t\u00eb nj\u00eb shoq\u00ebrie kolektive, komandite, me p\u00ebrgjegj\u00ebsi t\u00eb kufizuar, dhe t\u00eb thjeshta, i ofrohet nj\u00eb individi\/qytetari q\u00eb ka krijuar n\u00eb portal llogarin\u00eb e tij si individ. P\u00ebr t\u00eb kryer aplikimin p\u00ebr regjistrim fillestar, individi aplikon duke plot\u00ebsuar formularin p\u00ebrkat\u00ebs p\u00ebr regjistrim fillestar t\u00eb shoq\u00ebris\u00eb. Mb\u00ebshtetur n\u00eb nenin 22, pika (a) [&hellip;]<\/p>\n","protected":false},"author":1,"featured_media":17382,"parent":17185,"menu_order":0,"comment_status":"closed","ping_status":"closed","template":"","meta":{"footnotes":""},"class_list":["post-17187","page","type-page","status-publish","has-post-thumbnail","hentry"],"yoast_head":"<!-- This site is optimized with the Yoast SEO plugin v26.5 - https:\/\/yoast.com\/wordpress\/plugins\/seo\/ -->\n<title>Regjistrimi fillestar i shoq\u00ebris\u00eb me p\u00ebrgjegj\u00ebsi t\u00eb kufizuar - AlProfit Consult<\/title>\n<meta name=\"robots\" content=\"index, follow, max-snippet:-1, max-image-preview:large, max-video-preview:-1\" \/>\n<link rel=\"canonical\" href=\"https:\/\/alprofitconsult.al\/en\/business-registration-2\/shoqeri-me-pergjegjesi-te-kufizuar\/regjistrimi-fillestar-shpk\/\" \/>\n<meta property=\"og:locale\" content=\"en_US\" \/>\n<meta property=\"og:type\" content=\"article\" \/>\n<meta property=\"og:title\" content=\"Regjistrimi fillestar i shoq\u00ebris\u00eb me p\u00ebrgjegj\u00ebsi t\u00eb kufizuar - AlProfit Consult\" \/>\n<meta property=\"og:description\" content=\"Sh\u00ebrbimi elektronik i regjistrimit fillestar t\u00eb nj\u00eb shoq\u00ebrie kolektive, komandite, me p\u00ebrgjegj\u00ebsi t\u00eb kufizuar, dhe t\u00eb thjeshta, i ofrohet nj\u00eb individi\/qytetari q\u00eb ka krijuar n\u00eb portal llogarin\u00eb e tij si individ. P\u00ebr t\u00eb kryer aplikimin p\u00ebr regjistrim fillestar, individi aplikon duke plot\u00ebsuar formularin p\u00ebrkat\u00ebs p\u00ebr regjistrim fillestar t\u00eb shoq\u00ebris\u00eb. Mb\u00ebshtetur n\u00eb nenin 22, pika (a) [&hellip;]\" \/>\n<meta property=\"og:url\" content=\"https:\/\/alprofitconsult.al\/en\/business-registration-2\/shoqeri-me-pergjegjesi-te-kufizuar\/regjistrimi-fillestar-shpk\/\" \/>\n<meta property=\"og:site_name\" content=\"AlProfit Consult\" \/>\n<meta property=\"article:publisher\" content=\"https:\/\/www.facebook.com\/AlProfitConsult\/\" \/>\n<meta property=\"article:modified_time\" content=\"2022-10-23T09:52:30+00:00\" \/>\n<meta property=\"og:image\" content=\"https:\/\/alprofitconsult.al\/wp-content\/uploads\/2022\/10\/AlProfit-Consult-Regjistrimi-fillestar-i-shoqerise-me-pergjegjesi-te-kufizuar.jpg\" \/>\n\t<meta property=\"og:image:width\" content=\"1920\" \/>\n\t<meta property=\"og:image:height\" content=\"1280\" \/>\n\t<meta property=\"og:image:type\" content=\"image\/jpeg\" \/>\n<meta name=\"twitter:card\" content=\"summary_large_image\" \/>\n<meta name=\"twitter:site\" content=\"@AlProfitConsult\" \/>\n<meta name=\"twitter:label1\" content=\"Est. reading time\" \/>\n\t<meta name=\"twitter:data1\" content=\"2 minutes\" \/>\n<script type=\"application\/ld+json\" class=\"yoast-schema-graph\">{\"@context\":\"https:\/\/schema.org\",\"@graph\":[{\"@type\":\"WebPage\",\"@id\":\"https:\/\/alprofitconsult.al\/en\/regjistrimi-biznesit\/shoqeri-me-pergjegjesi-te-kufizuar\/regjistrimi-fillestar-shpk\/\",\"url\":\"https:\/\/alprofitconsult.al\/en\/regjistrimi-biznesit\/shoqeri-me-pergjegjesi-te-kufizuar\/regjistrimi-fillestar-shpk\/\",\"name\":\"Regjistrimi fillestar i shoq\u00ebris\u00eb me p\u00ebrgjegj\u00ebsi t\u00eb kufizuar - AlProfit Consult\",\"isPartOf\":{\"@id\":\"https:\/\/alprofitconsult.al\/#website\"},\"primaryImageOfPage\":{\"@id\":\"https:\/\/alprofitconsult.al\/en\/regjistrimi-biznesit\/shoqeri-me-pergjegjesi-te-kufizuar\/regjistrimi-fillestar-shpk\/#primaryimage\"},\"image\":{\"@id\":\"https:\/\/alprofitconsult.al\/en\/regjistrimi-biznesit\/shoqeri-me-pergjegjesi-te-kufizuar\/regjistrimi-fillestar-shpk\/#primaryimage\"},\"thumbnailUrl\":\"https:\/\/alprofitconsult.al\/wp-content\/uploads\/2022\/10\/AlProfit-Consult-Regjistrimi-fillestar-i-shoqerise-me-pergjegjesi-te-kufizuar.jpg\",\"datePublished\":\"2022-10-22T19:56:34+00:00\",\"dateModified\":\"2022-10-23T09:52:30+00:00\",\"breadcrumb\":{\"@id\":\"https:\/\/alprofitconsult.al\/en\/regjistrimi-biznesit\/shoqeri-me-pergjegjesi-te-kufizuar\/regjistrimi-fillestar-shpk\/#breadcrumb\"},\"inLanguage\":\"en-US\",\"potentialAction\":[{\"@type\":\"ReadAction\",\"target\":[\"https:\/\/alprofitconsult.al\/en\/regjistrimi-biznesit\/shoqeri-me-pergjegjesi-te-kufizuar\/regjistrimi-fillestar-shpk\/\"]}]},{\"@type\":\"ImageObject\",\"inLanguage\":\"en-US\",\"@id\":\"https:\/\/alprofitconsult.al\/en\/regjistrimi-biznesit\/shoqeri-me-pergjegjesi-te-kufizuar\/regjistrimi-fillestar-shpk\/#primaryimage\",\"url\":\"https:\/\/alprofitconsult.al\/wp-content\/uploads\/2022\/10\/AlProfit-Consult-Regjistrimi-fillestar-i-shoqerise-me-pergjegjesi-te-kufizuar.jpg\",\"contentUrl\":\"https:\/\/alprofitconsult.al\/wp-content\/uploads\/2022\/10\/AlProfit-Consult-Regjistrimi-fillestar-i-shoqerise-me-pergjegjesi-te-kufizuar.jpg\",\"width\":1920,\"height\":1280},{\"@type\":\"BreadcrumbList\",\"@id\":\"https:\/\/alprofitconsult.al\/en\/regjistrimi-biznesit\/shoqeri-me-pergjegjesi-te-kufizuar\/regjistrimi-fillestar-shpk\/#breadcrumb\",\"itemListElement\":[{\"@type\":\"ListItem\",\"position\":1,\"name\":\"Kryefaqe\",\"item\":\"https:\/\/alprofitconsult.al\/\"},{\"@type\":\"ListItem\",\"position\":2,\"name\":\"Regjistrimi i biznesit\/OJF\",\"item\":\"https:\/\/alprofitconsult.al\/regjistrimi-biznesit\/\"},{\"@type\":\"ListItem\",\"position\":3,\"name\":\"Shoq\u00ebri me p\u00ebrgjegj\u00ebsi t\u00eb kufizuar\",\"item\":\"https:\/\/alprofitconsult.al\/regjistrimi-biznesit\/shoqeri-me-pergjegjesi-te-kufizuar\/\"},{\"@type\":\"ListItem\",\"position\":4,\"name\":\"Regjistrimi fillestar i shoq\u00ebris\u00eb me p\u00ebrgjegj\u00ebsi t\u00eb kufizuar\"}]},{\"@type\":\"WebSite\",\"@id\":\"https:\/\/alprofitconsult.al\/#website\",\"url\":\"https:\/\/alprofitconsult.al\/\",\"name\":\"AlProfit Consult\",\"description\":\"Zyr\u00eb Kontabiliteti\",\"publisher\":{\"@id\":\"https:\/\/alprofitconsult.al\/#organization\"},\"potentialAction\":[{\"@type\":\"SearchAction\",\"target\":{\"@type\":\"EntryPoint\",\"urlTemplate\":\"https:\/\/alprofitconsult.al\/?s={search_term_string}\"},\"query-input\":{\"@type\":\"PropertyValueSpecification\",\"valueRequired\":true,\"valueName\":\"search_term_string\"}}],\"inLanguage\":\"en-US\"},{\"@type\":\"Organization\",\"@id\":\"https:\/\/alprofitconsult.al\/#organization\",\"name\":\"Alprofit Consult\",\"url\":\"https:\/\/alprofitconsult.al\/\",\"logo\":{\"@type\":\"ImageObject\",\"inLanguage\":\"en-US\",\"@id\":\"https:\/\/alprofitconsult.al\/#\/schema\/logo\/image\/\",\"url\":\"https:\/\/alprofitconsult.al\/wp-content\/uploads\/2022\/10\/logoalprofit.png\",\"contentUrl\":\"https:\/\/alprofitconsult.al\/wp-content\/uploads\/2022\/10\/logoalprofit.png\",\"width\":529,\"height\":156,\"caption\":\"Alprofit Consult\"},\"image\":{\"@id\":\"https:\/\/alprofitconsult.al\/#\/schema\/logo\/image\/\"},\"sameAs\":[\"https:\/\/www.facebook.com\/AlProfitConsult\/\",\"https:\/\/x.com\/AlProfitConsult\",\"https:\/\/www.linkedin.com\/company\/andi-haxhillari\/\",\"https:\/\/www.pinterest.com\/AlProfitConsult\/\",\"https:\/\/www.youtube.com\/channel\/UCZ5Gfntn161Nla3g1XdRldA\",\"https:\/\/sq.wikipedia.org\/wiki\/P\u00ebrdoruesi:Andi25~sqwiki\"]}]}<\/script>\n<!-- \/ Yoast SEO plugin. -->","yoast_head_json":{"title":"Regjistrimi fillestar i shoq\u00ebris\u00eb me p\u00ebrgjegj\u00ebsi t\u00eb kufizuar - AlProfit Consult","robots":{"index":"index","follow":"follow","max-snippet":"max-snippet:-1","max-image-preview":"max-image-preview:large","max-video-preview":"max-video-preview:-1"},"canonical":"https:\/\/alprofitconsult.al\/en\/business-registration-2\/shoqeri-me-pergjegjesi-te-kufizuar\/regjistrimi-fillestar-shpk\/","og_locale":"en_US","og_type":"article","og_title":"Regjistrimi fillestar i shoq\u00ebris\u00eb me p\u00ebrgjegj\u00ebsi t\u00eb kufizuar - AlProfit Consult","og_description":"Sh\u00ebrbimi elektronik i regjistrimit fillestar t\u00eb nj\u00eb shoq\u00ebrie kolektive, komandite, me p\u00ebrgjegj\u00ebsi t\u00eb kufizuar, dhe t\u00eb thjeshta, i ofrohet nj\u00eb individi\/qytetari q\u00eb ka krijuar n\u00eb portal llogarin\u00eb e tij si individ. P\u00ebr t\u00eb kryer aplikimin p\u00ebr regjistrim fillestar, individi aplikon duke plot\u00ebsuar formularin p\u00ebrkat\u00ebs p\u00ebr regjistrim fillestar t\u00eb shoq\u00ebris\u00eb. Mb\u00ebshtetur n\u00eb nenin 22, pika (a) [&hellip;]","og_url":"https:\/\/alprofitconsult.al\/en\/business-registration-2\/shoqeri-me-pergjegjesi-te-kufizuar\/regjistrimi-fillestar-shpk\/","og_site_name":"AlProfit Consult","article_publisher":"https:\/\/www.facebook.com\/AlProfitConsult\/","article_modified_time":"2022-10-23T09:52:30+00:00","og_image":[{"width":1920,"height":1280,"url":"https:\/\/alprofitconsult.al\/wp-content\/uploads\/2022\/10\/AlProfit-Consult-Regjistrimi-fillestar-i-shoqerise-me-pergjegjesi-te-kufizuar.jpg","type":"image\/jpeg"}],"twitter_card":"summary_large_image","twitter_site":"@AlProfitConsult","twitter_misc":{"Est. reading time":"2 minutes"},"schema":{"@context":"https:\/\/schema.org","@graph":[{"@type":"WebPage","@id":"https:\/\/alprofitconsult.al\/en\/regjistrimi-biznesit\/shoqeri-me-pergjegjesi-te-kufizuar\/regjistrimi-fillestar-shpk\/","url":"https:\/\/alprofitconsult.al\/en\/regjistrimi-biznesit\/shoqeri-me-pergjegjesi-te-kufizuar\/regjistrimi-fillestar-shpk\/","name":"Regjistrimi fillestar i shoq\u00ebris\u00eb me p\u00ebrgjegj\u00ebsi t\u00eb kufizuar - AlProfit Consult","isPartOf":{"@id":"https:\/\/alprofitconsult.al\/#website"},"primaryImageOfPage":{"@id":"https:\/\/alprofitconsult.al\/en\/regjistrimi-biznesit\/shoqeri-me-pergjegjesi-te-kufizuar\/regjistrimi-fillestar-shpk\/#primaryimage"},"image":{"@id":"https:\/\/alprofitconsult.al\/en\/regjistrimi-biznesit\/shoqeri-me-pergjegjesi-te-kufizuar\/regjistrimi-fillestar-shpk\/#primaryimage"},"thumbnailUrl":"https:\/\/alprofitconsult.al\/wp-content\/uploads\/2022\/10\/AlProfit-Consult-Regjistrimi-fillestar-i-shoqerise-me-pergjegjesi-te-kufizuar.jpg","datePublished":"2022-10-22T19:56:34+00:00","dateModified":"2022-10-23T09:52:30+00:00","breadcrumb":{"@id":"https:\/\/alprofitconsult.al\/en\/regjistrimi-biznesit\/shoqeri-me-pergjegjesi-te-kufizuar\/regjistrimi-fillestar-shpk\/#breadcrumb"},"inLanguage":"en-US","potentialAction":[{"@type":"ReadAction","target":["https:\/\/alprofitconsult.al\/en\/regjistrimi-biznesit\/shoqeri-me-pergjegjesi-te-kufizuar\/regjistrimi-fillestar-shpk\/"]}]},{"@type":"ImageObject","inLanguage":"en-US","@id":"https:\/\/alprofitconsult.al\/en\/regjistrimi-biznesit\/shoqeri-me-pergjegjesi-te-kufizuar\/regjistrimi-fillestar-shpk\/#primaryimage","url":"https:\/\/alprofitconsult.al\/wp-content\/uploads\/2022\/10\/AlProfit-Consult-Regjistrimi-fillestar-i-shoqerise-me-pergjegjesi-te-kufizuar.jpg","contentUrl":"https:\/\/alprofitconsult.al\/wp-content\/uploads\/2022\/10\/AlProfit-Consult-Regjistrimi-fillestar-i-shoqerise-me-pergjegjesi-te-kufizuar.jpg","width":1920,"height":1280},{"@type":"BreadcrumbList","@id":"https:\/\/alprofitconsult.al\/en\/regjistrimi-biznesit\/shoqeri-me-pergjegjesi-te-kufizuar\/regjistrimi-fillestar-shpk\/#breadcrumb","itemListElement":[{"@type":"ListItem","position":1,"name":"Kryefaqe","item":"https:\/\/alprofitconsult.al\/"},{"@type":"ListItem","position":2,"name":"Regjistrimi i biznesit\/OJF","item":"https:\/\/alprofitconsult.al\/regjistrimi-biznesit\/"},{"@type":"ListItem","position":3,"name":"Shoq\u00ebri me p\u00ebrgjegj\u00ebsi t\u00eb kufizuar","item":"https:\/\/alprofitconsult.al\/regjistrimi-biznesit\/shoqeri-me-pergjegjesi-te-kufizuar\/"},{"@type":"ListItem","position":4,"name":"Regjistrimi fillestar i shoq\u00ebris\u00eb me p\u00ebrgjegj\u00ebsi t\u00eb kufizuar"}]},{"@type":"WebSite","@id":"https:\/\/alprofitconsult.al\/#website","url":"https:\/\/alprofitconsult.al\/","name":"AlProfit Consult","description":"Accounting Office","publisher":{"@id":"https:\/\/alprofitconsult.al\/#organization"},"potentialAction":[{"@type":"SearchAction","target":{"@type":"EntryPoint","urlTemplate":"https:\/\/alprofitconsult.al\/?s={search_term_string}"},"query-input":{"@type":"PropertyValueSpecification","valueRequired":true,"valueName":"search_term_string"}}],"inLanguage":"en-US"},{"@type":"Organization","@id":"https:\/\/alprofitconsult.al\/#organization","name":"Alprofit Consult","url":"https:\/\/alprofitconsult.al\/","logo":{"@type":"ImageObject","inLanguage":"en-US","@id":"https:\/\/alprofitconsult.al\/#\/schema\/logo\/image\/","url":"https:\/\/alprofitconsult.al\/wp-content\/uploads\/2022\/10\/logoalprofit.png","contentUrl":"https:\/\/alprofitconsult.al\/wp-content\/uploads\/2022\/10\/logoalprofit.png","width":529,"height":156,"caption":"Alprofit Consult"},"image":{"@id":"https:\/\/alprofitconsult.al\/#\/schema\/logo\/image\/"},"sameAs":["https:\/\/www.facebook.com\/AlProfitConsult\/","https:\/\/x.com\/AlProfitConsult","https:\/\/www.linkedin.com\/company\/andi-haxhillari\/","https:\/\/www.pinterest.com\/AlProfitConsult\/","https:\/\/www.youtube.com\/channel\/UCZ5Gfntn161Nla3g1XdRldA","https:\/\/sq.wikipedia.org\/wiki\/P\u00ebrdoruesi:Andi25~sqwiki"]}]}},"_links":{"self":[{"href":"https:\/\/alprofitconsult.al\/en\/wp-json\/wp\/v2\/pages\/17187","targetHints":{"allow":["GET"]}}],"collection":[{"href":"https:\/\/alprofitconsult.al\/en\/wp-json\/wp\/v2\/pages"}],"about":[{"href":"https:\/\/alprofitconsult.al\/en\/wp-json\/wp\/v2\/types\/page"}],"author":[{"embeddable":true,"href":"https:\/\/alprofitconsult.al\/en\/wp-json\/wp\/v2\/users\/1"}],"replies":[{"embeddable":true,"href":"https:\/\/alprofitconsult.al\/en\/wp-json\/wp\/v2\/comments?post=17187"}],"version-history":[{"count":4,"href":"https:\/\/alprofitconsult.al\/en\/wp-json\/wp\/v2\/pages\/17187\/revisions"}],"predecessor-version":[{"id":17384,"href":"https:\/\/alprofitconsult.al\/en\/wp-json\/wp\/v2\/pages\/17187\/revisions\/17384"}],"up":[{"embeddable":true,"href":"https:\/\/alprofitconsult.al\/en\/wp-json\/wp\/v2\/pages\/17185"}],"wp:featuredmedia":[{"embeddable":true,"href":"https:\/\/alprofitconsult.al\/en\/wp-json\/wp\/v2\/media\/17382"}],"wp:attachment":[{"href":"https:\/\/alprofitconsult.al\/en\/wp-json\/wp\/v2\/media?parent=17187"}],"curies":[{"name":"wp","href":"https:\/\/api.w.org\/{rel}","templated":true}]}}