{"id":17280,"date":"2022-10-22T19:59:34","date_gmt":"2022-10-22T19:59:34","guid":{"rendered":"https:\/\/alprofitconsult.al\/?page_id=17280"},"modified":"2022-10-23T19:54:33","modified_gmt":"2022-10-23T19:54:33","slug":"registration-ojf","status":"publish","type":"page","link":"https:\/\/alprofitconsult.al\/en\/regjistrimi-biznesit\/organizatat-jofitimprurese\/cregjistrimi-ojf\/","title":{"rendered":"Deregistration <br> of nonprofit organizations"},"content":{"rendered":"<div class=\"yoast-breadcrumbs\"><span><span><a href=\"https:\/\/alprofitconsult.al\/en\/\">Home<\/a><\/span> | <span><a href=\"https:\/\/alprofitconsult.al\/en\/business-registration-2\/\">Business\/NGO Registration<\/a><\/span> | <span><a href=\"https:\/\/alprofitconsult.al\/en\/business-registration-2\/non-profit-organizations\/\">Non-Profit Organizations<\/a><\/span> | <span class=\"breadcrumb_last\" aria-current=\"page\">Deregistration of nonprofit organizations<\/span><\/span><\/div>\n\n\n<p><\/p>\n\n\n\n<figure class=\"wp-block-image size-large\"><img loading=\"lazy\" decoding=\"async\" width=\"1024\" height=\"683\" src=\"https:\/\/alprofitconsult.al\/wp-content\/uploads\/2022\/10\/AlProfit-Consult-Cregjistrimi-organizatave-jofitimprurese-1024x683.jpg\" alt=\"\" class=\"wp-image-17491\" srcset=\"https:\/\/alprofitconsult.al\/wp-content\/uploads\/2022\/10\/AlProfit-Consult-Cregjistrimi-organizatave-jofitimprurese-1024x683.jpg 1024w, https:\/\/alprofitconsult.al\/wp-content\/uploads\/2022\/10\/AlProfit-Consult-Cregjistrimi-organizatave-jofitimprurese-300x200.jpg 300w, https:\/\/alprofitconsult.al\/wp-content\/uploads\/2022\/10\/AlProfit-Consult-Cregjistrimi-organizatave-jofitimprurese-150x100.jpg 150w, https:\/\/alprofitconsult.al\/wp-content\/uploads\/2022\/10\/AlProfit-Consult-Cregjistrimi-organizatave-jofitimprurese-768x512.jpg 768w, https:\/\/alprofitconsult.al\/wp-content\/uploads\/2022\/10\/AlProfit-Consult-Cregjistrimi-organizatave-jofitimprurese-1536x1024.jpg 1536w, https:\/\/alprofitconsult.al\/wp-content\/uploads\/2022\/10\/AlProfit-Consult-Cregjistrimi-organizatave-jofitimprurese.jpg 1920w\" sizes=\"auto, (max-width: 1024px) 100vw, 1024px\" \/><\/figure>\n\n\n\n<h2 class=\"wp-block-heading\">Deregistration of the entity<\/h2>\n\n\n\n<p>Non-profit organizations are deregistered from the electronic register in cases provided for by the law that establishes the rules for the establishment, registration, operation, organization, and activities of non-profit organizations, in cases when the law provides for the dissolution and invalidity of legal entities, as well as in any other case provided for by applicable legislation.<\/p>\n\n\n\n<p>Registration is canceled:<br>a) voluntarily on the initiative of the nonprofit organization itself;<br>b) on the basis of a court decision;<br>c) as provided for by special laws.<\/p>\n\n\n\n<h4 class=\"wp-block-heading\">Voluntary deregistration<\/h4>\n\n\n\n<p>When the distribution is decided by the nonprofit organization itself, the removal from the electronic register of nonprofit organizations is carried out only after the court's decision to dissolve the nonprofit organization has become final.<\/p>\n\n\n\n<h4 class=\"wp-block-heading\">Deregistration by court order<\/h4>\n\n\n\n<p>In cases where the court orders the dissolution of a nonprofit organization, its removal from the electronic register of nonprofit organizations is carried out only after the court's decision has become final.<\/p>\n\n\n\n<h2 class=\"wp-block-heading\">More about deregistration<\/h2>\n\n\n\n<p>The data of deregistered nonprofit organizations are retained in the electronic register with the notation \u201cderegistered,\u201d along with the number and date of the court decision that ordered the deregistration from the register under special laws. These data are maintained by the Tirana District Court in electronic format and are always accessible to the public.<\/p>\n\n\n\n<p>The name of the nonprofit organization is prohibited from use and may not be registered by any other entity for a period of 6 (six) months from the date of dissolution.<\/p>\n\n\n\n<p>The deregistration of nonprofit organizations from the electronic register results in the entities losing their legal personality.<\/p>\n\n\n\n<p>The deregistration from the register of nonprofit organizations of branches of foreign nonprofit organizations that do not acquire legal personality through registration has only declarative effect.<\/p>\n\n\n\n<h2 class=\"wp-block-heading\">Deregistration from the tax register<\/h2>\n\n\n\n<p>To de-register an NPO, the following steps are followed:<\/p>\n\n\n\n<ul class=\"wp-block-list\"><li>The taxpayer applies to the Court to initiate the de-registration procedure.<\/li><li>Upon receiving notification from the court, the Tax Administration verifies the taxpayer's compliance with his legal obligations (declarations and payments). When the taxpayer has the status \u201cApplication for Deletion,\u201d they can generate the final pay slip even in the middle of the tax period through e-filing.<\/li><li>The Tax Administration notifies the Court of the above (confirming or opposing the de-registration).<\/li><\/ul>\n\n\n\n<p>In case of an objection by the Tax Administration, the Court does not proceed with the de-registration of the entity until all outstanding liabilities are settled.<\/p>\n\n\n\n<p>In case of confirmation by the Tax Administration, the Court proceeds with the de-registration of the entity, and its decision is used by the Tax Administration to finalize the de-registration in the Tax System. The date of de-registration in the Tax System is the date specified in the Court Decision.<\/p>\n\n\n<div class=\"gdlr-core-widget-box-shortcode\" style=\"color: #ffffff ;background-color: #000014 ;\"  ><h3 class=\"gdlr-core-widget-box-shortcode-title\" style=\"color: #ffffff ;\"  >Do you have a question?<\/h3><div class=\"gdlr-core-widget-box-shortcode-content\" ><p class=\"translation-block\">Do not hesitate to <a href=\"https:\/\/alprofitconsult.al\/en\/contact\/\" target=\"_self\">contact<\/a> us. We are a team of experts and will be happy to speak with you.<\/p>\n<\/div><\/div>","protected":false},"excerpt":{"rendered":"<p>\u00c7regjistrimi i subjektit Organizatat jofitimprur\u00ebse \u00e7regjistrohen nga regjistri elektronik n\u00eb rastet e parashikuara nga ligji q\u00eb p\u00ebrcakton rregullat p\u00ebr themelimin, regjistrimin, funksionimin, organizimin dhe veprimtarin\u00eb e organizatave jofitimprur\u00ebse, n\u00eb rastet kur ligji parashikon prishjen dhe pavlefshm\u00ebrin\u00eb e personave juridik\u00eb, si dhe n\u00eb \u00e7do rast tjet\u00ebr t\u00eb parashikuar nga legjislacioni n\u00eb fuqi. \u00c7regjistrimi kryhet:a) n\u00eb m\u00ebnyr\u00eb [&hellip;]<\/p>\n","protected":false},"author":1,"featured_media":17491,"parent":17198,"menu_order":0,"comment_status":"closed","ping_status":"closed","template":"","meta":{"footnotes":""},"class_list":["post-17280","page","type-page","status-publish","has-post-thumbnail","hentry"],"yoast_head":"<!-- This site is optimized with the Yoast SEO plugin v26.5 - https:\/\/yoast.com\/wordpress\/plugins\/seo\/ -->\n<title>\u00c7regjistrimi  i organizatave jofitimprur\u00ebse - AlProfit Consult<\/title>\n<meta name=\"robots\" content=\"index, follow, max-snippet:-1, max-image-preview:large, max-video-preview:-1\" \/>\n<link rel=\"canonical\" href=\"https:\/\/alprofitconsult.al\/en\/business-registration-2\/non-profit-organizations\/registration-ojf\/\" \/>\n<meta property=\"og:locale\" content=\"en_US\" \/>\n<meta property=\"og:type\" content=\"article\" \/>\n<meta property=\"og:title\" content=\"\u00c7regjistrimi  i organizatave jofitimprur\u00ebse - AlProfit Consult\" \/>\n<meta property=\"og:description\" content=\"\u00c7regjistrimi i subjektit Organizatat jofitimprur\u00ebse \u00e7regjistrohen nga regjistri elektronik n\u00eb rastet e parashikuara nga ligji q\u00eb p\u00ebrcakton rregullat p\u00ebr themelimin, regjistrimin, funksionimin, organizimin dhe veprimtarin\u00eb e organizatave jofitimprur\u00ebse, n\u00eb rastet kur ligji parashikon prishjen dhe pavlefshm\u00ebrin\u00eb e personave juridik\u00eb, si dhe n\u00eb \u00e7do rast tjet\u00ebr t\u00eb parashikuar nga legjislacioni n\u00eb fuqi. \u00c7regjistrimi kryhet:a) n\u00eb m\u00ebnyr\u00eb [&hellip;]\" \/>\n<meta property=\"og:url\" content=\"https:\/\/alprofitconsult.al\/en\/business-registration-2\/non-profit-organizations\/registration-ojf\/\" \/>\n<meta property=\"og:site_name\" content=\"AlProfit Consult\" \/>\n<meta property=\"article:publisher\" content=\"https:\/\/www.facebook.com\/AlProfitConsult\/\" \/>\n<meta property=\"article:modified_time\" content=\"2022-10-23T19:54:33+00:00\" \/>\n<meta property=\"og:image\" content=\"https:\/\/alprofitconsult.al\/wp-content\/uploads\/2022\/10\/AlProfit-Consult-Cregjistrimi-organizatave-jofitimprurese.jpg\" \/>\n\t<meta property=\"og:image:width\" content=\"1920\" \/>\n\t<meta property=\"og:image:height\" content=\"1280\" \/>\n\t<meta property=\"og:image:type\" content=\"image\/jpeg\" \/>\n<meta name=\"twitter:card\" content=\"summary_large_image\" \/>\n<meta name=\"twitter:site\" content=\"@AlProfitConsult\" \/>\n<meta name=\"twitter:label1\" content=\"Est. reading time\" \/>\n\t<meta name=\"twitter:data1\" content=\"3 minutes\" \/>\n<script type=\"application\/ld+json\" class=\"yoast-schema-graph\">{\"@context\":\"https:\/\/schema.org\",\"@graph\":[{\"@type\":\"WebPage\",\"@id\":\"https:\/\/alprofitconsult.al\/en\/regjistrimi-biznesit\/organizatat-jofitimprurese\/cregjistrimi-ojf\/\",\"url\":\"https:\/\/alprofitconsult.al\/en\/regjistrimi-biznesit\/organizatat-jofitimprurese\/cregjistrimi-ojf\/\",\"name\":\"\u00c7regjistrimi i organizatave jofitimprur\u00ebse - AlProfit Consult\",\"isPartOf\":{\"@id\":\"https:\/\/alprofitconsult.al\/#website\"},\"primaryImageOfPage\":{\"@id\":\"https:\/\/alprofitconsult.al\/en\/regjistrimi-biznesit\/organizatat-jofitimprurese\/cregjistrimi-ojf\/#primaryimage\"},\"image\":{\"@id\":\"https:\/\/alprofitconsult.al\/en\/regjistrimi-biznesit\/organizatat-jofitimprurese\/cregjistrimi-ojf\/#primaryimage\"},\"thumbnailUrl\":\"https:\/\/alprofitconsult.al\/wp-content\/uploads\/2022\/10\/AlProfit-Consult-Cregjistrimi-organizatave-jofitimprurese.jpg\",\"datePublished\":\"2022-10-22T19:59:34+00:00\",\"dateModified\":\"2022-10-23T19:54:33+00:00\",\"breadcrumb\":{\"@id\":\"https:\/\/alprofitconsult.al\/en\/regjistrimi-biznesit\/organizatat-jofitimprurese\/cregjistrimi-ojf\/#breadcrumb\"},\"inLanguage\":\"en-US\",\"potentialAction\":[{\"@type\":\"ReadAction\",\"target\":[\"https:\/\/alprofitconsult.al\/en\/regjistrimi-biznesit\/organizatat-jofitimprurese\/cregjistrimi-ojf\/\"]}]},{\"@type\":\"ImageObject\",\"inLanguage\":\"en-US\",\"@id\":\"https:\/\/alprofitconsult.al\/en\/regjistrimi-biznesit\/organizatat-jofitimprurese\/cregjistrimi-ojf\/#primaryimage\",\"url\":\"https:\/\/alprofitconsult.al\/wp-content\/uploads\/2022\/10\/AlProfit-Consult-Cregjistrimi-organizatave-jofitimprurese.jpg\",\"contentUrl\":\"https:\/\/alprofitconsult.al\/wp-content\/uploads\/2022\/10\/AlProfit-Consult-Cregjistrimi-organizatave-jofitimprurese.jpg\",\"width\":1920,\"height\":1280},{\"@type\":\"BreadcrumbList\",\"@id\":\"https:\/\/alprofitconsult.al\/en\/regjistrimi-biznesit\/organizatat-jofitimprurese\/cregjistrimi-ojf\/#breadcrumb\",\"itemListElement\":[{\"@type\":\"ListItem\",\"position\":1,\"name\":\"Kryefaqe\",\"item\":\"https:\/\/alprofitconsult.al\/\"},{\"@type\":\"ListItem\",\"position\":2,\"name\":\"Regjistrimi i biznesit\/OJF\",\"item\":\"https:\/\/alprofitconsult.al\/regjistrimi-biznesit\/\"},{\"@type\":\"ListItem\",\"position\":3,\"name\":\"Organizatat Jofitimprur\u00ebse\",\"item\":\"https:\/\/alprofitconsult.al\/regjistrimi-biznesit\/organizatat-jofitimprurese\/\"},{\"@type\":\"ListItem\",\"position\":4,\"name\":\"\u00c7regjistrimi i organizatave jofitimprur\u00ebse\"}]},{\"@type\":\"WebSite\",\"@id\":\"https:\/\/alprofitconsult.al\/#website\",\"url\":\"https:\/\/alprofitconsult.al\/\",\"name\":\"AlProfit Consult\",\"description\":\"Zyr\u00eb Kontabiliteti\",\"publisher\":{\"@id\":\"https:\/\/alprofitconsult.al\/#organization\"},\"potentialAction\":[{\"@type\":\"SearchAction\",\"target\":{\"@type\":\"EntryPoint\",\"urlTemplate\":\"https:\/\/alprofitconsult.al\/?s={search_term_string}\"},\"query-input\":{\"@type\":\"PropertyValueSpecification\",\"valueRequired\":true,\"valueName\":\"search_term_string\"}}],\"inLanguage\":\"en-US\"},{\"@type\":\"Organization\",\"@id\":\"https:\/\/alprofitconsult.al\/#organization\",\"name\":\"Alprofit Consult\",\"url\":\"https:\/\/alprofitconsult.al\/\",\"logo\":{\"@type\":\"ImageObject\",\"inLanguage\":\"en-US\",\"@id\":\"https:\/\/alprofitconsult.al\/#\/schema\/logo\/image\/\",\"url\":\"https:\/\/alprofitconsult.al\/wp-content\/uploads\/2022\/10\/logoalprofit.png\",\"contentUrl\":\"https:\/\/alprofitconsult.al\/wp-content\/uploads\/2022\/10\/logoalprofit.png\",\"width\":529,\"height\":156,\"caption\":\"Alprofit Consult\"},\"image\":{\"@id\":\"https:\/\/alprofitconsult.al\/#\/schema\/logo\/image\/\"},\"sameAs\":[\"https:\/\/www.facebook.com\/AlProfitConsult\/\",\"https:\/\/x.com\/AlProfitConsult\",\"https:\/\/www.linkedin.com\/company\/andi-haxhillari\/\",\"https:\/\/www.pinterest.com\/AlProfitConsult\/\",\"https:\/\/www.youtube.com\/channel\/UCZ5Gfntn161Nla3g1XdRldA\",\"https:\/\/sq.wikipedia.org\/wiki\/P\u00ebrdoruesi:Andi25~sqwiki\"]}]}<\/script>\n<!-- \/ Yoast SEO plugin. -->","yoast_head_json":{"title":"Registration of nonprofit organizations - AlProfit Consult","robots":{"index":"index","follow":"follow","max-snippet":"max-snippet:-1","max-image-preview":"max-image-preview:large","max-video-preview":"max-video-preview:-1"},"canonical":"https:\/\/alprofitconsult.al\/en\/business-registration-2\/non-profit-organizations\/registration-ojf\/","og_locale":"en_US","og_type":"article","og_title":"\u00c7regjistrimi  i organizatave jofitimprur\u00ebse - AlProfit Consult","og_description":"\u00c7regjistrimi i subjektit Organizatat jofitimprur\u00ebse \u00e7regjistrohen nga regjistri elektronik n\u00eb rastet e parashikuara nga ligji q\u00eb p\u00ebrcakton rregullat p\u00ebr themelimin, regjistrimin, funksionimin, organizimin dhe veprimtarin\u00eb e organizatave jofitimprur\u00ebse, n\u00eb rastet kur ligji parashikon prishjen dhe pavlefshm\u00ebrin\u00eb e personave juridik\u00eb, si dhe n\u00eb \u00e7do rast tjet\u00ebr t\u00eb parashikuar nga legjislacioni n\u00eb fuqi. \u00c7regjistrimi kryhet:a) n\u00eb m\u00ebnyr\u00eb [&hellip;]","og_url":"https:\/\/alprofitconsult.al\/en\/business-registration-2\/non-profit-organizations\/registration-ojf\/","og_site_name":"AlProfit Consult","article_publisher":"https:\/\/www.facebook.com\/AlProfitConsult\/","article_modified_time":"2022-10-23T19:54:33+00:00","og_image":[{"width":1920,"height":1280,"url":"https:\/\/alprofitconsult.al\/wp-content\/uploads\/2022\/10\/AlProfit-Consult-Cregjistrimi-organizatave-jofitimprurese.jpg","type":"image\/jpeg"}],"twitter_card":"summary_large_image","twitter_site":"@AlProfitConsult","twitter_misc":{"Est. reading time":"3 minutes"},"schema":{"@context":"https:\/\/schema.org","@graph":[{"@type":"WebPage","@id":"https:\/\/alprofitconsult.al\/en\/regjistrimi-biznesit\/organizatat-jofitimprurese\/cregjistrimi-ojf\/","url":"https:\/\/alprofitconsult.al\/en\/regjistrimi-biznesit\/organizatat-jofitimprurese\/cregjistrimi-ojf\/","name":"Deregistration of nonprofit organizations - AlProfit Consult","isPartOf":{"@id":"https:\/\/alprofitconsult.al\/#website"},"primaryImageOfPage":{"@id":"https:\/\/alprofitconsult.al\/en\/regjistrimi-biznesit\/organizatat-jofitimprurese\/cregjistrimi-ojf\/#primaryimage"},"image":{"@id":"https:\/\/alprofitconsult.al\/en\/regjistrimi-biznesit\/organizatat-jofitimprurese\/cregjistrimi-ojf\/#primaryimage"},"thumbnailUrl":"https:\/\/alprofitconsult.al\/wp-content\/uploads\/2022\/10\/AlProfit-Consult-Cregjistrimi-organizatave-jofitimprurese.jpg","datePublished":"2022-10-22T19:59:34+00:00","dateModified":"2022-10-23T19:54:33+00:00","breadcrumb":{"@id":"https:\/\/alprofitconsult.al\/en\/regjistrimi-biznesit\/organizatat-jofitimprurese\/cregjistrimi-ojf\/#breadcrumb"},"inLanguage":"en-US","potentialAction":[{"@type":"ReadAction","target":["https:\/\/alprofitconsult.al\/en\/regjistrimi-biznesit\/organizatat-jofitimprurese\/cregjistrimi-ojf\/"]}]},{"@type":"ImageObject","inLanguage":"en-US","@id":"https:\/\/alprofitconsult.al\/en\/regjistrimi-biznesit\/organizatat-jofitimprurese\/cregjistrimi-ojf\/#primaryimage","url":"https:\/\/alprofitconsult.al\/wp-content\/uploads\/2022\/10\/AlProfit-Consult-Cregjistrimi-organizatave-jofitimprurese.jpg","contentUrl":"https:\/\/alprofitconsult.al\/wp-content\/uploads\/2022\/10\/AlProfit-Consult-Cregjistrimi-organizatave-jofitimprurese.jpg","width":1920,"height":1280},{"@type":"BreadcrumbList","@id":"https:\/\/alprofitconsult.al\/en\/regjistrimi-biznesit\/organizatat-jofitimprurese\/cregjistrimi-ojf\/#breadcrumb","itemListElement":[{"@type":"ListItem","position":1,"name":"Kryefaqe","item":"https:\/\/alprofitconsult.al\/"},{"@type":"ListItem","position":2,"name":"Regjistrimi i biznesit\/OJF","item":"https:\/\/alprofitconsult.al\/regjistrimi-biznesit\/"},{"@type":"ListItem","position":3,"name":"Organizatat Jofitimprur\u00ebse","item":"https:\/\/alprofitconsult.al\/regjistrimi-biznesit\/organizatat-jofitimprurese\/"},{"@type":"ListItem","position":4,"name":"\u00c7regjistrimi i organizatave jofitimprur\u00ebse"}]},{"@type":"WebSite","@id":"https:\/\/alprofitconsult.al\/#website","url":"https:\/\/alprofitconsult.al\/","name":"AlProfit Consult","description":"Accounting Office","publisher":{"@id":"https:\/\/alprofitconsult.al\/#organization"},"potentialAction":[{"@type":"SearchAction","target":{"@type":"EntryPoint","urlTemplate":"https:\/\/alprofitconsult.al\/?s={search_term_string}"},"query-input":{"@type":"PropertyValueSpecification","valueRequired":true,"valueName":"search_term_string"}}],"inLanguage":"en-US"},{"@type":"Organization","@id":"https:\/\/alprofitconsult.al\/#organization","name":"Alprofit Consult","url":"https:\/\/alprofitconsult.al\/","logo":{"@type":"ImageObject","inLanguage":"en-US","@id":"https:\/\/alprofitconsult.al\/#\/schema\/logo\/image\/","url":"https:\/\/alprofitconsult.al\/wp-content\/uploads\/2022\/10\/logoalprofit.png","contentUrl":"https:\/\/alprofitconsult.al\/wp-content\/uploads\/2022\/10\/logoalprofit.png","width":529,"height":156,"caption":"Alprofit Consult"},"image":{"@id":"https:\/\/alprofitconsult.al\/#\/schema\/logo\/image\/"},"sameAs":["https:\/\/www.facebook.com\/AlProfitConsult\/","https:\/\/x.com\/AlProfitConsult","https:\/\/www.linkedin.com\/company\/andi-haxhillari\/","https:\/\/www.pinterest.com\/AlProfitConsult\/","https:\/\/www.youtube.com\/channel\/UCZ5Gfntn161Nla3g1XdRldA","https:\/\/sq.wikipedia.org\/wiki\/P\u00ebrdoruesi:Andi25~sqwiki"]}]}},"_links":{"self":[{"href":"https:\/\/alprofitconsult.al\/en\/wp-json\/wp\/v2\/pages\/17280","targetHints":{"allow":["GET"]}}],"collection":[{"href":"https:\/\/alprofitconsult.al\/en\/wp-json\/wp\/v2\/pages"}],"about":[{"href":"https:\/\/alprofitconsult.al\/en\/wp-json\/wp\/v2\/types\/page"}],"author":[{"embeddable":true,"href":"https:\/\/alprofitconsult.al\/en\/wp-json\/wp\/v2\/users\/1"}],"replies":[{"embeddable":true,"href":"https:\/\/alprofitconsult.al\/en\/wp-json\/wp\/v2\/comments?post=17280"}],"version-history":[{"count":5,"href":"https:\/\/alprofitconsult.al\/en\/wp-json\/wp\/v2\/pages\/17280\/revisions"}],"predecessor-version":[{"id":17540,"href":"https:\/\/alprofitconsult.al\/en\/wp-json\/wp\/v2\/pages\/17280\/revisions\/17540"}],"up":[{"embeddable":true,"href":"https:\/\/alprofitconsult.al\/en\/wp-json\/wp\/v2\/pages\/17198"}],"wp:featuredmedia":[{"embeddable":true,"href":"https:\/\/alprofitconsult.al\/en\/wp-json\/wp\/v2\/media\/17491"}],"wp:attachment":[{"href":"https:\/\/alprofitconsult.al\/en\/wp-json\/wp\/v2\/media?parent=17280"}],"curies":[{"name":"wp","href":"https:\/\/api.w.org\/{rel}","templated":true}]}}