{"id":18408,"date":"2023-12-06T17:26:49","date_gmt":"2023-12-06T17:26:49","guid":{"rendered":"https:\/\/alprofitconsult.al\/?page_id=18408"},"modified":"2024-12-01T13:15:22","modified_gmt":"2024-12-01T13:15:22","slug":"skk-01-improved-general-framework-for-the-preparation-of-financial-statements","status":"publish","type":"page","link":"https:\/\/alprofitconsult.al\/en\/finance-kontabilitet\/standardet-kombetare-te-kontabilitetit\/skk-01-kuadri-i-pergjithshem-per-pergatitjen-e-pasqyrave-financiare-i-permiresuar\/","title":{"rendered":"SKK 01 General framework for preparing financial statements \u2013 revised"},"content":{"rendered":"<div class=\"yoast-breadcrumbs\"><span><span><a href=\"https:\/\/alprofitconsult.al\/en\/\">Home Page<\/a><\/span> | <span><a href=\"https:\/\/alprofitconsult.al\/en\/finance-accounting-2\/\">Finance &amp; Accounting<\/a><\/span> | <span><a href=\"https:\/\/alprofitconsult.al\/en\/finance-accounting-2\/national-accounting-standards\/\">National Accounting Standards<\/a><\/span> | <span class=\"breadcrumb_last\" aria-current=\"page\">SKK 01 General framework for preparing financial statements \u2013 revised<\/span><\/span><\/div>\n\n\n<p><\/p>\n\n\n\n<figure class=\"wp-block-image size-large\"><img loading=\"lazy\" decoding=\"async\" width=\"1024\" height=\"683\" src=\"https:\/\/alprofitconsult.al\/wp-content\/uploads\/2023\/12\/SKK-01-Kuadri-i-pe\u0308rgjithshe\u0308m-pe\u0308r-pe\u0308rgatitjen-e-pasqyrave-financiare-i-pe\u0308rmire\u0308suar-Alprofit-Consult-1024x683.jpg\" alt=\"\" class=\"wp-image-18448\" srcset=\"https:\/\/alprofitconsult.al\/wp-content\/uploads\/2023\/12\/SKK-01-Kuadri-i-pe\u0308rgjithshe\u0308m-pe\u0308r-pe\u0308rgatitjen-e-pasqyrave-financiare-i-pe\u0308rmire\u0308suar-Alprofit-Consult-1024x683.jpg 1024w, https:\/\/alprofitconsult.al\/wp-content\/uploads\/2023\/12\/SKK-01-Kuadri-i-pe\u0308rgjithshe\u0308m-pe\u0308r-pe\u0308rgatitjen-e-pasqyrave-financiare-i-pe\u0308rmire\u0308suar-Alprofit-Consult-300x200.jpg 300w, https:\/\/alprofitconsult.al\/wp-content\/uploads\/2023\/12\/SKK-01-Kuadri-i-pe\u0308rgjithshe\u0308m-pe\u0308r-pe\u0308rgatitjen-e-pasqyrave-financiare-i-pe\u0308rmire\u0308suar-Alprofit-Consult-150x100.jpg 150w, https:\/\/alprofitconsult.al\/wp-content\/uploads\/2023\/12\/SKK-01-Kuadri-i-pe\u0308rgjithshe\u0308m-pe\u0308r-pe\u0308rgatitjen-e-pasqyrave-financiare-i-pe\u0308rmire\u0308suar-Alprofit-Consult-768x512.jpg 768w, https:\/\/alprofitconsult.al\/wp-content\/uploads\/2023\/12\/SKK-01-Kuadri-i-pe\u0308rgjithshe\u0308m-pe\u0308r-pe\u0308rgatitjen-e-pasqyrave-financiare-i-pe\u0308rmire\u0308suar-Alprofit-Consult-1536x1024.jpg 1536w, https:\/\/alprofitconsult.al\/wp-content\/uploads\/2023\/12\/SKK-01-Kuadri-i-pe\u0308rgjithshe\u0308m-pe\u0308r-pe\u0308rgatitjen-e-pasqyrave-financiare-i-pe\u0308rmire\u0308suar-Alprofit-Consult.jpg 1920w\" sizes=\"auto, (max-width: 1024px) 100vw, 1024px\" \/><\/figure>\n\n\n\n<p><\/p>\n\n\n\n<p><\/p>","protected":false},"excerpt":{"rendered":"","protected":false},"author":1,"featured_media":18448,"parent":18481,"menu_order":0,"comment_status":"closed","ping_status":"closed","template":"","meta":{"footnotes":""},"class_list":["post-18408","page","type-page","status-publish","has-post-thumbnail","hentry"],"yoast_head":"<!-- This site is optimized with the Yoast SEO Premium plugin v27.6 (Yoast SEO v27.6) - https:\/\/yoast.com\/product\/yoast-seo-premium-wordpress\/ -->\n<title>SKK 01 Kuadri i p\u00ebrgjithsh\u00ebm p\u00ebr p\u00ebrgatitjen e pasqyrave financiare - i p\u00ebrmir\u00ebsuar - AlProfit Consult<\/title>\n<meta name=\"robots\" content=\"index, follow, max-snippet:-1, max-image-preview:large, max-video-preview:-1\" \/>\n<link rel=\"canonical\" href=\"https:\/\/alprofitconsult.al\/en\/finance-accounting-2\/national-accounting-standards\/skk-01-improved-general-framework-for-the-preparation-of-financial-statements\/\" \/>\n<meta property=\"og:locale\" content=\"en_US\" \/>\n<meta property=\"og:type\" content=\"article\" \/>\n<meta property=\"og:title\" content=\"SKK 01 Kuadri i p\u00ebrgjithsh\u00ebm p\u00ebr p\u00ebrgatitjen e pasqyrave financiare - i p\u00ebrmir\u00ebsuar\" \/>\n<meta property=\"og:url\" content=\"https:\/\/alprofitconsult.al\/en\/finance-accounting-2\/national-accounting-standards\/skk-01-improved-general-framework-for-the-preparation-of-financial-statements\/\" \/>\n<meta property=\"og:site_name\" content=\"AlProfit Consult\" \/>\n<meta property=\"article:publisher\" content=\"https:\/\/www.facebook.com\/AlProfitConsult\/\" \/>\n<meta property=\"article:modified_time\" content=\"2024-12-01T13:15:22+00:00\" \/>\n<meta property=\"og:image\" content=\"https:\/\/alprofitconsult.al\/wp-content\/uploads\/2023\/12\/SKK-01-Kuadri-i-pe\u0308rgjithshe\u0308m-pe\u0308r-pe\u0308rgatitjen-e-pasqyrave-financiare-i-pe\u0308rmire\u0308suar-Alprofit-Consult.jpg\" \/>\n\t<meta property=\"og:image:width\" content=\"1920\" \/>\n\t<meta property=\"og:image:height\" content=\"1280\" \/>\n\t<meta property=\"og:image:type\" content=\"image\/jpeg\" \/>\n<meta name=\"twitter:card\" content=\"summary_large_image\" \/>\n<meta name=\"twitter:site\" content=\"@AlProfitConsult\" \/>\n<meta name=\"twitter:label1\" content=\"Est. reading time\" \/>\n\t<meta name=\"twitter:data1\" content=\"42 minutes\" \/>\n<script type=\"application\/ld+json\" class=\"yoast-schema-graph\">{\"@context\":\"https:\\\/\\\/schema.org\",\"@graph\":[{\"@type\":\"WebPage\",\"@id\":\"https:\\\/\\\/alprofitconsult.al\\\/finance-kontabilitet\\\/standardet-kombetare-te-kontabilitetit\\\/skk-01-kuadri-i-pergjithshem-per-pergatitjen-e-pasqyrave-financiare-i-permiresuar\\\/\",\"url\":\"https:\\\/\\\/alprofitconsult.al\\\/finance-kontabilitet\\\/standardet-kombetare-te-kontabilitetit\\\/skk-01-kuadri-i-pergjithshem-per-pergatitjen-e-pasqyrave-financiare-i-permiresuar\\\/\",\"name\":\"SKK 01 Kuadri i p\u00ebrgjithsh\u00ebm p\u00ebr p\u00ebrgatitjen e pasqyrave financiare - i p\u00ebrmir\u00ebsuar - AlProfit Consult\",\"isPartOf\":{\"@id\":\"https:\\\/\\\/alprofitconsult.al\\\/#website\"},\"primaryImageOfPage\":{\"@id\":\"https:\\\/\\\/alprofitconsult.al\\\/finance-kontabilitet\\\/standardet-kombetare-te-kontabilitetit\\\/skk-01-kuadri-i-pergjithshem-per-pergatitjen-e-pasqyrave-financiare-i-permiresuar\\\/#primaryimage\"},\"image\":{\"@id\":\"https:\\\/\\\/alprofitconsult.al\\\/finance-kontabilitet\\\/standardet-kombetare-te-kontabilitetit\\\/skk-01-kuadri-i-pergjithshem-per-pergatitjen-e-pasqyrave-financiare-i-permiresuar\\\/#primaryimage\"},\"thumbnailUrl\":\"https:\\\/\\\/alprofitconsult.al\\\/wp-content\\\/uploads\\\/2023\\\/12\\\/SKK-01-Kuadri-i-pe\u0308rgjithshe\u0308m-pe\u0308r-pe\u0308rgatitjen-e-pasqyrave-financiare-i-pe\u0308rmire\u0308suar-Alprofit-Consult.jpg\",\"datePublished\":\"2023-12-06T17:26:49+00:00\",\"dateModified\":\"2024-12-01T13:15:22+00:00\",\"breadcrumb\":{\"@id\":\"https:\\\/\\\/alprofitconsult.al\\\/finance-kontabilitet\\\/standardet-kombetare-te-kontabilitetit\\\/skk-01-kuadri-i-pergjithshem-per-pergatitjen-e-pasqyrave-financiare-i-permiresuar\\\/#breadcrumb\"},\"inLanguage\":\"en-US\",\"potentialAction\":[{\"@type\":\"ReadAction\",\"target\":[\"https:\\\/\\\/alprofitconsult.al\\\/finance-kontabilitet\\\/standardet-kombetare-te-kontabilitetit\\\/skk-01-kuadri-i-pergjithshem-per-pergatitjen-e-pasqyrave-financiare-i-permiresuar\\\/\"]}]},{\"@type\":\"ImageObject\",\"inLanguage\":\"en-US\",\"@id\":\"https:\\\/\\\/alprofitconsult.al\\\/finance-kontabilitet\\\/standardet-kombetare-te-kontabilitetit\\\/skk-01-kuadri-i-pergjithshem-per-pergatitjen-e-pasqyrave-financiare-i-permiresuar\\\/#primaryimage\",\"url\":\"https:\\\/\\\/alprofitconsult.al\\\/wp-content\\\/uploads\\\/2023\\\/12\\\/SKK-01-Kuadri-i-pe\u0308rgjithshe\u0308m-pe\u0308r-pe\u0308rgatitjen-e-pasqyrave-financiare-i-pe\u0308rmire\u0308suar-Alprofit-Consult.jpg\",\"contentUrl\":\"https:\\\/\\\/alprofitconsult.al\\\/wp-content\\\/uploads\\\/2023\\\/12\\\/SKK-01-Kuadri-i-pe\u0308rgjithshe\u0308m-pe\u0308r-pe\u0308rgatitjen-e-pasqyrave-financiare-i-pe\u0308rmire\u0308suar-Alprofit-Consult.jpg\",\"width\":1920,\"height\":1280},{\"@type\":\"BreadcrumbList\",\"@id\":\"https:\\\/\\\/alprofitconsult.al\\\/finance-kontabilitet\\\/standardet-kombetare-te-kontabilitetit\\\/skk-01-kuadri-i-pergjithshem-per-pergatitjen-e-pasqyrave-financiare-i-permiresuar\\\/#breadcrumb\",\"itemListElement\":[{\"@type\":\"ListItem\",\"position\":1,\"name\":\"Kryefaqe\",\"item\":\"https:\\\/\\\/alprofitconsult.al\\\/\"},{\"@type\":\"ListItem\",\"position\":2,\"name\":\"Financ\u00eb &#038; Kontabilitet\",\"item\":\"https:\\\/\\\/alprofitconsult.al\\\/finance-kontabilitet\\\/\"},{\"@type\":\"ListItem\",\"position\":3,\"name\":\"Standardet Komb\u00ebtare t\u00eb Kontabilitetit\",\"item\":\"https:\\\/\\\/alprofitconsult.al\\\/finance-kontabilitet\\\/standardet-kombetare-te-kontabilitetit\\\/\"},{\"@type\":\"ListItem\",\"position\":4,\"name\":\"SKK 01 Kuadri i p\u00ebrgjithsh\u00ebm p\u00ebr p\u00ebrgatitjen e pasqyrave financiare &#8211; i p\u00ebrmir\u00ebsuar\"}]},{\"@type\":\"WebSite\",\"@id\":\"https:\\\/\\\/alprofitconsult.al\\\/#website\",\"url\":\"https:\\\/\\\/alprofitconsult.al\\\/\",\"name\":\"AlProfit Consult\",\"description\":\"Zyr\u00eb Kontabiliteti\",\"publisher\":{\"@id\":\"https:\\\/\\\/alprofitconsult.al\\\/#organization\"},\"potentialAction\":[{\"@type\":\"SearchAction\",\"target\":{\"@type\":\"EntryPoint\",\"urlTemplate\":\"https:\\\/\\\/alprofitconsult.al\\\/?s={search_term_string}\"},\"query-input\":{\"@type\":\"PropertyValueSpecification\",\"valueRequired\":true,\"valueName\":\"search_term_string\"}}],\"inLanguage\":\"en-US\"},{\"@type\":[\"Organization\",\"Place\"],\"@id\":\"https:\\\/\\\/alprofitconsult.al\\\/#organization\",\"name\":\"Alprofit Consult\",\"url\":\"https:\\\/\\\/alprofitconsult.al\\\/\",\"logo\":{\"@id\":\"https:\\\/\\\/alprofitconsult.al\\\/finance-kontabilitet\\\/standardet-kombetare-te-kontabilitetit\\\/skk-01-kuadri-i-pergjithshem-per-pergatitjen-e-pasqyrave-financiare-i-permiresuar\\\/#local-main-organization-logo\"},\"image\":{\"@id\":\"https:\\\/\\\/alprofitconsult.al\\\/finance-kontabilitet\\\/standardet-kombetare-te-kontabilitetit\\\/skk-01-kuadri-i-pergjithshem-per-pergatitjen-e-pasqyrave-financiare-i-permiresuar\\\/#local-main-organization-logo\"},\"sameAs\":[\"https:\\\/\\\/www.facebook.com\\\/AlProfitConsult\\\/\",\"https:\\\/\\\/x.com\\\/AlProfitConsult\",\"https:\\\/\\\/www.linkedin.com\\\/company\\\/andi-haxhillari\\\/\",\"https:\\\/\\\/www.pinterest.com\\\/AlProfitConsult\\\/\",\"https:\\\/\\\/www.youtube.com\\\/channel\\\/UCZ5Gfntn161Nla3g1XdRldA\",\"https:\\\/\\\/sq.wikipedia.org\\\/wiki\\\/P\u00ebrdoruesi:Andi25~sqwiki\"],\"telephone\":[],\"openingHoursSpecification\":[{\"@type\":\"OpeningHoursSpecification\",\"dayOfWeek\":[\"Monday\",\"Tuesday\",\"Wednesday\",\"Thursday\",\"Friday\",\"Saturday\",\"Sunday\"],\"opens\":\"09:00\",\"closes\":\"17:00\"}]},{\"@type\":\"ImageObject\",\"inLanguage\":\"en-US\",\"@id\":\"https:\\\/\\\/alprofitconsult.al\\\/finance-kontabilitet\\\/standardet-kombetare-te-kontabilitetit\\\/skk-01-kuadri-i-pergjithshem-per-pergatitjen-e-pasqyrave-financiare-i-permiresuar\\\/#local-main-organization-logo\",\"url\":\"https:\\\/\\\/alprofitconsult.al\\\/wp-content\\\/uploads\\\/2022\\\/10\\\/logoalprofit.png\",\"contentUrl\":\"https:\\\/\\\/alprofitconsult.al\\\/wp-content\\\/uploads\\\/2022\\\/10\\\/logoalprofit.png\",\"width\":529,\"height\":156,\"caption\":\"Alprofit Consult\"}]}<\/script>\n<!-- \/ Yoast SEO Premium plugin. -->","yoast_head_json":{"title":"SKK 01 General framework for preparing financial statements \u2013 improved \u2013 AlProfit Consult","robots":{"index":"index","follow":"follow","max-snippet":"max-snippet:-1","max-image-preview":"max-image-preview:large","max-video-preview":"max-video-preview:-1"},"canonical":"https:\/\/alprofitconsult.al\/en\/finance-accounting-2\/national-accounting-standards\/skk-01-improved-general-framework-for-the-preparation-of-financial-statements\/","og_locale":"en_US","og_type":"article","og_title":"SKK 01 Kuadri i p\u00ebrgjithsh\u00ebm p\u00ebr p\u00ebrgatitjen e pasqyrave financiare - i p\u00ebrmir\u00ebsuar","og_url":"https:\/\/alprofitconsult.al\/en\/finance-accounting-2\/national-accounting-standards\/skk-01-improved-general-framework-for-the-preparation-of-financial-statements\/","og_site_name":"AlProfit Consult","article_publisher":"https:\/\/www.facebook.com\/AlProfitConsult\/","article_modified_time":"2024-12-01T13:15:22+00:00","og_image":[{"width":1920,"height":1280,"url":"https:\/\/alprofitconsult.al\/wp-content\/uploads\/2023\/12\/SKK-01-Kuadri-i-pe\u0308rgjithshe\u0308m-pe\u0308r-pe\u0308rgatitjen-e-pasqyrave-financiare-i-pe\u0308rmire\u0308suar-Alprofit-Consult.jpg","type":"image\/jpeg"}],"twitter_card":"summary_large_image","twitter_site":"@AlProfitConsult","twitter_misc":{"Est. reading time":"42 minutes"},"schema":{"@context":"https:\/\/schema.org","@graph":[{"@type":"WebPage","@id":"https:\/\/alprofitconsult.al\/finance-kontabilitet\/standardet-kombetare-te-kontabilitetit\/skk-01-kuadri-i-pergjithshem-per-pergatitjen-e-pasqyrave-financiare-i-permiresuar\/","url":"https:\/\/alprofitconsult.al\/finance-kontabilitet\/standardet-kombetare-te-kontabilitetit\/skk-01-kuadri-i-pergjithshem-per-pergatitjen-e-pasqyrave-financiare-i-permiresuar\/","name":"SKK 01 General framework for preparing financial statements \u2013 improved \u2013 AlProfit Consult","isPartOf":{"@id":"https:\/\/alprofitconsult.al\/#website"},"primaryImageOfPage":{"@id":"https:\/\/alprofitconsult.al\/finance-kontabilitet\/standardet-kombetare-te-kontabilitetit\/skk-01-kuadri-i-pergjithshem-per-pergatitjen-e-pasqyrave-financiare-i-permiresuar\/#primaryimage"},"image":{"@id":"https:\/\/alprofitconsult.al\/finance-kontabilitet\/standardet-kombetare-te-kontabilitetit\/skk-01-kuadri-i-pergjithshem-per-pergatitjen-e-pasqyrave-financiare-i-permiresuar\/#primaryimage"},"thumbnailUrl":"https:\/\/alprofitconsult.al\/wp-content\/uploads\/2023\/12\/SKK-01-Kuadri-i-pe\u0308rgjithshe\u0308m-pe\u0308r-pe\u0308rgatitjen-e-pasqyrave-financiare-i-pe\u0308rmire\u0308suar-Alprofit-Consult.jpg","datePublished":"2023-12-06T17:26:49+00:00","dateModified":"2024-12-01T13:15:22+00:00","breadcrumb":{"@id":"https:\/\/alprofitconsult.al\/finance-kontabilitet\/standardet-kombetare-te-kontabilitetit\/skk-01-kuadri-i-pergjithshem-per-pergatitjen-e-pasqyrave-financiare-i-permiresuar\/#breadcrumb"},"inLanguage":"en-US","potentialAction":[{"@type":"ReadAction","target":["https:\/\/alprofitconsult.al\/finance-kontabilitet\/standardet-kombetare-te-kontabilitetit\/skk-01-kuadri-i-pergjithshem-per-pergatitjen-e-pasqyrave-financiare-i-permiresuar\/"]}]},{"@type":"ImageObject","inLanguage":"en-US","@id":"https:\/\/alprofitconsult.al\/finance-kontabilitet\/standardet-kombetare-te-kontabilitetit\/skk-01-kuadri-i-pergjithshem-per-pergatitjen-e-pasqyrave-financiare-i-permiresuar\/#primaryimage","url":"https:\/\/alprofitconsult.al\/wp-content\/uploads\/2023\/12\/SKK-01-Kuadri-i-pe\u0308rgjithshe\u0308m-pe\u0308r-pe\u0308rgatitjen-e-pasqyrave-financiare-i-pe\u0308rmire\u0308suar-Alprofit-Consult.jpg","contentUrl":"https:\/\/alprofitconsult.al\/wp-content\/uploads\/2023\/12\/SKK-01-Kuadri-i-pe\u0308rgjithshe\u0308m-pe\u0308r-pe\u0308rgatitjen-e-pasqyrave-financiare-i-pe\u0308rmire\u0308suar-Alprofit-Consult.jpg","width":1920,"height":1280},{"@type":"BreadcrumbList","@id":"https:\/\/alprofitconsult.al\/finance-kontabilitet\/standardet-kombetare-te-kontabilitetit\/skk-01-kuadri-i-pergjithshem-per-pergatitjen-e-pasqyrave-financiare-i-permiresuar\/#breadcrumb","itemListElement":[{"@type":"ListItem","position":1,"name":"Kryefaqe","item":"https:\/\/alprofitconsult.al\/"},{"@type":"ListItem","position":2,"name":"Financ\u00eb &#038; Kontabilitet","item":"https:\/\/alprofitconsult.al\/finance-kontabilitet\/"},{"@type":"ListItem","position":3,"name":"Standardet Komb\u00ebtare t\u00eb Kontabilitetit","item":"https:\/\/alprofitconsult.al\/finance-kontabilitet\/standardet-kombetare-te-kontabilitetit\/"},{"@type":"ListItem","position":4,"name":"SKK 01 Kuadri i p\u00ebrgjithsh\u00ebm p\u00ebr p\u00ebrgatitjen e pasqyrave financiare &#8211; i p\u00ebrmir\u00ebsuar"}]},{"@type":"WebSite","@id":"https:\/\/alprofitconsult.al\/#website","url":"https:\/\/alprofitconsult.al\/","name":"AlProfit Consult","description":"Accounting Office","publisher":{"@id":"https:\/\/alprofitconsult.al\/#organization"},"potentialAction":[{"@type":"SearchAction","target":{"@type":"EntryPoint","urlTemplate":"https:\/\/alprofitconsult.al\/?s={search_term_string}"},"query-input":{"@type":"PropertyValueSpecification","valueRequired":true,"valueName":"search_term_string"}}],"inLanguage":"en-US"},{"@type":["Organization","Place"],"@id":"https:\/\/alprofitconsult.al\/#organization","name":"Alprofit Consult","url":"https:\/\/alprofitconsult.al\/","logo":{"@id":"https:\/\/alprofitconsult.al\/finance-kontabilitet\/standardet-kombetare-te-kontabilitetit\/skk-01-kuadri-i-pergjithshem-per-pergatitjen-e-pasqyrave-financiare-i-permiresuar\/#local-main-organization-logo"},"image":{"@id":"https:\/\/alprofitconsult.al\/finance-kontabilitet\/standardet-kombetare-te-kontabilitetit\/skk-01-kuadri-i-pergjithshem-per-pergatitjen-e-pasqyrave-financiare-i-permiresuar\/#local-main-organization-logo"},"sameAs":["https:\/\/www.facebook.com\/AlProfitConsult\/","https:\/\/x.com\/AlProfitConsult","https:\/\/www.linkedin.com\/company\/andi-haxhillari\/","https:\/\/www.pinterest.com\/AlProfitConsult\/","https:\/\/www.youtube.com\/channel\/UCZ5Gfntn161Nla3g1XdRldA","https:\/\/sq.wikipedia.org\/wiki\/P\u00ebrdoruesi:Andi25~sqwiki"],"telephone":[],"openingHoursSpecification":[{"@type":"OpeningHoursSpecification","dayOfWeek":["Monday","Tuesday","Wednesday","Thursday","Friday","Saturday","Sunday"],"opens":"09:00","closes":"17:00"}]},{"@type":"ImageObject","inLanguage":"en-US","@id":"https:\/\/alprofitconsult.al\/finance-kontabilitet\/standardet-kombetare-te-kontabilitetit\/skk-01-kuadri-i-pergjithshem-per-pergatitjen-e-pasqyrave-financiare-i-permiresuar\/#local-main-organization-logo","url":"https:\/\/alprofitconsult.al\/wp-content\/uploads\/2022\/10\/logoalprofit.png","contentUrl":"https:\/\/alprofitconsult.al\/wp-content\/uploads\/2022\/10\/logoalprofit.png","width":529,"height":156,"caption":"Alprofit Consult"}]}},"_links":{"self":[{"href":"https:\/\/alprofitconsult.al\/en\/wp-json\/wp\/v2\/pages\/18408","targetHints":{"allow":["GET"]}}],"collection":[{"href":"https:\/\/alprofitconsult.al\/en\/wp-json\/wp\/v2\/pages"}],"about":[{"href":"https:\/\/alprofitconsult.al\/en\/wp-json\/wp\/v2\/types\/page"}],"author":[{"embeddable":true,"href":"https:\/\/alprofitconsult.al\/en\/wp-json\/wp\/v2\/users\/1"}],"replies":[{"embeddable":true,"href":"https:\/\/alprofitconsult.al\/en\/wp-json\/wp\/v2\/comments?post=18408"}],"version-history":[{"count":5,"href":"https:\/\/alprofitconsult.al\/en\/wp-json\/wp\/v2\/pages\/18408\/revisions"}],"predecessor-version":[{"id":20063,"href":"https:\/\/alprofitconsult.al\/en\/wp-json\/wp\/v2\/pages\/18408\/revisions\/20063"}],"up":[{"embeddable":true,"href":"https:\/\/alprofitconsult.al\/en\/wp-json\/wp\/v2\/pages\/18481"}],"wp:featuredmedia":[{"embeddable":true,"href":"https:\/\/alprofitconsult.al\/en\/wp-json\/wp\/v2\/media\/18448"}],"wp:attachment":[{"href":"https:\/\/alprofitconsult.al\/en\/wp-json\/wp\/v2\/media?parent=18408"}],"curies":[{"name":"WordPress","href":"https:\/\/api.w.org\/{rel}","templated":true}]}}