{"id":19564,"date":"2024-11-29T20:19:08","date_gmt":"2024-11-29T20:19:08","guid":{"rendered":"https:\/\/alprofitconsult.al\/?page_id=19564"},"modified":"2024-11-30T22:14:57","modified_gmt":"2024-11-30T22:14:57","slug":"residence-of-natural-persons","status":"publish","type":"page","link":"https:\/\/alprofitconsult.al\/en\/tatime\/individe\/te-pergjithshme\/rezidenca-e-personave-fizike\/","title":{"rendered":"Tax Residency for Individuals"},"content":{"rendered":"<div class=\"yoast-breadcrumbs\"><span><span><a href=\"https:\/\/alprofitconsult.al\/en\/\">Home<\/a><\/span> | <span><a href=\"https:\/\/alprofitconsult.al\/en\/tatime\/\">Tax legislation<\/a><\/span> | <span><a href=\"https:\/\/alprofitconsult.al\/en\/tatime\/individe\/\">Individual<\/a><\/span> | <span><a href=\"https:\/\/alprofitconsult.al\/en\/tatime\/individe\/te-pergjithshme\/\">General<\/a><\/span> | <span class=\"breadcrumb_last\" aria-current=\"page\">Tax Residency for Individuals<\/span><\/span><\/div>\n\n\n<p><\/p>\n\n\n\n<figure class=\"wp-block-image size-full\"><img loading=\"lazy\" decoding=\"async\" width=\"1920\" height=\"1280\" src=\"https:\/\/alprofitconsult.al\/wp-content\/uploads\/2024\/11\/AlProfit-Consult-Rezidenca.jpg\" alt=\"\" class=\"wp-image-19735\" srcset=\"https:\/\/alprofitconsult.al\/wp-content\/uploads\/2024\/11\/AlProfit-Consult-Rezidenca.jpg 1920w, https:\/\/alprofitconsult.al\/wp-content\/uploads\/2024\/11\/AlProfit-Consult-Rezidenca-768x512.jpg 768w, https:\/\/alprofitconsult.al\/wp-content\/uploads\/2024\/11\/AlProfit-Consult-Rezidenca-1536x1024.jpg 1536w\" sizes=\"auto, (max-width: 1920px) 100vw, 1920px\" \/><\/figure>\n\n\n\n<h2 class=\"wp-block-heading\">8.1 Determination of tax resident<\/h2>\n\n\n\n<p>Determining whether a natural person (individual, sole proprietor, or self-employed person) is a tax resident in the Republic of Albania is important for calculating their tax obligations on income earned within and outside Albania.<\/p>\n\n\n\n<h2 class=\"wp-block-heading\">8.2 Conditions for being considered an Albanian tax resident<\/h2>\n\n\n\n<p>A natural person is considered an Albanian tax resident if they meet one of the following conditions:<\/p>\n\n\n\n<ul class=\"wp-block-list\">\n<li>They have a permanent residence in Albania for the tax year.<\/li>\n\n\n\n<li>They stay in Albania for more than 183 days in the tax year.<\/li>\n\n\n\n<li>They are a consular or diplomatic official (or similar) appointed abroad by the Albanian state.<\/li>\n\n\n\n<li>They have their centre of vital interests in Albania.<\/li>\n<\/ul>\n\n\n\n<h2 class=\"wp-block-heading\">8.3 Permanent residence definition<\/h2>\n\n\n\n<p>A permanent residence means a dwelling that the individual owns, has rented for at least six months, or has inherited and uses for a long period. If the individual has permanent homes in two or more countries, tax residency is determined by where their centre of vital interests is.<\/p>\n\n\n\n<h2 class=\"wp-block-heading\">8.4 Staying more than 183 days<\/h2>\n\n\n\n<p>A person is tax resident in Albania if they stay in Albania for over 183 days during the tax year, including days of arrival, departure, and holidays.<\/p>\n\n\n\n<h2 class=\"wp-block-heading\">8.5 Consular and diplomatic officials<\/h2>\n\n\n\n<p>Consular or diplomatic officials appointed abroad by the Albanian state are considered Albanian tax residents even if they live outside Albania.<\/p>\n\n\n\n<h2 class=\"wp-block-heading\">8.6 Centre of vital interests<\/h2>\n\n\n\n<p>A person has their centre of vital interests in Albania if they have significant personal and economic connections in Albania \u2014 for example, family, business, or investments.<\/p>\n\n\n\n<h2 class=\"wp-block-heading\">8.7 Use of international conventions<\/h2>\n\n\n\n<p>If tax residency cannot be determined by the above criteria, it is decided according to relevant international treaties or agreements that Albania has signed.<\/p>\n\n\n<div class=\"gdlr-core-widget-box-shortcode\" style=\"color: #ffffff ;background-color: #000014 ;\"  ><h3 class=\"gdlr-core-widget-box-shortcode-title\" style=\"color: #ffffff ;\"  >Do you have a question?<\/h3><div class=\"gdlr-core-widget-box-shortcode-content\" ><p class=\"translation-block\">Do not hesitate to <a href=\"https:\/\/alprofitconsult.al\/en\/contact\/\" target=\"_self\">contact<\/a> us. We are a team of experts and will be happy to speak with you.<\/p>\n<\/div><\/div>","protected":false},"excerpt":{"rendered":"<p>8.1 P\u00ebrcaktimi i rezidentit tatimor P\u00ebrcaktimi n\u00ebse nj\u00eb person fizik (individ, tregtar apo i vet\u00ebpun\u00ebsuar) \u00ebsht\u00eb rezident tatimor n\u00eb Republik\u00ebn e Shqip\u00ebris\u00eb \u00ebsht\u00eb i r\u00ebnd\u00ebsish\u00ebm p\u00ebr t\u00eb llogaritur detyrimet e tij tatimore mbi t\u00eb ardhurat e realizuara brenda dhe jasht\u00eb Shqip\u00ebris\u00eb. 8.2 Kushtet p\u00ebr t&#8217;u konsideruar rezident tatimor shqiptar Nj\u00eb person fizik konsiderohet rezident tatimor [&hellip;]<\/p>\n","protected":false},"author":1,"featured_media":0,"parent":19551,"menu_order":0,"comment_status":"closed","ping_status":"closed","template":"","meta":{"footnotes":""},"class_list":["post-19564","page","type-page","status-publish","hentry"],"yoast_head":"<!-- This site is optimized with the Yoast SEO plugin v26.5 - https:\/\/yoast.com\/wordpress\/plugins\/seo\/ -->\n<title>Rezidenca e Personave Fizik\u00eb - AlProfit Consult<\/title>\n<meta name=\"robots\" content=\"index, follow, max-snippet:-1, max-image-preview:large, max-video-preview:-1\" \/>\n<link rel=\"canonical\" href=\"https:\/\/alprofitconsult.al\/en\/taxes\/divide\/general\/residence-of-natural-persons\/\" \/>\n<meta property=\"og:locale\" content=\"en_US\" \/>\n<meta property=\"og:type\" content=\"article\" \/>\n<meta property=\"og:title\" content=\"Rezidenca e Personave Fizik\u00eb - AlProfit Consult\" \/>\n<meta property=\"og:description\" content=\"8.1 P\u00ebrcaktimi i rezidentit tatimor P\u00ebrcaktimi n\u00ebse nj\u00eb person fizik (individ, tregtar apo i vet\u00ebpun\u00ebsuar) \u00ebsht\u00eb rezident tatimor n\u00eb Republik\u00ebn e Shqip\u00ebris\u00eb \u00ebsht\u00eb i r\u00ebnd\u00ebsish\u00ebm p\u00ebr t\u00eb llogaritur detyrimet e tij tatimore mbi t\u00eb ardhurat e realizuara brenda dhe jasht\u00eb Shqip\u00ebris\u00eb. 8.2 Kushtet p\u00ebr t&#8217;u konsideruar rezident tatimor shqiptar Nj\u00eb person fizik konsiderohet rezident tatimor [&hellip;]\" \/>\n<meta property=\"og:url\" content=\"https:\/\/alprofitconsult.al\/en\/taxes\/divide\/general\/residence-of-natural-persons\/\" \/>\n<meta property=\"og:site_name\" content=\"AlProfit Consult\" \/>\n<meta property=\"article:publisher\" content=\"https:\/\/www.facebook.com\/AlProfitConsult\/\" \/>\n<meta property=\"article:modified_time\" content=\"2024-11-30T22:14:57+00:00\" \/>\n<meta property=\"og:image\" content=\"https:\/\/alprofitconsult.al\/wp-content\/uploads\/2024\/11\/AlProfit-Consult-Rezidenca.jpg\" \/>\n<meta name=\"twitter:card\" content=\"summary_large_image\" \/>\n<meta name=\"twitter:site\" content=\"@AlProfitConsult\" \/>\n<meta name=\"twitter:label1\" content=\"Est. reading time\" \/>\n\t<meta name=\"twitter:data1\" content=\"2 minutes\" \/>\n<script type=\"application\/ld+json\" class=\"yoast-schema-graph\">{\"@context\":\"https:\/\/schema.org\",\"@graph\":[{\"@type\":\"WebPage\",\"@id\":\"https:\/\/alprofitconsult.al\/en\/tatime\/individe\/te-pergjithshme\/rezidenca-e-personave-fizike\/\",\"url\":\"https:\/\/alprofitconsult.al\/en\/tatime\/individe\/te-pergjithshme\/rezidenca-e-personave-fizike\/\",\"name\":\"Rezidenca e Personave Fizik\u00eb - AlProfit Consult\",\"isPartOf\":{\"@id\":\"https:\/\/alprofitconsult.al\/#website\"},\"primaryImageOfPage\":{\"@id\":\"https:\/\/alprofitconsult.al\/en\/tatime\/individe\/te-pergjithshme\/rezidenca-e-personave-fizike\/#primaryimage\"},\"image\":{\"@id\":\"https:\/\/alprofitconsult.al\/en\/tatime\/individe\/te-pergjithshme\/rezidenca-e-personave-fizike\/#primaryimage\"},\"thumbnailUrl\":\"https:\/\/alprofitconsult.al\/wp-content\/uploads\/2024\/11\/AlProfit-Consult-Rezidenca.jpg\",\"datePublished\":\"2024-11-29T20:19:08+00:00\",\"dateModified\":\"2024-11-30T22:14:57+00:00\",\"breadcrumb\":{\"@id\":\"https:\/\/alprofitconsult.al\/en\/tatime\/individe\/te-pergjithshme\/rezidenca-e-personave-fizike\/#breadcrumb\"},\"inLanguage\":\"en-US\",\"potentialAction\":[{\"@type\":\"ReadAction\",\"target\":[\"https:\/\/alprofitconsult.al\/en\/tatime\/individe\/te-pergjithshme\/rezidenca-e-personave-fizike\/\"]}]},{\"@type\":\"ImageObject\",\"inLanguage\":\"en-US\",\"@id\":\"https:\/\/alprofitconsult.al\/en\/tatime\/individe\/te-pergjithshme\/rezidenca-e-personave-fizike\/#primaryimage\",\"url\":\"https:\/\/alprofitconsult.al\/wp-content\/uploads\/2024\/11\/AlProfit-Consult-Rezidenca.jpg\",\"contentUrl\":\"https:\/\/alprofitconsult.al\/wp-content\/uploads\/2024\/11\/AlProfit-Consult-Rezidenca.jpg\"},{\"@type\":\"BreadcrumbList\",\"@id\":\"https:\/\/alprofitconsult.al\/en\/tatime\/individe\/te-pergjithshme\/rezidenca-e-personave-fizike\/#breadcrumb\",\"itemListElement\":[{\"@type\":\"ListItem\",\"position\":1,\"name\":\"Kryefaqe\",\"item\":\"https:\/\/alprofitconsult.al\/\"},{\"@type\":\"ListItem\",\"position\":2,\"name\":\"Legjislacioni tatimor\",\"item\":\"https:\/\/alprofitconsult.al\/en\/tatime\/\"},{\"@type\":\"ListItem\",\"position\":3,\"name\":\"Individe\",\"item\":\"https:\/\/alprofitconsult.al\/en\/tatime\/individe\/\"},{\"@type\":\"ListItem\",\"position\":4,\"name\":\"T\u00eb p\u00ebrgjithshme\",\"item\":\"https:\/\/alprofitconsult.al\/en\/tatime\/individe\/te-pergjithshme\/\"},{\"@type\":\"ListItem\",\"position\":5,\"name\":\"Rezidenca e Personave Fizik\u00eb\"}]},{\"@type\":\"WebSite\",\"@id\":\"https:\/\/alprofitconsult.al\/#website\",\"url\":\"https:\/\/alprofitconsult.al\/\",\"name\":\"AlProfit Consult\",\"description\":\"Zyr\u00eb Kontabiliteti\",\"publisher\":{\"@id\":\"https:\/\/alprofitconsult.al\/#organization\"},\"potentialAction\":[{\"@type\":\"SearchAction\",\"target\":{\"@type\":\"EntryPoint\",\"urlTemplate\":\"https:\/\/alprofitconsult.al\/?s={search_term_string}\"},\"query-input\":{\"@type\":\"PropertyValueSpecification\",\"valueRequired\":true,\"valueName\":\"search_term_string\"}}],\"inLanguage\":\"en-US\"},{\"@type\":\"Organization\",\"@id\":\"https:\/\/alprofitconsult.al\/#organization\",\"name\":\"Alprofit Consult\",\"url\":\"https:\/\/alprofitconsult.al\/\",\"logo\":{\"@type\":\"ImageObject\",\"inLanguage\":\"en-US\",\"@id\":\"https:\/\/alprofitconsult.al\/#\/schema\/logo\/image\/\",\"url\":\"https:\/\/alprofitconsult.al\/wp-content\/uploads\/2022\/10\/logoalprofit.png\",\"contentUrl\":\"https:\/\/alprofitconsult.al\/wp-content\/uploads\/2022\/10\/logoalprofit.png\",\"width\":529,\"height\":156,\"caption\":\"Alprofit Consult\"},\"image\":{\"@id\":\"https:\/\/alprofitconsult.al\/#\/schema\/logo\/image\/\"},\"sameAs\":[\"https:\/\/www.facebook.com\/AlProfitConsult\/\",\"https:\/\/x.com\/AlProfitConsult\",\"https:\/\/www.linkedin.com\/company\/andi-haxhillari\/\",\"https:\/\/www.pinterest.com\/AlProfitConsult\/\",\"https:\/\/www.youtube.com\/channel\/UCZ5Gfntn161Nla3g1XdRldA\",\"https:\/\/sq.wikipedia.org\/wiki\/P\u00ebrdoruesi:Andi25~sqwiki\"]}]}<\/script>\n<!-- \/ Yoast SEO plugin. -->","yoast_head_json":{"title":"Residency of Natural Persons - AlProfit Consult","robots":{"index":"index","follow":"follow","max-snippet":"max-snippet:-1","max-image-preview":"max-image-preview:large","max-video-preview":"max-video-preview:-1"},"canonical":"https:\/\/alprofitconsult.al\/en\/taxes\/divide\/general\/residence-of-natural-persons\/","og_locale":"en_US","og_type":"article","og_title":"Rezidenca e Personave Fizik\u00eb - AlProfit Consult","og_description":"8.1 P\u00ebrcaktimi i rezidentit tatimor P\u00ebrcaktimi n\u00ebse nj\u00eb person fizik (individ, tregtar apo i vet\u00ebpun\u00ebsuar) \u00ebsht\u00eb rezident tatimor n\u00eb Republik\u00ebn e Shqip\u00ebris\u00eb \u00ebsht\u00eb i r\u00ebnd\u00ebsish\u00ebm p\u00ebr t\u00eb llogaritur detyrimet e tij tatimore mbi t\u00eb ardhurat e realizuara brenda dhe jasht\u00eb Shqip\u00ebris\u00eb. 8.2 Kushtet p\u00ebr t&#8217;u konsideruar rezident tatimor shqiptar Nj\u00eb person fizik konsiderohet rezident tatimor [&hellip;]","og_url":"https:\/\/alprofitconsult.al\/en\/taxes\/divide\/general\/residence-of-natural-persons\/","og_site_name":"AlProfit Consult","article_publisher":"https:\/\/www.facebook.com\/AlProfitConsult\/","article_modified_time":"2024-11-30T22:14:57+00:00","og_image":[{"url":"https:\/\/alprofitconsult.al\/wp-content\/uploads\/2024\/11\/AlProfit-Consult-Rezidenca.jpg","type":"","width":"","height":""}],"twitter_card":"summary_large_image","twitter_site":"@AlProfitConsult","twitter_misc":{"Est. reading time":"2 minutes"},"schema":{"@context":"https:\/\/schema.org","@graph":[{"@type":"WebPage","@id":"https:\/\/alprofitconsult.al\/en\/tatime\/individe\/te-pergjithshme\/rezidenca-e-personave-fizike\/","url":"https:\/\/alprofitconsult.al\/en\/tatime\/individe\/te-pergjithshme\/rezidenca-e-personave-fizike\/","name":"Residency of Natural Persons - AlProfit Consult","isPartOf":{"@id":"https:\/\/alprofitconsult.al\/#website"},"primaryImageOfPage":{"@id":"https:\/\/alprofitconsult.al\/en\/tatime\/individe\/te-pergjithshme\/rezidenca-e-personave-fizike\/#primaryimage"},"image":{"@id":"https:\/\/alprofitconsult.al\/en\/tatime\/individe\/te-pergjithshme\/rezidenca-e-personave-fizike\/#primaryimage"},"thumbnailUrl":"https:\/\/alprofitconsult.al\/wp-content\/uploads\/2024\/11\/AlProfit-Consult-Rezidenca.jpg","datePublished":"2024-11-29T20:19:08+00:00","dateModified":"2024-11-30T22:14:57+00:00","breadcrumb":{"@id":"https:\/\/alprofitconsult.al\/en\/tatime\/individe\/te-pergjithshme\/rezidenca-e-personave-fizike\/#breadcrumb"},"inLanguage":"en-US","potentialAction":[{"@type":"ReadAction","target":["https:\/\/alprofitconsult.al\/en\/tatime\/individe\/te-pergjithshme\/rezidenca-e-personave-fizike\/"]}]},{"@type":"ImageObject","inLanguage":"en-US","@id":"https:\/\/alprofitconsult.al\/en\/tatime\/individe\/te-pergjithshme\/rezidenca-e-personave-fizike\/#primaryimage","url":"https:\/\/alprofitconsult.al\/wp-content\/uploads\/2024\/11\/AlProfit-Consult-Rezidenca.jpg","contentUrl":"https:\/\/alprofitconsult.al\/wp-content\/uploads\/2024\/11\/AlProfit-Consult-Rezidenca.jpg"},{"@type":"BreadcrumbList","@id":"https:\/\/alprofitconsult.al\/en\/tatime\/individe\/te-pergjithshme\/rezidenca-e-personave-fizike\/#breadcrumb","itemListElement":[{"@type":"ListItem","position":1,"name":"Kryefaqe","item":"https:\/\/alprofitconsult.al\/"},{"@type":"ListItem","position":2,"name":"Legjislacioni tatimor","item":"https:\/\/alprofitconsult.al\/en\/tatime\/"},{"@type":"ListItem","position":3,"name":"Individe","item":"https:\/\/alprofitconsult.al\/en\/tatime\/individe\/"},{"@type":"ListItem","position":4,"name":"T\u00eb p\u00ebrgjithshme","item":"https:\/\/alprofitconsult.al\/en\/tatime\/individe\/te-pergjithshme\/"},{"@type":"ListItem","position":5,"name":"Rezidenca e Personave Fizik\u00eb"}]},{"@type":"WebSite","@id":"https:\/\/alprofitconsult.al\/#website","url":"https:\/\/alprofitconsult.al\/","name":"AlProfit Consult","description":"Accounting Office","publisher":{"@id":"https:\/\/alprofitconsult.al\/#organization"},"potentialAction":[{"@type":"SearchAction","target":{"@type":"EntryPoint","urlTemplate":"https:\/\/alprofitconsult.al\/?s={search_term_string}"},"query-input":{"@type":"PropertyValueSpecification","valueRequired":true,"valueName":"search_term_string"}}],"inLanguage":"en-US"},{"@type":"Organization","@id":"https:\/\/alprofitconsult.al\/#organization","name":"Alprofit Consult","url":"https:\/\/alprofitconsult.al\/","logo":{"@type":"ImageObject","inLanguage":"en-US","@id":"https:\/\/alprofitconsult.al\/#\/schema\/logo\/image\/","url":"https:\/\/alprofitconsult.al\/wp-content\/uploads\/2022\/10\/logoalprofit.png","contentUrl":"https:\/\/alprofitconsult.al\/wp-content\/uploads\/2022\/10\/logoalprofit.png","width":529,"height":156,"caption":"Alprofit Consult"},"image":{"@id":"https:\/\/alprofitconsult.al\/#\/schema\/logo\/image\/"},"sameAs":["https:\/\/www.facebook.com\/AlProfitConsult\/","https:\/\/x.com\/AlProfitConsult","https:\/\/www.linkedin.com\/company\/andi-haxhillari\/","https:\/\/www.pinterest.com\/AlProfitConsult\/","https:\/\/www.youtube.com\/channel\/UCZ5Gfntn161Nla3g1XdRldA","https:\/\/sq.wikipedia.org\/wiki\/P\u00ebrdoruesi:Andi25~sqwiki"]}]}},"_links":{"self":[{"href":"https:\/\/alprofitconsult.al\/en\/wp-json\/wp\/v2\/pages\/19564","targetHints":{"allow":["GET"]}}],"collection":[{"href":"https:\/\/alprofitconsult.al\/en\/wp-json\/wp\/v2\/pages"}],"about":[{"href":"https:\/\/alprofitconsult.al\/en\/wp-json\/wp\/v2\/types\/page"}],"author":[{"embeddable":true,"href":"https:\/\/alprofitconsult.al\/en\/wp-json\/wp\/v2\/users\/1"}],"replies":[{"embeddable":true,"href":"https:\/\/alprofitconsult.al\/en\/wp-json\/wp\/v2\/comments?post=19564"}],"version-history":[{"count":5,"href":"https:\/\/alprofitconsult.al\/en\/wp-json\/wp\/v2\/pages\/19564\/revisions"}],"predecessor-version":[{"id":20033,"href":"https:\/\/alprofitconsult.al\/en\/wp-json\/wp\/v2\/pages\/19564\/revisions\/20033"}],"up":[{"embeddable":true,"href":"https:\/\/alprofitconsult.al\/en\/wp-json\/wp\/v2\/pages\/19551"}],"wp:attachment":[{"href":"https:\/\/alprofitconsult.al\/en\/wp-json\/wp\/v2\/media?parent=19564"}],"curies":[{"name":"wp","href":"https:\/\/api.w.org\/{rel}","templated":true}]}}