{"id":19576,"date":"2024-11-29T20:23:05","date_gmt":"2024-11-29T20:23:05","guid":{"rendered":"https:\/\/alprofitconsult.al\/?page_id=19576"},"modified":"2026-02-15T16:09:04","modified_gmt":"2026-02-15T16:09:04","slug":"categories-of-personal-income-not-subject-to-personal-income-tax","status":"publish","type":"page","link":"https:\/\/alprofitconsult.al\/en\/tatime\/individe\/te-ardhurat-e-tatueshme-2\/kategorite-e-te-ardhurave-personale-qe-nuk-jane-subjekt-i-tatimit-mbi-te-ardhurat-personale\/","title":{"rendered":"Categories of Personal Income Not Subject to Personal Income Tax"},"content":{"rendered":"<div class=\"yoast-breadcrumbs\"><span><span><a href=\"https:\/\/alprofitconsult.al\/en\/\">Home<\/a><\/span> | <span><a href=\"https:\/\/alprofitconsult.al\/en\/tatime\/\">Tax legislation<\/a><\/span> | <span><a href=\"https:\/\/alprofitconsult.al\/en\/tatime\/individe\/\">Individual<\/a><\/span> | <span><a href=\"https:\/\/alprofitconsult.al\/en\/tatime\/individe\/te-ardhurat-e-tatueshme-2\/\">Taxable Income<\/a><\/span> | <span class=\"breadcrumb_last\" aria-current=\"page\">Categories of Personal Income Not Subject to Personal Income Tax<\/span><\/span><\/div>\n\n\n<p><\/p>\n\n\n\n<figure class=\"wp-block-image size-full\"><img loading=\"lazy\" decoding=\"async\" width=\"1920\" height=\"1280\" src=\"https:\/\/alprofitconsult.al\/wp-content\/uploads\/2024\/11\/AlProfit-Consult-Te-ardhura-te-perjashtuara-per-individet.jpg\" alt=\"\" class=\"wp-image-19751\" srcset=\"https:\/\/alprofitconsult.al\/wp-content\/uploads\/2024\/11\/AlProfit-Consult-Te-ardhura-te-perjashtuara-per-individet.jpg 1920w, https:\/\/alprofitconsult.al\/wp-content\/uploads\/2024\/11\/AlProfit-Consult-Te-ardhura-te-perjashtuara-per-individet-768x512.jpg 768w, https:\/\/alprofitconsult.al\/wp-content\/uploads\/2024\/11\/AlProfit-Consult-Te-ardhura-te-perjashtuara-per-individet-1536x1024.jpg 1536w\" sizes=\"auto, (max-width: 1920px) 100vw, 1920px\" \/><\/figure>\n\n\n\n<h2 class=\"wp-block-heading\">11.1 Income from social and health insurance<\/h2>\n\n\n\n<p>Income from social and health insurance, including pensions and compensations, is exempt from tax.<\/p>\n\n\n\n<h2 class=\"wp-block-heading\">11.2 Economic assistance<\/h2>\n\n\n\n<p>Economic assistance from public budgets for individuals without income or with low income is exempt from tax.<\/p>\n\n\n\n<h2 class=\"wp-block-heading\">11.3 Income exempted on the basis of international agreements<\/h2>\n\n\n\n<p>Income exempted under international agreements ratified by the Parliament of Albania is exempt from tax.<\/p>\n\n\n\n<h2 class=\"wp-block-heading\">11.4 Compensation for property owners<\/h2>\n\n\n\n<p>Financial compensation for owners of expropriated properties is exempt from tax.<\/p>\n\n\n\n<h2 class=\"wp-block-heading\">11.5 Compensation for former political prisoners<\/h2>\n\n\n\n<p>Financial compensation for former political prisoners and their successors is exempt from tax.<\/p>\n\n\n\n<h2 class=\"wp-block-heading\">11.6 Awards and prizes for achievements in science, sport and culture<\/h2>\n\n\n\n<p>Awards and prizes for achievements in science, sport and culture are exempt from tax.<\/p>\n\n\n\n<h2 class=\"wp-block-heading\">11.7 Scholarships for pupils and students<\/h2>\n\n\n\n<p>Scholarships for pupils and students awarded by the government are exempt from tax.<\/p>\n\n\n\n<h2 class=\"wp-block-heading\">11.8 Benefits for damages and compensation for court costs<\/h2>\n\n\n\n<p>Benefits for damages and compensation for court costs are exempt from tax, except for wages received by individuals dismissed from work.<\/p>\n\n\n\n<h2 class=\"wp-block-heading\">11.9 Income from support through grants and subsidies in agriculture and livestock<\/h2>\n\n\n\n<p>Income from support through grants and subsidies in agriculture and livestock is exempt from tax.<\/p>\n\n\n<div class=\"gdlr-core-widget-box-shortcode\" style=\"color: #ffffff ;background-color: #000014 ;\"  ><h3 class=\"gdlr-core-widget-box-shortcode-title\" style=\"color: #ffffff ;\"  >Do you have a question?<\/h3><div class=\"gdlr-core-widget-box-shortcode-content\" ><p class=\"translation-block\">Do not hesitate to <a href=\"https:\/\/alprofitconsult.al\/en\/contact\/\" target=\"_self\">contact<\/a> us. We are a team of experts and will be happy to speak with you.<\/p>\n<\/div><\/div>","protected":false},"excerpt":{"rendered":"<p>11.1 T\u00eb ardhurat nga sigurimi social dhe sh\u00ebndet\u00ebsor T\u00eb ardhurat nga sigurimi social dhe sh\u00ebndet\u00ebsor, p\u00ebrfshir\u00eb pensionet dhe kompensimet, jan\u00eb t\u00eb p\u00ebrjashtuara nga tatimi. 11.2 Ndihmat ekonomike Ndihmat ekonomike nga buxhetet publike p\u00ebr individ\u00ebt pa t\u00eb ardhura ose me t\u00eb ardhura t\u00eb ul\u00ebta jan\u00eb t\u00eb p\u00ebrjashtuara nga tatimi. 11.3 T\u00eb ardhurat e p\u00ebrjashtuara mbi baz\u00ebn [&hellip;]<\/p>\n","protected":false},"author":1,"featured_media":0,"parent":19570,"menu_order":0,"comment_status":"closed","ping_status":"closed","template":"","meta":{"footnotes":""},"class_list":["post-19576","page","type-page","status-publish","hentry"],"yoast_head":"<!-- This site is optimized with the Yoast SEO plugin v26.5 - https:\/\/yoast.com\/wordpress\/plugins\/seo\/ -->\n<title>Kategorit\u00eb e t\u00eb Ardhurave Personale q\u00eb nuk jan\u00eb Subjekt i Tatimit mbi t\u00eb Ardhurat Personale - AlProfit Consult<\/title>\n<meta name=\"robots\" content=\"index, follow, max-snippet:-1, max-image-preview:large, max-video-preview:-1\" \/>\n<link rel=\"canonical\" href=\"https:\/\/alprofitconsult.al\/en\/taxes\/divide\/taxable-income-2\/categories-of-personal-income-not-subject-to-personal-income-tax\/\" \/>\n<meta property=\"og:locale\" content=\"en_US\" \/>\n<meta property=\"og:type\" content=\"article\" \/>\n<meta property=\"og:title\" content=\"Kategorit\u00eb e t\u00eb Ardhurave Personale q\u00eb nuk jan\u00eb Subjekt i Tatimit mbi t\u00eb Ardhurat Personale - AlProfit Consult\" \/>\n<meta property=\"og:description\" content=\"11.1 T\u00eb ardhurat nga sigurimi social dhe sh\u00ebndet\u00ebsor T\u00eb ardhurat nga sigurimi social dhe sh\u00ebndet\u00ebsor, p\u00ebrfshir\u00eb pensionet dhe kompensimet, jan\u00eb t\u00eb p\u00ebrjashtuara nga tatimi. 11.2 Ndihmat ekonomike Ndihmat ekonomike nga buxhetet publike p\u00ebr individ\u00ebt pa t\u00eb ardhura ose me t\u00eb ardhura t\u00eb ul\u00ebta jan\u00eb t\u00eb p\u00ebrjashtuara nga tatimi. 11.3 T\u00eb ardhurat e p\u00ebrjashtuara mbi baz\u00ebn [&hellip;]\" \/>\n<meta property=\"og:url\" content=\"https:\/\/alprofitconsult.al\/en\/taxes\/divide\/taxable-income-2\/categories-of-personal-income-not-subject-to-personal-income-tax\/\" \/>\n<meta property=\"og:site_name\" content=\"AlProfit Consult\" \/>\n<meta property=\"article:publisher\" content=\"https:\/\/www.facebook.com\/AlProfitConsult\/\" \/>\n<meta property=\"article:modified_time\" content=\"2026-02-15T16:09:04+00:00\" \/>\n<meta property=\"og:image\" content=\"https:\/\/alprofitconsult.al\/wp-content\/uploads\/2024\/11\/AlProfit-Consult-Te-ardhura-te-perjashtuara-per-individet.jpg\" \/>\n\t<meta property=\"og:image:width\" content=\"1920\" \/>\n\t<meta property=\"og:image:height\" content=\"1280\" \/>\n\t<meta property=\"og:image:type\" content=\"image\/jpeg\" \/>\n<meta name=\"twitter:card\" content=\"summary_large_image\" \/>\n<meta name=\"twitter:site\" content=\"@AlProfitConsult\" \/>\n<meta name=\"twitter:label1\" content=\"Est. reading time\" \/>\n\t<meta name=\"twitter:data1\" content=\"2 minutes\" \/>\n<script type=\"application\/ld+json\" class=\"yoast-schema-graph\">{\"@context\":\"https:\/\/schema.org\",\"@graph\":[{\"@type\":\"WebPage\",\"@id\":\"https:\/\/alprofitconsult.al\/tatime\/individe\/te-ardhurat-e-tatueshme-2\/kategorite-e-te-ardhurave-personale-qe-nuk-jane-subjekt-i-tatimit-mbi-te-ardhurat-personale\/\",\"url\":\"https:\/\/alprofitconsult.al\/tatime\/individe\/te-ardhurat-e-tatueshme-2\/kategorite-e-te-ardhurave-personale-qe-nuk-jane-subjekt-i-tatimit-mbi-te-ardhurat-personale\/\",\"name\":\"Kategorit\u00eb e t\u00eb Ardhurave Personale q\u00eb nuk jan\u00eb Subjekt i Tatimit mbi t\u00eb Ardhurat Personale - AlProfit Consult\",\"isPartOf\":{\"@id\":\"https:\/\/alprofitconsult.al\/#website\"},\"primaryImageOfPage\":{\"@id\":\"https:\/\/alprofitconsult.al\/tatime\/individe\/te-ardhurat-e-tatueshme-2\/kategorite-e-te-ardhurave-personale-qe-nuk-jane-subjekt-i-tatimit-mbi-te-ardhurat-personale\/#primaryimage\"},\"image\":{\"@id\":\"https:\/\/alprofitconsult.al\/tatime\/individe\/te-ardhurat-e-tatueshme-2\/kategorite-e-te-ardhurave-personale-qe-nuk-jane-subjekt-i-tatimit-mbi-te-ardhurat-personale\/#primaryimage\"},\"thumbnailUrl\":\"https:\/\/alprofitconsult.al\/wp-content\/uploads\/2024\/11\/AlProfit-Consult-Te-ardhura-te-perjashtuara-per-individet.jpg\",\"datePublished\":\"2024-11-29T20:23:05+00:00\",\"dateModified\":\"2026-02-15T16:09:04+00:00\",\"breadcrumb\":{\"@id\":\"https:\/\/alprofitconsult.al\/tatime\/individe\/te-ardhurat-e-tatueshme-2\/kategorite-e-te-ardhurave-personale-qe-nuk-jane-subjekt-i-tatimit-mbi-te-ardhurat-personale\/#breadcrumb\"},\"inLanguage\":\"en-US\",\"potentialAction\":[{\"@type\":\"ReadAction\",\"target\":[\"https:\/\/alprofitconsult.al\/tatime\/individe\/te-ardhurat-e-tatueshme-2\/kategorite-e-te-ardhurave-personale-qe-nuk-jane-subjekt-i-tatimit-mbi-te-ardhurat-personale\/\"]}]},{\"@type\":\"ImageObject\",\"inLanguage\":\"en-US\",\"@id\":\"https:\/\/alprofitconsult.al\/tatime\/individe\/te-ardhurat-e-tatueshme-2\/kategorite-e-te-ardhurave-personale-qe-nuk-jane-subjekt-i-tatimit-mbi-te-ardhurat-personale\/#primaryimage\",\"url\":\"https:\/\/alprofitconsult.al\/wp-content\/uploads\/2024\/11\/AlProfit-Consult-Te-ardhura-te-perjashtuara-per-individet.jpg\",\"contentUrl\":\"https:\/\/alprofitconsult.al\/wp-content\/uploads\/2024\/11\/AlProfit-Consult-Te-ardhura-te-perjashtuara-per-individet.jpg\"},{\"@type\":\"BreadcrumbList\",\"@id\":\"https:\/\/alprofitconsult.al\/tatime\/individe\/te-ardhurat-e-tatueshme-2\/kategorite-e-te-ardhurave-personale-qe-nuk-jane-subjekt-i-tatimit-mbi-te-ardhurat-personale\/#breadcrumb\",\"itemListElement\":[{\"@type\":\"ListItem\",\"position\":1,\"name\":\"Kryefaqe\",\"item\":\"https:\/\/alprofitconsult.al\/\"},{\"@type\":\"ListItem\",\"position\":2,\"name\":\"Legjislacioni tatimor\",\"item\":\"https:\/\/alprofitconsult.al\/en\/tatime\/\"},{\"@type\":\"ListItem\",\"position\":3,\"name\":\"Individe\",\"item\":\"https:\/\/alprofitconsult.al\/en\/tatime\/individe\/\"},{\"@type\":\"ListItem\",\"position\":4,\"name\":\"T\u00eb ardhurat e tatueshme\",\"item\":\"https:\/\/alprofitconsult.al\/en\/tatime\/individe\/te-ardhurat-e-tatueshme-2\/\"},{\"@type\":\"ListItem\",\"position\":5,\"name\":\"Kategorit\u00eb e t\u00eb Ardhurave Personale q\u00eb nuk jan\u00eb Subjekt i Tatimit mbi t\u00eb Ardhurat Personale\"}]},{\"@type\":\"WebSite\",\"@id\":\"https:\/\/alprofitconsult.al\/#website\",\"url\":\"https:\/\/alprofitconsult.al\/\",\"name\":\"AlProfit Consult\",\"description\":\"Zyr\u00eb Kontabiliteti\",\"publisher\":{\"@id\":\"https:\/\/alprofitconsult.al\/#organization\"},\"potentialAction\":[{\"@type\":\"SearchAction\",\"target\":{\"@type\":\"EntryPoint\",\"urlTemplate\":\"https:\/\/alprofitconsult.al\/?s={search_term_string}\"},\"query-input\":{\"@type\":\"PropertyValueSpecification\",\"valueRequired\":true,\"valueName\":\"search_term_string\"}}],\"inLanguage\":\"en-US\"},{\"@type\":\"Organization\",\"@id\":\"https:\/\/alprofitconsult.al\/#organization\",\"name\":\"Alprofit Consult\",\"url\":\"https:\/\/alprofitconsult.al\/\",\"logo\":{\"@type\":\"ImageObject\",\"inLanguage\":\"en-US\",\"@id\":\"https:\/\/alprofitconsult.al\/#\/schema\/logo\/image\/\",\"url\":\"https:\/\/alprofitconsult.al\/wp-content\/uploads\/2022\/10\/logoalprofit.png\",\"contentUrl\":\"https:\/\/alprofitconsult.al\/wp-content\/uploads\/2022\/10\/logoalprofit.png\",\"width\":529,\"height\":156,\"caption\":\"Alprofit Consult\"},\"image\":{\"@id\":\"https:\/\/alprofitconsult.al\/#\/schema\/logo\/image\/\"},\"sameAs\":[\"https:\/\/www.facebook.com\/AlProfitConsult\/\",\"https:\/\/x.com\/AlProfitConsult\",\"https:\/\/www.linkedin.com\/company\/andi-haxhillari\/\",\"https:\/\/www.pinterest.com\/AlProfitConsult\/\",\"https:\/\/www.youtube.com\/channel\/UCZ5Gfntn161Nla3g1XdRldA\",\"https:\/\/sq.wikipedia.org\/wiki\/P\u00ebrdoruesi:Andi25~sqwiki\"]}]}<\/script>\n<!-- \/ Yoast SEO plugin. -->","yoast_head_json":{"title":"Categories of Personal Income Not Subject to Personal Income Tax - AlProfit Consult","robots":{"index":"index","follow":"follow","max-snippet":"max-snippet:-1","max-image-preview":"max-image-preview:large","max-video-preview":"max-video-preview:-1"},"canonical":"https:\/\/alprofitconsult.al\/en\/taxes\/divide\/taxable-income-2\/categories-of-personal-income-not-subject-to-personal-income-tax\/","og_locale":"en_US","og_type":"article","og_title":"Kategorit\u00eb e t\u00eb Ardhurave Personale q\u00eb nuk jan\u00eb Subjekt i Tatimit mbi t\u00eb Ardhurat Personale - AlProfit Consult","og_description":"11.1 T\u00eb ardhurat nga sigurimi social dhe sh\u00ebndet\u00ebsor T\u00eb ardhurat nga sigurimi social dhe sh\u00ebndet\u00ebsor, p\u00ebrfshir\u00eb pensionet dhe kompensimet, jan\u00eb t\u00eb p\u00ebrjashtuara nga tatimi. 11.2 Ndihmat ekonomike Ndihmat ekonomike nga buxhetet publike p\u00ebr individ\u00ebt pa t\u00eb ardhura ose me t\u00eb ardhura t\u00eb ul\u00ebta jan\u00eb t\u00eb p\u00ebrjashtuara nga tatimi. 11.3 T\u00eb ardhurat e p\u00ebrjashtuara mbi baz\u00ebn [&hellip;]","og_url":"https:\/\/alprofitconsult.al\/en\/taxes\/divide\/taxable-income-2\/categories-of-personal-income-not-subject-to-personal-income-tax\/","og_site_name":"AlProfit Consult","article_publisher":"https:\/\/www.facebook.com\/AlProfitConsult\/","article_modified_time":"2026-02-15T16:09:04+00:00","og_image":[{"width":1920,"height":1280,"url":"https:\/\/alprofitconsult.al\/wp-content\/uploads\/2024\/11\/AlProfit-Consult-Te-ardhura-te-perjashtuara-per-individet.jpg","type":"image\/jpeg"}],"twitter_card":"summary_large_image","twitter_site":"@AlProfitConsult","twitter_misc":{"Est. reading time":"2 minutes"},"schema":{"@context":"https:\/\/schema.org","@graph":[{"@type":"WebPage","@id":"https:\/\/alprofitconsult.al\/tatime\/individe\/te-ardhurat-e-tatueshme-2\/kategorite-e-te-ardhurave-personale-qe-nuk-jane-subjekt-i-tatimit-mbi-te-ardhurat-personale\/","url":"https:\/\/alprofitconsult.al\/tatime\/individe\/te-ardhurat-e-tatueshme-2\/kategorite-e-te-ardhurave-personale-qe-nuk-jane-subjekt-i-tatimit-mbi-te-ardhurat-personale\/","name":"Categories of Personal Income Not Subject to Personal Income Tax - AlProfit Consult","isPartOf":{"@id":"https:\/\/alprofitconsult.al\/#website"},"primaryImageOfPage":{"@id":"https:\/\/alprofitconsult.al\/tatime\/individe\/te-ardhurat-e-tatueshme-2\/kategorite-e-te-ardhurave-personale-qe-nuk-jane-subjekt-i-tatimit-mbi-te-ardhurat-personale\/#primaryimage"},"image":{"@id":"https:\/\/alprofitconsult.al\/tatime\/individe\/te-ardhurat-e-tatueshme-2\/kategorite-e-te-ardhurave-personale-qe-nuk-jane-subjekt-i-tatimit-mbi-te-ardhurat-personale\/#primaryimage"},"thumbnailUrl":"https:\/\/alprofitconsult.al\/wp-content\/uploads\/2024\/11\/AlProfit-Consult-Te-ardhura-te-perjashtuara-per-individet.jpg","datePublished":"2024-11-29T20:23:05+00:00","dateModified":"2026-02-15T16:09:04+00:00","breadcrumb":{"@id":"https:\/\/alprofitconsult.al\/tatime\/individe\/te-ardhurat-e-tatueshme-2\/kategorite-e-te-ardhurave-personale-qe-nuk-jane-subjekt-i-tatimit-mbi-te-ardhurat-personale\/#breadcrumb"},"inLanguage":"en-US","potentialAction":[{"@type":"ReadAction","target":["https:\/\/alprofitconsult.al\/tatime\/individe\/te-ardhurat-e-tatueshme-2\/kategorite-e-te-ardhurave-personale-qe-nuk-jane-subjekt-i-tatimit-mbi-te-ardhurat-personale\/"]}]},{"@type":"ImageObject","inLanguage":"en-US","@id":"https:\/\/alprofitconsult.al\/tatime\/individe\/te-ardhurat-e-tatueshme-2\/kategorite-e-te-ardhurave-personale-qe-nuk-jane-subjekt-i-tatimit-mbi-te-ardhurat-personale\/#primaryimage","url":"https:\/\/alprofitconsult.al\/wp-content\/uploads\/2024\/11\/AlProfit-Consult-Te-ardhura-te-perjashtuara-per-individet.jpg","contentUrl":"https:\/\/alprofitconsult.al\/wp-content\/uploads\/2024\/11\/AlProfit-Consult-Te-ardhura-te-perjashtuara-per-individet.jpg"},{"@type":"BreadcrumbList","@id":"https:\/\/alprofitconsult.al\/tatime\/individe\/te-ardhurat-e-tatueshme-2\/kategorite-e-te-ardhurave-personale-qe-nuk-jane-subjekt-i-tatimit-mbi-te-ardhurat-personale\/#breadcrumb","itemListElement":[{"@type":"ListItem","position":1,"name":"Kryefaqe","item":"https:\/\/alprofitconsult.al\/"},{"@type":"ListItem","position":2,"name":"Legjislacioni tatimor","item":"https:\/\/alprofitconsult.al\/en\/tatime\/"},{"@type":"ListItem","position":3,"name":"Individe","item":"https:\/\/alprofitconsult.al\/en\/tatime\/individe\/"},{"@type":"ListItem","position":4,"name":"T\u00eb ardhurat e tatueshme","item":"https:\/\/alprofitconsult.al\/en\/tatime\/individe\/te-ardhurat-e-tatueshme-2\/"},{"@type":"ListItem","position":5,"name":"Kategorit\u00eb e t\u00eb Ardhurave Personale q\u00eb nuk jan\u00eb Subjekt i Tatimit mbi t\u00eb Ardhurat Personale"}]},{"@type":"WebSite","@id":"https:\/\/alprofitconsult.al\/#website","url":"https:\/\/alprofitconsult.al\/","name":"AlProfit Consult","description":"Accounting Office","publisher":{"@id":"https:\/\/alprofitconsult.al\/#organization"},"potentialAction":[{"@type":"SearchAction","target":{"@type":"EntryPoint","urlTemplate":"https:\/\/alprofitconsult.al\/?s={search_term_string}"},"query-input":{"@type":"PropertyValueSpecification","valueRequired":true,"valueName":"search_term_string"}}],"inLanguage":"en-US"},{"@type":"Organization","@id":"https:\/\/alprofitconsult.al\/#organization","name":"Alprofit Consult","url":"https:\/\/alprofitconsult.al\/","logo":{"@type":"ImageObject","inLanguage":"en-US","@id":"https:\/\/alprofitconsult.al\/#\/schema\/logo\/image\/","url":"https:\/\/alprofitconsult.al\/wp-content\/uploads\/2022\/10\/logoalprofit.png","contentUrl":"https:\/\/alprofitconsult.al\/wp-content\/uploads\/2022\/10\/logoalprofit.png","width":529,"height":156,"caption":"Alprofit Consult"},"image":{"@id":"https:\/\/alprofitconsult.al\/#\/schema\/logo\/image\/"},"sameAs":["https:\/\/www.facebook.com\/AlProfitConsult\/","https:\/\/x.com\/AlProfitConsult","https:\/\/www.linkedin.com\/company\/andi-haxhillari\/","https:\/\/www.pinterest.com\/AlProfitConsult\/","https:\/\/www.youtube.com\/channel\/UCZ5Gfntn161Nla3g1XdRldA","https:\/\/sq.wikipedia.org\/wiki\/P\u00ebrdoruesi:Andi25~sqwiki"]}]}},"_links":{"self":[{"href":"https:\/\/alprofitconsult.al\/en\/wp-json\/wp\/v2\/pages\/19576","targetHints":{"allow":["GET"]}}],"collection":[{"href":"https:\/\/alprofitconsult.al\/en\/wp-json\/wp\/v2\/pages"}],"about":[{"href":"https:\/\/alprofitconsult.al\/en\/wp-json\/wp\/v2\/types\/page"}],"author":[{"embeddable":true,"href":"https:\/\/alprofitconsult.al\/en\/wp-json\/wp\/v2\/users\/1"}],"replies":[{"embeddable":true,"href":"https:\/\/alprofitconsult.al\/en\/wp-json\/wp\/v2\/comments?post=19576"}],"version-history":[{"count":5,"href":"https:\/\/alprofitconsult.al\/en\/wp-json\/wp\/v2\/pages\/19576\/revisions"}],"predecessor-version":[{"id":33476,"href":"https:\/\/alprofitconsult.al\/en\/wp-json\/wp\/v2\/pages\/19576\/revisions\/33476"}],"up":[{"embeddable":true,"href":"https:\/\/alprofitconsult.al\/en\/wp-json\/wp\/v2\/pages\/19570"}],"wp:attachment":[{"href":"https:\/\/alprofitconsult.al\/en\/wp-json\/wp\/v2\/media?parent=19576"}],"curies":[{"name":"wp","href":"https:\/\/api.w.org\/{rel}","templated":true}]}}