{"id":19579,"date":"2024-11-29T20:23:35","date_gmt":"2024-11-29T20:23:35","guid":{"rendered":"https:\/\/alprofitconsult.al\/?page_id=19579"},"modified":"2024-11-30T22:21:52","modified_gmt":"2024-11-30T22:21:52","slug":"income-from-employment","status":"publish","type":"page","link":"https:\/\/alprofitconsult.al\/en\/tatime\/individe\/te-ardhurat-e-tatueshme-2\/te-ardhurat-nga-punesimi\/","title":{"rendered":"Income from Employment"},"content":{"rendered":"<div class=\"yoast-breadcrumbs\"><span><span><a href=\"https:\/\/alprofitconsult.al\/en\/\">Home<\/a><\/span> | <span><a href=\"https:\/\/alprofitconsult.al\/en\/tatime\/\">Tax legislation<\/a><\/span> | <span><a href=\"https:\/\/alprofitconsult.al\/en\/tatime\/individe\/\">Individual<\/a><\/span> | <span><a href=\"https:\/\/alprofitconsult.al\/en\/tatime\/individe\/te-ardhurat-e-tatueshme-2\/\">Taxable Income<\/a><\/span> | <span class=\"breadcrumb_last\" aria-current=\"page\">Income from Employment<\/span><\/span><\/div>\n\n\n<p><\/p>\n\n\n\n<figure class=\"wp-block-image size-full\"><img loading=\"lazy\" decoding=\"async\" width=\"1920\" height=\"1280\" src=\"https:\/\/alprofitconsult.al\/wp-content\/uploads\/2024\/11\/Te-Ardhurat-nga-Punesimi-Tatimi-i-individeve-Alprofit-Consult.jpg\" alt=\"\" class=\"wp-image-19756\" srcset=\"https:\/\/alprofitconsult.al\/wp-content\/uploads\/2024\/11\/Te-Ardhurat-nga-Punesimi-Tatimi-i-individeve-Alprofit-Consult.jpg 1920w, https:\/\/alprofitconsult.al\/wp-content\/uploads\/2024\/11\/Te-Ardhurat-nga-Punesimi-Tatimi-i-individeve-Alprofit-Consult-768x512.jpg 768w, https:\/\/alprofitconsult.al\/wp-content\/uploads\/2024\/11\/Te-Ardhurat-nga-Punesimi-Tatimi-i-individeve-Alprofit-Consult-1536x1024.jpg 1536w\" sizes=\"auto, (max-width: 1920px) 100vw, 1920px\" \/><\/figure>\n\n\n\n<h2 class=\"wp-block-heading\">12.1 What income from employment includes<\/h2>\n\n\n\n<p>Income from employment includes any benefit of the individual that is related to employment relationships, including salaries, rewards, bonuses, and compensations.<\/p>\n\n\n\n<h2 class=\"wp-block-heading\">12.2 Payments for future or past employment relationships<\/h2>\n\n\n\n<p>Payments made for future or past employment relationships are also considered income from employment and are taxed at the time of payroll declaration.<\/p>\n\n\n\n<h2 class=\"wp-block-heading\">12.3 Rewards for directors and board members<\/h2>\n\n\n\n<p>Rewards for directors and members of the board of directors are treated as income from employment and taxed as such.<\/p>\n\n\n\n<h2 class=\"wp-block-heading\">12.4 Payments from a different entity<\/h2>\n\n\n\n<p>If payments are received from an entity different from the employer, the paying entity withholds tax at 15%.<\/p>\n\n\n\n<h2 class=\"wp-block-heading\">12.5 Transfer or secondment of employees<\/h2>\n\n\n\n<p>Income from the transfer or secondment of employees is taxed as income from employment.<\/p>\n\n\n\n<h2 class=\"wp-block-heading\">12.6 Anti-avoidance clause for self-employment<\/h2>\n\n\n\n<p>If a self-employed person obtains more than 80% of their income from a single client, their income is taxed as employment income.<\/p>\n\n\n\n<h2 class=\"wp-block-heading\">12.7 Tax on payments upon job loss<\/h2>\n\n\n\n<p>Immediate payments given in cases of job termination are taxed at 15% if paid in a single lump sum.<\/p>\n\n\n\n<h2 class=\"wp-block-heading\">12.8 Tax on employment income for foreign employment agencies<\/h2>\n\n\n\n<p>Tax on employment income for foreign employment agencies is not less than 80% of the total fee paid by the Albanian entity to the foreign agency.<\/p>\n\n\n\n<h2 class=\"wp-block-heading\">12.9 Benefits exempt from tax on employment income<\/h2>\n\n\n\n<p>Benefits exempted from tax include meals and drinks in the workplace, work equipment, and travel and accommodation expenses for work purposes.<\/p>\n\n\n<div class=\"gdlr-core-widget-box-shortcode\" style=\"color: #ffffff ;background-color: #000014 ;\"  ><h3 class=\"gdlr-core-widget-box-shortcode-title\" style=\"color: #ffffff ;\"  >Do you have a question?<\/h3><div class=\"gdlr-core-widget-box-shortcode-content\" ><p class=\"translation-block\">Do not hesitate to <a href=\"https:\/\/alprofitconsult.al\/en\/contact\/\" target=\"_self\">contact<\/a> us. We are a team of experts and will be happy to speak with you.<\/p>\n<\/div><\/div>","protected":false},"excerpt":{"rendered":"<p>12.1 \u00c7far\u00eb p\u00ebrfshin t\u00eb ardhurat nga pun\u00ebsimi? T\u00eb ardhurat nga pun\u00ebsimi p\u00ebrfshijn\u00eb \u00e7do p\u00ebrfitim t\u00eb individit q\u00eb ka lidhje me marr\u00ebdh\u00ebniet e pun\u00ebsimit, p\u00ebrfshir\u00eb pagat, shp\u00ebrblimet, bonuset dhe kompensimet. 12.2 Pagesat p\u00ebr marr\u00ebdh\u00ebnie pun\u00ebsimi t\u00eb ardhshme ose t\u00eb kaluara Edhe pagesat q\u00eb b\u00ebhen p\u00ebr marr\u00ebdh\u00ebnie pun\u00ebsimi t\u00eb ardhshme ose t\u00eb kaluara konsiderohen t\u00eb ardhura nga [&hellip;]<\/p>\n","protected":false},"author":1,"featured_media":0,"parent":19570,"menu_order":0,"comment_status":"closed","ping_status":"closed","template":"","meta":{"footnotes":""},"class_list":["post-19579","page","type-page","status-publish","hentry"],"yoast_head":"<!-- This site is optimized with the Yoast SEO plugin v26.5 - https:\/\/yoast.com\/wordpress\/plugins\/seo\/ -->\n<title>T\u00eb Ardhurat nga Pun\u00ebsimi - AlProfit Consult<\/title>\n<meta name=\"robots\" content=\"index, follow, max-snippet:-1, max-image-preview:large, max-video-preview:-1\" \/>\n<link rel=\"canonical\" href=\"https:\/\/alprofitconsult.al\/en\/taxes\/divide\/taxable-income-2\/income-from-employment\/\" \/>\n<meta property=\"og:locale\" content=\"en_US\" \/>\n<meta property=\"og:type\" content=\"article\" \/>\n<meta property=\"og:title\" content=\"T\u00eb Ardhurat nga Pun\u00ebsimi - AlProfit Consult\" \/>\n<meta property=\"og:description\" content=\"12.1 \u00c7far\u00eb p\u00ebrfshin t\u00eb ardhurat nga pun\u00ebsimi? T\u00eb ardhurat nga pun\u00ebsimi p\u00ebrfshijn\u00eb \u00e7do p\u00ebrfitim t\u00eb individit q\u00eb ka lidhje me marr\u00ebdh\u00ebniet e pun\u00ebsimit, p\u00ebrfshir\u00eb pagat, shp\u00ebrblimet, bonuset dhe kompensimet. 12.2 Pagesat p\u00ebr marr\u00ebdh\u00ebnie pun\u00ebsimi t\u00eb ardhshme ose t\u00eb kaluara Edhe pagesat q\u00eb b\u00ebhen p\u00ebr marr\u00ebdh\u00ebnie pun\u00ebsimi t\u00eb ardhshme ose t\u00eb kaluara konsiderohen t\u00eb ardhura nga [&hellip;]\" \/>\n<meta property=\"og:url\" content=\"https:\/\/alprofitconsult.al\/en\/taxes\/divide\/taxable-income-2\/income-from-employment\/\" \/>\n<meta property=\"og:site_name\" content=\"AlProfit Consult\" \/>\n<meta property=\"article:publisher\" content=\"https:\/\/www.facebook.com\/AlProfitConsult\/\" \/>\n<meta property=\"article:modified_time\" content=\"2024-11-30T22:21:52+00:00\" \/>\n<meta property=\"og:image\" content=\"https:\/\/alprofitconsult.al\/wp-content\/uploads\/2024\/11\/Te-Ardhurat-nga-Punesimi-Tatimi-i-individeve-Alprofit-Consult.jpg\" \/>\n<meta name=\"twitter:card\" content=\"summary_large_image\" \/>\n<meta name=\"twitter:site\" content=\"@AlProfitConsult\" \/>\n<meta name=\"twitter:label1\" content=\"Est. reading time\" \/>\n\t<meta name=\"twitter:data1\" content=\"2 minutes\" \/>\n<script type=\"application\/ld+json\" class=\"yoast-schema-graph\">{\"@context\":\"https:\/\/schema.org\",\"@graph\":[{\"@type\":\"WebPage\",\"@id\":\"https:\/\/alprofitconsult.al\/en\/tatime\/individe\/te-ardhurat-e-tatueshme-2\/te-ardhurat-nga-punesimi\/\",\"url\":\"https:\/\/alprofitconsult.al\/en\/tatime\/individe\/te-ardhurat-e-tatueshme-2\/te-ardhurat-nga-punesimi\/\",\"name\":\"T\u00eb Ardhurat nga Pun\u00ebsimi - AlProfit Consult\",\"isPartOf\":{\"@id\":\"https:\/\/alprofitconsult.al\/#website\"},\"primaryImageOfPage\":{\"@id\":\"https:\/\/alprofitconsult.al\/en\/tatime\/individe\/te-ardhurat-e-tatueshme-2\/te-ardhurat-nga-punesimi\/#primaryimage\"},\"image\":{\"@id\":\"https:\/\/alprofitconsult.al\/en\/tatime\/individe\/te-ardhurat-e-tatueshme-2\/te-ardhurat-nga-punesimi\/#primaryimage\"},\"thumbnailUrl\":\"https:\/\/alprofitconsult.al\/wp-content\/uploads\/2024\/11\/Te-Ardhurat-nga-Punesimi-Tatimi-i-individeve-Alprofit-Consult.jpg\",\"datePublished\":\"2024-11-29T20:23:35+00:00\",\"dateModified\":\"2024-11-30T22:21:52+00:00\",\"breadcrumb\":{\"@id\":\"https:\/\/alprofitconsult.al\/en\/tatime\/individe\/te-ardhurat-e-tatueshme-2\/te-ardhurat-nga-punesimi\/#breadcrumb\"},\"inLanguage\":\"en-US\",\"potentialAction\":[{\"@type\":\"ReadAction\",\"target\":[\"https:\/\/alprofitconsult.al\/en\/tatime\/individe\/te-ardhurat-e-tatueshme-2\/te-ardhurat-nga-punesimi\/\"]}]},{\"@type\":\"ImageObject\",\"inLanguage\":\"en-US\",\"@id\":\"https:\/\/alprofitconsult.al\/en\/tatime\/individe\/te-ardhurat-e-tatueshme-2\/te-ardhurat-nga-punesimi\/#primaryimage\",\"url\":\"https:\/\/alprofitconsult.al\/wp-content\/uploads\/2024\/11\/Te-Ardhurat-nga-Punesimi-Tatimi-i-individeve-Alprofit-Consult.jpg\",\"contentUrl\":\"https:\/\/alprofitconsult.al\/wp-content\/uploads\/2024\/11\/Te-Ardhurat-nga-Punesimi-Tatimi-i-individeve-Alprofit-Consult.jpg\"},{\"@type\":\"BreadcrumbList\",\"@id\":\"https:\/\/alprofitconsult.al\/en\/tatime\/individe\/te-ardhurat-e-tatueshme-2\/te-ardhurat-nga-punesimi\/#breadcrumb\",\"itemListElement\":[{\"@type\":\"ListItem\",\"position\":1,\"name\":\"Kryefaqe\",\"item\":\"https:\/\/alprofitconsult.al\/\"},{\"@type\":\"ListItem\",\"position\":2,\"name\":\"Legjislacioni tatimor\",\"item\":\"https:\/\/alprofitconsult.al\/en\/tatime\/\"},{\"@type\":\"ListItem\",\"position\":3,\"name\":\"Individe\",\"item\":\"https:\/\/alprofitconsult.al\/en\/tatime\/individe\/\"},{\"@type\":\"ListItem\",\"position\":4,\"name\":\"T\u00eb ardhurat e tatueshme\",\"item\":\"https:\/\/alprofitconsult.al\/en\/tatime\/individe\/te-ardhurat-e-tatueshme-2\/\"},{\"@type\":\"ListItem\",\"position\":5,\"name\":\"T\u00eb Ardhurat nga Pun\u00ebsimi\"}]},{\"@type\":\"WebSite\",\"@id\":\"https:\/\/alprofitconsult.al\/#website\",\"url\":\"https:\/\/alprofitconsult.al\/\",\"name\":\"AlProfit Consult\",\"description\":\"Zyr\u00eb Kontabiliteti\",\"publisher\":{\"@id\":\"https:\/\/alprofitconsult.al\/#organization\"},\"potentialAction\":[{\"@type\":\"SearchAction\",\"target\":{\"@type\":\"EntryPoint\",\"urlTemplate\":\"https:\/\/alprofitconsult.al\/?s={search_term_string}\"},\"query-input\":{\"@type\":\"PropertyValueSpecification\",\"valueRequired\":true,\"valueName\":\"search_term_string\"}}],\"inLanguage\":\"en-US\"},{\"@type\":\"Organization\",\"@id\":\"https:\/\/alprofitconsult.al\/#organization\",\"name\":\"Alprofit Consult\",\"url\":\"https:\/\/alprofitconsult.al\/\",\"logo\":{\"@type\":\"ImageObject\",\"inLanguage\":\"en-US\",\"@id\":\"https:\/\/alprofitconsult.al\/#\/schema\/logo\/image\/\",\"url\":\"https:\/\/alprofitconsult.al\/wp-content\/uploads\/2022\/10\/logoalprofit.png\",\"contentUrl\":\"https:\/\/alprofitconsult.al\/wp-content\/uploads\/2022\/10\/logoalprofit.png\",\"width\":529,\"height\":156,\"caption\":\"Alprofit Consult\"},\"image\":{\"@id\":\"https:\/\/alprofitconsult.al\/#\/schema\/logo\/image\/\"},\"sameAs\":[\"https:\/\/www.facebook.com\/AlProfitConsult\/\",\"https:\/\/x.com\/AlProfitConsult\",\"https:\/\/www.linkedin.com\/company\/andi-haxhillari\/\",\"https:\/\/www.pinterest.com\/AlProfitConsult\/\",\"https:\/\/www.youtube.com\/channel\/UCZ5Gfntn161Nla3g1XdRldA\",\"https:\/\/sq.wikipedia.org\/wiki\/P\u00ebrdoruesi:Andi25~sqwiki\"]}]}<\/script>\n<!-- \/ Yoast SEO plugin. -->","yoast_head_json":{"title":"Employment Income - AlProfit Consult","robots":{"index":"index","follow":"follow","max-snippet":"max-snippet:-1","max-image-preview":"max-image-preview:large","max-video-preview":"max-video-preview:-1"},"canonical":"https:\/\/alprofitconsult.al\/en\/taxes\/divide\/taxable-income-2\/income-from-employment\/","og_locale":"en_US","og_type":"article","og_title":"T\u00eb Ardhurat nga Pun\u00ebsimi - AlProfit Consult","og_description":"12.1 \u00c7far\u00eb p\u00ebrfshin t\u00eb ardhurat nga pun\u00ebsimi? T\u00eb ardhurat nga pun\u00ebsimi p\u00ebrfshijn\u00eb \u00e7do p\u00ebrfitim t\u00eb individit q\u00eb ka lidhje me marr\u00ebdh\u00ebniet e pun\u00ebsimit, p\u00ebrfshir\u00eb pagat, shp\u00ebrblimet, bonuset dhe kompensimet. 12.2 Pagesat p\u00ebr marr\u00ebdh\u00ebnie pun\u00ebsimi t\u00eb ardhshme ose t\u00eb kaluara Edhe pagesat q\u00eb b\u00ebhen p\u00ebr marr\u00ebdh\u00ebnie pun\u00ebsimi t\u00eb ardhshme ose t\u00eb kaluara konsiderohen t\u00eb ardhura nga [&hellip;]","og_url":"https:\/\/alprofitconsult.al\/en\/taxes\/divide\/taxable-income-2\/income-from-employment\/","og_site_name":"AlProfit Consult","article_publisher":"https:\/\/www.facebook.com\/AlProfitConsult\/","article_modified_time":"2024-11-30T22:21:52+00:00","og_image":[{"url":"https:\/\/alprofitconsult.al\/wp-content\/uploads\/2024\/11\/Te-Ardhurat-nga-Punesimi-Tatimi-i-individeve-Alprofit-Consult.jpg","type":"","width":"","height":""}],"twitter_card":"summary_large_image","twitter_site":"@AlProfitConsult","twitter_misc":{"Est. reading time":"2 minutes"},"schema":{"@context":"https:\/\/schema.org","@graph":[{"@type":"WebPage","@id":"https:\/\/alprofitconsult.al\/en\/tatime\/individe\/te-ardhurat-e-tatueshme-2\/te-ardhurat-nga-punesimi\/","url":"https:\/\/alprofitconsult.al\/en\/tatime\/individe\/te-ardhurat-e-tatueshme-2\/te-ardhurat-nga-punesimi\/","name":"Employment Income - AlProfit Consult","isPartOf":{"@id":"https:\/\/alprofitconsult.al\/#website"},"primaryImageOfPage":{"@id":"https:\/\/alprofitconsult.al\/en\/tatime\/individe\/te-ardhurat-e-tatueshme-2\/te-ardhurat-nga-punesimi\/#primaryimage"},"image":{"@id":"https:\/\/alprofitconsult.al\/en\/tatime\/individe\/te-ardhurat-e-tatueshme-2\/te-ardhurat-nga-punesimi\/#primaryimage"},"thumbnailUrl":"https:\/\/alprofitconsult.al\/wp-content\/uploads\/2024\/11\/Te-Ardhurat-nga-Punesimi-Tatimi-i-individeve-Alprofit-Consult.jpg","datePublished":"2024-11-29T20:23:35+00:00","dateModified":"2024-11-30T22:21:52+00:00","breadcrumb":{"@id":"https:\/\/alprofitconsult.al\/en\/tatime\/individe\/te-ardhurat-e-tatueshme-2\/te-ardhurat-nga-punesimi\/#breadcrumb"},"inLanguage":"en-US","potentialAction":[{"@type":"ReadAction","target":["https:\/\/alprofitconsult.al\/en\/tatime\/individe\/te-ardhurat-e-tatueshme-2\/te-ardhurat-nga-punesimi\/"]}]},{"@type":"ImageObject","inLanguage":"en-US","@id":"https:\/\/alprofitconsult.al\/en\/tatime\/individe\/te-ardhurat-e-tatueshme-2\/te-ardhurat-nga-punesimi\/#primaryimage","url":"https:\/\/alprofitconsult.al\/wp-content\/uploads\/2024\/11\/Te-Ardhurat-nga-Punesimi-Tatimi-i-individeve-Alprofit-Consult.jpg","contentUrl":"https:\/\/alprofitconsult.al\/wp-content\/uploads\/2024\/11\/Te-Ardhurat-nga-Punesimi-Tatimi-i-individeve-Alprofit-Consult.jpg"},{"@type":"BreadcrumbList","@id":"https:\/\/alprofitconsult.al\/en\/tatime\/individe\/te-ardhurat-e-tatueshme-2\/te-ardhurat-nga-punesimi\/#breadcrumb","itemListElement":[{"@type":"ListItem","position":1,"name":"Kryefaqe","item":"https:\/\/alprofitconsult.al\/"},{"@type":"ListItem","position":2,"name":"Legjislacioni tatimor","item":"https:\/\/alprofitconsult.al\/en\/tatime\/"},{"@type":"ListItem","position":3,"name":"Individe","item":"https:\/\/alprofitconsult.al\/en\/tatime\/individe\/"},{"@type":"ListItem","position":4,"name":"T\u00eb ardhurat e tatueshme","item":"https:\/\/alprofitconsult.al\/en\/tatime\/individe\/te-ardhurat-e-tatueshme-2\/"},{"@type":"ListItem","position":5,"name":"T\u00eb Ardhurat nga Pun\u00ebsimi"}]},{"@type":"WebSite","@id":"https:\/\/alprofitconsult.al\/#website","url":"https:\/\/alprofitconsult.al\/","name":"AlProfit Consult","description":"Accounting Office","publisher":{"@id":"https:\/\/alprofitconsult.al\/#organization"},"potentialAction":[{"@type":"SearchAction","target":{"@type":"EntryPoint","urlTemplate":"https:\/\/alprofitconsult.al\/?s={search_term_string}"},"query-input":{"@type":"PropertyValueSpecification","valueRequired":true,"valueName":"search_term_string"}}],"inLanguage":"en-US"},{"@type":"Organization","@id":"https:\/\/alprofitconsult.al\/#organization","name":"Alprofit Consult","url":"https:\/\/alprofitconsult.al\/","logo":{"@type":"ImageObject","inLanguage":"en-US","@id":"https:\/\/alprofitconsult.al\/#\/schema\/logo\/image\/","url":"https:\/\/alprofitconsult.al\/wp-content\/uploads\/2022\/10\/logoalprofit.png","contentUrl":"https:\/\/alprofitconsult.al\/wp-content\/uploads\/2022\/10\/logoalprofit.png","width":529,"height":156,"caption":"Alprofit Consult"},"image":{"@id":"https:\/\/alprofitconsult.al\/#\/schema\/logo\/image\/"},"sameAs":["https:\/\/www.facebook.com\/AlProfitConsult\/","https:\/\/x.com\/AlProfitConsult","https:\/\/www.linkedin.com\/company\/andi-haxhillari\/","https:\/\/www.pinterest.com\/AlProfitConsult\/","https:\/\/www.youtube.com\/channel\/UCZ5Gfntn161Nla3g1XdRldA","https:\/\/sq.wikipedia.org\/wiki\/P\u00ebrdoruesi:Andi25~sqwiki"]}]}},"_links":{"self":[{"href":"https:\/\/alprofitconsult.al\/en\/wp-json\/wp\/v2\/pages\/19579","targetHints":{"allow":["GET"]}}],"collection":[{"href":"https:\/\/alprofitconsult.al\/en\/wp-json\/wp\/v2\/pages"}],"about":[{"href":"https:\/\/alprofitconsult.al\/en\/wp-json\/wp\/v2\/types\/page"}],"author":[{"embeddable":true,"href":"https:\/\/alprofitconsult.al\/en\/wp-json\/wp\/v2\/users\/1"}],"replies":[{"embeddable":true,"href":"https:\/\/alprofitconsult.al\/en\/wp-json\/wp\/v2\/comments?post=19579"}],"version-history":[{"count":5,"href":"https:\/\/alprofitconsult.al\/en\/wp-json\/wp\/v2\/pages\/19579\/revisions"}],"predecessor-version":[{"id":20044,"href":"https:\/\/alprofitconsult.al\/en\/wp-json\/wp\/v2\/pages\/19579\/revisions\/20044"}],"up":[{"embeddable":true,"href":"https:\/\/alprofitconsult.al\/en\/wp-json\/wp\/v2\/pages\/19570"}],"wp:attachment":[{"href":"https:\/\/alprofitconsult.al\/en\/wp-json\/wp\/v2\/media?parent=19579"}],"curies":[{"name":"wp","href":"https:\/\/api.w.org\/{rel}","templated":true}]}}