{"id":19588,"date":"2024-11-29T20:25:07","date_gmt":"2024-11-29T20:25:07","guid":{"rendered":"https:\/\/alprofitconsult.al\/?page_id=19588"},"modified":"2024-11-30T22:22:39","modified_gmt":"2024-11-30T22:22:39","slug":"investment-income","status":"publish","type":"page","link":"https:\/\/alprofitconsult.al\/en\/tatime\/individe\/te-ardhurat-e-tatueshme-2\/te-ardhurat-nga-investimet\/","title":{"rendered":"Income from Investments"},"content":{"rendered":"<div class=\"yoast-breadcrumbs\"><span><span><a href=\"https:\/\/alprofitconsult.al\/en\/\">Home<\/a><\/span> | <span><a href=\"https:\/\/alprofitconsult.al\/en\/tatime\/\">Tax legislation<\/a><\/span> | <span><a href=\"https:\/\/alprofitconsult.al\/en\/tatime\/individe\/\">Individual<\/a><\/span> | <span><a href=\"https:\/\/alprofitconsult.al\/en\/tatime\/individe\/te-ardhurat-e-tatueshme-2\/\">Taxable Income<\/a><\/span> | <span class=\"breadcrumb_last\" aria-current=\"page\">Income from Investments<\/span><\/span><\/div>\n\n\n<p><\/p>\n\n\n\n<figure class=\"wp-block-image size-full\"><img loading=\"lazy\" decoding=\"async\" width=\"1920\" height=\"1280\" src=\"https:\/\/alprofitconsult.al\/wp-content\/uploads\/2024\/11\/Te-ardhurat-nga-investimet-Alprofit-Consult.jpg\" alt=\"\" class=\"wp-image-19770\" srcset=\"https:\/\/alprofitconsult.al\/wp-content\/uploads\/2024\/11\/Te-ardhurat-nga-investimet-Alprofit-Consult.jpg 1920w, https:\/\/alprofitconsult.al\/wp-content\/uploads\/2024\/11\/Te-ardhurat-nga-investimet-Alprofit-Consult-768x512.jpg 768w, https:\/\/alprofitconsult.al\/wp-content\/uploads\/2024\/11\/Te-ardhurat-nga-investimet-Alprofit-Consult-1536x1024.jpg 1536w\" sizes=\"auto, (max-width: 1920px) 100vw, 1920px\" \/><\/figure>\n\n\n\n<h2 class=\"wp-block-heading\">14.1 What income from investments includes<\/h2>\n\n\n\n<p>Income from investments includes income from interest on deposits, current accounts and treasury bills, dividends, capital gains from the transfer of equity shares and securities, income from the rental of immovable property, and income from transactions with virtual assets.<\/p>\n\n\n\n<h2 class=\"wp-block-heading\">15.2 Investment income exempt from tax<\/h2>\n\n\n\n<p>Income from the transfer of movable property, except for the transfer of vehicles, aircraft and vessels within 12 months from purchase, is exempt from tax. Income from investment in Eurobonds issued by the Government of Albania is also exempt from tax for Albanian non-resident individuals.<\/p>\n\n\n\n<h2 class=\"wp-block-heading\">15.3 Calculation of tax on capital gains<\/h2>\n\n\n\n<p>The sale price of equity shares must take into consideration the residual value of assets and any other current assets. The sale price must represent the fair market value of the assets.<\/p>\n\n\n<div class=\"gdlr-core-widget-box-shortcode\" style=\"color: #ffffff ;background-color: #000014 ;\"  ><h3 class=\"gdlr-core-widget-box-shortcode-title\" style=\"color: #ffffff ;\"  >Do you have a question?<\/h3><div class=\"gdlr-core-widget-box-shortcode-content\" ><p class=\"translation-block\">Do not hesitate to <a href=\"https:\/\/alprofitconsult.al\/en\/contact\/\" target=\"_self\">contact<\/a> us. We are a team of experts and will be happy to speak with you.<\/p>\n<\/div><\/div>","protected":false},"excerpt":{"rendered":"<p>15.1 Llojet e t\u00eb ardhurave nga investimet T\u00eb ardhurat nga investimet p\u00ebrfshijn\u00eb t\u00eb ardhurat nga interesat e depozitave, llogarive rrjedh\u00ebse dhe bonove t\u00eb thesarit, dividend\u00ebt, fitimet kapitale nga tjet\u00ebrsimi i kuotave t\u00eb kapitalit dhe letrave me vler\u00eb, t\u00eb ardhurat nga qiraja e pasurive t\u00eb paluajtshme dhe t\u00eb ardhurat nga transaksionet me mjete virtuale. 15.2 T\u00eb [&hellip;]<\/p>\n","protected":false},"author":1,"featured_media":0,"parent":19570,"menu_order":0,"comment_status":"closed","ping_status":"closed","template":"","meta":{"footnotes":""},"class_list":["post-19588","page","type-page","status-publish","hentry"],"yoast_head":"<!-- This site is optimized with the Yoast SEO plugin v26.5 - https:\/\/yoast.com\/wordpress\/plugins\/seo\/ -->\n<title>T\u00eb Ardhurat nga Investimet - AlProfit Consult<\/title>\n<meta name=\"robots\" content=\"index, follow, max-snippet:-1, max-image-preview:large, max-video-preview:-1\" \/>\n<link rel=\"canonical\" href=\"https:\/\/alprofitconsult.al\/en\/taxes\/divide\/taxable-income-2\/investment-income\/\" \/>\n<meta property=\"og:locale\" content=\"en_US\" \/>\n<meta property=\"og:type\" content=\"article\" \/>\n<meta property=\"og:title\" content=\"T\u00eb Ardhurat nga Investimet - AlProfit Consult\" \/>\n<meta property=\"og:description\" content=\"15.1 Llojet e t\u00eb ardhurave nga investimet T\u00eb ardhurat nga investimet p\u00ebrfshijn\u00eb t\u00eb ardhurat nga interesat e depozitave, llogarive rrjedh\u00ebse dhe bonove t\u00eb thesarit, dividend\u00ebt, fitimet kapitale nga tjet\u00ebrsimi i kuotave t\u00eb kapitalit dhe letrave me vler\u00eb, t\u00eb ardhurat nga qiraja e pasurive t\u00eb paluajtshme dhe t\u00eb ardhurat nga transaksionet me mjete virtuale. 15.2 T\u00eb [&hellip;]\" \/>\n<meta property=\"og:url\" content=\"https:\/\/alprofitconsult.al\/en\/taxes\/divide\/taxable-income-2\/investment-income\/\" \/>\n<meta property=\"og:site_name\" content=\"AlProfit Consult\" \/>\n<meta property=\"article:publisher\" content=\"https:\/\/www.facebook.com\/AlProfitConsult\/\" \/>\n<meta property=\"article:modified_time\" content=\"2024-11-30T22:22:39+00:00\" \/>\n<meta property=\"og:image\" content=\"https:\/\/alprofitconsult.al\/wp-content\/uploads\/2024\/11\/Te-ardhurat-nga-investimet-Alprofit-Consult.jpg\" \/>\n<meta name=\"twitter:card\" content=\"summary_large_image\" \/>\n<meta name=\"twitter:site\" content=\"@AlProfitConsult\" \/>\n<meta name=\"twitter:label1\" content=\"Est. reading time\" \/>\n\t<meta name=\"twitter:data1\" content=\"1 minute\" \/>\n<script type=\"application\/ld+json\" class=\"yoast-schema-graph\">{\"@context\":\"https:\/\/schema.org\",\"@graph\":[{\"@type\":\"WebPage\",\"@id\":\"https:\/\/alprofitconsult.al\/en\/tatime\/individe\/te-ardhurat-e-tatueshme-2\/te-ardhurat-nga-investimet\/\",\"url\":\"https:\/\/alprofitconsult.al\/en\/tatime\/individe\/te-ardhurat-e-tatueshme-2\/te-ardhurat-nga-investimet\/\",\"name\":\"T\u00eb Ardhurat nga Investimet - AlProfit Consult\",\"isPartOf\":{\"@id\":\"https:\/\/alprofitconsult.al\/#website\"},\"primaryImageOfPage\":{\"@id\":\"https:\/\/alprofitconsult.al\/en\/tatime\/individe\/te-ardhurat-e-tatueshme-2\/te-ardhurat-nga-investimet\/#primaryimage\"},\"image\":{\"@id\":\"https:\/\/alprofitconsult.al\/en\/tatime\/individe\/te-ardhurat-e-tatueshme-2\/te-ardhurat-nga-investimet\/#primaryimage\"},\"thumbnailUrl\":\"https:\/\/alprofitconsult.al\/wp-content\/uploads\/2024\/11\/Te-ardhurat-nga-investimet-Alprofit-Consult.jpg\",\"datePublished\":\"2024-11-29T20:25:07+00:00\",\"dateModified\":\"2024-11-30T22:22:39+00:00\",\"breadcrumb\":{\"@id\":\"https:\/\/alprofitconsult.al\/en\/tatime\/individe\/te-ardhurat-e-tatueshme-2\/te-ardhurat-nga-investimet\/#breadcrumb\"},\"inLanguage\":\"en-US\",\"potentialAction\":[{\"@type\":\"ReadAction\",\"target\":[\"https:\/\/alprofitconsult.al\/en\/tatime\/individe\/te-ardhurat-e-tatueshme-2\/te-ardhurat-nga-investimet\/\"]}]},{\"@type\":\"ImageObject\",\"inLanguage\":\"en-US\",\"@id\":\"https:\/\/alprofitconsult.al\/en\/tatime\/individe\/te-ardhurat-e-tatueshme-2\/te-ardhurat-nga-investimet\/#primaryimage\",\"url\":\"https:\/\/alprofitconsult.al\/wp-content\/uploads\/2024\/11\/Te-ardhurat-nga-investimet-Alprofit-Consult.jpg\",\"contentUrl\":\"https:\/\/alprofitconsult.al\/wp-content\/uploads\/2024\/11\/Te-ardhurat-nga-investimet-Alprofit-Consult.jpg\"},{\"@type\":\"BreadcrumbList\",\"@id\":\"https:\/\/alprofitconsult.al\/en\/tatime\/individe\/te-ardhurat-e-tatueshme-2\/te-ardhurat-nga-investimet\/#breadcrumb\",\"itemListElement\":[{\"@type\":\"ListItem\",\"position\":1,\"name\":\"Kryefaqe\",\"item\":\"https:\/\/alprofitconsult.al\/\"},{\"@type\":\"ListItem\",\"position\":2,\"name\":\"Legjislacioni tatimor\",\"item\":\"https:\/\/alprofitconsult.al\/en\/tatime\/\"},{\"@type\":\"ListItem\",\"position\":3,\"name\":\"Individe\",\"item\":\"https:\/\/alprofitconsult.al\/en\/tatime\/individe\/\"},{\"@type\":\"ListItem\",\"position\":4,\"name\":\"T\u00eb ardhurat e tatueshme\",\"item\":\"https:\/\/alprofitconsult.al\/en\/tatime\/individe\/te-ardhurat-e-tatueshme-2\/\"},{\"@type\":\"ListItem\",\"position\":5,\"name\":\"T\u00eb Ardhurat nga Investimet\"}]},{\"@type\":\"WebSite\",\"@id\":\"https:\/\/alprofitconsult.al\/#website\",\"url\":\"https:\/\/alprofitconsult.al\/\",\"name\":\"AlProfit Consult\",\"description\":\"Zyr\u00eb Kontabiliteti\",\"publisher\":{\"@id\":\"https:\/\/alprofitconsult.al\/#organization\"},\"potentialAction\":[{\"@type\":\"SearchAction\",\"target\":{\"@type\":\"EntryPoint\",\"urlTemplate\":\"https:\/\/alprofitconsult.al\/?s={search_term_string}\"},\"query-input\":{\"@type\":\"PropertyValueSpecification\",\"valueRequired\":true,\"valueName\":\"search_term_string\"}}],\"inLanguage\":\"en-US\"},{\"@type\":\"Organization\",\"@id\":\"https:\/\/alprofitconsult.al\/#organization\",\"name\":\"Alprofit Consult\",\"url\":\"https:\/\/alprofitconsult.al\/\",\"logo\":{\"@type\":\"ImageObject\",\"inLanguage\":\"en-US\",\"@id\":\"https:\/\/alprofitconsult.al\/#\/schema\/logo\/image\/\",\"url\":\"https:\/\/alprofitconsult.al\/wp-content\/uploads\/2022\/10\/logoalprofit.png\",\"contentUrl\":\"https:\/\/alprofitconsult.al\/wp-content\/uploads\/2022\/10\/logoalprofit.png\",\"width\":529,\"height\":156,\"caption\":\"Alprofit Consult\"},\"image\":{\"@id\":\"https:\/\/alprofitconsult.al\/#\/schema\/logo\/image\/\"},\"sameAs\":[\"https:\/\/www.facebook.com\/AlProfitConsult\/\",\"https:\/\/x.com\/AlProfitConsult\",\"https:\/\/www.linkedin.com\/company\/andi-haxhillari\/\",\"https:\/\/www.pinterest.com\/AlProfitConsult\/\",\"https:\/\/www.youtube.com\/channel\/UCZ5Gfntn161Nla3g1XdRldA\",\"https:\/\/sq.wikipedia.org\/wiki\/P\u00ebrdoruesi:Andi25~sqwiki\"]}]}<\/script>\n<!-- \/ Yoast SEO plugin. -->","yoast_head_json":{"title":"Investment Income - AlProfit Consult","robots":{"index":"index","follow":"follow","max-snippet":"max-snippet:-1","max-image-preview":"max-image-preview:large","max-video-preview":"max-video-preview:-1"},"canonical":"https:\/\/alprofitconsult.al\/en\/taxes\/divide\/taxable-income-2\/investment-income\/","og_locale":"en_US","og_type":"article","og_title":"T\u00eb Ardhurat nga Investimet - AlProfit Consult","og_description":"15.1 Llojet e t\u00eb ardhurave nga investimet T\u00eb ardhurat nga investimet p\u00ebrfshijn\u00eb t\u00eb ardhurat nga interesat e depozitave, llogarive rrjedh\u00ebse dhe bonove t\u00eb thesarit, dividend\u00ebt, fitimet kapitale nga tjet\u00ebrsimi i kuotave t\u00eb kapitalit dhe letrave me vler\u00eb, t\u00eb ardhurat nga qiraja e pasurive t\u00eb paluajtshme dhe t\u00eb ardhurat nga transaksionet me mjete virtuale. 15.2 T\u00eb [&hellip;]","og_url":"https:\/\/alprofitconsult.al\/en\/taxes\/divide\/taxable-income-2\/investment-income\/","og_site_name":"AlProfit Consult","article_publisher":"https:\/\/www.facebook.com\/AlProfitConsult\/","article_modified_time":"2024-11-30T22:22:39+00:00","og_image":[{"url":"https:\/\/alprofitconsult.al\/wp-content\/uploads\/2024\/11\/Te-ardhurat-nga-investimet-Alprofit-Consult.jpg","type":"","width":"","height":""}],"twitter_card":"summary_large_image","twitter_site":"@AlProfitConsult","twitter_misc":{"Est. reading time":"1 minute"},"schema":{"@context":"https:\/\/schema.org","@graph":[{"@type":"WebPage","@id":"https:\/\/alprofitconsult.al\/en\/tatime\/individe\/te-ardhurat-e-tatueshme-2\/te-ardhurat-nga-investimet\/","url":"https:\/\/alprofitconsult.al\/en\/tatime\/individe\/te-ardhurat-e-tatueshme-2\/te-ardhurat-nga-investimet\/","name":"Investment Income - AlProfit Consult","isPartOf":{"@id":"https:\/\/alprofitconsult.al\/#website"},"primaryImageOfPage":{"@id":"https:\/\/alprofitconsult.al\/en\/tatime\/individe\/te-ardhurat-e-tatueshme-2\/te-ardhurat-nga-investimet\/#primaryimage"},"image":{"@id":"https:\/\/alprofitconsult.al\/en\/tatime\/individe\/te-ardhurat-e-tatueshme-2\/te-ardhurat-nga-investimet\/#primaryimage"},"thumbnailUrl":"https:\/\/alprofitconsult.al\/wp-content\/uploads\/2024\/11\/Te-ardhurat-nga-investimet-Alprofit-Consult.jpg","datePublished":"2024-11-29T20:25:07+00:00","dateModified":"2024-11-30T22:22:39+00:00","breadcrumb":{"@id":"https:\/\/alprofitconsult.al\/en\/tatime\/individe\/te-ardhurat-e-tatueshme-2\/te-ardhurat-nga-investimet\/#breadcrumb"},"inLanguage":"en-US","potentialAction":[{"@type":"ReadAction","target":["https:\/\/alprofitconsult.al\/en\/tatime\/individe\/te-ardhurat-e-tatueshme-2\/te-ardhurat-nga-investimet\/"]}]},{"@type":"ImageObject","inLanguage":"en-US","@id":"https:\/\/alprofitconsult.al\/en\/tatime\/individe\/te-ardhurat-e-tatueshme-2\/te-ardhurat-nga-investimet\/#primaryimage","url":"https:\/\/alprofitconsult.al\/wp-content\/uploads\/2024\/11\/Te-ardhurat-nga-investimet-Alprofit-Consult.jpg","contentUrl":"https:\/\/alprofitconsult.al\/wp-content\/uploads\/2024\/11\/Te-ardhurat-nga-investimet-Alprofit-Consult.jpg"},{"@type":"BreadcrumbList","@id":"https:\/\/alprofitconsult.al\/en\/tatime\/individe\/te-ardhurat-e-tatueshme-2\/te-ardhurat-nga-investimet\/#breadcrumb","itemListElement":[{"@type":"ListItem","position":1,"name":"Kryefaqe","item":"https:\/\/alprofitconsult.al\/"},{"@type":"ListItem","position":2,"name":"Legjislacioni tatimor","item":"https:\/\/alprofitconsult.al\/en\/tatime\/"},{"@type":"ListItem","position":3,"name":"Individe","item":"https:\/\/alprofitconsult.al\/en\/tatime\/individe\/"},{"@type":"ListItem","position":4,"name":"T\u00eb ardhurat e tatueshme","item":"https:\/\/alprofitconsult.al\/en\/tatime\/individe\/te-ardhurat-e-tatueshme-2\/"},{"@type":"ListItem","position":5,"name":"T\u00eb Ardhurat nga Investimet"}]},{"@type":"WebSite","@id":"https:\/\/alprofitconsult.al\/#website","url":"https:\/\/alprofitconsult.al\/","name":"AlProfit Consult","description":"Accounting Office","publisher":{"@id":"https:\/\/alprofitconsult.al\/#organization"},"potentialAction":[{"@type":"SearchAction","target":{"@type":"EntryPoint","urlTemplate":"https:\/\/alprofitconsult.al\/?s={search_term_string}"},"query-input":{"@type":"PropertyValueSpecification","valueRequired":true,"valueName":"search_term_string"}}],"inLanguage":"en-US"},{"@type":"Organization","@id":"https:\/\/alprofitconsult.al\/#organization","name":"Alprofit Consult","url":"https:\/\/alprofitconsult.al\/","logo":{"@type":"ImageObject","inLanguage":"en-US","@id":"https:\/\/alprofitconsult.al\/#\/schema\/logo\/image\/","url":"https:\/\/alprofitconsult.al\/wp-content\/uploads\/2022\/10\/logoalprofit.png","contentUrl":"https:\/\/alprofitconsult.al\/wp-content\/uploads\/2022\/10\/logoalprofit.png","width":529,"height":156,"caption":"Alprofit Consult"},"image":{"@id":"https:\/\/alprofitconsult.al\/#\/schema\/logo\/image\/"},"sameAs":["https:\/\/www.facebook.com\/AlProfitConsult\/","https:\/\/x.com\/AlProfitConsult","https:\/\/www.linkedin.com\/company\/andi-haxhillari\/","https:\/\/www.pinterest.com\/AlProfitConsult\/","https:\/\/www.youtube.com\/channel\/UCZ5Gfntn161Nla3g1XdRldA","https:\/\/sq.wikipedia.org\/wiki\/P\u00ebrdoruesi:Andi25~sqwiki"]}]}},"_links":{"self":[{"href":"https:\/\/alprofitconsult.al\/en\/wp-json\/wp\/v2\/pages\/19588","targetHints":{"allow":["GET"]}}],"collection":[{"href":"https:\/\/alprofitconsult.al\/en\/wp-json\/wp\/v2\/pages"}],"about":[{"href":"https:\/\/alprofitconsult.al\/en\/wp-json\/wp\/v2\/types\/page"}],"author":[{"embeddable":true,"href":"https:\/\/alprofitconsult.al\/en\/wp-json\/wp\/v2\/users\/1"}],"replies":[{"embeddable":true,"href":"https:\/\/alprofitconsult.al\/en\/wp-json\/wp\/v2\/comments?post=19588"}],"version-history":[{"count":5,"href":"https:\/\/alprofitconsult.al\/en\/wp-json\/wp\/v2\/pages\/19588\/revisions"}],"predecessor-version":[{"id":20046,"href":"https:\/\/alprofitconsult.al\/en\/wp-json\/wp\/v2\/pages\/19588\/revisions\/20046"}],"up":[{"embeddable":true,"href":"https:\/\/alprofitconsult.al\/en\/wp-json\/wp\/v2\/pages\/19570"}],"wp:attachment":[{"href":"https:\/\/alprofitconsult.al\/en\/wp-json\/wp\/v2\/media?parent=19588"}],"curies":[{"name":"wp","href":"https:\/\/api.w.org\/{rel}","templated":true}]}}