{"id":19591,"date":"2024-11-29T20:25:27","date_gmt":"2024-11-29T20:25:27","guid":{"rendered":"https:\/\/alprofitconsult.al\/?page_id=19591"},"modified":"2024-11-30T22:22:57","modified_gmt":"2024-11-30T22:22:57","slug":"procedures-for-income-tax-on-investments","status":"publish","type":"page","link":"https:\/\/alprofitconsult.al\/en\/tatime\/individ\/procedurat-per-tatimin-mbi-te-ardhurat-nga-investimet\/","title":{"rendered":"Procedures for Taxation of Investment Income"},"content":{"rendered":"<div class=\"yoast-breadcrumbs\"><span><span><a href=\"https:\/\/alprofitconsult.al\/en\/\">Home<\/a><\/span> | <span><a href=\"https:\/\/alprofitconsult.al\/en\/tatime\/\">Tax legislation<\/a><\/span> | <span><a href=\"https:\/\/alprofitconsult.al\/en\/tatime\/individ\/\">Individual<\/a><\/span> | <span class=\"breadcrumb_last\" aria-current=\"page\">Procedures for Taxation of Investment Income<\/span><\/span><\/div>\n\n\n<p><\/p>\n\n\n\n<figure class=\"wp-block-image size-full\"><img loading=\"lazy\" decoding=\"async\" width=\"1920\" height=\"1280\" src=\"https:\/\/alprofitconsult.al\/wp-content\/uploads\/2024\/11\/Procedurat-per-Tatimin-mbi-te-Ardhurat-nga-Investimet-Alprofit-Consult.jpg\" alt=\"\" class=\"wp-image-19774\" srcset=\"https:\/\/alprofitconsult.al\/wp-content\/uploads\/2024\/11\/Procedurat-per-Tatimin-mbi-te-Ardhurat-nga-Investimet-Alprofit-Consult.jpg 1920w, https:\/\/alprofitconsult.al\/wp-content\/uploads\/2024\/11\/Procedurat-per-Tatimin-mbi-te-Ardhurat-nga-Investimet-Alprofit-Consult-768x512.jpg 768w, https:\/\/alprofitconsult.al\/wp-content\/uploads\/2024\/11\/Procedurat-per-Tatimin-mbi-te-Ardhurat-nga-Investimet-Alprofit-Consult-1536x1024.jpg 1536w\" sizes=\"auto, (max-width: 1920px) 100vw, 1920px\" \/><\/figure>\n\n\n\n<h2 class=\"wp-block-heading\">16.1 Calculation of tax on gains from the transfer of securities and virtual assets<\/h2>\n\n\n\n<p>The tax on income from the transfer of securities and virtual assets is determined as the difference between the selling price and the purchase price of these assets. Expenses directly related to the purchase and sale of the securities or financial instruments are not deducted from the tax base.<\/p>\n\n\n\n<h2 class=\"wp-block-heading\">16.2 Documentation for trading securities and virtual assets<\/h2>\n\n\n\n<p>The purchase and sale prices are established by bank documents and trade confirmations from brokerage firms.<\/p>\n\n\n\n<h2 class=\"wp-block-heading\">16.3 Offset of losses from investments in the same tax year<\/h2>\n\n\n\n<p>Losses from the transfer of securities or virtual assets may be offset against gains from the transfer of other securities or virtual assets in the same tax year.<\/p>\n\n\n\n<h2 class=\"wp-block-heading\">16.4 Declaration of income from virtual asset mining<\/h2>\n\n\n\n<p>Income from mining virtual assets is declared in the annual personal income tax return and is valued at the market price on the day the virtual asset is received.<\/p>\n\n\n<div class=\"gdlr-core-widget-box-shortcode\" style=\"color: #ffffff ;background-color: #000014 ;\"  ><h3 class=\"gdlr-core-widget-box-shortcode-title\" style=\"color: #ffffff ;\"  >Do you have a question?<\/h3><div class=\"gdlr-core-widget-box-shortcode-content\" ><p class=\"translation-block\">Do not hesitate to <a href=\"https:\/\/alprofitconsult.al\/en\/contact\/\" target=\"_self\">contact<\/a> us. We are a team of experts and will be happy to speak with you.<\/p>\n<\/div><\/div>","protected":false},"excerpt":{"rendered":"<p>16.1 Llogaritja e tatimit mbi fitimet nga tjet\u00ebrsimi i titujve dhe mjeteve virtuale Tatimi mbi t\u00eb ardhurat nga tjet\u00ebrsimi i titujve dhe mjeteve virtuale p\u00ebrcaktohet si diferenc\u00eb midis \u00e7mimit t\u00eb shitjes dhe \u00e7mimit t\u00eb blerjes s\u00eb k\u00ebtyre aseteve. Shpenzimet e lidhura drejtp\u00ebrdrejt me blerjen dhe shitjen e titujve apo instrumenteve financiare nuk zbriten nga baza [&hellip;]<\/p>\n","protected":false},"author":1,"featured_media":0,"parent":15065,"menu_order":0,"comment_status":"closed","ping_status":"closed","template":"","meta":{"footnotes":""},"class_list":["post-19591","page","type-page","status-publish","hentry"],"yoast_head":"<!-- This site is optimized with the Yoast SEO plugin v26.5 - https:\/\/yoast.com\/wordpress\/plugins\/seo\/ -->\n<title>Procedurat p\u00ebr Tatimin mbi t\u00eb Ardhurat nga Investimet - AlProfit Consult<\/title>\n<meta name=\"robots\" content=\"index, follow, max-snippet:-1, max-image-preview:large, max-video-preview:-1\" \/>\n<link rel=\"canonical\" href=\"https:\/\/alprofitconsult.al\/en\/taxes\/individual\/procedures-for-income-tax-on-investments\/\" \/>\n<meta property=\"og:locale\" content=\"en_US\" \/>\n<meta property=\"og:type\" content=\"article\" \/>\n<meta property=\"og:title\" content=\"Procedurat p\u00ebr Tatimin mbi t\u00eb Ardhurat nga Investimet - AlProfit Consult\" \/>\n<meta property=\"og:description\" content=\"16.1 Llogaritja e tatimit mbi fitimet nga tjet\u00ebrsimi i titujve dhe mjeteve virtuale Tatimi mbi t\u00eb ardhurat nga tjet\u00ebrsimi i titujve dhe mjeteve virtuale p\u00ebrcaktohet si diferenc\u00eb midis \u00e7mimit t\u00eb shitjes dhe \u00e7mimit t\u00eb blerjes s\u00eb k\u00ebtyre aseteve. Shpenzimet e lidhura drejtp\u00ebrdrejt me blerjen dhe shitjen e titujve apo instrumenteve financiare nuk zbriten nga baza [&hellip;]\" \/>\n<meta property=\"og:url\" content=\"https:\/\/alprofitconsult.al\/en\/taxes\/individual\/procedures-for-income-tax-on-investments\/\" \/>\n<meta property=\"og:site_name\" content=\"AlProfit Consult\" \/>\n<meta property=\"article:publisher\" content=\"https:\/\/www.facebook.com\/AlProfitConsult\/\" \/>\n<meta property=\"article:modified_time\" content=\"2024-11-30T22:22:57+00:00\" \/>\n<meta property=\"og:image\" content=\"https:\/\/alprofitconsult.al\/wp-content\/uploads\/2024\/11\/Procedurat-per-Tatimin-mbi-te-Ardhurat-nga-Investimet-Alprofit-Consult.jpg\" \/>\n<meta name=\"twitter:card\" content=\"summary_large_image\" \/>\n<meta name=\"twitter:site\" content=\"@AlProfitConsult\" \/>\n<meta name=\"twitter:label1\" content=\"Est. reading time\" \/>\n\t<meta name=\"twitter:data1\" content=\"1 minute\" \/>\n<script type=\"application\/ld+json\" class=\"yoast-schema-graph\">{\"@context\":\"https:\/\/schema.org\",\"@graph\":[{\"@type\":\"WebPage\",\"@id\":\"https:\/\/alprofitconsult.al\/en\/tatime\/individ\/procedurat-per-tatimin-mbi-te-ardhurat-nga-investimet\/\",\"url\":\"https:\/\/alprofitconsult.al\/en\/tatime\/individ\/procedurat-per-tatimin-mbi-te-ardhurat-nga-investimet\/\",\"name\":\"Procedurat p\u00ebr Tatimin mbi t\u00eb Ardhurat nga Investimet - AlProfit Consult\",\"isPartOf\":{\"@id\":\"https:\/\/alprofitconsult.al\/#website\"},\"primaryImageOfPage\":{\"@id\":\"https:\/\/alprofitconsult.al\/en\/tatime\/individ\/procedurat-per-tatimin-mbi-te-ardhurat-nga-investimet\/#primaryimage\"},\"image\":{\"@id\":\"https:\/\/alprofitconsult.al\/en\/tatime\/individ\/procedurat-per-tatimin-mbi-te-ardhurat-nga-investimet\/#primaryimage\"},\"thumbnailUrl\":\"https:\/\/alprofitconsult.al\/wp-content\/uploads\/2024\/11\/Procedurat-per-Tatimin-mbi-te-Ardhurat-nga-Investimet-Alprofit-Consult.jpg\",\"datePublished\":\"2024-11-29T20:25:27+00:00\",\"dateModified\":\"2024-11-30T22:22:57+00:00\",\"breadcrumb\":{\"@id\":\"https:\/\/alprofitconsult.al\/en\/tatime\/individ\/procedurat-per-tatimin-mbi-te-ardhurat-nga-investimet\/#breadcrumb\"},\"inLanguage\":\"en-US\",\"potentialAction\":[{\"@type\":\"ReadAction\",\"target\":[\"https:\/\/alprofitconsult.al\/en\/tatime\/individ\/procedurat-per-tatimin-mbi-te-ardhurat-nga-investimet\/\"]}]},{\"@type\":\"ImageObject\",\"inLanguage\":\"en-US\",\"@id\":\"https:\/\/alprofitconsult.al\/en\/tatime\/individ\/procedurat-per-tatimin-mbi-te-ardhurat-nga-investimet\/#primaryimage\",\"url\":\"https:\/\/alprofitconsult.al\/wp-content\/uploads\/2024\/11\/Procedurat-per-Tatimin-mbi-te-Ardhurat-nga-Investimet-Alprofit-Consult.jpg\",\"contentUrl\":\"https:\/\/alprofitconsult.al\/wp-content\/uploads\/2024\/11\/Procedurat-per-Tatimin-mbi-te-Ardhurat-nga-Investimet-Alprofit-Consult.jpg\"},{\"@type\":\"BreadcrumbList\",\"@id\":\"https:\/\/alprofitconsult.al\/en\/tatime\/individ\/procedurat-per-tatimin-mbi-te-ardhurat-nga-investimet\/#breadcrumb\",\"itemListElement\":[{\"@type\":\"ListItem\",\"position\":1,\"name\":\"Kryefaqe\",\"item\":\"https:\/\/alprofitconsult.al\/\"},{\"@type\":\"ListItem\",\"position\":2,\"name\":\"Legjislacioni tatimor\",\"item\":\"https:\/\/alprofitconsult.al\/en\/tatime\/\"},{\"@type\":\"ListItem\",\"position\":3,\"name\":\"Individ\",\"item\":\"https:\/\/alprofitconsult.al\/en\/tatime\/individ\/\"},{\"@type\":\"ListItem\",\"position\":4,\"name\":\"Procedurat p\u00ebr Tatimin mbi t\u00eb Ardhurat nga Investimet\"}]},{\"@type\":\"WebSite\",\"@id\":\"https:\/\/alprofitconsult.al\/#website\",\"url\":\"https:\/\/alprofitconsult.al\/\",\"name\":\"AlProfit Consult\",\"description\":\"Zyr\u00eb Kontabiliteti\",\"publisher\":{\"@id\":\"https:\/\/alprofitconsult.al\/#organization\"},\"potentialAction\":[{\"@type\":\"SearchAction\",\"target\":{\"@type\":\"EntryPoint\",\"urlTemplate\":\"https:\/\/alprofitconsult.al\/?s={search_term_string}\"},\"query-input\":{\"@type\":\"PropertyValueSpecification\",\"valueRequired\":true,\"valueName\":\"search_term_string\"}}],\"inLanguage\":\"en-US\"},{\"@type\":\"Organization\",\"@id\":\"https:\/\/alprofitconsult.al\/#organization\",\"name\":\"Alprofit Consult\",\"url\":\"https:\/\/alprofitconsult.al\/\",\"logo\":{\"@type\":\"ImageObject\",\"inLanguage\":\"en-US\",\"@id\":\"https:\/\/alprofitconsult.al\/#\/schema\/logo\/image\/\",\"url\":\"https:\/\/alprofitconsult.al\/wp-content\/uploads\/2022\/10\/logoalprofit.png\",\"contentUrl\":\"https:\/\/alprofitconsult.al\/wp-content\/uploads\/2022\/10\/logoalprofit.png\",\"width\":529,\"height\":156,\"caption\":\"Alprofit Consult\"},\"image\":{\"@id\":\"https:\/\/alprofitconsult.al\/#\/schema\/logo\/image\/\"},\"sameAs\":[\"https:\/\/www.facebook.com\/AlProfitConsult\/\",\"https:\/\/x.com\/AlProfitConsult\",\"https:\/\/www.linkedin.com\/company\/andi-haxhillari\/\",\"https:\/\/www.pinterest.com\/AlProfitConsult\/\",\"https:\/\/www.youtube.com\/channel\/UCZ5Gfntn161Nla3g1XdRldA\",\"https:\/\/sq.wikipedia.org\/wiki\/P\u00ebrdoruesi:Andi25~sqwiki\"]}]}<\/script>\n<!-- \/ Yoast SEO plugin. -->","yoast_head_json":{"title":"Investment Income Tax Procedures - AlProfit Consult","robots":{"index":"index","follow":"follow","max-snippet":"max-snippet:-1","max-image-preview":"max-image-preview:large","max-video-preview":"max-video-preview:-1"},"canonical":"https:\/\/alprofitconsult.al\/en\/taxes\/individual\/procedures-for-income-tax-on-investments\/","og_locale":"en_US","og_type":"article","og_title":"Procedurat p\u00ebr Tatimin mbi t\u00eb Ardhurat nga Investimet - AlProfit Consult","og_description":"16.1 Llogaritja e tatimit mbi fitimet nga tjet\u00ebrsimi i titujve dhe mjeteve virtuale Tatimi mbi t\u00eb ardhurat nga tjet\u00ebrsimi i titujve dhe mjeteve virtuale p\u00ebrcaktohet si diferenc\u00eb midis \u00e7mimit t\u00eb shitjes dhe \u00e7mimit t\u00eb blerjes s\u00eb k\u00ebtyre aseteve. Shpenzimet e lidhura drejtp\u00ebrdrejt me blerjen dhe shitjen e titujve apo instrumenteve financiare nuk zbriten nga baza [&hellip;]","og_url":"https:\/\/alprofitconsult.al\/en\/taxes\/individual\/procedures-for-income-tax-on-investments\/","og_site_name":"AlProfit Consult","article_publisher":"https:\/\/www.facebook.com\/AlProfitConsult\/","article_modified_time":"2024-11-30T22:22:57+00:00","og_image":[{"url":"https:\/\/alprofitconsult.al\/wp-content\/uploads\/2024\/11\/Procedurat-per-Tatimin-mbi-te-Ardhurat-nga-Investimet-Alprofit-Consult.jpg","type":"","width":"","height":""}],"twitter_card":"summary_large_image","twitter_site":"@AlProfitConsult","twitter_misc":{"Est. reading time":"1 minute"},"schema":{"@context":"https:\/\/schema.org","@graph":[{"@type":"WebPage","@id":"https:\/\/alprofitconsult.al\/en\/tatime\/individ\/procedurat-per-tatimin-mbi-te-ardhurat-nga-investimet\/","url":"https:\/\/alprofitconsult.al\/en\/tatime\/individ\/procedurat-per-tatimin-mbi-te-ardhurat-nga-investimet\/","name":"Investment Income Tax Procedures - AlProfit Consult","isPartOf":{"@id":"https:\/\/alprofitconsult.al\/#website"},"primaryImageOfPage":{"@id":"https:\/\/alprofitconsult.al\/en\/tatime\/individ\/procedurat-per-tatimin-mbi-te-ardhurat-nga-investimet\/#primaryimage"},"image":{"@id":"https:\/\/alprofitconsult.al\/en\/tatime\/individ\/procedurat-per-tatimin-mbi-te-ardhurat-nga-investimet\/#primaryimage"},"thumbnailUrl":"https:\/\/alprofitconsult.al\/wp-content\/uploads\/2024\/11\/Procedurat-per-Tatimin-mbi-te-Ardhurat-nga-Investimet-Alprofit-Consult.jpg","datePublished":"2024-11-29T20:25:27+00:00","dateModified":"2024-11-30T22:22:57+00:00","breadcrumb":{"@id":"https:\/\/alprofitconsult.al\/en\/tatime\/individ\/procedurat-per-tatimin-mbi-te-ardhurat-nga-investimet\/#breadcrumb"},"inLanguage":"en-US","potentialAction":[{"@type":"ReadAction","target":["https:\/\/alprofitconsult.al\/en\/tatime\/individ\/procedurat-per-tatimin-mbi-te-ardhurat-nga-investimet\/"]}]},{"@type":"ImageObject","inLanguage":"en-US","@id":"https:\/\/alprofitconsult.al\/en\/tatime\/individ\/procedurat-per-tatimin-mbi-te-ardhurat-nga-investimet\/#primaryimage","url":"https:\/\/alprofitconsult.al\/wp-content\/uploads\/2024\/11\/Procedurat-per-Tatimin-mbi-te-Ardhurat-nga-Investimet-Alprofit-Consult.jpg","contentUrl":"https:\/\/alprofitconsult.al\/wp-content\/uploads\/2024\/11\/Procedurat-per-Tatimin-mbi-te-Ardhurat-nga-Investimet-Alprofit-Consult.jpg"},{"@type":"BreadcrumbList","@id":"https:\/\/alprofitconsult.al\/en\/tatime\/individ\/procedurat-per-tatimin-mbi-te-ardhurat-nga-investimet\/#breadcrumb","itemListElement":[{"@type":"ListItem","position":1,"name":"Kryefaqe","item":"https:\/\/alprofitconsult.al\/"},{"@type":"ListItem","position":2,"name":"Legjislacioni tatimor","item":"https:\/\/alprofitconsult.al\/en\/tatime\/"},{"@type":"ListItem","position":3,"name":"Individ","item":"https:\/\/alprofitconsult.al\/en\/tatime\/individ\/"},{"@type":"ListItem","position":4,"name":"Procedurat p\u00ebr Tatimin mbi t\u00eb Ardhurat nga Investimet"}]},{"@type":"WebSite","@id":"https:\/\/alprofitconsult.al\/#website","url":"https:\/\/alprofitconsult.al\/","name":"AlProfit Consult","description":"Accounting Office","publisher":{"@id":"https:\/\/alprofitconsult.al\/#organization"},"potentialAction":[{"@type":"SearchAction","target":{"@type":"EntryPoint","urlTemplate":"https:\/\/alprofitconsult.al\/?s={search_term_string}"},"query-input":{"@type":"PropertyValueSpecification","valueRequired":true,"valueName":"search_term_string"}}],"inLanguage":"en-US"},{"@type":"Organization","@id":"https:\/\/alprofitconsult.al\/#organization","name":"Alprofit Consult","url":"https:\/\/alprofitconsult.al\/","logo":{"@type":"ImageObject","inLanguage":"en-US","@id":"https:\/\/alprofitconsult.al\/#\/schema\/logo\/image\/","url":"https:\/\/alprofitconsult.al\/wp-content\/uploads\/2022\/10\/logoalprofit.png","contentUrl":"https:\/\/alprofitconsult.al\/wp-content\/uploads\/2022\/10\/logoalprofit.png","width":529,"height":156,"caption":"Alprofit Consult"},"image":{"@id":"https:\/\/alprofitconsult.al\/#\/schema\/logo\/image\/"},"sameAs":["https:\/\/www.facebook.com\/AlProfitConsult\/","https:\/\/x.com\/AlProfitConsult","https:\/\/www.linkedin.com\/company\/andi-haxhillari\/","https:\/\/www.pinterest.com\/AlProfitConsult\/","https:\/\/www.youtube.com\/channel\/UCZ5Gfntn161Nla3g1XdRldA","https:\/\/sq.wikipedia.org\/wiki\/P\u00ebrdoruesi:Andi25~sqwiki"]}]}},"_links":{"self":[{"href":"https:\/\/alprofitconsult.al\/en\/wp-json\/wp\/v2\/pages\/19591","targetHints":{"allow":["GET"]}}],"collection":[{"href":"https:\/\/alprofitconsult.al\/en\/wp-json\/wp\/v2\/pages"}],"about":[{"href":"https:\/\/alprofitconsult.al\/en\/wp-json\/wp\/v2\/types\/page"}],"author":[{"embeddable":true,"href":"https:\/\/alprofitconsult.al\/en\/wp-json\/wp\/v2\/users\/1"}],"replies":[{"embeddable":true,"href":"https:\/\/alprofitconsult.al\/en\/wp-json\/wp\/v2\/comments?post=19591"}],"version-history":[{"count":5,"href":"https:\/\/alprofitconsult.al\/en\/wp-json\/wp\/v2\/pages\/19591\/revisions"}],"predecessor-version":[{"id":20047,"href":"https:\/\/alprofitconsult.al\/en\/wp-json\/wp\/v2\/pages\/19591\/revisions\/20047"}],"up":[{"embeddable":true,"href":"https:\/\/alprofitconsult.al\/en\/wp-json\/wp\/v2\/pages\/15065"}],"wp:attachment":[{"href":"https:\/\/alprofitconsult.al\/en\/wp-json\/wp\/v2\/media?parent=19591"}],"curies":[{"name":"wp","href":"https:\/\/api.w.org\/{rel}","templated":true}]}}