{"id":20093,"date":"2024-12-01T13:52:27","date_gmt":"2024-12-01T13:52:27","guid":{"rendered":"https:\/\/alprofitconsult.al\/?page_id=20093"},"modified":"2024-12-01T14:21:19","modified_gmt":"2024-12-01T14:21:19","slug":"skk-11-tatimi-mbi-fitimin-i-permiresuar","status":"publish","type":"page","link":"https:\/\/alprofitconsult.al\/en\/finance-kontabilitet\/standardet-kombetare-te-kontabilitetit\/skk-11-tatimi-mbi-fitimin-i-permiresuar\/","title":{"rendered":"SKK 11 Tatimi mbi Fitimin &#8211; i p\u00ebrmir\u00ebsuar"},"content":{"rendered":"<div class=\"yoast-breadcrumbs\"><span><span><a href=\"https:\/\/alprofitconsult.al\/en\/\">Home<\/a><\/span> | <span><a href=\"https:\/\/alprofitconsult.al\/en\/finance-kontabilitet\/\">Finance &amp; Accounting<\/a><\/span> | <span><a href=\"https:\/\/alprofitconsult.al\/en\/finance-kontabilitet\/standardet-kombetare-te-kontabilitetit\/\">National Accounting Standards<\/a><\/span> | <span class=\"breadcrumb_last\" aria-current=\"page\">SKK 11 Tatimi mbi Fitimin &#8211; i p\u00ebrmir\u00ebsuar<\/span><\/span><\/div>\n\n\n<p><\/p>\n\n\n\n<figure class=\"wp-block-image size-full\"><img loading=\"lazy\" decoding=\"async\" width=\"1920\" height=\"1280\" src=\"https:\/\/alprofitconsult.al\/wp-content\/uploads\/2024\/12\/SKK-11-Tatimi-mbi-Fitimin-i-permiresuar-Alprofit-Consult.jpg\" alt=\"\" class=\"wp-image-20177\" srcset=\"https:\/\/alprofitconsult.al\/wp-content\/uploads\/2024\/12\/SKK-11-Tatimi-mbi-Fitimin-i-permiresuar-Alprofit-Consult.jpg 1920w, https:\/\/alprofitconsult.al\/wp-content\/uploads\/2024\/12\/SKK-11-Tatimi-mbi-Fitimin-i-permiresuar-Alprofit-Consult-768x512.jpg 768w, https:\/\/alprofitconsult.al\/wp-content\/uploads\/2024\/12\/SKK-11-Tatimi-mbi-Fitimin-i-permiresuar-Alprofit-Consult-1536x1024.jpg 1536w\" sizes=\"auto, (max-width: 1920px) 100vw, 1920px\" \/><\/figure>\n\n\n\n<p><\/p>\n\n\n\n<div data-wp-interactive=\"core\/file\" class=\"wp-block-file\"><object data-wp-bind--hidden=\"!state.hasPdfPreview\" hidden class=\"wp-block-file__embed\" data=\"https:\/\/alprofitconsult.al\/wp-content\/uploads\/2024\/12\/11.-SKK-11.pdf\" type=\"application\/pdf\" style=\"width:100%;height:600px\" aria-label=\"Embed of 11.-SKK-11.\"><\/object><a id=\"wp-block-file--media-31d2e303-989f-49df-aef2-3e7823bab1d5\" href=\"https:\/\/alprofitconsult.al\/wp-content\/uploads\/2024\/12\/11.-SKK-11.pdf\">11.-SKK-11<\/a><a href=\"https:\/\/alprofitconsult.al\/wp-content\/uploads\/2024\/12\/11.-SKK-11.pdf\" class=\"wp-block-file__button wp-element-button\" download aria-describedby=\"wp-block-file--media-31d2e303-989f-49df-aef2-3e7823bab1d5\">Download<\/a><\/div>\n\n\n\n<div class=\"wp-block-file\"><a id=\"wp-block-file--media-f4a10d74-e82a-411a-94fc-74465ba83cca\" href=\"https:\/\/alprofitconsult.al\/wp-content\/uploads\/2024\/12\/Ndryshime-te-SKK-11-i-permiresuar.doc\">Ndryshime-te-SKK-11-i-permiresuar<\/a><a href=\"https:\/\/alprofitconsult.al\/wp-content\/uploads\/2024\/12\/Ndryshime-te-SKK-11-i-permiresuar.doc\" class=\"wp-block-file__button wp-element-button\" download aria-describedby=\"wp-block-file--media-f4a10d74-e82a-411a-94fc-74465ba83cca\">Download<\/a><\/div>\n\n\n\n<p>Source: <a href=\"https:\/\/kkk.gov.al\/foto\/uploads\/File\/SKK%20nentor%202015\/11.%20SKK%2011.pdf\" target=\"_blank\" rel=\"noreferrer noopener\">K\u00ebshilli Komb\u00ebtar i Kontabilitetit.<\/a><\/p>\n\n\n<div class=\"gdlr-core-widget-box-shortcode\" style=\"color: #ffffff ;background-color: #000014 ;\"  ><h3 class=\"gdlr-core-widget-box-shortcode-title\" style=\"color: #ffffff ;\"  >Do you have a question?<\/h3><div class=\"gdlr-core-widget-box-shortcode-content\" ><p class=\"translation-block\">Do not hesitate to <a href=\"https:\/\/alprofitconsult.al\/en\/contact\/\" target=\"_self\">contact<\/a> us. We are a team of experts and will be happy to speak with you.<\/p>\n<\/div><\/div>","protected":false},"excerpt":{"rendered":"<p>Burimi: K\u00ebshilli Komb\u00ebtar i Kontabilitetit.<\/p>","protected":false},"author":1,"featured_media":0,"parent":18481,"menu_order":0,"comment_status":"closed","ping_status":"closed","template":"","meta":{"footnotes":""},"class_list":["post-20093","page","type-page","status-publish","hentry"],"yoast_head":"<!-- This site is optimized with the Yoast SEO plugin v26.5 - https:\/\/yoast.com\/wordpress\/plugins\/seo\/ -->\n<title>SKK 11 Tatimi mbi Fitimin - i p\u00ebrmir\u00ebsuar - AlProfit Consult<\/title>\n<meta name=\"robots\" content=\"index, follow, max-snippet:-1, max-image-preview:large, max-video-preview:-1\" \/>\n<link rel=\"canonical\" href=\"https:\/\/alprofitconsult.al\/en\/finance-kontabilitet\/standardet-kombetare-te-kontabilitetit\/skk-11-tatimi-mbi-fitimin-i-permiresuar\/\" \/>\n<meta property=\"og:locale\" content=\"en_US\" \/>\n<meta property=\"og:type\" content=\"article\" \/>\n<meta property=\"og:title\" content=\"SKK 11 Tatimi mbi Fitimin - i p\u00ebrmir\u00ebsuar - AlProfit Consult\" \/>\n<meta property=\"og:description\" content=\"Burimi: K\u00ebshilli Komb\u00ebtar i Kontabilitetit.\" \/>\n<meta property=\"og:url\" content=\"https:\/\/alprofitconsult.al\/en\/finance-kontabilitet\/standardet-kombetare-te-kontabilitetit\/skk-11-tatimi-mbi-fitimin-i-permiresuar\/\" \/>\n<meta property=\"og:site_name\" content=\"AlProfit Consult\" \/>\n<meta property=\"article:publisher\" content=\"https:\/\/www.facebook.com\/AlProfitConsult\/\" \/>\n<meta property=\"article:modified_time\" content=\"2024-12-01T14:21:19+00:00\" \/>\n<meta property=\"og:image\" content=\"https:\/\/alprofitconsult.al\/wp-content\/uploads\/2024\/12\/SKK-11-Tatimi-mbi-Fitimin-i-permiresuar-Alprofit-Consult.jpg\" \/>\n<meta name=\"twitter:card\" content=\"summary_large_image\" \/>\n<meta name=\"twitter:site\" content=\"@AlProfitConsult\" \/>\n<script type=\"application\/ld+json\" class=\"yoast-schema-graph\">{\"@context\":\"https:\/\/schema.org\",\"@graph\":[{\"@type\":\"WebPage\",\"@id\":\"https:\/\/alprofitconsult.al\/en\/finance-kontabilitet\/standardet-kombetare-te-kontabilitetit\/skk-11-tatimi-mbi-fitimin-i-permiresuar\/\",\"url\":\"https:\/\/alprofitconsult.al\/en\/finance-kontabilitet\/standardet-kombetare-te-kontabilitetit\/skk-11-tatimi-mbi-fitimin-i-permiresuar\/\",\"name\":\"SKK 11 Tatimi mbi Fitimin - i p\u00ebrmir\u00ebsuar - AlProfit Consult\",\"isPartOf\":{\"@id\":\"https:\/\/alprofitconsult.al\/#website\"},\"primaryImageOfPage\":{\"@id\":\"https:\/\/alprofitconsult.al\/en\/finance-kontabilitet\/standardet-kombetare-te-kontabilitetit\/skk-11-tatimi-mbi-fitimin-i-permiresuar\/#primaryimage\"},\"image\":{\"@id\":\"https:\/\/alprofitconsult.al\/en\/finance-kontabilitet\/standardet-kombetare-te-kontabilitetit\/skk-11-tatimi-mbi-fitimin-i-permiresuar\/#primaryimage\"},\"thumbnailUrl\":\"https:\/\/alprofitconsult.al\/wp-content\/uploads\/2024\/12\/SKK-11-Tatimi-mbi-Fitimin-i-permiresuar-Alprofit-Consult.jpg\",\"datePublished\":\"2024-12-01T13:52:27+00:00\",\"dateModified\":\"2024-12-01T14:21:19+00:00\",\"breadcrumb\":{\"@id\":\"https:\/\/alprofitconsult.al\/en\/finance-kontabilitet\/standardet-kombetare-te-kontabilitetit\/skk-11-tatimi-mbi-fitimin-i-permiresuar\/#breadcrumb\"},\"inLanguage\":\"en-US\",\"potentialAction\":[{\"@type\":\"ReadAction\",\"target\":[\"https:\/\/alprofitconsult.al\/en\/finance-kontabilitet\/standardet-kombetare-te-kontabilitetit\/skk-11-tatimi-mbi-fitimin-i-permiresuar\/\"]}]},{\"@type\":\"ImageObject\",\"inLanguage\":\"en-US\",\"@id\":\"https:\/\/alprofitconsult.al\/en\/finance-kontabilitet\/standardet-kombetare-te-kontabilitetit\/skk-11-tatimi-mbi-fitimin-i-permiresuar\/#primaryimage\",\"url\":\"https:\/\/alprofitconsult.al\/wp-content\/uploads\/2024\/12\/SKK-11-Tatimi-mbi-Fitimin-i-permiresuar-Alprofit-Consult.jpg\",\"contentUrl\":\"https:\/\/alprofitconsult.al\/wp-content\/uploads\/2024\/12\/SKK-11-Tatimi-mbi-Fitimin-i-permiresuar-Alprofit-Consult.jpg\"},{\"@type\":\"BreadcrumbList\",\"@id\":\"https:\/\/alprofitconsult.al\/en\/finance-kontabilitet\/standardet-kombetare-te-kontabilitetit\/skk-11-tatimi-mbi-fitimin-i-permiresuar\/#breadcrumb\",\"itemListElement\":[{\"@type\":\"ListItem\",\"position\":1,\"name\":\"Kryefaqe\",\"item\":\"https:\/\/alprofitconsult.al\/\"},{\"@type\":\"ListItem\",\"position\":2,\"name\":\"Financ\u00eb &#038; Kontabilitet\",\"item\":\"https:\/\/alprofitconsult.al\/finance-kontabilitet\/\"},{\"@type\":\"ListItem\",\"position\":3,\"name\":\"Standardet Komb\u00ebtare t\u00eb Kontabilitetit\",\"item\":\"https:\/\/alprofitconsult.al\/finance-kontabilitet\/standardet-kombetare-te-kontabilitetit\/\"},{\"@type\":\"ListItem\",\"position\":4,\"name\":\"SKK 11 Tatimi mbi Fitimin &#8211; i p\u00ebrmir\u00ebsuar\"}]},{\"@type\":\"WebSite\",\"@id\":\"https:\/\/alprofitconsult.al\/#website\",\"url\":\"https:\/\/alprofitconsult.al\/\",\"name\":\"AlProfit Consult\",\"description\":\"Zyr\u00eb Kontabiliteti\",\"publisher\":{\"@id\":\"https:\/\/alprofitconsult.al\/#organization\"},\"potentialAction\":[{\"@type\":\"SearchAction\",\"target\":{\"@type\":\"EntryPoint\",\"urlTemplate\":\"https:\/\/alprofitconsult.al\/?s={search_term_string}\"},\"query-input\":{\"@type\":\"PropertyValueSpecification\",\"valueRequired\":true,\"valueName\":\"search_term_string\"}}],\"inLanguage\":\"en-US\"},{\"@type\":\"Organization\",\"@id\":\"https:\/\/alprofitconsult.al\/#organization\",\"name\":\"Alprofit Consult\",\"url\":\"https:\/\/alprofitconsult.al\/\",\"logo\":{\"@type\":\"ImageObject\",\"inLanguage\":\"en-US\",\"@id\":\"https:\/\/alprofitconsult.al\/#\/schema\/logo\/image\/\",\"url\":\"https:\/\/alprofitconsult.al\/wp-content\/uploads\/2022\/10\/logoalprofit.png\",\"contentUrl\":\"https:\/\/alprofitconsult.al\/wp-content\/uploads\/2022\/10\/logoalprofit.png\",\"width\":529,\"height\":156,\"caption\":\"Alprofit Consult\"},\"image\":{\"@id\":\"https:\/\/alprofitconsult.al\/#\/schema\/logo\/image\/\"},\"sameAs\":[\"https:\/\/www.facebook.com\/AlProfitConsult\/\",\"https:\/\/x.com\/AlProfitConsult\",\"https:\/\/www.linkedin.com\/company\/andi-haxhillari\/\",\"https:\/\/www.pinterest.com\/AlProfitConsult\/\",\"https:\/\/www.youtube.com\/channel\/UCZ5Gfntn161Nla3g1XdRldA\",\"https:\/\/sq.wikipedia.org\/wiki\/P\u00ebrdoruesi:Andi25~sqwiki\"]}]}<\/script>\n<!-- \/ Yoast SEO plugin. -->","yoast_head_json":{"title":"SKK 11 Tatimi mbi Fitimin - i p\u00ebrmir\u00ebsuar - AlProfit Consult","robots":{"index":"index","follow":"follow","max-snippet":"max-snippet:-1","max-image-preview":"max-image-preview:large","max-video-preview":"max-video-preview:-1"},"canonical":"https:\/\/alprofitconsult.al\/en\/finance-kontabilitet\/standardet-kombetare-te-kontabilitetit\/skk-11-tatimi-mbi-fitimin-i-permiresuar\/","og_locale":"en_US","og_type":"article","og_title":"SKK 11 Tatimi mbi Fitimin - i p\u00ebrmir\u00ebsuar - AlProfit Consult","og_description":"Burimi: K\u00ebshilli Komb\u00ebtar i Kontabilitetit.","og_url":"https:\/\/alprofitconsult.al\/en\/finance-kontabilitet\/standardet-kombetare-te-kontabilitetit\/skk-11-tatimi-mbi-fitimin-i-permiresuar\/","og_site_name":"AlProfit Consult","article_publisher":"https:\/\/www.facebook.com\/AlProfitConsult\/","article_modified_time":"2024-12-01T14:21:19+00:00","og_image":[{"url":"https:\/\/alprofitconsult.al\/wp-content\/uploads\/2024\/12\/SKK-11-Tatimi-mbi-Fitimin-i-permiresuar-Alprofit-Consult.jpg","type":"","width":"","height":""}],"twitter_card":"summary_large_image","twitter_site":"@AlProfitConsult","schema":{"@context":"https:\/\/schema.org","@graph":[{"@type":"WebPage","@id":"https:\/\/alprofitconsult.al\/en\/finance-kontabilitet\/standardet-kombetare-te-kontabilitetit\/skk-11-tatimi-mbi-fitimin-i-permiresuar\/","url":"https:\/\/alprofitconsult.al\/en\/finance-kontabilitet\/standardet-kombetare-te-kontabilitetit\/skk-11-tatimi-mbi-fitimin-i-permiresuar\/","name":"SKK 11 Tatimi mbi Fitimin - i p\u00ebrmir\u00ebsuar - AlProfit Consult","isPartOf":{"@id":"https:\/\/alprofitconsult.al\/#website"},"primaryImageOfPage":{"@id":"https:\/\/alprofitconsult.al\/en\/finance-kontabilitet\/standardet-kombetare-te-kontabilitetit\/skk-11-tatimi-mbi-fitimin-i-permiresuar\/#primaryimage"},"image":{"@id":"https:\/\/alprofitconsult.al\/en\/finance-kontabilitet\/standardet-kombetare-te-kontabilitetit\/skk-11-tatimi-mbi-fitimin-i-permiresuar\/#primaryimage"},"thumbnailUrl":"https:\/\/alprofitconsult.al\/wp-content\/uploads\/2024\/12\/SKK-11-Tatimi-mbi-Fitimin-i-permiresuar-Alprofit-Consult.jpg","datePublished":"2024-12-01T13:52:27+00:00","dateModified":"2024-12-01T14:21:19+00:00","breadcrumb":{"@id":"https:\/\/alprofitconsult.al\/en\/finance-kontabilitet\/standardet-kombetare-te-kontabilitetit\/skk-11-tatimi-mbi-fitimin-i-permiresuar\/#breadcrumb"},"inLanguage":"en-US","potentialAction":[{"@type":"ReadAction","target":["https:\/\/alprofitconsult.al\/en\/finance-kontabilitet\/standardet-kombetare-te-kontabilitetit\/skk-11-tatimi-mbi-fitimin-i-permiresuar\/"]}]},{"@type":"ImageObject","inLanguage":"en-US","@id":"https:\/\/alprofitconsult.al\/en\/finance-kontabilitet\/standardet-kombetare-te-kontabilitetit\/skk-11-tatimi-mbi-fitimin-i-permiresuar\/#primaryimage","url":"https:\/\/alprofitconsult.al\/wp-content\/uploads\/2024\/12\/SKK-11-Tatimi-mbi-Fitimin-i-permiresuar-Alprofit-Consult.jpg","contentUrl":"https:\/\/alprofitconsult.al\/wp-content\/uploads\/2024\/12\/SKK-11-Tatimi-mbi-Fitimin-i-permiresuar-Alprofit-Consult.jpg"},{"@type":"BreadcrumbList","@id":"https:\/\/alprofitconsult.al\/en\/finance-kontabilitet\/standardet-kombetare-te-kontabilitetit\/skk-11-tatimi-mbi-fitimin-i-permiresuar\/#breadcrumb","itemListElement":[{"@type":"ListItem","position":1,"name":"Kryefaqe","item":"https:\/\/alprofitconsult.al\/"},{"@type":"ListItem","position":2,"name":"Financ\u00eb &#038; Kontabilitet","item":"https:\/\/alprofitconsult.al\/finance-kontabilitet\/"},{"@type":"ListItem","position":3,"name":"Standardet Komb\u00ebtare t\u00eb Kontabilitetit","item":"https:\/\/alprofitconsult.al\/finance-kontabilitet\/standardet-kombetare-te-kontabilitetit\/"},{"@type":"ListItem","position":4,"name":"SKK 11 Tatimi mbi Fitimin &#8211; i p\u00ebrmir\u00ebsuar"}]},{"@type":"WebSite","@id":"https:\/\/alprofitconsult.al\/#website","url":"https:\/\/alprofitconsult.al\/","name":"AlProfit Consult","description":"Zyr\u00eb Kontabiliteti","publisher":{"@id":"https:\/\/alprofitconsult.al\/#organization"},"potentialAction":[{"@type":"SearchAction","target":{"@type":"EntryPoint","urlTemplate":"https:\/\/alprofitconsult.al\/?s={search_term_string}"},"query-input":{"@type":"PropertyValueSpecification","valueRequired":true,"valueName":"search_term_string"}}],"inLanguage":"en-US"},{"@type":"Organization","@id":"https:\/\/alprofitconsult.al\/#organization","name":"Alprofit Consult","url":"https:\/\/alprofitconsult.al\/","logo":{"@type":"ImageObject","inLanguage":"en-US","@id":"https:\/\/alprofitconsult.al\/#\/schema\/logo\/image\/","url":"https:\/\/alprofitconsult.al\/wp-content\/uploads\/2022\/10\/logoalprofit.png","contentUrl":"https:\/\/alprofitconsult.al\/wp-content\/uploads\/2022\/10\/logoalprofit.png","width":529,"height":156,"caption":"Alprofit Consult"},"image":{"@id":"https:\/\/alprofitconsult.al\/#\/schema\/logo\/image\/"},"sameAs":["https:\/\/www.facebook.com\/AlProfitConsult\/","https:\/\/x.com\/AlProfitConsult","https:\/\/www.linkedin.com\/company\/andi-haxhillari\/","https:\/\/www.pinterest.com\/AlProfitConsult\/","https:\/\/www.youtube.com\/channel\/UCZ5Gfntn161Nla3g1XdRldA","https:\/\/sq.wikipedia.org\/wiki\/P\u00ebrdoruesi:Andi25~sqwiki"]}]}},"_links":{"self":[{"href":"https:\/\/alprofitconsult.al\/en\/wp-json\/wp\/v2\/pages\/20093","targetHints":{"allow":["GET"]}}],"collection":[{"href":"https:\/\/alprofitconsult.al\/en\/wp-json\/wp\/v2\/pages"}],"about":[{"href":"https:\/\/alprofitconsult.al\/en\/wp-json\/wp\/v2\/types\/page"}],"author":[{"embeddable":true,"href":"https:\/\/alprofitconsult.al\/en\/wp-json\/wp\/v2\/users\/1"}],"replies":[{"embeddable":true,"href":"https:\/\/alprofitconsult.al\/en\/wp-json\/wp\/v2\/comments?post=20093"}],"version-history":[{"count":4,"href":"https:\/\/alprofitconsult.al\/en\/wp-json\/wp\/v2\/pages\/20093\/revisions"}],"predecessor-version":[{"id":20182,"href":"https:\/\/alprofitconsult.al\/en\/wp-json\/wp\/v2\/pages\/20093\/revisions\/20182"}],"up":[{"embeddable":true,"href":"https:\/\/alprofitconsult.al\/en\/wp-json\/wp\/v2\/pages\/18481"}],"wp:attachment":[{"href":"https:\/\/alprofitconsult.al\/en\/wp-json\/wp\/v2\/media?parent=20093"}],"curies":[{"name":"wp","href":"https:\/\/api.w.org\/{rel}","templated":true}]}}