{"id":20279,"date":"2024-12-01T21:02:02","date_gmt":"2024-12-01T21:02:02","guid":{"rendered":"https:\/\/alprofitconsult.al\/?page_id=20279"},"modified":"2024-12-05T20:48:45","modified_gmt":"2024-12-05T20:48:45","slug":"parimet-themelore-te-kodit-te-punes","status":"publish","type":"page","link":"https:\/\/alprofitconsult.al\/en\/prezantim-i-kodit-te-punes\/parimet-themelore-te-kodit-te-punes\/","title":{"rendered":"Parimet Themelore t\u00eb Kodit t\u00eb Pun\u00ebs"},"content":{"rendered":"<div class=\"yoast-breadcrumbs\"><span><span><a href=\"https:\/\/alprofitconsult.al\/en\/\">Home<\/a><\/span> | <span><a href=\"https:\/\/alprofitconsult.al\/en\/prezantim-i-kodit-te-punes\/\">Prezantim i Kodit t\u00eb Pun\u00ebs<\/a><\/span> | <span class=\"breadcrumb_last\" aria-current=\"page\">Parimet Themelore t\u00eb Kodit t\u00eb Pun\u00ebs<\/span><\/span><\/div>\n\n\n<p><\/p>\n\n\n\n<figure class=\"wp-block-image size-full\"><img loading=\"lazy\" decoding=\"async\" width=\"1920\" height=\"1200\" src=\"https:\/\/alprofitconsult.al\/wp-content\/uploads\/2024\/12\/Parimet-Themelore-te-Kodit-te-Punes-Alprofit-Consult.jpg\" alt=\"\" class=\"wp-image-20421\" srcset=\"https:\/\/alprofitconsult.al\/wp-content\/uploads\/2024\/12\/Parimet-Themelore-te-Kodit-te-Punes-Alprofit-Consult.jpg 1920w, https:\/\/alprofitconsult.al\/wp-content\/uploads\/2024\/12\/Parimet-Themelore-te-Kodit-te-Punes-Alprofit-Consult-768x480.jpg 768w, https:\/\/alprofitconsult.al\/wp-content\/uploads\/2024\/12\/Parimet-Themelore-te-Kodit-te-Punes-Alprofit-Consult-1536x960.jpg 1536w\" sizes=\"auto, (max-width: 1920px) 100vw, 1920px\" \/><\/figure>\n\n\n\n<p><\/p>\n\n\n\n<h2 class=\"wp-block-heading\"><strong>Kodi i Pun\u00ebs dhe Parimet Themelore<\/strong><\/h2>\n\n\n\n<p>Kodi i Pun\u00ebs \u00ebsht\u00eb bazuar mbi disa parime universale q\u00eb garantojn\u00eb t\u00eb drejta t\u00eb barabarta p\u00ebr t\u00eb gjith\u00eb individ\u00ebt n\u00eb marr\u00ebdh\u00ebniet e pun\u00ebs. Ai p\u00ebrcakton rregullat p\u00ebr zhvillimin e marr\u00ebdh\u00ebnieve t\u00eb q\u00ebndrueshme dhe transparente nd\u00ebrmjet pun\u00ebdh\u00ebn\u00ebsve dhe pun\u00ebmarr\u00ebsve.<\/p>\n\n\n\n<h3 class=\"wp-block-heading\"><strong>Drejt\u00ebsia<\/strong>\u00a0<\/h3>\n\n\n\n<p>\u00c7do marr\u00ebdh\u00ebnie pune duhet t\u00eb bazohet n\u00eb respektimin e t\u00eb drejtave dhe p\u00ebrgjegj\u00ebsive t\u00eb nd\u00ebrsjella (Neni 1).<\/p>\n\n\n\n<h3 class=\"wp-block-heading\"><strong>Barazia<\/strong><\/h3>\n\n\n\n<p>Pun\u00ebdh\u00ebn\u00ebsit jan\u00eb t\u00eb detyruar t\u00eb sigurojn\u00eb kushte t\u00eb barabarta p\u00ebr t\u00eb gjith\u00eb punonj\u00ebsit, duke shmangur \u00e7do form\u00eb diskriminimi mbi baz\u00ebn e gjinis\u00eb, rac\u00ebs, besimit fetar apo bindjeve politike (Neni 9).<\/p>\n\n\n\n<blockquote class=\"wp-block-quote is-layout-flow wp-block-quote-is-layout-flow\">\n<p><strong>Shembull praktik:<\/strong>&nbsp;Nj\u00eb kompani e madhe q\u00eb pun\u00ebson punonj\u00ebs n\u00eb pozicione t\u00eb ndryshme nuk mund t\u00eb ofroj\u00eb paga t\u00eb ndryshme p\u00ebr burra dhe gra q\u00eb kryejn\u00eb t\u00eb nj\u00ebjt\u00ebn pun\u00eb.<\/p>\n<\/blockquote>\n\n\n\n<h2 class=\"wp-block-heading\"><strong>Respektimi i Kushtetut\u00ebs dhe Lidhja me Legjislacionin Nd\u00ebrkomb\u00ebtar<\/strong><\/h2>\n\n\n\n<p>Kodi i Pun\u00ebs mb\u00ebshtetet ngusht\u00eb n\u00eb Kushtetut\u00ebn e Republik\u00ebs s\u00eb Shqip\u00ebris\u00eb, e cila garanton barazin\u00eb p\u00ebrpara ligjit dhe t\u00eb drejt\u00ebn p\u00ebr pun\u00eb t\u00eb drejt\u00eb dhe t\u00eb ndershme (Neni 2). Ai harmonizohet gjithashtu me konventat nd\u00ebrkomb\u00ebtare si ato t\u00eb Organizat\u00ebs Nd\u00ebrkomb\u00ebtare t\u00eb Pun\u00ebs (ILO), duke siguruar q\u00eb dispozitat e tij jan\u00eb n\u00eb p\u00ebrputhje me standardet globale.<\/p>\n\n\n\n<blockquote class=\"wp-block-quote is-layout-flow wp-block-quote-is-layout-flow\">\n<p><strong>Shembull praktik:<\/strong>&nbsp;Nj\u00eb punonj\u00ebs shqiptar n\u00eb nj\u00eb kompani nd\u00ebrkomb\u00ebtare ka t\u00eb drejt\u00ebn p\u00ebr t\u00eb nj\u00ebjtat pushime dhe kushte pune si punonj\u00ebsit n\u00eb vendet e tjera ku operon kompania.<\/p>\n<\/blockquote>\n\n\n\n<h2 class=\"wp-block-heading\"><strong>Hierarkia e Normave dhe Respektimi i Zakonit<\/strong><\/h2>\n\n\n\n<p>N\u00eb rast t\u00eb mosp\u00ebrputhjeve midis kontratave individuale dhe ligjit, normat m\u00eb t\u00eb favorshme p\u00ebr pun\u00ebmarr\u00ebsin kan\u00eb p\u00ebrpar\u00ebsi. Po ashtu, n\u00eb munges\u00eb t\u00eb dispozitave t\u00eb qarta, zbatohen zakonet dhe praktikat q\u00eb jan\u00eb pranuar gjer\u00ebsisht n\u00eb marr\u00ebdh\u00ebniet e pun\u00ebs (Neni 11).<\/p>\n\n\n\n<blockquote class=\"wp-block-quote is-layout-flow wp-block-quote-is-layout-flow\">\n<p><strong>Shembull praktik:<\/strong>\u00a0N\u00ebse nj\u00eb kontrat\u00eb pune parashikon 3 jav\u00eb pushim vjetor, por ligji p\u00ebrcakton 4 jav\u00eb, zbatohet ligji si norm\u00eb m\u00eb e favorshme.<\/p>\n<\/blockquote>\n\n\n\n<div data-wp-interactive=\"core\/file\" class=\"wp-block-file\"><object data-wp-bind--hidden=\"!state.hasPdfPreview\" hidden class=\"wp-block-file__embed\" data=\"https:\/\/alprofitconsult.al\/wp-content\/uploads\/2024\/12\/Kodi-i-punes-LIGJ-2024.pdf\" type=\"application\/pdf\" style=\"width:100%;height:600px\" aria-label=\"Embed of Kodi-i-punes-LIGJ-2024.\"><\/object><a id=\"wp-block-file--media-e9e60d3c-3a36-427c-9c4b-97d2ec3d75dc\" href=\"https:\/\/alprofitconsult.al\/wp-content\/uploads\/2024\/12\/Kodi-i-punes-LIGJ-2024.pdf\">Kodi-i-punes-LIGJ-2024<\/a><a href=\"https:\/\/alprofitconsult.al\/wp-content\/uploads\/2024\/12\/Kodi-i-punes-LIGJ-2024.pdf\" class=\"wp-block-file__button wp-element-button\" download aria-describedby=\"wp-block-file--media-e9e60d3c-3a36-427c-9c4b-97d2ec3d75dc\">Download<\/a><\/div>\n\n\n\n<p><\/p>\n\n\n\n<p>Source: <a href=\"https:\/\/www.qbz.gov.al\/preview\/c1c18a6c-5f3e-457d-b931-de505b3c7ed0\" target=\"_blank\" rel=\"noreferrer noopener\">Kodi i Pun\u00ebs.<\/a><\/p>\n\n\n<div class=\"gdlr-core-widget-box-shortcode\" style=\"color: #ffffff ;background-color: #000014 ;\"  ><h3 class=\"gdlr-core-widget-box-shortcode-title\" style=\"color: #ffffff ;\"  >Do you have a question?<\/h3><div class=\"gdlr-core-widget-box-shortcode-content\" ><p class=\"translation-block\">Do not hesitate to <a href=\"https:\/\/alprofitconsult.al\/en\/contact\/\" target=\"_self\">contact<\/a> us. We are a team of experts and will be happy to speak with you.<\/p>\n<\/div><\/div>","protected":false},"excerpt":{"rendered":"<p>Kodi i Pun\u00ebs dhe Parimet Themelore Kodi i Pun\u00ebs \u00ebsht\u00eb bazuar mbi disa parime universale q\u00eb garantojn\u00eb t\u00eb drejta t\u00eb barabarta p\u00ebr t\u00eb gjith\u00eb individ\u00ebt n\u00eb marr\u00ebdh\u00ebniet e pun\u00ebs. Ai p\u00ebrcakton rregullat p\u00ebr zhvillimin e marr\u00ebdh\u00ebnieve t\u00eb q\u00ebndrueshme dhe transparente nd\u00ebrmjet pun\u00ebdh\u00ebn\u00ebsve dhe pun\u00ebmarr\u00ebsve. Drejt\u00ebsia\u00a0 \u00c7do marr\u00ebdh\u00ebnie pune duhet t\u00eb bazohet n\u00eb respektimin e t\u00eb [&hellip;]<\/p>","protected":false},"author":1,"featured_media":0,"parent":20266,"menu_order":0,"comment_status":"closed","ping_status":"closed","template":"","meta":{"footnotes":""},"class_list":["post-20279","page","type-page","status-publish","hentry"],"yoast_head":"<!-- This site is optimized with the Yoast SEO plugin v26.5 - https:\/\/yoast.com\/wordpress\/plugins\/seo\/ -->\n<title>Parimet Themelore t\u00eb Kodit t\u00eb Pun\u00ebs - AlProfit Consult<\/title>\n<meta name=\"robots\" content=\"index, follow, max-snippet:-1, max-image-preview:large, max-video-preview:-1\" \/>\n<link rel=\"canonical\" href=\"https:\/\/alprofitconsult.al\/en\/prezantim-i-kodit-te-punes\/parimet-themelore-te-kodit-te-punes\/\" \/>\n<meta property=\"og:locale\" content=\"en_US\" \/>\n<meta property=\"og:type\" content=\"article\" \/>\n<meta property=\"og:title\" content=\"Parimet Themelore t\u00eb Kodit t\u00eb Pun\u00ebs - AlProfit Consult\" \/>\n<meta property=\"og:description\" content=\"Kodi i Pun\u00ebs dhe Parimet Themelore Kodi i Pun\u00ebs \u00ebsht\u00eb bazuar mbi disa parime universale q\u00eb garantojn\u00eb t\u00eb drejta t\u00eb barabarta p\u00ebr t\u00eb gjith\u00eb individ\u00ebt n\u00eb marr\u00ebdh\u00ebniet e pun\u00ebs. Ai p\u00ebrcakton rregullat p\u00ebr zhvillimin e marr\u00ebdh\u00ebnieve t\u00eb q\u00ebndrueshme dhe transparente nd\u00ebrmjet pun\u00ebdh\u00ebn\u00ebsve dhe pun\u00ebmarr\u00ebsve. Drejt\u00ebsia\u00a0 \u00c7do marr\u00ebdh\u00ebnie pune duhet t\u00eb bazohet n\u00eb respektimin e t\u00eb [&hellip;]\" \/>\n<meta property=\"og:url\" content=\"https:\/\/alprofitconsult.al\/en\/prezantim-i-kodit-te-punes\/parimet-themelore-te-kodit-te-punes\/\" \/>\n<meta property=\"og:site_name\" content=\"AlProfit Consult\" \/>\n<meta property=\"article:publisher\" content=\"https:\/\/www.facebook.com\/AlProfitConsult\/\" \/>\n<meta property=\"article:modified_time\" content=\"2024-12-05T20:48:45+00:00\" \/>\n<meta property=\"og:image\" content=\"https:\/\/alprofitconsult.al\/wp-content\/uploads\/2024\/12\/Parimet-Themelore-te-Kodit-te-Punes-Alprofit-Consult.jpg\" \/>\n<meta name=\"twitter:card\" content=\"summary_large_image\" \/>\n<meta name=\"twitter:site\" content=\"@AlProfitConsult\" \/>\n<meta name=\"twitter:label1\" content=\"Est. reading time\" \/>\n\t<meta name=\"twitter:data1\" content=\"2 minutes\" \/>\n<script type=\"application\/ld+json\" class=\"yoast-schema-graph\">{\"@context\":\"https:\/\/schema.org\",\"@graph\":[{\"@type\":\"WebPage\",\"@id\":\"https:\/\/alprofitconsult.al\/prezantim-i-kodit-te-punes\/parimet-themelore-te-kodit-te-punes\/\",\"url\":\"https:\/\/alprofitconsult.al\/prezantim-i-kodit-te-punes\/parimet-themelore-te-kodit-te-punes\/\",\"name\":\"Parimet Themelore t\u00eb Kodit t\u00eb Pun\u00ebs - AlProfit Consult\",\"isPartOf\":{\"@id\":\"https:\/\/alprofitconsult.al\/#website\"},\"primaryImageOfPage\":{\"@id\":\"https:\/\/alprofitconsult.al\/prezantim-i-kodit-te-punes\/parimet-themelore-te-kodit-te-punes\/#primaryimage\"},\"image\":{\"@id\":\"https:\/\/alprofitconsult.al\/prezantim-i-kodit-te-punes\/parimet-themelore-te-kodit-te-punes\/#primaryimage\"},\"thumbnailUrl\":\"https:\/\/alprofitconsult.al\/wp-content\/uploads\/2024\/12\/Parimet-Themelore-te-Kodit-te-Punes-Alprofit-Consult.jpg\",\"datePublished\":\"2024-12-01T21:02:02+00:00\",\"dateModified\":\"2024-12-05T20:48:45+00:00\",\"breadcrumb\":{\"@id\":\"https:\/\/alprofitconsult.al\/prezantim-i-kodit-te-punes\/parimet-themelore-te-kodit-te-punes\/#breadcrumb\"},\"inLanguage\":\"en-US\",\"potentialAction\":[{\"@type\":\"ReadAction\",\"target\":[\"https:\/\/alprofitconsult.al\/prezantim-i-kodit-te-punes\/parimet-themelore-te-kodit-te-punes\/\"]}]},{\"@type\":\"ImageObject\",\"inLanguage\":\"en-US\",\"@id\":\"https:\/\/alprofitconsult.al\/prezantim-i-kodit-te-punes\/parimet-themelore-te-kodit-te-punes\/#primaryimage\",\"url\":\"https:\/\/alprofitconsult.al\/wp-content\/uploads\/2024\/12\/Parimet-Themelore-te-Kodit-te-Punes-Alprofit-Consult.jpg\",\"contentUrl\":\"https:\/\/alprofitconsult.al\/wp-content\/uploads\/2024\/12\/Parimet-Themelore-te-Kodit-te-Punes-Alprofit-Consult.jpg\"},{\"@type\":\"BreadcrumbList\",\"@id\":\"https:\/\/alprofitconsult.al\/prezantim-i-kodit-te-punes\/parimet-themelore-te-kodit-te-punes\/#breadcrumb\",\"itemListElement\":[{\"@type\":\"ListItem\",\"position\":1,\"name\":\"Kryefaqe\",\"item\":\"https:\/\/alprofitconsult.al\/\"},{\"@type\":\"ListItem\",\"position\":2,\"name\":\"Prezantim i Kodit t\u00eb Pun\u00ebs\",\"item\":\"https:\/\/alprofitconsult.al\/prezantim-i-kodit-te-punes\/\"},{\"@type\":\"ListItem\",\"position\":3,\"name\":\"Parimet Themelore t\u00eb Kodit t\u00eb Pun\u00ebs\"}]},{\"@type\":\"WebSite\",\"@id\":\"https:\/\/alprofitconsult.al\/#website\",\"url\":\"https:\/\/alprofitconsult.al\/\",\"name\":\"AlProfit Consult\",\"description\":\"Zyr\u00eb Kontabiliteti\",\"publisher\":{\"@id\":\"https:\/\/alprofitconsult.al\/#organization\"},\"potentialAction\":[{\"@type\":\"SearchAction\",\"target\":{\"@type\":\"EntryPoint\",\"urlTemplate\":\"https:\/\/alprofitconsult.al\/?s={search_term_string}\"},\"query-input\":{\"@type\":\"PropertyValueSpecification\",\"valueRequired\":true,\"valueName\":\"search_term_string\"}}],\"inLanguage\":\"en-US\"},{\"@type\":\"Organization\",\"@id\":\"https:\/\/alprofitconsult.al\/#organization\",\"name\":\"Alprofit Consult\",\"url\":\"https:\/\/alprofitconsult.al\/\",\"logo\":{\"@type\":\"ImageObject\",\"inLanguage\":\"en-US\",\"@id\":\"https:\/\/alprofitconsult.al\/#\/schema\/logo\/image\/\",\"url\":\"https:\/\/alprofitconsult.al\/wp-content\/uploads\/2022\/10\/logoalprofit.png\",\"contentUrl\":\"https:\/\/alprofitconsult.al\/wp-content\/uploads\/2022\/10\/logoalprofit.png\",\"width\":529,\"height\":156,\"caption\":\"Alprofit Consult\"},\"image\":{\"@id\":\"https:\/\/alprofitconsult.al\/#\/schema\/logo\/image\/\"},\"sameAs\":[\"https:\/\/www.facebook.com\/AlProfitConsult\/\",\"https:\/\/x.com\/AlProfitConsult\",\"https:\/\/www.linkedin.com\/company\/andi-haxhillari\/\",\"https:\/\/www.pinterest.com\/AlProfitConsult\/\",\"https:\/\/www.youtube.com\/channel\/UCZ5Gfntn161Nla3g1XdRldA\",\"https:\/\/sq.wikipedia.org\/wiki\/P\u00ebrdoruesi:Andi25~sqwiki\"]}]}<\/script>\n<!-- \/ Yoast SEO plugin. -->","yoast_head_json":{"title":"Parimet Themelore t\u00eb Kodit t\u00eb Pun\u00ebs - AlProfit Consult","robots":{"index":"index","follow":"follow","max-snippet":"max-snippet:-1","max-image-preview":"max-image-preview:large","max-video-preview":"max-video-preview:-1"},"canonical":"https:\/\/alprofitconsult.al\/en\/prezantim-i-kodit-te-punes\/parimet-themelore-te-kodit-te-punes\/","og_locale":"en_US","og_type":"article","og_title":"Parimet Themelore t\u00eb Kodit t\u00eb Pun\u00ebs - AlProfit Consult","og_description":"Kodi i Pun\u00ebs dhe Parimet Themelore Kodi i Pun\u00ebs \u00ebsht\u00eb bazuar mbi disa parime universale q\u00eb garantojn\u00eb t\u00eb drejta t\u00eb barabarta p\u00ebr t\u00eb gjith\u00eb individ\u00ebt n\u00eb marr\u00ebdh\u00ebniet e pun\u00ebs. Ai p\u00ebrcakton rregullat p\u00ebr zhvillimin e marr\u00ebdh\u00ebnieve t\u00eb q\u00ebndrueshme dhe transparente nd\u00ebrmjet pun\u00ebdh\u00ebn\u00ebsve dhe pun\u00ebmarr\u00ebsve. Drejt\u00ebsia\u00a0 \u00c7do marr\u00ebdh\u00ebnie pune duhet t\u00eb bazohet n\u00eb respektimin e t\u00eb [&hellip;]","og_url":"https:\/\/alprofitconsult.al\/en\/prezantim-i-kodit-te-punes\/parimet-themelore-te-kodit-te-punes\/","og_site_name":"AlProfit Consult","article_publisher":"https:\/\/www.facebook.com\/AlProfitConsult\/","article_modified_time":"2024-12-05T20:48:45+00:00","og_image":[{"url":"https:\/\/alprofitconsult.al\/wp-content\/uploads\/2024\/12\/Parimet-Themelore-te-Kodit-te-Punes-Alprofit-Consult.jpg","type":"","width":"","height":""}],"twitter_card":"summary_large_image","twitter_site":"@AlProfitConsult","twitter_misc":{"Est. reading time":"2 minutes"},"schema":{"@context":"https:\/\/schema.org","@graph":[{"@type":"WebPage","@id":"https:\/\/alprofitconsult.al\/prezantim-i-kodit-te-punes\/parimet-themelore-te-kodit-te-punes\/","url":"https:\/\/alprofitconsult.al\/prezantim-i-kodit-te-punes\/parimet-themelore-te-kodit-te-punes\/","name":"Parimet Themelore t\u00eb Kodit t\u00eb Pun\u00ebs - AlProfit Consult","isPartOf":{"@id":"https:\/\/alprofitconsult.al\/#website"},"primaryImageOfPage":{"@id":"https:\/\/alprofitconsult.al\/prezantim-i-kodit-te-punes\/parimet-themelore-te-kodit-te-punes\/#primaryimage"},"image":{"@id":"https:\/\/alprofitconsult.al\/prezantim-i-kodit-te-punes\/parimet-themelore-te-kodit-te-punes\/#primaryimage"},"thumbnailUrl":"https:\/\/alprofitconsult.al\/wp-content\/uploads\/2024\/12\/Parimet-Themelore-te-Kodit-te-Punes-Alprofit-Consult.jpg","datePublished":"2024-12-01T21:02:02+00:00","dateModified":"2024-12-05T20:48:45+00:00","breadcrumb":{"@id":"https:\/\/alprofitconsult.al\/prezantim-i-kodit-te-punes\/parimet-themelore-te-kodit-te-punes\/#breadcrumb"},"inLanguage":"en-US","potentialAction":[{"@type":"ReadAction","target":["https:\/\/alprofitconsult.al\/prezantim-i-kodit-te-punes\/parimet-themelore-te-kodit-te-punes\/"]}]},{"@type":"ImageObject","inLanguage":"en-US","@id":"https:\/\/alprofitconsult.al\/prezantim-i-kodit-te-punes\/parimet-themelore-te-kodit-te-punes\/#primaryimage","url":"https:\/\/alprofitconsult.al\/wp-content\/uploads\/2024\/12\/Parimet-Themelore-te-Kodit-te-Punes-Alprofit-Consult.jpg","contentUrl":"https:\/\/alprofitconsult.al\/wp-content\/uploads\/2024\/12\/Parimet-Themelore-te-Kodit-te-Punes-Alprofit-Consult.jpg"},{"@type":"BreadcrumbList","@id":"https:\/\/alprofitconsult.al\/prezantim-i-kodit-te-punes\/parimet-themelore-te-kodit-te-punes\/#breadcrumb","itemListElement":[{"@type":"ListItem","position":1,"name":"Kryefaqe","item":"https:\/\/alprofitconsult.al\/"},{"@type":"ListItem","position":2,"name":"Prezantim i Kodit t\u00eb Pun\u00ebs","item":"https:\/\/alprofitconsult.al\/prezantim-i-kodit-te-punes\/"},{"@type":"ListItem","position":3,"name":"Parimet Themelore t\u00eb Kodit t\u00eb Pun\u00ebs"}]},{"@type":"WebSite","@id":"https:\/\/alprofitconsult.al\/#website","url":"https:\/\/alprofitconsult.al\/","name":"AlProfit Consult","description":"Zyr\u00eb Kontabiliteti","publisher":{"@id":"https:\/\/alprofitconsult.al\/#organization"},"potentialAction":[{"@type":"SearchAction","target":{"@type":"EntryPoint","urlTemplate":"https:\/\/alprofitconsult.al\/?s={search_term_string}"},"query-input":{"@type":"PropertyValueSpecification","valueRequired":true,"valueName":"search_term_string"}}],"inLanguage":"en-US"},{"@type":"Organization","@id":"https:\/\/alprofitconsult.al\/#organization","name":"Alprofit Consult","url":"https:\/\/alprofitconsult.al\/","logo":{"@type":"ImageObject","inLanguage":"en-US","@id":"https:\/\/alprofitconsult.al\/#\/schema\/logo\/image\/","url":"https:\/\/alprofitconsult.al\/wp-content\/uploads\/2022\/10\/logoalprofit.png","contentUrl":"https:\/\/alprofitconsult.al\/wp-content\/uploads\/2022\/10\/logoalprofit.png","width":529,"height":156,"caption":"Alprofit Consult"},"image":{"@id":"https:\/\/alprofitconsult.al\/#\/schema\/logo\/image\/"},"sameAs":["https:\/\/www.facebook.com\/AlProfitConsult\/","https:\/\/x.com\/AlProfitConsult","https:\/\/www.linkedin.com\/company\/andi-haxhillari\/","https:\/\/www.pinterest.com\/AlProfitConsult\/","https:\/\/www.youtube.com\/channel\/UCZ5Gfntn161Nla3g1XdRldA","https:\/\/sq.wikipedia.org\/wiki\/P\u00ebrdoruesi:Andi25~sqwiki"]}]}},"_links":{"self":[{"href":"https:\/\/alprofitconsult.al\/en\/wp-json\/wp\/v2\/pages\/20279","targetHints":{"allow":["GET"]}}],"collection":[{"href":"https:\/\/alprofitconsult.al\/en\/wp-json\/wp\/v2\/pages"}],"about":[{"href":"https:\/\/alprofitconsult.al\/en\/wp-json\/wp\/v2\/types\/page"}],"author":[{"embeddable":true,"href":"https:\/\/alprofitconsult.al\/en\/wp-json\/wp\/v2\/users\/1"}],"replies":[{"embeddable":true,"href":"https:\/\/alprofitconsult.al\/en\/wp-json\/wp\/v2\/comments?post=20279"}],"version-history":[{"count":5,"href":"https:\/\/alprofitconsult.al\/en\/wp-json\/wp\/v2\/pages\/20279\/revisions"}],"predecessor-version":[{"id":20433,"href":"https:\/\/alprofitconsult.al\/en\/wp-json\/wp\/v2\/pages\/20279\/revisions\/20433"}],"up":[{"embeddable":true,"href":"https:\/\/alprofitconsult.al\/en\/wp-json\/wp\/v2\/pages\/20266"}],"wp:attachment":[{"href":"https:\/\/alprofitconsult.al\/en\/wp-json\/wp\/v2\/media?parent=20279"}],"curies":[{"name":"wp","href":"https:\/\/api.w.org\/{rel}","templated":true}]}}