{"id":20282,"date":"2024-12-01T21:02:36","date_gmt":"2024-12-01T21:02:36","guid":{"rendered":"https:\/\/alprofitconsult.al\/?page_id=20282"},"modified":"2024-12-05T21:06:02","modified_gmt":"2024-12-05T21:06:02","slug":"fusha-e-zbatimit-te-kodit-te-punes","status":"publish","type":"page","link":"https:\/\/alprofitconsult.al\/en\/prezantim-i-kodit-te-punes\/fusha-e-zbatimit-te-kodit-te-punes\/","title":{"rendered":"Fusha e Zbatimit t\u00eb Kodit t\u00eb Pun\u00ebs"},"content":{"rendered":"<div class=\"yoast-breadcrumbs\"><span><span><a href=\"https:\/\/alprofitconsult.al\/en\/\">Home<\/a><\/span> | <span><a href=\"https:\/\/alprofitconsult.al\/en\/prezantim-i-kodit-te-punes\/\">Prezantim i Kodit t\u00eb Pun\u00ebs<\/a><\/span> | <span class=\"breadcrumb_last\" aria-current=\"page\">Fusha e Zbatimit t\u00eb Kodit t\u00eb Pun\u00ebs<\/span><\/span><\/div>\n\n\n<p><\/p>\n\n\n\n<figure class=\"wp-block-image size-full\"><img loading=\"lazy\" decoding=\"async\" width=\"1920\" height=\"1280\" src=\"https:\/\/alprofitconsult.al\/wp-content\/uploads\/2024\/12\/Fusha-e-Zbatimit-te-Kodit-te-Punes-Alprofit-Consul.jpg\" alt=\"\" class=\"wp-image-20442\" srcset=\"https:\/\/alprofitconsult.al\/wp-content\/uploads\/2024\/12\/Fusha-e-Zbatimit-te-Kodit-te-Punes-Alprofit-Consul.jpg 1920w, https:\/\/alprofitconsult.al\/wp-content\/uploads\/2024\/12\/Fusha-e-Zbatimit-te-Kodit-te-Punes-Alprofit-Consul-768x512.jpg 768w, https:\/\/alprofitconsult.al\/wp-content\/uploads\/2024\/12\/Fusha-e-Zbatimit-te-Kodit-te-Punes-Alprofit-Consul-1536x1024.jpg 1536w\" sizes=\"auto, (max-width: 1920px) 100vw, 1920px\" \/><\/figure>\n\n\n\n<p><\/p>\n\n\n\n<h2 class=\"wp-block-heading\"><strong>Marr\u00ebdh\u00ebniet e Pun\u00ebs q\u00eb P\u00ebrfshihen nga Kod<\/strong><\/h2>\n\n\n\n<p>Kodi zbatohet p\u00ebr t\u00eb gjitha marr\u00ebdh\u00ebniet e pun\u00ebs q\u00eb ndodhin n\u00eb territorin e Shqip\u00ebris\u00eb, duke p\u00ebrfshir\u00eb marr\u00ebdh\u00ebniet individuale dhe kolektive. Ai mbulon marr\u00ebdh\u00ebniet q\u00eb lidhen me:<\/p>\n\n\n\n<ol class=\"wp-block-list\" start=\"1\">\n<li>Pun\u00ebsimin n\u00eb sektorin publik dhe privat.<\/li>\n\n\n\n<li>Marr\u00ebdh\u00ebniet e p\u00ebrkohshme dhe t\u00eb p\u00ebrhershme.<\/li>\n\n\n\n<li>Pun\u00ebsimin sezonal dhe telepun\u00ebn (Neni 6).<\/li>\n<\/ol>\n\n\n\n<blockquote class=\"wp-block-quote is-layout-flow wp-block-quote-is-layout-flow\">\n<p><strong>Shembull praktik:<\/strong>&nbsp;Nj\u00eb kompani e teknologjis\u00eb q\u00eb pun\u00ebson punonj\u00ebs p\u00ebr pun\u00eb nga distanca (telepun\u00eb) \u00ebsht\u00eb e detyruar t\u00eb zbatoj\u00eb rregullat e Kodit p\u00ebr pagat dhe or\u00ebt e pun\u00ebs.<\/p>\n<\/blockquote>\n\n\n\n<h2 class=\"wp-block-heading\"><strong>Zbatimi p\u00ebr Punonj\u00ebsit e Huaj<\/strong><\/h2>\n\n\n\n<p>Pun\u00ebdh\u00ebn\u00ebsit q\u00eb pun\u00ebsojn\u00eb shtetas t\u00eb huaj jan\u00eb t\u00eb detyruar t\u00eb sigurojn\u00eb q\u00eb ata t\u00eb ken\u00eb t\u00eb nj\u00ebjtat t\u00eb drejta dhe mbrojtje si punonj\u00ebsit shqiptar\u00eb, p\u00ebrfshir\u00eb regjistrimin n\u00eb sistemin e sigurimeve shoq\u00ebrore (Neni 7).<\/p>\n\n\n\n<blockquote class=\"wp-block-quote is-layout-flow wp-block-quote-is-layout-flow\">\n<p><strong>Shembull praktik:<\/strong>&nbsp;Nj\u00eb kompani nd\u00ebrtimi q\u00eb pun\u00ebson punonj\u00ebs nga Kosova duhet t\u00eb siguroj\u00eb p\u00ebr ta pushime vjetore t\u00eb paguara dhe trajtime mjek\u00ebsore n\u00eb rast aksidenti.<\/p>\n<\/blockquote>\n\n\n\n<h2 class=\"wp-block-heading\"><strong>P\u00ebrjashtimet nga Fusha e Zbatimit<\/strong><\/h2>\n\n\n\n<p>Kodi nuk zbatohet p\u00ebr disa marr\u00ebdh\u00ebnie pune, duke p\u00ebrfshir\u00eb:<\/p>\n\n\n\n<ul class=\"wp-block-list\">\n<li>Pun\u00ebn familjare informale pa kontrat\u00eb.<\/li>\n\n\n\n<li>Profesione t\u00eb rregulluara me legjislacion specifik, si diplomat\u00ebt dhe marinar\u00ebt (Neni 8).<\/li>\n<\/ul>\n\n\n\n<blockquote class=\"wp-block-quote is-layout-flow wp-block-quote-is-layout-flow\">\n<p><strong>Shembull praktik:<\/strong>&nbsp;Nj\u00eb individ q\u00eb punon p\u00ebr nj\u00eb t\u00eb af\u00ebrm n\u00eb biznes familjar, pa kontrat\u00eb dhe paga fikse, nuk mbrohet nga dispozitat e Kodit.<\/p>\n<\/blockquote>\n\n\n\n<p>Source: <a href=\"https:\/\/www.qbz.gov.al\/preview\/c1c18a6c-5f3e-457d-b931-de505b3c7ed0\" target=\"_blank\" rel=\"noreferrer noopener\">Kodi i Pun\u00ebs. <\/a><\/p>\n\n\n\n<p><\/p>\n\n\n\n<div data-wp-interactive=\"core\/file\" class=\"wp-block-file\"><object data-wp-bind--hidden=\"!state.hasPdfPreview\" hidden class=\"wp-block-file__embed\" data=\"https:\/\/alprofitconsult.al\/wp-content\/uploads\/2024\/12\/Kodi-i-punes-LIGJ-2024-4.pdf\" type=\"application\/pdf\" style=\"width:100%;height:600px\" aria-label=\"Embed of Kodi-i-punes-LIGJ-2024-4.\"><\/object><a id=\"wp-block-file--media-1630a6de-754f-4217-9980-cf69fc32aab1\" href=\"https:\/\/alprofitconsult.al\/wp-content\/uploads\/2024\/12\/Kodi-i-punes-LIGJ-2024-4.pdf\">Kodi-i-punes-LIGJ-2024-4<\/a><a href=\"https:\/\/alprofitconsult.al\/wp-content\/uploads\/2024\/12\/Kodi-i-punes-LIGJ-2024-4.pdf\" class=\"wp-block-file__button wp-element-button\" download aria-describedby=\"wp-block-file--media-1630a6de-754f-4217-9980-cf69fc32aab1\">Download<\/a><\/div>\n\n\n\n<p><\/p>\n\n\n<div class=\"gdlr-core-widget-box-shortcode\" style=\"color: #ffffff ;background-color: #000014 ;\"  ><h3 class=\"gdlr-core-widget-box-shortcode-title\" style=\"color: #ffffff ;\"  >Do you have a question?<\/h3><div class=\"gdlr-core-widget-box-shortcode-content\" ><p class=\"translation-block\">Do not hesitate to <a href=\"https:\/\/alprofitconsult.al\/en\/contact\/\" target=\"_self\">contact<\/a> us. We are a team of experts and will be happy to speak with you.<\/p>\n<\/div><\/div>","protected":false},"excerpt":{"rendered":"<p>Marr\u00ebdh\u00ebniet e Pun\u00ebs q\u00eb P\u00ebrfshihen nga Kod Kodi zbatohet p\u00ebr t\u00eb gjitha marr\u00ebdh\u00ebniet e pun\u00ebs q\u00eb ndodhin n\u00eb territorin e Shqip\u00ebris\u00eb, duke p\u00ebrfshir\u00eb marr\u00ebdh\u00ebniet individuale dhe kolektive. Ai mbulon marr\u00ebdh\u00ebniet q\u00eb lidhen me: Shembull praktik:&nbsp;Nj\u00eb kompani e teknologjis\u00eb q\u00eb pun\u00ebson punonj\u00ebs p\u00ebr pun\u00eb nga distanca (telepun\u00eb) \u00ebsht\u00eb e detyruar t\u00eb zbatoj\u00eb rregullat e Kodit p\u00ebr [&hellip;]<\/p>","protected":false},"author":1,"featured_media":0,"parent":20266,"menu_order":0,"comment_status":"closed","ping_status":"closed","template":"","meta":{"footnotes":""},"class_list":["post-20282","page","type-page","status-publish","hentry"],"yoast_head":"<!-- This site is optimized with the Yoast SEO plugin v26.5 - https:\/\/yoast.com\/wordpress\/plugins\/seo\/ -->\n<title>Fusha e Zbatimit t\u00eb Kodit t\u00eb Pun\u00ebs - AlProfit Consult<\/title>\n<meta name=\"robots\" content=\"index, follow, max-snippet:-1, max-image-preview:large, max-video-preview:-1\" \/>\n<link rel=\"canonical\" href=\"https:\/\/alprofitconsult.al\/en\/prezantim-i-kodit-te-punes\/fusha-e-zbatimit-te-kodit-te-punes\/\" \/>\n<meta property=\"og:locale\" content=\"en_US\" \/>\n<meta property=\"og:type\" content=\"article\" \/>\n<meta property=\"og:title\" content=\"Fusha e Zbatimit t\u00eb Kodit t\u00eb Pun\u00ebs - AlProfit Consult\" \/>\n<meta property=\"og:description\" content=\"Marr\u00ebdh\u00ebniet e Pun\u00ebs q\u00eb P\u00ebrfshihen nga Kod Kodi zbatohet p\u00ebr t\u00eb gjitha marr\u00ebdh\u00ebniet e pun\u00ebs q\u00eb ndodhin n\u00eb territorin e Shqip\u00ebris\u00eb, duke p\u00ebrfshir\u00eb marr\u00ebdh\u00ebniet individuale dhe kolektive. Ai mbulon marr\u00ebdh\u00ebniet q\u00eb lidhen me: Shembull praktik:&nbsp;Nj\u00eb kompani e teknologjis\u00eb q\u00eb pun\u00ebson punonj\u00ebs p\u00ebr pun\u00eb nga distanca (telepun\u00eb) \u00ebsht\u00eb e detyruar t\u00eb zbatoj\u00eb rregullat e Kodit p\u00ebr [&hellip;]\" \/>\n<meta property=\"og:url\" content=\"https:\/\/alprofitconsult.al\/en\/prezantim-i-kodit-te-punes\/fusha-e-zbatimit-te-kodit-te-punes\/\" \/>\n<meta property=\"og:site_name\" content=\"AlProfit Consult\" \/>\n<meta property=\"article:publisher\" content=\"https:\/\/www.facebook.com\/AlProfitConsult\/\" \/>\n<meta property=\"article:modified_time\" content=\"2024-12-05T21:06:02+00:00\" \/>\n<meta property=\"og:image\" content=\"https:\/\/alprofitconsult.al\/wp-content\/uploads\/2024\/12\/Fusha-e-Zbatimit-te-Kodit-te-Punes-Alprofit-Consul.jpg\" \/>\n<meta name=\"twitter:card\" content=\"summary_large_image\" \/>\n<meta name=\"twitter:site\" content=\"@AlProfitConsult\" \/>\n<meta name=\"twitter:label1\" content=\"Est. reading time\" \/>\n\t<meta name=\"twitter:data1\" content=\"1 minute\" \/>\n<script type=\"application\/ld+json\" class=\"yoast-schema-graph\">{\"@context\":\"https:\/\/schema.org\",\"@graph\":[{\"@type\":\"WebPage\",\"@id\":\"https:\/\/alprofitconsult.al\/prezantim-i-kodit-te-punes\/fusha-e-zbatimit-te-kodit-te-punes\/\",\"url\":\"https:\/\/alprofitconsult.al\/prezantim-i-kodit-te-punes\/fusha-e-zbatimit-te-kodit-te-punes\/\",\"name\":\"Fusha e Zbatimit t\u00eb Kodit t\u00eb Pun\u00ebs - AlProfit Consult\",\"isPartOf\":{\"@id\":\"https:\/\/alprofitconsult.al\/#website\"},\"primaryImageOfPage\":{\"@id\":\"https:\/\/alprofitconsult.al\/prezantim-i-kodit-te-punes\/fusha-e-zbatimit-te-kodit-te-punes\/#primaryimage\"},\"image\":{\"@id\":\"https:\/\/alprofitconsult.al\/prezantim-i-kodit-te-punes\/fusha-e-zbatimit-te-kodit-te-punes\/#primaryimage\"},\"thumbnailUrl\":\"https:\/\/alprofitconsult.al\/wp-content\/uploads\/2024\/12\/Fusha-e-Zbatimit-te-Kodit-te-Punes-Alprofit-Consul.jpg\",\"datePublished\":\"2024-12-01T21:02:36+00:00\",\"dateModified\":\"2024-12-05T21:06:02+00:00\",\"breadcrumb\":{\"@id\":\"https:\/\/alprofitconsult.al\/prezantim-i-kodit-te-punes\/fusha-e-zbatimit-te-kodit-te-punes\/#breadcrumb\"},\"inLanguage\":\"en-US\",\"potentialAction\":[{\"@type\":\"ReadAction\",\"target\":[\"https:\/\/alprofitconsult.al\/prezantim-i-kodit-te-punes\/fusha-e-zbatimit-te-kodit-te-punes\/\"]}]},{\"@type\":\"ImageObject\",\"inLanguage\":\"en-US\",\"@id\":\"https:\/\/alprofitconsult.al\/prezantim-i-kodit-te-punes\/fusha-e-zbatimit-te-kodit-te-punes\/#primaryimage\",\"url\":\"https:\/\/alprofitconsult.al\/wp-content\/uploads\/2024\/12\/Fusha-e-Zbatimit-te-Kodit-te-Punes-Alprofit-Consul.jpg\",\"contentUrl\":\"https:\/\/alprofitconsult.al\/wp-content\/uploads\/2024\/12\/Fusha-e-Zbatimit-te-Kodit-te-Punes-Alprofit-Consul.jpg\"},{\"@type\":\"BreadcrumbList\",\"@id\":\"https:\/\/alprofitconsult.al\/prezantim-i-kodit-te-punes\/fusha-e-zbatimit-te-kodit-te-punes\/#breadcrumb\",\"itemListElement\":[{\"@type\":\"ListItem\",\"position\":1,\"name\":\"Kryefaqe\",\"item\":\"https:\/\/alprofitconsult.al\/\"},{\"@type\":\"ListItem\",\"position\":2,\"name\":\"Prezantim i Kodit t\u00eb Pun\u00ebs\",\"item\":\"https:\/\/alprofitconsult.al\/prezantim-i-kodit-te-punes\/\"},{\"@type\":\"ListItem\",\"position\":3,\"name\":\"Fusha e Zbatimit t\u00eb Kodit t\u00eb Pun\u00ebs\"}]},{\"@type\":\"WebSite\",\"@id\":\"https:\/\/alprofitconsult.al\/#website\",\"url\":\"https:\/\/alprofitconsult.al\/\",\"name\":\"AlProfit Consult\",\"description\":\"Zyr\u00eb Kontabiliteti\",\"publisher\":{\"@id\":\"https:\/\/alprofitconsult.al\/#organization\"},\"potentialAction\":[{\"@type\":\"SearchAction\",\"target\":{\"@type\":\"EntryPoint\",\"urlTemplate\":\"https:\/\/alprofitconsult.al\/?s={search_term_string}\"},\"query-input\":{\"@type\":\"PropertyValueSpecification\",\"valueRequired\":true,\"valueName\":\"search_term_string\"}}],\"inLanguage\":\"en-US\"},{\"@type\":\"Organization\",\"@id\":\"https:\/\/alprofitconsult.al\/#organization\",\"name\":\"Alprofit Consult\",\"url\":\"https:\/\/alprofitconsult.al\/\",\"logo\":{\"@type\":\"ImageObject\",\"inLanguage\":\"en-US\",\"@id\":\"https:\/\/alprofitconsult.al\/#\/schema\/logo\/image\/\",\"url\":\"https:\/\/alprofitconsult.al\/wp-content\/uploads\/2022\/10\/logoalprofit.png\",\"contentUrl\":\"https:\/\/alprofitconsult.al\/wp-content\/uploads\/2022\/10\/logoalprofit.png\",\"width\":529,\"height\":156,\"caption\":\"Alprofit Consult\"},\"image\":{\"@id\":\"https:\/\/alprofitconsult.al\/#\/schema\/logo\/image\/\"},\"sameAs\":[\"https:\/\/www.facebook.com\/AlProfitConsult\/\",\"https:\/\/x.com\/AlProfitConsult\",\"https:\/\/www.linkedin.com\/company\/andi-haxhillari\/\",\"https:\/\/www.pinterest.com\/AlProfitConsult\/\",\"https:\/\/www.youtube.com\/channel\/UCZ5Gfntn161Nla3g1XdRldA\",\"https:\/\/sq.wikipedia.org\/wiki\/P\u00ebrdoruesi:Andi25~sqwiki\"]}]}<\/script>\n<!-- \/ Yoast SEO plugin. -->","yoast_head_json":{"title":"Fusha e Zbatimit t\u00eb Kodit t\u00eb Pun\u00ebs - AlProfit Consult","robots":{"index":"index","follow":"follow","max-snippet":"max-snippet:-1","max-image-preview":"max-image-preview:large","max-video-preview":"max-video-preview:-1"},"canonical":"https:\/\/alprofitconsult.al\/en\/prezantim-i-kodit-te-punes\/fusha-e-zbatimit-te-kodit-te-punes\/","og_locale":"en_US","og_type":"article","og_title":"Fusha e Zbatimit t\u00eb Kodit t\u00eb Pun\u00ebs - AlProfit Consult","og_description":"Marr\u00ebdh\u00ebniet e Pun\u00ebs q\u00eb P\u00ebrfshihen nga Kod Kodi zbatohet p\u00ebr t\u00eb gjitha marr\u00ebdh\u00ebniet e pun\u00ebs q\u00eb ndodhin n\u00eb territorin e Shqip\u00ebris\u00eb, duke p\u00ebrfshir\u00eb marr\u00ebdh\u00ebniet individuale dhe kolektive. Ai mbulon marr\u00ebdh\u00ebniet q\u00eb lidhen me: Shembull praktik:&nbsp;Nj\u00eb kompani e teknologjis\u00eb q\u00eb pun\u00ebson punonj\u00ebs p\u00ebr pun\u00eb nga distanca (telepun\u00eb) \u00ebsht\u00eb e detyruar t\u00eb zbatoj\u00eb rregullat e Kodit p\u00ebr [&hellip;]","og_url":"https:\/\/alprofitconsult.al\/en\/prezantim-i-kodit-te-punes\/fusha-e-zbatimit-te-kodit-te-punes\/","og_site_name":"AlProfit Consult","article_publisher":"https:\/\/www.facebook.com\/AlProfitConsult\/","article_modified_time":"2024-12-05T21:06:02+00:00","og_image":[{"url":"https:\/\/alprofitconsult.al\/wp-content\/uploads\/2024\/12\/Fusha-e-Zbatimit-te-Kodit-te-Punes-Alprofit-Consul.jpg","type":"","width":"","height":""}],"twitter_card":"summary_large_image","twitter_site":"@AlProfitConsult","twitter_misc":{"Est. reading time":"1 minute"},"schema":{"@context":"https:\/\/schema.org","@graph":[{"@type":"WebPage","@id":"https:\/\/alprofitconsult.al\/prezantim-i-kodit-te-punes\/fusha-e-zbatimit-te-kodit-te-punes\/","url":"https:\/\/alprofitconsult.al\/prezantim-i-kodit-te-punes\/fusha-e-zbatimit-te-kodit-te-punes\/","name":"Fusha e Zbatimit t\u00eb Kodit t\u00eb Pun\u00ebs - AlProfit Consult","isPartOf":{"@id":"https:\/\/alprofitconsult.al\/#website"},"primaryImageOfPage":{"@id":"https:\/\/alprofitconsult.al\/prezantim-i-kodit-te-punes\/fusha-e-zbatimit-te-kodit-te-punes\/#primaryimage"},"image":{"@id":"https:\/\/alprofitconsult.al\/prezantim-i-kodit-te-punes\/fusha-e-zbatimit-te-kodit-te-punes\/#primaryimage"},"thumbnailUrl":"https:\/\/alprofitconsult.al\/wp-content\/uploads\/2024\/12\/Fusha-e-Zbatimit-te-Kodit-te-Punes-Alprofit-Consul.jpg","datePublished":"2024-12-01T21:02:36+00:00","dateModified":"2024-12-05T21:06:02+00:00","breadcrumb":{"@id":"https:\/\/alprofitconsult.al\/prezantim-i-kodit-te-punes\/fusha-e-zbatimit-te-kodit-te-punes\/#breadcrumb"},"inLanguage":"en-US","potentialAction":[{"@type":"ReadAction","target":["https:\/\/alprofitconsult.al\/prezantim-i-kodit-te-punes\/fusha-e-zbatimit-te-kodit-te-punes\/"]}]},{"@type":"ImageObject","inLanguage":"en-US","@id":"https:\/\/alprofitconsult.al\/prezantim-i-kodit-te-punes\/fusha-e-zbatimit-te-kodit-te-punes\/#primaryimage","url":"https:\/\/alprofitconsult.al\/wp-content\/uploads\/2024\/12\/Fusha-e-Zbatimit-te-Kodit-te-Punes-Alprofit-Consul.jpg","contentUrl":"https:\/\/alprofitconsult.al\/wp-content\/uploads\/2024\/12\/Fusha-e-Zbatimit-te-Kodit-te-Punes-Alprofit-Consul.jpg"},{"@type":"BreadcrumbList","@id":"https:\/\/alprofitconsult.al\/prezantim-i-kodit-te-punes\/fusha-e-zbatimit-te-kodit-te-punes\/#breadcrumb","itemListElement":[{"@type":"ListItem","position":1,"name":"Kryefaqe","item":"https:\/\/alprofitconsult.al\/"},{"@type":"ListItem","position":2,"name":"Prezantim i Kodit t\u00eb Pun\u00ebs","item":"https:\/\/alprofitconsult.al\/prezantim-i-kodit-te-punes\/"},{"@type":"ListItem","position":3,"name":"Fusha e Zbatimit t\u00eb Kodit t\u00eb Pun\u00ebs"}]},{"@type":"WebSite","@id":"https:\/\/alprofitconsult.al\/#website","url":"https:\/\/alprofitconsult.al\/","name":"AlProfit Consult","description":"Zyr\u00eb Kontabiliteti","publisher":{"@id":"https:\/\/alprofitconsult.al\/#organization"},"potentialAction":[{"@type":"SearchAction","target":{"@type":"EntryPoint","urlTemplate":"https:\/\/alprofitconsult.al\/?s={search_term_string}"},"query-input":{"@type":"PropertyValueSpecification","valueRequired":true,"valueName":"search_term_string"}}],"inLanguage":"en-US"},{"@type":"Organization","@id":"https:\/\/alprofitconsult.al\/#organization","name":"Alprofit Consult","url":"https:\/\/alprofitconsult.al\/","logo":{"@type":"ImageObject","inLanguage":"en-US","@id":"https:\/\/alprofitconsult.al\/#\/schema\/logo\/image\/","url":"https:\/\/alprofitconsult.al\/wp-content\/uploads\/2022\/10\/logoalprofit.png","contentUrl":"https:\/\/alprofitconsult.al\/wp-content\/uploads\/2022\/10\/logoalprofit.png","width":529,"height":156,"caption":"Alprofit Consult"},"image":{"@id":"https:\/\/alprofitconsult.al\/#\/schema\/logo\/image\/"},"sameAs":["https:\/\/www.facebook.com\/AlProfitConsult\/","https:\/\/x.com\/AlProfitConsult","https:\/\/www.linkedin.com\/company\/andi-haxhillari\/","https:\/\/www.pinterest.com\/AlProfitConsult\/","https:\/\/www.youtube.com\/channel\/UCZ5Gfntn161Nla3g1XdRldA","https:\/\/sq.wikipedia.org\/wiki\/P\u00ebrdoruesi:Andi25~sqwiki"]}]}},"_links":{"self":[{"href":"https:\/\/alprofitconsult.al\/en\/wp-json\/wp\/v2\/pages\/20282","targetHints":{"allow":["GET"]}}],"collection":[{"href":"https:\/\/alprofitconsult.al\/en\/wp-json\/wp\/v2\/pages"}],"about":[{"href":"https:\/\/alprofitconsult.al\/en\/wp-json\/wp\/v2\/types\/page"}],"author":[{"embeddable":true,"href":"https:\/\/alprofitconsult.al\/en\/wp-json\/wp\/v2\/users\/1"}],"replies":[{"embeddable":true,"href":"https:\/\/alprofitconsult.al\/en\/wp-json\/wp\/v2\/comments?post=20282"}],"version-history":[{"count":5,"href":"https:\/\/alprofitconsult.al\/en\/wp-json\/wp\/v2\/pages\/20282\/revisions"}],"predecessor-version":[{"id":20461,"href":"https:\/\/alprofitconsult.al\/en\/wp-json\/wp\/v2\/pages\/20282\/revisions\/20461"}],"up":[{"embeddable":true,"href":"https:\/\/alprofitconsult.al\/en\/wp-json\/wp\/v2\/pages\/20266"}],"wp:attachment":[{"href":"https:\/\/alprofitconsult.al\/en\/wp-json\/wp\/v2\/media?parent=20282"}],"curies":[{"name":"wp","href":"https:\/\/api.w.org\/{rel}","templated":true}]}}