{"id":20285,"date":"2024-12-01T21:03:16","date_gmt":"2024-12-01T21:03:16","guid":{"rendered":"https:\/\/alprofitconsult.al\/?page_id=20285"},"modified":"2024-12-05T21:04:44","modified_gmt":"2024-12-05T21:04:44","slug":"te-drejtat-dhe-detyrimet","status":"publish","type":"page","link":"https:\/\/alprofitconsult.al\/en\/prezantim-i-kodit-te-punes\/te-drejtat-dhe-detyrimet\/","title":{"rendered":"T\u00eb drejtat dhe Detyrimet"},"content":{"rendered":"<div class=\"yoast-breadcrumbs\"><span><span><a href=\"https:\/\/alprofitconsult.al\/en\/\">Home<\/a><\/span> | <span><a href=\"https:\/\/alprofitconsult.al\/en\/prezantim-i-kodit-te-punes\/\">Prezantim i Kodit t\u00eb Pun\u00ebs<\/a><\/span> | <span class=\"breadcrumb_last\" aria-current=\"page\">T\u00eb drejtat dhe Detyrimet<\/span><\/span><\/div>\n\n\n<p><\/p>\n\n\n\n<figure class=\"wp-block-image size-full\"><img loading=\"lazy\" decoding=\"async\" width=\"1920\" height=\"1078\" src=\"https:\/\/alprofitconsult.al\/wp-content\/uploads\/2024\/12\/Te-drejtat-dhe-Detyrimet-Alprofit-Consult.jpg\" alt=\"\" class=\"wp-image-20455\" srcset=\"https:\/\/alprofitconsult.al\/wp-content\/uploads\/2024\/12\/Te-drejtat-dhe-Detyrimet-Alprofit-Consult.jpg 1920w, https:\/\/alprofitconsult.al\/wp-content\/uploads\/2024\/12\/Te-drejtat-dhe-Detyrimet-Alprofit-Consult-768x431.jpg 768w, https:\/\/alprofitconsult.al\/wp-content\/uploads\/2024\/12\/Te-drejtat-dhe-Detyrimet-Alprofit-Consult-1536x862.jpg 1536w\" sizes=\"auto, (max-width: 1920px) 100vw, 1920px\" \/><\/figure>\n\n\n\n<p><\/p>\n\n\n\n<h2 class=\"wp-block-heading\"><strong>T\u00eb Drejtat Themelore t\u00eb Punonj\u00ebsve<\/strong><\/h2>\n\n\n\n<p>Punonj\u00ebsit kan\u00eb t\u00eb drejt\u00ebn e:<\/p>\n\n\n\n<ol class=\"wp-block-list\" start=\"1\">\n<li>Nj\u00eb ambienti pune t\u00eb sigurt dhe t\u00eb sh\u00ebndetsh\u00ebm (Neni 38).<\/li>\n\n\n\n<li>Mbrojtjes nga diskriminimi dhe ngacmimi (Neni 9).<\/li>\n\n\n\n<li>Nj\u00eb page t\u00eb drejt\u00eb dhe t\u00eb paguar n\u00eb koh\u00eb (Neni 78).<\/li>\n\n\n\n<li>Pushimeve vjetore t\u00eb paguara prej t\u00eb pakt\u00ebn kat\u00ebr jav\u00ebsh (Neni 95).<\/li>\n<\/ol>\n\n\n\n<h2 class=\"wp-block-heading\"><strong>Detyrimet e Punonj\u00ebsve<\/strong><\/h2>\n\n\n\n<p>Punonj\u00ebsit duhet t\u00eb:<\/p>\n\n\n\n<ol class=\"wp-block-list\" start=\"1\">\n<li>P\u00ebrmbushin detyrat sipas p\u00ebrshkrimit t\u00eb pun\u00ebs (Neni 15).<\/li>\n\n\n\n<li>Ruajn\u00eb pajisjet dhe mjediset e pun\u00ebs (Neni 17).<\/li>\n\n\n\n<li>Respektojn\u00eb rregullat e vendosura nga pun\u00ebdh\u00ebn\u00ebsi dhe t\u00eb kontribuojn\u00eb p\u00ebr nj\u00eb mjedis pune t\u00eb sigurt dhe t\u00eb organizuar.<\/li>\n<\/ol>\n\n\n\n<p>Source: <a href=\"https:\/\/www.qbz.gov.al\/preview\/c1c18a6c-5f3e-457d-b931-de505b3c7ed0\" target=\"_blank\" rel=\"noreferrer noopener\">Kodi i Pun\u00ebs.<\/a><\/p>\n\n\n\n<p><\/p>\n\n\n\n<div data-wp-interactive=\"core\/file\" class=\"wp-block-file\"><object data-wp-bind--hidden=\"!state.hasPdfPreview\" hidden class=\"wp-block-file__embed\" data=\"https:\/\/alprofitconsult.al\/wp-content\/uploads\/2024\/12\/Kodi-i-punes-LIGJ-2024-5.pdf\" type=\"application\/pdf\" style=\"width:100%;height:600px\" aria-label=\"Embed of Kodi-i-punes-LIGJ-2024-5.\"><\/object><a id=\"wp-block-file--media-ae4cf9fa-a108-431c-ab9e-6029ef5eff8e\" href=\"https:\/\/alprofitconsult.al\/wp-content\/uploads\/2024\/12\/Kodi-i-punes-LIGJ-2024-5.pdf\">Kodi-i-punes-LIGJ-2024-5<\/a><a href=\"https:\/\/alprofitconsult.al\/wp-content\/uploads\/2024\/12\/Kodi-i-punes-LIGJ-2024-5.pdf\" class=\"wp-block-file__button wp-element-button\" download aria-describedby=\"wp-block-file--media-ae4cf9fa-a108-431c-ab9e-6029ef5eff8e\">Download<\/a><\/div>\n\n\n\n<p><\/p>\n\n\n<div class=\"gdlr-core-widget-box-shortcode\" style=\"color: #ffffff ;background-color: #000014 ;\"  ><h3 class=\"gdlr-core-widget-box-shortcode-title\" style=\"color: #ffffff ;\"  >Do you have a question?<\/h3><div class=\"gdlr-core-widget-box-shortcode-content\" ><p class=\"translation-block\">Do not hesitate to <a href=\"https:\/\/alprofitconsult.al\/en\/contact\/\" target=\"_self\">contact<\/a> us. We are a team of experts and will be happy to speak with you.<\/p>\n<\/div><\/div>","protected":false},"excerpt":{"rendered":"<p>T\u00eb Drejtat Themelore t\u00eb Punonj\u00ebsve Punonj\u00ebsit kan\u00eb t\u00eb drejt\u00ebn e: Detyrimet e Punonj\u00ebsve Punonj\u00ebsit duhet t\u00eb: Burimi: Kodi i Pun\u00ebs.<\/p>","protected":false},"author":1,"featured_media":0,"parent":20266,"menu_order":0,"comment_status":"closed","ping_status":"closed","template":"","meta":{"footnotes":""},"class_list":["post-20285","page","type-page","status-publish","hentry"],"yoast_head":"<!-- This site is optimized with the Yoast SEO plugin v26.5 - https:\/\/yoast.com\/wordpress\/plugins\/seo\/ -->\n<title>T\u00eb drejtat dhe Detyrimet - AlProfit Consult<\/title>\n<meta name=\"robots\" content=\"index, follow, max-snippet:-1, max-image-preview:large, max-video-preview:-1\" \/>\n<link rel=\"canonical\" href=\"https:\/\/alprofitconsult.al\/en\/prezantim-i-kodit-te-punes\/te-drejtat-dhe-detyrimet\/\" \/>\n<meta property=\"og:locale\" content=\"en_US\" \/>\n<meta property=\"og:type\" content=\"article\" \/>\n<meta property=\"og:title\" content=\"T\u00eb drejtat dhe Detyrimet - AlProfit Consult\" \/>\n<meta property=\"og:description\" content=\"T\u00eb Drejtat Themelore t\u00eb Punonj\u00ebsve Punonj\u00ebsit kan\u00eb t\u00eb drejt\u00ebn e: Detyrimet e Punonj\u00ebsve Punonj\u00ebsit duhet t\u00eb: Burimi: Kodi i Pun\u00ebs.\" \/>\n<meta property=\"og:url\" content=\"https:\/\/alprofitconsult.al\/en\/prezantim-i-kodit-te-punes\/te-drejtat-dhe-detyrimet\/\" \/>\n<meta property=\"og:site_name\" content=\"AlProfit Consult\" \/>\n<meta property=\"article:publisher\" content=\"https:\/\/www.facebook.com\/AlProfitConsult\/\" \/>\n<meta property=\"article:modified_time\" content=\"2024-12-05T21:04:44+00:00\" \/>\n<meta property=\"og:image\" content=\"https:\/\/alprofitconsult.al\/wp-content\/uploads\/2024\/12\/Te-drejtat-dhe-Detyrimet-Alprofit-Consult.jpg\" \/>\n<meta name=\"twitter:card\" content=\"summary_large_image\" \/>\n<meta name=\"twitter:site\" content=\"@AlProfitConsult\" \/>\n<meta name=\"twitter:label1\" content=\"Est. reading time\" \/>\n\t<meta name=\"twitter:data1\" content=\"1 minute\" \/>\n<script type=\"application\/ld+json\" class=\"yoast-schema-graph\">{\"@context\":\"https:\/\/schema.org\",\"@graph\":[{\"@type\":\"WebPage\",\"@id\":\"https:\/\/alprofitconsult.al\/prezantim-i-kodit-te-punes\/te-drejtat-dhe-detyrimet\/\",\"url\":\"https:\/\/alprofitconsult.al\/prezantim-i-kodit-te-punes\/te-drejtat-dhe-detyrimet\/\",\"name\":\"T\u00eb drejtat dhe Detyrimet - AlProfit Consult\",\"isPartOf\":{\"@id\":\"https:\/\/alprofitconsult.al\/#website\"},\"primaryImageOfPage\":{\"@id\":\"https:\/\/alprofitconsult.al\/prezantim-i-kodit-te-punes\/te-drejtat-dhe-detyrimet\/#primaryimage\"},\"image\":{\"@id\":\"https:\/\/alprofitconsult.al\/prezantim-i-kodit-te-punes\/te-drejtat-dhe-detyrimet\/#primaryimage\"},\"thumbnailUrl\":\"https:\/\/alprofitconsult.al\/wp-content\/uploads\/2024\/12\/Te-drejtat-dhe-Detyrimet-Alprofit-Consult.jpg\",\"datePublished\":\"2024-12-01T21:03:16+00:00\",\"dateModified\":\"2024-12-05T21:04:44+00:00\",\"breadcrumb\":{\"@id\":\"https:\/\/alprofitconsult.al\/prezantim-i-kodit-te-punes\/te-drejtat-dhe-detyrimet\/#breadcrumb\"},\"inLanguage\":\"en-US\",\"potentialAction\":[{\"@type\":\"ReadAction\",\"target\":[\"https:\/\/alprofitconsult.al\/prezantim-i-kodit-te-punes\/te-drejtat-dhe-detyrimet\/\"]}]},{\"@type\":\"ImageObject\",\"inLanguage\":\"en-US\",\"@id\":\"https:\/\/alprofitconsult.al\/prezantim-i-kodit-te-punes\/te-drejtat-dhe-detyrimet\/#primaryimage\",\"url\":\"https:\/\/alprofitconsult.al\/wp-content\/uploads\/2024\/12\/Te-drejtat-dhe-Detyrimet-Alprofit-Consult.jpg\",\"contentUrl\":\"https:\/\/alprofitconsult.al\/wp-content\/uploads\/2024\/12\/Te-drejtat-dhe-Detyrimet-Alprofit-Consult.jpg\"},{\"@type\":\"BreadcrumbList\",\"@id\":\"https:\/\/alprofitconsult.al\/prezantim-i-kodit-te-punes\/te-drejtat-dhe-detyrimet\/#breadcrumb\",\"itemListElement\":[{\"@type\":\"ListItem\",\"position\":1,\"name\":\"Kryefaqe\",\"item\":\"https:\/\/alprofitconsult.al\/\"},{\"@type\":\"ListItem\",\"position\":2,\"name\":\"Prezantim i Kodit t\u00eb Pun\u00ebs\",\"item\":\"https:\/\/alprofitconsult.al\/prezantim-i-kodit-te-punes\/\"},{\"@type\":\"ListItem\",\"position\":3,\"name\":\"T\u00eb drejtat dhe Detyrimet\"}]},{\"@type\":\"WebSite\",\"@id\":\"https:\/\/alprofitconsult.al\/#website\",\"url\":\"https:\/\/alprofitconsult.al\/\",\"name\":\"AlProfit Consult\",\"description\":\"Zyr\u00eb Kontabiliteti\",\"publisher\":{\"@id\":\"https:\/\/alprofitconsult.al\/#organization\"},\"potentialAction\":[{\"@type\":\"SearchAction\",\"target\":{\"@type\":\"EntryPoint\",\"urlTemplate\":\"https:\/\/alprofitconsult.al\/?s={search_term_string}\"},\"query-input\":{\"@type\":\"PropertyValueSpecification\",\"valueRequired\":true,\"valueName\":\"search_term_string\"}}],\"inLanguage\":\"en-US\"},{\"@type\":\"Organization\",\"@id\":\"https:\/\/alprofitconsult.al\/#organization\",\"name\":\"Alprofit Consult\",\"url\":\"https:\/\/alprofitconsult.al\/\",\"logo\":{\"@type\":\"ImageObject\",\"inLanguage\":\"en-US\",\"@id\":\"https:\/\/alprofitconsult.al\/#\/schema\/logo\/image\/\",\"url\":\"https:\/\/alprofitconsult.al\/wp-content\/uploads\/2022\/10\/logoalprofit.png\",\"contentUrl\":\"https:\/\/alprofitconsult.al\/wp-content\/uploads\/2022\/10\/logoalprofit.png\",\"width\":529,\"height\":156,\"caption\":\"Alprofit Consult\"},\"image\":{\"@id\":\"https:\/\/alprofitconsult.al\/#\/schema\/logo\/image\/\"},\"sameAs\":[\"https:\/\/www.facebook.com\/AlProfitConsult\/\",\"https:\/\/x.com\/AlProfitConsult\",\"https:\/\/www.linkedin.com\/company\/andi-haxhillari\/\",\"https:\/\/www.pinterest.com\/AlProfitConsult\/\",\"https:\/\/www.youtube.com\/channel\/UCZ5Gfntn161Nla3g1XdRldA\",\"https:\/\/sq.wikipedia.org\/wiki\/P\u00ebrdoruesi:Andi25~sqwiki\"]}]}<\/script>\n<!-- \/ Yoast SEO plugin. -->","yoast_head_json":{"title":"T\u00eb drejtat dhe Detyrimet - AlProfit Consult","robots":{"index":"index","follow":"follow","max-snippet":"max-snippet:-1","max-image-preview":"max-image-preview:large","max-video-preview":"max-video-preview:-1"},"canonical":"https:\/\/alprofitconsult.al\/en\/prezantim-i-kodit-te-punes\/te-drejtat-dhe-detyrimet\/","og_locale":"en_US","og_type":"article","og_title":"T\u00eb drejtat dhe Detyrimet - AlProfit Consult","og_description":"T\u00eb Drejtat Themelore t\u00eb Punonj\u00ebsve Punonj\u00ebsit kan\u00eb t\u00eb drejt\u00ebn e: Detyrimet e Punonj\u00ebsve Punonj\u00ebsit duhet t\u00eb: Burimi: Kodi i Pun\u00ebs.","og_url":"https:\/\/alprofitconsult.al\/en\/prezantim-i-kodit-te-punes\/te-drejtat-dhe-detyrimet\/","og_site_name":"AlProfit Consult","article_publisher":"https:\/\/www.facebook.com\/AlProfitConsult\/","article_modified_time":"2024-12-05T21:04:44+00:00","og_image":[{"url":"https:\/\/alprofitconsult.al\/wp-content\/uploads\/2024\/12\/Te-drejtat-dhe-Detyrimet-Alprofit-Consult.jpg","type":"","width":"","height":""}],"twitter_card":"summary_large_image","twitter_site":"@AlProfitConsult","twitter_misc":{"Est. reading time":"1 minute"},"schema":{"@context":"https:\/\/schema.org","@graph":[{"@type":"WebPage","@id":"https:\/\/alprofitconsult.al\/prezantim-i-kodit-te-punes\/te-drejtat-dhe-detyrimet\/","url":"https:\/\/alprofitconsult.al\/prezantim-i-kodit-te-punes\/te-drejtat-dhe-detyrimet\/","name":"T\u00eb drejtat dhe Detyrimet - AlProfit Consult","isPartOf":{"@id":"https:\/\/alprofitconsult.al\/#website"},"primaryImageOfPage":{"@id":"https:\/\/alprofitconsult.al\/prezantim-i-kodit-te-punes\/te-drejtat-dhe-detyrimet\/#primaryimage"},"image":{"@id":"https:\/\/alprofitconsult.al\/prezantim-i-kodit-te-punes\/te-drejtat-dhe-detyrimet\/#primaryimage"},"thumbnailUrl":"https:\/\/alprofitconsult.al\/wp-content\/uploads\/2024\/12\/Te-drejtat-dhe-Detyrimet-Alprofit-Consult.jpg","datePublished":"2024-12-01T21:03:16+00:00","dateModified":"2024-12-05T21:04:44+00:00","breadcrumb":{"@id":"https:\/\/alprofitconsult.al\/prezantim-i-kodit-te-punes\/te-drejtat-dhe-detyrimet\/#breadcrumb"},"inLanguage":"en-US","potentialAction":[{"@type":"ReadAction","target":["https:\/\/alprofitconsult.al\/prezantim-i-kodit-te-punes\/te-drejtat-dhe-detyrimet\/"]}]},{"@type":"ImageObject","inLanguage":"en-US","@id":"https:\/\/alprofitconsult.al\/prezantim-i-kodit-te-punes\/te-drejtat-dhe-detyrimet\/#primaryimage","url":"https:\/\/alprofitconsult.al\/wp-content\/uploads\/2024\/12\/Te-drejtat-dhe-Detyrimet-Alprofit-Consult.jpg","contentUrl":"https:\/\/alprofitconsult.al\/wp-content\/uploads\/2024\/12\/Te-drejtat-dhe-Detyrimet-Alprofit-Consult.jpg"},{"@type":"BreadcrumbList","@id":"https:\/\/alprofitconsult.al\/prezantim-i-kodit-te-punes\/te-drejtat-dhe-detyrimet\/#breadcrumb","itemListElement":[{"@type":"ListItem","position":1,"name":"Kryefaqe","item":"https:\/\/alprofitconsult.al\/"},{"@type":"ListItem","position":2,"name":"Prezantim i Kodit t\u00eb Pun\u00ebs","item":"https:\/\/alprofitconsult.al\/prezantim-i-kodit-te-punes\/"},{"@type":"ListItem","position":3,"name":"T\u00eb drejtat dhe Detyrimet"}]},{"@type":"WebSite","@id":"https:\/\/alprofitconsult.al\/#website","url":"https:\/\/alprofitconsult.al\/","name":"AlProfit Consult","description":"Zyr\u00eb Kontabiliteti","publisher":{"@id":"https:\/\/alprofitconsult.al\/#organization"},"potentialAction":[{"@type":"SearchAction","target":{"@type":"EntryPoint","urlTemplate":"https:\/\/alprofitconsult.al\/?s={search_term_string}"},"query-input":{"@type":"PropertyValueSpecification","valueRequired":true,"valueName":"search_term_string"}}],"inLanguage":"en-US"},{"@type":"Organization","@id":"https:\/\/alprofitconsult.al\/#organization","name":"Alprofit Consult","url":"https:\/\/alprofitconsult.al\/","logo":{"@type":"ImageObject","inLanguage":"en-US","@id":"https:\/\/alprofitconsult.al\/#\/schema\/logo\/image\/","url":"https:\/\/alprofitconsult.al\/wp-content\/uploads\/2022\/10\/logoalprofit.png","contentUrl":"https:\/\/alprofitconsult.al\/wp-content\/uploads\/2022\/10\/logoalprofit.png","width":529,"height":156,"caption":"Alprofit Consult"},"image":{"@id":"https:\/\/alprofitconsult.al\/#\/schema\/logo\/image\/"},"sameAs":["https:\/\/www.facebook.com\/AlProfitConsult\/","https:\/\/x.com\/AlProfitConsult","https:\/\/www.linkedin.com\/company\/andi-haxhillari\/","https:\/\/www.pinterest.com\/AlProfitConsult\/","https:\/\/www.youtube.com\/channel\/UCZ5Gfntn161Nla3g1XdRldA","https:\/\/sq.wikipedia.org\/wiki\/P\u00ebrdoruesi:Andi25~sqwiki"]}]}},"_links":{"self":[{"href":"https:\/\/alprofitconsult.al\/en\/wp-json\/wp\/v2\/pages\/20285","targetHints":{"allow":["GET"]}}],"collection":[{"href":"https:\/\/alprofitconsult.al\/en\/wp-json\/wp\/v2\/pages"}],"about":[{"href":"https:\/\/alprofitconsult.al\/en\/wp-json\/wp\/v2\/types\/page"}],"author":[{"embeddable":true,"href":"https:\/\/alprofitconsult.al\/en\/wp-json\/wp\/v2\/users\/1"}],"replies":[{"embeddable":true,"href":"https:\/\/alprofitconsult.al\/en\/wp-json\/wp\/v2\/comments?post=20285"}],"version-history":[{"count":5,"href":"https:\/\/alprofitconsult.al\/en\/wp-json\/wp\/v2\/pages\/20285\/revisions"}],"predecessor-version":[{"id":20459,"href":"https:\/\/alprofitconsult.al\/en\/wp-json\/wp\/v2\/pages\/20285\/revisions\/20459"}],"up":[{"embeddable":true,"href":"https:\/\/alprofitconsult.al\/en\/wp-json\/wp\/v2\/pages\/20266"}],"wp:attachment":[{"href":"https:\/\/alprofitconsult.al\/en\/wp-json\/wp\/v2\/media?parent=20285"}],"curies":[{"name":"wp","href":"https:\/\/api.w.org\/{rel}","templated":true}]}}