{"id":20289,"date":"2024-12-01T21:04:56","date_gmt":"2024-12-01T21:04:56","guid":{"rendered":"https:\/\/alprofitconsult.al\/?page_id=20289"},"modified":"2024-12-05T21:23:47","modified_gmt":"2024-12-05T21:23:47","slug":"krijimi-dhe-zhvillimi-i-marredhenieve-te-punes","status":"publish","type":"page","link":"https:\/\/alprofitconsult.al\/en\/kodi-i-punes\/marredheniet-e-punes\/krijimi-dhe-zhvillimi-i-marredhenieve-te-punes\/","title":{"rendered":"Krijimi Dhe Zhvillimi I Marr\u00ebdh\u00ebnieve T\u00eb Pun\u00ebs"},"content":{"rendered":"<div class=\"yoast-breadcrumbs\"><span><span><a href=\"https:\/\/alprofitconsult.al\/en\/\">Home<\/a><\/span> | <span><a href=\"https:\/\/alprofitconsult.al\/en\/kodi-i-punes\/\">Labor Code<\/a><\/span> | <span><a href=\"https:\/\/alprofitconsult.al\/en\/kodi-i-punes\/marredheniet-e-punes\/\">Labor Relations<\/a><\/span> | <span class=\"breadcrumb_last\" aria-current=\"page\">Krijimi Dhe Zhvillimi I Marr\u00ebdh\u00ebnieve T\u00eb Pun\u00ebs<\/span><\/span><\/div>\n\n\n<p><\/p>\n\n\n\n<figure class=\"wp-block-image size-full\"><img loading=\"lazy\" decoding=\"async\" width=\"1920\" height=\"1272\" src=\"https:\/\/alprofitconsult.al\/wp-content\/uploads\/2024\/12\/Krijimi-Dhe-Zhvillimi-I-Marredhenieve-Te-Punes-Alprofit-Consult.jpg\" alt=\"\" class=\"wp-image-20505\" srcset=\"https:\/\/alprofitconsult.al\/wp-content\/uploads\/2024\/12\/Krijimi-Dhe-Zhvillimi-I-Marredhenieve-Te-Punes-Alprofit-Consult.jpg 1920w, https:\/\/alprofitconsult.al\/wp-content\/uploads\/2024\/12\/Krijimi-Dhe-Zhvillimi-I-Marredhenieve-Te-Punes-Alprofit-Consult-768x509.jpg 768w, https:\/\/alprofitconsult.al\/wp-content\/uploads\/2024\/12\/Krijimi-Dhe-Zhvillimi-I-Marredhenieve-Te-Punes-Alprofit-Consult-1536x1018.jpg 1536w\" sizes=\"auto, (max-width: 1920px) 100vw, 1920px\" \/><\/figure>\n\n\n\n<p><\/p>\n\n\n\n<h2 class=\"wp-block-heading\"><strong>Kontrata e Pun\u00ebs<\/strong><\/h2>\n\n\n\n<p>Kontrata e pun\u00ebs \u00ebsht\u00eb dokumenti baz\u00eb q\u00eb p\u00ebrcakton marr\u00ebdh\u00ebniet nd\u00ebrmjet pun\u00ebdh\u00ebn\u00ebsit dhe punonj\u00ebsit. Ajo duhet t\u00eb jet\u00eb n\u00eb form\u00eb t\u00eb shkruar dhe t\u00eb p\u00ebrfshij\u00eb elementet e m\u00ebposhtme:<\/p>\n\n\n\n<ol class=\"wp-block-list\" start=\"1\">\n<li>T\u00eb dh\u00ebnat e pal\u00ebve.<\/li>\n\n\n\n<li>P\u00ebrshkrimi i p\u00ebrgjegj\u00ebsive t\u00eb punonj\u00ebsit.<\/li>\n\n\n\n<li>Pagesa dhe kushtet e kompensimit.<\/li>\n\n\n\n<li>Orari i pun\u00ebs dhe pushimet.<\/li>\n\n\n\n<li>Afati i kontrat\u00ebs (Neni 12).<\/li>\n<\/ol>\n\n\n\n<blockquote class=\"wp-block-quote is-layout-flow wp-block-quote-is-layout-flow\">\n<p><strong>Shembull praktik:<\/strong>&nbsp;Nj\u00eb punonj\u00ebs i angazhuar n\u00eb nj\u00eb projekt 6-mujor duhet t\u00eb ket\u00eb nj\u00eb kontrat\u00eb q\u00eb specifikon dat\u00ebn e fillimit dhe p\u00ebrfundimit t\u00eb marr\u00ebdh\u00ebnies.<\/p>\n<\/blockquote>\n\n\n\n<h2 class=\"wp-block-heading\"><strong>Llojet e Kontratave<\/strong><\/h2>\n\n\n\n<p>Kodi p\u00ebrcakton disa lloje kontratash, duke p\u00ebrfshir\u00eb:<\/p>\n\n\n\n<ol class=\"wp-block-list\" start=\"1\">\n<li><strong>Kontratat me afat t\u00eb pacaktuar.<\/strong><\/li>\n\n\n\n<li><strong>Kontratat me afat t\u00eb caktuar p\u00ebr pun\u00eb sezonale.<\/strong><\/li>\n\n\n\n<li><strong>Kontratat me koh\u00eb t\u00eb pjesshme,<\/strong>\u00a0t\u00eb cilat duhet t\u00eb respektojn\u00eb proporcionalisht t\u00eb drejtat e pun\u00ebs (Neni 14).<\/li>\n<\/ol>\n\n\n\n<p>Source: <a href=\"https:\/\/www.qbz.gov.al\/preview\/c1c18a6c-5f3e-457d-b931-de505b3c7ed0\" target=\"_blank\" rel=\"noreferrer noopener\">Kodi i Pun\u00ebs.<\/a><\/p>\n\n\n\n<p><\/p>\n\n\n\n<div data-wp-interactive=\"core\/file\" class=\"wp-block-file\"><object data-wp-bind--hidden=\"!state.hasPdfPreview\" hidden class=\"wp-block-file__embed\" data=\"https:\/\/alprofitconsult.al\/wp-content\/uploads\/2024\/12\/Kodi-i-punes-LIGJ-2024-6.pdf\" type=\"application\/pdf\" style=\"width:100%;height:600px\" aria-label=\"Embed of Kodi-i-punes-LIGJ-2024-6.\"><\/object><a id=\"wp-block-file--media-16e0bab9-d18a-4eef-8935-6ddd214754f6\" href=\"https:\/\/alprofitconsult.al\/wp-content\/uploads\/2024\/12\/Kodi-i-punes-LIGJ-2024-6.pdf\">Kodi-i-punes-LIGJ-2024-6<\/a><a href=\"https:\/\/alprofitconsult.al\/wp-content\/uploads\/2024\/12\/Kodi-i-punes-LIGJ-2024-6.pdf\" class=\"wp-block-file__button wp-element-button\" download aria-describedby=\"wp-block-file--media-16e0bab9-d18a-4eef-8935-6ddd214754f6\">Download<\/a><\/div>\n\n\n<div class=\"gdlr-core-widget-box-shortcode\" style=\"color: #ffffff ;background-color: #000014 ;\"  ><h3 class=\"gdlr-core-widget-box-shortcode-title\" style=\"color: #ffffff ;\"  >Do you have a question?<\/h3><div class=\"gdlr-core-widget-box-shortcode-content\" ><p class=\"translation-block\">Do not hesitate to <a href=\"https:\/\/alprofitconsult.al\/en\/contact\/\" target=\"_self\">contact<\/a> us. We are a team of experts and will be happy to speak with you.<\/p>\n<\/div><\/div>\n\n\n\n<p><\/p>\n\n\n\n<p><\/p>","protected":false},"excerpt":{"rendered":"<p>Kontrata e Pun\u00ebs Kontrata e pun\u00ebs \u00ebsht\u00eb dokumenti baz\u00eb q\u00eb p\u00ebrcakton marr\u00ebdh\u00ebniet nd\u00ebrmjet pun\u00ebdh\u00ebn\u00ebsit dhe punonj\u00ebsit. Ajo duhet t\u00eb jet\u00eb n\u00eb form\u00eb t\u00eb shkruar dhe t\u00eb p\u00ebrfshij\u00eb elementet e m\u00ebposhtme: Shembull praktik:&nbsp;Nj\u00eb punonj\u00ebs i angazhuar n\u00eb nj\u00eb projekt 6-mujor duhet t\u00eb ket\u00eb nj\u00eb kontrat\u00eb q\u00eb specifikon dat\u00ebn e fillimit dhe p\u00ebrfundimit t\u00eb marr\u00ebdh\u00ebnies. Llojet e [&hellip;]<\/p>","protected":false},"author":1,"featured_media":0,"parent":20276,"menu_order":0,"comment_status":"closed","ping_status":"closed","template":"","meta":{"footnotes":""},"class_list":["post-20289","page","type-page","status-publish","hentry"],"yoast_head":"<!-- This site is optimized with the Yoast SEO plugin v26.5 - https:\/\/yoast.com\/wordpress\/plugins\/seo\/ -->\n<title>Krijimi Dhe Zhvillimi I Marr\u00ebdh\u00ebnieve T\u00eb Pun\u00ebs - AlProfit Consult<\/title>\n<meta name=\"robots\" content=\"index, follow, max-snippet:-1, max-image-preview:large, max-video-preview:-1\" \/>\n<link rel=\"canonical\" href=\"https:\/\/alprofitconsult.al\/en\/kodi-i-punes\/marredheniet-e-punes\/krijimi-dhe-zhvillimi-i-marredhenieve-te-punes\/\" \/>\n<meta property=\"og:locale\" content=\"en_US\" \/>\n<meta property=\"og:type\" content=\"article\" \/>\n<meta property=\"og:title\" content=\"Krijimi Dhe Zhvillimi I Marr\u00ebdh\u00ebnieve T\u00eb Pun\u00ebs - AlProfit Consult\" \/>\n<meta property=\"og:description\" content=\"Kontrata e Pun\u00ebs Kontrata e pun\u00ebs \u00ebsht\u00eb dokumenti baz\u00eb q\u00eb p\u00ebrcakton marr\u00ebdh\u00ebniet nd\u00ebrmjet pun\u00ebdh\u00ebn\u00ebsit dhe punonj\u00ebsit. Ajo duhet t\u00eb jet\u00eb n\u00eb form\u00eb t\u00eb shkruar dhe t\u00eb p\u00ebrfshij\u00eb elementet e m\u00ebposhtme: Shembull praktik:&nbsp;Nj\u00eb punonj\u00ebs i angazhuar n\u00eb nj\u00eb projekt 6-mujor duhet t\u00eb ket\u00eb nj\u00eb kontrat\u00eb q\u00eb specifikon dat\u00ebn e fillimit dhe p\u00ebrfundimit t\u00eb marr\u00ebdh\u00ebnies. Llojet e [&hellip;]\" \/>\n<meta property=\"og:url\" content=\"https:\/\/alprofitconsult.al\/en\/kodi-i-punes\/marredheniet-e-punes\/krijimi-dhe-zhvillimi-i-marredhenieve-te-punes\/\" \/>\n<meta property=\"og:site_name\" content=\"AlProfit Consult\" \/>\n<meta property=\"article:publisher\" content=\"https:\/\/www.facebook.com\/AlProfitConsult\/\" \/>\n<meta property=\"article:modified_time\" content=\"2024-12-05T21:23:47+00:00\" \/>\n<meta property=\"og:image\" content=\"https:\/\/alprofitconsult.al\/wp-content\/uploads\/2024\/12\/Krijimi-Dhe-Zhvillimi-I-Marredhenieve-Te-Punes-Alprofit-Consult.jpg\" \/>\n<meta name=\"twitter:card\" content=\"summary_large_image\" \/>\n<meta name=\"twitter:site\" content=\"@AlProfitConsult\" \/>\n<meta name=\"twitter:label1\" content=\"Est. reading time\" \/>\n\t<meta name=\"twitter:data1\" content=\"1 minute\" \/>\n<script type=\"application\/ld+json\" class=\"yoast-schema-graph\">{\"@context\":\"https:\/\/schema.org\",\"@graph\":[{\"@type\":\"WebPage\",\"@id\":\"https:\/\/alprofitconsult.al\/en\/kodi-i-punes\/marredheniet-e-punes\/krijimi-dhe-zhvillimi-i-marredhenieve-te-punes\/\",\"url\":\"https:\/\/alprofitconsult.al\/en\/kodi-i-punes\/marredheniet-e-punes\/krijimi-dhe-zhvillimi-i-marredhenieve-te-punes\/\",\"name\":\"Krijimi Dhe Zhvillimi I Marr\u00ebdh\u00ebnieve T\u00eb Pun\u00ebs - AlProfit Consult\",\"isPartOf\":{\"@id\":\"https:\/\/alprofitconsult.al\/#website\"},\"primaryImageOfPage\":{\"@id\":\"https:\/\/alprofitconsult.al\/en\/kodi-i-punes\/marredheniet-e-punes\/krijimi-dhe-zhvillimi-i-marredhenieve-te-punes\/#primaryimage\"},\"image\":{\"@id\":\"https:\/\/alprofitconsult.al\/en\/kodi-i-punes\/marredheniet-e-punes\/krijimi-dhe-zhvillimi-i-marredhenieve-te-punes\/#primaryimage\"},\"thumbnailUrl\":\"https:\/\/alprofitconsult.al\/wp-content\/uploads\/2024\/12\/Krijimi-Dhe-Zhvillimi-I-Marredhenieve-Te-Punes-Alprofit-Consult.jpg\",\"datePublished\":\"2024-12-01T21:04:56+00:00\",\"dateModified\":\"2024-12-05T21:23:47+00:00\",\"breadcrumb\":{\"@id\":\"https:\/\/alprofitconsult.al\/en\/kodi-i-punes\/marredheniet-e-punes\/krijimi-dhe-zhvillimi-i-marredhenieve-te-punes\/#breadcrumb\"},\"inLanguage\":\"en-US\",\"potentialAction\":[{\"@type\":\"ReadAction\",\"target\":[\"https:\/\/alprofitconsult.al\/en\/kodi-i-punes\/marredheniet-e-punes\/krijimi-dhe-zhvillimi-i-marredhenieve-te-punes\/\"]}]},{\"@type\":\"ImageObject\",\"inLanguage\":\"en-US\",\"@id\":\"https:\/\/alprofitconsult.al\/en\/kodi-i-punes\/marredheniet-e-punes\/krijimi-dhe-zhvillimi-i-marredhenieve-te-punes\/#primaryimage\",\"url\":\"https:\/\/alprofitconsult.al\/wp-content\/uploads\/2024\/12\/Krijimi-Dhe-Zhvillimi-I-Marredhenieve-Te-Punes-Alprofit-Consult.jpg\",\"contentUrl\":\"https:\/\/alprofitconsult.al\/wp-content\/uploads\/2024\/12\/Krijimi-Dhe-Zhvillimi-I-Marredhenieve-Te-Punes-Alprofit-Consult.jpg\"},{\"@type\":\"BreadcrumbList\",\"@id\":\"https:\/\/alprofitconsult.al\/en\/kodi-i-punes\/marredheniet-e-punes\/krijimi-dhe-zhvillimi-i-marredhenieve-te-punes\/#breadcrumb\",\"itemListElement\":[{\"@type\":\"ListItem\",\"position\":1,\"name\":\"Kryefaqe\",\"item\":\"https:\/\/alprofitconsult.al\/\"},{\"@type\":\"ListItem\",\"position\":2,\"name\":\"Kodi i Pun\u00ebs\",\"item\":\"https:\/\/alprofitconsult.al\/en\/kodi-i-punes\/\"},{\"@type\":\"ListItem\",\"position\":3,\"name\":\"Marr\u00ebdh\u00ebniet e Pun\u00ebs\",\"item\":\"https:\/\/alprofitconsult.al\/en\/kodi-i-punes\/marredheniet-e-punes\/\"},{\"@type\":\"ListItem\",\"position\":4,\"name\":\"Krijimi Dhe Zhvillimi I Marr\u00ebdh\u00ebnieve T\u00eb Pun\u00ebs\"}]},{\"@type\":\"WebSite\",\"@id\":\"https:\/\/alprofitconsult.al\/#website\",\"url\":\"https:\/\/alprofitconsult.al\/\",\"name\":\"AlProfit Consult\",\"description\":\"Zyr\u00eb Kontabiliteti\",\"publisher\":{\"@id\":\"https:\/\/alprofitconsult.al\/#organization\"},\"potentialAction\":[{\"@type\":\"SearchAction\",\"target\":{\"@type\":\"EntryPoint\",\"urlTemplate\":\"https:\/\/alprofitconsult.al\/?s={search_term_string}\"},\"query-input\":{\"@type\":\"PropertyValueSpecification\",\"valueRequired\":true,\"valueName\":\"search_term_string\"}}],\"inLanguage\":\"en-US\"},{\"@type\":\"Organization\",\"@id\":\"https:\/\/alprofitconsult.al\/#organization\",\"name\":\"Alprofit Consult\",\"url\":\"https:\/\/alprofitconsult.al\/\",\"logo\":{\"@type\":\"ImageObject\",\"inLanguage\":\"en-US\",\"@id\":\"https:\/\/alprofitconsult.al\/#\/schema\/logo\/image\/\",\"url\":\"https:\/\/alprofitconsult.al\/wp-content\/uploads\/2022\/10\/logoalprofit.png\",\"contentUrl\":\"https:\/\/alprofitconsult.al\/wp-content\/uploads\/2022\/10\/logoalprofit.png\",\"width\":529,\"height\":156,\"caption\":\"Alprofit Consult\"},\"image\":{\"@id\":\"https:\/\/alprofitconsult.al\/#\/schema\/logo\/image\/\"},\"sameAs\":[\"https:\/\/www.facebook.com\/AlProfitConsult\/\",\"https:\/\/x.com\/AlProfitConsult\",\"https:\/\/www.linkedin.com\/company\/andi-haxhillari\/\",\"https:\/\/www.pinterest.com\/AlProfitConsult\/\",\"https:\/\/www.youtube.com\/channel\/UCZ5Gfntn161Nla3g1XdRldA\",\"https:\/\/sq.wikipedia.org\/wiki\/P\u00ebrdoruesi:Andi25~sqwiki\"]}]}<\/script>\n<!-- \/ Yoast SEO plugin. -->","yoast_head_json":{"title":"Krijimi Dhe Zhvillimi I Marr\u00ebdh\u00ebnieve T\u00eb Pun\u00ebs - AlProfit Consult","robots":{"index":"index","follow":"follow","max-snippet":"max-snippet:-1","max-image-preview":"max-image-preview:large","max-video-preview":"max-video-preview:-1"},"canonical":"https:\/\/alprofitconsult.al\/en\/kodi-i-punes\/marredheniet-e-punes\/krijimi-dhe-zhvillimi-i-marredhenieve-te-punes\/","og_locale":"en_US","og_type":"article","og_title":"Krijimi Dhe Zhvillimi I Marr\u00ebdh\u00ebnieve T\u00eb Pun\u00ebs - AlProfit Consult","og_description":"Kontrata e Pun\u00ebs Kontrata e pun\u00ebs \u00ebsht\u00eb dokumenti baz\u00eb q\u00eb p\u00ebrcakton marr\u00ebdh\u00ebniet nd\u00ebrmjet pun\u00ebdh\u00ebn\u00ebsit dhe punonj\u00ebsit. Ajo duhet t\u00eb jet\u00eb n\u00eb form\u00eb t\u00eb shkruar dhe t\u00eb p\u00ebrfshij\u00eb elementet e m\u00ebposhtme: Shembull praktik:&nbsp;Nj\u00eb punonj\u00ebs i angazhuar n\u00eb nj\u00eb projekt 6-mujor duhet t\u00eb ket\u00eb nj\u00eb kontrat\u00eb q\u00eb specifikon dat\u00ebn e fillimit dhe p\u00ebrfundimit t\u00eb marr\u00ebdh\u00ebnies. Llojet e [&hellip;]","og_url":"https:\/\/alprofitconsult.al\/en\/kodi-i-punes\/marredheniet-e-punes\/krijimi-dhe-zhvillimi-i-marredhenieve-te-punes\/","og_site_name":"AlProfit Consult","article_publisher":"https:\/\/www.facebook.com\/AlProfitConsult\/","article_modified_time":"2024-12-05T21:23:47+00:00","og_image":[{"url":"https:\/\/alprofitconsult.al\/wp-content\/uploads\/2024\/12\/Krijimi-Dhe-Zhvillimi-I-Marredhenieve-Te-Punes-Alprofit-Consult.jpg","type":"","width":"","height":""}],"twitter_card":"summary_large_image","twitter_site":"@AlProfitConsult","twitter_misc":{"Est. reading time":"1 minute"},"schema":{"@context":"https:\/\/schema.org","@graph":[{"@type":"WebPage","@id":"https:\/\/alprofitconsult.al\/en\/kodi-i-punes\/marredheniet-e-punes\/krijimi-dhe-zhvillimi-i-marredhenieve-te-punes\/","url":"https:\/\/alprofitconsult.al\/en\/kodi-i-punes\/marredheniet-e-punes\/krijimi-dhe-zhvillimi-i-marredhenieve-te-punes\/","name":"Krijimi Dhe Zhvillimi I Marr\u00ebdh\u00ebnieve T\u00eb Pun\u00ebs - AlProfit Consult","isPartOf":{"@id":"https:\/\/alprofitconsult.al\/#website"},"primaryImageOfPage":{"@id":"https:\/\/alprofitconsult.al\/en\/kodi-i-punes\/marredheniet-e-punes\/krijimi-dhe-zhvillimi-i-marredhenieve-te-punes\/#primaryimage"},"image":{"@id":"https:\/\/alprofitconsult.al\/en\/kodi-i-punes\/marredheniet-e-punes\/krijimi-dhe-zhvillimi-i-marredhenieve-te-punes\/#primaryimage"},"thumbnailUrl":"https:\/\/alprofitconsult.al\/wp-content\/uploads\/2024\/12\/Krijimi-Dhe-Zhvillimi-I-Marredhenieve-Te-Punes-Alprofit-Consult.jpg","datePublished":"2024-12-01T21:04:56+00:00","dateModified":"2024-12-05T21:23:47+00:00","breadcrumb":{"@id":"https:\/\/alprofitconsult.al\/en\/kodi-i-punes\/marredheniet-e-punes\/krijimi-dhe-zhvillimi-i-marredhenieve-te-punes\/#breadcrumb"},"inLanguage":"en-US","potentialAction":[{"@type":"ReadAction","target":["https:\/\/alprofitconsult.al\/en\/kodi-i-punes\/marredheniet-e-punes\/krijimi-dhe-zhvillimi-i-marredhenieve-te-punes\/"]}]},{"@type":"ImageObject","inLanguage":"en-US","@id":"https:\/\/alprofitconsult.al\/en\/kodi-i-punes\/marredheniet-e-punes\/krijimi-dhe-zhvillimi-i-marredhenieve-te-punes\/#primaryimage","url":"https:\/\/alprofitconsult.al\/wp-content\/uploads\/2024\/12\/Krijimi-Dhe-Zhvillimi-I-Marredhenieve-Te-Punes-Alprofit-Consult.jpg","contentUrl":"https:\/\/alprofitconsult.al\/wp-content\/uploads\/2024\/12\/Krijimi-Dhe-Zhvillimi-I-Marredhenieve-Te-Punes-Alprofit-Consult.jpg"},{"@type":"BreadcrumbList","@id":"https:\/\/alprofitconsult.al\/en\/kodi-i-punes\/marredheniet-e-punes\/krijimi-dhe-zhvillimi-i-marredhenieve-te-punes\/#breadcrumb","itemListElement":[{"@type":"ListItem","position":1,"name":"Kryefaqe","item":"https:\/\/alprofitconsult.al\/"},{"@type":"ListItem","position":2,"name":"Kodi i Pun\u00ebs","item":"https:\/\/alprofitconsult.al\/en\/kodi-i-punes\/"},{"@type":"ListItem","position":3,"name":"Marr\u00ebdh\u00ebniet e Pun\u00ebs","item":"https:\/\/alprofitconsult.al\/en\/kodi-i-punes\/marredheniet-e-punes\/"},{"@type":"ListItem","position":4,"name":"Krijimi Dhe Zhvillimi I Marr\u00ebdh\u00ebnieve T\u00eb Pun\u00ebs"}]},{"@type":"WebSite","@id":"https:\/\/alprofitconsult.al\/#website","url":"https:\/\/alprofitconsult.al\/","name":"AlProfit Consult","description":"Zyr\u00eb Kontabiliteti","publisher":{"@id":"https:\/\/alprofitconsult.al\/#organization"},"potentialAction":[{"@type":"SearchAction","target":{"@type":"EntryPoint","urlTemplate":"https:\/\/alprofitconsult.al\/?s={search_term_string}"},"query-input":{"@type":"PropertyValueSpecification","valueRequired":true,"valueName":"search_term_string"}}],"inLanguage":"en-US"},{"@type":"Organization","@id":"https:\/\/alprofitconsult.al\/#organization","name":"Alprofit Consult","url":"https:\/\/alprofitconsult.al\/","logo":{"@type":"ImageObject","inLanguage":"en-US","@id":"https:\/\/alprofitconsult.al\/#\/schema\/logo\/image\/","url":"https:\/\/alprofitconsult.al\/wp-content\/uploads\/2022\/10\/logoalprofit.png","contentUrl":"https:\/\/alprofitconsult.al\/wp-content\/uploads\/2022\/10\/logoalprofit.png","width":529,"height":156,"caption":"Alprofit Consult"},"image":{"@id":"https:\/\/alprofitconsult.al\/#\/schema\/logo\/image\/"},"sameAs":["https:\/\/www.facebook.com\/AlProfitConsult\/","https:\/\/x.com\/AlProfitConsult","https:\/\/www.linkedin.com\/company\/andi-haxhillari\/","https:\/\/www.pinterest.com\/AlProfitConsult\/","https:\/\/www.youtube.com\/channel\/UCZ5Gfntn161Nla3g1XdRldA","https:\/\/sq.wikipedia.org\/wiki\/P\u00ebrdoruesi:Andi25~sqwiki"]}]}},"_links":{"self":[{"href":"https:\/\/alprofitconsult.al\/en\/wp-json\/wp\/v2\/pages\/20289","targetHints":{"allow":["GET"]}}],"collection":[{"href":"https:\/\/alprofitconsult.al\/en\/wp-json\/wp\/v2\/pages"}],"about":[{"href":"https:\/\/alprofitconsult.al\/en\/wp-json\/wp\/v2\/types\/page"}],"author":[{"embeddable":true,"href":"https:\/\/alprofitconsult.al\/en\/wp-json\/wp\/v2\/users\/1"}],"replies":[{"embeddable":true,"href":"https:\/\/alprofitconsult.al\/en\/wp-json\/wp\/v2\/comments?post=20289"}],"version-history":[{"count":4,"href":"https:\/\/alprofitconsult.al\/en\/wp-json\/wp\/v2\/pages\/20289\/revisions"}],"predecessor-version":[{"id":20508,"href":"https:\/\/alprofitconsult.al\/en\/wp-json\/wp\/v2\/pages\/20289\/revisions\/20508"}],"up":[{"embeddable":true,"href":"https:\/\/alprofitconsult.al\/en\/wp-json\/wp\/v2\/pages\/20276"}],"wp:attachment":[{"href":"https:\/\/alprofitconsult.al\/en\/wp-json\/wp\/v2\/media?parent=20289"}],"curies":[{"name":"wp","href":"https:\/\/api.w.org\/{rel}","templated":true}]}}