{"id":20292,"date":"2024-12-01T21:06:10","date_gmt":"2024-12-01T21:06:10","guid":{"rendered":"https:\/\/alprofitconsult.al\/?page_id=20292"},"modified":"2024-12-05T21:29:09","modified_gmt":"2024-12-05T21:29:09","slug":"kushtet-e-punes-dhe-orari","status":"publish","type":"page","link":"https:\/\/alprofitconsult.al\/en\/kodi-i-punes\/marredheniet-e-punes\/kushtet-e-punes-dhe-orari\/","title":{"rendered":"Kushtet E Pun\u00ebs Dhe Orari"},"content":{"rendered":"<div class=\"yoast-breadcrumbs\"><span><span><a href=\"https:\/\/alprofitconsult.al\/en\/\">Home<\/a><\/span> | <span><a href=\"https:\/\/alprofitconsult.al\/en\/kodi-i-punes\/\">Labor Code<\/a><\/span> | <span><a href=\"https:\/\/alprofitconsult.al\/en\/kodi-i-punes\/marredheniet-e-punes\/\">Labor Relations<\/a><\/span> | <span class=\"breadcrumb_last\" aria-current=\"page\">Kushtet E Pun\u00ebs Dhe Orari<\/span><\/span><\/div>\n\n\n<p><\/p>\n\n\n\n<figure class=\"wp-block-image size-full\"><img loading=\"lazy\" decoding=\"async\" width=\"1920\" height=\"1280\" src=\"https:\/\/alprofitconsult.al\/wp-content\/uploads\/2024\/12\/Kushtet-E-Punes-Dhe-Orari-Alprofit-Consult.jpg\" alt=\"\" class=\"wp-image-20509\" srcset=\"https:\/\/alprofitconsult.al\/wp-content\/uploads\/2024\/12\/Kushtet-E-Punes-Dhe-Orari-Alprofit-Consult.jpg 1920w, https:\/\/alprofitconsult.al\/wp-content\/uploads\/2024\/12\/Kushtet-E-Punes-Dhe-Orari-Alprofit-Consult-768x512.jpg 768w, https:\/\/alprofitconsult.al\/wp-content\/uploads\/2024\/12\/Kushtet-E-Punes-Dhe-Orari-Alprofit-Consult-1536x1024.jpg 1536w\" sizes=\"auto, (max-width: 1920px) 100vw, 1920px\" \/><\/figure>\n\n\n\n<p><\/p>\n\n\n\n<h2 class=\"wp-block-heading\"><strong>Orari Maksimal i Pun\u00ebs<\/strong><\/h2>\n\n\n\n<p>Kodi i Pun\u00ebs p\u00ebrcakton q\u00eb orari maksimal i pun\u00ebs p\u00ebr nj\u00eb punonj\u00ebs \u00ebsht\u00eb 40 or\u00eb n\u00eb jav\u00eb, duke respektuar pushimin javor prej t\u00eb pakt\u00ebn 36 or\u00ebsh t\u00eb pand\u00ebrprer\u00eb (Neni 91).<\/p>\n\n\n\n<blockquote class=\"wp-block-quote is-layout-flow wp-block-quote-is-layout-flow\">\n<p><strong>Shembull praktik:<\/strong>&nbsp;Nj\u00eb punonj\u00ebs q\u00eb punon 8 or\u00eb n\u00eb dit\u00eb nga e h\u00ebna n\u00eb t\u00eb premte ka t\u00eb drejt\u00ebn p\u00ebr dy dit\u00eb pushimi t\u00eb pand\u00ebrprer\u00eb, zakonisht t\u00eb shtun\u00ebn dhe t\u00eb diel\u00ebn.<\/p>\n<\/blockquote>\n\n\n\n<h2 class=\"wp-block-heading\"><strong>Puna Jasht\u00eb Orarit<\/strong><\/h2>\n\n\n\n<p>\u00c7do pun\u00eb e kryer p\u00ebrtej orarit maksimal duhet t\u00eb paguhet me nj\u00eb shtes\u00eb t\u00eb p\u00ebrcaktuar nga Kodi. Pun\u00ebdh\u00ebn\u00ebsi duhet t\u00eb siguroj\u00eb q\u00eb puna jasht\u00eb orarit t\u00eb mos kaloj\u00eb kufirin e p\u00ebrcaktuar me ligj dhe t\u00eb mos d\u00ebmtoj\u00eb sh\u00ebndetin e punonj\u00ebsit (Neni 93).<\/p>\n\n\n\n<blockquote class=\"wp-block-quote is-layout-flow wp-block-quote-is-layout-flow\">\n<p><strong>Shembull praktik:<\/strong>&nbsp;Nj\u00eb punonj\u00ebs q\u00eb punon 10 or\u00eb n\u00eb nj\u00eb dit\u00eb ka t\u00eb drejt\u00ebn p\u00ebr t\u00eb marr\u00eb pages\u00eb shtes\u00eb p\u00ebr 2 or\u00ebt jasht\u00eb orarit.<\/p>\n<\/blockquote>\n\n\n\n<h2 class=\"wp-block-heading\"><strong>Pushimet Vjetore<\/strong><\/h2>\n\n\n\n<p>\u00c7do punonj\u00ebs ka t\u00eb drejt\u00ebn p\u00ebr pushime vjetore t\u00eb paguara, t\u00eb cilat nuk mund t\u00eb jen\u00eb m\u00eb pak se 4 jav\u00eb p\u00ebr \u00e7do vit kalendarik. Pushimet caktohen n\u00eb marr\u00ebveshje nd\u00ebrmjet punonj\u00ebsit dhe pun\u00ebdh\u00ebn\u00ebsit (Neni 95).<\/p>\n\n\n\n<blockquote class=\"wp-block-quote is-layout-flow wp-block-quote-is-layout-flow\">\n<p><strong>Shembull praktik:<\/strong>&nbsp;Nj\u00eb punonj\u00ebs q\u00eb ka punuar nj\u00eb vit t\u00eb plot\u00eb ka t\u00eb drejt\u00ebn p\u00ebr 20 dit\u00eb pune pushim t\u00eb paguar, pa p\u00ebrfshir\u00eb fundjavat dhe festat zyrtare.<\/p>\n<\/blockquote>\n\n\n\n<h2 class=\"wp-block-heading\"><strong>Pushimet dhe Lejet e Paguara<\/strong><\/h2>\n\n\n\n<p>Punonj\u00ebsit kan\u00eb t\u00eb drejt\u00ebn p\u00ebr leje t\u00eb paguar n\u00eb raste t\u00eb ve\u00e7anta, si:<\/p>\n\n\n\n<ol class=\"wp-block-list\" start=\"1\">\n<li><strong>S\u00ebmundje:<\/strong>&nbsp;Punonj\u00ebsi mund t\u00eb k\u00ebrkoj\u00eb leje mjek\u00ebsore duke dor\u00ebzuar dokumentacionin p\u00ebrkat\u00ebs.<\/li>\n\n\n\n<li><strong>Shtatz\u00ebni dhe lindje:<\/strong>&nbsp;Kodi garanton mbrojtjen e punonj\u00ebsve shtatz\u00ebn\u00eb dhe t\u00eb drejt\u00ebn p\u00ebr leje lindjeje (Neni 98).<\/li>\n\n\n\n<li><strong>Emergjenca familjare:<\/strong>\u00a0Si p\u00ebr shembull, p\u00ebrkujdesja p\u00ebr nj\u00eb an\u00ebtar familjar n\u00eb nevoj\u00eb.<\/li>\n<\/ol>\n\n\n\n<p>Source: <a href=\"https:\/\/www.qbz.gov.al\/preview\/c1c18a6c-5f3e-457d-b931-de505b3c7ed0\" target=\"_blank\" rel=\"noreferrer noopener\">Kodi i Pun\u00ebs.<\/a><\/p>\n\n\n\n<div data-wp-interactive=\"core\/file\" class=\"wp-block-file\"><object data-wp-bind--hidden=\"!state.hasPdfPreview\" hidden class=\"wp-block-file__embed\" data=\"https:\/\/alprofitconsult.al\/wp-content\/uploads\/2024\/12\/Kodi-i-punes-LIGJ-2024-8.pdf\" type=\"application\/pdf\" style=\"width:100%;height:600px\" aria-label=\"Embed of Kodi-i-punes-LIGJ-2024-8.\"><\/object><a id=\"wp-block-file--media-3745606a-21ea-4db4-8bd2-03475773f3a8\" href=\"https:\/\/alprofitconsult.al\/wp-content\/uploads\/2024\/12\/Kodi-i-punes-LIGJ-2024-8.pdf\">Kodi-i-punes-LIGJ-2024-8<\/a><a href=\"https:\/\/alprofitconsult.al\/wp-content\/uploads\/2024\/12\/Kodi-i-punes-LIGJ-2024-8.pdf\" class=\"wp-block-file__button wp-element-button\" download aria-describedby=\"wp-block-file--media-3745606a-21ea-4db4-8bd2-03475773f3a8\">Download<\/a><\/div>\n\n\n\n<p><\/p>\n\n\n<div class=\"gdlr-core-widget-box-shortcode\" style=\"color: #ffffff ;background-color: #000014 ;\"  ><h3 class=\"gdlr-core-widget-box-shortcode-title\" style=\"color: #ffffff ;\"  >Do you have a question?<\/h3><div class=\"gdlr-core-widget-box-shortcode-content\" ><p class=\"translation-block\">Do not hesitate to <a href=\"https:\/\/alprofitconsult.al\/en\/contact\/\" target=\"_self\">contact<\/a> us. We are a team of experts and will be happy to speak with you.<\/p>\n<\/div><\/div>","protected":false},"excerpt":{"rendered":"<p>Orari Maksimal i Pun\u00ebs Kodi i Pun\u00ebs p\u00ebrcakton q\u00eb orari maksimal i pun\u00ebs p\u00ebr nj\u00eb punonj\u00ebs \u00ebsht\u00eb 40 or\u00eb n\u00eb jav\u00eb, duke respektuar pushimin javor prej t\u00eb pakt\u00ebn 36 or\u00ebsh t\u00eb pand\u00ebrprer\u00eb (Neni 91). Shembull praktik:&nbsp;Nj\u00eb punonj\u00ebs q\u00eb punon 8 or\u00eb n\u00eb dit\u00eb nga e h\u00ebna n\u00eb t\u00eb premte ka t\u00eb drejt\u00ebn p\u00ebr dy dit\u00eb [&hellip;]<\/p>","protected":false},"author":1,"featured_media":0,"parent":20276,"menu_order":0,"comment_status":"closed","ping_status":"closed","template":"","meta":{"footnotes":""},"class_list":["post-20292","page","type-page","status-publish","hentry"],"yoast_head":"<!-- This site is optimized with the Yoast SEO plugin v26.5 - https:\/\/yoast.com\/wordpress\/plugins\/seo\/ -->\n<title>Kushtet E Pun\u00ebs Dhe Orari - AlProfit Consult<\/title>\n<meta name=\"robots\" content=\"index, follow, max-snippet:-1, max-image-preview:large, max-video-preview:-1\" \/>\n<link rel=\"canonical\" href=\"https:\/\/alprofitconsult.al\/en\/kodi-i-punes\/marredheniet-e-punes\/kushtet-e-punes-dhe-orari\/\" \/>\n<meta property=\"og:locale\" content=\"en_US\" \/>\n<meta property=\"og:type\" content=\"article\" \/>\n<meta property=\"og:title\" content=\"Kushtet E Pun\u00ebs Dhe Orari - AlProfit Consult\" \/>\n<meta property=\"og:description\" content=\"Orari Maksimal i Pun\u00ebs Kodi i Pun\u00ebs p\u00ebrcakton q\u00eb orari maksimal i pun\u00ebs p\u00ebr nj\u00eb punonj\u00ebs \u00ebsht\u00eb 40 or\u00eb n\u00eb jav\u00eb, duke respektuar pushimin javor prej t\u00eb pakt\u00ebn 36 or\u00ebsh t\u00eb pand\u00ebrprer\u00eb (Neni 91). Shembull praktik:&nbsp;Nj\u00eb punonj\u00ebs q\u00eb punon 8 or\u00eb n\u00eb dit\u00eb nga e h\u00ebna n\u00eb t\u00eb premte ka t\u00eb drejt\u00ebn p\u00ebr dy dit\u00eb [&hellip;]\" \/>\n<meta property=\"og:url\" content=\"https:\/\/alprofitconsult.al\/en\/kodi-i-punes\/marredheniet-e-punes\/kushtet-e-punes-dhe-orari\/\" \/>\n<meta property=\"og:site_name\" content=\"AlProfit Consult\" \/>\n<meta property=\"article:publisher\" content=\"https:\/\/www.facebook.com\/AlProfitConsult\/\" \/>\n<meta property=\"article:modified_time\" content=\"2024-12-05T21:29:09+00:00\" \/>\n<meta property=\"og:image\" content=\"https:\/\/alprofitconsult.al\/wp-content\/uploads\/2024\/12\/Kushtet-E-Punes-Dhe-Orari-Alprofit-Consult.jpg\" \/>\n<meta name=\"twitter:card\" content=\"summary_large_image\" \/>\n<meta name=\"twitter:site\" content=\"@AlProfitConsult\" \/>\n<meta name=\"twitter:label1\" content=\"Est. reading time\" \/>\n\t<meta name=\"twitter:data1\" content=\"2 minutes\" \/>\n<script type=\"application\/ld+json\" class=\"yoast-schema-graph\">{\"@context\":\"https:\/\/schema.org\",\"@graph\":[{\"@type\":\"WebPage\",\"@id\":\"https:\/\/alprofitconsult.al\/en\/kodi-i-punes\/marredheniet-e-punes\/kushtet-e-punes-dhe-orari\/\",\"url\":\"https:\/\/alprofitconsult.al\/en\/kodi-i-punes\/marredheniet-e-punes\/kushtet-e-punes-dhe-orari\/\",\"name\":\"Kushtet E Pun\u00ebs Dhe Orari - AlProfit Consult\",\"isPartOf\":{\"@id\":\"https:\/\/alprofitconsult.al\/#website\"},\"primaryImageOfPage\":{\"@id\":\"https:\/\/alprofitconsult.al\/en\/kodi-i-punes\/marredheniet-e-punes\/kushtet-e-punes-dhe-orari\/#primaryimage\"},\"image\":{\"@id\":\"https:\/\/alprofitconsult.al\/en\/kodi-i-punes\/marredheniet-e-punes\/kushtet-e-punes-dhe-orari\/#primaryimage\"},\"thumbnailUrl\":\"https:\/\/alprofitconsult.al\/wp-content\/uploads\/2024\/12\/Kushtet-E-Punes-Dhe-Orari-Alprofit-Consult.jpg\",\"datePublished\":\"2024-12-01T21:06:10+00:00\",\"dateModified\":\"2024-12-05T21:29:09+00:00\",\"breadcrumb\":{\"@id\":\"https:\/\/alprofitconsult.al\/en\/kodi-i-punes\/marredheniet-e-punes\/kushtet-e-punes-dhe-orari\/#breadcrumb\"},\"inLanguage\":\"en-US\",\"potentialAction\":[{\"@type\":\"ReadAction\",\"target\":[\"https:\/\/alprofitconsult.al\/en\/kodi-i-punes\/marredheniet-e-punes\/kushtet-e-punes-dhe-orari\/\"]}]},{\"@type\":\"ImageObject\",\"inLanguage\":\"en-US\",\"@id\":\"https:\/\/alprofitconsult.al\/en\/kodi-i-punes\/marredheniet-e-punes\/kushtet-e-punes-dhe-orari\/#primaryimage\",\"url\":\"https:\/\/alprofitconsult.al\/wp-content\/uploads\/2024\/12\/Kushtet-E-Punes-Dhe-Orari-Alprofit-Consult.jpg\",\"contentUrl\":\"https:\/\/alprofitconsult.al\/wp-content\/uploads\/2024\/12\/Kushtet-E-Punes-Dhe-Orari-Alprofit-Consult.jpg\"},{\"@type\":\"BreadcrumbList\",\"@id\":\"https:\/\/alprofitconsult.al\/en\/kodi-i-punes\/marredheniet-e-punes\/kushtet-e-punes-dhe-orari\/#breadcrumb\",\"itemListElement\":[{\"@type\":\"ListItem\",\"position\":1,\"name\":\"Kryefaqe\",\"item\":\"https:\/\/alprofitconsult.al\/\"},{\"@type\":\"ListItem\",\"position\":2,\"name\":\"Kodi i Pun\u00ebs\",\"item\":\"https:\/\/alprofitconsult.al\/en\/kodi-i-punes\/\"},{\"@type\":\"ListItem\",\"position\":3,\"name\":\"Marr\u00ebdh\u00ebniet e Pun\u00ebs\",\"item\":\"https:\/\/alprofitconsult.al\/en\/kodi-i-punes\/marredheniet-e-punes\/\"},{\"@type\":\"ListItem\",\"position\":4,\"name\":\"Kushtet E Pun\u00ebs Dhe Orari\"}]},{\"@type\":\"WebSite\",\"@id\":\"https:\/\/alprofitconsult.al\/#website\",\"url\":\"https:\/\/alprofitconsult.al\/\",\"name\":\"AlProfit Consult\",\"description\":\"Zyr\u00eb Kontabiliteti\",\"publisher\":{\"@id\":\"https:\/\/alprofitconsult.al\/#organization\"},\"potentialAction\":[{\"@type\":\"SearchAction\",\"target\":{\"@type\":\"EntryPoint\",\"urlTemplate\":\"https:\/\/alprofitconsult.al\/?s={search_term_string}\"},\"query-input\":{\"@type\":\"PropertyValueSpecification\",\"valueRequired\":true,\"valueName\":\"search_term_string\"}}],\"inLanguage\":\"en-US\"},{\"@type\":\"Organization\",\"@id\":\"https:\/\/alprofitconsult.al\/#organization\",\"name\":\"Alprofit Consult\",\"url\":\"https:\/\/alprofitconsult.al\/\",\"logo\":{\"@type\":\"ImageObject\",\"inLanguage\":\"en-US\",\"@id\":\"https:\/\/alprofitconsult.al\/#\/schema\/logo\/image\/\",\"url\":\"https:\/\/alprofitconsult.al\/wp-content\/uploads\/2022\/10\/logoalprofit.png\",\"contentUrl\":\"https:\/\/alprofitconsult.al\/wp-content\/uploads\/2022\/10\/logoalprofit.png\",\"width\":529,\"height\":156,\"caption\":\"Alprofit Consult\"},\"image\":{\"@id\":\"https:\/\/alprofitconsult.al\/#\/schema\/logo\/image\/\"},\"sameAs\":[\"https:\/\/www.facebook.com\/AlProfitConsult\/\",\"https:\/\/x.com\/AlProfitConsult\",\"https:\/\/www.linkedin.com\/company\/andi-haxhillari\/\",\"https:\/\/www.pinterest.com\/AlProfitConsult\/\",\"https:\/\/www.youtube.com\/channel\/UCZ5Gfntn161Nla3g1XdRldA\",\"https:\/\/sq.wikipedia.org\/wiki\/P\u00ebrdoruesi:Andi25~sqwiki\"]}]}<\/script>\n<!-- \/ Yoast SEO plugin. -->","yoast_head_json":{"title":"Kushtet E Pun\u00ebs Dhe Orari - AlProfit Consult","robots":{"index":"index","follow":"follow","max-snippet":"max-snippet:-1","max-image-preview":"max-image-preview:large","max-video-preview":"max-video-preview:-1"},"canonical":"https:\/\/alprofitconsult.al\/en\/kodi-i-punes\/marredheniet-e-punes\/kushtet-e-punes-dhe-orari\/","og_locale":"en_US","og_type":"article","og_title":"Kushtet E Pun\u00ebs Dhe Orari - AlProfit Consult","og_description":"Orari Maksimal i Pun\u00ebs Kodi i Pun\u00ebs p\u00ebrcakton q\u00eb orari maksimal i pun\u00ebs p\u00ebr nj\u00eb punonj\u00ebs \u00ebsht\u00eb 40 or\u00eb n\u00eb jav\u00eb, duke respektuar pushimin javor prej t\u00eb pakt\u00ebn 36 or\u00ebsh t\u00eb pand\u00ebrprer\u00eb (Neni 91). Shembull praktik:&nbsp;Nj\u00eb punonj\u00ebs q\u00eb punon 8 or\u00eb n\u00eb dit\u00eb nga e h\u00ebna n\u00eb t\u00eb premte ka t\u00eb drejt\u00ebn p\u00ebr dy dit\u00eb [&hellip;]","og_url":"https:\/\/alprofitconsult.al\/en\/kodi-i-punes\/marredheniet-e-punes\/kushtet-e-punes-dhe-orari\/","og_site_name":"AlProfit Consult","article_publisher":"https:\/\/www.facebook.com\/AlProfitConsult\/","article_modified_time":"2024-12-05T21:29:09+00:00","og_image":[{"url":"https:\/\/alprofitconsult.al\/wp-content\/uploads\/2024\/12\/Kushtet-E-Punes-Dhe-Orari-Alprofit-Consult.jpg","type":"","width":"","height":""}],"twitter_card":"summary_large_image","twitter_site":"@AlProfitConsult","twitter_misc":{"Est. reading time":"2 minutes"},"schema":{"@context":"https:\/\/schema.org","@graph":[{"@type":"WebPage","@id":"https:\/\/alprofitconsult.al\/en\/kodi-i-punes\/marredheniet-e-punes\/kushtet-e-punes-dhe-orari\/","url":"https:\/\/alprofitconsult.al\/en\/kodi-i-punes\/marredheniet-e-punes\/kushtet-e-punes-dhe-orari\/","name":"Kushtet E Pun\u00ebs Dhe Orari - AlProfit Consult","isPartOf":{"@id":"https:\/\/alprofitconsult.al\/#website"},"primaryImageOfPage":{"@id":"https:\/\/alprofitconsult.al\/en\/kodi-i-punes\/marredheniet-e-punes\/kushtet-e-punes-dhe-orari\/#primaryimage"},"image":{"@id":"https:\/\/alprofitconsult.al\/en\/kodi-i-punes\/marredheniet-e-punes\/kushtet-e-punes-dhe-orari\/#primaryimage"},"thumbnailUrl":"https:\/\/alprofitconsult.al\/wp-content\/uploads\/2024\/12\/Kushtet-E-Punes-Dhe-Orari-Alprofit-Consult.jpg","datePublished":"2024-12-01T21:06:10+00:00","dateModified":"2024-12-05T21:29:09+00:00","breadcrumb":{"@id":"https:\/\/alprofitconsult.al\/en\/kodi-i-punes\/marredheniet-e-punes\/kushtet-e-punes-dhe-orari\/#breadcrumb"},"inLanguage":"en-US","potentialAction":[{"@type":"ReadAction","target":["https:\/\/alprofitconsult.al\/en\/kodi-i-punes\/marredheniet-e-punes\/kushtet-e-punes-dhe-orari\/"]}]},{"@type":"ImageObject","inLanguage":"en-US","@id":"https:\/\/alprofitconsult.al\/en\/kodi-i-punes\/marredheniet-e-punes\/kushtet-e-punes-dhe-orari\/#primaryimage","url":"https:\/\/alprofitconsult.al\/wp-content\/uploads\/2024\/12\/Kushtet-E-Punes-Dhe-Orari-Alprofit-Consult.jpg","contentUrl":"https:\/\/alprofitconsult.al\/wp-content\/uploads\/2024\/12\/Kushtet-E-Punes-Dhe-Orari-Alprofit-Consult.jpg"},{"@type":"BreadcrumbList","@id":"https:\/\/alprofitconsult.al\/en\/kodi-i-punes\/marredheniet-e-punes\/kushtet-e-punes-dhe-orari\/#breadcrumb","itemListElement":[{"@type":"ListItem","position":1,"name":"Kryefaqe","item":"https:\/\/alprofitconsult.al\/"},{"@type":"ListItem","position":2,"name":"Kodi i Pun\u00ebs","item":"https:\/\/alprofitconsult.al\/en\/kodi-i-punes\/"},{"@type":"ListItem","position":3,"name":"Marr\u00ebdh\u00ebniet e Pun\u00ebs","item":"https:\/\/alprofitconsult.al\/en\/kodi-i-punes\/marredheniet-e-punes\/"},{"@type":"ListItem","position":4,"name":"Kushtet E Pun\u00ebs Dhe Orari"}]},{"@type":"WebSite","@id":"https:\/\/alprofitconsult.al\/#website","url":"https:\/\/alprofitconsult.al\/","name":"AlProfit Consult","description":"Zyr\u00eb Kontabiliteti","publisher":{"@id":"https:\/\/alprofitconsult.al\/#organization"},"potentialAction":[{"@type":"SearchAction","target":{"@type":"EntryPoint","urlTemplate":"https:\/\/alprofitconsult.al\/?s={search_term_string}"},"query-input":{"@type":"PropertyValueSpecification","valueRequired":true,"valueName":"search_term_string"}}],"inLanguage":"en-US"},{"@type":"Organization","@id":"https:\/\/alprofitconsult.al\/#organization","name":"Alprofit Consult","url":"https:\/\/alprofitconsult.al\/","logo":{"@type":"ImageObject","inLanguage":"en-US","@id":"https:\/\/alprofitconsult.al\/#\/schema\/logo\/image\/","url":"https:\/\/alprofitconsult.al\/wp-content\/uploads\/2022\/10\/logoalprofit.png","contentUrl":"https:\/\/alprofitconsult.al\/wp-content\/uploads\/2022\/10\/logoalprofit.png","width":529,"height":156,"caption":"Alprofit Consult"},"image":{"@id":"https:\/\/alprofitconsult.al\/#\/schema\/logo\/image\/"},"sameAs":["https:\/\/www.facebook.com\/AlProfitConsult\/","https:\/\/x.com\/AlProfitConsult","https:\/\/www.linkedin.com\/company\/andi-haxhillari\/","https:\/\/www.pinterest.com\/AlProfitConsult\/","https:\/\/www.youtube.com\/channel\/UCZ5Gfntn161Nla3g1XdRldA","https:\/\/sq.wikipedia.org\/wiki\/P\u00ebrdoruesi:Andi25~sqwiki"]}]}},"_links":{"self":[{"href":"https:\/\/alprofitconsult.al\/en\/wp-json\/wp\/v2\/pages\/20292","targetHints":{"allow":["GET"]}}],"collection":[{"href":"https:\/\/alprofitconsult.al\/en\/wp-json\/wp\/v2\/pages"}],"about":[{"href":"https:\/\/alprofitconsult.al\/en\/wp-json\/wp\/v2\/types\/page"}],"author":[{"embeddable":true,"href":"https:\/\/alprofitconsult.al\/en\/wp-json\/wp\/v2\/users\/1"}],"replies":[{"embeddable":true,"href":"https:\/\/alprofitconsult.al\/en\/wp-json\/wp\/v2\/comments?post=20292"}],"version-history":[{"count":4,"href":"https:\/\/alprofitconsult.al\/en\/wp-json\/wp\/v2\/pages\/20292\/revisions"}],"predecessor-version":[{"id":20514,"href":"https:\/\/alprofitconsult.al\/en\/wp-json\/wp\/v2\/pages\/20292\/revisions\/20514"}],"up":[{"embeddable":true,"href":"https:\/\/alprofitconsult.al\/en\/wp-json\/wp\/v2\/pages\/20276"}],"wp:attachment":[{"href":"https:\/\/alprofitconsult.al\/en\/wp-json\/wp\/v2\/media?parent=20292"}],"curies":[{"name":"wp","href":"https:\/\/api.w.org\/{rel}","templated":true}]}}