{"id":20301,"date":"2024-12-01T21:08:34","date_gmt":"2024-12-01T21:08:34","guid":{"rendered":"https:\/\/alprofitconsult.al\/?page_id=20301"},"modified":"2025-02-25T20:19:21","modified_gmt":"2025-02-25T20:19:21","slug":"protection-of-employers","status":"publish","type":"page","link":"https:\/\/alprofitconsult.al\/en\/kodi-i-punes\/mbrojtja-dhe-zgjidhja-e-konfliketeve\/mbrojtja-e-punemarresve\/","title":{"rendered":"Protection of Employees"},"content":{"rendered":"<div class=\"yoast-breadcrumbs\"><span><span><a href=\"https:\/\/alprofitconsult.al\/en\/\">Home<\/a><\/span> | <span><a href=\"https:\/\/alprofitconsult.al\/en\/kodi-i-punes\/\">Labor Code<\/a><\/span> | <span><a href=\"https:\/\/alprofitconsult.al\/en\/kodi-i-punes\/mbrojtja-dhe-zgjidhja-e-konfliketeve\/\">Conflict Prevention and Resolution<\/a><\/span> | <span class=\"breadcrumb_last\" aria-current=\"page\">Protection of Employees<\/span><\/span><\/div>\n\n\n<figure class=\"wp-block-image size-full\"><img loading=\"lazy\" decoding=\"async\" width=\"1920\" height=\"1280\" src=\"https:\/\/alprofitconsult.al\/wp-content\/uploads\/2025\/02\/Mbrojtja-E-Punemarresve-AlProfit-Consult-1.jpg\" alt=\"\" class=\"wp-image-20902\" srcset=\"https:\/\/alprofitconsult.al\/wp-content\/uploads\/2025\/02\/Mbrojtja-E-Punemarresve-AlProfit-Consult-1.jpg 1920w, https:\/\/alprofitconsult.al\/wp-content\/uploads\/2025\/02\/Mbrojtja-E-Punemarresve-AlProfit-Consult-1-768x512.jpg 768w, https:\/\/alprofitconsult.al\/wp-content\/uploads\/2025\/02\/Mbrojtja-E-Punemarresve-AlProfit-Consult-1-1536x1024.jpg 1536w\" sizes=\"auto, (max-width: 1920px) 100vw, 1920px\" \/><\/figure>\n\n\n\n<p><\/p>\n\n\n\n<h2 class=\"wp-block-heading\"><strong>Occupational Safety and Health<\/strong><\/h2>\n\n\n\n<p>The employer is required to create a safe and healthy work environment. He must:<\/p>\n\n\n\n<ol class=\"wp-block-list\" start=\"1\">\n<li>I provide protective equipment for the employees.<\/li>\n\n\n\n<li>They organize accident prevention training.<\/li>\n\n\n\n<li>Keep environmental and technological risks under control (Article 38).<\/li>\n<\/ol>\n\n\n\n<blockquote class=\"wp-block-quote is-layout-flow wp-block-quote-is-layout-flow\">\n<p><strong>Practical example:<\/strong>&nbsp;On a construction site, every worker must be equipped with a hard hat and a reflective vest.<\/p>\n<\/blockquote>\n\n\n\n<h2 class=\"wp-block-heading\"><strong>Protection from Harassment and Discrimination<\/strong><\/h2>\n\n\n\n<p>Any form of discrimination and harassment, whether verbal or physical, is strictly prohibited in the workplace. The employer is required to take measures to address complaints and to prevent the recurrence of such incidents (Article 9).<\/p>\n\n\n\n<blockquote class=\"wp-block-quote is-layout-flow wp-block-quote-is-layout-flow\">\n<p><strong>Practical example:<\/strong>\u00a0An employee who is harassed by his colleagues because of his nationality has the right to legal protection and disciplinary action against the perpetrators.<\/p>\n<\/blockquote>\n\n\n\n<p><\/p>\n\n\n\n<p><\/p>\n\n\n\n<div data-wp-interactive=\"core\/file\" class=\"wp-block-file\"><object data-wp-bind--hidden=\"!state.hasPdfPreview\" hidden class=\"wp-block-file__embed\" data=\"https:\/\/alprofitconsult.al\/wp-content\/uploads\/2024\/12\/Kodi-i-punes-LIGJ-2024-8.pdf\" type=\"application\/pdf\" style=\"width:100%;height:600px\" aria-label=\"Embed of Kodi-i-punes-LIGJ-2024-8.\"><\/object><a id=\"wp-block-file--media-e357b7d3-2fe3-47cb-9a71-58a8b246eafd\" href=\"https:\/\/alprofitconsult.al\/wp-content\/uploads\/2024\/12\/Kodi-i-punes-LIGJ-2024-8.pdf\">Labor Code - LAW-2024-8<\/a><a href=\"https:\/\/alprofitconsult.al\/wp-content\/uploads\/2024\/12\/Kodi-i-punes-LIGJ-2024-8.pdf\" class=\"wp-block-file__button wp-element-button\" download aria-describedby=\"wp-block-file--media-e357b7d3-2fe3-47cb-9a71-58a8b246eafd\">Download<\/a><\/div>\n\n\n\n<p><\/p>\n\n\n<div class=\"gdlr-core-widget-box-shortcode\" style=\"color: #ffffff ;background-color: #000014 ;\"  ><h3 class=\"gdlr-core-widget-box-shortcode-title\" style=\"color: #ffffff ;\"  >Do you have a question?<\/h3><div class=\"gdlr-core-widget-box-shortcode-content\" ><p class=\"translation-block\">Do not hesitate to <a href=\"https:\/\/alprofitconsult.al\/en\/contact\/\" target=\"_self\">contact<\/a> us. We are a team of experts and will be happy to speak with you.<\/p>\n<\/div><\/div>\n\n\n\n<p><\/p>","protected":false},"excerpt":{"rendered":"<p>Siguria dhe Sh\u00ebndeti n\u00eb Pun\u00eb Pun\u00ebdh\u00ebn\u00ebsi \u00ebsht\u00eb i detyruar t\u00eb krijoj\u00eb nj\u00eb ambient pune t\u00eb sigurt dhe t\u00eb sh\u00ebndetsh\u00ebm. Ai duhet t\u00eb: Shembull praktik:&nbsp;N\u00eb nj\u00eb kantier nd\u00ebrtimi, \u00e7do punonj\u00ebs duhet t\u00eb pajiset me helmet\u00eb dhe jelek reflektues. Mbrojtja nga Ngacmimet dhe Diskriminimi \u00c7do form\u00eb diskriminimi dhe ngacmimi, qoft\u00eb verbal apo fizik, ndalohet rrept\u00ebsisht n\u00eb vendin [&hellip;]<\/p>\n","protected":false},"author":1,"featured_media":0,"parent":20298,"menu_order":0,"comment_status":"closed","ping_status":"closed","template":"","meta":{"footnotes":""},"class_list":["post-20301","page","type-page","status-publish","hentry"],"yoast_head":"<!-- This site is optimized with the Yoast SEO plugin v26.5 - https:\/\/yoast.com\/wordpress\/plugins\/seo\/ -->\n<title>Mbrojtja E Pun\u00ebmarr\u00ebsve - AlProfit Consult<\/title>\n<meta name=\"robots\" content=\"index, follow, max-snippet:-1, max-image-preview:large, max-video-preview:-1\" \/>\n<link rel=\"canonical\" href=\"https:\/\/alprofitconsult.al\/en\/workplace\/conflict-prevention-and-resolution\/protection-of-employers\/\" \/>\n<meta property=\"og:locale\" content=\"en_US\" \/>\n<meta property=\"og:type\" content=\"article\" \/>\n<meta property=\"og:title\" content=\"Mbrojtja E Pun\u00ebmarr\u00ebsve - AlProfit Consult\" \/>\n<meta property=\"og:description\" content=\"Siguria dhe Sh\u00ebndeti n\u00eb Pun\u00eb Pun\u00ebdh\u00ebn\u00ebsi \u00ebsht\u00eb i detyruar t\u00eb krijoj\u00eb nj\u00eb ambient pune t\u00eb sigurt dhe t\u00eb sh\u00ebndetsh\u00ebm. Ai duhet t\u00eb: Shembull praktik:&nbsp;N\u00eb nj\u00eb kantier nd\u00ebrtimi, \u00e7do punonj\u00ebs duhet t\u00eb pajiset me helmet\u00eb dhe jelek reflektues. Mbrojtja nga Ngacmimet dhe Diskriminimi \u00c7do form\u00eb diskriminimi dhe ngacmimi, qoft\u00eb verbal apo fizik, ndalohet rrept\u00ebsisht n\u00eb vendin [&hellip;]\" \/>\n<meta property=\"og:url\" content=\"https:\/\/alprofitconsult.al\/en\/workplace\/conflict-prevention-and-resolution\/protection-of-employers\/\" \/>\n<meta property=\"og:site_name\" content=\"AlProfit Consult\" \/>\n<meta property=\"article:publisher\" content=\"https:\/\/www.facebook.com\/AlProfitConsult\/\" \/>\n<meta property=\"article:modified_time\" content=\"2025-02-25T20:19:21+00:00\" \/>\n<meta property=\"og:image\" content=\"https:\/\/alprofitconsult.al\/wp-content\/uploads\/2025\/02\/Mbrojtja-E-Punemarresve-AlProfit-Consult-1.jpg\" \/>\n<meta name=\"twitter:card\" content=\"summary_large_image\" \/>\n<meta name=\"twitter:site\" content=\"@AlProfitConsult\" \/>\n<meta name=\"twitter:label1\" content=\"Est. reading time\" \/>\n\t<meta name=\"twitter:data1\" content=\"1 minute\" \/>\n<script type=\"application\/ld+json\" class=\"yoast-schema-graph\">{\"@context\":\"https:\/\/schema.org\",\"@graph\":[{\"@type\":\"WebPage\",\"@id\":\"https:\/\/alprofitconsult.al\/en\/kodi-i-punes\/mbrojtja-dhe-zgjidhja-e-konfliketeve\/mbrojtja-e-punemarresve\/\",\"url\":\"https:\/\/alprofitconsult.al\/en\/kodi-i-punes\/mbrojtja-dhe-zgjidhja-e-konfliketeve\/mbrojtja-e-punemarresve\/\",\"name\":\"Mbrojtja E Pun\u00ebmarr\u00ebsve - AlProfit Consult\",\"isPartOf\":{\"@id\":\"https:\/\/alprofitconsult.al\/#website\"},\"primaryImageOfPage\":{\"@id\":\"https:\/\/alprofitconsult.al\/en\/kodi-i-punes\/mbrojtja-dhe-zgjidhja-e-konfliketeve\/mbrojtja-e-punemarresve\/#primaryimage\"},\"image\":{\"@id\":\"https:\/\/alprofitconsult.al\/en\/kodi-i-punes\/mbrojtja-dhe-zgjidhja-e-konfliketeve\/mbrojtja-e-punemarresve\/#primaryimage\"},\"thumbnailUrl\":\"https:\/\/alprofitconsult.al\/wp-content\/uploads\/2025\/02\/Mbrojtja-E-Punemarresve-AlProfit-Consult-1.jpg\",\"datePublished\":\"2024-12-01T21:08:34+00:00\",\"dateModified\":\"2025-02-25T20:19:21+00:00\",\"breadcrumb\":{\"@id\":\"https:\/\/alprofitconsult.al\/en\/kodi-i-punes\/mbrojtja-dhe-zgjidhja-e-konfliketeve\/mbrojtja-e-punemarresve\/#breadcrumb\"},\"inLanguage\":\"en-US\",\"potentialAction\":[{\"@type\":\"ReadAction\",\"target\":[\"https:\/\/alprofitconsult.al\/en\/kodi-i-punes\/mbrojtja-dhe-zgjidhja-e-konfliketeve\/mbrojtja-e-punemarresve\/\"]}]},{\"@type\":\"ImageObject\",\"inLanguage\":\"en-US\",\"@id\":\"https:\/\/alprofitconsult.al\/en\/kodi-i-punes\/mbrojtja-dhe-zgjidhja-e-konfliketeve\/mbrojtja-e-punemarresve\/#primaryimage\",\"url\":\"https:\/\/alprofitconsult.al\/wp-content\/uploads\/2025\/02\/Mbrojtja-E-Punemarresve-AlProfit-Consult-1.jpg\",\"contentUrl\":\"https:\/\/alprofitconsult.al\/wp-content\/uploads\/2025\/02\/Mbrojtja-E-Punemarresve-AlProfit-Consult-1.jpg\"},{\"@type\":\"BreadcrumbList\",\"@id\":\"https:\/\/alprofitconsult.al\/en\/kodi-i-punes\/mbrojtja-dhe-zgjidhja-e-konfliketeve\/mbrojtja-e-punemarresve\/#breadcrumb\",\"itemListElement\":[{\"@type\":\"ListItem\",\"position\":1,\"name\":\"Kryefaqe\",\"item\":\"https:\/\/alprofitconsult.al\/\"},{\"@type\":\"ListItem\",\"position\":2,\"name\":\"Kodi i Pun\u00ebs\",\"item\":\"https:\/\/alprofitconsult.al\/en\/kodi-i-punes\/\"},{\"@type\":\"ListItem\",\"position\":3,\"name\":\"Mbrojtja Dhe Zgjidhja e Konfliketeve\",\"item\":\"https:\/\/alprofitconsult.al\/en\/kodi-i-punes\/mbrojtja-dhe-zgjidhja-e-konfliketeve\/\"},{\"@type\":\"ListItem\",\"position\":4,\"name\":\"Mbrojtja E Pun\u00ebmarr\u00ebsve\"}]},{\"@type\":\"WebSite\",\"@id\":\"https:\/\/alprofitconsult.al\/#website\",\"url\":\"https:\/\/alprofitconsult.al\/\",\"name\":\"AlProfit Consult\",\"description\":\"Zyr\u00eb Kontabiliteti\",\"publisher\":{\"@id\":\"https:\/\/alprofitconsult.al\/#organization\"},\"potentialAction\":[{\"@type\":\"SearchAction\",\"target\":{\"@type\":\"EntryPoint\",\"urlTemplate\":\"https:\/\/alprofitconsult.al\/?s={search_term_string}\"},\"query-input\":{\"@type\":\"PropertyValueSpecification\",\"valueRequired\":true,\"valueName\":\"search_term_string\"}}],\"inLanguage\":\"en-US\"},{\"@type\":\"Organization\",\"@id\":\"https:\/\/alprofitconsult.al\/#organization\",\"name\":\"Alprofit Consult\",\"url\":\"https:\/\/alprofitconsult.al\/\",\"logo\":{\"@type\":\"ImageObject\",\"inLanguage\":\"en-US\",\"@id\":\"https:\/\/alprofitconsult.al\/#\/schema\/logo\/image\/\",\"url\":\"https:\/\/alprofitconsult.al\/wp-content\/uploads\/2022\/10\/logoalprofit.png\",\"contentUrl\":\"https:\/\/alprofitconsult.al\/wp-content\/uploads\/2022\/10\/logoalprofit.png\",\"width\":529,\"height\":156,\"caption\":\"Alprofit Consult\"},\"image\":{\"@id\":\"https:\/\/alprofitconsult.al\/#\/schema\/logo\/image\/\"},\"sameAs\":[\"https:\/\/www.facebook.com\/AlProfitConsult\/\",\"https:\/\/x.com\/AlProfitConsult\",\"https:\/\/www.linkedin.com\/company\/andi-haxhillari\/\",\"https:\/\/www.pinterest.com\/AlProfitConsult\/\",\"https:\/\/www.youtube.com\/channel\/UCZ5Gfntn161Nla3g1XdRldA\",\"https:\/\/sq.wikipedia.org\/wiki\/P\u00ebrdoruesi:Andi25~sqwiki\"]}]}<\/script>\n<!-- \/ Yoast SEO plugin. -->","yoast_head_json":{"title":"Employee Protection - AlProfit Consult","robots":{"index":"index","follow":"follow","max-snippet":"max-snippet:-1","max-image-preview":"max-image-preview:large","max-video-preview":"max-video-preview:-1"},"canonical":"https:\/\/alprofitconsult.al\/en\/workplace\/conflict-prevention-and-resolution\/protection-of-employers\/","og_locale":"en_US","og_type":"article","og_title":"Mbrojtja E Pun\u00ebmarr\u00ebsve - AlProfit Consult","og_description":"Siguria dhe Sh\u00ebndeti n\u00eb Pun\u00eb Pun\u00ebdh\u00ebn\u00ebsi \u00ebsht\u00eb i detyruar t\u00eb krijoj\u00eb nj\u00eb ambient pune t\u00eb sigurt dhe t\u00eb sh\u00ebndetsh\u00ebm. Ai duhet t\u00eb: Shembull praktik:&nbsp;N\u00eb nj\u00eb kantier nd\u00ebrtimi, \u00e7do punonj\u00ebs duhet t\u00eb pajiset me helmet\u00eb dhe jelek reflektues. Mbrojtja nga Ngacmimet dhe Diskriminimi \u00c7do form\u00eb diskriminimi dhe ngacmimi, qoft\u00eb verbal apo fizik, ndalohet rrept\u00ebsisht n\u00eb vendin [&hellip;]","og_url":"https:\/\/alprofitconsult.al\/en\/workplace\/conflict-prevention-and-resolution\/protection-of-employers\/","og_site_name":"AlProfit Consult","article_publisher":"https:\/\/www.facebook.com\/AlProfitConsult\/","article_modified_time":"2025-02-25T20:19:21+00:00","og_image":[{"url":"https:\/\/alprofitconsult.al\/wp-content\/uploads\/2025\/02\/Mbrojtja-E-Punemarresve-AlProfit-Consult-1.jpg","type":"","width":"","height":""}],"twitter_card":"summary_large_image","twitter_site":"@AlProfitConsult","twitter_misc":{"Est. reading time":"1 minute"},"schema":{"@context":"https:\/\/schema.org","@graph":[{"@type":"WebPage","@id":"https:\/\/alprofitconsult.al\/en\/kodi-i-punes\/mbrojtja-dhe-zgjidhja-e-konfliketeve\/mbrojtja-e-punemarresve\/","url":"https:\/\/alprofitconsult.al\/en\/kodi-i-punes\/mbrojtja-dhe-zgjidhja-e-konfliketeve\/mbrojtja-e-punemarresve\/","name":"Employee Protection - AlProfit Consult","isPartOf":{"@id":"https:\/\/alprofitconsult.al\/#website"},"primaryImageOfPage":{"@id":"https:\/\/alprofitconsult.al\/en\/kodi-i-punes\/mbrojtja-dhe-zgjidhja-e-konfliketeve\/mbrojtja-e-punemarresve\/#primaryimage"},"image":{"@id":"https:\/\/alprofitconsult.al\/en\/kodi-i-punes\/mbrojtja-dhe-zgjidhja-e-konfliketeve\/mbrojtja-e-punemarresve\/#primaryimage"},"thumbnailUrl":"https:\/\/alprofitconsult.al\/wp-content\/uploads\/2025\/02\/Mbrojtja-E-Punemarresve-AlProfit-Consult-1.jpg","datePublished":"2024-12-01T21:08:34+00:00","dateModified":"2025-02-25T20:19:21+00:00","breadcrumb":{"@id":"https:\/\/alprofitconsult.al\/en\/kodi-i-punes\/mbrojtja-dhe-zgjidhja-e-konfliketeve\/mbrojtja-e-punemarresve\/#breadcrumb"},"inLanguage":"en-US","potentialAction":[{"@type":"ReadAction","target":["https:\/\/alprofitconsult.al\/en\/kodi-i-punes\/mbrojtja-dhe-zgjidhja-e-konfliketeve\/mbrojtja-e-punemarresve\/"]}]},{"@type":"ImageObject","inLanguage":"en-US","@id":"https:\/\/alprofitconsult.al\/en\/kodi-i-punes\/mbrojtja-dhe-zgjidhja-e-konfliketeve\/mbrojtja-e-punemarresve\/#primaryimage","url":"https:\/\/alprofitconsult.al\/wp-content\/uploads\/2025\/02\/Mbrojtja-E-Punemarresve-AlProfit-Consult-1.jpg","contentUrl":"https:\/\/alprofitconsult.al\/wp-content\/uploads\/2025\/02\/Mbrojtja-E-Punemarresve-AlProfit-Consult-1.jpg"},{"@type":"BreadcrumbList","@id":"https:\/\/alprofitconsult.al\/en\/kodi-i-punes\/mbrojtja-dhe-zgjidhja-e-konfliketeve\/mbrojtja-e-punemarresve\/#breadcrumb","itemListElement":[{"@type":"ListItem","position":1,"name":"Kryefaqe","item":"https:\/\/alprofitconsult.al\/"},{"@type":"ListItem","position":2,"name":"Kodi i Pun\u00ebs","item":"https:\/\/alprofitconsult.al\/en\/kodi-i-punes\/"},{"@type":"ListItem","position":3,"name":"Mbrojtja Dhe Zgjidhja e Konfliketeve","item":"https:\/\/alprofitconsult.al\/en\/kodi-i-punes\/mbrojtja-dhe-zgjidhja-e-konfliketeve\/"},{"@type":"ListItem","position":4,"name":"Mbrojtja E Pun\u00ebmarr\u00ebsve"}]},{"@type":"WebSite","@id":"https:\/\/alprofitconsult.al\/#website","url":"https:\/\/alprofitconsult.al\/","name":"AlProfit Consult","description":"Accounting Office","publisher":{"@id":"https:\/\/alprofitconsult.al\/#organization"},"potentialAction":[{"@type":"SearchAction","target":{"@type":"EntryPoint","urlTemplate":"https:\/\/alprofitconsult.al\/?s={search_term_string}"},"query-input":{"@type":"PropertyValueSpecification","valueRequired":true,"valueName":"search_term_string"}}],"inLanguage":"en-US"},{"@type":"Organization","@id":"https:\/\/alprofitconsult.al\/#organization","name":"Alprofit Consult","url":"https:\/\/alprofitconsult.al\/","logo":{"@type":"ImageObject","inLanguage":"en-US","@id":"https:\/\/alprofitconsult.al\/#\/schema\/logo\/image\/","url":"https:\/\/alprofitconsult.al\/wp-content\/uploads\/2022\/10\/logoalprofit.png","contentUrl":"https:\/\/alprofitconsult.al\/wp-content\/uploads\/2022\/10\/logoalprofit.png","width":529,"height":156,"caption":"Alprofit Consult"},"image":{"@id":"https:\/\/alprofitconsult.al\/#\/schema\/logo\/image\/"},"sameAs":["https:\/\/www.facebook.com\/AlProfitConsult\/","https:\/\/x.com\/AlProfitConsult","https:\/\/www.linkedin.com\/company\/andi-haxhillari\/","https:\/\/www.pinterest.com\/AlProfitConsult\/","https:\/\/www.youtube.com\/channel\/UCZ5Gfntn161Nla3g1XdRldA","https:\/\/sq.wikipedia.org\/wiki\/P\u00ebrdoruesi:Andi25~sqwiki"]}]}},"_links":{"self":[{"href":"https:\/\/alprofitconsult.al\/en\/wp-json\/wp\/v2\/pages\/20301","targetHints":{"allow":["GET"]}}],"collection":[{"href":"https:\/\/alprofitconsult.al\/en\/wp-json\/wp\/v2\/pages"}],"about":[{"href":"https:\/\/alprofitconsult.al\/en\/wp-json\/wp\/v2\/types\/page"}],"author":[{"embeddable":true,"href":"https:\/\/alprofitconsult.al\/en\/wp-json\/wp\/v2\/users\/1"}],"replies":[{"embeddable":true,"href":"https:\/\/alprofitconsult.al\/en\/wp-json\/wp\/v2\/comments?post=20301"}],"version-history":[{"count":4,"href":"https:\/\/alprofitconsult.al\/en\/wp-json\/wp\/v2\/pages\/20301\/revisions"}],"predecessor-version":[{"id":20904,"href":"https:\/\/alprofitconsult.al\/en\/wp-json\/wp\/v2\/pages\/20301\/revisions\/20904"}],"up":[{"embeddable":true,"href":"https:\/\/alprofitconsult.al\/en\/wp-json\/wp\/v2\/pages\/20298"}],"wp:attachment":[{"href":"https:\/\/alprofitconsult.al\/en\/wp-json\/wp\/v2\/media?parent=20301"}],"curies":[{"name":"WordPress","href":"https:\/\/api.w.org\/{rel}","templated":true}]}}