{"id":20304,"date":"2024-12-01T21:09:11","date_gmt":"2024-12-01T21:09:11","guid":{"rendered":"https:\/\/alprofitconsult.al\/?page_id=20304"},"modified":"2025-02-25T20:24:39","modified_gmt":"2025-02-25T20:24:39","slug":"zgjidhja-e-konflikteve","status":"publish","type":"page","link":"https:\/\/alprofitconsult.al\/en\/kodi-i-punes\/mbrojtja-dhe-zgjidhja-e-konfliketeve\/zgjidhja-e-konflikteve\/","title":{"rendered":"Zgjidhja E Konflikteve"},"content":{"rendered":"<div class=\"yoast-breadcrumbs\"><span><span><a href=\"https:\/\/alprofitconsult.al\/en\/\">Home<\/a><\/span> | <span><a href=\"https:\/\/alprofitconsult.al\/en\/kodi-i-punes\/\">Labor Code<\/a><\/span> | <span><a href=\"https:\/\/alprofitconsult.al\/en\/kodi-i-punes\/mbrojtja-dhe-zgjidhja-e-konfliketeve\/\">Mbrojtja Dhe Zgjidhja e Konfliketeve<\/a><\/span> | <span class=\"breadcrumb_last\" aria-current=\"page\">Zgjidhja E Konflikteve<\/span><\/span><\/div>\n\n\n<p><\/p>\n\n\n\n<figure class=\"wp-block-image size-full\"><img loading=\"lazy\" decoding=\"async\" width=\"1920\" height=\"1280\" src=\"https:\/\/alprofitconsult.al\/wp-content\/uploads\/2025\/02\/Zgjidhja-E-Konflikteve-AlProfit-Consult.jpg\" alt=\"\" class=\"wp-image-20907\" srcset=\"https:\/\/alprofitconsult.al\/wp-content\/uploads\/2025\/02\/Zgjidhja-E-Konflikteve-AlProfit-Consult.jpg 1920w, https:\/\/alprofitconsult.al\/wp-content\/uploads\/2025\/02\/Zgjidhja-E-Konflikteve-AlProfit-Consult-768x512.jpg 768w, https:\/\/alprofitconsult.al\/wp-content\/uploads\/2025\/02\/Zgjidhja-E-Konflikteve-AlProfit-Consult-1536x1024.jpg 1536w\" sizes=\"auto, (max-width: 1920px) 100vw, 1920px\" \/><\/figure>\n\n\n\n<p><\/p>\n\n\n\n<h2 class=\"wp-block-heading\"><strong>Procedurat p\u00ebr Zgjidhjen e Konflikteve<\/strong><\/h2>\n\n\n\n<p>N\u00eb rast konflikti, Kodi i Pun\u00ebs parashikon disa hapa:<\/p>\n\n\n\n<ol class=\"wp-block-list\" start=\"1\">\n<li><strong>Zgjidhja miq\u00ebsore:<\/strong>&nbsp;Pal\u00ebt mund t\u00eb diskutojn\u00eb direkt p\u00ebr nj\u00eb zgjidhje t\u00eb p\u00ebrbashk\u00ebt.<\/li>\n\n\n\n<li><strong>Nd\u00ebrmjet\u00ebsimi nga Inspektorati i Pun\u00ebs:<\/strong>&nbsp;Ky institucion ndihmon n\u00eb zgjidhjen e konflikteve duke siguruar zbatimin e ligjit (Neni 146).<\/li>\n\n\n\n<li><strong>Procedurat gjyq\u00ebsore:<\/strong>&nbsp;N\u00ebse konflikti mbetet i pazgjidhur, pal\u00ebt mund t\u00eb paraqesin rastin n\u00eb gjykat\u00eb (Neni 148).<\/li>\n<\/ol>\n\n\n\n<blockquote class=\"wp-block-quote is-layout-flow wp-block-quote-is-layout-flow\">\n<p><strong>Shembull praktik:<\/strong>&nbsp;Nj\u00eb punonj\u00ebs q\u00eb nuk ka marr\u00eb pag\u00ebn p\u00ebr dy muaj mund t\u00eb raportoj\u00eb rastin tek Inspektorati i Pun\u00ebs p\u00ebr zgjidhje t\u00eb menj\u00ebhershme.<\/p>\n<\/blockquote>\n\n\n\n<h2 class=\"wp-block-heading\"><strong>Drejt\u00ebsia p\u00ebr Punonj\u00ebsit e Pushuar Padrejt\u00ebsisht<\/strong><\/h2>\n\n\n\n<p>Punonj\u00ebsit e pushuar padrejt\u00ebsisht kan\u00eb t\u00eb drejt\u00ebn p\u00ebr rikthim n\u00eb pozicionin e tyre ose kompensim financiar p\u00ebr d\u00ebmin e shkaktuar (Neni 145).<\/p>\n\n\n\n<div data-wp-interactive=\"core\/file\" class=\"wp-block-file\"><object data-wp-bind--hidden=\"!state.hasPdfPreview\" hidden class=\"wp-block-file__embed\" data=\"https:\/\/alprofitconsult.al\/wp-content\/uploads\/2024\/12\/Kodi-i-punes-LIGJ-2024-8.pdf\" type=\"application\/pdf\" style=\"width:100%;height:600px\" aria-label=\"Embed of Kodi-i-punes-LIGJ-2024-8.\"><\/object><a id=\"wp-block-file--media-669d097e-12af-4fb4-a488-d83d6217794f\" href=\"https:\/\/alprofitconsult.al\/wp-content\/uploads\/2024\/12\/Kodi-i-punes-LIGJ-2024-8.pdf\">Kodi-i-punes-LIGJ-2024-8<\/a><a href=\"https:\/\/alprofitconsult.al\/wp-content\/uploads\/2024\/12\/Kodi-i-punes-LIGJ-2024-8.pdf\" class=\"wp-block-file__button wp-element-button\" download aria-describedby=\"wp-block-file--media-669d097e-12af-4fb4-a488-d83d6217794f\">Download<\/a><\/div>\n\n\n<div class=\"gdlr-core-widget-box-shortcode\" style=\"color: #ffffff ;background-color: #000014 ;\"  ><h3 class=\"gdlr-core-widget-box-shortcode-title\" style=\"color: #ffffff ;\"  >Do you have a question?<\/h3><div class=\"gdlr-core-widget-box-shortcode-content\" ><p class=\"translation-block\">Do not hesitate to <a href=\"https:\/\/alprofitconsult.al\/en\/contact\/\" target=\"_self\">contact<\/a> us. We are a team of experts and will be happy to speak with you.<\/p>\n<\/div><\/div>","protected":false},"excerpt":{"rendered":"<p>Procedurat p\u00ebr Zgjidhjen e Konflikteve N\u00eb rast konflikti, Kodi i Pun\u00ebs parashikon disa hapa: Shembull praktik:&nbsp;Nj\u00eb punonj\u00ebs q\u00eb nuk ka marr\u00eb pag\u00ebn p\u00ebr dy muaj mund t\u00eb raportoj\u00eb rastin tek Inspektorati i Pun\u00ebs p\u00ebr zgjidhje t\u00eb menj\u00ebhershme. Drejt\u00ebsia p\u00ebr Punonj\u00ebsit e Pushuar Padrejt\u00ebsisht Punonj\u00ebsit e pushuar padrejt\u00ebsisht kan\u00eb t\u00eb drejt\u00ebn p\u00ebr rikthim n\u00eb pozicionin e [&hellip;]<\/p>","protected":false},"author":1,"featured_media":0,"parent":20298,"menu_order":0,"comment_status":"closed","ping_status":"closed","template":"","meta":{"footnotes":""},"class_list":["post-20304","page","type-page","status-publish","hentry"],"yoast_head":"<!-- This site is optimized with the Yoast SEO plugin v26.5 - https:\/\/yoast.com\/wordpress\/plugins\/seo\/ -->\n<title>Zgjidhja E Konflikteve - AlProfit Consult<\/title>\n<meta name=\"robots\" content=\"index, follow, max-snippet:-1, max-image-preview:large, max-video-preview:-1\" \/>\n<link rel=\"canonical\" href=\"https:\/\/alprofitconsult.al\/en\/kodi-i-punes\/mbrojtja-dhe-zgjidhja-e-konfliketeve\/zgjidhja-e-konflikteve\/\" \/>\n<meta property=\"og:locale\" content=\"en_US\" \/>\n<meta property=\"og:type\" content=\"article\" \/>\n<meta property=\"og:title\" content=\"Zgjidhja E Konflikteve - AlProfit Consult\" \/>\n<meta property=\"og:description\" content=\"Procedurat p\u00ebr Zgjidhjen e Konflikteve N\u00eb rast konflikti, Kodi i Pun\u00ebs parashikon disa hapa: Shembull praktik:&nbsp;Nj\u00eb punonj\u00ebs q\u00eb nuk ka marr\u00eb pag\u00ebn p\u00ebr dy muaj mund t\u00eb raportoj\u00eb rastin tek Inspektorati i Pun\u00ebs p\u00ebr zgjidhje t\u00eb menj\u00ebhershme. Drejt\u00ebsia p\u00ebr Punonj\u00ebsit e Pushuar Padrejt\u00ebsisht Punonj\u00ebsit e pushuar padrejt\u00ebsisht kan\u00eb t\u00eb drejt\u00ebn p\u00ebr rikthim n\u00eb pozicionin e [&hellip;]\" \/>\n<meta property=\"og:url\" content=\"https:\/\/alprofitconsult.al\/en\/kodi-i-punes\/mbrojtja-dhe-zgjidhja-e-konfliketeve\/zgjidhja-e-konflikteve\/\" \/>\n<meta property=\"og:site_name\" content=\"AlProfit Consult\" \/>\n<meta property=\"article:publisher\" content=\"https:\/\/www.facebook.com\/AlProfitConsult\/\" \/>\n<meta property=\"article:modified_time\" content=\"2025-02-25T20:24:39+00:00\" \/>\n<meta property=\"og:image\" content=\"https:\/\/alprofitconsult.al\/wp-content\/uploads\/2025\/02\/Zgjidhja-E-Konflikteve-AlProfit-Consult.jpg\" \/>\n<meta name=\"twitter:card\" content=\"summary_large_image\" \/>\n<meta name=\"twitter:site\" content=\"@AlProfitConsult\" \/>\n<meta name=\"twitter:label1\" content=\"Est. reading time\" \/>\n\t<meta name=\"twitter:data1\" content=\"1 minute\" \/>\n<script type=\"application\/ld+json\" class=\"yoast-schema-graph\">{\"@context\":\"https:\/\/schema.org\",\"@graph\":[{\"@type\":\"WebPage\",\"@id\":\"https:\/\/alprofitconsult.al\/en\/kodi-i-punes\/mbrojtja-dhe-zgjidhja-e-konfliketeve\/zgjidhja-e-konflikteve\/\",\"url\":\"https:\/\/alprofitconsult.al\/en\/kodi-i-punes\/mbrojtja-dhe-zgjidhja-e-konfliketeve\/zgjidhja-e-konflikteve\/\",\"name\":\"Zgjidhja E Konflikteve - AlProfit Consult\",\"isPartOf\":{\"@id\":\"https:\/\/alprofitconsult.al\/#website\"},\"primaryImageOfPage\":{\"@id\":\"https:\/\/alprofitconsult.al\/en\/kodi-i-punes\/mbrojtja-dhe-zgjidhja-e-konfliketeve\/zgjidhja-e-konflikteve\/#primaryimage\"},\"image\":{\"@id\":\"https:\/\/alprofitconsult.al\/en\/kodi-i-punes\/mbrojtja-dhe-zgjidhja-e-konfliketeve\/zgjidhja-e-konflikteve\/#primaryimage\"},\"thumbnailUrl\":\"https:\/\/alprofitconsult.al\/wp-content\/uploads\/2025\/02\/Zgjidhja-E-Konflikteve-AlProfit-Consult.jpg\",\"datePublished\":\"2024-12-01T21:09:11+00:00\",\"dateModified\":\"2025-02-25T20:24:39+00:00\",\"breadcrumb\":{\"@id\":\"https:\/\/alprofitconsult.al\/en\/kodi-i-punes\/mbrojtja-dhe-zgjidhja-e-konfliketeve\/zgjidhja-e-konflikteve\/#breadcrumb\"},\"inLanguage\":\"en-US\",\"potentialAction\":[{\"@type\":\"ReadAction\",\"target\":[\"https:\/\/alprofitconsult.al\/en\/kodi-i-punes\/mbrojtja-dhe-zgjidhja-e-konfliketeve\/zgjidhja-e-konflikteve\/\"]}]},{\"@type\":\"ImageObject\",\"inLanguage\":\"en-US\",\"@id\":\"https:\/\/alprofitconsult.al\/en\/kodi-i-punes\/mbrojtja-dhe-zgjidhja-e-konfliketeve\/zgjidhja-e-konflikteve\/#primaryimage\",\"url\":\"https:\/\/alprofitconsult.al\/wp-content\/uploads\/2025\/02\/Zgjidhja-E-Konflikteve-AlProfit-Consult.jpg\",\"contentUrl\":\"https:\/\/alprofitconsult.al\/wp-content\/uploads\/2025\/02\/Zgjidhja-E-Konflikteve-AlProfit-Consult.jpg\"},{\"@type\":\"BreadcrumbList\",\"@id\":\"https:\/\/alprofitconsult.al\/en\/kodi-i-punes\/mbrojtja-dhe-zgjidhja-e-konfliketeve\/zgjidhja-e-konflikteve\/#breadcrumb\",\"itemListElement\":[{\"@type\":\"ListItem\",\"position\":1,\"name\":\"Kryefaqe\",\"item\":\"https:\/\/alprofitconsult.al\/\"},{\"@type\":\"ListItem\",\"position\":2,\"name\":\"Kodi i Pun\u00ebs\",\"item\":\"https:\/\/alprofitconsult.al\/en\/kodi-i-punes\/\"},{\"@type\":\"ListItem\",\"position\":3,\"name\":\"Mbrojtja Dhe Zgjidhja e Konfliketeve\",\"item\":\"https:\/\/alprofitconsult.al\/en\/kodi-i-punes\/mbrojtja-dhe-zgjidhja-e-konfliketeve\/\"},{\"@type\":\"ListItem\",\"position\":4,\"name\":\"Zgjidhja E Konflikteve\"}]},{\"@type\":\"WebSite\",\"@id\":\"https:\/\/alprofitconsult.al\/#website\",\"url\":\"https:\/\/alprofitconsult.al\/\",\"name\":\"AlProfit Consult\",\"description\":\"Zyr\u00eb Kontabiliteti\",\"publisher\":{\"@id\":\"https:\/\/alprofitconsult.al\/#organization\"},\"potentialAction\":[{\"@type\":\"SearchAction\",\"target\":{\"@type\":\"EntryPoint\",\"urlTemplate\":\"https:\/\/alprofitconsult.al\/?s={search_term_string}\"},\"query-input\":{\"@type\":\"PropertyValueSpecification\",\"valueRequired\":true,\"valueName\":\"search_term_string\"}}],\"inLanguage\":\"en-US\"},{\"@type\":\"Organization\",\"@id\":\"https:\/\/alprofitconsult.al\/#organization\",\"name\":\"Alprofit Consult\",\"url\":\"https:\/\/alprofitconsult.al\/\",\"logo\":{\"@type\":\"ImageObject\",\"inLanguage\":\"en-US\",\"@id\":\"https:\/\/alprofitconsult.al\/#\/schema\/logo\/image\/\",\"url\":\"https:\/\/alprofitconsult.al\/wp-content\/uploads\/2022\/10\/logoalprofit.png\",\"contentUrl\":\"https:\/\/alprofitconsult.al\/wp-content\/uploads\/2022\/10\/logoalprofit.png\",\"width\":529,\"height\":156,\"caption\":\"Alprofit Consult\"},\"image\":{\"@id\":\"https:\/\/alprofitconsult.al\/#\/schema\/logo\/image\/\"},\"sameAs\":[\"https:\/\/www.facebook.com\/AlProfitConsult\/\",\"https:\/\/x.com\/AlProfitConsult\",\"https:\/\/www.linkedin.com\/company\/andi-haxhillari\/\",\"https:\/\/www.pinterest.com\/AlProfitConsult\/\",\"https:\/\/www.youtube.com\/channel\/UCZ5Gfntn161Nla3g1XdRldA\",\"https:\/\/sq.wikipedia.org\/wiki\/P\u00ebrdoruesi:Andi25~sqwiki\"]}]}<\/script>\n<!-- \/ Yoast SEO plugin. -->","yoast_head_json":{"title":"Zgjidhja E Konflikteve - AlProfit Consult","robots":{"index":"index","follow":"follow","max-snippet":"max-snippet:-1","max-image-preview":"max-image-preview:large","max-video-preview":"max-video-preview:-1"},"canonical":"https:\/\/alprofitconsult.al\/en\/kodi-i-punes\/mbrojtja-dhe-zgjidhja-e-konfliketeve\/zgjidhja-e-konflikteve\/","og_locale":"en_US","og_type":"article","og_title":"Zgjidhja E Konflikteve - AlProfit Consult","og_description":"Procedurat p\u00ebr Zgjidhjen e Konflikteve N\u00eb rast konflikti, Kodi i Pun\u00ebs parashikon disa hapa: Shembull praktik:&nbsp;Nj\u00eb punonj\u00ebs q\u00eb nuk ka marr\u00eb pag\u00ebn p\u00ebr dy muaj mund t\u00eb raportoj\u00eb rastin tek Inspektorati i Pun\u00ebs p\u00ebr zgjidhje t\u00eb menj\u00ebhershme. Drejt\u00ebsia p\u00ebr Punonj\u00ebsit e Pushuar Padrejt\u00ebsisht Punonj\u00ebsit e pushuar padrejt\u00ebsisht kan\u00eb t\u00eb drejt\u00ebn p\u00ebr rikthim n\u00eb pozicionin e [&hellip;]","og_url":"https:\/\/alprofitconsult.al\/en\/kodi-i-punes\/mbrojtja-dhe-zgjidhja-e-konfliketeve\/zgjidhja-e-konflikteve\/","og_site_name":"AlProfit Consult","article_publisher":"https:\/\/www.facebook.com\/AlProfitConsult\/","article_modified_time":"2025-02-25T20:24:39+00:00","og_image":[{"url":"https:\/\/alprofitconsult.al\/wp-content\/uploads\/2025\/02\/Zgjidhja-E-Konflikteve-AlProfit-Consult.jpg","type":"","width":"","height":""}],"twitter_card":"summary_large_image","twitter_site":"@AlProfitConsult","twitter_misc":{"Est. reading time":"1 minute"},"schema":{"@context":"https:\/\/schema.org","@graph":[{"@type":"WebPage","@id":"https:\/\/alprofitconsult.al\/en\/kodi-i-punes\/mbrojtja-dhe-zgjidhja-e-konfliketeve\/zgjidhja-e-konflikteve\/","url":"https:\/\/alprofitconsult.al\/en\/kodi-i-punes\/mbrojtja-dhe-zgjidhja-e-konfliketeve\/zgjidhja-e-konflikteve\/","name":"Zgjidhja E Konflikteve - AlProfit Consult","isPartOf":{"@id":"https:\/\/alprofitconsult.al\/#website"},"primaryImageOfPage":{"@id":"https:\/\/alprofitconsult.al\/en\/kodi-i-punes\/mbrojtja-dhe-zgjidhja-e-konfliketeve\/zgjidhja-e-konflikteve\/#primaryimage"},"image":{"@id":"https:\/\/alprofitconsult.al\/en\/kodi-i-punes\/mbrojtja-dhe-zgjidhja-e-konfliketeve\/zgjidhja-e-konflikteve\/#primaryimage"},"thumbnailUrl":"https:\/\/alprofitconsult.al\/wp-content\/uploads\/2025\/02\/Zgjidhja-E-Konflikteve-AlProfit-Consult.jpg","datePublished":"2024-12-01T21:09:11+00:00","dateModified":"2025-02-25T20:24:39+00:00","breadcrumb":{"@id":"https:\/\/alprofitconsult.al\/en\/kodi-i-punes\/mbrojtja-dhe-zgjidhja-e-konfliketeve\/zgjidhja-e-konflikteve\/#breadcrumb"},"inLanguage":"en-US","potentialAction":[{"@type":"ReadAction","target":["https:\/\/alprofitconsult.al\/en\/kodi-i-punes\/mbrojtja-dhe-zgjidhja-e-konfliketeve\/zgjidhja-e-konflikteve\/"]}]},{"@type":"ImageObject","inLanguage":"en-US","@id":"https:\/\/alprofitconsult.al\/en\/kodi-i-punes\/mbrojtja-dhe-zgjidhja-e-konfliketeve\/zgjidhja-e-konflikteve\/#primaryimage","url":"https:\/\/alprofitconsult.al\/wp-content\/uploads\/2025\/02\/Zgjidhja-E-Konflikteve-AlProfit-Consult.jpg","contentUrl":"https:\/\/alprofitconsult.al\/wp-content\/uploads\/2025\/02\/Zgjidhja-E-Konflikteve-AlProfit-Consult.jpg"},{"@type":"BreadcrumbList","@id":"https:\/\/alprofitconsult.al\/en\/kodi-i-punes\/mbrojtja-dhe-zgjidhja-e-konfliketeve\/zgjidhja-e-konflikteve\/#breadcrumb","itemListElement":[{"@type":"ListItem","position":1,"name":"Kryefaqe","item":"https:\/\/alprofitconsult.al\/"},{"@type":"ListItem","position":2,"name":"Kodi i Pun\u00ebs","item":"https:\/\/alprofitconsult.al\/en\/kodi-i-punes\/"},{"@type":"ListItem","position":3,"name":"Mbrojtja Dhe Zgjidhja e Konfliketeve","item":"https:\/\/alprofitconsult.al\/en\/kodi-i-punes\/mbrojtja-dhe-zgjidhja-e-konfliketeve\/"},{"@type":"ListItem","position":4,"name":"Zgjidhja E Konflikteve"}]},{"@type":"WebSite","@id":"https:\/\/alprofitconsult.al\/#website","url":"https:\/\/alprofitconsult.al\/","name":"AlProfit Consult","description":"Zyr\u00eb Kontabiliteti","publisher":{"@id":"https:\/\/alprofitconsult.al\/#organization"},"potentialAction":[{"@type":"SearchAction","target":{"@type":"EntryPoint","urlTemplate":"https:\/\/alprofitconsult.al\/?s={search_term_string}"},"query-input":{"@type":"PropertyValueSpecification","valueRequired":true,"valueName":"search_term_string"}}],"inLanguage":"en-US"},{"@type":"Organization","@id":"https:\/\/alprofitconsult.al\/#organization","name":"Alprofit Consult","url":"https:\/\/alprofitconsult.al\/","logo":{"@type":"ImageObject","inLanguage":"en-US","@id":"https:\/\/alprofitconsult.al\/#\/schema\/logo\/image\/","url":"https:\/\/alprofitconsult.al\/wp-content\/uploads\/2022\/10\/logoalprofit.png","contentUrl":"https:\/\/alprofitconsult.al\/wp-content\/uploads\/2022\/10\/logoalprofit.png","width":529,"height":156,"caption":"Alprofit Consult"},"image":{"@id":"https:\/\/alprofitconsult.al\/#\/schema\/logo\/image\/"},"sameAs":["https:\/\/www.facebook.com\/AlProfitConsult\/","https:\/\/x.com\/AlProfitConsult","https:\/\/www.linkedin.com\/company\/andi-haxhillari\/","https:\/\/www.pinterest.com\/AlProfitConsult\/","https:\/\/www.youtube.com\/channel\/UCZ5Gfntn161Nla3g1XdRldA","https:\/\/sq.wikipedia.org\/wiki\/P\u00ebrdoruesi:Andi25~sqwiki"]}]}},"_links":{"self":[{"href":"https:\/\/alprofitconsult.al\/en\/wp-json\/wp\/v2\/pages\/20304","targetHints":{"allow":["GET"]}}],"collection":[{"href":"https:\/\/alprofitconsult.al\/en\/wp-json\/wp\/v2\/pages"}],"about":[{"href":"https:\/\/alprofitconsult.al\/en\/wp-json\/wp\/v2\/types\/page"}],"author":[{"embeddable":true,"href":"https:\/\/alprofitconsult.al\/en\/wp-json\/wp\/v2\/users\/1"}],"replies":[{"embeddable":true,"href":"https:\/\/alprofitconsult.al\/en\/wp-json\/wp\/v2\/comments?post=20304"}],"version-history":[{"count":4,"href":"https:\/\/alprofitconsult.al\/en\/wp-json\/wp\/v2\/pages\/20304\/revisions"}],"predecessor-version":[{"id":20913,"href":"https:\/\/alprofitconsult.al\/en\/wp-json\/wp\/v2\/pages\/20304\/revisions\/20913"}],"up":[{"embeddable":true,"href":"https:\/\/alprofitconsult.al\/en\/wp-json\/wp\/v2\/pages\/20298"}],"wp:attachment":[{"href":"https:\/\/alprofitconsult.al\/en\/wp-json\/wp\/v2\/media?parent=20304"}],"curies":[{"name":"wp","href":"https:\/\/api.w.org\/{rel}","templated":true}]}}