{"id":15078,"date":"2022-10-07T20:14:07","date_gmt":"2022-10-07T20:14:07","guid":{"rendered":"https:\/\/alprofitconsult.al\/?page_id=15078"},"modified":"2024-11-29T21:02:09","modified_gmt":"2024-11-29T21:02:09","slug":"la-moglie-del-contadino","status":"publish","type":"page","link":"https:\/\/alprofitconsult.al\/it\/tatime\/individ\/kategorite\/fermere\/","title":{"rendered":"Agricoltori"},"content":{"rendered":"<div class=\"yoast-breadcrumbs\"><span><span><a href=\"https:\/\/alprofitconsult.al\/it\/\">Pagina Iniziale<\/a><\/span> | <span><a href=\"https:\/\/alprofitconsult.al\/en\/tatime\/\">Normativa fiscale<\/a><\/span> | <span><a href=\"https:\/\/alprofitconsult.al\/en\/tatime\/individ\/\">individuale<\/a><\/span> | <span><a href=\"https:\/\/alprofitconsult.al\/en\/tatime\/individ\/kategorite\/\">Categorie<\/a><\/span> | <span class=\"breadcrumb_last\" aria-current=\"page\">Agricoltori<\/span><\/span><\/div>\n\n\n<p><\/p>\n\n\n\n<figure class=\"wp-block-image size-large\"><img loading=\"lazy\" decoding=\"async\" width=\"1024\" height=\"719\" src=\"https:\/\/alprofitconsult.al\/wp-content\/uploads\/2022\/10\/AlProfit-Consult-Fermeret-1024x719.jpg\" alt=\"\" class=\"wp-image-15425\" srcset=\"https:\/\/alprofitconsult.al\/wp-content\/uploads\/2022\/10\/AlProfit-Consult-Fermeret-1024x719.jpg 1024w, https:\/\/alprofitconsult.al\/wp-content\/uploads\/2022\/10\/AlProfit-Consult-Fermeret-300x211.jpg 300w, https:\/\/alprofitconsult.al\/wp-content\/uploads\/2022\/10\/AlProfit-Consult-Fermeret-150x105.jpg 150w, https:\/\/alprofitconsult.al\/wp-content\/uploads\/2022\/10\/AlProfit-Consult-Fermeret-768x539.jpg 768w, https:\/\/alprofitconsult.al\/wp-content\/uploads\/2022\/10\/AlProfit-Consult-Fermeret-1536x1078.jpg 1536w, https:\/\/alprofitconsult.al\/wp-content\/uploads\/2022\/10\/AlProfit-Consult-Fermeret.jpg 1920w\" sizes=\"auto, (max-width: 1024px) 100vw, 1024px\" \/><\/figure>\n\n\n\n<blockquote class=\"wp-block-quote is-layout-flow wp-block-quote-is-layout-flow\">\n<p><br><em>Le seguenti informazioni sono valide e applicabili fino al 31 dicembre 2023, data di entrata in vigore della nuova legge n. <\/em><a href=\"https:\/\/alprofitconsult.al\/wp-content\/uploads\/2023\/11\/LIGJ-NR.-29-2023-PER-TATIMIN-MBI-TE-ARDHURAT-4.pdf\" target=\"_blank\" rel=\"noreferrer noopener\">29\/2023<\/a><em> per l'imposta sul reddito. Visita il nostro sito web per maggiori dettagli e informazioni aggiornate. <\/em><a href=\"https:\/\/alprofitconsult.al\/it\/tasse\/\" target=\"_blank\" rel=\"noreferrer noopener\">https:\/\/alprofitconsult.al\/tatime\/<\/a><\/p>\n<\/blockquote>\n\n\n\n<p><strong>Il contadino<\/strong>, \u00e8 un produttore agricolo, lavoratore autonomo, che svolge la propria attivit\u00e0 avvalendosi della propria manodopera e degli strumenti a sua disposizione nei settori dell'agricoltura, della silvicoltura e della pesca.<\/p>\n\n\n\n<p>Gli agricoltori che vendono i propri prodotti ai commercianti sono tenuti a registrarsi e a ottenere un certificato NIPT.<\/p>\n\n\n\n<h3 class=\"wp-block-heading\">Registrazione<\/h3>\n\n\n\n<p>La richiesta e il rilascio del certificato NIPT vengono effettuati dall'agricoltore stesso presso la Direzione regionale delle imposte competente in base all'assetto amministrativo.<\/p>\n\n\n\n<p><strong>Documentazione per la registrazione:<\/strong><\/p>\n\n\n\n<ul class=\"wp-block-list\">\n<li>La domanda di registrazione, redatta sull'apposito modulo, compilata e firmata dal richiedente.<\/li>\n\n\n\n<li>Documento di identit\u00e0 originale (carta d'identit\u00e0) o una copia autenticata dello stesso.<br>il documento allegato alla domanda di registrazione.<\/li>\n\n\n\n<li>Il certificato originale rilasciato dalla Direzione regionale per l'agricoltura, lo sviluppo rurale e la gestione delle risorse idriche, con cui viene attestata l'attivit\u00e0 di produzione agricola dell'agricoltore.<\/li>\n<\/ul>\n\n\n\n<p><strong>Dati obbligatori:<\/strong><\/p>\n\n\n\n<ul class=\"wp-block-list\">\n<li>Indirizzo di residenza, recapiti personali;<\/li>\n\n\n\n<li>Il luogo in cui si svolge l'attivit\u00e0 di produzione agricola;<\/li>\n\n\n\n<li>Il settore dell'attivit\u00e0 di produzione agricola; qualora l'agricoltore svolga diverse attivit\u00e0 di produzione agricola, ne vengono citate alcune, a partire da quella che riveste maggiore importanza;<\/li>\n\n\n\n<li>Firma del singolo agricoltore.<\/li>\n<\/ul>\n\n\n\n<p>I documenti giustificativi a corredo della domanda devono essere presentati in originale o in copia autenticata rispetto all'originale e non devono recare correzioni o cancellature.<\/p>\n\n\n\n<h3 class=\"wp-block-heading\">Modifiche alla registrazione<\/h3>\n\n\n\n<p>L'agricoltore \u00e8 tenuto a comunicare alla Direzione regionale delle imposte, presso la quale \u00e8 stato rilasciato il certificato NIPT, eventuali modifiche ai dati registrati, quali:<\/p>\n\n\n\n<ul class=\"wp-block-list\">\n<li>dati identificativi,<\/li>\n\n\n\n<li>l'ubicazione dell'attivit\u00e0 di produzione agricola, a seguito della conversione di terreni agricoli<\/li>\n\n\n\n<li>o qualsiasi altra modifica ai dati forniti al momento della registrazione.<\/li>\n<\/ul>\n\n\n\n<h3 class=\"wp-block-heading\">Annullamento della registrazione<\/h3>\n\n\n\n<p>L'agricoltore provvede volontariamente alla cancellazione dal registro presentando una domanda di cancellazione.<\/p>\n\n\n\n<p>La domanda va presentata utilizzando l'apposito modulo, allegando contestualmente il certificato NIPT alla Direzione regionale delle imposte presso la quale \u00e8 stato rilasciato.<\/p>\n\n\n\n<h3 class=\"wp-block-heading\">I dazi da versare<\/h3>\n\n\n\n<p>Gli agricoltori registrati ai sensi di quanto sopra indicato non sono soggetti a imposta e, di conseguenza, non hanno alcun obbligo di pagamento.<\/p>\n\n\n\n<p>Fonte: <a href=\"https:\/\/www.tatime.gov.al\/c\/3\/12\/23\/fermere\" target=\"_blank\" rel=\"noreferrer noopener\">Direzione Generale delle Imposte.<\/a><\/p>\n\n\n<div class=\"gdlr-core-widget-box-shortcode\" style=\"color: #ffffff ;background-color: #000014 ;\"  ><h3 class=\"gdlr-core-widget-box-shortcode-title\" style=\"color: #ffffff ;\"  >Hai qualche domanda?<\/h3><div class=\"gdlr-core-widget-box-shortcode-content\" ><p class=\"translation-block\">Non esitare a <a href=\"https:\/\/alprofitconsult.al\/it\/contatti\/\" target=\"_self\">contattarci. Siamo un team di esperti e saremo lieti di parlare con te.<\/p>\n<\/div><\/div>","protected":false},"excerpt":{"rendered":"<p>Informacioni i m\u00ebposht\u00ebm \u00ebsht\u00eb i vlefsh\u00ebm dhe zbatohet deri m\u00eb 31 dhjetor 2023, me hyrjen n\u00eb fuqi t\u00eb Ligjit t\u00eb ri Nr. 29\/2023 p\u00ebr Tatimin mbi t\u00eb Ardhurat. Shfletoni faqen ton\u00eb p\u00ebr m\u00eb shum\u00eb detaje dhe informacione t\u00eb p\u00ebrdit\u00ebsuara https:\/\/alprofitconsult.al\/tatime\/ Fermeri, \u00ebsht\u00eb prodhues bujq\u00ebsor, i vet\u00ebpun\u00ebsuar, q\u00eb zhvillon aktivitetin me krahun e vet t\u00eb pun\u00ebs [&hellip;]<\/p>\n","protected":false},"author":1,"featured_media":15425,"parent":15067,"menu_order":0,"comment_status":"closed","ping_status":"closed","template":"","meta":{"footnotes":""},"class_list":["post-15078","page","type-page","status-publish","has-post-thumbnail","hentry"],"yoast_head":"<!-- This site is optimized with the Yoast SEO Premium plugin v27.6 (Yoast SEO v27.6) - https:\/\/yoast.com\/product\/yoast-seo-premium-wordpress\/ -->\n<title>Fermer\u00eb - AlProfit Consult<\/title>\n<meta name=\"robots\" content=\"index, follow, max-snippet:-1, max-image-preview:large, max-video-preview:-1\" \/>\n<link rel=\"canonical\" href=\"https:\/\/alprofitconsult.al\/it\/tasse\/individuale\/categorie\/la-moglie-del-contadino\/\" \/>\n<meta property=\"og:locale\" content=\"it_IT\" \/>\n<meta property=\"og:type\" content=\"article\" \/>\n<meta property=\"og:title\" content=\"Fermer\u00eb\" \/>\n<meta property=\"og:description\" content=\"Informacioni i m\u00ebposht\u00ebm \u00ebsht\u00eb i vlefsh\u00ebm dhe zbatohet deri m\u00eb 31 dhjetor 2023, me hyrjen n\u00eb fuqi t\u00eb Ligjit t\u00eb ri Nr. 29\/2023 p\u00ebr Tatimin mbi t\u00eb Ardhurat. Shfletoni faqen ton\u00eb p\u00ebr m\u00eb shum\u00eb detaje dhe informacione t\u00eb p\u00ebrdit\u00ebsuara https:\/\/alprofitconsult.al\/tatime\/ Fermeri, \u00ebsht\u00eb prodhues bujq\u00ebsor, i vet\u00ebpun\u00ebsuar, q\u00eb zhvillon aktivitetin me krahun e vet t\u00eb pun\u00ebs [&hellip;]\" \/>\n<meta property=\"og:url\" content=\"https:\/\/alprofitconsult.al\/it\/tasse\/individuale\/categorie\/la-moglie-del-contadino\/\" \/>\n<meta property=\"og:site_name\" content=\"AlProfit Consult\" \/>\n<meta property=\"article:publisher\" content=\"https:\/\/www.facebook.com\/AlProfitConsult\/\" \/>\n<meta property=\"article:modified_time\" content=\"2024-11-29T21:02:09+00:00\" \/>\n<meta property=\"og:image\" content=\"https:\/\/alprofitconsult.al\/wp-content\/uploads\/2022\/10\/AlProfit-Consult-Fermeret.jpg\" \/>\n\t<meta property=\"og:image:width\" content=\"1920\" \/>\n\t<meta property=\"og:image:height\" content=\"1348\" \/>\n\t<meta property=\"og:image:type\" content=\"image\/jpeg\" \/>\n<meta name=\"twitter:card\" content=\"summary_large_image\" \/>\n<meta name=\"twitter:site\" content=\"@AlProfitConsult\" \/>\n<meta name=\"twitter:label1\" content=\"Tempo di lettura stimato\" \/>\n\t<meta name=\"twitter:data1\" content=\"2 minuti\" \/>\n<script type=\"application\/ld+json\" class=\"yoast-schema-graph\">{\"@context\":\"https:\\\/\\\/schema.org\",\"@graph\":[{\"@type\":\"WebPage\",\"@id\":\"https:\\\/\\\/alprofitconsult.al\\\/en\\\/tatime\\\/individ\\\/kategorite\\\/fermere\\\/\",\"url\":\"https:\\\/\\\/alprofitconsult.al\\\/en\\\/tatime\\\/individ\\\/kategorite\\\/fermere\\\/\",\"name\":\"Fermer\u00eb - AlProfit Consult\",\"isPartOf\":{\"@id\":\"https:\\\/\\\/alprofitconsult.al\\\/#website\"},\"primaryImageOfPage\":{\"@id\":\"https:\\\/\\\/alprofitconsult.al\\\/en\\\/tatime\\\/individ\\\/kategorite\\\/fermere\\\/#primaryimage\"},\"image\":{\"@id\":\"https:\\\/\\\/alprofitconsult.al\\\/en\\\/tatime\\\/individ\\\/kategorite\\\/fermere\\\/#primaryimage\"},\"thumbnailUrl\":\"https:\\\/\\\/alprofitconsult.al\\\/wp-content\\\/uploads\\\/2022\\\/10\\\/AlProfit-Consult-Fermeret.jpg\",\"datePublished\":\"2022-10-07T20:14:07+00:00\",\"dateModified\":\"2024-11-29T21:02:09+00:00\",\"breadcrumb\":{\"@id\":\"https:\\\/\\\/alprofitconsult.al\\\/en\\\/tatime\\\/individ\\\/kategorite\\\/fermere\\\/#breadcrumb\"},\"inLanguage\":\"it-IT\",\"potentialAction\":[{\"@type\":\"ReadAction\",\"target\":[\"https:\\\/\\\/alprofitconsult.al\\\/en\\\/tatime\\\/individ\\\/kategorite\\\/fermere\\\/\"]}]},{\"@type\":\"ImageObject\",\"inLanguage\":\"it-IT\",\"@id\":\"https:\\\/\\\/alprofitconsult.al\\\/en\\\/tatime\\\/individ\\\/kategorite\\\/fermere\\\/#primaryimage\",\"url\":\"https:\\\/\\\/alprofitconsult.al\\\/wp-content\\\/uploads\\\/2022\\\/10\\\/AlProfit-Consult-Fermeret.jpg\",\"contentUrl\":\"https:\\\/\\\/alprofitconsult.al\\\/wp-content\\\/uploads\\\/2022\\\/10\\\/AlProfit-Consult-Fermeret.jpg\",\"width\":1920,\"height\":1348},{\"@type\":\"BreadcrumbList\",\"@id\":\"https:\\\/\\\/alprofitconsult.al\\\/en\\\/tatime\\\/individ\\\/kategorite\\\/fermere\\\/#breadcrumb\",\"itemListElement\":[{\"@type\":\"ListItem\",\"position\":1,\"name\":\"Kryefaqe\",\"item\":\"https:\\\/\\\/alprofitconsult.al\\\/\"},{\"@type\":\"ListItem\",\"position\":2,\"name\":\"Legjislacioni tatimor\",\"item\":\"https:\\\/\\\/alprofitconsult.al\\\/en\\\/tatime\\\/\"},{\"@type\":\"ListItem\",\"position\":3,\"name\":\"Individ\",\"item\":\"https:\\\/\\\/alprofitconsult.al\\\/en\\\/tatime\\\/individ\\\/\"},{\"@type\":\"ListItem\",\"position\":4,\"name\":\"Kategorit\u00eb\",\"item\":\"https:\\\/\\\/alprofitconsult.al\\\/en\\\/tatime\\\/individ\\\/kategorite\\\/\"},{\"@type\":\"ListItem\",\"position\":5,\"name\":\"Fermer\u00eb\"}]},{\"@type\":\"WebSite\",\"@id\":\"https:\\\/\\\/alprofitconsult.al\\\/#website\",\"url\":\"https:\\\/\\\/alprofitconsult.al\\\/\",\"name\":\"AlProfit Consult\",\"description\":\"Zyr\u00eb Kontabiliteti\",\"publisher\":{\"@id\":\"https:\\\/\\\/alprofitconsult.al\\\/#organization\"},\"potentialAction\":[{\"@type\":\"SearchAction\",\"target\":{\"@type\":\"EntryPoint\",\"urlTemplate\":\"https:\\\/\\\/alprofitconsult.al\\\/?s={search_term_string}\"},\"query-input\":{\"@type\":\"PropertyValueSpecification\",\"valueRequired\":true,\"valueName\":\"search_term_string\"}}],\"inLanguage\":\"it-IT\"},{\"@type\":[\"Organization\",\"Place\"],\"@id\":\"https:\\\/\\\/alprofitconsult.al\\\/#organization\",\"name\":\"Alprofit Consult\",\"url\":\"https:\\\/\\\/alprofitconsult.al\\\/\",\"logo\":{\"@id\":\"https:\\\/\\\/alprofitconsult.al\\\/en\\\/tatime\\\/individ\\\/kategorite\\\/fermere\\\/#local-main-organization-logo\"},\"image\":{\"@id\":\"https:\\\/\\\/alprofitconsult.al\\\/en\\\/tatime\\\/individ\\\/kategorite\\\/fermere\\\/#local-main-organization-logo\"},\"sameAs\":[\"https:\\\/\\\/www.facebook.com\\\/AlProfitConsult\\\/\",\"https:\\\/\\\/x.com\\\/AlProfitConsult\",\"https:\\\/\\\/www.linkedin.com\\\/company\\\/andi-haxhillari\\\/\",\"https:\\\/\\\/www.pinterest.com\\\/AlProfitConsult\\\/\",\"https:\\\/\\\/www.youtube.com\\\/channel\\\/UCZ5Gfntn161Nla3g1XdRldA\",\"https:\\\/\\\/sq.wikipedia.org\\\/wiki\\\/P\u00ebrdoruesi:Andi25~sqwiki\"],\"telephone\":[],\"openingHoursSpecification\":[{\"@type\":\"OpeningHoursSpecification\",\"dayOfWeek\":[\"Monday\",\"Tuesday\",\"Wednesday\",\"Thursday\",\"Friday\",\"Saturday\",\"Sunday\"],\"opens\":\"09:00\",\"closes\":\"17:00\"}]},{\"@type\":\"ImageObject\",\"inLanguage\":\"it-IT\",\"@id\":\"https:\\\/\\\/alprofitconsult.al\\\/en\\\/tatime\\\/individ\\\/kategorite\\\/fermere\\\/#local-main-organization-logo\",\"url\":\"https:\\\/\\\/alprofitconsult.al\\\/wp-content\\\/uploads\\\/2022\\\/10\\\/logoalprofit.png\",\"contentUrl\":\"https:\\\/\\\/alprofitconsult.al\\\/wp-content\\\/uploads\\\/2022\\\/10\\\/logoalprofit.png\",\"width\":529,\"height\":156,\"caption\":\"Alprofit Consult\"}]}<\/script>\n<!-- \/ Yoast SEO Premium plugin. -->","yoast_head_json":{"title":"Agricoltori - AlProfit Consult","robots":{"index":"index","follow":"follow","max-snippet":"max-snippet:-1","max-image-preview":"max-image-preview:large","max-video-preview":"max-video-preview:-1"},"canonical":"https:\/\/alprofitconsult.al\/it\/tasse\/individuale\/categorie\/la-moglie-del-contadino\/","og_locale":"it_IT","og_type":"article","og_title":"Fermer\u00eb","og_description":"Informacioni i m\u00ebposht\u00ebm \u00ebsht\u00eb i vlefsh\u00ebm dhe zbatohet deri m\u00eb 31 dhjetor 2023, me hyrjen n\u00eb fuqi t\u00eb Ligjit t\u00eb ri Nr. 29\/2023 p\u00ebr Tatimin mbi t\u00eb Ardhurat. Shfletoni faqen ton\u00eb p\u00ebr m\u00eb shum\u00eb detaje dhe informacione t\u00eb p\u00ebrdit\u00ebsuara https:\/\/alprofitconsult.al\/tatime\/ Fermeri, \u00ebsht\u00eb prodhues bujq\u00ebsor, i vet\u00ebpun\u00ebsuar, q\u00eb zhvillon aktivitetin me krahun e vet t\u00eb pun\u00ebs [&hellip;]","og_url":"https:\/\/alprofitconsult.al\/it\/tasse\/individuale\/categorie\/la-moglie-del-contadino\/","og_site_name":"AlProfit Consult","article_publisher":"https:\/\/www.facebook.com\/AlProfitConsult\/","article_modified_time":"2024-11-29T21:02:09+00:00","og_image":[{"width":1920,"height":1348,"url":"https:\/\/alprofitconsult.al\/wp-content\/uploads\/2022\/10\/AlProfit-Consult-Fermeret.jpg","type":"image\/jpeg"}],"twitter_card":"summary_large_image","twitter_site":"@AlProfitConsult","twitter_misc":{"Tempo di lettura stimato":"2 minuti"},"schema":{"@context":"https:\/\/schema.org","@graph":[{"@type":"WebPage","@id":"https:\/\/alprofitconsult.al\/en\/tatime\/individ\/kategorite\/fermere\/","url":"https:\/\/alprofitconsult.al\/en\/tatime\/individ\/kategorite\/fermere\/","name":"Agricoltori - AlProfit Consult","isPartOf":{"@id":"https:\/\/alprofitconsult.al\/#website"},"primaryImageOfPage":{"@id":"https:\/\/alprofitconsult.al\/en\/tatime\/individ\/kategorite\/fermere\/#primaryimage"},"image":{"@id":"https:\/\/alprofitconsult.al\/en\/tatime\/individ\/kategorite\/fermere\/#primaryimage"},"thumbnailUrl":"https:\/\/alprofitconsult.al\/wp-content\/uploads\/2022\/10\/AlProfit-Consult-Fermeret.jpg","datePublished":"2022-10-07T20:14:07+00:00","dateModified":"2024-11-29T21:02:09+00:00","breadcrumb":{"@id":"https:\/\/alprofitconsult.al\/en\/tatime\/individ\/kategorite\/fermere\/#breadcrumb"},"inLanguage":"it-IT","potentialAction":[{"@type":"ReadAction","target":["https:\/\/alprofitconsult.al\/en\/tatime\/individ\/kategorite\/fermere\/"]}]},{"@type":"ImageObject","inLanguage":"it-IT","@id":"https:\/\/alprofitconsult.al\/en\/tatime\/individ\/kategorite\/fermere\/#primaryimage","url":"https:\/\/alprofitconsult.al\/wp-content\/uploads\/2022\/10\/AlProfit-Consult-Fermeret.jpg","contentUrl":"https:\/\/alprofitconsult.al\/wp-content\/uploads\/2022\/10\/AlProfit-Consult-Fermeret.jpg","width":1920,"height":1348},{"@type":"BreadcrumbList","@id":"https:\/\/alprofitconsult.al\/en\/tatime\/individ\/kategorite\/fermere\/#breadcrumb","itemListElement":[{"@type":"ListItem","position":1,"name":"Kryefaqe","item":"https:\/\/alprofitconsult.al\/"},{"@type":"ListItem","position":2,"name":"Legjislacioni tatimor","item":"https:\/\/alprofitconsult.al\/en\/tatime\/"},{"@type":"ListItem","position":3,"name":"Individ","item":"https:\/\/alprofitconsult.al\/en\/tatime\/individ\/"},{"@type":"ListItem","position":4,"name":"Kategorit\u00eb","item":"https:\/\/alprofitconsult.al\/en\/tatime\/individ\/kategorite\/"},{"@type":"ListItem","position":5,"name":"Fermer\u00eb"}]},{"@type":"WebSite","@id":"https:\/\/alprofitconsult.al\/#website","url":"https:\/\/alprofitconsult.al\/","name":"AlProfit Consult","description":"Ufficio contabilit\u00e0","publisher":{"@id":"https:\/\/alprofitconsult.al\/#organization"},"potentialAction":[{"@type":"SearchAction","target":{"@type":"EntryPoint","urlTemplate":"https:\/\/alprofitconsult.al\/?s={search_term_string}"},"query-input":{"@type":"PropertyValueSpecification","valueRequired":true,"valueName":"search_term_string"}}],"inLanguage":"it-IT"},{"@type":["Organization","Place"],"@id":"https:\/\/alprofitconsult.al\/#organization","name":"Alprofit Consult","url":"https:\/\/alprofitconsult.al\/","logo":{"@id":"https:\/\/alprofitconsult.al\/en\/tatime\/individ\/kategorite\/fermere\/#local-main-organization-logo"},"image":{"@id":"https:\/\/alprofitconsult.al\/en\/tatime\/individ\/kategorite\/fermere\/#local-main-organization-logo"},"sameAs":["https:\/\/www.facebook.com\/AlProfitConsult\/","https:\/\/x.com\/AlProfitConsult","https:\/\/www.linkedin.com\/company\/andi-haxhillari\/","https:\/\/www.pinterest.com\/AlProfitConsult\/","https:\/\/www.youtube.com\/channel\/UCZ5Gfntn161Nla3g1XdRldA","https:\/\/sq.wikipedia.org\/wiki\/P\u00ebrdoruesi:Andi25~sqwiki"],"telephone":[],"openingHoursSpecification":[{"@type":"OpeningHoursSpecification","dayOfWeek":["Monday","Tuesday","Wednesday","Thursday","Friday","Saturday","Sunday"],"opens":"09:00","closes":"17:00"}]},{"@type":"ImageObject","inLanguage":"it-IT","@id":"https:\/\/alprofitconsult.al\/en\/tatime\/individ\/kategorite\/fermere\/#local-main-organization-logo","url":"https:\/\/alprofitconsult.al\/wp-content\/uploads\/2022\/10\/logoalprofit.png","contentUrl":"https:\/\/alprofitconsult.al\/wp-content\/uploads\/2022\/10\/logoalprofit.png","width":529,"height":156,"caption":"Alprofit Consult"}]}},"_links":{"self":[{"href":"https:\/\/alprofitconsult.al\/it\/wp-json\/wp\/v2\/pages\/15078","targetHints":{"allow":["GET"]}}],"collection":[{"href":"https:\/\/alprofitconsult.al\/it\/wp-json\/wp\/v2\/pages"}],"about":[{"href":"https:\/\/alprofitconsult.al\/it\/wp-json\/wp\/v2\/types\/page"}],"author":[{"embeddable":true,"href":"https:\/\/alprofitconsult.al\/it\/wp-json\/wp\/v2\/users\/1"}],"replies":[{"embeddable":true,"href":"https:\/\/alprofitconsult.al\/it\/wp-json\/wp\/v2\/comments?post=15078"}],"version-history":[{"count":5,"href":"https:\/\/alprofitconsult.al\/it\/wp-json\/wp\/v2\/pages\/15078\/revisions"}],"predecessor-version":[{"id":19656,"href":"https:\/\/alprofitconsult.al\/it\/wp-json\/wp\/v2\/pages\/15078\/revisions\/19656"}],"up":[{"embeddable":true,"href":"https:\/\/alprofitconsult.al\/it\/wp-json\/wp\/v2\/pages\/15067"}],"wp:featuredmedia":[{"embeddable":true,"href":"https:\/\/alprofitconsult.al\/it\/wp-json\/wp\/v2\/media\/15425"}],"wp:attachment":[{"href":"https:\/\/alprofitconsult.al\/it\/wp-json\/wp\/v2\/media?parent=15078"}],"curies":[{"name":"WordPress","href":"https:\/\/api.w.org\/{rel}","templated":true}]}}