{"id":15444,"date":"2022-10-08T18:35:42","date_gmt":"2022-10-08T18:35:42","guid":{"rendered":"https:\/\/alprofitconsult.al\/?page_id=15444"},"modified":"2024-11-29T21:07:13","modified_gmt":"2024-11-29T21:07:13","slug":"korigjimi-i-deklarates","status":"publish","type":"page","link":"https:\/\/alprofitconsult.al\/it\/tatime\/individ\/deklarimi-dhe-pagesa\/korigjimi-i-deklarates\/","title":{"rendered":"Korrigjimi i deklarat\u00ebs p\u00ebr individ\u00ebt"},"content":{"rendered":"<div class=\"yoast-breadcrumbs\"><span><span><a href=\"https:\/\/alprofitconsult.al\/it\/\">Home page<\/a><\/span> | <span><a href=\"https:\/\/alprofitconsult.al\/en\/tatime\/\">Normativa fiscale<\/a><\/span> | <span><a href=\"https:\/\/alprofitconsult.al\/en\/tatime\/individ\/\">individuale<\/a><\/span> | <span><a href=\"https:\/\/alprofitconsult.al\/en\/tatime\/individ\/deklarimi-dhe-pagesa\/\">Deklarimi dhe pagesa per individ\u00ebt<\/a><\/span> | <span class=\"breadcrumb_last\" aria-current=\"page\">Korrigjimi i deklarat\u00ebs p\u00ebr individ\u00ebt<\/span><\/span><\/div>\n\n\n<p><\/p>\n\n\n\n<figure class=\"wp-block-image size-large\"><img loading=\"lazy\" decoding=\"async\" width=\"1024\" height=\"683\" src=\"https:\/\/alprofitconsult.al\/wp-content\/uploads\/2022\/10\/AlProfit-Consult-Korrigjimi-i-deklarates-per-individet-1024x683.jpg\" alt=\"\" class=\"wp-image-15742\" srcset=\"https:\/\/alprofitconsult.al\/wp-content\/uploads\/2022\/10\/AlProfit-Consult-Korrigjimi-i-deklarates-per-individet-1024x683.jpg 1024w, https:\/\/alprofitconsult.al\/wp-content\/uploads\/2022\/10\/AlProfit-Consult-Korrigjimi-i-deklarates-per-individet-300x200.jpg 300w, https:\/\/alprofitconsult.al\/wp-content\/uploads\/2022\/10\/AlProfit-Consult-Korrigjimi-i-deklarates-per-individet-150x100.jpg 150w, https:\/\/alprofitconsult.al\/wp-content\/uploads\/2022\/10\/AlProfit-Consult-Korrigjimi-i-deklarates-per-individet-768x512.jpg 768w, https:\/\/alprofitconsult.al\/wp-content\/uploads\/2022\/10\/AlProfit-Consult-Korrigjimi-i-deklarates-per-individet-1536x1024.jpg 1536w, https:\/\/alprofitconsult.al\/wp-content\/uploads\/2022\/10\/AlProfit-Consult-Korrigjimi-i-deklarates-per-individet.jpg 1920w\" sizes=\"auto, (max-width: 1024px) 100vw, 1024px\" \/><\/figure>\n\n\n\n<figure class=\"wp-block-pullquote\"><blockquote><p><br><em>Informacioni i m\u00ebposht\u00ebm \u00ebsht\u00eb i vlefsh\u00ebm dhe zbatohet deri m\u00eb 31 dhjetor 2023, me hyrjen n\u00eb fuqi t\u00eb Ligjit t\u00eb ri Nr. <\/em><a href=\"https:\/\/alprofitconsult.al\/wp-content\/uploads\/2023\/11\/LIGJ-NR.-29-2023-PER-TATIMIN-MBI-TE-ARDHURAT-4.pdf\" target=\"_blank\" rel=\"noreferrer noopener\">29\/2023<\/a><em> p\u00ebr Tatimin mbi t\u00eb Ardhurat. Shfletoni faqen ton\u00eb p\u00ebr m\u00eb shum\u00eb detaje dhe informacione t\u00eb p\u00ebrdit\u00ebsuara <\/em><a href=\"https:\/\/alprofitconsult.al\/it\/tasse\/\" target=\"_blank\" rel=\"noreferrer noopener\">https:\/\/alprofitconsult.al\/tatime\/<\/a><\/p><\/blockquote><\/figure>\n\n\n\n<p>Individi deklarues, n\u00eb rast se konstaton gabime materiale t\u00eb b\u00ebra nga ai vet\u00eb gjat\u00eb plot\u00ebsimit t\u00eb deklarat\u00ebs, mund t\u00eb korrigjoj\u00eb deklarat\u00ebn, duke plot\u00ebsuar nj\u00eb deklarat\u00eb t\u00eb re, duke vendosur shenj\u00ebn \u201cX\u201d n\u00eb kutin\u00eb p\u00ebrkat\u00ebse (deklarat\u00eb korrigjuese), brenda tre muajve nga data e dor\u00ebzimit t\u00eb deklarat\u00ebs s\u00eb par\u00eb.<\/p>\n\n\n\n<p>Brenda k\u00ebtij afati, individi ka t\u00eb drejt\u00eb t\u00eb b\u00ebj\u00eb korrigjimin e deklarat\u00ebs deri n\u00eb dy her\u00eb, pa u penalizuar.<\/p>\n\n\n\n<blockquote class=\"wp-block-quote is-layout-flow wp-block-quote-is-layout-flow\">\n<p>Kujdes<br>N\u00ebse brenda k\u00ebtij afati tremujor, ndryshon p\u00ebr her\u00eb t\u00eb tret\u00eb, ndaj tij aplikohen penalitete.<\/p>\n<\/blockquote>\n\n\n\n<p>N\u00eb rast s\u00eb gjat\u00eb kontrollit rezulton se tatimpaguesi, ka t\u00eb ardhura t\u00eb padeklaruara n\u00eb deklarat\u00eb, dokumente t\u00eb rreme ose t\u00eb pasakta, ndaj tatimpaguesit aplikohen penalitetet e p\u00ebrcaktuara n\u00eb ligjin p\u00ebr procedurat tatimore.<\/p>\n\n\n\n<p>Fonte: <a href=\"https:\/\/www.tatime.gov.al\/c\/3\/10\/29\/korigjimi-i-deklarates\" target=\"_blank\" rel=\"noreferrer noopener\">Direzione Generale delle Imposte.<\/a><\/p>\n\n\n<div class=\"gdlr-core-widget-box-shortcode\" style=\"color: #ffffff ;background-color: #000014 ;\"  ><h3 class=\"gdlr-core-widget-box-shortcode-title\" style=\"color: #ffffff ;\"  >Hai qualche domanda?<\/h3><div class=\"gdlr-core-widget-box-shortcode-content\" ><p class=\"translation-block\">Non esitare a <a href=\"https:\/\/alprofitconsult.al\/it\/contatti\/\" target=\"_self\">contattarci. Siamo un team di esperti e saremo lieti di parlare con te.<\/p>\n<\/div><\/div>","protected":false},"excerpt":{"rendered":"<p>Informacioni i m\u00ebposht\u00ebm \u00ebsht\u00eb i vlefsh\u00ebm dhe zbatohet deri m\u00eb 31 dhjetor 2023, me hyrjen n\u00eb fuqi t\u00eb Ligjit t\u00eb ri Nr. 29\/2023 p\u00ebr Tatimin mbi t\u00eb Ardhurat. Shfletoni faqen ton\u00eb p\u00ebr m\u00eb shum\u00eb detaje dhe informacione t\u00eb p\u00ebrdit\u00ebsuara https:\/\/alprofitconsult.al\/tatime\/ Individi deklarues, n\u00eb rast se konstaton gabime materiale t\u00eb b\u00ebra nga ai vet\u00eb gjat\u00eb plot\u00ebsimit [&hellip;]<\/p>\n","protected":false},"author":1,"featured_media":15742,"parent":15440,"menu_order":0,"comment_status":"closed","ping_status":"closed","template":"","meta":{"footnotes":""},"class_list":["post-15444","page","type-page","status-publish","has-post-thumbnail","hentry"],"yoast_head":"<!-- This site is optimized with the Yoast SEO plugin v26.5 - https:\/\/yoast.com\/wordpress\/plugins\/seo\/ -->\n<title>Korrigjimi i deklarat\u00ebs p\u00ebr individ\u00ebt - AlProfit Consult<\/title>\n<meta name=\"robots\" content=\"index, follow, max-snippet:-1, max-image-preview:large, max-video-preview:-1\" \/>\n<link rel=\"canonical\" href=\"https:\/\/alprofitconsult.al\/it\/tasse\/individ\/deklarimi-dhe-pagesa\/korigjimi-i-deklarates\/\" \/>\n<meta property=\"og:locale\" content=\"it_IT\" \/>\n<meta property=\"og:type\" content=\"article\" \/>\n<meta property=\"og:title\" content=\"Korrigjimi i deklarat\u00ebs p\u00ebr individ\u00ebt - AlProfit Consult\" \/>\n<meta property=\"og:description\" content=\"Informacioni i m\u00ebposht\u00ebm \u00ebsht\u00eb i vlefsh\u00ebm dhe zbatohet deri m\u00eb 31 dhjetor 2023, me hyrjen n\u00eb fuqi t\u00eb Ligjit t\u00eb ri Nr. 29\/2023 p\u00ebr Tatimin mbi t\u00eb Ardhurat. Shfletoni faqen ton\u00eb p\u00ebr m\u00eb shum\u00eb detaje dhe informacione t\u00eb p\u00ebrdit\u00ebsuara https:\/\/alprofitconsult.al\/tatime\/ Individi deklarues, n\u00eb rast se konstaton gabime materiale t\u00eb b\u00ebra nga ai vet\u00eb gjat\u00eb plot\u00ebsimit [&hellip;]\" \/>\n<meta property=\"og:url\" content=\"https:\/\/alprofitconsult.al\/it\/tasse\/individ\/deklarimi-dhe-pagesa\/korigjimi-i-deklarates\/\" \/>\n<meta property=\"og:site_name\" content=\"AlProfit Consult\" \/>\n<meta property=\"article:publisher\" content=\"https:\/\/www.facebook.com\/AlProfitConsult\/\" \/>\n<meta property=\"article:modified_time\" content=\"2024-11-29T21:07:13+00:00\" \/>\n<meta property=\"og:image\" content=\"https:\/\/alprofitconsult.al\/wp-content\/uploads\/2022\/10\/AlProfit-Consult-Korrigjimi-i-deklarates-per-individet.jpg\" \/>\n\t<meta property=\"og:image:width\" content=\"1920\" \/>\n\t<meta property=\"og:image:height\" content=\"1280\" \/>\n\t<meta property=\"og:image:type\" content=\"image\/jpeg\" \/>\n<meta name=\"twitter:card\" content=\"summary_large_image\" \/>\n<meta name=\"twitter:site\" content=\"@AlProfitConsult\" \/>\n<meta name=\"twitter:label1\" content=\"Tempo di lettura stimato\" \/>\n\t<meta name=\"twitter:data1\" content=\"1 minuto\" \/>\n<script type=\"application\/ld+json\" class=\"yoast-schema-graph\">{\"@context\":\"https:\/\/schema.org\",\"@graph\":[{\"@type\":\"WebPage\",\"@id\":\"https:\/\/alprofitconsult.al\/en\/tatime\/individ\/deklarimi-dhe-pagesa\/korigjimi-i-deklarates\/\",\"url\":\"https:\/\/alprofitconsult.al\/en\/tatime\/individ\/deklarimi-dhe-pagesa\/korigjimi-i-deklarates\/\",\"name\":\"Korrigjimi i deklarat\u00ebs p\u00ebr individ\u00ebt - AlProfit Consult\",\"isPartOf\":{\"@id\":\"https:\/\/alprofitconsult.al\/#website\"},\"primaryImageOfPage\":{\"@id\":\"https:\/\/alprofitconsult.al\/en\/tatime\/individ\/deklarimi-dhe-pagesa\/korigjimi-i-deklarates\/#primaryimage\"},\"image\":{\"@id\":\"https:\/\/alprofitconsult.al\/en\/tatime\/individ\/deklarimi-dhe-pagesa\/korigjimi-i-deklarates\/#primaryimage\"},\"thumbnailUrl\":\"https:\/\/alprofitconsult.al\/wp-content\/uploads\/2022\/10\/AlProfit-Consult-Korrigjimi-i-deklarates-per-individet.jpg\",\"datePublished\":\"2022-10-08T18:35:42+00:00\",\"dateModified\":\"2024-11-29T21:07:13+00:00\",\"breadcrumb\":{\"@id\":\"https:\/\/alprofitconsult.al\/en\/tatime\/individ\/deklarimi-dhe-pagesa\/korigjimi-i-deklarates\/#breadcrumb\"},\"inLanguage\":\"it-IT\",\"potentialAction\":[{\"@type\":\"ReadAction\",\"target\":[\"https:\/\/alprofitconsult.al\/en\/tatime\/individ\/deklarimi-dhe-pagesa\/korigjimi-i-deklarates\/\"]}]},{\"@type\":\"ImageObject\",\"inLanguage\":\"it-IT\",\"@id\":\"https:\/\/alprofitconsult.al\/en\/tatime\/individ\/deklarimi-dhe-pagesa\/korigjimi-i-deklarates\/#primaryimage\",\"url\":\"https:\/\/alprofitconsult.al\/wp-content\/uploads\/2022\/10\/AlProfit-Consult-Korrigjimi-i-deklarates-per-individet.jpg\",\"contentUrl\":\"https:\/\/alprofitconsult.al\/wp-content\/uploads\/2022\/10\/AlProfit-Consult-Korrigjimi-i-deklarates-per-individet.jpg\",\"width\":1920,\"height\":1280},{\"@type\":\"BreadcrumbList\",\"@id\":\"https:\/\/alprofitconsult.al\/en\/tatime\/individ\/deklarimi-dhe-pagesa\/korigjimi-i-deklarates\/#breadcrumb\",\"itemListElement\":[{\"@type\":\"ListItem\",\"position\":1,\"name\":\"Kryefaqe\",\"item\":\"https:\/\/alprofitconsult.al\/\"},{\"@type\":\"ListItem\",\"position\":2,\"name\":\"Legjislacioni tatimor\",\"item\":\"https:\/\/alprofitconsult.al\/en\/tatime\/\"},{\"@type\":\"ListItem\",\"position\":3,\"name\":\"Individ\",\"item\":\"https:\/\/alprofitconsult.al\/en\/tatime\/individ\/\"},{\"@type\":\"ListItem\",\"position\":4,\"name\":\"Deklarimi dhe pagesa per individ\u00ebt\",\"item\":\"https:\/\/alprofitconsult.al\/en\/tatime\/individ\/deklarimi-dhe-pagesa\/\"},{\"@type\":\"ListItem\",\"position\":5,\"name\":\"Korrigjimi i deklarat\u00ebs p\u00ebr individ\u00ebt\"}]},{\"@type\":\"WebSite\",\"@id\":\"https:\/\/alprofitconsult.al\/#website\",\"url\":\"https:\/\/alprofitconsult.al\/\",\"name\":\"AlProfit Consult\",\"description\":\"Zyr\u00eb Kontabiliteti\",\"publisher\":{\"@id\":\"https:\/\/alprofitconsult.al\/#organization\"},\"potentialAction\":[{\"@type\":\"SearchAction\",\"target\":{\"@type\":\"EntryPoint\",\"urlTemplate\":\"https:\/\/alprofitconsult.al\/?s={search_term_string}\"},\"query-input\":{\"@type\":\"PropertyValueSpecification\",\"valueRequired\":true,\"valueName\":\"search_term_string\"}}],\"inLanguage\":\"it-IT\"},{\"@type\":\"Organization\",\"@id\":\"https:\/\/alprofitconsult.al\/#organization\",\"name\":\"Alprofit Consult\",\"url\":\"https:\/\/alprofitconsult.al\/\",\"logo\":{\"@type\":\"ImageObject\",\"inLanguage\":\"it-IT\",\"@id\":\"https:\/\/alprofitconsult.al\/#\/schema\/logo\/image\/\",\"url\":\"https:\/\/alprofitconsult.al\/wp-content\/uploads\/2022\/10\/logoalprofit.png\",\"contentUrl\":\"https:\/\/alprofitconsult.al\/wp-content\/uploads\/2022\/10\/logoalprofit.png\",\"width\":529,\"height\":156,\"caption\":\"Alprofit Consult\"},\"image\":{\"@id\":\"https:\/\/alprofitconsult.al\/#\/schema\/logo\/image\/\"},\"sameAs\":[\"https:\/\/www.facebook.com\/AlProfitConsult\/\",\"https:\/\/x.com\/AlProfitConsult\",\"https:\/\/www.linkedin.com\/company\/andi-haxhillari\/\",\"https:\/\/www.pinterest.com\/AlProfitConsult\/\",\"https:\/\/www.youtube.com\/channel\/UCZ5Gfntn161Nla3g1XdRldA\",\"https:\/\/sq.wikipedia.org\/wiki\/P\u00ebrdoruesi:Andi25~sqwiki\"]}]}<\/script>\n<!-- \/ Yoast SEO plugin. -->","yoast_head_json":{"title":"Korrigjimi i deklarat\u00ebs p\u00ebr individ\u00ebt - AlProfit Consult","robots":{"index":"index","follow":"follow","max-snippet":"max-snippet:-1","max-image-preview":"max-image-preview:large","max-video-preview":"max-video-preview:-1"},"canonical":"https:\/\/alprofitconsult.al\/it\/tasse\/individ\/deklarimi-dhe-pagesa\/korigjimi-i-deklarates\/","og_locale":"it_IT","og_type":"article","og_title":"Korrigjimi i deklarat\u00ebs p\u00ebr individ\u00ebt - AlProfit Consult","og_description":"Informacioni i m\u00ebposht\u00ebm \u00ebsht\u00eb i vlefsh\u00ebm dhe zbatohet deri m\u00eb 31 dhjetor 2023, me hyrjen n\u00eb fuqi t\u00eb Ligjit t\u00eb ri Nr. 29\/2023 p\u00ebr Tatimin mbi t\u00eb Ardhurat. Shfletoni faqen ton\u00eb p\u00ebr m\u00eb shum\u00eb detaje dhe informacione t\u00eb p\u00ebrdit\u00ebsuara https:\/\/alprofitconsult.al\/tatime\/ Individi deklarues, n\u00eb rast se konstaton gabime materiale t\u00eb b\u00ebra nga ai vet\u00eb gjat\u00eb plot\u00ebsimit [&hellip;]","og_url":"https:\/\/alprofitconsult.al\/it\/tasse\/individ\/deklarimi-dhe-pagesa\/korigjimi-i-deklarates\/","og_site_name":"AlProfit Consult","article_publisher":"https:\/\/www.facebook.com\/AlProfitConsult\/","article_modified_time":"2024-11-29T21:07:13+00:00","og_image":[{"width":1920,"height":1280,"url":"https:\/\/alprofitconsult.al\/wp-content\/uploads\/2022\/10\/AlProfit-Consult-Korrigjimi-i-deklarates-per-individet.jpg","type":"image\/jpeg"}],"twitter_card":"summary_large_image","twitter_site":"@AlProfitConsult","twitter_misc":{"Tempo di lettura stimato":"1 minuto"},"schema":{"@context":"https:\/\/schema.org","@graph":[{"@type":"WebPage","@id":"https:\/\/alprofitconsult.al\/en\/tatime\/individ\/deklarimi-dhe-pagesa\/korigjimi-i-deklarates\/","url":"https:\/\/alprofitconsult.al\/en\/tatime\/individ\/deklarimi-dhe-pagesa\/korigjimi-i-deklarates\/","name":"Korrigjimi i deklarat\u00ebs p\u00ebr individ\u00ebt - AlProfit Consult","isPartOf":{"@id":"https:\/\/alprofitconsult.al\/#website"},"primaryImageOfPage":{"@id":"https:\/\/alprofitconsult.al\/en\/tatime\/individ\/deklarimi-dhe-pagesa\/korigjimi-i-deklarates\/#primaryimage"},"image":{"@id":"https:\/\/alprofitconsult.al\/en\/tatime\/individ\/deklarimi-dhe-pagesa\/korigjimi-i-deklarates\/#primaryimage"},"thumbnailUrl":"https:\/\/alprofitconsult.al\/wp-content\/uploads\/2022\/10\/AlProfit-Consult-Korrigjimi-i-deklarates-per-individet.jpg","datePublished":"2022-10-08T18:35:42+00:00","dateModified":"2024-11-29T21:07:13+00:00","breadcrumb":{"@id":"https:\/\/alprofitconsult.al\/en\/tatime\/individ\/deklarimi-dhe-pagesa\/korigjimi-i-deklarates\/#breadcrumb"},"inLanguage":"it-IT","potentialAction":[{"@type":"ReadAction","target":["https:\/\/alprofitconsult.al\/en\/tatime\/individ\/deklarimi-dhe-pagesa\/korigjimi-i-deklarates\/"]}]},{"@type":"ImageObject","inLanguage":"it-IT","@id":"https:\/\/alprofitconsult.al\/en\/tatime\/individ\/deklarimi-dhe-pagesa\/korigjimi-i-deklarates\/#primaryimage","url":"https:\/\/alprofitconsult.al\/wp-content\/uploads\/2022\/10\/AlProfit-Consult-Korrigjimi-i-deklarates-per-individet.jpg","contentUrl":"https:\/\/alprofitconsult.al\/wp-content\/uploads\/2022\/10\/AlProfit-Consult-Korrigjimi-i-deklarates-per-individet.jpg","width":1920,"height":1280},{"@type":"BreadcrumbList","@id":"https:\/\/alprofitconsult.al\/en\/tatime\/individ\/deklarimi-dhe-pagesa\/korigjimi-i-deklarates\/#breadcrumb","itemListElement":[{"@type":"ListItem","position":1,"name":"Kryefaqe","item":"https:\/\/alprofitconsult.al\/"},{"@type":"ListItem","position":2,"name":"Legjislacioni tatimor","item":"https:\/\/alprofitconsult.al\/en\/tatime\/"},{"@type":"ListItem","position":3,"name":"Individ","item":"https:\/\/alprofitconsult.al\/en\/tatime\/individ\/"},{"@type":"ListItem","position":4,"name":"Deklarimi dhe pagesa per individ\u00ebt","item":"https:\/\/alprofitconsult.al\/en\/tatime\/individ\/deklarimi-dhe-pagesa\/"},{"@type":"ListItem","position":5,"name":"Korrigjimi i deklarat\u00ebs p\u00ebr individ\u00ebt"}]},{"@type":"WebSite","@id":"https:\/\/alprofitconsult.al\/#website","url":"https:\/\/alprofitconsult.al\/","name":"AlProfit Consult","description":"Ufficio contabilit\u00e0","publisher":{"@id":"https:\/\/alprofitconsult.al\/#organization"},"potentialAction":[{"@type":"SearchAction","target":{"@type":"EntryPoint","urlTemplate":"https:\/\/alprofitconsult.al\/?s={search_term_string}"},"query-input":{"@type":"PropertyValueSpecification","valueRequired":true,"valueName":"search_term_string"}}],"inLanguage":"it-IT"},{"@type":"Organization","@id":"https:\/\/alprofitconsult.al\/#organization","name":"Alprofit Consult","url":"https:\/\/alprofitconsult.al\/","logo":{"@type":"ImageObject","inLanguage":"it-IT","@id":"https:\/\/alprofitconsult.al\/#\/schema\/logo\/image\/","url":"https:\/\/alprofitconsult.al\/wp-content\/uploads\/2022\/10\/logoalprofit.png","contentUrl":"https:\/\/alprofitconsult.al\/wp-content\/uploads\/2022\/10\/logoalprofit.png","width":529,"height":156,"caption":"Alprofit Consult"},"image":{"@id":"https:\/\/alprofitconsult.al\/#\/schema\/logo\/image\/"},"sameAs":["https:\/\/www.facebook.com\/AlProfitConsult\/","https:\/\/x.com\/AlProfitConsult","https:\/\/www.linkedin.com\/company\/andi-haxhillari\/","https:\/\/www.pinterest.com\/AlProfitConsult\/","https:\/\/www.youtube.com\/channel\/UCZ5Gfntn161Nla3g1XdRldA","https:\/\/sq.wikipedia.org\/wiki\/P\u00ebrdoruesi:Andi25~sqwiki"]}]}},"_links":{"self":[{"href":"https:\/\/alprofitconsult.al\/it\/wp-json\/wp\/v2\/pages\/15444","targetHints":{"allow":["GET"]}}],"collection":[{"href":"https:\/\/alprofitconsult.al\/it\/wp-json\/wp\/v2\/pages"}],"about":[{"href":"https:\/\/alprofitconsult.al\/it\/wp-json\/wp\/v2\/types\/page"}],"author":[{"embeddable":true,"href":"https:\/\/alprofitconsult.al\/it\/wp-json\/wp\/v2\/users\/1"}],"replies":[{"embeddable":true,"href":"https:\/\/alprofitconsult.al\/it\/wp-json\/wp\/v2\/comments?post=15444"}],"version-history":[{"count":5,"href":"https:\/\/alprofitconsult.al\/it\/wp-json\/wp\/v2\/pages\/15444\/revisions"}],"predecessor-version":[{"id":19678,"href":"https:\/\/alprofitconsult.al\/it\/wp-json\/wp\/v2\/pages\/15444\/revisions\/19678"}],"up":[{"embeddable":true,"href":"https:\/\/alprofitconsult.al\/it\/wp-json\/wp\/v2\/pages\/15440"}],"wp:featuredmedia":[{"embeddable":true,"href":"https:\/\/alprofitconsult.al\/it\/wp-json\/wp\/v2\/media\/15742"}],"wp:attachment":[{"href":"https:\/\/alprofitconsult.al\/it\/wp-json\/wp\/v2\/media?parent=15444"}],"curies":[{"name":"wp","href":"https:\/\/api.w.org\/{rel}","templated":true}]}}