{"id":15447,"date":"2022-10-08T18:35:43","date_gmt":"2022-10-08T18:35:43","guid":{"rendered":"https:\/\/alprofitconsult.al\/?page_id=15447"},"modified":"2022-10-22T11:10:42","modified_gmt":"2022-10-22T11:10:42","slug":"kalendari-tatimor-per-individet","status":"publish","type":"page","link":"https:\/\/alprofitconsult.al\/it\/tatime\/individ\/kalendari-tatimor-per-individet\/","title":{"rendered":"Kalendari tatimor per individ\u00ebt"},"content":{"rendered":"<div class=\"yoast-breadcrumbs\"><span><span><a href=\"https:\/\/alprofitconsult.al\/it\/\">Home page<\/a><\/span> | <span><a href=\"https:\/\/alprofitconsult.al\/en\/tatime\/\">Normativa fiscale<\/a><\/span> | <span><a href=\"https:\/\/alprofitconsult.al\/en\/tatime\/individ\/\">individuale<\/a><\/span> | <span class=\"breadcrumb_last\" aria-current=\"page\">Kalendari tatimor per individ\u00ebt<\/span><\/span><\/div>\n\n\n<p><\/p>\n\n\n\n<figure class=\"wp-block-image size-large\"><img loading=\"lazy\" decoding=\"async\" width=\"1024\" height=\"678\" src=\"https:\/\/alprofitconsult.al\/wp-content\/uploads\/2022\/10\/AlProfit-Consult-Kalendari-tatimor-per-individet-1024x678.jpg\" alt=\"\" class=\"wp-image-15772\" srcset=\"https:\/\/alprofitconsult.al\/wp-content\/uploads\/2022\/10\/AlProfit-Consult-Kalendari-tatimor-per-individet-1024x678.jpg 1024w, https:\/\/alprofitconsult.al\/wp-content\/uploads\/2022\/10\/AlProfit-Consult-Kalendari-tatimor-per-individet-300x199.jpg 300w, https:\/\/alprofitconsult.al\/wp-content\/uploads\/2022\/10\/AlProfit-Consult-Kalendari-tatimor-per-individet-150x99.jpg 150w, https:\/\/alprofitconsult.al\/wp-content\/uploads\/2022\/10\/AlProfit-Consult-Kalendari-tatimor-per-individet-768x509.jpg 768w, https:\/\/alprofitconsult.al\/wp-content\/uploads\/2022\/10\/AlProfit-Consult-Kalendari-tatimor-per-individet-1536x1018.jpg 1536w, https:\/\/alprofitconsult.al\/wp-content\/uploads\/2022\/10\/AlProfit-Consult-Kalendari-tatimor-per-individet.jpg 1920w\" sizes=\"auto, (max-width: 1024px) 100vw, 1024px\" \/><\/figure>\n\n\n\n<figure class=\"wp-block-table is-style-regular\"><table class=\"has-subtle-light-gray-background-color has-fixed-layout has-background\"><thead><tr><th>Deklarata dhe Pagesa<\/th><th>Scadenza<\/th><\/tr><\/thead><tbody><tr><td>Deklarata Individuale Vjetore e t\u00eb Ardhurave&nbsp; p\u00ebr individ\u00ebt&nbsp; rezident dhe individ\u00ebt jorezident.&nbsp;<\/td><td>30 Prill i vitit pasardh\u00ebs<\/td><\/tr><tr><td>Pagesa e tatimit nga Individ\u00ebt rezident dhe jorezident.<\/td><td>30 Prill i vitit pasardh\u00ebs<\/td><\/tr><tr><td>Deklarata p\u00ebr t\u00eb ardhurat e realizuara nga individi,n\u00eb kushtet kur paguesi i shum\u00ebs, nuk mund t\u00eb mbaj\u00eb tatimin n\u00eb burim.<\/td><td>Brenda dat\u00ebs 20 t\u00eb muajit q\u00eb pason muajin n\u00eb t\u00eb cilin \u00ebsht\u00eb kryer pagesa.&nbsp;<\/td><\/tr><tr><td>Deklarata&nbsp; dhe Pagesa e kontributeve t\u00eb pun\u00ebtorit t\u00eb sht\u00ebpis\u00eb, nga Kryefamiljari.<\/td><td>Deri dat\u00ebn 20 t\u00eb muajit t\u00eb par\u00eb pas p\u00ebrfundimit t\u00eb \u00e7do tremujori t\u00eb vitit kalendarik: 20&nbsp; Prill,&nbsp;20 Korrik,&nbsp;20&nbsp; Tetor, 20 Janar<\/td><\/tr><tr><td>Deklarata dhe Pagesa e Kontributeve nga Ambulant\u00ebt.<\/td><td>Deri dat\u00ebn 20 t\u00eb muajit t\u00eb par\u00eb pas p\u00ebrfundimit t\u00eb \u00e7do tremujori t\u00eb vitit kalendarik: 20&nbsp; Prill,&nbsp;20 Korrik,&nbsp;20&nbsp; Tetor, 20 Janar<\/td><\/tr><tr><td>K\u00ebrkesa e individit&nbsp; p\u00ebr kthim t\u00eb shum\u00ebs s\u00eb paguar tep\u00ebr.&nbsp;<\/td><td>Brenda 30 dit\u00ebve nga data e dor\u00ebzimit t\u00eb deklarat\u00ebs individuale vjetore t\u00eb t\u00eb ardhurave<\/td><\/tr><tr><td>Kthimi i shumave t\u00eb t\u00eb p\u00ebrfituara nga skema e shpenzimeve t\u00eb zbritshme.<\/td><td>Deri n\u00eb dat\u00ebn 30 shtator, t\u00eb vitit q\u00eb pason periudh\u00ebn tatimore t\u00eb deklarat\u00ebs.<\/td><\/tr><\/tbody><\/table><\/figure>\n\n\n\n<p>Fonte: <a href=\"https:\/\/www.tatime.gov.al\/c\/3\/20\/kalendari-tatimor\" target=\"_blank\" rel=\"noreferrer noopener\">Drejtoria e P\u00ebrgjithshme e Tatimeve.<\/a><\/p>\n\n\n<div class=\"gdlr-core-widget-box-shortcode\" style=\"color: #ffffff ;background-color: #000014 ;\"  ><h3 class=\"gdlr-core-widget-box-shortcode-title\" style=\"color: #ffffff ;\"  >Hai qualche domanda?<\/h3><div class=\"gdlr-core-widget-box-shortcode-content\" ><p class=\"translation-block\">Non esitare a <a href=\"https:\/\/alprofitconsult.al\/it\/contact\/\" target=\"_self\">contattarci. Siamo un team di esperti e saremo lieti di parlare con te.<\/p>\n<\/div><\/div>","protected":false},"excerpt":{"rendered":"<p>Deklarata dhe Pagesa Afati Deklarata Individuale Vjetore e t\u00eb Ardhurave&nbsp; p\u00ebr individ\u00ebt&nbsp; rezident dhe individ\u00ebt jorezident.&nbsp; 30 Prill i vitit pasardh\u00ebs Pagesa e tatimit nga Individ\u00ebt rezident dhe jorezident. 30 Prill i vitit pasardh\u00ebs Deklarata p\u00ebr t\u00eb ardhurat e realizuara nga individi,n\u00eb kushtet kur paguesi i shum\u00ebs, nuk mund t\u00eb mbaj\u00eb tatimin n\u00eb burim. Brenda [&hellip;]<\/p>\n","protected":false},"author":1,"featured_media":15772,"parent":15065,"menu_order":0,"comment_status":"closed","ping_status":"closed","template":"","meta":{"footnotes":""},"class_list":["post-15447","page","type-page","status-publish","has-post-thumbnail","hentry"],"yoast_head":"<!-- This site is optimized with the Yoast SEO plugin v26.5 - https:\/\/yoast.com\/wordpress\/plugins\/seo\/ -->\n<title>Kalendari tatimor per individ\u00ebt - AlProfit Consult<\/title>\n<meta name=\"robots\" content=\"index, follow, max-snippet:-1, max-image-preview:large, max-video-preview:-1\" \/>\n<link rel=\"canonical\" href=\"https:\/\/alprofitconsult.al\/it\/tasse\/individ\/kalendari-tatimor-per-individet\/\" \/>\n<meta property=\"og:locale\" content=\"it_IT\" \/>\n<meta property=\"og:type\" content=\"article\" \/>\n<meta property=\"og:title\" content=\"Kalendari tatimor per individ\u00ebt - AlProfit Consult\" \/>\n<meta property=\"og:description\" content=\"Deklarata dhe Pagesa Afati Deklarata Individuale Vjetore e t\u00eb Ardhurave&nbsp; p\u00ebr individ\u00ebt&nbsp; rezident dhe individ\u00ebt jorezident.&nbsp; 30 Prill i vitit pasardh\u00ebs Pagesa e tatimit nga Individ\u00ebt rezident dhe jorezident. 30 Prill i vitit pasardh\u00ebs Deklarata p\u00ebr t\u00eb ardhurat e realizuara nga individi,n\u00eb kushtet kur paguesi i shum\u00ebs, nuk mund t\u00eb mbaj\u00eb tatimin n\u00eb burim. Brenda [&hellip;]\" \/>\n<meta property=\"og:url\" content=\"https:\/\/alprofitconsult.al\/it\/tasse\/individ\/kalendari-tatimor-per-individet\/\" \/>\n<meta property=\"og:site_name\" content=\"AlProfit Consult\" \/>\n<meta property=\"article:publisher\" content=\"https:\/\/www.facebook.com\/AlProfitConsult\/\" \/>\n<meta property=\"article:modified_time\" content=\"2022-10-22T11:10:42+00:00\" \/>\n<meta property=\"og:image\" content=\"https:\/\/alprofitconsult.al\/wp-content\/uploads\/2022\/10\/AlProfit-Consult-Kalendari-tatimor-per-individet.jpg\" \/>\n\t<meta property=\"og:image:width\" content=\"1920\" \/>\n\t<meta property=\"og:image:height\" content=\"1272\" \/>\n\t<meta property=\"og:image:type\" content=\"image\/jpeg\" \/>\n<meta name=\"twitter:card\" content=\"summary_large_image\" \/>\n<meta name=\"twitter:site\" content=\"@AlProfitConsult\" \/>\n<meta name=\"twitter:label1\" content=\"Tempo di lettura stimato\" \/>\n\t<meta name=\"twitter:data1\" content=\"2 minuti\" \/>\n<script type=\"application\/ld+json\" class=\"yoast-schema-graph\">{\"@context\":\"https:\/\/schema.org\",\"@graph\":[{\"@type\":\"WebPage\",\"@id\":\"https:\/\/alprofitconsult.al\/en\/tatime\/individ\/kalendari-tatimor-per-individet\/\",\"url\":\"https:\/\/alprofitconsult.al\/en\/tatime\/individ\/kalendari-tatimor-per-individet\/\",\"name\":\"Kalendari tatimor per individ\u00ebt - AlProfit Consult\",\"isPartOf\":{\"@id\":\"https:\/\/alprofitconsult.al\/#website\"},\"primaryImageOfPage\":{\"@id\":\"https:\/\/alprofitconsult.al\/en\/tatime\/individ\/kalendari-tatimor-per-individet\/#primaryimage\"},\"image\":{\"@id\":\"https:\/\/alprofitconsult.al\/en\/tatime\/individ\/kalendari-tatimor-per-individet\/#primaryimage\"},\"thumbnailUrl\":\"https:\/\/alprofitconsult.al\/wp-content\/uploads\/2022\/10\/AlProfit-Consult-Kalendari-tatimor-per-individet.jpg\",\"datePublished\":\"2022-10-08T18:35:43+00:00\",\"dateModified\":\"2022-10-22T11:10:42+00:00\",\"breadcrumb\":{\"@id\":\"https:\/\/alprofitconsult.al\/en\/tatime\/individ\/kalendari-tatimor-per-individet\/#breadcrumb\"},\"inLanguage\":\"it-IT\",\"potentialAction\":[{\"@type\":\"ReadAction\",\"target\":[\"https:\/\/alprofitconsult.al\/en\/tatime\/individ\/kalendari-tatimor-per-individet\/\"]}]},{\"@type\":\"ImageObject\",\"inLanguage\":\"it-IT\",\"@id\":\"https:\/\/alprofitconsult.al\/en\/tatime\/individ\/kalendari-tatimor-per-individet\/#primaryimage\",\"url\":\"https:\/\/alprofitconsult.al\/wp-content\/uploads\/2022\/10\/AlProfit-Consult-Kalendari-tatimor-per-individet.jpg\",\"contentUrl\":\"https:\/\/alprofitconsult.al\/wp-content\/uploads\/2022\/10\/AlProfit-Consult-Kalendari-tatimor-per-individet.jpg\",\"width\":1920,\"height\":1272},{\"@type\":\"BreadcrumbList\",\"@id\":\"https:\/\/alprofitconsult.al\/en\/tatime\/individ\/kalendari-tatimor-per-individet\/#breadcrumb\",\"itemListElement\":[{\"@type\":\"ListItem\",\"position\":1,\"name\":\"Kryefaqe\",\"item\":\"https:\/\/alprofitconsult.al\/\"},{\"@type\":\"ListItem\",\"position\":2,\"name\":\"Legjislacioni tatimor\",\"item\":\"https:\/\/alprofitconsult.al\/en\/tatime\/\"},{\"@type\":\"ListItem\",\"position\":3,\"name\":\"Individ\",\"item\":\"https:\/\/alprofitconsult.al\/en\/tatime\/individ\/\"},{\"@type\":\"ListItem\",\"position\":4,\"name\":\"Kalendari tatimor per individ\u00ebt\"}]},{\"@type\":\"WebSite\",\"@id\":\"https:\/\/alprofitconsult.al\/#website\",\"url\":\"https:\/\/alprofitconsult.al\/\",\"name\":\"AlProfit Consult\",\"description\":\"Zyr\u00eb Kontabiliteti\",\"publisher\":{\"@id\":\"https:\/\/alprofitconsult.al\/#organization\"},\"potentialAction\":[{\"@type\":\"SearchAction\",\"target\":{\"@type\":\"EntryPoint\",\"urlTemplate\":\"https:\/\/alprofitconsult.al\/?s={search_term_string}\"},\"query-input\":{\"@type\":\"PropertyValueSpecification\",\"valueRequired\":true,\"valueName\":\"search_term_string\"}}],\"inLanguage\":\"it-IT\"},{\"@type\":\"Organization\",\"@id\":\"https:\/\/alprofitconsult.al\/#organization\",\"name\":\"Alprofit Consult\",\"url\":\"https:\/\/alprofitconsult.al\/\",\"logo\":{\"@type\":\"ImageObject\",\"inLanguage\":\"it-IT\",\"@id\":\"https:\/\/alprofitconsult.al\/#\/schema\/logo\/image\/\",\"url\":\"https:\/\/alprofitconsult.al\/wp-content\/uploads\/2022\/10\/logoalprofit.png\",\"contentUrl\":\"https:\/\/alprofitconsult.al\/wp-content\/uploads\/2022\/10\/logoalprofit.png\",\"width\":529,\"height\":156,\"caption\":\"Alprofit Consult\"},\"image\":{\"@id\":\"https:\/\/alprofitconsult.al\/#\/schema\/logo\/image\/\"},\"sameAs\":[\"https:\/\/www.facebook.com\/AlProfitConsult\/\",\"https:\/\/x.com\/AlProfitConsult\",\"https:\/\/www.linkedin.com\/company\/andi-haxhillari\/\",\"https:\/\/www.pinterest.com\/AlProfitConsult\/\",\"https:\/\/www.youtube.com\/channel\/UCZ5Gfntn161Nla3g1XdRldA\",\"https:\/\/sq.wikipedia.org\/wiki\/P\u00ebrdoruesi:Andi25~sqwiki\"]}]}<\/script>\n<!-- \/ Yoast SEO plugin. -->","yoast_head_json":{"title":"Kalendari tatimor per individ\u00ebt - AlProfit Consult","robots":{"index":"index","follow":"follow","max-snippet":"max-snippet:-1","max-image-preview":"max-image-preview:large","max-video-preview":"max-video-preview:-1"},"canonical":"https:\/\/alprofitconsult.al\/it\/tasse\/individ\/kalendari-tatimor-per-individet\/","og_locale":"it_IT","og_type":"article","og_title":"Kalendari tatimor per individ\u00ebt - AlProfit Consult","og_description":"Deklarata dhe Pagesa Afati Deklarata Individuale Vjetore e t\u00eb Ardhurave&nbsp; p\u00ebr individ\u00ebt&nbsp; rezident dhe individ\u00ebt jorezident.&nbsp; 30 Prill i vitit pasardh\u00ebs Pagesa e tatimit nga Individ\u00ebt rezident dhe jorezident. 30 Prill i vitit pasardh\u00ebs Deklarata p\u00ebr t\u00eb ardhurat e realizuara nga individi,n\u00eb kushtet kur paguesi i shum\u00ebs, nuk mund t\u00eb mbaj\u00eb tatimin n\u00eb burim. Brenda [&hellip;]","og_url":"https:\/\/alprofitconsult.al\/it\/tasse\/individ\/kalendari-tatimor-per-individet\/","og_site_name":"AlProfit Consult","article_publisher":"https:\/\/www.facebook.com\/AlProfitConsult\/","article_modified_time":"2022-10-22T11:10:42+00:00","og_image":[{"width":1920,"height":1272,"url":"https:\/\/alprofitconsult.al\/wp-content\/uploads\/2022\/10\/AlProfit-Consult-Kalendari-tatimor-per-individet.jpg","type":"image\/jpeg"}],"twitter_card":"summary_large_image","twitter_site":"@AlProfitConsult","twitter_misc":{"Tempo di lettura stimato":"2 minuti"},"schema":{"@context":"https:\/\/schema.org","@graph":[{"@type":"WebPage","@id":"https:\/\/alprofitconsult.al\/en\/tatime\/individ\/kalendari-tatimor-per-individet\/","url":"https:\/\/alprofitconsult.al\/en\/tatime\/individ\/kalendari-tatimor-per-individet\/","name":"Kalendari tatimor per individ\u00ebt - AlProfit Consult","isPartOf":{"@id":"https:\/\/alprofitconsult.al\/#website"},"primaryImageOfPage":{"@id":"https:\/\/alprofitconsult.al\/en\/tatime\/individ\/kalendari-tatimor-per-individet\/#primaryimage"},"image":{"@id":"https:\/\/alprofitconsult.al\/en\/tatime\/individ\/kalendari-tatimor-per-individet\/#primaryimage"},"thumbnailUrl":"https:\/\/alprofitconsult.al\/wp-content\/uploads\/2022\/10\/AlProfit-Consult-Kalendari-tatimor-per-individet.jpg","datePublished":"2022-10-08T18:35:43+00:00","dateModified":"2022-10-22T11:10:42+00:00","breadcrumb":{"@id":"https:\/\/alprofitconsult.al\/en\/tatime\/individ\/kalendari-tatimor-per-individet\/#breadcrumb"},"inLanguage":"it-IT","potentialAction":[{"@type":"ReadAction","target":["https:\/\/alprofitconsult.al\/en\/tatime\/individ\/kalendari-tatimor-per-individet\/"]}]},{"@type":"ImageObject","inLanguage":"it-IT","@id":"https:\/\/alprofitconsult.al\/en\/tatime\/individ\/kalendari-tatimor-per-individet\/#primaryimage","url":"https:\/\/alprofitconsult.al\/wp-content\/uploads\/2022\/10\/AlProfit-Consult-Kalendari-tatimor-per-individet.jpg","contentUrl":"https:\/\/alprofitconsult.al\/wp-content\/uploads\/2022\/10\/AlProfit-Consult-Kalendari-tatimor-per-individet.jpg","width":1920,"height":1272},{"@type":"BreadcrumbList","@id":"https:\/\/alprofitconsult.al\/en\/tatime\/individ\/kalendari-tatimor-per-individet\/#breadcrumb","itemListElement":[{"@type":"ListItem","position":1,"name":"Kryefaqe","item":"https:\/\/alprofitconsult.al\/"},{"@type":"ListItem","position":2,"name":"Legjislacioni tatimor","item":"https:\/\/alprofitconsult.al\/en\/tatime\/"},{"@type":"ListItem","position":3,"name":"Individ","item":"https:\/\/alprofitconsult.al\/en\/tatime\/individ\/"},{"@type":"ListItem","position":4,"name":"Kalendari tatimor per individ\u00ebt"}]},{"@type":"WebSite","@id":"https:\/\/alprofitconsult.al\/#website","url":"https:\/\/alprofitconsult.al\/","name":"AlProfit Consult","description":"Ufficio contabilit\u00e0","publisher":{"@id":"https:\/\/alprofitconsult.al\/#organization"},"potentialAction":[{"@type":"SearchAction","target":{"@type":"EntryPoint","urlTemplate":"https:\/\/alprofitconsult.al\/?s={search_term_string}"},"query-input":{"@type":"PropertyValueSpecification","valueRequired":true,"valueName":"search_term_string"}}],"inLanguage":"it-IT"},{"@type":"Organization","@id":"https:\/\/alprofitconsult.al\/#organization","name":"Alprofit Consult","url":"https:\/\/alprofitconsult.al\/","logo":{"@type":"ImageObject","inLanguage":"it-IT","@id":"https:\/\/alprofitconsult.al\/#\/schema\/logo\/image\/","url":"https:\/\/alprofitconsult.al\/wp-content\/uploads\/2022\/10\/logoalprofit.png","contentUrl":"https:\/\/alprofitconsult.al\/wp-content\/uploads\/2022\/10\/logoalprofit.png","width":529,"height":156,"caption":"Alprofit Consult"},"image":{"@id":"https:\/\/alprofitconsult.al\/#\/schema\/logo\/image\/"},"sameAs":["https:\/\/www.facebook.com\/AlProfitConsult\/","https:\/\/x.com\/AlProfitConsult","https:\/\/www.linkedin.com\/company\/andi-haxhillari\/","https:\/\/www.pinterest.com\/AlProfitConsult\/","https:\/\/www.youtube.com\/channel\/UCZ5Gfntn161Nla3g1XdRldA","https:\/\/sq.wikipedia.org\/wiki\/P\u00ebrdoruesi:Andi25~sqwiki"]}]}},"_links":{"self":[{"href":"https:\/\/alprofitconsult.al\/it\/wp-json\/wp\/v2\/pages\/15447","targetHints":{"allow":["GET"]}}],"collection":[{"href":"https:\/\/alprofitconsult.al\/it\/wp-json\/wp\/v2\/pages"}],"about":[{"href":"https:\/\/alprofitconsult.al\/it\/wp-json\/wp\/v2\/types\/page"}],"author":[{"embeddable":true,"href":"https:\/\/alprofitconsult.al\/it\/wp-json\/wp\/v2\/users\/1"}],"replies":[{"embeddable":true,"href":"https:\/\/alprofitconsult.al\/it\/wp-json\/wp\/v2\/comments?post=15447"}],"version-history":[{"count":5,"href":"https:\/\/alprofitconsult.al\/it\/wp-json\/wp\/v2\/pages\/15447\/revisions"}],"predecessor-version":[{"id":17092,"href":"https:\/\/alprofitconsult.al\/it\/wp-json\/wp\/v2\/pages\/15447\/revisions\/17092"}],"up":[{"embeddable":true,"href":"https:\/\/alprofitconsult.al\/it\/wp-json\/wp\/v2\/pages\/15065"}],"wp:featuredmedia":[{"embeddable":true,"href":"https:\/\/alprofitconsult.al\/it\/wp-json\/wp\/v2\/media\/15772"}],"wp:attachment":[{"href":"https:\/\/alprofitconsult.al\/it\/wp-json\/wp\/v2\/media?parent=15447"}],"curies":[{"name":"wp","href":"https:\/\/api.w.org\/{rel}","templated":true}]}}